{"id":20972,"date":"2022-07-08T13:30:24","date_gmt":"2022-07-08T10:30:24","guid":{"rendered":"https:\/\/www.cbh-cyprus.com\/about-us\/"},"modified":"2024-09-13T16:22:30","modified_gmt":"2024-09-13T13:22:30","slug":"about-us","status":"publish","type":"page","link":"https:\/\/www.cbh-cyprus.com\/it\/the-group\/about-us\/","title":{"rendered":"Chi siamo"},"content":{"rendered":"<h3>Profilo aziendale<\/h3>\n<p>  A Cipro la nostra pi\u00f9 grande ricchezza \u00e8 la nostra gente.<br \/>\nPersone sorridenti e amichevoli, che sono orgogliose di accogliere i visitatori della loro isola e di mostrare loro cosa significhi l&#8217;ospitalit\u00e0 tradizionale e genuina.<br \/>\nConstantinou Bros Hotels Ltd, un&#8217;azienda fondata e gestita da ciprioti, non pu\u00f2 che mantenere questa tradizione nei suoi raffinati hotel, ponendo l&#8217;accento sulla cortese ospitalit\u00e0, sulla buona cucina e sul personale sorridente e cordiale.<br \/>\nL&#8217;azienda comprende hotel a quattro, quattro e cinque stelle, tutti sulla costa occidentale, a Paphos.<br \/>\nNel 1979 \u00e8 stata fondata la prima societ\u00e0 con l&#8217;obiettivo di acquistare, vendere e sviluppare terreni, poich\u00e9 era chiaro che Paphos aveva un enorme potenziale di sviluppo come centro commerciale e localit\u00e0 turistica.<br \/>\nDa allora, questa azienda familiare \u00e8 stata quotata alla Borsa di Cipro e oggi continua ad essere gestita dalla stessa famiglia che l&#8217;ha creata, dal suo Presidente Esecutivo, Andreas Constantinou e dal suo Consiglio di Amministrazione.<br \/>\nNel decennio successivo, l&#8217;azienda ha creato progetti che comprendono negozi e appartamenti nelle aree turistiche e commerciali, oltre a ville con piscine e giardini paesaggistici nelle aree residenziali di Paphos e nella campagna circostante.<br \/>\nL&#8217;azienda ha costruito centinaia di negozi in posizione centrale, appartamenti di qualit\u00e0 e ville di lusso.<br \/>\nInoltre, sono stati divisi e venduti numerosi appezzamenti di terreno.<br \/>\nPercependo Paphos come una destinazione turistica di grande potenziale, l&#8217;azienda ha deciso di entrare nel settore alberghiero e alla fine degli anni &#8217;80 \u00e8 stata costituita una societ\u00e0 sorella: Constantinou Bros Hotels Ltd.<br \/>\nL&#8217;azienda aveva gi\u00e0 le basi per iniziare immediatamente la costruzione del Paphian Bay Hotel a 3 stelle, in quanto disponeva gi\u00e0 di architetti e disegnatori residenti e di un proprio reparto di costruzione.<br \/>\nNegli anni successivi, l&#8217;azienda ha costruito e aperto altri quattro hotel, ossia il Pioneer Beach a 4 stelle, l&#8217;Imperial Beach a 5 stelle (che in seguito \u00e8 stato venduto alla Chiesa), l&#8217;Athena Beach a 4 stelle e l&#8217;Athena Royal Beach a 4 stelle deluxe.<br \/>\nAlla fine del 2008, l&#8217;Hotel Paphian Bay, uno dei luoghi di villeggiatura preferiti da molte persone per oltre 20 anni, ha chiuso e ha subito una ricostruzione completa che l&#8217;ha trasformato in un lussuoso hotel 5 stelle con tutte le suite, inaugurato il 1\u00b0 aprile 2010.<br \/>\nL&#8217;Asimina Suites Hotel &#8211; come si chiama ora &#8211; comprende solo lussuose suite, alcune delle quali con piscina privata e vasca idromassaggio, che offrono al visitatore opulenza e comfort puro.<br \/>\nI quattro hotel della catena Constantinou Bros Hotels sono rinomati per le loro posizioni privilegiate e per l&#8217;eccezionale ospitalit\u00e0 e si adattano perfettamente alle esigenze dei visitatori.<br \/>\nTra loro, si rivolgono a quasi tutti i tipi di ospiti, provenienti da ogni tipo di ambiente.<br \/>\nRiflettono e soddisfano la crescente popolarit\u00e0 di Paphos non solo come destinazione turistica, ma anche come centro congressi internazionale emergente.                  <\/p>\n<h3>Hotel resort<\/h3>\n<ul>\n<li>Asimina Suites Hotel &#8211; 5 stelle (hotel per adulti)<\/li>\n<li>Pioneer Beach Hotel 4 stelle (hotel per adulti)<\/li>\n<li>Hotel Athena Beach 4 stelle superiore<\/li>\n<li>Athena Royal Hotel 4 stelle deluxe (hotel per adulti)<\/li>\n<\/ul>\n<h3>Constantinou Bros Hotels Ltd &#8211; Date importanti<\/h3>\n<ul>\n<li>1988 &#8211; L&#8217;hotel 3 stelle Paphian Bay apre dopo essere stato progettato, costruito e attrezzato in soli 12 mesi!<br \/>\nUn record del settore! <\/li>\n<li>1991 &#8211; Apre il Pioneer Beach, un hotel a 4 stelle dedicato agli adulti.<\/li>\n<li>1999 &#8211; Apre l&#8217;Athena Beach Hotel, 4 stelle.<\/li>\n<li>2005 &#8211; Apre l&#8217;Athena Royal Beach, un hotel 4 stelle deluxe dedicato agli adulti.<\/li>\n<li>2008 &#8211; Il Paphian Bay Hotel chiude e viene sottoposto a una completa ricostruzione per trasformarlo in un hotel a 5 stelle con suite deluxe, il cui completamento \u00e8 previsto per la fine di marzo 2010.<\/li>\n<li>2010 &#8211; L&#8217;Asimina Suites Hotel, un albergo a 5 stelle, interamente dedicato agli adulti, apre e accoglie i primi ospiti il 1\u00b0 aprile 2010.<\/li>\n<\/ul>\n","protected":false},"excerpt":{"rendered":"<p>Profilo aziendale A Cipro la nostra pi\u00f9 grande ricchezza \u00e8 la nostra gente. Persone sorridenti e amichevoli, che sono orgogliose di accogliere i visitatori della loro isola e di mostrare loro cosa significhi l&#8217;ospitalit\u00e0 tradizionale e genuina. Constantinou Bros Hotels Ltd, un&#8217;azienda fondata e gestita da ciprioti, non pu\u00f2 che mantenere questa tradizione nei suoi<\/p>\n","protected":false},"author":100,"featured_media":20973,"parent":20975,"menu_order":0,"comment_status":"closed","ping_status":"closed","template":"","meta":{"_acf_changed":false,"footnotes":""},"class_list":["post-20972","page","type-page","status-publish","has-post-thumbnail","hentry"],"acf":[],"yoast_head":"<!-- This site is optimized with the Yoast SEO plugin v27.4 - https:\/\/yoast.com\/product\/yoast-seo-wordpress\/ -->\n<title>La storia di Constantinou Bros Hotels - Chi siamo - Paphos, Cipro<\/title>\n<meta name=\"description\" content=\"Scoprite la storia del Constantinou Bros, che vanta un&#039;eccellente ospitalit\u00e0 a Paphos, Cipro, un&#039;eredit\u00e0 iniziata nel 1979 e che continua ancora oggi.\" \/>\n<meta name=\"robots\" content=\"index, follow, max-snippet:-1, max-image-preview:large, max-video-preview:-1\" \/>\n<link rel=\"canonical\" href=\"https:\/\/www.cbh-cyprus.com\/it\/the-group\/about-us\/\" \/>\n<meta property=\"og:locale\" content=\"it_IT\" \/>\n<meta property=\"og:type\" content=\"article\" \/>\n<meta property=\"og:title\" content=\"La storia di Constantinou Bros Hotels - Chi siamo - Paphos, Cipro\" \/>\n<meta property=\"og:description\" content=\"Scoprite la storia del Constantinou Bros, che vanta un&#039;eccellente ospitalit\u00e0 a Paphos, Cipro, un&#039;eredit\u00e0 iniziata nel 1979 e che continua ancora oggi.\" \/>\n<meta property=\"og:url\" content=\"https:\/\/www.cbh-cyprus.com\/it\/the-group\/about-us\/\" \/>\n<meta property=\"og:site_name\" content=\"Constantinou Bros Hotels\" \/>\n<meta property=\"article:modified_time\" content=\"2024-09-13T13:22:30+00:00\" \/>\n<meta property=\"og:image\" content=\"https:\/\/www.cbh-cyprus.com\/app\/uploads\/sites\/30\/2019\/10\/asimina-suites-hotel-lifestyle_resized.jpg\" \/>\n\t<meta property=\"og:image:width\" content=\"1920\" \/>\n\t<meta property=\"og:image:height\" content=\"1290\" \/>\n\t<meta property=\"og:image:type\" content=\"image\/jpeg\" \/>\n<meta name=\"twitter:card\" content=\"summary_large_image\" \/>\n<meta name=\"twitter:label1\" content=\"Tempo di lettura stimato\" \/>\n\t<meta name=\"twitter:data1\" content=\"3 minuti\" \/>\n<script type=\"application\/ld+json\" class=\"yoast-schema-graph\">{\"@context\":\"https:\\\/\\\/schema.org\",\"@graph\":[{\"@type\":\"WebPage\",\"@id\":\"https:\\\/\\\/www.cbh-cyprus.com\\\/it\\\/the-group\\\/about-us\\\/\",\"url\":\"https:\\\/\\\/www.cbh-cyprus.com\\\/it\\\/the-group\\\/about-us\\\/\",\"name\":\"La storia di Constantinou Bros Hotels - Chi siamo - Paphos, Cipro\",\"isPartOf\":{\"@id\":\"https:\\\/\\\/www.cbh-cyprus.com\\\/it\\\/#website\"},\"primaryImageOfPage\":{\"@id\":\"https:\\\/\\\/www.cbh-cyprus.com\\\/it\\\/the-group\\\/about-us\\\/#primaryimage\"},\"image\":{\"@id\":\"https:\\\/\\\/www.cbh-cyprus.com\\\/it\\\/the-group\\\/about-us\\\/#primaryimage\"},\"thumbnailUrl\":\"https:\\\/\\\/www.cbh-cyprus.com\\\/app\\\/uploads\\\/sites\\\/30\\\/2019\\\/10\\\/asimina-suites-hotel-lifestyle_resized.jpg\",\"datePublished\":\"2022-07-08T10:30:24+00:00\",\"dateModified\":\"2024-09-13T13:22:30+00:00\",\"description\":\"Scoprite la storia del Constantinou Bros, che vanta un'eccellente ospitalit\u00e0 a Paphos, Cipro, un'eredit\u00e0 iniziata nel 1979 e che continua ancora oggi.\",\"breadcrumb\":{\"@id\":\"https:\\\/\\\/www.cbh-cyprus.com\\\/it\\\/the-group\\\/about-us\\\/#breadcrumb\"},\"inLanguage\":\"it-IT\",\"potentialAction\":[{\"@type\":\"ReadAction\",\"target\":[\"https:\\\/\\\/www.cbh-cyprus.com\\\/it\\\/the-group\\\/about-us\\\/\"]}]},{\"@type\":\"ImageObject\",\"inLanguage\":\"it-IT\",\"@id\":\"https:\\\/\\\/www.cbh-cyprus.com\\\/it\\\/the-group\\\/about-us\\\/#primaryimage\",\"url\":\"https:\\\/\\\/www.cbh-cyprus.com\\\/app\\\/uploads\\\/sites\\\/30\\\/2019\\\/10\\\/asimina-suites-hotel-lifestyle_resized.jpg\",\"contentUrl\":\"https:\\\/\\\/www.cbh-cyprus.com\\\/app\\\/uploads\\\/sites\\\/30\\\/2019\\\/10\\\/asimina-suites-hotel-lifestyle_resized.jpg\",\"width\":1920,\"height\":1290},{\"@type\":\"BreadcrumbList\",\"@id\":\"https:\\\/\\\/www.cbh-cyprus.com\\\/it\\\/the-group\\\/about-us\\\/#breadcrumb\",\"itemListElement\":[{\"@type\":\"ListItem\",\"position\":1,\"name\":\"Home\",\"item\":\"https:\\\/\\\/www.cbh-cyprus.com\\\/it\\\/benvenuti-a-costantinou-bros-hotels\\\/\"},{\"@type\":\"ListItem\",\"position\":2,\"name\":\"Il Gruppo\",\"item\":\"https:\\\/\\\/www.cbh-cyprus.com\\\/it\\\/the-group\\\/\"},{\"@type\":\"ListItem\",\"position\":3,\"name\":\"Chi siamo\"}]},{\"@type\":\"WebSite\",\"@id\":\"https:\\\/\\\/www.cbh-cyprus.com\\\/it\\\/#website\",\"url\":\"https:\\\/\\\/www.cbh-cyprus.com\\\/it\\\/\",\"name\":\"Constantinou Bros Hotels\",\"description\":\"Constantinou Bros Hotels\",\"publisher\":{\"@id\":\"https:\\\/\\\/www.cbh-cyprus.com\\\/it\\\/#organization\"},\"potentialAction\":[{\"@type\":\"SearchAction\",\"target\":{\"@type\":\"EntryPoint\",\"urlTemplate\":\"https:\\\/\\\/www.cbh-cyprus.com\\\/it\\\/?s={search_term_string}\"},\"query-input\":{\"@type\":\"PropertyValueSpecification\",\"valueRequired\":true,\"valueName\":\"search_term_string\"}}],\"inLanguage\":\"it-IT\"},{\"@type\":\"Organization\",\"@id\":\"https:\\\/\\\/www.cbh-cyprus.com\\\/it\\\/#organization\",\"name\":\"Constantinou Bros Hotels\",\"url\":\"https:\\\/\\\/www.cbh-cyprus.com\\\/it\\\/\",\"logo\":{\"@type\":\"ImageObject\",\"inLanguage\":\"it-IT\",\"@id\":\"https:\\\/\\\/www.cbh-cyprus.com\\\/it\\\/#\\\/schema\\\/logo\\\/image\\\/\",\"url\":\"https:\\\/\\\/www.cbh-cyprus.com\\\/app\\\/uploads\\\/sites\\\/30\\\/2020\\\/10\\\/cbh.jpg\",\"contentUrl\":\"https:\\\/\\\/www.cbh-cyprus.com\\\/app\\\/uploads\\\/sites\\\/30\\\/2020\\\/10\\\/cbh.jpg\",\"width\":1013,\"height\":419,\"caption\":\"Constantinou Bros Hotels\"},\"image\":{\"@id\":\"https:\\\/\\\/www.cbh-cyprus.com\\\/it\\\/#\\\/schema\\\/logo\\\/image\\\/\"}}]}<\/script>\n<!-- \/ Yoast SEO plugin. -->","yoast_head_json":{"title":"La storia di Constantinou Bros Hotels - Chi siamo - Paphos, Cipro","description":"Scoprite la storia del Constantinou Bros, che vanta un'eccellente ospitalit\u00e0 a Paphos, Cipro, un'eredit\u00e0 iniziata nel 1979 e che continua ancora oggi.","robots":{"index":"index","follow":"follow","max-snippet":"max-snippet:-1","max-image-preview":"max-image-preview:large","max-video-preview":"max-video-preview:-1"},"canonical":"https:\/\/www.cbh-cyprus.com\/it\/the-group\/about-us\/","og_locale":"it_IT","og_type":"article","og_title":"La storia di Constantinou Bros Hotels - Chi siamo - Paphos, Cipro","og_description":"Scoprite la storia del Constantinou Bros, che vanta un'eccellente ospitalit\u00e0 a Paphos, Cipro, un'eredit\u00e0 iniziata nel 1979 e che continua ancora oggi.","og_url":"https:\/\/www.cbh-cyprus.com\/it\/the-group\/about-us\/","og_site_name":"Constantinou Bros Hotels","article_modified_time":"2024-09-13T13:22:30+00:00","og_image":[{"width":1920,"height":1290,"url":"https:\/\/www.cbh-cyprus.com\/app\/uploads\/sites\/30\/2019\/10\/asimina-suites-hotel-lifestyle_resized.jpg","type":"image\/jpeg"}],"twitter_card":"summary_large_image","twitter_misc":{"Tempo di lettura stimato":"3 minuti"},"schema":{"@context":"https:\/\/schema.org","@graph":[{"@type":"WebPage","@id":"https:\/\/www.cbh-cyprus.com\/it\/the-group\/about-us\/","url":"https:\/\/www.cbh-cyprus.com\/it\/the-group\/about-us\/","name":"La storia di Constantinou Bros Hotels - Chi siamo - Paphos, Cipro","isPartOf":{"@id":"https:\/\/www.cbh-cyprus.com\/it\/#website"},"primaryImageOfPage":{"@id":"https:\/\/www.cbh-cyprus.com\/it\/the-group\/about-us\/#primaryimage"},"image":{"@id":"https:\/\/www.cbh-cyprus.com\/it\/the-group\/about-us\/#primaryimage"},"thumbnailUrl":"https:\/\/www.cbh-cyprus.com\/app\/uploads\/sites\/30\/2019\/10\/asimina-suites-hotel-lifestyle_resized.jpg","datePublished":"2022-07-08T10:30:24+00:00","dateModified":"2024-09-13T13:22:30+00:00","description":"Scoprite la storia del Constantinou Bros, che vanta un'eccellente ospitalit\u00e0 a Paphos, Cipro, un'eredit\u00e0 iniziata nel 1979 e che continua ancora oggi.","breadcrumb":{"@id":"https:\/\/www.cbh-cyprus.com\/it\/the-group\/about-us\/#breadcrumb"},"inLanguage":"it-IT","potentialAction":[{"@type":"ReadAction","target":["https:\/\/www.cbh-cyprus.com\/it\/the-group\/about-us\/"]}]},{"@type":"ImageObject","inLanguage":"it-IT","@id":"https:\/\/www.cbh-cyprus.com\/it\/the-group\/about-us\/#primaryimage","url":"https:\/\/www.cbh-cyprus.com\/app\/uploads\/sites\/30\/2019\/10\/asimina-suites-hotel-lifestyle_resized.jpg","contentUrl":"https:\/\/www.cbh-cyprus.com\/app\/uploads\/sites\/30\/2019\/10\/asimina-suites-hotel-lifestyle_resized.jpg","width":1920,"height":1290},{"@type":"BreadcrumbList","@id":"https:\/\/www.cbh-cyprus.com\/it\/the-group\/about-us\/#breadcrumb","itemListElement":[{"@type":"ListItem","position":1,"name":"Home","item":"https:\/\/www.cbh-cyprus.com\/it\/benvenuti-a-costantinou-bros-hotels\/"},{"@type":"ListItem","position":2,"name":"Il Gruppo","item":"https:\/\/www.cbh-cyprus.com\/it\/the-group\/"},{"@type":"ListItem","position":3,"name":"Chi siamo"}]},{"@type":"WebSite","@id":"https:\/\/www.cbh-cyprus.com\/it\/#website","url":"https:\/\/www.cbh-cyprus.com\/it\/","name":"Constantinou Bros Hotels","description":"Constantinou Bros Hotels","publisher":{"@id":"https:\/\/www.cbh-cyprus.com\/it\/#organization"},"potentialAction":[{"@type":"SearchAction","target":{"@type":"EntryPoint","urlTemplate":"https:\/\/www.cbh-cyprus.com\/it\/?s={search_term_string}"},"query-input":{"@type":"PropertyValueSpecification","valueRequired":true,"valueName":"search_term_string"}}],"inLanguage":"it-IT"},{"@type":"Organization","@id":"https:\/\/www.cbh-cyprus.com\/it\/#organization","name":"Constantinou Bros Hotels","url":"https:\/\/www.cbh-cyprus.com\/it\/","logo":{"@type":"ImageObject","inLanguage":"it-IT","@id":"https:\/\/www.cbh-cyprus.com\/it\/#\/schema\/logo\/image\/","url":"https:\/\/www.cbh-cyprus.com\/app\/uploads\/sites\/30\/2020\/10\/cbh.jpg","contentUrl":"https:\/\/www.cbh-cyprus.com\/app\/uploads\/sites\/30\/2020\/10\/cbh.jpg","width":1013,"height":419,"caption":"Constantinou Bros Hotels"},"image":{"@id":"https:\/\/www.cbh-cyprus.com\/it\/#\/schema\/logo\/image\/"}}]}},"_links":{"self":[{"href":"https:\/\/www.cbh-cyprus.com\/it\/wp-json\/wp\/v2\/pages\/20972","targetHints":{"allow":["GET"]}}],"collection":[{"href":"https:\/\/www.cbh-cyprus.com\/it\/wp-json\/wp\/v2\/pages"}],"about":[{"href":"https:\/\/www.cbh-cyprus.com\/it\/wp-json\/wp\/v2\/types\/page"}],"author":[{"embeddable":true,"href":"https:\/\/www.cbh-cyprus.com\/it\/wp-json\/wp\/v2\/users\/100"}],"replies":[{"embeddable":true,"href":"https:\/\/www.cbh-cyprus.com\/it\/wp-json\/wp\/v2\/comments?post=20972"}],"version-history":[{"count":3,"href":"https:\/\/www.cbh-cyprus.com\/it\/wp-json\/wp\/v2\/pages\/20972\/revisions"}],"predecessor-version":[{"id":41392,"href":"https:\/\/www.cbh-cyprus.com\/it\/wp-json\/wp\/v2\/pages\/20972\/revisions\/41392"}],"up":[{"embeddable":true,"href":"https:\/\/www.cbh-cyprus.com\/it\/wp-json\/wp\/v2\/pages\/20975"}],"wp:featuredmedia":[{"embeddable":true,"href":"https:\/\/www.cbh-cyprus.com\/it\/wp-json\/wp\/v2\/media\/20973"}],"wp:attachment":[{"href":"https:\/\/www.cbh-cyprus.com\/it\/wp-json\/wp\/v2\/media?parent=20972"}],"curies":[{"name":"wp","href":"https:\/\/api.w.org\/{rel}","templated":true}]}}