{"id":20978,"date":"2022-07-08T13:32:53","date_gmt":"2022-07-08T10:32:53","guid":{"rendered":"https:\/\/www.cbh-cyprus.com\/about-paphos-cyprus\/"},"modified":"2024-09-13T11:28:15","modified_gmt":"2024-09-13T08:28:15","slug":"about-paphos-cyprus","status":"publish","type":"page","link":"https:\/\/www.cbh-cyprus.com\/it\/about-paphos-cyprus\/","title":{"rendered":"Informazioni su Paphos \/ Cipro"},"content":{"rendered":"<p><strong>Paphos<\/strong>, una piccola citt\u00e0 pittoresca, si trova sulla costa occidentale di Cipro e si estende dalla bellissima penisola di Akamas a nord-ovest fino alla roccia di Afrodite a est.<br \/>\n\u00c8 ricca di storia, essendo stata la capitale di Cipro in tempi antichi e ancora una volta ha celebrato questo riconoscimento quando nel 2017 \u00e8 stata Capitale Europea della Cultura, attirando migliaia di visitatori ogni anno.<br \/>\nA Paphos ci sono innumerevoli siti di interesse storico, religioso e culturale ed \u00e8 inclusa nella lista dei siti del Patrimonio Culturale Mondiale dell&#8217;UNESCO.<br \/>\nLe Tombe dei Re, la fortezza medievale, l&#8217;Odeon, la Casa di Dioniso, la Roccia di Afrodite e i Bagni di Afrodite, nonch\u00e9 la Colonna di San Paolo sono solo alcuni di questi siti.<br \/>\nLa presenza di un aeroporto internazionale con collegamenti a molte delle principali citt\u00e0 del mondo ha reso Paphos molto accessibile.<br \/>\nInoltre, una nuova autostrada collega Paphos in modo facile e sicuro a tutte le altre citt\u00e0.<br \/>\nDelimitata da una splendida costa, l&#8217;area di Paphos vanta affascinanti villaggi nelle sue montagne, con monasteri secolari annidati al loro interno.<br \/>\nIl centro citt\u00e0, tuttavia, \u00e8 moderno con negozi alla moda, un interessante mercato tradizionale e ottimi musei.<br \/>\nTrover\u00e0 Paphos una localit\u00e0 affascinante, sicura e piacevole, con molte cose da vedere e da fare, che diventer\u00e0 presto una delle mete preferite per le vacanze. <strong>Cipro<\/strong> \u00e8 la terza isola pi\u00f9 grande del Mediterraneo e un vero crocevia di tre continenti, Europa, Asia e Africa.<br \/>\n\u00c8 diventata una Repubblica indipendente nel 1960 e ha aderito all&#8217;Unione Europea nel 2004.<br \/>\nVanta due aeroporti internazionali a Larnaca e Paphos, con ottimi collegamenti dalla maggior parte delle principali citt\u00e0 del mondo.<br \/>\nIl nome di Cipro deriva dal rame, che qui era abbondante nell&#8217;antichit\u00e0.<br \/>\n\u00c8 un&#8217;isola ricca di storia, essendo stata sotto il dominio persiano, assiro, egiziano, romano, bizantino, veneziano, ottomano e britannico.<br \/>\nFu anche uno dei primi Paesi al mondo a convertirsi al cristianesimo, quando San Paolo visit\u00f2 l&#8217;isola e predic\u00f2 la nuova fede.<br \/>\nInfatti, a Paphos si pu\u00f2 ancora vedere la colonna di San Paolo, dove l&#8217;apostolo fu legato e flagellato 39 volte, e a Larnaca, nella chiesa di San Lazzaro, si trova la cripta di questo Santo che fu resuscitato da Ges\u00f9 Cristo.<br \/>\nQuesto spiega perch\u00e9 Cipro \u00e8 un&#8217;isola che cattura l&#8217;interesse di tutti i tipi di persone: dagli appassionati di archeologia agli amici della natura, dalle coppie in luna di miele alle famiglie che adorano il sole, fino agli amanti del cibo e agli uomini d&#8217;affari.<br \/>\nAntiche rovine di templi insieme a splendidi affreschi nelle chiese bizantine, vigneti terrazzati e incantevoli sentieri naturali, montagne ricoperte di pini e coste baciate dal sole, un pasto a base di meze e formaggio halloumi fresco e strutture congressuali all&#8217;avanguardia sono solo alcune delle cose che la faranno innamorare di Cipro.<br \/>\nCipro pu\u00f2 essere un Paese con radici profonde nel suo ricco e variegato passato, ma \u00e8 un Paese moderno che si proietta rapidamente nel futuro.<br \/>\n\u00c8 un&#8217;isola con molte belle contraddizioni, una calda miscela di culture, colori, civilt\u00e0, canzoni e miti.<br \/>\nLa invitiamo a venire a gustare l&#8217;ospitalit\u00e0 sull&#8217;isola dove, nella nostra lingua madre, la parola xenos significa sia straniero che ospite.<br \/>\nVenga a scoprire un&#8217;isola la cui bellezza e il cui fascino sono amplificati dalla gentilezza della sua gente.<br \/>\nVenga a scoprire Cipro.                     <\/p>\n","protected":false},"excerpt":{"rendered":"<p>Paphos, una piccola citt\u00e0 pittoresca, si trova sulla costa occidentale di Cipro e si estende dalla bellissima penisola di Akamas a nord-ovest fino alla roccia di Afrodite a est. \u00c8 ricca di storia, essendo stata la capitale di Cipro in tempi antichi e ancora una volta ha celebrato questo riconoscimento quando nel 2017 \u00e8 stata<\/p>\n","protected":false},"author":100,"featured_media":20284,"parent":0,"menu_order":0,"comment_status":"closed","ping_status":"closed","template":"","meta":{"_acf_changed":false,"footnotes":""},"class_list":["post-20978","page","type-page","status-publish","has-post-thumbnail","hentry"],"acf":[],"yoast_head":"<!-- This site is optimized with the Yoast SEO plugin v27.3 - https:\/\/yoast.com\/product\/yoast-seo-wordpress\/ -->\n<title>Informazioni su Paphos Cipro || Constantinou Hotels<\/title>\n<meta name=\"description\" content=\"Scoprite tutto su Paphos, Cipro, una pittoresca citt\u00e0 di villeggiatura per coloro che cercano l&#039;isola ideale combinata con siti e punti di riferimento di interesse storico e culturale.\" \/>\n<meta name=\"robots\" content=\"index, follow, max-snippet:-1, max-image-preview:large, max-video-preview:-1\" \/>\n<link rel=\"canonical\" href=\"https:\/\/www.cbh-cyprus.com\/it\/about-paphos-cyprus\/\" \/>\n<meta property=\"og:locale\" content=\"it_IT\" \/>\n<meta property=\"og:type\" content=\"article\" \/>\n<meta property=\"og:title\" content=\"Informazioni su Paphos Cipro || Constantinou Hotels\" \/>\n<meta property=\"og:description\" content=\"Scoprite tutto su Paphos, Cipro, una pittoresca citt\u00e0 di villeggiatura per coloro che cercano l&#039;isola ideale combinata con siti e punti di riferimento di interesse storico e culturale.\" \/>\n<meta property=\"og:url\" content=\"https:\/\/www.cbh-cyprus.com\/it\/about-paphos-cyprus\/\" \/>\n<meta property=\"og:site_name\" content=\"Constantinou Bros Hotels\" \/>\n<meta property=\"article:modified_time\" content=\"2024-09-13T08:28:15+00:00\" \/>\n<meta property=\"og:image\" content=\"https:\/\/www.cbh-cyprus.com\/app\/uploads\/sites\/30\/2020\/10\/3-PAPHOS-FISHING-HARBOUR.jpg\" \/>\n\t<meta property=\"og:image:width\" content=\"2560\" \/>\n\t<meta property=\"og:image:height\" content=\"1220\" \/>\n\t<meta property=\"og:image:type\" content=\"image\/jpeg\" \/>\n<meta name=\"twitter:card\" content=\"summary_large_image\" \/>\n<meta name=\"twitter:label1\" content=\"Tempo di lettura stimato\" \/>\n\t<meta name=\"twitter:data1\" content=\"3 minuti\" \/>\n<script type=\"application\/ld+json\" class=\"yoast-schema-graph\">{\"@context\":\"https:\\\/\\\/schema.org\",\"@graph\":[{\"@type\":\"WebPage\",\"@id\":\"https:\\\/\\\/www.cbh-cyprus.com\\\/it\\\/about-paphos-cyprus\\\/\",\"url\":\"https:\\\/\\\/www.cbh-cyprus.com\\\/it\\\/about-paphos-cyprus\\\/\",\"name\":\"Informazioni su Paphos Cipro || Constantinou Hotels\",\"isPartOf\":{\"@id\":\"https:\\\/\\\/www.cbh-cyprus.com\\\/it\\\/#website\"},\"primaryImageOfPage\":{\"@id\":\"https:\\\/\\\/www.cbh-cyprus.com\\\/it\\\/about-paphos-cyprus\\\/#primaryimage\"},\"image\":{\"@id\":\"https:\\\/\\\/www.cbh-cyprus.com\\\/it\\\/about-paphos-cyprus\\\/#primaryimage\"},\"thumbnailUrl\":\"https:\\\/\\\/www.cbh-cyprus.com\\\/app\\\/uploads\\\/sites\\\/30\\\/2020\\\/10\\\/3-PAPHOS-FISHING-HARBOUR.jpg\",\"datePublished\":\"2022-07-08T10:32:53+00:00\",\"dateModified\":\"2024-09-13T08:28:15+00:00\",\"description\":\"Scoprite tutto su Paphos, Cipro, una pittoresca citt\u00e0 di villeggiatura per coloro che cercano l'isola ideale combinata con siti e punti di riferimento di interesse storico e culturale.\",\"breadcrumb\":{\"@id\":\"https:\\\/\\\/www.cbh-cyprus.com\\\/it\\\/about-paphos-cyprus\\\/#breadcrumb\"},\"inLanguage\":\"it-IT\",\"potentialAction\":[{\"@type\":\"ReadAction\",\"target\":[\"https:\\\/\\\/www.cbh-cyprus.com\\\/it\\\/about-paphos-cyprus\\\/\"]}]},{\"@type\":\"ImageObject\",\"inLanguage\":\"it-IT\",\"@id\":\"https:\\\/\\\/www.cbh-cyprus.com\\\/it\\\/about-paphos-cyprus\\\/#primaryimage\",\"url\":\"https:\\\/\\\/www.cbh-cyprus.com\\\/app\\\/uploads\\\/sites\\\/30\\\/2020\\\/10\\\/3-PAPHOS-FISHING-HARBOUR.jpg\",\"contentUrl\":\"https:\\\/\\\/www.cbh-cyprus.com\\\/app\\\/uploads\\\/sites\\\/30\\\/2020\\\/10\\\/3-PAPHOS-FISHING-HARBOUR.jpg\",\"width\":2560,\"height\":1220,\"caption\":\"??????\"},{\"@type\":\"BreadcrumbList\",\"@id\":\"https:\\\/\\\/www.cbh-cyprus.com\\\/it\\\/about-paphos-cyprus\\\/#breadcrumb\",\"itemListElement\":[{\"@type\":\"ListItem\",\"position\":1,\"name\":\"Home\",\"item\":\"https:\\\/\\\/www.cbh-cyprus.com\\\/it\\\/benvenuti-a-costantinou-bros-hotels\\\/\"},{\"@type\":\"ListItem\",\"position\":2,\"name\":\"Informazioni su Paphos \\\/ Cipro\"}]},{\"@type\":\"WebSite\",\"@id\":\"https:\\\/\\\/www.cbh-cyprus.com\\\/it\\\/#website\",\"url\":\"https:\\\/\\\/www.cbh-cyprus.com\\\/it\\\/\",\"name\":\"Constantinou Bros Hotels\",\"description\":\"Constantinou Bros Hotels\",\"publisher\":{\"@id\":\"https:\\\/\\\/www.cbh-cyprus.com\\\/it\\\/#organization\"},\"potentialAction\":[{\"@type\":\"SearchAction\",\"target\":{\"@type\":\"EntryPoint\",\"urlTemplate\":\"https:\\\/\\\/www.cbh-cyprus.com\\\/it\\\/?s={search_term_string}\"},\"query-input\":{\"@type\":\"PropertyValueSpecification\",\"valueRequired\":true,\"valueName\":\"search_term_string\"}}],\"inLanguage\":\"it-IT\"},{\"@type\":\"Organization\",\"@id\":\"https:\\\/\\\/www.cbh-cyprus.com\\\/it\\\/#organization\",\"name\":\"Constantinou Bros Hotels\",\"url\":\"https:\\\/\\\/www.cbh-cyprus.com\\\/it\\\/\",\"logo\":{\"@type\":\"ImageObject\",\"inLanguage\":\"it-IT\",\"@id\":\"https:\\\/\\\/www.cbh-cyprus.com\\\/it\\\/#\\\/schema\\\/logo\\\/image\\\/\",\"url\":\"https:\\\/\\\/www.cbh-cyprus.com\\\/app\\\/uploads\\\/sites\\\/30\\\/2020\\\/10\\\/cbh.jpg\",\"contentUrl\":\"https:\\\/\\\/www.cbh-cyprus.com\\\/app\\\/uploads\\\/sites\\\/30\\\/2020\\\/10\\\/cbh.jpg\",\"width\":1013,\"height\":419,\"caption\":\"Constantinou Bros Hotels\"},\"image\":{\"@id\":\"https:\\\/\\\/www.cbh-cyprus.com\\\/it\\\/#\\\/schema\\\/logo\\\/image\\\/\"}}]}<\/script>\n<!-- \/ Yoast SEO plugin. -->","yoast_head_json":{"title":"Informazioni su Paphos Cipro || Constantinou Hotels","description":"Scoprite tutto su Paphos, Cipro, una pittoresca citt\u00e0 di villeggiatura per coloro che cercano l'isola ideale combinata con siti e punti di riferimento di interesse storico e culturale.","robots":{"index":"index","follow":"follow","max-snippet":"max-snippet:-1","max-image-preview":"max-image-preview:large","max-video-preview":"max-video-preview:-1"},"canonical":"https:\/\/www.cbh-cyprus.com\/it\/about-paphos-cyprus\/","og_locale":"it_IT","og_type":"article","og_title":"Informazioni su Paphos Cipro || Constantinou Hotels","og_description":"Scoprite tutto su Paphos, Cipro, una pittoresca citt\u00e0 di villeggiatura per coloro che cercano l'isola ideale combinata con siti e punti di riferimento di interesse storico e culturale.","og_url":"https:\/\/www.cbh-cyprus.com\/it\/about-paphos-cyprus\/","og_site_name":"Constantinou Bros Hotels","article_modified_time":"2024-09-13T08:28:15+00:00","og_image":[{"width":2560,"height":1220,"url":"https:\/\/www.cbh-cyprus.com\/app\/uploads\/sites\/30\/2020\/10\/3-PAPHOS-FISHING-HARBOUR.jpg","type":"image\/jpeg"}],"twitter_card":"summary_large_image","twitter_misc":{"Tempo di lettura stimato":"3 minuti"},"schema":{"@context":"https:\/\/schema.org","@graph":[{"@type":"WebPage","@id":"https:\/\/www.cbh-cyprus.com\/it\/about-paphos-cyprus\/","url":"https:\/\/www.cbh-cyprus.com\/it\/about-paphos-cyprus\/","name":"Informazioni su Paphos Cipro || Constantinou Hotels","isPartOf":{"@id":"https:\/\/www.cbh-cyprus.com\/it\/#website"},"primaryImageOfPage":{"@id":"https:\/\/www.cbh-cyprus.com\/it\/about-paphos-cyprus\/#primaryimage"},"image":{"@id":"https:\/\/www.cbh-cyprus.com\/it\/about-paphos-cyprus\/#primaryimage"},"thumbnailUrl":"https:\/\/www.cbh-cyprus.com\/app\/uploads\/sites\/30\/2020\/10\/3-PAPHOS-FISHING-HARBOUR.jpg","datePublished":"2022-07-08T10:32:53+00:00","dateModified":"2024-09-13T08:28:15+00:00","description":"Scoprite tutto su Paphos, Cipro, una pittoresca citt\u00e0 di villeggiatura per coloro che cercano l'isola ideale combinata con siti e punti di riferimento di interesse storico e culturale.","breadcrumb":{"@id":"https:\/\/www.cbh-cyprus.com\/it\/about-paphos-cyprus\/#breadcrumb"},"inLanguage":"it-IT","potentialAction":[{"@type":"ReadAction","target":["https:\/\/www.cbh-cyprus.com\/it\/about-paphos-cyprus\/"]}]},{"@type":"ImageObject","inLanguage":"it-IT","@id":"https:\/\/www.cbh-cyprus.com\/it\/about-paphos-cyprus\/#primaryimage","url":"https:\/\/www.cbh-cyprus.com\/app\/uploads\/sites\/30\/2020\/10\/3-PAPHOS-FISHING-HARBOUR.jpg","contentUrl":"https:\/\/www.cbh-cyprus.com\/app\/uploads\/sites\/30\/2020\/10\/3-PAPHOS-FISHING-HARBOUR.jpg","width":2560,"height":1220,"caption":"??????"},{"@type":"BreadcrumbList","@id":"https:\/\/www.cbh-cyprus.com\/it\/about-paphos-cyprus\/#breadcrumb","itemListElement":[{"@type":"ListItem","position":1,"name":"Home","item":"https:\/\/www.cbh-cyprus.com\/it\/benvenuti-a-costantinou-bros-hotels\/"},{"@type":"ListItem","position":2,"name":"Informazioni su Paphos \/ Cipro"}]},{"@type":"WebSite","@id":"https:\/\/www.cbh-cyprus.com\/it\/#website","url":"https:\/\/www.cbh-cyprus.com\/it\/","name":"Constantinou Bros Hotels","description":"Constantinou Bros Hotels","publisher":{"@id":"https:\/\/www.cbh-cyprus.com\/it\/#organization"},"potentialAction":[{"@type":"SearchAction","target":{"@type":"EntryPoint","urlTemplate":"https:\/\/www.cbh-cyprus.com\/it\/?s={search_term_string}"},"query-input":{"@type":"PropertyValueSpecification","valueRequired":true,"valueName":"search_term_string"}}],"inLanguage":"it-IT"},{"@type":"Organization","@id":"https:\/\/www.cbh-cyprus.com\/it\/#organization","name":"Constantinou Bros Hotels","url":"https:\/\/www.cbh-cyprus.com\/it\/","logo":{"@type":"ImageObject","inLanguage":"it-IT","@id":"https:\/\/www.cbh-cyprus.com\/it\/#\/schema\/logo\/image\/","url":"https:\/\/www.cbh-cyprus.com\/app\/uploads\/sites\/30\/2020\/10\/cbh.jpg","contentUrl":"https:\/\/www.cbh-cyprus.com\/app\/uploads\/sites\/30\/2020\/10\/cbh.jpg","width":1013,"height":419,"caption":"Constantinou Bros Hotels"},"image":{"@id":"https:\/\/www.cbh-cyprus.com\/it\/#\/schema\/logo\/image\/"}}]}},"_links":{"self":[{"href":"https:\/\/www.cbh-cyprus.com\/it\/wp-json\/wp\/v2\/pages\/20978","targetHints":{"allow":["GET"]}}],"collection":[{"href":"https:\/\/www.cbh-cyprus.com\/it\/wp-json\/wp\/v2\/pages"}],"about":[{"href":"https:\/\/www.cbh-cyprus.com\/it\/wp-json\/wp\/v2\/types\/page"}],"author":[{"embeddable":true,"href":"https:\/\/www.cbh-cyprus.com\/it\/wp-json\/wp\/v2\/users\/100"}],"replies":[{"embeddable":true,"href":"https:\/\/www.cbh-cyprus.com\/it\/wp-json\/wp\/v2\/comments?post=20978"}],"version-history":[{"count":3,"href":"https:\/\/www.cbh-cyprus.com\/it\/wp-json\/wp\/v2\/pages\/20978\/revisions"}],"predecessor-version":[{"id":41201,"href":"https:\/\/www.cbh-cyprus.com\/it\/wp-json\/wp\/v2\/pages\/20978\/revisions\/41201"}],"wp:featuredmedia":[{"embeddable":true,"href":"https:\/\/www.cbh-cyprus.com\/it\/wp-json\/wp\/v2\/media\/20284"}],"wp:attachment":[{"href":"https:\/\/www.cbh-cyprus.com\/it\/wp-json\/wp\/v2\/media?parent=20978"}],"curies":[{"name":"wp","href":"https:\/\/api.w.org\/{rel}","templated":true}]}}