{"id":20980,"date":"2022-07-08T13:35:11","date_gmt":"2022-07-08T10:35:11","guid":{"rendered":"https:\/\/www.cbh-cyprus.com\/user-agreement\/"},"modified":"2024-07-23T12:16:19","modified_gmt":"2024-07-23T09:16:19","slug":"user-agreement","status":"publish","type":"page","link":"https:\/\/www.cbh-cyprus.com\/it\/user-agreement\/","title":{"rendered":"Accordo con l&#8217;utente"},"content":{"rendered":"<p>Copyright \u00a9Constantinou Bros Hotels Ltd 2019. Tutti i diritti riservati <\/p>\n<h4>Termini e condizioni d&#8217;uso dei siti web di Constantinou Bros Hotels:<\/h4>\n<p><a href=\"https:\/\/www.cbh-cyprus.com\" target=\"_blank\" rel=\"noopener noreferrer\">https:\/\/www.cbh-cyprus.com &#8211; CONSTANTINOU BROS HOTELS PUBLIC CO. LTD &#8211; HE 38303 &#8211; THEAS APHRODITES AVENUE 8101, PAPHOS<\/a><br \/>\n<a href=\"https:\/\/www.athena-cbh.com\" target=\"_blank\" rel=\"noopener noreferrer\">https:\/\/www.athena-cbh.com &#8211; ATHENA BEACH HOTEL = CONSTANTINOU BROS HOTELS PUBLIC CO. LTD &#8211; HE 38303 &#8211; THEAS APHRODITES AVENUE 8101, PAPHOS<\/a><br \/>\n<a href=\"https:\/\/www.athenaroyal-cbh.com\" target=\"_blank\" rel=\"noopener noreferrer\">https:\/\/www.athenaroyal-cbh.com &#8211; ATHENA ROYA BEACH HOTEL = LAYSTER INVESTMENTS PLC &#8211; HE 106396 &#8211; THEAS APHRODITES AVENUE 8101, PAPHOS<\/a><a href=\"https:\/\/www.pioneer-cbh.com\" target=\"_blank\" rel=\"noopener noreferrer\">https:\/\/www.pioneer-cbh.com &#8211; PIONEER BEACH HOTEL = KINGS HEAD DEVELOPMENT PLC &#8211; HE 11041 &#8211; THEAS APHRODITES AVENUE 8101, PAPHOS<\/a><a href=\"https:\/\/www.asimina-cbh.com\" target=\"_blank\" rel=\"noopener noreferrer\">https:\/\/www.asimina-cbh.com &#8211; ASIMINA SUITES HOTEL = PAPHOS STONE C. ESTATES PLC &#8211; HE 10098 &#8211; THEAS APHRODITES AVENUE 8101, PAPHOS<\/a><br \/>\n<a href=\"https:\/\/www.cbh-loyaltyclub.com\" target=\"_blank\" rel=\"noopener noreferrer\">https:\/\/www.cbh-loyaltyclub.com &#8211; CONSTANTINOU BROS HOTELS PUBLIC CO. LTD &#8211; HE 38303 &#8211; THEAS APHRODITES AVENUE 8101, PAPHOS<\/a> Gli utenti hanno accesso alle informazioni e ai materiali presenti sui nostri siti Web solo per uso personale. Non \u00e8 consentito modificare, copiare o distribuire in altro modo i documenti di Constantinou Bros Hotels e i loro contenuti, compresi i testi e la grafica, senza l&#8217;espressa autorizzazione di Constantinou Bros Hotels. <strong>Disclaimer<\/strong> Constantinou Bros Hotels compie ogni sforzo per garantire che le informazioni contenute nei suoi siti web siano accurate. Tuttavia, Constantinou Bros Hotels non fornisce alcuna garanzia, espressa o implicita, in merito alla loro precisione, correttezza e completezza. La Constantinou Bros Hotels non \u00e8 responsabile del contenuto dei siti web esterni collegati ai suoi siti tramite hyperlink. La menzione di prodotti o servizi di terzi \u00e8 solo a scopo informativo e non costituisce n\u00e9 un&#8217;approvazione n\u00e9 una raccomandazione. <strong>Copyright<\/strong> Tutti i contenuti inclusi nei siti web di Constantinou Bros Hotels, come testi, grafici, loghi, icone di pulsanti, immagini, download digitali, compilazioni di dati e software sono di propriet\u00e0 di Constantinou Bros Hotels, dei suoi licenziatari o dei suoi fornitori di contenuti e sono protetti dalle leggi cipriote e internazionali sul copyright. La compilazione di tutti i contenuti di questi siti Web \u00e8 di propriet\u00e0 esclusiva di Constantinou Bros Hotels ed \u00e8 protetta dalle leggi cipriote e internazionali sul copyright. Tutti i software utilizzati in questi siti web sono di propriet\u00e0 di Constantinou Bros Hotels o dei suoi fornitori di software e sono protetti dalle leggi cipriote e internazionali sul copyright. <strong>Marchi<\/strong> I marchi e tutti gli altri marchi che appaiono in relazione ai servizi e ai prodotti descritti in questi siti web appartengono a Constantinou Bros Hotels o ai rispettivi proprietari di tali marchi e sono protetti dalle leggi cipriote e internazionali sui marchi.<br \/>\nL&#8217;uso di uno qualsiasi di questi marchi senza l&#8217;espresso consenso scritto di Constantinou Bros Hotels o del proprietario del marchio, a seconda dei casi, \u00e8 severamente vietato. <strong>Comunicazioni<\/strong> Per quanto riguarda tutte le comunicazioni fatte a Constantinou Bros Hotels, inclusi, senza limitazioni, feedback, domande, commenti e suggerimenti (&#8220;Comunicazioni&#8221;):  (a) nessun diritto di riservatezza si applicher\u00e0 alle Comunicazioni e Constantinou Bros Hotels non avr\u00e0 alcun obbligo di proteggere le Comunicazioni dalla divulgazione; (b) i Constantinou Bros Hotels saranno liberi di riprodurre, utilizzare, divulgare e distribuire le Comunicazioni a terzi; e (c) La Constantinou Bros Hotels sar\u00e0 libera di utilizzare tutte le idee, i concetti, il know-how o le tecniche contenute nelle Comunicazioni per qualsiasi scopo, compresi, senza limitazione, lo sviluppo, la produzione e la commercializzazione di prodotti e servizi che incorporino tali informazioni. Si prega di utilizzare la posta elettronica via Internet solo per inviare note non riservate. Non includete informazioni personali o private riservate. Per la vostra tutela, le nostre risposte non includeranno informazioni riservate. Si prega di non utilizzare la posta elettronica via Internet per inviarci istruzioni sulle transazioni. I clienti che scelgono di inviare messaggi di posta elettronica via Internet a Constantinou Bros Hotels contenenti informazioni confidenziali, private o personali, lo fanno a proprio rischio e pericolo. <strong>Comunicazioni di marketing &#8211; e-NEWSLETTERS<\/strong> A volte possiamo inviarle informazioni sui nostri prodotti e servizi, incluse notizie sui nostri hotel, o invitarla ad eventi via e-mail (e-newsletter).<br \/>\nPu\u00f2 scegliere in qualsiasi momento di non ricevere pi\u00f9 queste e-newsletter inviandoci un&#8217;e-mail all&#8217;indirizzo <a href=\"mailto:newsletter@cbh-cyprus.com\">newsletter@cbh-cyprus.com<\/a> contenente la parola &#8220;UNSUBSCRIBE&#8221; nell&#8217;oggetto. <strong>In caso di domande, la preghiamo di contattarci a:<\/strong><strong>Indirizzo: <\/strong> Theas Afroditis Ave.<br \/>\nP.O.Box 60182 CY 8101, Paphos, Cipro Tel: <a href=\"tel:0035726965866\">00357 26 965866<\/a> Fax: 00357 26 964867 E-mail: <a href=\"mailto:info@cbh-cyprus.com\">info@cbh-cyprus.com<\/a> Questo Accordo per gli utenti \u00e8 stato modificato l&#8217;ultima volta il 25 ottobre 2019 <strong>\u00a9CONSTANTINOU BROS HOTELS LTD 2019<\/strong>  <\/p>\n","protected":false},"excerpt":{"rendered":"<p>Copyright \u00a9Constantinou Bros Hotels Ltd 2019. Tutti i diritti riservati Termini e condizioni d&#8217;uso dei siti web di Constantinou Bros Hotels: https:\/\/www.cbh-cyprus.com &#8211; CONSTANTINOU BROS HOTELS PUBLIC CO. LTD &#8211; HE 38303 &#8211; THEAS APHRODITES AVENUE 8101, PAPHOS https:\/\/www.athena-cbh.com &#8211; ATHENA BEACH HOTEL = CONSTANTINOU BROS HOTELS PUBLIC CO. LTD &#8211; HE 38303 &#8211; THEAS<\/p>\n","protected":false},"author":100,"featured_media":20981,"parent":0,"menu_order":0,"comment_status":"closed","ping_status":"closed","template":"","meta":{"_acf_changed":false,"footnotes":""},"class_list":["post-20980","page","type-page","status-publish","has-post-thumbnail","hentry"],"acf":[],"yoast_head":"<!-- This site is optimized with the Yoast SEO plugin v27.3 - https:\/\/yoast.com\/product\/yoast-seo-wordpress\/ -->\n<title>Accordo con gli utenti - Constantinou Bros Hotels<\/title>\n<meta name=\"description\" content=\"Qui trover\u00e0 tutte le informazioni necessarie sulla politica di Accordo con gli Utenti di Constantinou Bros Hotels a Paphos, Cipro.\" \/>\n<meta name=\"robots\" content=\"index, follow, max-snippet:-1, max-image-preview:large, max-video-preview:-1\" \/>\n<link rel=\"canonical\" href=\"https:\/\/www.cbh-cyprus.com\/it\/user-agreement\/\" \/>\n<meta property=\"og:locale\" content=\"it_IT\" \/>\n<meta property=\"og:type\" content=\"article\" \/>\n<meta property=\"og:title\" content=\"Accordo con gli utenti - Constantinou Bros Hotels\" \/>\n<meta property=\"og:description\" content=\"Qui trover\u00e0 tutte le informazioni necessarie sulla politica di Accordo con gli Utenti di Constantinou Bros Hotels a Paphos, Cipro.\" \/>\n<meta property=\"og:url\" content=\"https:\/\/www.cbh-cyprus.com\/it\/user-agreement\/\" \/>\n<meta property=\"og:site_name\" content=\"Constantinou Bros Hotels\" \/>\n<meta property=\"article:modified_time\" content=\"2024-07-23T09:16:19+00:00\" \/>\n<meta property=\"og:image\" content=\"https:\/\/www.cbh-cyprus.com\/app\/uploads\/sites\/30\/2019\/10\/athena-royal-beach-hotel-cabanas_resized.jpg\" \/>\n\t<meta property=\"og:image:width\" content=\"1920\" \/>\n\t<meta property=\"og:image:height\" content=\"1160\" \/>\n\t<meta property=\"og:image:type\" content=\"image\/jpeg\" \/>\n<meta name=\"twitter:card\" content=\"summary_large_image\" \/>\n<meta name=\"twitter:label1\" content=\"Tempo di lettura stimato\" \/>\n\t<meta name=\"twitter:data1\" content=\"4 minuti\" \/>\n<script type=\"application\/ld+json\" class=\"yoast-schema-graph\">{\"@context\":\"https:\\\/\\\/schema.org\",\"@graph\":[{\"@type\":\"WebPage\",\"@id\":\"https:\\\/\\\/www.cbh-cyprus.com\\\/it\\\/user-agreement\\\/\",\"url\":\"https:\\\/\\\/www.cbh-cyprus.com\\\/it\\\/user-agreement\\\/\",\"name\":\"Accordo con gli utenti - Constantinou Bros Hotels\",\"isPartOf\":{\"@id\":\"https:\\\/\\\/www.cbh-cyprus.com\\\/it\\\/#website\"},\"primaryImageOfPage\":{\"@id\":\"https:\\\/\\\/www.cbh-cyprus.com\\\/it\\\/user-agreement\\\/#primaryimage\"},\"image\":{\"@id\":\"https:\\\/\\\/www.cbh-cyprus.com\\\/it\\\/user-agreement\\\/#primaryimage\"},\"thumbnailUrl\":\"https:\\\/\\\/www.cbh-cyprus.com\\\/app\\\/uploads\\\/sites\\\/30\\\/2019\\\/10\\\/athena-royal-beach-hotel-cabanas_resized.jpg\",\"datePublished\":\"2022-07-08T10:35:11+00:00\",\"dateModified\":\"2024-07-23T09:16:19+00:00\",\"description\":\"Qui trover\u00e0 tutte le informazioni necessarie sulla politica di Accordo con gli Utenti di Constantinou Bros Hotels a Paphos, Cipro.\",\"breadcrumb\":{\"@id\":\"https:\\\/\\\/www.cbh-cyprus.com\\\/it\\\/user-agreement\\\/#breadcrumb\"},\"inLanguage\":\"it-IT\",\"potentialAction\":[{\"@type\":\"ReadAction\",\"target\":[\"https:\\\/\\\/www.cbh-cyprus.com\\\/it\\\/user-agreement\\\/\"]}]},{\"@type\":\"ImageObject\",\"inLanguage\":\"it-IT\",\"@id\":\"https:\\\/\\\/www.cbh-cyprus.com\\\/it\\\/user-agreement\\\/#primaryimage\",\"url\":\"https:\\\/\\\/www.cbh-cyprus.com\\\/app\\\/uploads\\\/sites\\\/30\\\/2019\\\/10\\\/athena-royal-beach-hotel-cabanas_resized.jpg\",\"contentUrl\":\"https:\\\/\\\/www.cbh-cyprus.com\\\/app\\\/uploads\\\/sites\\\/30\\\/2019\\\/10\\\/athena-royal-beach-hotel-cabanas_resized.jpg\",\"width\":1920,\"height\":1160,\"caption\":\"A Tranquil World\"},{\"@type\":\"BreadcrumbList\",\"@id\":\"https:\\\/\\\/www.cbh-cyprus.com\\\/it\\\/user-agreement\\\/#breadcrumb\",\"itemListElement\":[{\"@type\":\"ListItem\",\"position\":1,\"name\":\"Home\",\"item\":\"https:\\\/\\\/www.cbh-cyprus.com\\\/it\\\/benvenuti-a-costantinou-bros-hotels\\\/\"},{\"@type\":\"ListItem\",\"position\":2,\"name\":\"Accordo con l&#8217;utente\"}]},{\"@type\":\"WebSite\",\"@id\":\"https:\\\/\\\/www.cbh-cyprus.com\\\/it\\\/#website\",\"url\":\"https:\\\/\\\/www.cbh-cyprus.com\\\/it\\\/\",\"name\":\"Constantinou Bros Hotels\",\"description\":\"Constantinou Bros Hotels\",\"publisher\":{\"@id\":\"https:\\\/\\\/www.cbh-cyprus.com\\\/it\\\/#organization\"},\"potentialAction\":[{\"@type\":\"SearchAction\",\"target\":{\"@type\":\"EntryPoint\",\"urlTemplate\":\"https:\\\/\\\/www.cbh-cyprus.com\\\/it\\\/?s={search_term_string}\"},\"query-input\":{\"@type\":\"PropertyValueSpecification\",\"valueRequired\":true,\"valueName\":\"search_term_string\"}}],\"inLanguage\":\"it-IT\"},{\"@type\":\"Organization\",\"@id\":\"https:\\\/\\\/www.cbh-cyprus.com\\\/it\\\/#organization\",\"name\":\"Constantinou Bros Hotels\",\"url\":\"https:\\\/\\\/www.cbh-cyprus.com\\\/it\\\/\",\"logo\":{\"@type\":\"ImageObject\",\"inLanguage\":\"it-IT\",\"@id\":\"https:\\\/\\\/www.cbh-cyprus.com\\\/it\\\/#\\\/schema\\\/logo\\\/image\\\/\",\"url\":\"https:\\\/\\\/www.cbh-cyprus.com\\\/app\\\/uploads\\\/sites\\\/30\\\/2020\\\/10\\\/cbh.jpg\",\"contentUrl\":\"https:\\\/\\\/www.cbh-cyprus.com\\\/app\\\/uploads\\\/sites\\\/30\\\/2020\\\/10\\\/cbh.jpg\",\"width\":1013,\"height\":419,\"caption\":\"Constantinou Bros Hotels\"},\"image\":{\"@id\":\"https:\\\/\\\/www.cbh-cyprus.com\\\/it\\\/#\\\/schema\\\/logo\\\/image\\\/\"}}]}<\/script>\n<!-- \/ Yoast SEO plugin. -->","yoast_head_json":{"title":"Accordo con gli utenti - Constantinou Bros Hotels","description":"Qui trover\u00e0 tutte le informazioni necessarie sulla politica di Accordo con gli Utenti di Constantinou Bros Hotels a Paphos, Cipro.","robots":{"index":"index","follow":"follow","max-snippet":"max-snippet:-1","max-image-preview":"max-image-preview:large","max-video-preview":"max-video-preview:-1"},"canonical":"https:\/\/www.cbh-cyprus.com\/it\/user-agreement\/","og_locale":"it_IT","og_type":"article","og_title":"Accordo con gli utenti - Constantinou Bros Hotels","og_description":"Qui trover\u00e0 tutte le informazioni necessarie sulla politica di Accordo con gli Utenti di Constantinou Bros Hotels a Paphos, Cipro.","og_url":"https:\/\/www.cbh-cyprus.com\/it\/user-agreement\/","og_site_name":"Constantinou Bros Hotels","article_modified_time":"2024-07-23T09:16:19+00:00","og_image":[{"width":1920,"height":1160,"url":"https:\/\/www.cbh-cyprus.com\/app\/uploads\/sites\/30\/2019\/10\/athena-royal-beach-hotel-cabanas_resized.jpg","type":"image\/jpeg"}],"twitter_card":"summary_large_image","twitter_misc":{"Tempo di lettura stimato":"4 minuti"},"schema":{"@context":"https:\/\/schema.org","@graph":[{"@type":"WebPage","@id":"https:\/\/www.cbh-cyprus.com\/it\/user-agreement\/","url":"https:\/\/www.cbh-cyprus.com\/it\/user-agreement\/","name":"Accordo con gli utenti - Constantinou Bros Hotels","isPartOf":{"@id":"https:\/\/www.cbh-cyprus.com\/it\/#website"},"primaryImageOfPage":{"@id":"https:\/\/www.cbh-cyprus.com\/it\/user-agreement\/#primaryimage"},"image":{"@id":"https:\/\/www.cbh-cyprus.com\/it\/user-agreement\/#primaryimage"},"thumbnailUrl":"https:\/\/www.cbh-cyprus.com\/app\/uploads\/sites\/30\/2019\/10\/athena-royal-beach-hotel-cabanas_resized.jpg","datePublished":"2022-07-08T10:35:11+00:00","dateModified":"2024-07-23T09:16:19+00:00","description":"Qui trover\u00e0 tutte le informazioni necessarie sulla politica di Accordo con gli Utenti di Constantinou Bros Hotels a Paphos, Cipro.","breadcrumb":{"@id":"https:\/\/www.cbh-cyprus.com\/it\/user-agreement\/#breadcrumb"},"inLanguage":"it-IT","potentialAction":[{"@type":"ReadAction","target":["https:\/\/www.cbh-cyprus.com\/it\/user-agreement\/"]}]},{"@type":"ImageObject","inLanguage":"it-IT","@id":"https:\/\/www.cbh-cyprus.com\/it\/user-agreement\/#primaryimage","url":"https:\/\/www.cbh-cyprus.com\/app\/uploads\/sites\/30\/2019\/10\/athena-royal-beach-hotel-cabanas_resized.jpg","contentUrl":"https:\/\/www.cbh-cyprus.com\/app\/uploads\/sites\/30\/2019\/10\/athena-royal-beach-hotel-cabanas_resized.jpg","width":1920,"height":1160,"caption":"A Tranquil World"},{"@type":"BreadcrumbList","@id":"https:\/\/www.cbh-cyprus.com\/it\/user-agreement\/#breadcrumb","itemListElement":[{"@type":"ListItem","position":1,"name":"Home","item":"https:\/\/www.cbh-cyprus.com\/it\/benvenuti-a-costantinou-bros-hotels\/"},{"@type":"ListItem","position":2,"name":"Accordo con l&#8217;utente"}]},{"@type":"WebSite","@id":"https:\/\/www.cbh-cyprus.com\/it\/#website","url":"https:\/\/www.cbh-cyprus.com\/it\/","name":"Constantinou Bros Hotels","description":"Constantinou Bros Hotels","publisher":{"@id":"https:\/\/www.cbh-cyprus.com\/it\/#organization"},"potentialAction":[{"@type":"SearchAction","target":{"@type":"EntryPoint","urlTemplate":"https:\/\/www.cbh-cyprus.com\/it\/?s={search_term_string}"},"query-input":{"@type":"PropertyValueSpecification","valueRequired":true,"valueName":"search_term_string"}}],"inLanguage":"it-IT"},{"@type":"Organization","@id":"https:\/\/www.cbh-cyprus.com\/it\/#organization","name":"Constantinou Bros Hotels","url":"https:\/\/www.cbh-cyprus.com\/it\/","logo":{"@type":"ImageObject","inLanguage":"it-IT","@id":"https:\/\/www.cbh-cyprus.com\/it\/#\/schema\/logo\/image\/","url":"https:\/\/www.cbh-cyprus.com\/app\/uploads\/sites\/30\/2020\/10\/cbh.jpg","contentUrl":"https:\/\/www.cbh-cyprus.com\/app\/uploads\/sites\/30\/2020\/10\/cbh.jpg","width":1013,"height":419,"caption":"Constantinou Bros Hotels"},"image":{"@id":"https:\/\/www.cbh-cyprus.com\/it\/#\/schema\/logo\/image\/"}}]}},"_links":{"self":[{"href":"https:\/\/www.cbh-cyprus.com\/it\/wp-json\/wp\/v2\/pages\/20980","targetHints":{"allow":["GET"]}}],"collection":[{"href":"https:\/\/www.cbh-cyprus.com\/it\/wp-json\/wp\/v2\/pages"}],"about":[{"href":"https:\/\/www.cbh-cyprus.com\/it\/wp-json\/wp\/v2\/types\/page"}],"author":[{"embeddable":true,"href":"https:\/\/www.cbh-cyprus.com\/it\/wp-json\/wp\/v2\/users\/100"}],"replies":[{"embeddable":true,"href":"https:\/\/www.cbh-cyprus.com\/it\/wp-json\/wp\/v2\/comments?post=20980"}],"version-history":[{"count":2,"href":"https:\/\/www.cbh-cyprus.com\/it\/wp-json\/wp\/v2\/pages\/20980\/revisions"}],"predecessor-version":[{"id":37155,"href":"https:\/\/www.cbh-cyprus.com\/it\/wp-json\/wp\/v2\/pages\/20980\/revisions\/37155"}],"wp:featuredmedia":[{"embeddable":true,"href":"https:\/\/www.cbh-cyprus.com\/it\/wp-json\/wp\/v2\/media\/20981"}],"wp:attachment":[{"href":"https:\/\/www.cbh-cyprus.com\/it\/wp-json\/wp\/v2\/media?parent=20980"}],"curies":[{"name":"wp","href":"https:\/\/api.w.org\/{rel}","templated":true}]}}