{"id":20995,"date":"2022-07-08T13:45:09","date_gmt":"2022-07-08T10:45:09","guid":{"rendered":"https:\/\/www.cbh-cyprus.com\/adults-focused-holidays\/"},"modified":"2024-09-13T11:45:22","modified_gmt":"2024-09-13T08:45:22","slug":"adults-focused-holidays","status":"publish","type":"page","link":"https:\/\/www.cbh-cyprus.com\/it\/adults-focused-holidays\/","title":{"rendered":"Vacanze per soli adulti"},"content":{"rendered":"<h1>Si conceda delle tranquille vacanze per soli adulti a Cipro<\/h1>\n<p>&nbsp;  I Constantinou Bros Hotels offrono vacanze per soli adulti in un ambiente rilassante e privo di bambini, con giornate tranquille a bordo piscina e un programma di intrattenimento e svago incentrato sulla creazione della sua vacanza perfetta per soli adulti.<br \/>\nI Constantinou Bros Hotels sono rinomati per aver sviluppato il concetto di vacanza per soli adulti a Paphos e offrono una gamma di hotel adatti al suo budget e alle sue esigenze di vacanza.<br \/>\nL&#8217;<strong>Athena Royal Beach Hotel<\/strong> \u00e8 un hotel Superior elegante e moderno di fronte alla spiaggia, situato all&#8217;interno di un parco lussuoso, che offre un&#8217;ampia gamma di strutture per il tempo libero, tra cui tre piscine d&#8217;acqua dolce a forma libera e vasche idromassaggio, una piscina interna riscaldata, un campo da tennis, campi da bocce all&#8217;aperto e al coperto.<br \/>\nL&#8217;hotel \u00e8 stato progettato esclusivamente per gli adulti e offre un ambiente veramente rilassante e tranquillo.<br \/>\nIl <strong>Pioneer Beach Hotel<\/strong> \u00e8 un resort supremo di fronte alla spiaggia che offre un comfort eccezionale e una ricchezza di servizi in un&#8217;atmosfera rilassata e amichevole, rivolta esclusivamente ad adulti e coppie esigenti.<br \/>\nIl Pioneer Beach Hotel dispone di un&#8217;ampia gamma di strutture per il tempo libero e lo sport, tra cui una piscina all&#8217;aperto e al coperto, una vasca idromassaggio, un campo da tennis e campi da bocce all&#8217;aperto e al coperto.<br \/>\nL&#8217;<strong>Athena Beach Hotel<\/strong> \u00e8 un albergo di categoria superiore che \u00e8 stato sontuosamente rinnovato e generosamente aggiornato con ancora pi\u00f9 strutture, offrendo con orgoglio agli ospiti uno standard superbo di servizio e comfort, equivalente a quello di un lussuoso hotel a 5 stelle.<br \/>\nInoltre, l&#8217;Athena Beach Hotel offre una zona esclusiva dedicata agli adulti (di et\u00e0 superiore ai 16 anni), che comprende una piscina separata, un&#8217;area per prendere il sole, un &#8216;Adult Pool Bar&#8217; a bordo piscina e un ristorante per soli adulti per colazione e cena.<br \/>\nL&#8217;<strong>Asimina Suites Hotel<\/strong> \u00e8 un hotel 5 stelle con sole suite, con lussuose strutture alberghiere e termali e una vasta gamma di opzioni di ristorazione all&#8217;aperto e al chiuso, immerso in giardini maturi e ben curati su una meravigliosa spiaggia sabbiosa, e si rivolge esclusivamente ad adulti esigenti che apprezzano un ambiente esclusivo e veramente tranquillo per un relax totale.          &nbsp;<\/p>\n","protected":false},"excerpt":{"rendered":"<p>Si conceda delle tranquille vacanze per soli adulti a Cipro &nbsp; I Constantinou Bros Hotels offrono vacanze per soli adulti in un ambiente rilassante e privo di bambini, con giornate tranquille a bordo piscina e un programma di intrattenimento e svago incentrato sulla creazione della sua vacanza perfetta per soli adulti. I Constantinou Bros Hotels<\/p>\n","protected":false},"author":100,"featured_media":20996,"parent":0,"menu_order":0,"comment_status":"closed","ping_status":"closed","template":"","meta":{"_acf_changed":false,"footnotes":""},"class_list":["post-20995","page","type-page","status-publish","has-post-thumbnail","hentry"],"acf":[],"yoast_head":"<!-- This site is optimized with the Yoast SEO plugin v27.3 - https:\/\/yoast.com\/product\/yoast-seo-wordpress\/ -->\n<title>Vacanze per soli adulti a Cipro - Constantinou Bros Hotels<\/title>\n<meta name=\"description\" content=\"I Constantinou Bros Hotels creano il concetto di vacanza per soli adulti a Paphos, Cipro, attraverso una gamma di hotel adatti al suo budget e alle sue esigenze.\" \/>\n<meta name=\"robots\" content=\"index, follow, max-snippet:-1, max-image-preview:large, max-video-preview:-1\" \/>\n<link rel=\"canonical\" href=\"https:\/\/www.cbh-cyprus.com\/it\/adults-focused-holidays\/\" \/>\n<meta property=\"og:locale\" content=\"it_IT\" \/>\n<meta property=\"og:type\" content=\"article\" \/>\n<meta property=\"og:title\" content=\"Vacanze per soli adulti a Cipro - Constantinou Bros Hotels\" \/>\n<meta property=\"og:description\" content=\"I Constantinou Bros Hotels creano il concetto di vacanza per soli adulti a Paphos, Cipro, attraverso una gamma di hotel adatti al suo budget e alle sue esigenze.\" \/>\n<meta property=\"og:url\" content=\"https:\/\/www.cbh-cyprus.com\/it\/adults-focused-holidays\/\" \/>\n<meta property=\"og:site_name\" content=\"Constantinou Bros Hotels\" \/>\n<meta property=\"article:modified_time\" content=\"2024-09-13T08:45:22+00:00\" \/>\n<meta property=\"og:image\" content=\"https:\/\/www.cbh-cyprus.com\/app\/uploads\/sites\/30\/2019\/10\/42-asimina-suites-hotel-private-dinner-by-the-beach_resized.jpg\" \/>\n\t<meta property=\"og:image:width\" content=\"1920\" \/>\n\t<meta property=\"og:image:height\" content=\"1277\" \/>\n\t<meta property=\"og:image:type\" content=\"image\/jpeg\" \/>\n<meta name=\"twitter:card\" content=\"summary_large_image\" \/>\n<meta name=\"twitter:label1\" content=\"Tempo di lettura stimato\" \/>\n\t<meta name=\"twitter:data1\" content=\"3 minuti\" \/>\n<script type=\"application\/ld+json\" class=\"yoast-schema-graph\">{\"@context\":\"https:\\\/\\\/schema.org\",\"@graph\":[{\"@type\":\"WebPage\",\"@id\":\"https:\\\/\\\/www.cbh-cyprus.com\\\/it\\\/adults-focused-holidays\\\/\",\"url\":\"https:\\\/\\\/www.cbh-cyprus.com\\\/it\\\/adults-focused-holidays\\\/\",\"name\":\"Vacanze per soli adulti a Cipro - Constantinou Bros Hotels\",\"isPartOf\":{\"@id\":\"https:\\\/\\\/www.cbh-cyprus.com\\\/it\\\/#website\"},\"primaryImageOfPage\":{\"@id\":\"https:\\\/\\\/www.cbh-cyprus.com\\\/it\\\/adults-focused-holidays\\\/#primaryimage\"},\"image\":{\"@id\":\"https:\\\/\\\/www.cbh-cyprus.com\\\/it\\\/adults-focused-holidays\\\/#primaryimage\"},\"thumbnailUrl\":\"https:\\\/\\\/www.cbh-cyprus.com\\\/app\\\/uploads\\\/sites\\\/30\\\/2019\\\/10\\\/42-asimina-suites-hotel-private-dinner-by-the-beach_resized.jpg\",\"datePublished\":\"2022-07-08T10:45:09+00:00\",\"dateModified\":\"2024-09-13T08:45:22+00:00\",\"description\":\"I Constantinou Bros Hotels creano il concetto di vacanza per soli adulti a Paphos, Cipro, attraverso una gamma di hotel adatti al suo budget e alle sue esigenze.\",\"breadcrumb\":{\"@id\":\"https:\\\/\\\/www.cbh-cyprus.com\\\/it\\\/adults-focused-holidays\\\/#breadcrumb\"},\"inLanguage\":\"it-IT\",\"potentialAction\":[{\"@type\":\"ReadAction\",\"target\":[\"https:\\\/\\\/www.cbh-cyprus.com\\\/it\\\/adults-focused-holidays\\\/\"]}]},{\"@type\":\"ImageObject\",\"inLanguage\":\"it-IT\",\"@id\":\"https:\\\/\\\/www.cbh-cyprus.com\\\/it\\\/adults-focused-holidays\\\/#primaryimage\",\"url\":\"https:\\\/\\\/www.cbh-cyprus.com\\\/app\\\/uploads\\\/sites\\\/30\\\/2019\\\/10\\\/42-asimina-suites-hotel-private-dinner-by-the-beach_resized.jpg\",\"contentUrl\":\"https:\\\/\\\/www.cbh-cyprus.com\\\/app\\\/uploads\\\/sites\\\/30\\\/2019\\\/10\\\/42-asimina-suites-hotel-private-dinner-by-the-beach_resized.jpg\",\"width\":1920,\"height\":1277},{\"@type\":\"BreadcrumbList\",\"@id\":\"https:\\\/\\\/www.cbh-cyprus.com\\\/it\\\/adults-focused-holidays\\\/#breadcrumb\",\"itemListElement\":[{\"@type\":\"ListItem\",\"position\":1,\"name\":\"Home\",\"item\":\"https:\\\/\\\/www.cbh-cyprus.com\\\/it\\\/benvenuti-a-costantinou-bros-hotels\\\/\"},{\"@type\":\"ListItem\",\"position\":2,\"name\":\"Vacanze per soli adulti\"}]},{\"@type\":\"WebSite\",\"@id\":\"https:\\\/\\\/www.cbh-cyprus.com\\\/it\\\/#website\",\"url\":\"https:\\\/\\\/www.cbh-cyprus.com\\\/it\\\/\",\"name\":\"Constantinou Bros Hotels\",\"description\":\"Constantinou Bros Hotels\",\"publisher\":{\"@id\":\"https:\\\/\\\/www.cbh-cyprus.com\\\/it\\\/#organization\"},\"potentialAction\":[{\"@type\":\"SearchAction\",\"target\":{\"@type\":\"EntryPoint\",\"urlTemplate\":\"https:\\\/\\\/www.cbh-cyprus.com\\\/it\\\/?s={search_term_string}\"},\"query-input\":{\"@type\":\"PropertyValueSpecification\",\"valueRequired\":true,\"valueName\":\"search_term_string\"}}],\"inLanguage\":\"it-IT\"},{\"@type\":\"Organization\",\"@id\":\"https:\\\/\\\/www.cbh-cyprus.com\\\/it\\\/#organization\",\"name\":\"Constantinou Bros Hotels\",\"url\":\"https:\\\/\\\/www.cbh-cyprus.com\\\/it\\\/\",\"logo\":{\"@type\":\"ImageObject\",\"inLanguage\":\"it-IT\",\"@id\":\"https:\\\/\\\/www.cbh-cyprus.com\\\/it\\\/#\\\/schema\\\/logo\\\/image\\\/\",\"url\":\"https:\\\/\\\/www.cbh-cyprus.com\\\/app\\\/uploads\\\/sites\\\/30\\\/2020\\\/10\\\/cbh.jpg\",\"contentUrl\":\"https:\\\/\\\/www.cbh-cyprus.com\\\/app\\\/uploads\\\/sites\\\/30\\\/2020\\\/10\\\/cbh.jpg\",\"width\":1013,\"height\":419,\"caption\":\"Constantinou Bros Hotels\"},\"image\":{\"@id\":\"https:\\\/\\\/www.cbh-cyprus.com\\\/it\\\/#\\\/schema\\\/logo\\\/image\\\/\"}}]}<\/script>\n<!-- \/ Yoast SEO plugin. -->","yoast_head_json":{"title":"Vacanze per soli adulti a Cipro - Constantinou Bros Hotels","description":"I Constantinou Bros Hotels creano il concetto di vacanza per soli adulti a Paphos, Cipro, attraverso una gamma di hotel adatti al suo budget e alle sue esigenze.","robots":{"index":"index","follow":"follow","max-snippet":"max-snippet:-1","max-image-preview":"max-image-preview:large","max-video-preview":"max-video-preview:-1"},"canonical":"https:\/\/www.cbh-cyprus.com\/it\/adults-focused-holidays\/","og_locale":"it_IT","og_type":"article","og_title":"Vacanze per soli adulti a Cipro - Constantinou Bros Hotels","og_description":"I Constantinou Bros Hotels creano il concetto di vacanza per soli adulti a Paphos, Cipro, attraverso una gamma di hotel adatti al suo budget e alle sue esigenze.","og_url":"https:\/\/www.cbh-cyprus.com\/it\/adults-focused-holidays\/","og_site_name":"Constantinou Bros Hotels","article_modified_time":"2024-09-13T08:45:22+00:00","og_image":[{"width":1920,"height":1277,"url":"https:\/\/www.cbh-cyprus.com\/app\/uploads\/sites\/30\/2019\/10\/42-asimina-suites-hotel-private-dinner-by-the-beach_resized.jpg","type":"image\/jpeg"}],"twitter_card":"summary_large_image","twitter_misc":{"Tempo di lettura stimato":"3 minuti"},"schema":{"@context":"https:\/\/schema.org","@graph":[{"@type":"WebPage","@id":"https:\/\/www.cbh-cyprus.com\/it\/adults-focused-holidays\/","url":"https:\/\/www.cbh-cyprus.com\/it\/adults-focused-holidays\/","name":"Vacanze per soli adulti a Cipro - Constantinou Bros Hotels","isPartOf":{"@id":"https:\/\/www.cbh-cyprus.com\/it\/#website"},"primaryImageOfPage":{"@id":"https:\/\/www.cbh-cyprus.com\/it\/adults-focused-holidays\/#primaryimage"},"image":{"@id":"https:\/\/www.cbh-cyprus.com\/it\/adults-focused-holidays\/#primaryimage"},"thumbnailUrl":"https:\/\/www.cbh-cyprus.com\/app\/uploads\/sites\/30\/2019\/10\/42-asimina-suites-hotel-private-dinner-by-the-beach_resized.jpg","datePublished":"2022-07-08T10:45:09+00:00","dateModified":"2024-09-13T08:45:22+00:00","description":"I Constantinou Bros Hotels creano il concetto di vacanza per soli adulti a Paphos, Cipro, attraverso una gamma di hotel adatti al suo budget e alle sue esigenze.","breadcrumb":{"@id":"https:\/\/www.cbh-cyprus.com\/it\/adults-focused-holidays\/#breadcrumb"},"inLanguage":"it-IT","potentialAction":[{"@type":"ReadAction","target":["https:\/\/www.cbh-cyprus.com\/it\/adults-focused-holidays\/"]}]},{"@type":"ImageObject","inLanguage":"it-IT","@id":"https:\/\/www.cbh-cyprus.com\/it\/adults-focused-holidays\/#primaryimage","url":"https:\/\/www.cbh-cyprus.com\/app\/uploads\/sites\/30\/2019\/10\/42-asimina-suites-hotel-private-dinner-by-the-beach_resized.jpg","contentUrl":"https:\/\/www.cbh-cyprus.com\/app\/uploads\/sites\/30\/2019\/10\/42-asimina-suites-hotel-private-dinner-by-the-beach_resized.jpg","width":1920,"height":1277},{"@type":"BreadcrumbList","@id":"https:\/\/www.cbh-cyprus.com\/it\/adults-focused-holidays\/#breadcrumb","itemListElement":[{"@type":"ListItem","position":1,"name":"Home","item":"https:\/\/www.cbh-cyprus.com\/it\/benvenuti-a-costantinou-bros-hotels\/"},{"@type":"ListItem","position":2,"name":"Vacanze per soli adulti"}]},{"@type":"WebSite","@id":"https:\/\/www.cbh-cyprus.com\/it\/#website","url":"https:\/\/www.cbh-cyprus.com\/it\/","name":"Constantinou Bros Hotels","description":"Constantinou Bros Hotels","publisher":{"@id":"https:\/\/www.cbh-cyprus.com\/it\/#organization"},"potentialAction":[{"@type":"SearchAction","target":{"@type":"EntryPoint","urlTemplate":"https:\/\/www.cbh-cyprus.com\/it\/?s={search_term_string}"},"query-input":{"@type":"PropertyValueSpecification","valueRequired":true,"valueName":"search_term_string"}}],"inLanguage":"it-IT"},{"@type":"Organization","@id":"https:\/\/www.cbh-cyprus.com\/it\/#organization","name":"Constantinou Bros Hotels","url":"https:\/\/www.cbh-cyprus.com\/it\/","logo":{"@type":"ImageObject","inLanguage":"it-IT","@id":"https:\/\/www.cbh-cyprus.com\/it\/#\/schema\/logo\/image\/","url":"https:\/\/www.cbh-cyprus.com\/app\/uploads\/sites\/30\/2020\/10\/cbh.jpg","contentUrl":"https:\/\/www.cbh-cyprus.com\/app\/uploads\/sites\/30\/2020\/10\/cbh.jpg","width":1013,"height":419,"caption":"Constantinou Bros Hotels"},"image":{"@id":"https:\/\/www.cbh-cyprus.com\/it\/#\/schema\/logo\/image\/"}}]}},"_links":{"self":[{"href":"https:\/\/www.cbh-cyprus.com\/it\/wp-json\/wp\/v2\/pages\/20995","targetHints":{"allow":["GET"]}}],"collection":[{"href":"https:\/\/www.cbh-cyprus.com\/it\/wp-json\/wp\/v2\/pages"}],"about":[{"href":"https:\/\/www.cbh-cyprus.com\/it\/wp-json\/wp\/v2\/types\/page"}],"author":[{"embeddable":true,"href":"https:\/\/www.cbh-cyprus.com\/it\/wp-json\/wp\/v2\/users\/100"}],"replies":[{"embeddable":true,"href":"https:\/\/www.cbh-cyprus.com\/it\/wp-json\/wp\/v2\/comments?post=20995"}],"version-history":[{"count":4,"href":"https:\/\/www.cbh-cyprus.com\/it\/wp-json\/wp\/v2\/pages\/20995\/revisions"}],"predecessor-version":[{"id":41240,"href":"https:\/\/www.cbh-cyprus.com\/it\/wp-json\/wp\/v2\/pages\/20995\/revisions\/41240"}],"wp:featuredmedia":[{"embeddable":true,"href":"https:\/\/www.cbh-cyprus.com\/it\/wp-json\/wp\/v2\/media\/20996"}],"wp:attachment":[{"href":"https:\/\/www.cbh-cyprus.com\/it\/wp-json\/wp\/v2\/media?parent=20995"}],"curies":[{"name":"wp","href":"https:\/\/api.w.org\/{rel}","templated":true}]}}