{"id":20998,"date":"2022-07-08T13:45:36","date_gmt":"2022-07-08T10:45:36","guid":{"rendered":"https:\/\/www.cbh-cyprus.com\/elite-class\/"},"modified":"2024-11-13T12:53:51","modified_gmt":"2024-11-13T10:53:51","slug":"elite-class","status":"publish","type":"page","link":"https:\/\/www.cbh-cyprus.com\/it\/elite-class\/","title":{"rendered":"Classe Elite"},"content":{"rendered":"<p style=\"text-align: center;\"><img loading=\"lazy\" decoding=\"async\" class=\"aligncenter wp-image-9953\" src=\"https:\/\/www.cbh-cyprus.com\/app\/uploads\/sites\/30\/2021\/07\/Constantinou-Bros-Hotels-Elite-Class-600x259.jpg\" alt=\"\" width=\"304\" height=\"131\" srcset=\"https:\/\/www.cbh-cyprus.com\/app\/uploads\/sites\/30\/2021\/07\/Constantinou-Bros-Hotels-Elite-Class-600x259.jpg 600w, https:\/\/www.cbh-cyprus.com\/app\/uploads\/sites\/30\/2021\/07\/Constantinou-Bros-Hotels-Elite-Class-768x331.jpg 768w, https:\/\/www.cbh-cyprus.com\/app\/uploads\/sites\/30\/2021\/07\/Constantinou-Bros-Hotels-Elite-Class.jpg 1015w\" sizes=\"auto, (max-width: 304px) 100vw, 304px\" \/><\/p>\n<h1 class=\"home-pages-title title-size text-center pt-5 font-regular\">Un divertimento senza limiti nei nostri hotel a Cipro, Paphos<\/h1>\n<p>&nbsp;<\/p>\n<h2>Un mondo di privilegi<\/h2>\n<p>&nbsp;<\/p>\n<p>Scopra una classe di servizio impareggiabile, un&#8217;esperienza a 5 stelle disponibile per lei quando prenota una sistemazione nelle categorie Superior, Superior Deluxe e Suite.<br \/>\nCon un check-in esclusivo, opzioni di ristorazione dedicate e molti servizi aggiuntivi, la Classe Elite offre un soggiorno incomparabile che supera le sue aspettative. <\/p>\n<h3>Vantaggi extra<\/h3>\n<p>Gli ospiti che prenotano una camera superior, una camera superior deluxe o una suite ricevono i seguenti vantaggi esclusivi:<\/p>\n<ul class=\"checkIcon\">\n<li>Camere in posizione migliore<\/li>\n<li>Esclusivo check-in VIP con drink di benvenuto e asciugamani freddi<\/li>\n<li>Check-out tardivo gratuito fino alle 18:00 (soggetto a disponibilit\u00e0)<\/li>\n<li>Sala colazione esclusiva dedicata fino alle ore 11:00<\/li>\n<li>Frutta e vino all&#8217;arrivo<\/li>\n<li>Sauna e bagno turco gratuiti (soggetti a disponibilit\u00e0)<\/li>\n<li>Servizio di couverture (su tipi di camera selezionati)<\/li>\n<li>TV satellitare LCD a schermo piatto da 40 pollici (su alcune tipologie di camera)<\/li>\n<li>Cabana privata con lettini (per alcune tipologie di camera)<\/li>\n<li>Accesso esclusivo al St. Andrew&#8217;s Rooftop Bar (Athena Beach Hotel &#8211; Solo adulti 16+)<\/li>\n<li>Men\u00f9 fisso nel ristorante A la Carte per la cena &#8211; se la vostra base di alloggio include la cena (soggetto a disponibilit\u00e0)<\/li>\n<li>I vantaggi del Pacchetto Premium Upgraded (Ultra all inclusive) includono una scelta illimitata di pasti al ristorante \u00e0 la carte (la prenotazione \u00e8 obbligatoria e soggetta a disponibilit\u00e0) e un mini bar rifornito all&#8217;arrivo con rifornimento giornaliero di caff\u00e8\/t\u00e8\/espresso e bevande analcoliche.<br \/>\nUna bottiglia d&#8217;acqua viene fornita ogni pomeriggio in camera e una bottiglia di Champagne viene offerta un giorno prima della partenza. <\/li>\n<li>10% di sconto su campi da golf selezionati (se prenotati tramite l&#8217;hotel)<\/li>\n<li>L&#8217;uso gratuito delle strutture di Green Bowls (soggetto a disponibilit\u00e0 e prenotazione) \u00e8 disponibile per gli ospiti individuali, che non fanno parte di un gruppo organizzato con un programma prestabilito.<\/li>\n<\/ul>\n","protected":false},"excerpt":{"rendered":"<p>Un divertimento senza limiti nei nostri hotel a Cipro, Paphos &nbsp; Un mondo di privilegi &nbsp; Scopra una classe di servizio impareggiabile, un&#8217;esperienza a 5 stelle disponibile per lei quando prenota una sistemazione nelle categorie Superior, Superior Deluxe e Suite. Con un check-in esclusivo, opzioni di ristorazione dedicate e molti servizi aggiuntivi, la Classe Elite<\/p>\n","protected":false},"author":100,"featured_media":21052,"parent":0,"menu_order":0,"comment_status":"closed","ping_status":"closed","template":"","meta":{"_acf_changed":false,"footnotes":""},"class_list":["post-20998","page","type-page","status-publish","has-post-thumbnail","hentry"],"acf":[],"yoast_head":"<!-- This site is optimized with the Yoast SEO plugin v27.3 - https:\/\/yoast.com\/product\/yoast-seo-wordpress\/ -->\n<title>Hotel di lusso a Cipro, Paphos || Constantinou Bros Hotels<\/title>\n<meta name=\"description\" content=\"Diventi Elite Class nei Constantinou Bros Hotels, apra un mondo di privilegi e goda dei numerosi vantaggi offerti dai nostri hotel di lusso a Cipro, Paphos.\" \/>\n<meta name=\"robots\" content=\"index, follow, max-snippet:-1, max-image-preview:large, max-video-preview:-1\" \/>\n<link rel=\"canonical\" href=\"https:\/\/www.cbh-cyprus.com\/it\/elite-class\/\" \/>\n<meta property=\"og:locale\" content=\"it_IT\" \/>\n<meta property=\"og:type\" content=\"article\" \/>\n<meta property=\"og:title\" content=\"Hotel di lusso a Cipro, Paphos || Constantinou Bros Hotels\" \/>\n<meta property=\"og:description\" content=\"Diventi Elite Class nei Constantinou Bros Hotels, apra un mondo di privilegi e goda dei numerosi vantaggi offerti dai nostri hotel di lusso a Cipro, Paphos.\" \/>\n<meta property=\"og:url\" content=\"https:\/\/www.cbh-cyprus.com\/it\/elite-class\/\" \/>\n<meta property=\"og:site_name\" content=\"Constantinou Bros Hotels\" \/>\n<meta property=\"article:modified_time\" content=\"2024-11-13T10:53:51+00:00\" \/>\n<meta property=\"og:image\" content=\"https:\/\/www.cbh-cyprus.com\/app\/uploads\/sites\/30\/2019\/05\/4-athena-beach-hotel-pool-sea-view_resized.jpg\" \/>\n\t<meta property=\"og:image:width\" content=\"1920\" \/>\n\t<meta property=\"og:image:height\" content=\"1280\" \/>\n\t<meta property=\"og:image:type\" content=\"image\/jpeg\" \/>\n<meta name=\"twitter:card\" content=\"summary_large_image\" \/>\n<meta name=\"twitter:label1\" content=\"Tempo di lettura stimato\" \/>\n\t<meta name=\"twitter:data1\" content=\"2 minuti\" \/>\n<script type=\"application\/ld+json\" class=\"yoast-schema-graph\">{\"@context\":\"https:\\\/\\\/schema.org\",\"@graph\":[{\"@type\":\"WebPage\",\"@id\":\"https:\\\/\\\/www.cbh-cyprus.com\\\/it\\\/elite-class\\\/\",\"url\":\"https:\\\/\\\/www.cbh-cyprus.com\\\/it\\\/elite-class\\\/\",\"name\":\"Hotel di lusso a Cipro, Paphos || Constantinou Bros Hotels\",\"isPartOf\":{\"@id\":\"https:\\\/\\\/www.cbh-cyprus.com\\\/it\\\/#website\"},\"primaryImageOfPage\":{\"@id\":\"https:\\\/\\\/www.cbh-cyprus.com\\\/it\\\/elite-class\\\/#primaryimage\"},\"image\":{\"@id\":\"https:\\\/\\\/www.cbh-cyprus.com\\\/it\\\/elite-class\\\/#primaryimage\"},\"thumbnailUrl\":\"https:\\\/\\\/www.cbh-cyprus.com\\\/app\\\/uploads\\\/sites\\\/30\\\/2019\\\/05\\\/4-athena-beach-hotel-pool-sea-view_resized.jpg\",\"datePublished\":\"2022-07-08T10:45:36+00:00\",\"dateModified\":\"2024-11-13T10:53:51+00:00\",\"description\":\"Diventi Elite Class nei Constantinou Bros Hotels, apra un mondo di privilegi e goda dei numerosi vantaggi offerti dai nostri hotel di lusso a Cipro, Paphos.\",\"breadcrumb\":{\"@id\":\"https:\\\/\\\/www.cbh-cyprus.com\\\/it\\\/elite-class\\\/#breadcrumb\"},\"inLanguage\":\"it-IT\",\"potentialAction\":[{\"@type\":\"ReadAction\",\"target\":[\"https:\\\/\\\/www.cbh-cyprus.com\\\/it\\\/elite-class\\\/\"]}]},{\"@type\":\"ImageObject\",\"inLanguage\":\"it-IT\",\"@id\":\"https:\\\/\\\/www.cbh-cyprus.com\\\/it\\\/elite-class\\\/#primaryimage\",\"url\":\"https:\\\/\\\/www.cbh-cyprus.com\\\/app\\\/uploads\\\/sites\\\/30\\\/2019\\\/05\\\/4-athena-beach-hotel-pool-sea-view_resized.jpg\",\"contentUrl\":\"https:\\\/\\\/www.cbh-cyprus.com\\\/app\\\/uploads\\\/sites\\\/30\\\/2019\\\/05\\\/4-athena-beach-hotel-pool-sea-view_resized.jpg\",\"width\":1920,\"height\":1280},{\"@type\":\"BreadcrumbList\",\"@id\":\"https:\\\/\\\/www.cbh-cyprus.com\\\/it\\\/elite-class\\\/#breadcrumb\",\"itemListElement\":[{\"@type\":\"ListItem\",\"position\":1,\"name\":\"Home\",\"item\":\"https:\\\/\\\/www.cbh-cyprus.com\\\/it\\\/benvenuti-a-costantinou-bros-hotels\\\/\"},{\"@type\":\"ListItem\",\"position\":2,\"name\":\"Classe Elite\"}]},{\"@type\":\"WebSite\",\"@id\":\"https:\\\/\\\/www.cbh-cyprus.com\\\/it\\\/#website\",\"url\":\"https:\\\/\\\/www.cbh-cyprus.com\\\/it\\\/\",\"name\":\"Constantinou Bros Hotels\",\"description\":\"Constantinou Bros Hotels\",\"publisher\":{\"@id\":\"https:\\\/\\\/www.cbh-cyprus.com\\\/it\\\/#organization\"},\"potentialAction\":[{\"@type\":\"SearchAction\",\"target\":{\"@type\":\"EntryPoint\",\"urlTemplate\":\"https:\\\/\\\/www.cbh-cyprus.com\\\/it\\\/?s={search_term_string}\"},\"query-input\":{\"@type\":\"PropertyValueSpecification\",\"valueRequired\":true,\"valueName\":\"search_term_string\"}}],\"inLanguage\":\"it-IT\"},{\"@type\":\"Organization\",\"@id\":\"https:\\\/\\\/www.cbh-cyprus.com\\\/it\\\/#organization\",\"name\":\"Constantinou Bros Hotels\",\"url\":\"https:\\\/\\\/www.cbh-cyprus.com\\\/it\\\/\",\"logo\":{\"@type\":\"ImageObject\",\"inLanguage\":\"it-IT\",\"@id\":\"https:\\\/\\\/www.cbh-cyprus.com\\\/it\\\/#\\\/schema\\\/logo\\\/image\\\/\",\"url\":\"https:\\\/\\\/www.cbh-cyprus.com\\\/app\\\/uploads\\\/sites\\\/30\\\/2020\\\/10\\\/cbh.jpg\",\"contentUrl\":\"https:\\\/\\\/www.cbh-cyprus.com\\\/app\\\/uploads\\\/sites\\\/30\\\/2020\\\/10\\\/cbh.jpg\",\"width\":1013,\"height\":419,\"caption\":\"Constantinou Bros Hotels\"},\"image\":{\"@id\":\"https:\\\/\\\/www.cbh-cyprus.com\\\/it\\\/#\\\/schema\\\/logo\\\/image\\\/\"}}]}<\/script>\n<!-- \/ Yoast SEO plugin. -->","yoast_head_json":{"title":"Hotel di lusso a Cipro, Paphos || Constantinou Bros Hotels","description":"Diventi Elite Class nei Constantinou Bros Hotels, apra un mondo di privilegi e goda dei numerosi vantaggi offerti dai nostri hotel di lusso a Cipro, Paphos.","robots":{"index":"index","follow":"follow","max-snippet":"max-snippet:-1","max-image-preview":"max-image-preview:large","max-video-preview":"max-video-preview:-1"},"canonical":"https:\/\/www.cbh-cyprus.com\/it\/elite-class\/","og_locale":"it_IT","og_type":"article","og_title":"Hotel di lusso a Cipro, Paphos || Constantinou Bros Hotels","og_description":"Diventi Elite Class nei Constantinou Bros Hotels, apra un mondo di privilegi e goda dei numerosi vantaggi offerti dai nostri hotel di lusso a Cipro, Paphos.","og_url":"https:\/\/www.cbh-cyprus.com\/it\/elite-class\/","og_site_name":"Constantinou Bros Hotels","article_modified_time":"2024-11-13T10:53:51+00:00","og_image":[{"width":1920,"height":1280,"url":"https:\/\/www.cbh-cyprus.com\/app\/uploads\/sites\/30\/2019\/05\/4-athena-beach-hotel-pool-sea-view_resized.jpg","type":"image\/jpeg"}],"twitter_card":"summary_large_image","twitter_misc":{"Tempo di lettura stimato":"2 minuti"},"schema":{"@context":"https:\/\/schema.org","@graph":[{"@type":"WebPage","@id":"https:\/\/www.cbh-cyprus.com\/it\/elite-class\/","url":"https:\/\/www.cbh-cyprus.com\/it\/elite-class\/","name":"Hotel di lusso a Cipro, Paphos || Constantinou Bros Hotels","isPartOf":{"@id":"https:\/\/www.cbh-cyprus.com\/it\/#website"},"primaryImageOfPage":{"@id":"https:\/\/www.cbh-cyprus.com\/it\/elite-class\/#primaryimage"},"image":{"@id":"https:\/\/www.cbh-cyprus.com\/it\/elite-class\/#primaryimage"},"thumbnailUrl":"https:\/\/www.cbh-cyprus.com\/app\/uploads\/sites\/30\/2019\/05\/4-athena-beach-hotel-pool-sea-view_resized.jpg","datePublished":"2022-07-08T10:45:36+00:00","dateModified":"2024-11-13T10:53:51+00:00","description":"Diventi Elite Class nei Constantinou Bros Hotels, apra un mondo di privilegi e goda dei numerosi vantaggi offerti dai nostri hotel di lusso a Cipro, Paphos.","breadcrumb":{"@id":"https:\/\/www.cbh-cyprus.com\/it\/elite-class\/#breadcrumb"},"inLanguage":"it-IT","potentialAction":[{"@type":"ReadAction","target":["https:\/\/www.cbh-cyprus.com\/it\/elite-class\/"]}]},{"@type":"ImageObject","inLanguage":"it-IT","@id":"https:\/\/www.cbh-cyprus.com\/it\/elite-class\/#primaryimage","url":"https:\/\/www.cbh-cyprus.com\/app\/uploads\/sites\/30\/2019\/05\/4-athena-beach-hotel-pool-sea-view_resized.jpg","contentUrl":"https:\/\/www.cbh-cyprus.com\/app\/uploads\/sites\/30\/2019\/05\/4-athena-beach-hotel-pool-sea-view_resized.jpg","width":1920,"height":1280},{"@type":"BreadcrumbList","@id":"https:\/\/www.cbh-cyprus.com\/it\/elite-class\/#breadcrumb","itemListElement":[{"@type":"ListItem","position":1,"name":"Home","item":"https:\/\/www.cbh-cyprus.com\/it\/benvenuti-a-costantinou-bros-hotels\/"},{"@type":"ListItem","position":2,"name":"Classe Elite"}]},{"@type":"WebSite","@id":"https:\/\/www.cbh-cyprus.com\/it\/#website","url":"https:\/\/www.cbh-cyprus.com\/it\/","name":"Constantinou Bros Hotels","description":"Constantinou Bros Hotels","publisher":{"@id":"https:\/\/www.cbh-cyprus.com\/it\/#organization"},"potentialAction":[{"@type":"SearchAction","target":{"@type":"EntryPoint","urlTemplate":"https:\/\/www.cbh-cyprus.com\/it\/?s={search_term_string}"},"query-input":{"@type":"PropertyValueSpecification","valueRequired":true,"valueName":"search_term_string"}}],"inLanguage":"it-IT"},{"@type":"Organization","@id":"https:\/\/www.cbh-cyprus.com\/it\/#organization","name":"Constantinou Bros Hotels","url":"https:\/\/www.cbh-cyprus.com\/it\/","logo":{"@type":"ImageObject","inLanguage":"it-IT","@id":"https:\/\/www.cbh-cyprus.com\/it\/#\/schema\/logo\/image\/","url":"https:\/\/www.cbh-cyprus.com\/app\/uploads\/sites\/30\/2020\/10\/cbh.jpg","contentUrl":"https:\/\/www.cbh-cyprus.com\/app\/uploads\/sites\/30\/2020\/10\/cbh.jpg","width":1013,"height":419,"caption":"Constantinou Bros Hotels"},"image":{"@id":"https:\/\/www.cbh-cyprus.com\/it\/#\/schema\/logo\/image\/"}}]}},"_links":{"self":[{"href":"https:\/\/www.cbh-cyprus.com\/it\/wp-json\/wp\/v2\/pages\/20998","targetHints":{"allow":["GET"]}}],"collection":[{"href":"https:\/\/www.cbh-cyprus.com\/it\/wp-json\/wp\/v2\/pages"}],"about":[{"href":"https:\/\/www.cbh-cyprus.com\/it\/wp-json\/wp\/v2\/types\/page"}],"author":[{"embeddable":true,"href":"https:\/\/www.cbh-cyprus.com\/it\/wp-json\/wp\/v2\/users\/100"}],"replies":[{"embeddable":true,"href":"https:\/\/www.cbh-cyprus.com\/it\/wp-json\/wp\/v2\/comments?post=20998"}],"version-history":[{"count":8,"href":"https:\/\/www.cbh-cyprus.com\/it\/wp-json\/wp\/v2\/pages\/20998\/revisions"}],"predecessor-version":[{"id":42387,"href":"https:\/\/www.cbh-cyprus.com\/it\/wp-json\/wp\/v2\/pages\/20998\/revisions\/42387"}],"wp:featuredmedia":[{"embeddable":true,"href":"https:\/\/www.cbh-cyprus.com\/it\/wp-json\/wp\/v2\/media\/21052"}],"wp:attachment":[{"href":"https:\/\/www.cbh-cyprus.com\/it\/wp-json\/wp\/v2\/media?parent=20998"}],"curies":[{"name":"wp","href":"https:\/\/api.w.org\/{rel}","templated":true}]}}