{"id":21085,"date":"2022-07-08T13:50:48","date_gmt":"2022-07-08T10:50:48","guid":{"rendered":"https:\/\/www.cbh-cyprus.com\/guests-loyalty-club\/"},"modified":"2025-08-05T13:10:18","modified_gmt":"2025-08-05T10:10:18","slug":"guests-loyalty-club","status":"publish","type":"page","link":"https:\/\/www.cbh-cyprus.com\/it\/guests-loyalty-club\/","title":{"rendered":"Club fedelt\u00e0 per gli ospiti"},"content":{"rendered":"<p>Come ospite dei Constantinou Bros Hotels \u00e8 abituato alla nostra ospitalit\u00e0 e al nostro servizio di prima classe. Potr\u00e0 godere di un tipo di vacanza ancora pi\u00f9 gratificante diventando membro del nostro Club Fedelt\u00e0 Ospiti, che abbiamo creato in segno di apprezzamento per la sua preferenza verso i nostri hotel. <\/p>\n<p>Il Club Fedelt\u00e0 Ospiti \u00e8 il programma di fidelizzazione di Constantinou Bros Hotels che offre ai nostri clienti abituali, i nostri ospiti di valore, una serie di privilegi e vantaggi.<\/p>\n<p>Il Club Fedelt\u00e0 degli Ospiti \u00e8 aperto a tutti i clienti che hanno soggiornato, almeno una volta, in uno dei Constantinou Bros Hotels. Forse ha gi\u00e0 deciso di tornare nello stesso hotel o forse desidera provare un altro hotel della nostra catena. <\/p>\n<p>In qualit\u00e0 di membri del Club Fedelt\u00e0 degli Ospiti, sar\u00e0 accolto e trattato come un amico speciale e potr\u00e0 godere di vantaggi e sconti extra in tutti gli Hotel Constantinou Bros che sceglier\u00e0.<\/p>\n","protected":false},"excerpt":{"rendered":"<p>Come ospite dei Constantinou Bros Hotels \u00e8 abituato alla nostra ospitalit\u00e0 e al nostro servizio di prima classe. Potr\u00e0 godere di un tipo di vacanza ancora pi\u00f9 gratificante diventando membro del nostro Club Fedelt\u00e0 Ospiti, che abbiamo creato in segno di apprezzamento per la sua preferenza verso i nostri hotel. Il Club Fedelt\u00e0 Ospiti \u00e8<\/p>\n","protected":false},"author":100,"featured_media":42880,"parent":0,"menu_order":0,"comment_status":"closed","ping_status":"closed","template":"page-templates\/loyalty-new.php","meta":{"_acf_changed":false,"footnotes":""},"class_list":["post-21085","page","type-page","status-publish","has-post-thumbnail","hentry"],"acf":[],"yoast_head":"<!-- This site is optimized with the Yoast SEO plugin v27.4 - https:\/\/yoast.com\/product\/yoast-seo-wordpress\/ -->\n<title>Club fedelt\u00e0 degli ospiti negli hotel di Paphos || Constantinou Bros Hotels<\/title>\n<meta name=\"description\" content=\"I nostri ospiti ripetitori possono diventare membri Blu o Argento dei club fedelt\u00e0 dei Constantinou Bros Hotels negli hotel di Paphos, godendo di una serie di privilegi e vantaggi.\" \/>\n<meta name=\"robots\" content=\"index, follow, max-snippet:-1, max-image-preview:large, max-video-preview:-1\" \/>\n<link rel=\"canonical\" href=\"https:\/\/www.cbh-cyprus.com\/it\/guests-loyalty-club\/\" \/>\n<meta property=\"og:locale\" content=\"it_IT\" \/>\n<meta property=\"og:type\" content=\"article\" \/>\n<meta property=\"og:title\" content=\"Club fedelt\u00e0 degli ospiti negli hotel di Paphos || Constantinou Bros Hotels\" \/>\n<meta property=\"og:description\" content=\"I nostri ospiti ripetitori possono diventare membri Blu o Argento dei club fedelt\u00e0 dei Constantinou Bros Hotels negli hotel di Paphos, godendo di una serie di privilegi e vantaggi.\" \/>\n<meta property=\"og:url\" content=\"https:\/\/www.cbh-cyprus.com\/it\/guests-loyalty-club\/\" \/>\n<meta property=\"og:site_name\" content=\"Constantinou Bros Hotels\" \/>\n<meta property=\"article:modified_time\" content=\"2025-08-05T10:10:18+00:00\" \/>\n<meta property=\"og:image\" content=\"https:\/\/www.cbh-cyprus.com\/app\/uploads\/sites\/30\/2024\/12\/31-ATHENA-BEACH-HOTEL-HELIOS-BEACH-BAR.jpg\" \/>\n\t<meta property=\"og:image:width\" content=\"2000\" \/>\n\t<meta property=\"og:image:height\" content=\"1333\" \/>\n\t<meta property=\"og:image:type\" content=\"image\/jpeg\" \/>\n<meta name=\"twitter:card\" content=\"summary_large_image\" \/>\n<meta name=\"twitter:label1\" content=\"Tempo di lettura stimato\" \/>\n\t<meta name=\"twitter:data1\" content=\"1 minuto\" \/>\n<script type=\"application\/ld+json\" class=\"yoast-schema-graph\">{\"@context\":\"https:\\\/\\\/schema.org\",\"@graph\":[{\"@type\":\"WebPage\",\"@id\":\"https:\\\/\\\/www.cbh-cyprus.com\\\/it\\\/guests-loyalty-club\\\/\",\"url\":\"https:\\\/\\\/www.cbh-cyprus.com\\\/it\\\/guests-loyalty-club\\\/\",\"name\":\"Club fedelt\u00e0 degli ospiti negli hotel di Paphos || Constantinou Bros Hotels\",\"isPartOf\":{\"@id\":\"https:\\\/\\\/www.cbh-cyprus.com\\\/it\\\/#website\"},\"primaryImageOfPage\":{\"@id\":\"https:\\\/\\\/www.cbh-cyprus.com\\\/it\\\/guests-loyalty-club\\\/#primaryimage\"},\"image\":{\"@id\":\"https:\\\/\\\/www.cbh-cyprus.com\\\/it\\\/guests-loyalty-club\\\/#primaryimage\"},\"thumbnailUrl\":\"https:\\\/\\\/www.cbh-cyprus.com\\\/app\\\/uploads\\\/sites\\\/30\\\/2024\\\/12\\\/31-ATHENA-BEACH-HOTEL-HELIOS-BEACH-BAR.jpg\",\"datePublished\":\"2022-07-08T10:50:48+00:00\",\"dateModified\":\"2025-08-05T10:10:18+00:00\",\"description\":\"I nostri ospiti ripetitori possono diventare membri Blu o Argento dei club fedelt\u00e0 dei Constantinou Bros Hotels negli hotel di Paphos, godendo di una serie di privilegi e vantaggi.\",\"breadcrumb\":{\"@id\":\"https:\\\/\\\/www.cbh-cyprus.com\\\/it\\\/guests-loyalty-club\\\/#breadcrumb\"},\"inLanguage\":\"it-IT\",\"potentialAction\":[{\"@type\":\"ReadAction\",\"target\":[\"https:\\\/\\\/www.cbh-cyprus.com\\\/it\\\/guests-loyalty-club\\\/\"]}]},{\"@type\":\"ImageObject\",\"inLanguage\":\"it-IT\",\"@id\":\"https:\\\/\\\/www.cbh-cyprus.com\\\/it\\\/guests-loyalty-club\\\/#primaryimage\",\"url\":\"https:\\\/\\\/www.cbh-cyprus.com\\\/app\\\/uploads\\\/sites\\\/30\\\/2024\\\/12\\\/31-ATHENA-BEACH-HOTEL-HELIOS-BEACH-BAR.jpg\",\"contentUrl\":\"https:\\\/\\\/www.cbh-cyprus.com\\\/app\\\/uploads\\\/sites\\\/30\\\/2024\\\/12\\\/31-ATHENA-BEACH-HOTEL-HELIOS-BEACH-BAR.jpg\",\"width\":2000,\"height\":1333},{\"@type\":\"BreadcrumbList\",\"@id\":\"https:\\\/\\\/www.cbh-cyprus.com\\\/it\\\/guests-loyalty-club\\\/#breadcrumb\",\"itemListElement\":[{\"@type\":\"ListItem\",\"position\":1,\"name\":\"Home\",\"item\":\"https:\\\/\\\/www.cbh-cyprus.com\\\/it\\\/benvenuti-a-costantinou-bros-hotels\\\/\"},{\"@type\":\"ListItem\",\"position\":2,\"name\":\"Club fedelt\u00e0 per gli ospiti\"}]},{\"@type\":\"WebSite\",\"@id\":\"https:\\\/\\\/www.cbh-cyprus.com\\\/it\\\/#website\",\"url\":\"https:\\\/\\\/www.cbh-cyprus.com\\\/it\\\/\",\"name\":\"Constantinou Bros Hotels\",\"description\":\"Constantinou Bros Hotels\",\"publisher\":{\"@id\":\"https:\\\/\\\/www.cbh-cyprus.com\\\/it\\\/#organization\"},\"potentialAction\":[{\"@type\":\"SearchAction\",\"target\":{\"@type\":\"EntryPoint\",\"urlTemplate\":\"https:\\\/\\\/www.cbh-cyprus.com\\\/it\\\/?s={search_term_string}\"},\"query-input\":{\"@type\":\"PropertyValueSpecification\",\"valueRequired\":true,\"valueName\":\"search_term_string\"}}],\"inLanguage\":\"it-IT\"},{\"@type\":\"Organization\",\"@id\":\"https:\\\/\\\/www.cbh-cyprus.com\\\/it\\\/#organization\",\"name\":\"Constantinou Bros Hotels\",\"url\":\"https:\\\/\\\/www.cbh-cyprus.com\\\/it\\\/\",\"logo\":{\"@type\":\"ImageObject\",\"inLanguage\":\"it-IT\",\"@id\":\"https:\\\/\\\/www.cbh-cyprus.com\\\/it\\\/#\\\/schema\\\/logo\\\/image\\\/\",\"url\":\"https:\\\/\\\/www.cbh-cyprus.com\\\/app\\\/uploads\\\/sites\\\/30\\\/2020\\\/10\\\/cbh.jpg\",\"contentUrl\":\"https:\\\/\\\/www.cbh-cyprus.com\\\/app\\\/uploads\\\/sites\\\/30\\\/2020\\\/10\\\/cbh.jpg\",\"width\":1013,\"height\":419,\"caption\":\"Constantinou Bros Hotels\"},\"image\":{\"@id\":\"https:\\\/\\\/www.cbh-cyprus.com\\\/it\\\/#\\\/schema\\\/logo\\\/image\\\/\"}}]}<\/script>\n<!-- \/ Yoast SEO plugin. -->","yoast_head_json":{"title":"Club fedelt\u00e0 degli ospiti negli hotel di Paphos || Constantinou Bros Hotels","description":"I nostri ospiti ripetitori possono diventare membri Blu o Argento dei club fedelt\u00e0 dei Constantinou Bros Hotels negli hotel di Paphos, godendo di una serie di privilegi e vantaggi.","robots":{"index":"index","follow":"follow","max-snippet":"max-snippet:-1","max-image-preview":"max-image-preview:large","max-video-preview":"max-video-preview:-1"},"canonical":"https:\/\/www.cbh-cyprus.com\/it\/guests-loyalty-club\/","og_locale":"it_IT","og_type":"article","og_title":"Club fedelt\u00e0 degli ospiti negli hotel di Paphos || Constantinou Bros Hotels","og_description":"I nostri ospiti ripetitori possono diventare membri Blu o Argento dei club fedelt\u00e0 dei Constantinou Bros Hotels negli hotel di Paphos, godendo di una serie di privilegi e vantaggi.","og_url":"https:\/\/www.cbh-cyprus.com\/it\/guests-loyalty-club\/","og_site_name":"Constantinou Bros Hotels","article_modified_time":"2025-08-05T10:10:18+00:00","og_image":[{"width":2000,"height":1333,"url":"https:\/\/www.cbh-cyprus.com\/app\/uploads\/sites\/30\/2024\/12\/31-ATHENA-BEACH-HOTEL-HELIOS-BEACH-BAR.jpg","type":"image\/jpeg"}],"twitter_card":"summary_large_image","twitter_misc":{"Tempo di lettura stimato":"1 minuto"},"schema":{"@context":"https:\/\/schema.org","@graph":[{"@type":"WebPage","@id":"https:\/\/www.cbh-cyprus.com\/it\/guests-loyalty-club\/","url":"https:\/\/www.cbh-cyprus.com\/it\/guests-loyalty-club\/","name":"Club fedelt\u00e0 degli ospiti negli hotel di Paphos || Constantinou Bros Hotels","isPartOf":{"@id":"https:\/\/www.cbh-cyprus.com\/it\/#website"},"primaryImageOfPage":{"@id":"https:\/\/www.cbh-cyprus.com\/it\/guests-loyalty-club\/#primaryimage"},"image":{"@id":"https:\/\/www.cbh-cyprus.com\/it\/guests-loyalty-club\/#primaryimage"},"thumbnailUrl":"https:\/\/www.cbh-cyprus.com\/app\/uploads\/sites\/30\/2024\/12\/31-ATHENA-BEACH-HOTEL-HELIOS-BEACH-BAR.jpg","datePublished":"2022-07-08T10:50:48+00:00","dateModified":"2025-08-05T10:10:18+00:00","description":"I nostri ospiti ripetitori possono diventare membri Blu o Argento dei club fedelt\u00e0 dei Constantinou Bros Hotels negli hotel di Paphos, godendo di una serie di privilegi e vantaggi.","breadcrumb":{"@id":"https:\/\/www.cbh-cyprus.com\/it\/guests-loyalty-club\/#breadcrumb"},"inLanguage":"it-IT","potentialAction":[{"@type":"ReadAction","target":["https:\/\/www.cbh-cyprus.com\/it\/guests-loyalty-club\/"]}]},{"@type":"ImageObject","inLanguage":"it-IT","@id":"https:\/\/www.cbh-cyprus.com\/it\/guests-loyalty-club\/#primaryimage","url":"https:\/\/www.cbh-cyprus.com\/app\/uploads\/sites\/30\/2024\/12\/31-ATHENA-BEACH-HOTEL-HELIOS-BEACH-BAR.jpg","contentUrl":"https:\/\/www.cbh-cyprus.com\/app\/uploads\/sites\/30\/2024\/12\/31-ATHENA-BEACH-HOTEL-HELIOS-BEACH-BAR.jpg","width":2000,"height":1333},{"@type":"BreadcrumbList","@id":"https:\/\/www.cbh-cyprus.com\/it\/guests-loyalty-club\/#breadcrumb","itemListElement":[{"@type":"ListItem","position":1,"name":"Home","item":"https:\/\/www.cbh-cyprus.com\/it\/benvenuti-a-costantinou-bros-hotels\/"},{"@type":"ListItem","position":2,"name":"Club fedelt\u00e0 per gli ospiti"}]},{"@type":"WebSite","@id":"https:\/\/www.cbh-cyprus.com\/it\/#website","url":"https:\/\/www.cbh-cyprus.com\/it\/","name":"Constantinou Bros Hotels","description":"Constantinou Bros Hotels","publisher":{"@id":"https:\/\/www.cbh-cyprus.com\/it\/#organization"},"potentialAction":[{"@type":"SearchAction","target":{"@type":"EntryPoint","urlTemplate":"https:\/\/www.cbh-cyprus.com\/it\/?s={search_term_string}"},"query-input":{"@type":"PropertyValueSpecification","valueRequired":true,"valueName":"search_term_string"}}],"inLanguage":"it-IT"},{"@type":"Organization","@id":"https:\/\/www.cbh-cyprus.com\/it\/#organization","name":"Constantinou Bros Hotels","url":"https:\/\/www.cbh-cyprus.com\/it\/","logo":{"@type":"ImageObject","inLanguage":"it-IT","@id":"https:\/\/www.cbh-cyprus.com\/it\/#\/schema\/logo\/image\/","url":"https:\/\/www.cbh-cyprus.com\/app\/uploads\/sites\/30\/2020\/10\/cbh.jpg","contentUrl":"https:\/\/www.cbh-cyprus.com\/app\/uploads\/sites\/30\/2020\/10\/cbh.jpg","width":1013,"height":419,"caption":"Constantinou Bros Hotels"},"image":{"@id":"https:\/\/www.cbh-cyprus.com\/it\/#\/schema\/logo\/image\/"}}]}},"_links":{"self":[{"href":"https:\/\/www.cbh-cyprus.com\/it\/wp-json\/wp\/v2\/pages\/21085","targetHints":{"allow":["GET"]}}],"collection":[{"href":"https:\/\/www.cbh-cyprus.com\/it\/wp-json\/wp\/v2\/pages"}],"about":[{"href":"https:\/\/www.cbh-cyprus.com\/it\/wp-json\/wp\/v2\/types\/page"}],"author":[{"embeddable":true,"href":"https:\/\/www.cbh-cyprus.com\/it\/wp-json\/wp\/v2\/users\/100"}],"replies":[{"embeddable":true,"href":"https:\/\/www.cbh-cyprus.com\/it\/wp-json\/wp\/v2\/comments?post=21085"}],"version-history":[{"count":5,"href":"https:\/\/www.cbh-cyprus.com\/it\/wp-json\/wp\/v2\/pages\/21085\/revisions"}],"predecessor-version":[{"id":45889,"href":"https:\/\/www.cbh-cyprus.com\/it\/wp-json\/wp\/v2\/pages\/21085\/revisions\/45889"}],"wp:featuredmedia":[{"embeddable":true,"href":"https:\/\/www.cbh-cyprus.com\/it\/wp-json\/wp\/v2\/media\/42880"}],"wp:attachment":[{"href":"https:\/\/www.cbh-cyprus.com\/it\/wp-json\/wp\/v2\/media?parent=21085"}],"curies":[{"name":"wp","href":"https:\/\/api.w.org\/{rel}","templated":true}]}}