{"id":21703,"date":"2020-09-13T12:00:40","date_gmt":"2020-09-13T09:00:40","guid":{"rendered":"https:\/\/www.cbh-cyprus.com\/?page_id=21703"},"modified":"2024-09-13T11:41:30","modified_gmt":"2024-09-13T08:41:30","slug":"vacanze-golf","status":"publish","type":"page","link":"https:\/\/www.cbh-cyprus.com\/it\/activities\/vacanze-golf\/","title":{"rendered":"Vacanze all&#8217;insegna del golf"},"content":{"rendered":"<h1>Sperimenti delle indimenticabili vacanze di golf a Cipro con CONSTANTINOU BROS HOTELS<\/h1>\n<p>&nbsp;  Ciascuno dei quattro campi da golf \u00e8 facilmente raggiungibile da tutti i CONSTANTINOU BROS HOTELS.<br \/>\nSebbene il golf a Cipro sia ancora relativamente nuovo, sta gi\u00e0 dimostrando di essere una destinazione golfistica di primo piano.<br \/>\nPrenoti i suoi tee time per il golf direttamente in hotel, per approfittare delle nostre tariffe esclusive per gli ospiti che soggiornano in sistemazioni di classe Elite e degli sconti speciali per i residenti dell&#8217;hotel.<br \/>\nSi rivolga al nostro Servizio Ospiti per ulteriori informazioni. <strong>Minthis Golf Club<\/strong> Un bellissimo e impegnativo campo da golf che si snoda accanto a un monastero del XII secolo, con viste mozzafiato sulle Montagne Troodos e oltre, il golf a Minthis \u00e8 un&#8217;esperienza unica e di carattere.<br \/>\nProgettato dal leggendario architetto Donald Steel nel 1994 e rinnovato dai rinomati progettisti di campi da golf Mackenzie &amp; Ebert, il campo si trova a circa.<br \/>\n20 km dall&#8217;hotel. <strong>Aphrodite Hills<\/strong> \u00e8 caratterizzato da un magnifico campo da golf da campionato, da una magnifica Clubhouse e da un paesaggio mozzafiato.<br \/>\nIl pluripremiato campo da golf \u00e8 stato progettato dall&#8217;acclamato architetto Cabell Robinson.<br \/>\nI servizi aggiuntivi di Aphrodite Hills Golf includono un&#8217;ampia area di pratica con due grandi putting green e un&#8217;area per il gioco corto. <strong>Secret Valley<\/strong> Il Secret Valley Golf Course \u00e8 un campo da golf di grande prestigio situato nella rinomata area di Petra tou Romiou, il leggendario luogo di nascita di Afrodite, la Dea dell&#8217;amore.<br \/>\nCome suggerisce il nome, il campo si snoda tra le splendide valli delle montagne circostanti, a breve distanza da Paphos.<br \/>\nIl campo da golf \u00e8 circondato da una matura vegetazione cipriota e da splendide formazioni rocciose naturali che creano un&#8217;oasi di calma e tranquillit\u00e0 con viste spettacolari sul Mar Mediterraneo, il tutto per offrire agli ospiti un&#8217;esperienza di golf cipriota davvero unica. <strong>Elea Golf<\/strong> Situato nel cuore della prestigiosa e pluripremiata Tenuta di El\u00e9a a Cipro, l&#8217;El\u00e9a Golf Club offre un golf di livello mondiale in un ambiente straordinario.<br \/>\nL&#8217;El\u00e9a Estate Golf Club si trova vicino alla citt\u00e0 di Paphos, nel sud-ovest di Cipro, ed \u00e8 circondato da un impressionante paesaggio mediterraneo.<br \/>\nIl campo da golf \u00e8 stato creato per sfidare i golfisti di ogni livello in un layout impegnativo ma molto giocabile, in condizioni immacolate.             <\/p>\n<table width=\"614\">\n<thead>\n<tr>\n<td><strong> <\/strong><\/td>\n<td width=\"124\"><strong>Campo da golf Aphrodite Hills<\/strong><\/td>\n<td width=\"113\"><strong>Valle Segreta <\/strong><\/td>\n<td width=\"113\"><strong>Golf Club Minthis<\/strong><\/td>\n<td width=\"113\"><strong>Elea golf <\/strong><\/td>\n<\/tr>\n<tr>\n<td><strong>Buche:<\/strong><\/td>\n<td width=\"124\">18<\/td>\n<td width=\"113\">18<\/td>\n<td width=\"113\">18<\/td>\n<td width=\"113\">18<\/td>\n<\/tr>\n<\/thead>\n<tbody>\n<tr>\n<td><strong>Par:<\/strong><\/td>\n<td width=\"124\">71<\/td>\n<td width=\"113\">71<\/td>\n<td width=\"113\">72<\/td>\n<td width=\"113\">71<\/td>\n<\/tr>\n<tr>\n<td><strong>Lunghezza:<\/strong><\/td>\n<td width=\"124\">6289 m<\/td>\n<td width=\"113\">5989 m<\/td>\n<td width=\"113\">5902 m<\/td>\n<td width=\"113\">6194 m<\/td>\n<\/tr>\n<tr>\n<td><strong>Uomini Handicap:<\/strong><\/td>\n<td width=\"124\">28<\/td>\n<td width=\"113\">28<\/td>\n<td width=\"113\">36<\/td>\n<td width=\"113\">28<\/td>\n<\/tr>\n<tr>\n<td><strong>Handicap donne:<\/strong><\/td>\n<td width=\"124\">36<\/td>\n<td width=\"113\">36<\/td>\n<td width=\"113\">36<\/td>\n<td width=\"113\">36<\/td>\n<\/tr>\n<tr>\n<td><strong>Distanza dagli Hotel Constantinou Bros  <\/strong><\/td>\n<td width=\"124\">Circa.<br \/>\n25 km <\/td>\n<td width=\"113\">Circa.<br \/>\n25 km <\/td>\n<td width=\"113\">Circa.<br \/>\n18 km <\/td>\n<td width=\"113\">Circa.<br \/>\n6 km <\/td>\n<\/tr>\n<\/tbody>\n<\/table>\n","protected":false},"excerpt":{"rendered":"<p>Sperimenti delle indimenticabili vacanze di golf a Cipro con CONSTANTINOU BROS HOTELS &nbsp; Ciascuno dei quattro campi da golf \u00e8 facilmente raggiungibile da tutti i CONSTANTINOU BROS HOTELS. Sebbene il golf a Cipro sia ancora relativamente nuovo, sta gi\u00e0 dimostrando di essere una destinazione golfistica di primo piano. Prenoti i suoi tee time per il<\/p>\n","protected":false},"author":100,"featured_media":21722,"parent":21101,"menu_order":0,"comment_status":"closed","ping_status":"closed","template":"","meta":{"_acf_changed":false,"footnotes":""},"class_list":["post-21703","page","type-page","status-publish","has-post-thumbnail","hentry"],"acf":[],"yoast_head":"<!-- This site is optimized with the Yoast SEO plugin v27.3 - https:\/\/yoast.com\/product\/yoast-seo-wordpress\/ -->\n<title>Vacanze di golf - Hotel Constantinou Bros<\/title>\n<meta name=\"description\" content=\"I Constantinou Bros Hotels offrono agli appassionati di golf ottime sistemazioni e tariffe speciali per i tee time, per un concetto perfetto di vacanza all&#039;insegna del golf a Paphos, Cipro.\" \/>\n<meta name=\"robots\" content=\"index, follow, max-snippet:-1, max-image-preview:large, max-video-preview:-1\" \/>\n<link rel=\"canonical\" href=\"https:\/\/www.cbh-cyprus.com\/it\/activities\/vacanze-golf\/\" \/>\n<meta property=\"og:locale\" content=\"it_IT\" \/>\n<meta property=\"og:type\" content=\"article\" \/>\n<meta property=\"og:title\" content=\"Vacanze di golf - Hotel Constantinou Bros\" \/>\n<meta property=\"og:description\" content=\"I Constantinou Bros Hotels offrono agli appassionati di golf ottime sistemazioni e tariffe speciali per i tee time, per un concetto perfetto di vacanza all&#039;insegna del golf a Paphos, Cipro.\" \/>\n<meta property=\"og:url\" content=\"https:\/\/www.cbh-cyprus.com\/it\/activities\/vacanze-golf\/\" \/>\n<meta property=\"og:site_name\" content=\"Constantinou Bros Hotels\" \/>\n<meta property=\"article:modified_time\" content=\"2024-09-13T08:41:30+00:00\" \/>\n<meta property=\"og:image\" content=\"https:\/\/www.cbh-cyprus.com\/app\/uploads\/sites\/30\/2022\/07\/Minthis-new-greens-bunkers-e1657714190659.jpg\" \/>\n\t<meta property=\"og:image:width\" content=\"4000\" \/>\n\t<meta property=\"og:image:height\" content=\"2316\" \/>\n\t<meta property=\"og:image:type\" content=\"image\/jpeg\" \/>\n<meta name=\"twitter:card\" content=\"summary_large_image\" \/>\n<meta name=\"twitter:label1\" content=\"Tempo di lettura stimato\" \/>\n\t<meta name=\"twitter:data1\" content=\"2 minuti\" \/>\n<script type=\"application\/ld+json\" class=\"yoast-schema-graph\">{\"@context\":\"https:\\\/\\\/schema.org\",\"@graph\":[{\"@type\":\"WebPage\",\"@id\":\"https:\\\/\\\/www.cbh-cyprus.com\\\/it\\\/activities\\\/vacanze-golf\\\/\",\"url\":\"https:\\\/\\\/www.cbh-cyprus.com\\\/it\\\/activities\\\/vacanze-golf\\\/\",\"name\":\"Vacanze di golf - Hotel Constantinou Bros\",\"isPartOf\":{\"@id\":\"https:\\\/\\\/www.cbh-cyprus.com\\\/it\\\/#website\"},\"primaryImageOfPage\":{\"@id\":\"https:\\\/\\\/www.cbh-cyprus.com\\\/it\\\/activities\\\/vacanze-golf\\\/#primaryimage\"},\"image\":{\"@id\":\"https:\\\/\\\/www.cbh-cyprus.com\\\/it\\\/activities\\\/vacanze-golf\\\/#primaryimage\"},\"thumbnailUrl\":\"https:\\\/\\\/www.cbh-cyprus.com\\\/app\\\/uploads\\\/sites\\\/30\\\/2022\\\/07\\\/Minthis-new-greens-bunkers-e1657714190659.jpg\",\"datePublished\":\"2020-09-13T09:00:40+00:00\",\"dateModified\":\"2024-09-13T08:41:30+00:00\",\"description\":\"I Constantinou Bros Hotels offrono agli appassionati di golf ottime sistemazioni e tariffe speciali per i tee time, per un concetto perfetto di vacanza all'insegna del golf a Paphos, Cipro.\",\"breadcrumb\":{\"@id\":\"https:\\\/\\\/www.cbh-cyprus.com\\\/it\\\/activities\\\/vacanze-golf\\\/#breadcrumb\"},\"inLanguage\":\"it-IT\",\"potentialAction\":[{\"@type\":\"ReadAction\",\"target\":[\"https:\\\/\\\/www.cbh-cyprus.com\\\/it\\\/activities\\\/vacanze-golf\\\/\"]}]},{\"@type\":\"ImageObject\",\"inLanguage\":\"it-IT\",\"@id\":\"https:\\\/\\\/www.cbh-cyprus.com\\\/it\\\/activities\\\/vacanze-golf\\\/#primaryimage\",\"url\":\"https:\\\/\\\/www.cbh-cyprus.com\\\/app\\\/uploads\\\/sites\\\/30\\\/2022\\\/07\\\/Minthis-new-greens-bunkers-e1657714190659.jpg\",\"contentUrl\":\"https:\\\/\\\/www.cbh-cyprus.com\\\/app\\\/uploads\\\/sites\\\/30\\\/2022\\\/07\\\/Minthis-new-greens-bunkers-e1657714190659.jpg\",\"width\":4000,\"height\":2316},{\"@type\":\"BreadcrumbList\",\"@id\":\"https:\\\/\\\/www.cbh-cyprus.com\\\/it\\\/activities\\\/vacanze-golf\\\/#breadcrumb\",\"itemListElement\":[{\"@type\":\"ListItem\",\"position\":1,\"name\":\"Home\",\"item\":\"https:\\\/\\\/www.cbh-cyprus.com\\\/it\\\/benvenuti-a-costantinou-bros-hotels\\\/\"},{\"@type\":\"ListItem\",\"position\":2,\"name\":\"Attivit\u00e0\",\"item\":\"https:\\\/\\\/www.cbh-cyprus.com\\\/it\\\/activities\\\/\"},{\"@type\":\"ListItem\",\"position\":3,\"name\":\"Vacanze all&#8217;insegna del golf\"}]},{\"@type\":\"WebSite\",\"@id\":\"https:\\\/\\\/www.cbh-cyprus.com\\\/it\\\/#website\",\"url\":\"https:\\\/\\\/www.cbh-cyprus.com\\\/it\\\/\",\"name\":\"Constantinou Bros Hotels\",\"description\":\"Constantinou Bros Hotels\",\"publisher\":{\"@id\":\"https:\\\/\\\/www.cbh-cyprus.com\\\/it\\\/#organization\"},\"potentialAction\":[{\"@type\":\"SearchAction\",\"target\":{\"@type\":\"EntryPoint\",\"urlTemplate\":\"https:\\\/\\\/www.cbh-cyprus.com\\\/it\\\/?s={search_term_string}\"},\"query-input\":{\"@type\":\"PropertyValueSpecification\",\"valueRequired\":true,\"valueName\":\"search_term_string\"}}],\"inLanguage\":\"it-IT\"},{\"@type\":\"Organization\",\"@id\":\"https:\\\/\\\/www.cbh-cyprus.com\\\/it\\\/#organization\",\"name\":\"Constantinou Bros Hotels\",\"url\":\"https:\\\/\\\/www.cbh-cyprus.com\\\/it\\\/\",\"logo\":{\"@type\":\"ImageObject\",\"inLanguage\":\"it-IT\",\"@id\":\"https:\\\/\\\/www.cbh-cyprus.com\\\/it\\\/#\\\/schema\\\/logo\\\/image\\\/\",\"url\":\"https:\\\/\\\/www.cbh-cyprus.com\\\/app\\\/uploads\\\/sites\\\/30\\\/2020\\\/10\\\/cbh.jpg\",\"contentUrl\":\"https:\\\/\\\/www.cbh-cyprus.com\\\/app\\\/uploads\\\/sites\\\/30\\\/2020\\\/10\\\/cbh.jpg\",\"width\":1013,\"height\":419,\"caption\":\"Constantinou Bros Hotels\"},\"image\":{\"@id\":\"https:\\\/\\\/www.cbh-cyprus.com\\\/it\\\/#\\\/schema\\\/logo\\\/image\\\/\"}}]}<\/script>\n<!-- \/ Yoast SEO plugin. -->","yoast_head_json":{"title":"Vacanze di golf - Hotel Constantinou Bros","description":"I Constantinou Bros Hotels offrono agli appassionati di golf ottime sistemazioni e tariffe speciali per i tee time, per un concetto perfetto di vacanza all'insegna del golf a Paphos, Cipro.","robots":{"index":"index","follow":"follow","max-snippet":"max-snippet:-1","max-image-preview":"max-image-preview:large","max-video-preview":"max-video-preview:-1"},"canonical":"https:\/\/www.cbh-cyprus.com\/it\/activities\/vacanze-golf\/","og_locale":"it_IT","og_type":"article","og_title":"Vacanze di golf - Hotel Constantinou Bros","og_description":"I Constantinou Bros Hotels offrono agli appassionati di golf ottime sistemazioni e tariffe speciali per i tee time, per un concetto perfetto di vacanza all'insegna del golf a Paphos, Cipro.","og_url":"https:\/\/www.cbh-cyprus.com\/it\/activities\/vacanze-golf\/","og_site_name":"Constantinou Bros Hotels","article_modified_time":"2024-09-13T08:41:30+00:00","og_image":[{"width":4000,"height":2316,"url":"https:\/\/www.cbh-cyprus.com\/app\/uploads\/sites\/30\/2022\/07\/Minthis-new-greens-bunkers-e1657714190659.jpg","type":"image\/jpeg"}],"twitter_card":"summary_large_image","twitter_misc":{"Tempo di lettura stimato":"2 minuti"},"schema":{"@context":"https:\/\/schema.org","@graph":[{"@type":"WebPage","@id":"https:\/\/www.cbh-cyprus.com\/it\/activities\/vacanze-golf\/","url":"https:\/\/www.cbh-cyprus.com\/it\/activities\/vacanze-golf\/","name":"Vacanze di golf - Hotel Constantinou Bros","isPartOf":{"@id":"https:\/\/www.cbh-cyprus.com\/it\/#website"},"primaryImageOfPage":{"@id":"https:\/\/www.cbh-cyprus.com\/it\/activities\/vacanze-golf\/#primaryimage"},"image":{"@id":"https:\/\/www.cbh-cyprus.com\/it\/activities\/vacanze-golf\/#primaryimage"},"thumbnailUrl":"https:\/\/www.cbh-cyprus.com\/app\/uploads\/sites\/30\/2022\/07\/Minthis-new-greens-bunkers-e1657714190659.jpg","datePublished":"2020-09-13T09:00:40+00:00","dateModified":"2024-09-13T08:41:30+00:00","description":"I Constantinou Bros Hotels offrono agli appassionati di golf ottime sistemazioni e tariffe speciali per i tee time, per un concetto perfetto di vacanza all'insegna del golf a Paphos, Cipro.","breadcrumb":{"@id":"https:\/\/www.cbh-cyprus.com\/it\/activities\/vacanze-golf\/#breadcrumb"},"inLanguage":"it-IT","potentialAction":[{"@type":"ReadAction","target":["https:\/\/www.cbh-cyprus.com\/it\/activities\/vacanze-golf\/"]}]},{"@type":"ImageObject","inLanguage":"it-IT","@id":"https:\/\/www.cbh-cyprus.com\/it\/activities\/vacanze-golf\/#primaryimage","url":"https:\/\/www.cbh-cyprus.com\/app\/uploads\/sites\/30\/2022\/07\/Minthis-new-greens-bunkers-e1657714190659.jpg","contentUrl":"https:\/\/www.cbh-cyprus.com\/app\/uploads\/sites\/30\/2022\/07\/Minthis-new-greens-bunkers-e1657714190659.jpg","width":4000,"height":2316},{"@type":"BreadcrumbList","@id":"https:\/\/www.cbh-cyprus.com\/it\/activities\/vacanze-golf\/#breadcrumb","itemListElement":[{"@type":"ListItem","position":1,"name":"Home","item":"https:\/\/www.cbh-cyprus.com\/it\/benvenuti-a-costantinou-bros-hotels\/"},{"@type":"ListItem","position":2,"name":"Attivit\u00e0","item":"https:\/\/www.cbh-cyprus.com\/it\/activities\/"},{"@type":"ListItem","position":3,"name":"Vacanze all&#8217;insegna del golf"}]},{"@type":"WebSite","@id":"https:\/\/www.cbh-cyprus.com\/it\/#website","url":"https:\/\/www.cbh-cyprus.com\/it\/","name":"Constantinou Bros Hotels","description":"Constantinou Bros Hotels","publisher":{"@id":"https:\/\/www.cbh-cyprus.com\/it\/#organization"},"potentialAction":[{"@type":"SearchAction","target":{"@type":"EntryPoint","urlTemplate":"https:\/\/www.cbh-cyprus.com\/it\/?s={search_term_string}"},"query-input":{"@type":"PropertyValueSpecification","valueRequired":true,"valueName":"search_term_string"}}],"inLanguage":"it-IT"},{"@type":"Organization","@id":"https:\/\/www.cbh-cyprus.com\/it\/#organization","name":"Constantinou Bros Hotels","url":"https:\/\/www.cbh-cyprus.com\/it\/","logo":{"@type":"ImageObject","inLanguage":"it-IT","@id":"https:\/\/www.cbh-cyprus.com\/it\/#\/schema\/logo\/image\/","url":"https:\/\/www.cbh-cyprus.com\/app\/uploads\/sites\/30\/2020\/10\/cbh.jpg","contentUrl":"https:\/\/www.cbh-cyprus.com\/app\/uploads\/sites\/30\/2020\/10\/cbh.jpg","width":1013,"height":419,"caption":"Constantinou Bros Hotels"},"image":{"@id":"https:\/\/www.cbh-cyprus.com\/it\/#\/schema\/logo\/image\/"}}]}},"_links":{"self":[{"href":"https:\/\/www.cbh-cyprus.com\/it\/wp-json\/wp\/v2\/pages\/21703","targetHints":{"allow":["GET"]}}],"collection":[{"href":"https:\/\/www.cbh-cyprus.com\/it\/wp-json\/wp\/v2\/pages"}],"about":[{"href":"https:\/\/www.cbh-cyprus.com\/it\/wp-json\/wp\/v2\/types\/page"}],"author":[{"embeddable":true,"href":"https:\/\/www.cbh-cyprus.com\/it\/wp-json\/wp\/v2\/users\/100"}],"replies":[{"embeddable":true,"href":"https:\/\/www.cbh-cyprus.com\/it\/wp-json\/wp\/v2\/comments?post=21703"}],"version-history":[{"count":10,"href":"https:\/\/www.cbh-cyprus.com\/it\/wp-json\/wp\/v2\/pages\/21703\/revisions"}],"predecessor-version":[{"id":37289,"href":"https:\/\/www.cbh-cyprus.com\/it\/wp-json\/wp\/v2\/pages\/21703\/revisions\/37289"}],"up":[{"embeddable":true,"href":"https:\/\/www.cbh-cyprus.com\/it\/wp-json\/wp\/v2\/pages\/21101"}],"wp:featuredmedia":[{"embeddable":true,"href":"https:\/\/www.cbh-cyprus.com\/it\/wp-json\/wp\/v2\/media\/21722"}],"wp:attachment":[{"href":"https:\/\/www.cbh-cyprus.com\/it\/wp-json\/wp\/v2\/media?parent=21703"}],"curies":[{"name":"wp","href":"https:\/\/api.w.org\/{rel}","templated":true}]}}