{"id":45848,"date":"2025-07-29T15:34:11","date_gmt":"2025-07-29T12:34:11","guid":{"rendered":"https:\/\/www.cbh-cyprus.com\/christmas-in-november\/"},"modified":"2025-07-29T15:34:23","modified_gmt":"2025-07-29T12:34:23","slug":"christmas-in-november","status":"publish","type":"page","link":"https:\/\/www.cbh-cyprus.com\/it\/hotels-entertainment-events\/christmas-in-november\/","title":{"rendered":"Natale a novembre"},"content":{"rendered":"<p>Vivere la magia del Natale a novembre nei Constantinou Bros Hotels.<\/p>\n<p>Con l&#8217;avvicinarsi della stagione delle feste, non c&#8217;\u00e8 modo migliore di dare il via ai festeggiamenti che all&#8217;<a href=\"http:\/\/www.athena-cbh.com\" target=\"_blank\" rel=\"noopener\">Athena Beach Hotel<\/a>, all&#8217;<a href=\"http:\/\/www.athenaroyal-cbh.com\" target=\"_blank\" rel=\"noopener\">Athena Royal Beach Hotel<\/a> e al <a href=\"http:\/\/www.pioneer-cbh.com\" target=\"_blank\" rel=\"noopener\">Pioneer Beach Hotel<\/a>, dove la aspetta il nostro evento simbolo, Natale a Novembre! La invitiamo ad immergersi in una serata indimenticabile, piena di gioia, delizie e magia che scalda il cuore. <\/p>\n<p>L&#8217;atmosfera nei nostri hotel si trasforma in un paese delle meraviglie invernale, dove lo spirito del Natale si anima con l&#8217;aroma confortante di biscotti appena sfornati, cioccolata calda e vin brul\u00e9. Il team eventi dei nostri hotel ha pianificato meticolosamente una serata incantevole. La musica dal vivo d\u00e0 il tono alla serata, esaltando l&#8217;atmosfera festosa con la serenata di musicisti di talento. E che cos&#8217;\u00e8 una celebrazione natalizia senza una visita speciale di Babbo Natale e dei suoi allegri elfi? Babbo Natale fa la sua grande entrata, portando risate, gioia e regali per tutti.    <\/p>\n<p>Questo evento \u00e8 stato progettato per riunire le famiglie e gli amici, rendendolo l&#8217;inizio perfetto della stagione delle vacanze. In un ambiente confortevole e accogliente, gli ospiti possono entrare in contatto tra loro, condividere l&#8217;allegria delle feste e creare ricordi indimenticabili. <\/p>\n<p><a href=\"https:\/\/www.cbh-cyprus.com\/app\/uploads\/sites\/30\/2025\/06\/002-scaled.jpg\" target=\"_blank\" rel=\"noopener\"><img loading=\"lazy\" decoding=\"async\" class=\"alignnone wp-image-45174 size-thumbnail\" src=\"https:\/\/www.cbh-cyprus.com\/app\/uploads\/sites\/30\/2025\/06\/002-300x300.jpg\" alt=\"\" width=\"300\" height=\"300\"><\/a> <a href=\"https:\/\/www.cbh-cyprus.com\/app\/uploads\/sites\/30\/2025\/06\/141-scaled.jpg\" target=\"_blank\" rel=\"noopener\"><img loading=\"lazy\" decoding=\"async\" class=\"alignnone wp-image-45249 size-thumbnail\" src=\"https:\/\/www.cbh-cyprus.com\/app\/uploads\/sites\/30\/2025\/06\/141-300x300.jpg\" alt=\"\" width=\"300\" height=\"300\"><\/a> <a href=\"https:\/\/www.cbh-cyprus.com\/app\/uploads\/sites\/30\/2025\/06\/104-1-scaled.jpg\" target=\"_blank\" rel=\"noopener\"><img loading=\"lazy\" decoding=\"async\" class=\"alignnone wp-image-45216 size-thumbnail\" src=\"https:\/\/www.cbh-cyprus.com\/app\/uploads\/sites\/30\/2025\/06\/104-1-300x300.jpg\" alt=\"\" width=\"300\" height=\"300\"><\/a><\/p>\n<p><a href=\"https:\/\/www.cbh-cyprus.com\/app\/uploads\/sites\/30\/2025\/06\/042-scaled.jpg\" target=\"_blank\" rel=\"noopener\"><img loading=\"lazy\" decoding=\"async\" class=\"alignnone wp-image-45198 size-thumbnail\" src=\"https:\/\/www.cbh-cyprus.com\/app\/uploads\/sites\/30\/2025\/06\/042-300x300.jpg\" alt=\"\" width=\"300\" height=\"300\"><\/a> <a href=\"https:\/\/www.cbh-cyprus.com\/app\/uploads\/sites\/30\/2025\/06\/028-scaled.jpg\" target=\"_blank\" rel=\"noopener\"><img loading=\"lazy\" decoding=\"async\" class=\"alignnone wp-image-45192 size-thumbnail\" src=\"https:\/\/www.cbh-cyprus.com\/app\/uploads\/sites\/30\/2025\/06\/028-300x300.jpg\" alt=\"\" width=\"300\" height=\"300\"><\/a> <a href=\"https:\/\/www.cbh-cyprus.com\/app\/uploads\/sites\/30\/2025\/06\/025-scaled.jpg\" target=\"_blank\" rel=\"noopener\"><img loading=\"lazy\" decoding=\"async\" class=\"alignnone wp-image-45186 size-thumbnail\" src=\"https:\/\/www.cbh-cyprus.com\/app\/uploads\/sites\/30\/2025\/06\/025-300x300.jpg\" alt=\"\" width=\"300\" height=\"300\"><\/a><\/p>\n<p><a href=\"https:\/\/www.cbh-cyprus.com\/app\/uploads\/sites\/30\/2025\/06\/083-scaled.jpg\" target=\"_blank\" rel=\"noopener\"><img loading=\"lazy\" decoding=\"async\" class=\"alignnone wp-image-45210 size-thumbnail\" src=\"https:\/\/www.cbh-cyprus.com\/app\/uploads\/sites\/30\/2025\/06\/083-300x300.jpg\" alt=\"\" width=\"300\" height=\"300\"><\/a> <a href=\"https:\/\/www.cbh-cyprus.com\/app\/uploads\/sites\/30\/2025\/06\/110-scaled.jpg\" target=\"_blank\" rel=\"noopener\"><img loading=\"lazy\" decoding=\"async\" class=\"alignnone wp-image-45222 size-thumbnail\" src=\"https:\/\/www.cbh-cyprus.com\/app\/uploads\/sites\/30\/2025\/06\/110-300x300.jpg\" alt=\"\" width=\"300\" height=\"300\"><\/a> <a href=\"https:\/\/www.cbh-cyprus.com\/app\/uploads\/sites\/30\/2025\/06\/008-scaled.jpg\" target=\"_blank\" rel=\"noopener\"><img loading=\"lazy\" decoding=\"async\" class=\"alignnone wp-image-45180 size-thumbnail\" src=\"https:\/\/www.cbh-cyprus.com\/app\/uploads\/sites\/30\/2025\/06\/008-300x300.jpg\" alt=\"\" width=\"300\" height=\"300\"><\/a><\/p>\n","protected":false},"excerpt":{"rendered":"<p>Vivere la magia del Natale a novembre nei Constantinou Bros Hotels. Con l&#8217;avvicinarsi della stagione delle feste, non c&#8217;\u00e8 modo migliore di dare il via ai festeggiamenti che all&#8217;Athena Beach Hotel, all&#8217;Athena Royal Beach Hotel e al Pioneer Beach Hotel, dove la aspetta il nostro evento simbolo, Natale a Novembre! La invitiamo ad immergersi in<\/p>\n","protected":false},"author":758,"featured_media":45241,"parent":45856,"menu_order":0,"comment_status":"closed","ping_status":"closed","template":"","meta":{"_acf_changed":false,"footnotes":""},"class_list":["post-45848","page","type-page","status-publish","has-post-thumbnail","hentry"],"acf":[],"yoast_head":"<!-- This site is optimized with the Yoast SEO plugin v27.4 - https:\/\/yoast.com\/product\/yoast-seo-wordpress\/ -->\n<title>Natale a novembre - Constantinou Bros Hotels<\/title>\n<meta name=\"robots\" content=\"noindex, nofollow\" \/>\n<meta property=\"og:locale\" content=\"it_IT\" \/>\n<meta property=\"og:type\" content=\"article\" \/>\n<meta property=\"og:title\" content=\"Natale a novembre - Constantinou Bros Hotels\" \/>\n<meta property=\"og:description\" content=\"Vivere la magia del Natale a novembre nei Constantinou Bros Hotels. Con l&#8217;avvicinarsi della stagione delle feste, non c&#8217;\u00e8 modo migliore di dare il via ai festeggiamenti che all&#8217;Athena Beach Hotel, all&#8217;Athena Royal Beach Hotel e al Pioneer Beach Hotel, dove la aspetta il nostro evento simbolo, Natale a Novembre! La invitiamo ad immergersi in\" \/>\n<meta property=\"og:url\" content=\"https:\/\/www.cbh-cyprus.com\/it\/hotels-entertainment-events\/christmas-in-november\/\" \/>\n<meta property=\"og:site_name\" content=\"Constantinou Bros Hotels\" \/>\n<meta property=\"article:modified_time\" content=\"2025-07-29T12:34:23+00:00\" \/>\n<meta property=\"og:image\" content=\"https:\/\/www.cbh-cyprus.com\/app\/uploads\/sites\/30\/2025\/06\/115-scaled.jpg\" \/>\n\t<meta property=\"og:image:width\" content=\"2560\" \/>\n\t<meta property=\"og:image:height\" content=\"1707\" \/>\n\t<meta property=\"og:image:type\" content=\"image\/jpeg\" \/>\n<meta name=\"twitter:card\" content=\"summary_large_image\" \/>\n<meta name=\"twitter:label1\" content=\"Tempo di lettura stimato\" \/>\n\t<meta name=\"twitter:data1\" content=\"1 minuto\" \/>\n<script type=\"application\/ld+json\" class=\"yoast-schema-graph\">{\"@context\":\"https:\\\/\\\/schema.org\",\"@graph\":[{\"@type\":\"WebPage\",\"@id\":\"https:\\\/\\\/www.cbh-cyprus.com\\\/it\\\/hotels-entertainment-events\\\/christmas-in-november\\\/\",\"url\":\"https:\\\/\\\/www.cbh-cyprus.com\\\/it\\\/hotels-entertainment-events\\\/christmas-in-november\\\/\",\"name\":\"Natale a novembre - Constantinou Bros Hotels\",\"isPartOf\":{\"@id\":\"https:\\\/\\\/www.cbh-cyprus.com\\\/it\\\/#website\"},\"primaryImageOfPage\":{\"@id\":\"https:\\\/\\\/www.cbh-cyprus.com\\\/it\\\/hotels-entertainment-events\\\/christmas-in-november\\\/#primaryimage\"},\"image\":{\"@id\":\"https:\\\/\\\/www.cbh-cyprus.com\\\/it\\\/hotels-entertainment-events\\\/christmas-in-november\\\/#primaryimage\"},\"thumbnailUrl\":\"https:\\\/\\\/www.cbh-cyprus.com\\\/app\\\/uploads\\\/sites\\\/30\\\/2025\\\/06\\\/115-scaled.jpg\",\"datePublished\":\"2025-07-29T12:34:11+00:00\",\"dateModified\":\"2025-07-29T12:34:23+00:00\",\"breadcrumb\":{\"@id\":\"https:\\\/\\\/www.cbh-cyprus.com\\\/it\\\/hotels-entertainment-events\\\/christmas-in-november\\\/#breadcrumb\"},\"inLanguage\":\"it-IT\",\"potentialAction\":[{\"@type\":\"ReadAction\",\"target\":[\"https:\\\/\\\/www.cbh-cyprus.com\\\/it\\\/hotels-entertainment-events\\\/christmas-in-november\\\/\"]}]},{\"@type\":\"ImageObject\",\"inLanguage\":\"it-IT\",\"@id\":\"https:\\\/\\\/www.cbh-cyprus.com\\\/it\\\/hotels-entertainment-events\\\/christmas-in-november\\\/#primaryimage\",\"url\":\"https:\\\/\\\/www.cbh-cyprus.com\\\/app\\\/uploads\\\/sites\\\/30\\\/2025\\\/06\\\/115-scaled.jpg\",\"contentUrl\":\"https:\\\/\\\/www.cbh-cyprus.com\\\/app\\\/uploads\\\/sites\\\/30\\\/2025\\\/06\\\/115-scaled.jpg\",\"width\":2560,\"height\":1707},{\"@type\":\"BreadcrumbList\",\"@id\":\"https:\\\/\\\/www.cbh-cyprus.com\\\/it\\\/hotels-entertainment-events\\\/christmas-in-november\\\/#breadcrumb\",\"itemListElement\":[{\"@type\":\"ListItem\",\"position\":1,\"name\":\"Home\",\"item\":\"https:\\\/\\\/www.cbh-cyprus.com\\\/it\\\/benvenuti-a-costantinou-bros-hotels\\\/\"},{\"@type\":\"ListItem\",\"position\":2,\"name\":\"Hotel Intrattenimento ed eventi\",\"item\":\"https:\\\/\\\/www.cbh-cyprus.com\\\/it\\\/hotels-entertainment-events\\\/\"},{\"@type\":\"ListItem\",\"position\":3,\"name\":\"Natale a novembre\"}]},{\"@type\":\"WebSite\",\"@id\":\"https:\\\/\\\/www.cbh-cyprus.com\\\/it\\\/#website\",\"url\":\"https:\\\/\\\/www.cbh-cyprus.com\\\/it\\\/\",\"name\":\"Constantinou Bros Hotels\",\"description\":\"Constantinou Bros Hotels\",\"publisher\":{\"@id\":\"https:\\\/\\\/www.cbh-cyprus.com\\\/it\\\/#organization\"},\"potentialAction\":[{\"@type\":\"SearchAction\",\"target\":{\"@type\":\"EntryPoint\",\"urlTemplate\":\"https:\\\/\\\/www.cbh-cyprus.com\\\/it\\\/?s={search_term_string}\"},\"query-input\":{\"@type\":\"PropertyValueSpecification\",\"valueRequired\":true,\"valueName\":\"search_term_string\"}}],\"inLanguage\":\"it-IT\"},{\"@type\":\"Organization\",\"@id\":\"https:\\\/\\\/www.cbh-cyprus.com\\\/it\\\/#organization\",\"name\":\"Constantinou Bros Hotels\",\"url\":\"https:\\\/\\\/www.cbh-cyprus.com\\\/it\\\/\",\"logo\":{\"@type\":\"ImageObject\",\"inLanguage\":\"it-IT\",\"@id\":\"https:\\\/\\\/www.cbh-cyprus.com\\\/it\\\/#\\\/schema\\\/logo\\\/image\\\/\",\"url\":\"https:\\\/\\\/www.cbh-cyprus.com\\\/app\\\/uploads\\\/sites\\\/30\\\/2020\\\/10\\\/cbh.jpg\",\"contentUrl\":\"https:\\\/\\\/www.cbh-cyprus.com\\\/app\\\/uploads\\\/sites\\\/30\\\/2020\\\/10\\\/cbh.jpg\",\"width\":1013,\"height\":419,\"caption\":\"Constantinou Bros Hotels\"},\"image\":{\"@id\":\"https:\\\/\\\/www.cbh-cyprus.com\\\/it\\\/#\\\/schema\\\/logo\\\/image\\\/\"}}]}<\/script>\n<!-- \/ Yoast SEO plugin. -->","yoast_head_json":{"title":"Natale a novembre - Constantinou Bros Hotels","robots":{"index":"noindex","follow":"nofollow"},"og_locale":"it_IT","og_type":"article","og_title":"Natale a novembre - Constantinou Bros Hotels","og_description":"Vivere la magia del Natale a novembre nei Constantinou Bros Hotels. Con l&#8217;avvicinarsi della stagione delle feste, non c&#8217;\u00e8 modo migliore di dare il via ai festeggiamenti che all&#8217;Athena Beach Hotel, all&#8217;Athena Royal Beach Hotel e al Pioneer Beach Hotel, dove la aspetta il nostro evento simbolo, Natale a Novembre! La invitiamo ad immergersi in","og_url":"https:\/\/www.cbh-cyprus.com\/it\/hotels-entertainment-events\/christmas-in-november\/","og_site_name":"Constantinou Bros Hotels","article_modified_time":"2025-07-29T12:34:23+00:00","og_image":[{"width":2560,"height":1707,"url":"https:\/\/www.cbh-cyprus.com\/app\/uploads\/sites\/30\/2025\/06\/115-scaled.jpg","type":"image\/jpeg"}],"twitter_card":"summary_large_image","twitter_misc":{"Tempo di lettura stimato":"1 minuto"},"schema":{"@context":"https:\/\/schema.org","@graph":[{"@type":"WebPage","@id":"https:\/\/www.cbh-cyprus.com\/it\/hotels-entertainment-events\/christmas-in-november\/","url":"https:\/\/www.cbh-cyprus.com\/it\/hotels-entertainment-events\/christmas-in-november\/","name":"Natale a novembre - Constantinou Bros Hotels","isPartOf":{"@id":"https:\/\/www.cbh-cyprus.com\/it\/#website"},"primaryImageOfPage":{"@id":"https:\/\/www.cbh-cyprus.com\/it\/hotels-entertainment-events\/christmas-in-november\/#primaryimage"},"image":{"@id":"https:\/\/www.cbh-cyprus.com\/it\/hotels-entertainment-events\/christmas-in-november\/#primaryimage"},"thumbnailUrl":"https:\/\/www.cbh-cyprus.com\/app\/uploads\/sites\/30\/2025\/06\/115-scaled.jpg","datePublished":"2025-07-29T12:34:11+00:00","dateModified":"2025-07-29T12:34:23+00:00","breadcrumb":{"@id":"https:\/\/www.cbh-cyprus.com\/it\/hotels-entertainment-events\/christmas-in-november\/#breadcrumb"},"inLanguage":"it-IT","potentialAction":[{"@type":"ReadAction","target":["https:\/\/www.cbh-cyprus.com\/it\/hotels-entertainment-events\/christmas-in-november\/"]}]},{"@type":"ImageObject","inLanguage":"it-IT","@id":"https:\/\/www.cbh-cyprus.com\/it\/hotels-entertainment-events\/christmas-in-november\/#primaryimage","url":"https:\/\/www.cbh-cyprus.com\/app\/uploads\/sites\/30\/2025\/06\/115-scaled.jpg","contentUrl":"https:\/\/www.cbh-cyprus.com\/app\/uploads\/sites\/30\/2025\/06\/115-scaled.jpg","width":2560,"height":1707},{"@type":"BreadcrumbList","@id":"https:\/\/www.cbh-cyprus.com\/it\/hotels-entertainment-events\/christmas-in-november\/#breadcrumb","itemListElement":[{"@type":"ListItem","position":1,"name":"Home","item":"https:\/\/www.cbh-cyprus.com\/it\/benvenuti-a-costantinou-bros-hotels\/"},{"@type":"ListItem","position":2,"name":"Hotel Intrattenimento ed eventi","item":"https:\/\/www.cbh-cyprus.com\/it\/hotels-entertainment-events\/"},{"@type":"ListItem","position":3,"name":"Natale a novembre"}]},{"@type":"WebSite","@id":"https:\/\/www.cbh-cyprus.com\/it\/#website","url":"https:\/\/www.cbh-cyprus.com\/it\/","name":"Constantinou Bros Hotels","description":"Constantinou Bros Hotels","publisher":{"@id":"https:\/\/www.cbh-cyprus.com\/it\/#organization"},"potentialAction":[{"@type":"SearchAction","target":{"@type":"EntryPoint","urlTemplate":"https:\/\/www.cbh-cyprus.com\/it\/?s={search_term_string}"},"query-input":{"@type":"PropertyValueSpecification","valueRequired":true,"valueName":"search_term_string"}}],"inLanguage":"it-IT"},{"@type":"Organization","@id":"https:\/\/www.cbh-cyprus.com\/it\/#organization","name":"Constantinou Bros Hotels","url":"https:\/\/www.cbh-cyprus.com\/it\/","logo":{"@type":"ImageObject","inLanguage":"it-IT","@id":"https:\/\/www.cbh-cyprus.com\/it\/#\/schema\/logo\/image\/","url":"https:\/\/www.cbh-cyprus.com\/app\/uploads\/sites\/30\/2020\/10\/cbh.jpg","contentUrl":"https:\/\/www.cbh-cyprus.com\/app\/uploads\/sites\/30\/2020\/10\/cbh.jpg","width":1013,"height":419,"caption":"Constantinou Bros Hotels"},"image":{"@id":"https:\/\/www.cbh-cyprus.com\/it\/#\/schema\/logo\/image\/"}}]}},"_links":{"self":[{"href":"https:\/\/www.cbh-cyprus.com\/it\/wp-json\/wp\/v2\/pages\/45848","targetHints":{"allow":["GET"]}}],"collection":[{"href":"https:\/\/www.cbh-cyprus.com\/it\/wp-json\/wp\/v2\/pages"}],"about":[{"href":"https:\/\/www.cbh-cyprus.com\/it\/wp-json\/wp\/v2\/types\/page"}],"author":[{"embeddable":true,"href":"https:\/\/www.cbh-cyprus.com\/it\/wp-json\/wp\/v2\/users\/758"}],"replies":[{"embeddable":true,"href":"https:\/\/www.cbh-cyprus.com\/it\/wp-json\/wp\/v2\/comments?post=45848"}],"version-history":[{"count":1,"href":"https:\/\/www.cbh-cyprus.com\/it\/wp-json\/wp\/v2\/pages\/45848\/revisions"}],"predecessor-version":[{"id":45857,"href":"https:\/\/www.cbh-cyprus.com\/it\/wp-json\/wp\/v2\/pages\/45848\/revisions\/45857"}],"up":[{"embeddable":true,"href":"https:\/\/www.cbh-cyprus.com\/it\/wp-json\/wp\/v2\/pages\/45856"}],"wp:featuredmedia":[{"embeddable":true,"href":"https:\/\/www.cbh-cyprus.com\/it\/wp-json\/wp\/v2\/media\/45241"}],"wp:attachment":[{"href":"https:\/\/www.cbh-cyprus.com\/it\/wp-json\/wp\/v2\/media?parent=45848"}],"curies":[{"name":"wp","href":"https:\/\/api.w.org\/{rel}","templated":true}]}}