{"id":36761,"date":"2024-07-23T12:12:43","date_gmt":"2024-07-23T09:12:43","guid":{"rendered":"https:\/\/www.cbh-cyprus.com\/rodzina-wakacje\/"},"modified":"2025-02-17T11:48:26","modified_gmt":"2025-02-17T09:48:26","slug":"rodzina-wakacje","status":"publish","type":"page","link":"https:\/\/www.cbh-cyprus.com\/pl\/dzialania\/rodzina-wakacje\/","title":{"rendered":"Wakacje rodzinne"},"content":{"rendered":"<h1 class=\"home-pages-title title-size text-center pt-5 font-regular\">Oferta idealnego pobytu na rodzinne wakacje w Pafos<\/h1>\n<p>Hotel Athena Beach jest bardzo popularnym wyborem dla rodzin, poniewa\u017c oferuje szeroki wachlarz udogodnie\u0144, kt\u00f3re zapewni\u0105 rozrywk\u0119 naszym najm\u0142odszym go\u015bciom.<br \/>\nHotel oferuje r\u00f3wnie\u017c rozleg\u0142e, zadbane ogrody i wspania\u0142e, przestronne tereny, kt\u00f3re prowadz\u0105 bezpo\u015brednio na pla\u017c\u0119.<br \/>\nNasz przyjazny personel czeka na Pa\u0144stwa, aby zapewni\u0107 wysokiej jako\u015bci obs\u0142ug\u0119, wspania\u0142e jedzenie i absolutnie relaksuj\u0105ce, bezstresowe do\u015bwiadczenie.<br \/>\nAthena Beach Hotel oferuje szeroki wyb\u00f3r wygodnych i przestronnych pokoi, aby u\u0142atwi\u0107 Pa\u0144stwu podr\u00f3\u017cowanie z dzie\u0107mi.<br \/>\nDo wyboru maj\u0105 Pa\u0144stwo pok\u00f3j Classic dla 3-osobowej rodziny z dodatkowym \u0142\u00f3\u017ckiem, pok\u00f3j Duplex dla maksymalnie 6 os\u00f3b, pokoje \u0142\u0105czone dla maksymalnie 6 os\u00f3b oraz apartament rodzinny z jedn\u0105 sypialni\u0105 dla 4 os\u00f3b.<br \/>\nJe\u015bli podr\u00f3\u017cuj\u0105 Pa\u0144stwo z niemowl\u0119ciem poni\u017cej drugiego roku \u017cycia, automatycznie dodamy \u0142\u00f3\u017ceczko dzieci\u0119ce do Pa\u0144stwa pokoju.<br \/>\nMamy i ojcowie mog\u0105 uciec i zrelaksowa\u0107 si\u0119 na zmian\u0119 w naszym Elixir Spa, wybieraj\u0105c spo\u015br\u00f3d wielu masa\u017cy leczniczych, aromaterapii, talasoterapii i zabieg\u00f3w hydroterapii, sauny i \u0142a\u017ani parowej w luksusowej i spokojnej atmosferze.<br \/>\nHotel Athena Beach s\u0142ynie z doskona\u0142ej kuchni z urozmaiconym mi\u0119dzynarodowym menu dla wszystkich smak\u00f3w.<br \/>\nDo Pa\u0144stwa dyspozycji jest pi\u0119\u0107 restauracji, bar na pla\u017cy, w kt\u00f3rym serwowane s\u0105 lekkie posi\u0142ki i przek\u0105ski, a tak\u017ce bar przy basenie i bar koktajlowy, w kt\u00f3rym mo\u017cna wypi\u0107 orze\u017awiaj\u0105cego drinka, zje\u015b\u0107 pyszny koktajl mleczny lub lody dla och\u0142ody.<br \/>\nMo\u017cemy dostarczy\u0107 r\u00f3\u017cne artyku\u0142y dzieci\u0119ce, kt\u00f3rych mog\u0105 Pa\u0144stwo potrzebowa\u0107, a tak\u017ce z przyjemno\u015bci\u0105 zaspokoimy wszelkie specjalne potrzeby dietetyczne.<\/p>\n<h3><strong>Udogodnienia dla dzieci<\/strong><\/h3>\n<p>Dzieci z pewno\u015bci\u0105 b\u0119d\u0105 zadowolone z pobytu w hotelu Athena Beach; rozleg\u0142y plac zabaw, zesp\u00f3\u0142 entuzjastycznych animator\u00f3w i mn\u00f3stwo atrakcji zadowol\u0105 nawet najbardziej wymagaj\u0105cych m\u0142odych poszukiwaczy zabawy.<br \/>\nRodzice mog\u0105 cieszy\u0107 si\u0119 spokojem, wiedz\u0105c, \u017ce ich dzieci b\u0119d\u0105 si\u0119 dobrze bawi\u0107 w klubie dla dzieci, na basenie, a tak\u017ce podczas wielu zabawnych zaj\u0119\u0107 dost\u0119pnych przez ca\u0142e wakacje.<br \/>\nUdogodnienia dla dzieci obejmuj\u0105 dwa brodziki, ca\u0142kowicie nowy <strong>Oasis Splash<\/strong>, kt\u00f3ry obejmuje, wraz z istniej\u0105c\u0105 25-metrow\u0105 zje\u017cd\u017calni\u0105 wodn\u0105, dodatkow\u0105 42-metrow\u0105 zje\u017cd\u017calni\u0119 wodn\u0105 &#8220;Easy-ride&#8221; z oddzielnymi basenami do l\u0105dowania oraz poblisk\u0105 kolorow\u0105 platform\u0119 do gier z zabawkami w sprayu i grami wodnymi, oferuj\u0105c\u0105 naszym m\u0142odym go\u015bciom ekscytuj\u0105c\u0105 zabaw\u0119 w wodzie i natrysk przez ca\u0142y dzie\u0144; a tak\u017ce plac zabaw dla dzieci, animacje dla dzieci i klub dla dzieci (tylko latem).<br \/>\nDzieci s\u0105 tutaj pod dobr\u0105 opiek\u0105, a dzi\u0119ki Oasis Splash Park, kt\u00f3ry budzi u\u015bmiechy przez ca\u0142y dzie\u0144, oraz placowi zabaw dla dzieci, mo\u017cna stworzy\u0107 mn\u00f3stwo szcz\u0119\u015bliwych wspomnie\u0144.<br \/>\nNasz wewn\u0119trzny zesp\u00f3\u0142 animator\u00f3w prowadzi zabawny i interaktywny klub dla dzieci w wieku od 4 do 12 lat, 6 dni w tygodniu przez ca\u0142y sezon letni.<br \/>\nW Constantinou Bros Athena Beach Hotel zawsze dzieje si\u0119 co\u015b ciekawego.<br \/>\nZaj\u0119cia i gry dla dzieci s\u0105 dost\u0119pne kilka razy w tygodniu.<br \/>\n&#8211; Rozci\u0105ganie dla dzieci &#8211; Puzzle &#8211; Sztuka i r\u0119kodzie\u0142o &#8211; Quiz dla dzieci &#8211; Gry pami\u0119ciowe &#8211; Gry planszowe &#8211; Malowanie kamieniami &#8211; Malowanie sol\u0105 &#8211; Kr\u0119gle &#8211; Ogl\u0105danie kresk\u00f3wek W pokoju gier nastolatki mog\u0105 r\u00f3wnie\u017c sp\u0119dza\u0107 czas przy komputerach, grach interaktywnych, stole bilardowym i pi\u0142karzykach oraz wielu innych opcjach, z kt\u00f3rych niekt\u00f3re s\u0105 p\u0142atne.<br \/>\nGames Room to \u015bwietne miejsce spotka\u0144 dla fajnych dzieciak\u00f3w, kt\u00f3re lubi\u0105 by\u0107 &#8230; dzie\u0107mi!<br \/>\nDzieciom na wakacjach w Pafos spodoba si\u0119 r\u00f3wnie\u017c zoo w Pafos, park wodny Paphos Aphrodite, a tak\u017ce szereg pobliskich obiekt\u00f3w sport\u00f3w wodnych oferuj\u0105cych \u0142odzie typu banan, narty wodne, narty wodne, parasailing, nurkowanie, w\u0119dkarstwo i wiele innych.<br \/>\nDzieci do lat 12 maj\u0105 bezp\u0142atny pobyt i mog\u0105 korzysta\u0107 z obni\u017conych cen na wszystkie posi\u0142ki.<br \/>\nW celu uzyskania szczeg\u00f3\u0142owych informacji prosimy dzwoni\u0107 pod numer <a href=\"tel%2000357%\">00357 26 964500<\/a>.<br \/>\nAby uzyska\u0107 wi\u0119cej informacji i wycen\u0119 rodzinnych wakacji na Cyprze, prosimy skontaktowa\u0107 si\u0119 z naszym dzia\u0142em rezerwacji pod adresem <a href=\"mailto:reservations@cbh-cyprus.com\">reservations@cbh-cyprus.com<\/a>.<\/p>\n","protected":false},"excerpt":{"rendered":"<p>Oferta idealnego pobytu na rodzinne wakacje w Pafos Hotel Athena Beach jest bardzo popularnym wyborem dla rodzin, poniewa\u017c oferuje szeroki wachlarz udogodnie\u0144, kt\u00f3re zapewni\u0105 rozrywk\u0119 naszym najm\u0142odszym go\u015bciom. Hotel oferuje r\u00f3wnie\u017c rozleg\u0142e, zadbane ogrody i wspania\u0142e, przestronne tereny, kt\u00f3re prowadz\u0105 bezpo\u015brednio na pla\u017c\u0119. Nasz przyjazny personel czeka na Pa\u0144stwa, aby zapewni\u0107 wysokiej jako\u015bci obs\u0142ug\u0119, wspania\u0142e<\/p>\n","protected":false},"author":100,"featured_media":39379,"parent":37218,"menu_order":0,"comment_status":"closed","ping_status":"closed","template":"","meta":{"_acf_changed":false,"footnotes":""},"class_list":["post-36761","page","type-page","status-publish","has-post-thumbnail","hentry"],"acf":[],"yoast_head":"<!-- This site is optimized with the Yoast SEO plugin v27.3 - https:\/\/yoast.com\/product\/yoast-seo-wordpress\/ -->\n<title>Rodzinne wakacje w Pafos dla wszystkich || Hotele Constantinou<\/title>\n<meta name=\"description\" content=\"Athena Beach Hotel by Constantinou Bros Hotels oferuje idylliczn\u0105 lokalizacj\u0119 przy pla\u017cy na najbardziej przyjemne rodzinne wakacje w Pafos zar\u00f3wno dla rodzic\u00f3w, jak i dzieci.\" \/>\n<meta name=\"robots\" content=\"index, follow, max-snippet:-1, max-image-preview:large, max-video-preview:-1\" \/>\n<link rel=\"canonical\" href=\"https:\/\/www.cbh-cyprus.com\/pl\/dzialania\/rodzina-wakacje\/\" \/>\n<meta property=\"og:locale\" content=\"pl_PL\" \/>\n<meta property=\"og:type\" content=\"article\" \/>\n<meta property=\"og:title\" content=\"Rodzinne wakacje w Pafos dla wszystkich || Hotele Constantinou\" \/>\n<meta property=\"og:description\" content=\"Athena Beach Hotel by Constantinou Bros Hotels oferuje idylliczn\u0105 lokalizacj\u0119 przy pla\u017cy na najbardziej przyjemne rodzinne wakacje w Pafos zar\u00f3wno dla rodzic\u00f3w, jak i dzieci.\" \/>\n<meta property=\"og:url\" content=\"https:\/\/www.cbh-cyprus.com\/pl\/dzialania\/rodzina-wakacje\/\" \/>\n<meta property=\"og:site_name\" content=\"Constantinou Bros Hotels\" \/>\n<meta property=\"article:modified_time\" content=\"2025-02-17T09:48:26+00:00\" \/>\n<meta property=\"og:image\" content=\"https:\/\/www.cbh-cyprus.com\/app\/uploads\/sites\/30\/2022\/07\/66-ATHENA-BEACH-HOTEL-OASIS-SPLASH-1.jpg\" \/>\n\t<meta property=\"og:image:width\" content=\"4112\" \/>\n\t<meta property=\"og:image:height\" content=\"2741\" \/>\n\t<meta property=\"og:image:type\" content=\"image\/jpeg\" \/>\n<meta name=\"twitter:card\" content=\"summary_large_image\" \/>\n<meta name=\"twitter:label1\" content=\"Est. reading time\" \/>\n\t<meta name=\"twitter:data1\" content=\"3 minutes\" \/>\n<script type=\"application\/ld+json\" class=\"yoast-schema-graph\">{\"@context\":\"https:\\\/\\\/schema.org\",\"@graph\":[{\"@type\":\"WebPage\",\"@id\":\"https:\\\/\\\/www.cbh-cyprus.com\\\/pl\\\/dzialania\\\/rodzina-wakacje\\\/\",\"url\":\"https:\\\/\\\/www.cbh-cyprus.com\\\/pl\\\/dzialania\\\/rodzina-wakacje\\\/\",\"name\":\"Rodzinne wakacje w Pafos dla wszystkich || Hotele Constantinou\",\"isPartOf\":{\"@id\":\"https:\\\/\\\/www.cbh-cyprus.com\\\/pl\\\/#website\"},\"primaryImageOfPage\":{\"@id\":\"https:\\\/\\\/www.cbh-cyprus.com\\\/pl\\\/dzialania\\\/rodzina-wakacje\\\/#primaryimage\"},\"image\":{\"@id\":\"https:\\\/\\\/www.cbh-cyprus.com\\\/pl\\\/dzialania\\\/rodzina-wakacje\\\/#primaryimage\"},\"thumbnailUrl\":\"https:\\\/\\\/www.cbh-cyprus.com\\\/app\\\/uploads\\\/sites\\\/30\\\/2022\\\/07\\\/66-ATHENA-BEACH-HOTEL-OASIS-SPLASH-1.jpg\",\"datePublished\":\"2024-07-23T09:12:43+00:00\",\"dateModified\":\"2025-02-17T09:48:26+00:00\",\"description\":\"Athena Beach Hotel by Constantinou Bros Hotels oferuje idylliczn\u0105 lokalizacj\u0119 przy pla\u017cy na najbardziej przyjemne rodzinne wakacje w Pafos zar\u00f3wno dla rodzic\u00f3w, jak i dzieci.\",\"breadcrumb\":{\"@id\":\"https:\\\/\\\/www.cbh-cyprus.com\\\/pl\\\/dzialania\\\/rodzina-wakacje\\\/#breadcrumb\"},\"inLanguage\":\"pl-PL\",\"potentialAction\":[{\"@type\":\"ReadAction\",\"target\":[\"https:\\\/\\\/www.cbh-cyprus.com\\\/pl\\\/dzialania\\\/rodzina-wakacje\\\/\"]}]},{\"@type\":\"ImageObject\",\"inLanguage\":\"pl-PL\",\"@id\":\"https:\\\/\\\/www.cbh-cyprus.com\\\/pl\\\/dzialania\\\/rodzina-wakacje\\\/#primaryimage\",\"url\":\"https:\\\/\\\/www.cbh-cyprus.com\\\/app\\\/uploads\\\/sites\\\/30\\\/2022\\\/07\\\/66-ATHENA-BEACH-HOTEL-OASIS-SPLASH-1.jpg\",\"contentUrl\":\"https:\\\/\\\/www.cbh-cyprus.com\\\/app\\\/uploads\\\/sites\\\/30\\\/2022\\\/07\\\/66-ATHENA-BEACH-HOTEL-OASIS-SPLASH-1.jpg\",\"width\":4112,\"height\":2741,\"caption\":\"Oasis Splash\"},{\"@type\":\"BreadcrumbList\",\"@id\":\"https:\\\/\\\/www.cbh-cyprus.com\\\/pl\\\/dzialania\\\/rodzina-wakacje\\\/#breadcrumb\",\"itemListElement\":[{\"@type\":\"ListItem\",\"position\":1,\"name\":\"Home\",\"item\":\"https:\\\/\\\/www.cbh-cyprus.com\\\/pl\\\/welcome-to-constantinou-bros-hotels\\\/\"},{\"@type\":\"ListItem\",\"position\":2,\"name\":\"Dzia\u0142ania\",\"item\":\"https:\\\/\\\/www.cbh-cyprus.com\\\/pl\\\/dzialania\\\/\"},{\"@type\":\"ListItem\",\"position\":3,\"name\":\"Wakacje rodzinne\"}]},{\"@type\":\"WebSite\",\"@id\":\"https:\\\/\\\/www.cbh-cyprus.com\\\/pl\\\/#website\",\"url\":\"https:\\\/\\\/www.cbh-cyprus.com\\\/pl\\\/\",\"name\":\"Constantinou Bros Hotels\",\"description\":\"Constantinou Bros Hotels\",\"publisher\":{\"@id\":\"https:\\\/\\\/www.cbh-cyprus.com\\\/pl\\\/#organization\"},\"potentialAction\":[{\"@type\":\"SearchAction\",\"target\":{\"@type\":\"EntryPoint\",\"urlTemplate\":\"https:\\\/\\\/www.cbh-cyprus.com\\\/pl\\\/?s={search_term_string}\"},\"query-input\":{\"@type\":\"PropertyValueSpecification\",\"valueRequired\":true,\"valueName\":\"search_term_string\"}}],\"inLanguage\":\"pl-PL\"},{\"@type\":\"Organization\",\"@id\":\"https:\\\/\\\/www.cbh-cyprus.com\\\/pl\\\/#organization\",\"name\":\"Constantinou Bros Hotels\",\"url\":\"https:\\\/\\\/www.cbh-cyprus.com\\\/pl\\\/\",\"logo\":{\"@type\":\"ImageObject\",\"inLanguage\":\"pl-PL\",\"@id\":\"https:\\\/\\\/www.cbh-cyprus.com\\\/pl\\\/#\\\/schema\\\/logo\\\/image\\\/\",\"url\":\"https:\\\/\\\/www.cbh-cyprus.com\\\/app\\\/uploads\\\/sites\\\/30\\\/2020\\\/10\\\/cbh.jpg\",\"contentUrl\":\"https:\\\/\\\/www.cbh-cyprus.com\\\/app\\\/uploads\\\/sites\\\/30\\\/2020\\\/10\\\/cbh.jpg\",\"width\":1013,\"height\":419,\"caption\":\"Constantinou Bros Hotels\"},\"image\":{\"@id\":\"https:\\\/\\\/www.cbh-cyprus.com\\\/pl\\\/#\\\/schema\\\/logo\\\/image\\\/\"}}]}<\/script>\n<!-- \/ Yoast SEO plugin. -->","yoast_head_json":{"title":"Rodzinne wakacje w Pafos dla wszystkich || Hotele Constantinou","description":"Athena Beach Hotel by Constantinou Bros Hotels oferuje idylliczn\u0105 lokalizacj\u0119 przy pla\u017cy na najbardziej przyjemne rodzinne wakacje w Pafos zar\u00f3wno dla rodzic\u00f3w, jak i dzieci.","robots":{"index":"index","follow":"follow","max-snippet":"max-snippet:-1","max-image-preview":"max-image-preview:large","max-video-preview":"max-video-preview:-1"},"canonical":"https:\/\/www.cbh-cyprus.com\/pl\/dzialania\/rodzina-wakacje\/","og_locale":"pl_PL","og_type":"article","og_title":"Rodzinne wakacje w Pafos dla wszystkich || Hotele Constantinou","og_description":"Athena Beach Hotel by Constantinou Bros Hotels oferuje idylliczn\u0105 lokalizacj\u0119 przy pla\u017cy na najbardziej przyjemne rodzinne wakacje w Pafos zar\u00f3wno dla rodzic\u00f3w, jak i dzieci.","og_url":"https:\/\/www.cbh-cyprus.com\/pl\/dzialania\/rodzina-wakacje\/","og_site_name":"Constantinou Bros Hotels","article_modified_time":"2025-02-17T09:48:26+00:00","og_image":[{"width":4112,"height":2741,"url":"https:\/\/www.cbh-cyprus.com\/app\/uploads\/sites\/30\/2022\/07\/66-ATHENA-BEACH-HOTEL-OASIS-SPLASH-1.jpg","type":"image\/jpeg"}],"twitter_card":"summary_large_image","twitter_misc":{"Est. reading time":"3 minutes"},"schema":{"@context":"https:\/\/schema.org","@graph":[{"@type":"WebPage","@id":"https:\/\/www.cbh-cyprus.com\/pl\/dzialania\/rodzina-wakacje\/","url":"https:\/\/www.cbh-cyprus.com\/pl\/dzialania\/rodzina-wakacje\/","name":"Rodzinne wakacje w Pafos dla wszystkich || Hotele Constantinou","isPartOf":{"@id":"https:\/\/www.cbh-cyprus.com\/pl\/#website"},"primaryImageOfPage":{"@id":"https:\/\/www.cbh-cyprus.com\/pl\/dzialania\/rodzina-wakacje\/#primaryimage"},"image":{"@id":"https:\/\/www.cbh-cyprus.com\/pl\/dzialania\/rodzina-wakacje\/#primaryimage"},"thumbnailUrl":"https:\/\/www.cbh-cyprus.com\/app\/uploads\/sites\/30\/2022\/07\/66-ATHENA-BEACH-HOTEL-OASIS-SPLASH-1.jpg","datePublished":"2024-07-23T09:12:43+00:00","dateModified":"2025-02-17T09:48:26+00:00","description":"Athena Beach Hotel by Constantinou Bros Hotels oferuje idylliczn\u0105 lokalizacj\u0119 przy pla\u017cy na najbardziej przyjemne rodzinne wakacje w Pafos zar\u00f3wno dla rodzic\u00f3w, jak i dzieci.","breadcrumb":{"@id":"https:\/\/www.cbh-cyprus.com\/pl\/dzialania\/rodzina-wakacje\/#breadcrumb"},"inLanguage":"pl-PL","potentialAction":[{"@type":"ReadAction","target":["https:\/\/www.cbh-cyprus.com\/pl\/dzialania\/rodzina-wakacje\/"]}]},{"@type":"ImageObject","inLanguage":"pl-PL","@id":"https:\/\/www.cbh-cyprus.com\/pl\/dzialania\/rodzina-wakacje\/#primaryimage","url":"https:\/\/www.cbh-cyprus.com\/app\/uploads\/sites\/30\/2022\/07\/66-ATHENA-BEACH-HOTEL-OASIS-SPLASH-1.jpg","contentUrl":"https:\/\/www.cbh-cyprus.com\/app\/uploads\/sites\/30\/2022\/07\/66-ATHENA-BEACH-HOTEL-OASIS-SPLASH-1.jpg","width":4112,"height":2741,"caption":"Oasis Splash"},{"@type":"BreadcrumbList","@id":"https:\/\/www.cbh-cyprus.com\/pl\/dzialania\/rodzina-wakacje\/#breadcrumb","itemListElement":[{"@type":"ListItem","position":1,"name":"Home","item":"https:\/\/www.cbh-cyprus.com\/pl\/welcome-to-constantinou-bros-hotels\/"},{"@type":"ListItem","position":2,"name":"Dzia\u0142ania","item":"https:\/\/www.cbh-cyprus.com\/pl\/dzialania\/"},{"@type":"ListItem","position":3,"name":"Wakacje rodzinne"}]},{"@type":"WebSite","@id":"https:\/\/www.cbh-cyprus.com\/pl\/#website","url":"https:\/\/www.cbh-cyprus.com\/pl\/","name":"Constantinou Bros Hotels","description":"Constantinou Bros Hotels","publisher":{"@id":"https:\/\/www.cbh-cyprus.com\/pl\/#organization"},"potentialAction":[{"@type":"SearchAction","target":{"@type":"EntryPoint","urlTemplate":"https:\/\/www.cbh-cyprus.com\/pl\/?s={search_term_string}"},"query-input":{"@type":"PropertyValueSpecification","valueRequired":true,"valueName":"search_term_string"}}],"inLanguage":"pl-PL"},{"@type":"Organization","@id":"https:\/\/www.cbh-cyprus.com\/pl\/#organization","name":"Constantinou Bros Hotels","url":"https:\/\/www.cbh-cyprus.com\/pl\/","logo":{"@type":"ImageObject","inLanguage":"pl-PL","@id":"https:\/\/www.cbh-cyprus.com\/pl\/#\/schema\/logo\/image\/","url":"https:\/\/www.cbh-cyprus.com\/app\/uploads\/sites\/30\/2020\/10\/cbh.jpg","contentUrl":"https:\/\/www.cbh-cyprus.com\/app\/uploads\/sites\/30\/2020\/10\/cbh.jpg","width":1013,"height":419,"caption":"Constantinou Bros Hotels"},"image":{"@id":"https:\/\/www.cbh-cyprus.com\/pl\/#\/schema\/logo\/image\/"}}]}},"_links":{"self":[{"href":"https:\/\/www.cbh-cyprus.com\/pl\/wp-json\/wp\/v2\/pages\/36761","targetHints":{"allow":["GET"]}}],"collection":[{"href":"https:\/\/www.cbh-cyprus.com\/pl\/wp-json\/wp\/v2\/pages"}],"about":[{"href":"https:\/\/www.cbh-cyprus.com\/pl\/wp-json\/wp\/v2\/types\/page"}],"author":[{"embeddable":true,"href":"https:\/\/www.cbh-cyprus.com\/pl\/wp-json\/wp\/v2\/users\/100"}],"replies":[{"embeddable":true,"href":"https:\/\/www.cbh-cyprus.com\/pl\/wp-json\/wp\/v2\/comments?post=36761"}],"version-history":[{"count":2,"href":"https:\/\/www.cbh-cyprus.com\/pl\/wp-json\/wp\/v2\/pages\/36761\/revisions"}],"predecessor-version":[{"id":43453,"href":"https:\/\/www.cbh-cyprus.com\/pl\/wp-json\/wp\/v2\/pages\/36761\/revisions\/43453"}],"up":[{"embeddable":true,"href":"https:\/\/www.cbh-cyprus.com\/pl\/wp-json\/wp\/v2\/pages\/37218"}],"wp:featuredmedia":[{"embeddable":true,"href":"https:\/\/www.cbh-cyprus.com\/pl\/wp-json\/wp\/v2\/media\/39379"}],"wp:attachment":[{"href":"https:\/\/www.cbh-cyprus.com\/pl\/wp-json\/wp\/v2\/media?parent=36761"}],"curies":[{"name":"wp","href":"https:\/\/api.w.org\/{rel}","templated":true}]}}