{"id":36767,"date":"2024-07-23T12:12:48","date_gmt":"2024-07-23T09:12:48","guid":{"rendered":"https:\/\/www.cbh-cyprus.com\/zrownowazony-rozwoj\/"},"modified":"2024-09-13T12:37:55","modified_gmt":"2024-09-13T09:37:55","slug":"zrownowazony-rozwoj","status":"publish","type":"page","link":"https:\/\/www.cbh-cyprus.com\/pl\/zrownowazony-rozwoj\/","title":{"rendered":"Zr\u00f3wnowa\u017cony rozw\u00f3j"},"content":{"rendered":"<p>Za\u0142o\u017cony w 1989 roku Constantinou Bros Hotels nadal tworzy wyj\u0105tkowe i niezapomniane do\u015bwiadczenia dla wszystkich swoich go\u015bci, k\u0142ad\u0105c nacisk na ciep\u0142\u0105 go\u015bcinno\u015b\u0107 i autentyczn\u0105 kuchni\u0119, jednocze\u015bnie dzia\u0142aj\u0105c w spos\u00f3b zr\u00f3wnowa\u017cony, kt\u00f3ry s\u0142u\u017cy \u015brodowisku i przynosi korzy\u015bci lokalnym producentom.<br \/>\nConstantinou Bros Hotels uznaje znaczenie ochrony \u015brodowiska w zr\u00f3wnowa\u017conym rozwoju turystyki.<br \/>\nW zwi\u0105zku z tym wdro\u017cy\u0142 procedury Systemu Zarz\u0105dzania \u015arodowiskowego w celu zmniejszenia, zminimalizowania i zarz\u0105dzania wp\u0142ywem na \u015brodowisko.<br \/>\nOpracowuj\u0105c procedury zarz\u0105dzania \u015brodowiskowego, Constantinou Bros Hotels definiuje wszystkie aspekty \u015brodowiskowe swojej dzia\u0142alno\u015bci i ustanowi\u0142a polityki i programy, kt\u00f3re maj\u0105 na celu ci\u0105g\u0142\u0105 popraw\u0119 wynik\u00f3w i wynik\u00f3w w zakresie ochrony \u015brodowiska.<br \/>\nHotele Constantinou Bros uzyska\u0142y certyfikaty zgodno\u015bci z uznanymi europejskimi standardami system\u00f3w zarz\u0105dzania \u015brodowiskowego i zr\u00f3wnowa\u017conego rozwoju, takimi jak Travelife.    <\/p>\n","protected":false},"excerpt":{"rendered":"<p>Za\u0142o\u017cony w 1989 roku Constantinou Bros Hotels nadal tworzy wyj\u0105tkowe i niezapomniane do\u015bwiadczenia dla wszystkich swoich go\u015bci, k\u0142ad\u0105c nacisk na ciep\u0142\u0105 go\u015bcinno\u015b\u0107 i autentyczn\u0105 kuchni\u0119, jednocze\u015bnie dzia\u0142aj\u0105c w spos\u00f3b zr\u00f3wnowa\u017cony, kt\u00f3ry s\u0142u\u017cy \u015brodowisku i przynosi korzy\u015bci lokalnym producentom. Constantinou Bros Hotels uznaje znaczenie ochrony \u015brodowiska w zr\u00f3wnowa\u017conym rozwoju turystyki. W zwi\u0105zku z tym wdro\u017cy\u0142 procedury<\/p>\n","protected":false},"author":100,"featured_media":47240,"parent":0,"menu_order":0,"comment_status":"closed","ping_status":"closed","template":"page-templates\/simple-list.php","meta":{"_acf_changed":false,"footnotes":""},"class_list":["post-36767","page","type-page","status-publish","has-post-thumbnail","hentry"],"acf":[],"yoast_head":"<!-- This site is optimized with the Yoast SEO plugin v27.3 - https:\/\/yoast.com\/product\/yoast-seo-wordpress\/ -->\n<title>Zr\u00f3wnowa\u017cony rozw\u00f3j - Constantinou Bros Hotels<\/title>\n<meta name=\"description\" content=\"Aspekt zr\u00f3wnowa\u017conego rozwoju w naszej dzia\u0142alno\u015bci w Constantinou Bros Hotels s\u0142u\u017cy \u015brodowisku i przynosi korzy\u015bci lokalnym producentom.\" \/>\n<meta name=\"robots\" content=\"index, follow, max-snippet:-1, max-image-preview:large, max-video-preview:-1\" \/>\n<link rel=\"canonical\" href=\"https:\/\/www.cbh-cyprus.com\/pl\/zrownowazony-rozwoj\/\" \/>\n<meta property=\"og:locale\" content=\"pl_PL\" \/>\n<meta property=\"og:type\" content=\"article\" \/>\n<meta property=\"og:title\" content=\"Zr\u00f3wnowa\u017cony rozw\u00f3j - Constantinou Bros Hotels\" \/>\n<meta property=\"og:description\" content=\"Aspekt zr\u00f3wnowa\u017conego rozwoju w naszej dzia\u0142alno\u015bci w Constantinou Bros Hotels s\u0142u\u017cy \u015brodowisku i przynosi korzy\u015bci lokalnym producentom.\" \/>\n<meta property=\"og:url\" content=\"https:\/\/www.cbh-cyprus.com\/pl\/zrownowazony-rozwoj\/\" \/>\n<meta property=\"og:site_name\" content=\"Constantinou Bros Hotels\" \/>\n<meta property=\"article:modified_time\" content=\"2024-09-13T09:37:55+00:00\" \/>\n<meta property=\"og:image\" content=\"https:\/\/www.cbh-cyprus.com\/app\/uploads\/sites\/30\/2022\/03\/3-PIONEER-BEACH-HOTEL-BEACH.jpeg\" \/>\n\t<meta property=\"og:image:width\" content=\"3764\" \/>\n\t<meta property=\"og:image:height\" content=\"2796\" \/>\n\t<meta property=\"og:image:type\" content=\"image\/jpeg\" \/>\n<meta name=\"twitter:card\" content=\"summary_large_image\" \/>\n<meta name=\"twitter:label1\" content=\"Est. reading time\" \/>\n\t<meta name=\"twitter:data1\" content=\"1 minute\" \/>\n<script type=\"application\/ld+json\" class=\"yoast-schema-graph\">{\"@context\":\"https:\\\/\\\/schema.org\",\"@graph\":[{\"@type\":\"WebPage\",\"@id\":\"https:\\\/\\\/www.cbh-cyprus.com\\\/pl\\\/zrownowazony-rozwoj\\\/\",\"url\":\"https:\\\/\\\/www.cbh-cyprus.com\\\/pl\\\/zrownowazony-rozwoj\\\/\",\"name\":\"Zr\u00f3wnowa\u017cony rozw\u00f3j - Constantinou Bros Hotels\",\"isPartOf\":{\"@id\":\"https:\\\/\\\/www.cbh-cyprus.com\\\/pl\\\/#website\"},\"primaryImageOfPage\":{\"@id\":\"https:\\\/\\\/www.cbh-cyprus.com\\\/pl\\\/zrownowazony-rozwoj\\\/#primaryimage\"},\"image\":{\"@id\":\"https:\\\/\\\/www.cbh-cyprus.com\\\/pl\\\/zrownowazony-rozwoj\\\/#primaryimage\"},\"thumbnailUrl\":\"https:\\\/\\\/www.cbh-cyprus.com\\\/app\\\/uploads\\\/sites\\\/30\\\/2025\\\/11\\\/ATHENA-ROYAL-BEACH-HOTEL-EXTERIOR-VIEW-1900.jpg\",\"datePublished\":\"2024-07-23T09:12:48+00:00\",\"dateModified\":\"2024-09-13T09:37:55+00:00\",\"description\":\"Aspekt zr\u00f3wnowa\u017conego rozwoju w naszej dzia\u0142alno\u015bci w Constantinou Bros Hotels s\u0142u\u017cy \u015brodowisku i przynosi korzy\u015bci lokalnym producentom.\",\"breadcrumb\":{\"@id\":\"https:\\\/\\\/www.cbh-cyprus.com\\\/pl\\\/zrownowazony-rozwoj\\\/#breadcrumb\"},\"inLanguage\":\"pl-PL\",\"potentialAction\":[{\"@type\":\"ReadAction\",\"target\":[\"https:\\\/\\\/www.cbh-cyprus.com\\\/pl\\\/zrownowazony-rozwoj\\\/\"]}]},{\"@type\":\"ImageObject\",\"inLanguage\":\"pl-PL\",\"@id\":\"https:\\\/\\\/www.cbh-cyprus.com\\\/pl\\\/zrownowazony-rozwoj\\\/#primaryimage\",\"url\":\"https:\\\/\\\/www.cbh-cyprus.com\\\/app\\\/uploads\\\/sites\\\/30\\\/2025\\\/11\\\/ATHENA-ROYAL-BEACH-HOTEL-EXTERIOR-VIEW-1900.jpg\",\"contentUrl\":\"https:\\\/\\\/www.cbh-cyprus.com\\\/app\\\/uploads\\\/sites\\\/30\\\/2025\\\/11\\\/ATHENA-ROYAL-BEACH-HOTEL-EXTERIOR-VIEW-1900.jpg\",\"width\":1900,\"height\":1264,\"caption\":\"ATHENA-ROYAL-BEACH-HOTEL-EXTERIOR-VIEW-1900\"},{\"@type\":\"BreadcrumbList\",\"@id\":\"https:\\\/\\\/www.cbh-cyprus.com\\\/pl\\\/zrownowazony-rozwoj\\\/#breadcrumb\",\"itemListElement\":[{\"@type\":\"ListItem\",\"position\":1,\"name\":\"Home\",\"item\":\"https:\\\/\\\/www.cbh-cyprus.com\\\/pl\\\/welcome-to-constantinou-bros-hotels\\\/\"},{\"@type\":\"ListItem\",\"position\":2,\"name\":\"Zr\u00f3wnowa\u017cony rozw\u00f3j\"}]},{\"@type\":\"WebSite\",\"@id\":\"https:\\\/\\\/www.cbh-cyprus.com\\\/pl\\\/#website\",\"url\":\"https:\\\/\\\/www.cbh-cyprus.com\\\/pl\\\/\",\"name\":\"Constantinou Bros Hotels\",\"description\":\"Constantinou Bros Hotels\",\"publisher\":{\"@id\":\"https:\\\/\\\/www.cbh-cyprus.com\\\/pl\\\/#organization\"},\"potentialAction\":[{\"@type\":\"SearchAction\",\"target\":{\"@type\":\"EntryPoint\",\"urlTemplate\":\"https:\\\/\\\/www.cbh-cyprus.com\\\/pl\\\/?s={search_term_string}\"},\"query-input\":{\"@type\":\"PropertyValueSpecification\",\"valueRequired\":true,\"valueName\":\"search_term_string\"}}],\"inLanguage\":\"pl-PL\"},{\"@type\":\"Organization\",\"@id\":\"https:\\\/\\\/www.cbh-cyprus.com\\\/pl\\\/#organization\",\"name\":\"Constantinou Bros Hotels\",\"url\":\"https:\\\/\\\/www.cbh-cyprus.com\\\/pl\\\/\",\"logo\":{\"@type\":\"ImageObject\",\"inLanguage\":\"pl-PL\",\"@id\":\"https:\\\/\\\/www.cbh-cyprus.com\\\/pl\\\/#\\\/schema\\\/logo\\\/image\\\/\",\"url\":\"https:\\\/\\\/www.cbh-cyprus.com\\\/app\\\/uploads\\\/sites\\\/30\\\/2020\\\/10\\\/cbh.jpg\",\"contentUrl\":\"https:\\\/\\\/www.cbh-cyprus.com\\\/app\\\/uploads\\\/sites\\\/30\\\/2020\\\/10\\\/cbh.jpg\",\"width\":1013,\"height\":419,\"caption\":\"Constantinou Bros Hotels\"},\"image\":{\"@id\":\"https:\\\/\\\/www.cbh-cyprus.com\\\/pl\\\/#\\\/schema\\\/logo\\\/image\\\/\"}}]}<\/script>\n<!-- \/ Yoast SEO plugin. -->","yoast_head_json":{"title":"Zr\u00f3wnowa\u017cony rozw\u00f3j - Constantinou Bros Hotels","description":"Aspekt zr\u00f3wnowa\u017conego rozwoju w naszej dzia\u0142alno\u015bci w Constantinou Bros Hotels s\u0142u\u017cy \u015brodowisku i przynosi korzy\u015bci lokalnym producentom.","robots":{"index":"index","follow":"follow","max-snippet":"max-snippet:-1","max-image-preview":"max-image-preview:large","max-video-preview":"max-video-preview:-1"},"canonical":"https:\/\/www.cbh-cyprus.com\/pl\/zrownowazony-rozwoj\/","og_locale":"pl_PL","og_type":"article","og_title":"Zr\u00f3wnowa\u017cony rozw\u00f3j - Constantinou Bros Hotels","og_description":"Aspekt zr\u00f3wnowa\u017conego rozwoju w naszej dzia\u0142alno\u015bci w Constantinou Bros Hotels s\u0142u\u017cy \u015brodowisku i przynosi korzy\u015bci lokalnym producentom.","og_url":"https:\/\/www.cbh-cyprus.com\/pl\/zrownowazony-rozwoj\/","og_site_name":"Constantinou Bros Hotels","article_modified_time":"2024-09-13T09:37:55+00:00","og_image":[{"width":3764,"height":2796,"url":"https:\/\/www.cbh-cyprus.com\/app\/uploads\/sites\/30\/2022\/03\/3-PIONEER-BEACH-HOTEL-BEACH.jpeg","type":"image\/jpeg"}],"twitter_card":"summary_large_image","twitter_misc":{"Est. reading time":"1 minute"},"schema":{"@context":"https:\/\/schema.org","@graph":[{"@type":"WebPage","@id":"https:\/\/www.cbh-cyprus.com\/pl\/zrownowazony-rozwoj\/","url":"https:\/\/www.cbh-cyprus.com\/pl\/zrownowazony-rozwoj\/","name":"Zr\u00f3wnowa\u017cony rozw\u00f3j - Constantinou Bros Hotels","isPartOf":{"@id":"https:\/\/www.cbh-cyprus.com\/pl\/#website"},"primaryImageOfPage":{"@id":"https:\/\/www.cbh-cyprus.com\/pl\/zrownowazony-rozwoj\/#primaryimage"},"image":{"@id":"https:\/\/www.cbh-cyprus.com\/pl\/zrownowazony-rozwoj\/#primaryimage"},"thumbnailUrl":"https:\/\/www.cbh-cyprus.com\/app\/uploads\/sites\/30\/2025\/11\/ATHENA-ROYAL-BEACH-HOTEL-EXTERIOR-VIEW-1900.jpg","datePublished":"2024-07-23T09:12:48+00:00","dateModified":"2024-09-13T09:37:55+00:00","description":"Aspekt zr\u00f3wnowa\u017conego rozwoju w naszej dzia\u0142alno\u015bci w Constantinou Bros Hotels s\u0142u\u017cy \u015brodowisku i przynosi korzy\u015bci lokalnym producentom.","breadcrumb":{"@id":"https:\/\/www.cbh-cyprus.com\/pl\/zrownowazony-rozwoj\/#breadcrumb"},"inLanguage":"pl-PL","potentialAction":[{"@type":"ReadAction","target":["https:\/\/www.cbh-cyprus.com\/pl\/zrownowazony-rozwoj\/"]}]},{"@type":"ImageObject","inLanguage":"pl-PL","@id":"https:\/\/www.cbh-cyprus.com\/pl\/zrownowazony-rozwoj\/#primaryimage","url":"https:\/\/www.cbh-cyprus.com\/app\/uploads\/sites\/30\/2025\/11\/ATHENA-ROYAL-BEACH-HOTEL-EXTERIOR-VIEW-1900.jpg","contentUrl":"https:\/\/www.cbh-cyprus.com\/app\/uploads\/sites\/30\/2025\/11\/ATHENA-ROYAL-BEACH-HOTEL-EXTERIOR-VIEW-1900.jpg","width":1900,"height":1264,"caption":"ATHENA-ROYAL-BEACH-HOTEL-EXTERIOR-VIEW-1900"},{"@type":"BreadcrumbList","@id":"https:\/\/www.cbh-cyprus.com\/pl\/zrownowazony-rozwoj\/#breadcrumb","itemListElement":[{"@type":"ListItem","position":1,"name":"Home","item":"https:\/\/www.cbh-cyprus.com\/pl\/welcome-to-constantinou-bros-hotels\/"},{"@type":"ListItem","position":2,"name":"Zr\u00f3wnowa\u017cony rozw\u00f3j"}]},{"@type":"WebSite","@id":"https:\/\/www.cbh-cyprus.com\/pl\/#website","url":"https:\/\/www.cbh-cyprus.com\/pl\/","name":"Constantinou Bros Hotels","description":"Constantinou Bros Hotels","publisher":{"@id":"https:\/\/www.cbh-cyprus.com\/pl\/#organization"},"potentialAction":[{"@type":"SearchAction","target":{"@type":"EntryPoint","urlTemplate":"https:\/\/www.cbh-cyprus.com\/pl\/?s={search_term_string}"},"query-input":{"@type":"PropertyValueSpecification","valueRequired":true,"valueName":"search_term_string"}}],"inLanguage":"pl-PL"},{"@type":"Organization","@id":"https:\/\/www.cbh-cyprus.com\/pl\/#organization","name":"Constantinou Bros Hotels","url":"https:\/\/www.cbh-cyprus.com\/pl\/","logo":{"@type":"ImageObject","inLanguage":"pl-PL","@id":"https:\/\/www.cbh-cyprus.com\/pl\/#\/schema\/logo\/image\/","url":"https:\/\/www.cbh-cyprus.com\/app\/uploads\/sites\/30\/2020\/10\/cbh.jpg","contentUrl":"https:\/\/www.cbh-cyprus.com\/app\/uploads\/sites\/30\/2020\/10\/cbh.jpg","width":1013,"height":419,"caption":"Constantinou Bros Hotels"},"image":{"@id":"https:\/\/www.cbh-cyprus.com\/pl\/#\/schema\/logo\/image\/"}}]}},"_links":{"self":[{"href":"https:\/\/www.cbh-cyprus.com\/pl\/wp-json\/wp\/v2\/pages\/36767","targetHints":{"allow":["GET"]}}],"collection":[{"href":"https:\/\/www.cbh-cyprus.com\/pl\/wp-json\/wp\/v2\/pages"}],"about":[{"href":"https:\/\/www.cbh-cyprus.com\/pl\/wp-json\/wp\/v2\/types\/page"}],"author":[{"embeddable":true,"href":"https:\/\/www.cbh-cyprus.com\/pl\/wp-json\/wp\/v2\/users\/100"}],"replies":[{"embeddable":true,"href":"https:\/\/www.cbh-cyprus.com\/pl\/wp-json\/wp\/v2\/comments?post=36767"}],"version-history":[{"count":1,"href":"https:\/\/www.cbh-cyprus.com\/pl\/wp-json\/wp\/v2\/pages\/36767\/revisions"}],"predecessor-version":[{"id":41374,"href":"https:\/\/www.cbh-cyprus.com\/pl\/wp-json\/wp\/v2\/pages\/36767\/revisions\/41374"}],"wp:featuredmedia":[{"embeddable":true,"href":"https:\/\/www.cbh-cyprus.com\/pl\/wp-json\/wp\/v2\/media\/47240"}],"wp:attachment":[{"href":"https:\/\/www.cbh-cyprus.com\/pl\/wp-json\/wp\/v2\/media?parent=36767"}],"curies":[{"name":"wp","href":"https:\/\/api.w.org\/{rel}","templated":true}]}}