{"id":36778,"date":"2024-07-23T12:12:53","date_gmt":"2024-07-23T09:12:53","guid":{"rendered":"https:\/\/www.cbh-cyprus.com\/zrownowazony-rozwoj\/nagrody-certyfikaty\/"},"modified":"2024-12-12T09:42:06","modified_gmt":"2024-12-12T07:42:06","slug":"nagrody-certyfikaty","status":"publish","type":"page","link":"https:\/\/www.cbh-cyprus.com\/pl\/zrownowazony-rozwoj\/nagrody-certyfikaty\/","title":{"rendered":"Nagrody i certyfikaty"},"content":{"rendered":"<h1 style=\"text-align: center;\">Nagrody i certyfikaty: \u015awi\u0119towanie doskona\u0142o\u015bci<\/h1>\n<div class=\"mceTemp\" style=\"text-align: center;\"><\/div>\n<figure id=\"attachment_17490\" aria-describedby=\"caption-attachment-17490\" style=\"width: 300px\" class=\"wp-caption alignleft\"><img loading=\"lazy\" decoding=\"async\" class=\"wp-image-17490 size-thumbnail\" src=\"https:\/\/www.cbh-cyprus.com\/app\/uploads\/sites\/30\/2022\/06\/Travelife-Gold-2-300x300.jpg\" alt=\"\" width=\"300\" height=\"300\" srcset=\"https:\/\/www.cbh-cyprus.com\/app\/uploads\/sites\/30\/2022\/06\/Travelife-Gold-2-300x300.jpg 300w, https:\/\/www.cbh-cyprus.com\/app\/uploads\/sites\/30\/2022\/06\/Travelife-Gold-2-960x960.jpg 960w, https:\/\/www.cbh-cyprus.com\/app\/uploads\/sites\/30\/2022\/06\/Travelife-Gold-2-128x128.jpg 128w\" sizes=\"auto, (max-width: 300px) 100vw, 300px\" \/><figcaption id=\"caption-attachment-17490\" class=\"wp-caption-text\"><a href=\"http:\/\/www.cbh-cyprus.com\/app\/uploads\/sites\/30\/2023\/12\/GOLD-CERTIFIED-TRAVELIFE-2023.png\">Z\u0142oty certyfikat &#8211; Pioneer Beach Hotel <\/a><\/figcaption><\/figure>\n<figure id=\"attachment_17490\" aria-describedby=\"caption-attachment-17490\" style=\"width: 300px\" class=\"wp-caption alignleft\"><img loading=\"lazy\" decoding=\"async\" class=\"wp-image-17490 size-thumbnail\" src=\"https:\/\/www.cbh-cyprus.com\/app\/uploads\/sites\/30\/2022\/06\/Travelife-Gold-2-300x300.jpg\" alt=\"\" width=\"300\" height=\"300\" srcset=\"https:\/\/www.cbh-cyprus.com\/app\/uploads\/sites\/30\/2022\/06\/Travelife-Gold-2-300x300.jpg 300w, https:\/\/www.cbh-cyprus.com\/app\/uploads\/sites\/30\/2022\/06\/Travelife-Gold-2-960x960.jpg 960w, https:\/\/www.cbh-cyprus.com\/app\/uploads\/sites\/30\/2022\/06\/Travelife-Gold-2-128x128.jpg 128w\" sizes=\"auto, (max-width: 300px) 100vw, 300px\" \/><figcaption id=\"caption-attachment-17490\" class=\"wp-caption-text\"><a href=\"https:\/\/www.cbh-cyprus.com\/app\/uploads\/sites\/30\/2022\/05\/20220517175107620-1.jpg\">Z\u0142oty certyfikat &#8211; Athena Royal Beach Hotel <\/a><\/figcaption><\/figure>\n<figure id=\"attachment_17490\" aria-describedby=\"caption-attachment-17490\" style=\"width: 300px\" class=\"wp-caption alignleft\"><img loading=\"lazy\" decoding=\"async\" class=\"wp-image-17490 size-thumbnail\" src=\"https:\/\/www.cbh-cyprus.com\/app\/uploads\/sites\/30\/2022\/06\/Travelife-Gold-2-300x300.jpg\" alt=\"\" width=\"300\" height=\"300\" srcset=\"https:\/\/www.cbh-cyprus.com\/app\/uploads\/sites\/30\/2022\/06\/Travelife-Gold-2-300x300.jpg 300w, https:\/\/www.cbh-cyprus.com\/app\/uploads\/sites\/30\/2022\/06\/Travelife-Gold-2-960x960.jpg 960w, https:\/\/www.cbh-cyprus.com\/app\/uploads\/sites\/30\/2022\/06\/Travelife-Gold-2-128x128.jpg 128w\" sizes=\"auto, (max-width: 300px) 100vw, 300px\" \/><figcaption id=\"caption-attachment-17490\" class=\"wp-caption-text\"><a href=\"https:\/\/www.cbh-cyprus.com\/app\/uploads\/sites\/30\/2022\/11\/Athena-Beach-Hotel-Travelife-Award-2022.jpg\">Z\u0142oty certyfikat &#8211; Athena Beach Hotel <\/a><\/figcaption><\/figure>\n<figure id=\"attachment_17490\" aria-describedby=\"caption-attachment-17490\" style=\"width: 300px\" class=\"wp-caption alignleft\"><img loading=\"lazy\" decoding=\"async\" class=\"wp-image-17490 size-thumbnail\" src=\"https:\/\/www.cbh-cyprus.com\/app\/uploads\/sites\/30\/2022\/06\/Travelife-Gold-2-300x300.jpg\" alt=\"\" width=\"300\" height=\"300\" srcset=\"https:\/\/www.cbh-cyprus.com\/app\/uploads\/sites\/30\/2022\/06\/Travelife-Gold-2-300x300.jpg 300w, https:\/\/www.cbh-cyprus.com\/app\/uploads\/sites\/30\/2022\/06\/Travelife-Gold-2-960x960.jpg 960w, https:\/\/www.cbh-cyprus.com\/app\/uploads\/sites\/30\/2022\/06\/Travelife-Gold-2-128x128.jpg 128w\" sizes=\"auto, (max-width: 300px) 100vw, 300px\" \/><figcaption id=\"caption-attachment-17490\" class=\"wp-caption-text\"><a href=\"https:\/\/www.cbh-cyprus.com\/app\/uploads\/sites\/30\/2024\/12\/Certificate-103034.pdf\" target=\"_blank\" rel=\"noopener\">Z\u0142oty certyfikat &#8211; Asimina Suites Hotel<\/a><\/figcaption><\/figure>\n<p>&nbsp;<\/p>\n<figure id=\"attachment_36532\" aria-describedby=\"caption-attachment-36532\" style=\"width: 300px\" class=\"wp-caption alignleft\"><img loading=\"lazy\" decoding=\"async\" class=\"wp-image-36532\" src=\"https:\/\/www.cbh-cyprus.com\/app\/uploads\/sites\/30\/2024\/06\/Logo_Synesgy264.png\" alt=\"\" width=\"300\" height=\"300\" \/><figcaption id=\"caption-attachment-36532\" class=\"wp-caption-text\"><a href=\"https:\/\/www.cbh-cyprus.com\/app\/uploads\/sites\/30\/2024\/06\/SurveyCertificate_CON_NOU-BROS-HOTELS-PUBLIC-CO-LTD_21_06_2024-3.png\" target=\"_blank\" rel=\"noopener\">Certyfikat Synesgy &#8211; Athena Beach Hotel <\/a><\/figcaption><\/figure>\n<p>&nbsp;<\/p>\n<figure id=\"attachment_36532\" aria-describedby=\"caption-attachment-36532\" style=\"width: 300px\" class=\"wp-caption alignleft\"><img loading=\"lazy\" decoding=\"async\" class=\"wp-image-36532\" src=\"https:\/\/www.cbh-cyprus.com\/app\/uploads\/sites\/30\/2024\/06\/Logo_Synesgy264.png\" alt=\"\" width=\"300\" height=\"300\" \/><figcaption id=\"caption-attachment-36532\" class=\"wp-caption-text\"><a href=\"https:\/\/www.cbh-cyprus.com\/app\/uploads\/sites\/30\/2024\/06\/SurveyCertificate_LAYSTER-INVESTMENTS-PLC_21_06_2024-3.png\" target=\"_blank\" rel=\"noopener\">Certyfikat Synesgy &#8211; Athena Royal Beach Hotel<\/a><\/figcaption><\/figure>\n<p>&nbsp;<\/p>\n<figure id=\"attachment_36532\" aria-describedby=\"caption-attachment-36532\" style=\"width: 300px\" class=\"wp-caption alignleft\"><img loading=\"lazy\" decoding=\"async\" class=\"wp-image-36532\" src=\"https:\/\/www.cbh-cyprus.com\/app\/uploads\/sites\/30\/2024\/06\/Logo_Synesgy264.png\" alt=\"\" width=\"300\" height=\"300\" \/><figcaption id=\"caption-attachment-36532\" class=\"wp-caption-text\"><a href=\"https:\/\/www.cbh-cyprus.com\/app\/uploads\/sites\/30\/2024\/06\/SurveyCertificate_ASIMINA-SUITES-HOTELPAPHOS-STONE-C.-ESTATES-PLC_21_06_2024-3.png\" target=\"_blank\" rel=\"noopener\">Certyfikat Synesgy &#8211; Hotel Asimina Suites<\/a><\/figcaption><\/figure>\n<p>&nbsp;<\/p>\n<figure id=\"attachment_36532\" aria-describedby=\"caption-attachment-36532\" style=\"width: 300px\" class=\"wp-caption alignleft\"><img loading=\"lazy\" decoding=\"async\" class=\"wp-image-36532\" src=\"https:\/\/www.cbh-cyprus.com\/app\/uploads\/sites\/30\/2024\/06\/Logo_Synesgy264.png\" alt=\"\" width=\"300\" height=\"300\" \/><figcaption id=\"caption-attachment-36532\" class=\"wp-caption-text\"><a href=\"https:\/\/www.cbh-cyprus.com\/app\/uploads\/sites\/30\/2024\/06\/SurveyCertificate_KINGS-HEAD-DEVELOPMENT-PLC_21_06_2024-3.png\" target=\"_blank\" rel=\"noopener\">Certyfikat Synesgy &#8211; Hotel Pioneer Beach<\/a><\/figcaption><\/figure>\n<p>&nbsp;<\/p>\n","protected":false},"excerpt":{"rendered":"<p>Nagrody i certyfikaty: \u015awi\u0119towanie doskona\u0142o\u015bci &nbsp; &nbsp; &nbsp; &nbsp; &nbsp;<\/p>\n","protected":false},"author":100,"featured_media":39198,"parent":36767,"menu_order":0,"comment_status":"closed","ping_status":"closed","template":"","meta":{"_acf_changed":false,"footnotes":""},"class_list":["post-36778","page","type-page","status-publish","has-post-thumbnail","hentry"],"acf":[],"yoast_head":"<!-- This site is optimized with the Yoast SEO plugin v27.3 - https:\/\/yoast.com\/product\/yoast-seo-wordpress\/ -->\n<title>Nagrody i certyfikaty - Constantinou Bros Hotels<\/title>\n<meta name=\"description\" content=\"Z dum\u0105 prezentujemy nagrody i certyfikaty przyznane hotelom Constantinou Bros przez Travelife, przyznaj\u0105ce wyr\u00f3\u017cnienia za zr\u00f3wnowa\u017cony rozw\u00f3j zakwaterowania.\" \/>\n<meta name=\"robots\" content=\"index, follow, max-snippet:-1, max-image-preview:large, max-video-preview:-1\" \/>\n<link rel=\"canonical\" href=\"https:\/\/www.cbh-cyprus.com\/pl\/zrownowazony-rozwoj\/nagrody-certyfikaty\/\" \/>\n<meta property=\"og:locale\" content=\"pl_PL\" \/>\n<meta property=\"og:type\" content=\"article\" \/>\n<meta property=\"og:title\" content=\"Nagrody i certyfikaty - Constantinou Bros Hotels\" \/>\n<meta property=\"og:description\" content=\"Z dum\u0105 prezentujemy nagrody i certyfikaty przyznane hotelom Constantinou Bros przez Travelife, przyznaj\u0105ce wyr\u00f3\u017cnienia za zr\u00f3wnowa\u017cony rozw\u00f3j zakwaterowania.\" \/>\n<meta property=\"og:url\" content=\"https:\/\/www.cbh-cyprus.com\/pl\/zrownowazony-rozwoj\/nagrody-certyfikaty\/\" \/>\n<meta property=\"og:site_name\" content=\"Constantinou Bros Hotels\" \/>\n<meta property=\"article:modified_time\" content=\"2024-12-12T07:42:06+00:00\" \/>\n<meta property=\"og:image\" content=\"https:\/\/www.cbh-cyprus.com\/app\/uploads\/sites\/30\/2022\/04\/Travelife-Gold.jpg\" \/>\n\t<meta property=\"og:image:width\" content=\"1920\" \/>\n\t<meta property=\"og:image:height\" content=\"1032\" \/>\n\t<meta property=\"og:image:type\" content=\"image\/jpeg\" \/>\n<meta name=\"twitter:card\" content=\"summary_large_image\" \/>\n<meta name=\"twitter:label1\" content=\"Est. reading time\" \/>\n\t<meta name=\"twitter:data1\" content=\"3 minutes\" \/>\n<script type=\"application\/ld+json\" class=\"yoast-schema-graph\">{\"@context\":\"https:\\\/\\\/schema.org\",\"@graph\":[{\"@type\":\"WebPage\",\"@id\":\"https:\\\/\\\/www.cbh-cyprus.com\\\/pl\\\/zrownowazony-rozwoj\\\/nagrody-certyfikaty\\\/\",\"url\":\"https:\\\/\\\/www.cbh-cyprus.com\\\/pl\\\/zrownowazony-rozwoj\\\/nagrody-certyfikaty\\\/\",\"name\":\"Nagrody i certyfikaty - Constantinou Bros Hotels\",\"isPartOf\":{\"@id\":\"https:\\\/\\\/www.cbh-cyprus.com\\\/pl\\\/#website\"},\"primaryImageOfPage\":{\"@id\":\"https:\\\/\\\/www.cbh-cyprus.com\\\/pl\\\/zrownowazony-rozwoj\\\/nagrody-certyfikaty\\\/#primaryimage\"},\"image\":{\"@id\":\"https:\\\/\\\/www.cbh-cyprus.com\\\/pl\\\/zrownowazony-rozwoj\\\/nagrody-certyfikaty\\\/#primaryimage\"},\"thumbnailUrl\":\"https:\\\/\\\/www.cbh-cyprus.com\\\/app\\\/uploads\\\/sites\\\/30\\\/2022\\\/04\\\/Travelife-Gold-e1762259410553.jpg\",\"datePublished\":\"2024-07-23T09:12:53+00:00\",\"dateModified\":\"2024-12-12T07:42:06+00:00\",\"description\":\"Z dum\u0105 prezentujemy nagrody i certyfikaty przyznane hotelom Constantinou Bros przez Travelife, przyznaj\u0105ce wyr\u00f3\u017cnienia za zr\u00f3wnowa\u017cony rozw\u00f3j zakwaterowania.\",\"breadcrumb\":{\"@id\":\"https:\\\/\\\/www.cbh-cyprus.com\\\/pl\\\/zrownowazony-rozwoj\\\/nagrody-certyfikaty\\\/#breadcrumb\"},\"inLanguage\":\"pl-PL\",\"potentialAction\":[{\"@type\":\"ReadAction\",\"target\":[\"https:\\\/\\\/www.cbh-cyprus.com\\\/pl\\\/zrownowazony-rozwoj\\\/nagrody-certyfikaty\\\/\"]}]},{\"@type\":\"ImageObject\",\"inLanguage\":\"pl-PL\",\"@id\":\"https:\\\/\\\/www.cbh-cyprus.com\\\/pl\\\/zrownowazony-rozwoj\\\/nagrody-certyfikaty\\\/#primaryimage\",\"url\":\"https:\\\/\\\/www.cbh-cyprus.com\\\/app\\\/uploads\\\/sites\\\/30\\\/2022\\\/04\\\/Travelife-Gold-e1762259410553.jpg\",\"contentUrl\":\"https:\\\/\\\/www.cbh-cyprus.com\\\/app\\\/uploads\\\/sites\\\/30\\\/2022\\\/04\\\/Travelife-Gold-e1762259410553.jpg\",\"width\":1920,\"height\":1032,\"caption\":\"Occupational Health & Safety\"},{\"@type\":\"BreadcrumbList\",\"@id\":\"https:\\\/\\\/www.cbh-cyprus.com\\\/pl\\\/zrownowazony-rozwoj\\\/nagrody-certyfikaty\\\/#breadcrumb\",\"itemListElement\":[{\"@type\":\"ListItem\",\"position\":1,\"name\":\"Home\",\"item\":\"https:\\\/\\\/www.cbh-cyprus.com\\\/pl\\\/welcome-to-constantinou-bros-hotels\\\/\"},{\"@type\":\"ListItem\",\"position\":2,\"name\":\"Zr\u00f3wnowa\u017cony rozw\u00f3j\",\"item\":\"https:\\\/\\\/www.cbh-cyprus.com\\\/pl\\\/zrownowazony-rozwoj\\\/\"},{\"@type\":\"ListItem\",\"position\":3,\"name\":\"Nagrody i certyfikaty\"}]},{\"@type\":\"WebSite\",\"@id\":\"https:\\\/\\\/www.cbh-cyprus.com\\\/pl\\\/#website\",\"url\":\"https:\\\/\\\/www.cbh-cyprus.com\\\/pl\\\/\",\"name\":\"Constantinou Bros Hotels\",\"description\":\"Constantinou Bros Hotels\",\"publisher\":{\"@id\":\"https:\\\/\\\/www.cbh-cyprus.com\\\/pl\\\/#organization\"},\"potentialAction\":[{\"@type\":\"SearchAction\",\"target\":{\"@type\":\"EntryPoint\",\"urlTemplate\":\"https:\\\/\\\/www.cbh-cyprus.com\\\/pl\\\/?s={search_term_string}\"},\"query-input\":{\"@type\":\"PropertyValueSpecification\",\"valueRequired\":true,\"valueName\":\"search_term_string\"}}],\"inLanguage\":\"pl-PL\"},{\"@type\":\"Organization\",\"@id\":\"https:\\\/\\\/www.cbh-cyprus.com\\\/pl\\\/#organization\",\"name\":\"Constantinou Bros Hotels\",\"url\":\"https:\\\/\\\/www.cbh-cyprus.com\\\/pl\\\/\",\"logo\":{\"@type\":\"ImageObject\",\"inLanguage\":\"pl-PL\",\"@id\":\"https:\\\/\\\/www.cbh-cyprus.com\\\/pl\\\/#\\\/schema\\\/logo\\\/image\\\/\",\"url\":\"https:\\\/\\\/www.cbh-cyprus.com\\\/app\\\/uploads\\\/sites\\\/30\\\/2020\\\/10\\\/cbh.jpg\",\"contentUrl\":\"https:\\\/\\\/www.cbh-cyprus.com\\\/app\\\/uploads\\\/sites\\\/30\\\/2020\\\/10\\\/cbh.jpg\",\"width\":1013,\"height\":419,\"caption\":\"Constantinou Bros Hotels\"},\"image\":{\"@id\":\"https:\\\/\\\/www.cbh-cyprus.com\\\/pl\\\/#\\\/schema\\\/logo\\\/image\\\/\"}}]}<\/script>\n<!-- \/ Yoast SEO plugin. -->","yoast_head_json":{"title":"Nagrody i certyfikaty - Constantinou Bros Hotels","description":"Z dum\u0105 prezentujemy nagrody i certyfikaty przyznane hotelom Constantinou Bros przez Travelife, przyznaj\u0105ce wyr\u00f3\u017cnienia za zr\u00f3wnowa\u017cony rozw\u00f3j zakwaterowania.","robots":{"index":"index","follow":"follow","max-snippet":"max-snippet:-1","max-image-preview":"max-image-preview:large","max-video-preview":"max-video-preview:-1"},"canonical":"https:\/\/www.cbh-cyprus.com\/pl\/zrownowazony-rozwoj\/nagrody-certyfikaty\/","og_locale":"pl_PL","og_type":"article","og_title":"Nagrody i certyfikaty - Constantinou Bros Hotels","og_description":"Z dum\u0105 prezentujemy nagrody i certyfikaty przyznane hotelom Constantinou Bros przez Travelife, przyznaj\u0105ce wyr\u00f3\u017cnienia za zr\u00f3wnowa\u017cony rozw\u00f3j zakwaterowania.","og_url":"https:\/\/www.cbh-cyprus.com\/pl\/zrownowazony-rozwoj\/nagrody-certyfikaty\/","og_site_name":"Constantinou Bros Hotels","article_modified_time":"2024-12-12T07:42:06+00:00","og_image":[{"width":1920,"height":1032,"url":"https:\/\/www.cbh-cyprus.com\/app\/uploads\/sites\/30\/2022\/04\/Travelife-Gold.jpg","type":"image\/jpeg"}],"twitter_card":"summary_large_image","twitter_misc":{"Est. reading time":"3 minutes"},"schema":{"@context":"https:\/\/schema.org","@graph":[{"@type":"WebPage","@id":"https:\/\/www.cbh-cyprus.com\/pl\/zrownowazony-rozwoj\/nagrody-certyfikaty\/","url":"https:\/\/www.cbh-cyprus.com\/pl\/zrownowazony-rozwoj\/nagrody-certyfikaty\/","name":"Nagrody i certyfikaty - Constantinou Bros Hotels","isPartOf":{"@id":"https:\/\/www.cbh-cyprus.com\/pl\/#website"},"primaryImageOfPage":{"@id":"https:\/\/www.cbh-cyprus.com\/pl\/zrownowazony-rozwoj\/nagrody-certyfikaty\/#primaryimage"},"image":{"@id":"https:\/\/www.cbh-cyprus.com\/pl\/zrownowazony-rozwoj\/nagrody-certyfikaty\/#primaryimage"},"thumbnailUrl":"https:\/\/www.cbh-cyprus.com\/app\/uploads\/sites\/30\/2022\/04\/Travelife-Gold-e1762259410553.jpg","datePublished":"2024-07-23T09:12:53+00:00","dateModified":"2024-12-12T07:42:06+00:00","description":"Z dum\u0105 prezentujemy nagrody i certyfikaty przyznane hotelom Constantinou Bros przez Travelife, przyznaj\u0105ce wyr\u00f3\u017cnienia za zr\u00f3wnowa\u017cony rozw\u00f3j zakwaterowania.","breadcrumb":{"@id":"https:\/\/www.cbh-cyprus.com\/pl\/zrownowazony-rozwoj\/nagrody-certyfikaty\/#breadcrumb"},"inLanguage":"pl-PL","potentialAction":[{"@type":"ReadAction","target":["https:\/\/www.cbh-cyprus.com\/pl\/zrownowazony-rozwoj\/nagrody-certyfikaty\/"]}]},{"@type":"ImageObject","inLanguage":"pl-PL","@id":"https:\/\/www.cbh-cyprus.com\/pl\/zrownowazony-rozwoj\/nagrody-certyfikaty\/#primaryimage","url":"https:\/\/www.cbh-cyprus.com\/app\/uploads\/sites\/30\/2022\/04\/Travelife-Gold-e1762259410553.jpg","contentUrl":"https:\/\/www.cbh-cyprus.com\/app\/uploads\/sites\/30\/2022\/04\/Travelife-Gold-e1762259410553.jpg","width":1920,"height":1032,"caption":"Occupational Health & Safety"},{"@type":"BreadcrumbList","@id":"https:\/\/www.cbh-cyprus.com\/pl\/zrownowazony-rozwoj\/nagrody-certyfikaty\/#breadcrumb","itemListElement":[{"@type":"ListItem","position":1,"name":"Home","item":"https:\/\/www.cbh-cyprus.com\/pl\/welcome-to-constantinou-bros-hotels\/"},{"@type":"ListItem","position":2,"name":"Zr\u00f3wnowa\u017cony rozw\u00f3j","item":"https:\/\/www.cbh-cyprus.com\/pl\/zrownowazony-rozwoj\/"},{"@type":"ListItem","position":3,"name":"Nagrody i certyfikaty"}]},{"@type":"WebSite","@id":"https:\/\/www.cbh-cyprus.com\/pl\/#website","url":"https:\/\/www.cbh-cyprus.com\/pl\/","name":"Constantinou Bros Hotels","description":"Constantinou Bros Hotels","publisher":{"@id":"https:\/\/www.cbh-cyprus.com\/pl\/#organization"},"potentialAction":[{"@type":"SearchAction","target":{"@type":"EntryPoint","urlTemplate":"https:\/\/www.cbh-cyprus.com\/pl\/?s={search_term_string}"},"query-input":{"@type":"PropertyValueSpecification","valueRequired":true,"valueName":"search_term_string"}}],"inLanguage":"pl-PL"},{"@type":"Organization","@id":"https:\/\/www.cbh-cyprus.com\/pl\/#organization","name":"Constantinou Bros Hotels","url":"https:\/\/www.cbh-cyprus.com\/pl\/","logo":{"@type":"ImageObject","inLanguage":"pl-PL","@id":"https:\/\/www.cbh-cyprus.com\/pl\/#\/schema\/logo\/image\/","url":"https:\/\/www.cbh-cyprus.com\/app\/uploads\/sites\/30\/2020\/10\/cbh.jpg","contentUrl":"https:\/\/www.cbh-cyprus.com\/app\/uploads\/sites\/30\/2020\/10\/cbh.jpg","width":1013,"height":419,"caption":"Constantinou Bros Hotels"},"image":{"@id":"https:\/\/www.cbh-cyprus.com\/pl\/#\/schema\/logo\/image\/"}}]}},"_links":{"self":[{"href":"https:\/\/www.cbh-cyprus.com\/pl\/wp-json\/wp\/v2\/pages\/36778","targetHints":{"allow":["GET"]}}],"collection":[{"href":"https:\/\/www.cbh-cyprus.com\/pl\/wp-json\/wp\/v2\/pages"}],"about":[{"href":"https:\/\/www.cbh-cyprus.com\/pl\/wp-json\/wp\/v2\/types\/page"}],"author":[{"embeddable":true,"href":"https:\/\/www.cbh-cyprus.com\/pl\/wp-json\/wp\/v2\/users\/100"}],"replies":[{"embeddable":true,"href":"https:\/\/www.cbh-cyprus.com\/pl\/wp-json\/wp\/v2\/comments?post=36778"}],"version-history":[{"count":2,"href":"https:\/\/www.cbh-cyprus.com\/pl\/wp-json\/wp\/v2\/pages\/36778\/revisions"}],"predecessor-version":[{"id":43014,"href":"https:\/\/www.cbh-cyprus.com\/pl\/wp-json\/wp\/v2\/pages\/36778\/revisions\/43014"}],"up":[{"embeddable":true,"href":"https:\/\/www.cbh-cyprus.com\/pl\/wp-json\/wp\/v2\/pages\/36767"}],"wp:featuredmedia":[{"embeddable":true,"href":"https:\/\/www.cbh-cyprus.com\/pl\/wp-json\/wp\/v2\/media\/39198"}],"wp:attachment":[{"href":"https:\/\/www.cbh-cyprus.com\/pl\/wp-json\/wp\/v2\/media?parent=36778"}],"curies":[{"name":"wp","href":"https:\/\/api.w.org\/{rel}","templated":true}]}}