{"id":36779,"date":"2024-07-23T12:12:54","date_gmt":"2024-07-23T09:12:54","guid":{"rendered":"https:\/\/www.cbh-cyprus.com\/zrownowazony-rozwoj\/polityka-zrownowazonego-rozwoju\/"},"modified":"2025-10-29T09:31:46","modified_gmt":"2025-10-29T07:31:46","slug":"polityka-zrownowazonego-rozwoju","status":"publish","type":"page","link":"https:\/\/www.cbh-cyprus.com\/pl\/zrownowazony-rozwoj\/polityka-zrownowazonego-rozwoju\/","title":{"rendered":"Polityka zr\u00f3wnowa\u017conego rozwoju"},"content":{"rendered":"<p>Naszym celem jest zapewnienie naszym cennym go\u015bciom najlepszych wra\u017ce\u0144 z wakacji, ale robimy to z poszanowaniem naszego \u015brodowiska i dzia\u0142amy w celu zmniejszenia wp\u0142ywu, jaki mo\u017ce to mie\u0107 na nasz\u0105 lokaln\u0105 spo\u0142eczno\u015b\u0107.<\/p>\n<p>Rozumiemy, \u017ce wa\u017cne jest, aby stale ocenia\u0107 wp\u0142yw, jaki wywieramy na otaczaj\u0105ce nas \u015brodowisko i dok\u0142adamy wszelkich stara\u0144, aby przestrzega\u0107 wszystkich odpowiednich przepis\u00f3w i rejestracji dotycz\u0105cych ochrony \u015brodowiska oraz wszystkich innych wymog\u00f3w, kt\u00f3re obowi\u0105zuj\u0105 nasze hotele.<\/p>\n<p>Ponadto zobowi\u0105zujemy si\u0119 do minimalizowania wp\u0142ywu, jaki nasze hotele wywieraj\u0105 na \u015brodowisko poprzez programy kontroli i zapobiegania zanieczyszczeniom.<\/p>\n","protected":false},"excerpt":{"rendered":"<p>Naszym celem jest zapewnienie naszym cennym go\u015bciom najlepszych wra\u017ce\u0144 z wakacji, ale robimy to z poszanowaniem naszego \u015brodowiska i dzia\u0142amy w celu zmniejszenia wp\u0142ywu, jaki mo\u017ce to mie\u0107 na nasz\u0105 lokaln\u0105 spo\u0142eczno\u015b\u0107. Rozumiemy, \u017ce wa\u017cne jest, aby stale ocenia\u0107 wp\u0142yw, jaki wywieramy na otaczaj\u0105ce nas \u015brodowisko i dok\u0142adamy wszelkich stara\u0144, aby przestrzega\u0107 wszystkich odpowiednich przepis\u00f3w<\/p>\n","protected":false},"author":100,"featured_media":39205,"parent":36767,"menu_order":0,"comment_status":"closed","ping_status":"closed","template":"page-templates\/sustainability.php","meta":{"_acf_changed":false,"footnotes":""},"class_list":["post-36779","page","type-page","status-publish","has-post-thumbnail","hentry"],"acf":[],"yoast_head":"<!-- This site is optimized with the Yoast SEO plugin v27.4 - https:\/\/yoast.com\/product\/yoast-seo-wordpress\/ -->\n<title>Polityka zr\u00f3wnowa\u017conego rozwoju - Constantinou Bros Hotels<\/title>\n<meta name=\"description\" content=\"Dzi\u0119ki naszemu zaanga\u017cowaniu w minimalizowanie wp\u0142ywu dzia\u0142alno\u015bci naszych hoteli na \u015brodowisko, poni\u017cej przedstawiamy Pa\u0144stwu r\u00f3\u017cne eko-regulacje, kt\u00f3rych przestrzegaj\u0105 nasze hotele.\" \/>\n<meta name=\"robots\" content=\"index, follow, max-snippet:-1, max-image-preview:large, max-video-preview:-1\" \/>\n<link rel=\"canonical\" href=\"https:\/\/www.cbh-cyprus.com\/pl\/zrownowazony-rozwoj\/polityka-zrownowazonego-rozwoju\/\" \/>\n<meta property=\"og:locale\" content=\"pl_PL\" \/>\n<meta property=\"og:type\" content=\"article\" \/>\n<meta property=\"og:title\" content=\"Polityka zr\u00f3wnowa\u017conego rozwoju - Constantinou Bros Hotels\" \/>\n<meta property=\"og:description\" content=\"Dzi\u0119ki naszemu zaanga\u017cowaniu w minimalizowanie wp\u0142ywu dzia\u0142alno\u015bci naszych hoteli na \u015brodowisko, poni\u017cej przedstawiamy Pa\u0144stwu r\u00f3\u017cne eko-regulacje, kt\u00f3rych przestrzegaj\u0105 nasze hotele.\" \/>\n<meta property=\"og:url\" content=\"https:\/\/www.cbh-cyprus.com\/pl\/zrownowazony-rozwoj\/polityka-zrownowazonego-rozwoju\/\" \/>\n<meta property=\"og:site_name\" content=\"Constantinou Bros Hotels\" \/>\n<meta property=\"article:modified_time\" content=\"2025-10-29T07:31:46+00:00\" \/>\n<meta property=\"og:image\" content=\"https:\/\/www.cbh-cyprus.com\/app\/uploads\/sites\/30\/2022\/04\/CBH7618.jpg\" \/>\n\t<meta property=\"og:image:width\" content=\"6606\" \/>\n\t<meta property=\"og:image:height\" content=\"4409\" \/>\n\t<meta property=\"og:image:type\" content=\"image\/jpeg\" \/>\n<meta name=\"twitter:card\" content=\"summary_large_image\" \/>\n<meta name=\"twitter:label1\" content=\"Est. reading time\" \/>\n\t<meta name=\"twitter:data1\" content=\"1 minute\" \/>\n<script type=\"application\/ld+json\" class=\"yoast-schema-graph\">{\"@context\":\"https:\\\/\\\/schema.org\",\"@graph\":[{\"@type\":\"WebPage\",\"@id\":\"https:\\\/\\\/www.cbh-cyprus.com\\\/pl\\\/zrownowazony-rozwoj\\\/polityka-zrownowazonego-rozwoju\\\/\",\"url\":\"https:\\\/\\\/www.cbh-cyprus.com\\\/pl\\\/zrownowazony-rozwoj\\\/polityka-zrownowazonego-rozwoju\\\/\",\"name\":\"Polityka zr\u00f3wnowa\u017conego rozwoju - Constantinou Bros Hotels\",\"isPartOf\":{\"@id\":\"https:\\\/\\\/www.cbh-cyprus.com\\\/pl\\\/#website\"},\"primaryImageOfPage\":{\"@id\":\"https:\\\/\\\/www.cbh-cyprus.com\\\/pl\\\/zrownowazony-rozwoj\\\/polityka-zrownowazonego-rozwoju\\\/#primaryimage\"},\"image\":{\"@id\":\"https:\\\/\\\/www.cbh-cyprus.com\\\/pl\\\/zrownowazony-rozwoj\\\/polityka-zrownowazonego-rozwoju\\\/#primaryimage\"},\"thumbnailUrl\":\"https:\\\/\\\/www.cbh-cyprus.com\\\/app\\\/uploads\\\/sites\\\/30\\\/2022\\\/04\\\/CBH7618.jpg\",\"datePublished\":\"2024-07-23T09:12:54+00:00\",\"dateModified\":\"2025-10-29T07:31:46+00:00\",\"description\":\"Dzi\u0119ki naszemu zaanga\u017cowaniu w minimalizowanie wp\u0142ywu dzia\u0142alno\u015bci naszych hoteli na \u015brodowisko, poni\u017cej przedstawiamy Pa\u0144stwu r\u00f3\u017cne eko-regulacje, kt\u00f3rych przestrzegaj\u0105 nasze hotele.\",\"breadcrumb\":{\"@id\":\"https:\\\/\\\/www.cbh-cyprus.com\\\/pl\\\/zrownowazony-rozwoj\\\/polityka-zrownowazonego-rozwoju\\\/#breadcrumb\"},\"inLanguage\":\"pl-PL\",\"potentialAction\":[{\"@type\":\"ReadAction\",\"target\":[\"https:\\\/\\\/www.cbh-cyprus.com\\\/pl\\\/zrownowazony-rozwoj\\\/polityka-zrownowazonego-rozwoju\\\/\"]}]},{\"@type\":\"ImageObject\",\"inLanguage\":\"pl-PL\",\"@id\":\"https:\\\/\\\/www.cbh-cyprus.com\\\/pl\\\/zrownowazony-rozwoj\\\/polityka-zrownowazonego-rozwoju\\\/#primaryimage\",\"url\":\"https:\\\/\\\/www.cbh-cyprus.com\\\/app\\\/uploads\\\/sites\\\/30\\\/2022\\\/04\\\/CBH7618.jpg\",\"contentUrl\":\"https:\\\/\\\/www.cbh-cyprus.com\\\/app\\\/uploads\\\/sites\\\/30\\\/2022\\\/04\\\/CBH7618.jpg\",\"width\":6606,\"height\":4409,\"caption\":\"Human Resources Policy\"},{\"@type\":\"BreadcrumbList\",\"@id\":\"https:\\\/\\\/www.cbh-cyprus.com\\\/pl\\\/zrownowazony-rozwoj\\\/polityka-zrownowazonego-rozwoju\\\/#breadcrumb\",\"itemListElement\":[{\"@type\":\"ListItem\",\"position\":1,\"name\":\"Home\",\"item\":\"https:\\\/\\\/www.cbh-cyprus.com\\\/pl\\\/welcome-to-constantinou-bros-hotels\\\/\"},{\"@type\":\"ListItem\",\"position\":2,\"name\":\"Zr\u00f3wnowa\u017cony rozw\u00f3j\",\"item\":\"https:\\\/\\\/www.cbh-cyprus.com\\\/pl\\\/zrownowazony-rozwoj\\\/\"},{\"@type\":\"ListItem\",\"position\":3,\"name\":\"Polityka zr\u00f3wnowa\u017conego rozwoju\"}]},{\"@type\":\"WebSite\",\"@id\":\"https:\\\/\\\/www.cbh-cyprus.com\\\/pl\\\/#website\",\"url\":\"https:\\\/\\\/www.cbh-cyprus.com\\\/pl\\\/\",\"name\":\"Constantinou Bros Hotels\",\"description\":\"Constantinou Bros Hotels\",\"publisher\":{\"@id\":\"https:\\\/\\\/www.cbh-cyprus.com\\\/pl\\\/#organization\"},\"potentialAction\":[{\"@type\":\"SearchAction\",\"target\":{\"@type\":\"EntryPoint\",\"urlTemplate\":\"https:\\\/\\\/www.cbh-cyprus.com\\\/pl\\\/?s={search_term_string}\"},\"query-input\":{\"@type\":\"PropertyValueSpecification\",\"valueRequired\":true,\"valueName\":\"search_term_string\"}}],\"inLanguage\":\"pl-PL\"},{\"@type\":\"Organization\",\"@id\":\"https:\\\/\\\/www.cbh-cyprus.com\\\/pl\\\/#organization\",\"name\":\"Constantinou Bros Hotels\",\"url\":\"https:\\\/\\\/www.cbh-cyprus.com\\\/pl\\\/\",\"logo\":{\"@type\":\"ImageObject\",\"inLanguage\":\"pl-PL\",\"@id\":\"https:\\\/\\\/www.cbh-cyprus.com\\\/pl\\\/#\\\/schema\\\/logo\\\/image\\\/\",\"url\":\"https:\\\/\\\/www.cbh-cyprus.com\\\/app\\\/uploads\\\/sites\\\/30\\\/2020\\\/10\\\/cbh.jpg\",\"contentUrl\":\"https:\\\/\\\/www.cbh-cyprus.com\\\/app\\\/uploads\\\/sites\\\/30\\\/2020\\\/10\\\/cbh.jpg\",\"width\":1013,\"height\":419,\"caption\":\"Constantinou Bros Hotels\"},\"image\":{\"@id\":\"https:\\\/\\\/www.cbh-cyprus.com\\\/pl\\\/#\\\/schema\\\/logo\\\/image\\\/\"}}]}<\/script>\n<!-- \/ Yoast SEO plugin. -->","yoast_head_json":{"title":"Polityka zr\u00f3wnowa\u017conego rozwoju - Constantinou Bros Hotels","description":"Dzi\u0119ki naszemu zaanga\u017cowaniu w minimalizowanie wp\u0142ywu dzia\u0142alno\u015bci naszych hoteli na \u015brodowisko, poni\u017cej przedstawiamy Pa\u0144stwu r\u00f3\u017cne eko-regulacje, kt\u00f3rych przestrzegaj\u0105 nasze hotele.","robots":{"index":"index","follow":"follow","max-snippet":"max-snippet:-1","max-image-preview":"max-image-preview:large","max-video-preview":"max-video-preview:-1"},"canonical":"https:\/\/www.cbh-cyprus.com\/pl\/zrownowazony-rozwoj\/polityka-zrownowazonego-rozwoju\/","og_locale":"pl_PL","og_type":"article","og_title":"Polityka zr\u00f3wnowa\u017conego rozwoju - Constantinou Bros Hotels","og_description":"Dzi\u0119ki naszemu zaanga\u017cowaniu w minimalizowanie wp\u0142ywu dzia\u0142alno\u015bci naszych hoteli na \u015brodowisko, poni\u017cej przedstawiamy Pa\u0144stwu r\u00f3\u017cne eko-regulacje, kt\u00f3rych przestrzegaj\u0105 nasze hotele.","og_url":"https:\/\/www.cbh-cyprus.com\/pl\/zrownowazony-rozwoj\/polityka-zrownowazonego-rozwoju\/","og_site_name":"Constantinou Bros Hotels","article_modified_time":"2025-10-29T07:31:46+00:00","og_image":[{"width":6606,"height":4409,"url":"https:\/\/www.cbh-cyprus.com\/app\/uploads\/sites\/30\/2022\/04\/CBH7618.jpg","type":"image\/jpeg"}],"twitter_card":"summary_large_image","twitter_misc":{"Est. reading time":"1 minute"},"schema":{"@context":"https:\/\/schema.org","@graph":[{"@type":"WebPage","@id":"https:\/\/www.cbh-cyprus.com\/pl\/zrownowazony-rozwoj\/polityka-zrownowazonego-rozwoju\/","url":"https:\/\/www.cbh-cyprus.com\/pl\/zrownowazony-rozwoj\/polityka-zrownowazonego-rozwoju\/","name":"Polityka zr\u00f3wnowa\u017conego rozwoju - Constantinou Bros Hotels","isPartOf":{"@id":"https:\/\/www.cbh-cyprus.com\/pl\/#website"},"primaryImageOfPage":{"@id":"https:\/\/www.cbh-cyprus.com\/pl\/zrownowazony-rozwoj\/polityka-zrownowazonego-rozwoju\/#primaryimage"},"image":{"@id":"https:\/\/www.cbh-cyprus.com\/pl\/zrownowazony-rozwoj\/polityka-zrownowazonego-rozwoju\/#primaryimage"},"thumbnailUrl":"https:\/\/www.cbh-cyprus.com\/app\/uploads\/sites\/30\/2022\/04\/CBH7618.jpg","datePublished":"2024-07-23T09:12:54+00:00","dateModified":"2025-10-29T07:31:46+00:00","description":"Dzi\u0119ki naszemu zaanga\u017cowaniu w minimalizowanie wp\u0142ywu dzia\u0142alno\u015bci naszych hoteli na \u015brodowisko, poni\u017cej przedstawiamy Pa\u0144stwu r\u00f3\u017cne eko-regulacje, kt\u00f3rych przestrzegaj\u0105 nasze hotele.","breadcrumb":{"@id":"https:\/\/www.cbh-cyprus.com\/pl\/zrownowazony-rozwoj\/polityka-zrownowazonego-rozwoju\/#breadcrumb"},"inLanguage":"pl-PL","potentialAction":[{"@type":"ReadAction","target":["https:\/\/www.cbh-cyprus.com\/pl\/zrownowazony-rozwoj\/polityka-zrownowazonego-rozwoju\/"]}]},{"@type":"ImageObject","inLanguage":"pl-PL","@id":"https:\/\/www.cbh-cyprus.com\/pl\/zrownowazony-rozwoj\/polityka-zrownowazonego-rozwoju\/#primaryimage","url":"https:\/\/www.cbh-cyprus.com\/app\/uploads\/sites\/30\/2022\/04\/CBH7618.jpg","contentUrl":"https:\/\/www.cbh-cyprus.com\/app\/uploads\/sites\/30\/2022\/04\/CBH7618.jpg","width":6606,"height":4409,"caption":"Human Resources Policy"},{"@type":"BreadcrumbList","@id":"https:\/\/www.cbh-cyprus.com\/pl\/zrownowazony-rozwoj\/polityka-zrownowazonego-rozwoju\/#breadcrumb","itemListElement":[{"@type":"ListItem","position":1,"name":"Home","item":"https:\/\/www.cbh-cyprus.com\/pl\/welcome-to-constantinou-bros-hotels\/"},{"@type":"ListItem","position":2,"name":"Zr\u00f3wnowa\u017cony rozw\u00f3j","item":"https:\/\/www.cbh-cyprus.com\/pl\/zrownowazony-rozwoj\/"},{"@type":"ListItem","position":3,"name":"Polityka zr\u00f3wnowa\u017conego rozwoju"}]},{"@type":"WebSite","@id":"https:\/\/www.cbh-cyprus.com\/pl\/#website","url":"https:\/\/www.cbh-cyprus.com\/pl\/","name":"Constantinou Bros Hotels","description":"Constantinou Bros Hotels","publisher":{"@id":"https:\/\/www.cbh-cyprus.com\/pl\/#organization"},"potentialAction":[{"@type":"SearchAction","target":{"@type":"EntryPoint","urlTemplate":"https:\/\/www.cbh-cyprus.com\/pl\/?s={search_term_string}"},"query-input":{"@type":"PropertyValueSpecification","valueRequired":true,"valueName":"search_term_string"}}],"inLanguage":"pl-PL"},{"@type":"Organization","@id":"https:\/\/www.cbh-cyprus.com\/pl\/#organization","name":"Constantinou Bros Hotels","url":"https:\/\/www.cbh-cyprus.com\/pl\/","logo":{"@type":"ImageObject","inLanguage":"pl-PL","@id":"https:\/\/www.cbh-cyprus.com\/pl\/#\/schema\/logo\/image\/","url":"https:\/\/www.cbh-cyprus.com\/app\/uploads\/sites\/30\/2020\/10\/cbh.jpg","contentUrl":"https:\/\/www.cbh-cyprus.com\/app\/uploads\/sites\/30\/2020\/10\/cbh.jpg","width":1013,"height":419,"caption":"Constantinou Bros Hotels"},"image":{"@id":"https:\/\/www.cbh-cyprus.com\/pl\/#\/schema\/logo\/image\/"}}]}},"_links":{"self":[{"href":"https:\/\/www.cbh-cyprus.com\/pl\/wp-json\/wp\/v2\/pages\/36779","targetHints":{"allow":["GET"]}}],"collection":[{"href":"https:\/\/www.cbh-cyprus.com\/pl\/wp-json\/wp\/v2\/pages"}],"about":[{"href":"https:\/\/www.cbh-cyprus.com\/pl\/wp-json\/wp\/v2\/types\/page"}],"author":[{"embeddable":true,"href":"https:\/\/www.cbh-cyprus.com\/pl\/wp-json\/wp\/v2\/users\/100"}],"replies":[{"embeddable":true,"href":"https:\/\/www.cbh-cyprus.com\/pl\/wp-json\/wp\/v2\/comments?post=36779"}],"version-history":[{"count":6,"href":"https:\/\/www.cbh-cyprus.com\/pl\/wp-json\/wp\/v2\/pages\/36779\/revisions"}],"predecessor-version":[{"id":47157,"href":"https:\/\/www.cbh-cyprus.com\/pl\/wp-json\/wp\/v2\/pages\/36779\/revisions\/47157"}],"up":[{"embeddable":true,"href":"https:\/\/www.cbh-cyprus.com\/pl\/wp-json\/wp\/v2\/pages\/36767"}],"wp:featuredmedia":[{"embeddable":true,"href":"https:\/\/www.cbh-cyprus.com\/pl\/wp-json\/wp\/v2\/media\/39205"}],"wp:attachment":[{"href":"https:\/\/www.cbh-cyprus.com\/pl\/wp-json\/wp\/v2\/media?parent=36779"}],"curies":[{"name":"wp","href":"https:\/\/api.w.org\/{rel}","templated":true}]}}