{"id":36789,"date":"2024-07-23T12:13:01","date_gmt":"2024-07-23T09:13:01","guid":{"rendered":"https:\/\/www.cbh-cyprus.com\/zrownowazony-rozwoj\/raportowanie-zrownowazonego-rozwoju\/"},"modified":"2025-10-29T09:36:04","modified_gmt":"2025-10-29T07:36:04","slug":"raportowanie-zrownowazonego-rozwoju","status":"publish","type":"page","link":"https:\/\/www.cbh-cyprus.com\/pl\/zrownowazony-rozwoj\/raportowanie-zrownowazonego-rozwoju\/","title":{"rendered":"Raportowanie zr\u00f3wnowa\u017conego rozwoju"},"content":{"rendered":"<h3>Raportowanie zr\u00f3wnowa\u017conego rozwoju<\/h3>\n<p>Poni\u017cszy raport ma na celu dostarczenie informacji na temat cel\u00f3w, inicjatyw i wynik\u00f3w w zakresie dzia\u0142a\u0144 na rzecz zr\u00f3wnowa\u017conego rozwoju we wszystkich hotelach Constantinou Bros.<\/p>\n","protected":false},"excerpt":{"rendered":"<p>Raportowanie zr\u00f3wnowa\u017conego rozwoju Poni\u017cszy raport ma na celu dostarczenie informacji na temat cel\u00f3w, inicjatyw i wynik\u00f3w w zakresie dzia\u0142a\u0144 na rzecz zr\u00f3wnowa\u017conego rozwoju we wszystkich hotelach Constantinou Bros.<\/p>\n","protected":false},"author":100,"featured_media":47253,"parent":36767,"menu_order":0,"comment_status":"closed","ping_status":"closed","template":"page-templates\/sustainability.php","meta":{"_acf_changed":false,"footnotes":""},"class_list":["post-36789","page","type-page","status-publish","has-post-thumbnail","hentry"],"acf":[],"yoast_head":"<!-- This site is optimized with the Yoast SEO plugin v27.4 - https:\/\/yoast.com\/product\/yoast-seo-wordpress\/ -->\n<title>Raportowanie zr\u00f3wnowa\u017conego rozwoju - Constantinou Bros Hotels<\/title>\n<meta name=\"description\" content=\"Tutaj znajd\u0105 Pa\u0144stwo raporty analityczne dotycz\u0105ce wszystkich dzia\u0142a\u0144 operacyjnych w zakresie zr\u00f3wnowa\u017conego rozwoju w ca\u0142ej grupie Constantinou Bros Hotels.\" \/>\n<meta name=\"robots\" content=\"index, follow, max-snippet:-1, max-image-preview:large, max-video-preview:-1\" \/>\n<link rel=\"canonical\" href=\"https:\/\/www.cbh-cyprus.com\/pl\/zrownowazony-rozwoj\/raportowanie-zrownowazonego-rozwoju\/\" \/>\n<meta property=\"og:locale\" content=\"pl_PL\" \/>\n<meta property=\"og:type\" content=\"article\" \/>\n<meta property=\"og:title\" content=\"Raportowanie zr\u00f3wnowa\u017conego rozwoju - Constantinou Bros Hotels\" \/>\n<meta property=\"og:description\" content=\"Tutaj znajd\u0105 Pa\u0144stwo raporty analityczne dotycz\u0105ce wszystkich dzia\u0142a\u0144 operacyjnych w zakresie zr\u00f3wnowa\u017conego rozwoju w ca\u0142ej grupie Constantinou Bros Hotels.\" \/>\n<meta property=\"og:url\" content=\"https:\/\/www.cbh-cyprus.com\/pl\/zrownowazony-rozwoj\/raportowanie-zrownowazonego-rozwoju\/\" \/>\n<meta property=\"og:site_name\" content=\"Constantinou Bros Hotels\" \/>\n<meta property=\"article:modified_time\" content=\"2025-10-29T07:36:04+00:00\" \/>\n<meta property=\"og:image\" content=\"https:\/\/www.cbh-cyprus.com\/app\/uploads\/sites\/30\/2022\/05\/FB_IMG_1601320985888.jpg\" \/>\n\t<meta property=\"og:image:width\" content=\"1080\" \/>\n\t<meta property=\"og:image:height\" content=\"525\" \/>\n\t<meta property=\"og:image:type\" content=\"image\/jpeg\" \/>\n<meta name=\"twitter:card\" content=\"summary_large_image\" \/>\n<meta name=\"twitter:label1\" content=\"Est. reading time\" \/>\n\t<meta name=\"twitter:data1\" content=\"1 minute\" \/>\n<script type=\"application\/ld+json\" class=\"yoast-schema-graph\">{\"@context\":\"https:\\\/\\\/schema.org\",\"@graph\":[{\"@type\":\"WebPage\",\"@id\":\"https:\\\/\\\/www.cbh-cyprus.com\\\/pl\\\/zrownowazony-rozwoj\\\/raportowanie-zrownowazonego-rozwoju\\\/\",\"url\":\"https:\\\/\\\/www.cbh-cyprus.com\\\/pl\\\/zrownowazony-rozwoj\\\/raportowanie-zrownowazonego-rozwoju\\\/\",\"name\":\"Raportowanie zr\u00f3wnowa\u017conego rozwoju - Constantinou Bros Hotels\",\"isPartOf\":{\"@id\":\"https:\\\/\\\/www.cbh-cyprus.com\\\/pl\\\/#website\"},\"primaryImageOfPage\":{\"@id\":\"https:\\\/\\\/www.cbh-cyprus.com\\\/pl\\\/zrownowazony-rozwoj\\\/raportowanie-zrownowazonego-rozwoju\\\/#primaryimage\"},\"image\":{\"@id\":\"https:\\\/\\\/www.cbh-cyprus.com\\\/pl\\\/zrownowazony-rozwoj\\\/raportowanie-zrownowazonego-rozwoju\\\/#primaryimage\"},\"thumbnailUrl\":\"https:\\\/\\\/www.cbh-cyprus.com\\\/app\\\/uploads\\\/sites\\\/30\\\/2025\\\/11\\\/4-ATHENA-BEACH-HOTEL-POOL-AND-SEA-VIEW.jpg\",\"datePublished\":\"2024-07-23T09:13:01+00:00\",\"dateModified\":\"2025-10-29T07:36:04+00:00\",\"description\":\"Tutaj znajd\u0105 Pa\u0144stwo raporty analityczne dotycz\u0105ce wszystkich dzia\u0142a\u0144 operacyjnych w zakresie zr\u00f3wnowa\u017conego rozwoju w ca\u0142ej grupie Constantinou Bros Hotels.\",\"breadcrumb\":{\"@id\":\"https:\\\/\\\/www.cbh-cyprus.com\\\/pl\\\/zrownowazony-rozwoj\\\/raportowanie-zrownowazonego-rozwoju\\\/#breadcrumb\"},\"inLanguage\":\"pl-PL\",\"potentialAction\":[{\"@type\":\"ReadAction\",\"target\":[\"https:\\\/\\\/www.cbh-cyprus.com\\\/pl\\\/zrownowazony-rozwoj\\\/raportowanie-zrownowazonego-rozwoju\\\/\"]}]},{\"@type\":\"ImageObject\",\"inLanguage\":\"pl-PL\",\"@id\":\"https:\\\/\\\/www.cbh-cyprus.com\\\/pl\\\/zrownowazony-rozwoj\\\/raportowanie-zrownowazonego-rozwoju\\\/#primaryimage\",\"url\":\"https:\\\/\\\/www.cbh-cyprus.com\\\/app\\\/uploads\\\/sites\\\/30\\\/2025\\\/11\\\/4-ATHENA-BEACH-HOTEL-POOL-AND-SEA-VIEW.jpg\",\"contentUrl\":\"https:\\\/\\\/www.cbh-cyprus.com\\\/app\\\/uploads\\\/sites\\\/30\\\/2025\\\/11\\\/4-ATHENA-BEACH-HOTEL-POOL-AND-SEA-VIEW.jpg\",\"width\":1900,\"height\":1266},{\"@type\":\"BreadcrumbList\",\"@id\":\"https:\\\/\\\/www.cbh-cyprus.com\\\/pl\\\/zrownowazony-rozwoj\\\/raportowanie-zrownowazonego-rozwoju\\\/#breadcrumb\",\"itemListElement\":[{\"@type\":\"ListItem\",\"position\":1,\"name\":\"Home\",\"item\":\"https:\\\/\\\/www.cbh-cyprus.com\\\/pl\\\/welcome-to-constantinou-bros-hotels\\\/\"},{\"@type\":\"ListItem\",\"position\":2,\"name\":\"Zr\u00f3wnowa\u017cony rozw\u00f3j\",\"item\":\"https:\\\/\\\/www.cbh-cyprus.com\\\/pl\\\/zrownowazony-rozwoj\\\/\"},{\"@type\":\"ListItem\",\"position\":3,\"name\":\"Raportowanie zr\u00f3wnowa\u017conego rozwoju\"}]},{\"@type\":\"WebSite\",\"@id\":\"https:\\\/\\\/www.cbh-cyprus.com\\\/pl\\\/#website\",\"url\":\"https:\\\/\\\/www.cbh-cyprus.com\\\/pl\\\/\",\"name\":\"Constantinou Bros Hotels\",\"description\":\"Constantinou Bros Hotels\",\"publisher\":{\"@id\":\"https:\\\/\\\/www.cbh-cyprus.com\\\/pl\\\/#organization\"},\"potentialAction\":[{\"@type\":\"SearchAction\",\"target\":{\"@type\":\"EntryPoint\",\"urlTemplate\":\"https:\\\/\\\/www.cbh-cyprus.com\\\/pl\\\/?s={search_term_string}\"},\"query-input\":{\"@type\":\"PropertyValueSpecification\",\"valueRequired\":true,\"valueName\":\"search_term_string\"}}],\"inLanguage\":\"pl-PL\"},{\"@type\":\"Organization\",\"@id\":\"https:\\\/\\\/www.cbh-cyprus.com\\\/pl\\\/#organization\",\"name\":\"Constantinou Bros Hotels\",\"url\":\"https:\\\/\\\/www.cbh-cyprus.com\\\/pl\\\/\",\"logo\":{\"@type\":\"ImageObject\",\"inLanguage\":\"pl-PL\",\"@id\":\"https:\\\/\\\/www.cbh-cyprus.com\\\/pl\\\/#\\\/schema\\\/logo\\\/image\\\/\",\"url\":\"https:\\\/\\\/www.cbh-cyprus.com\\\/app\\\/uploads\\\/sites\\\/30\\\/2020\\\/10\\\/cbh.jpg\",\"contentUrl\":\"https:\\\/\\\/www.cbh-cyprus.com\\\/app\\\/uploads\\\/sites\\\/30\\\/2020\\\/10\\\/cbh.jpg\",\"width\":1013,\"height\":419,\"caption\":\"Constantinou Bros Hotels\"},\"image\":{\"@id\":\"https:\\\/\\\/www.cbh-cyprus.com\\\/pl\\\/#\\\/schema\\\/logo\\\/image\\\/\"}}]}<\/script>\n<!-- \/ Yoast SEO plugin. -->","yoast_head_json":{"title":"Raportowanie zr\u00f3wnowa\u017conego rozwoju - Constantinou Bros Hotels","description":"Tutaj znajd\u0105 Pa\u0144stwo raporty analityczne dotycz\u0105ce wszystkich dzia\u0142a\u0144 operacyjnych w zakresie zr\u00f3wnowa\u017conego rozwoju w ca\u0142ej grupie Constantinou Bros Hotels.","robots":{"index":"index","follow":"follow","max-snippet":"max-snippet:-1","max-image-preview":"max-image-preview:large","max-video-preview":"max-video-preview:-1"},"canonical":"https:\/\/www.cbh-cyprus.com\/pl\/zrownowazony-rozwoj\/raportowanie-zrownowazonego-rozwoju\/","og_locale":"pl_PL","og_type":"article","og_title":"Raportowanie zr\u00f3wnowa\u017conego rozwoju - Constantinou Bros Hotels","og_description":"Tutaj znajd\u0105 Pa\u0144stwo raporty analityczne dotycz\u0105ce wszystkich dzia\u0142a\u0144 operacyjnych w zakresie zr\u00f3wnowa\u017conego rozwoju w ca\u0142ej grupie Constantinou Bros Hotels.","og_url":"https:\/\/www.cbh-cyprus.com\/pl\/zrownowazony-rozwoj\/raportowanie-zrownowazonego-rozwoju\/","og_site_name":"Constantinou Bros Hotels","article_modified_time":"2025-10-29T07:36:04+00:00","og_image":[{"width":1080,"height":525,"url":"https:\/\/www.cbh-cyprus.com\/app\/uploads\/sites\/30\/2022\/05\/FB_IMG_1601320985888.jpg","type":"image\/jpeg"}],"twitter_card":"summary_large_image","twitter_misc":{"Est. reading time":"1 minute"},"schema":{"@context":"https:\/\/schema.org","@graph":[{"@type":"WebPage","@id":"https:\/\/www.cbh-cyprus.com\/pl\/zrownowazony-rozwoj\/raportowanie-zrownowazonego-rozwoju\/","url":"https:\/\/www.cbh-cyprus.com\/pl\/zrownowazony-rozwoj\/raportowanie-zrownowazonego-rozwoju\/","name":"Raportowanie zr\u00f3wnowa\u017conego rozwoju - Constantinou Bros Hotels","isPartOf":{"@id":"https:\/\/www.cbh-cyprus.com\/pl\/#website"},"primaryImageOfPage":{"@id":"https:\/\/www.cbh-cyprus.com\/pl\/zrownowazony-rozwoj\/raportowanie-zrownowazonego-rozwoju\/#primaryimage"},"image":{"@id":"https:\/\/www.cbh-cyprus.com\/pl\/zrownowazony-rozwoj\/raportowanie-zrownowazonego-rozwoju\/#primaryimage"},"thumbnailUrl":"https:\/\/www.cbh-cyprus.com\/app\/uploads\/sites\/30\/2025\/11\/4-ATHENA-BEACH-HOTEL-POOL-AND-SEA-VIEW.jpg","datePublished":"2024-07-23T09:13:01+00:00","dateModified":"2025-10-29T07:36:04+00:00","description":"Tutaj znajd\u0105 Pa\u0144stwo raporty analityczne dotycz\u0105ce wszystkich dzia\u0142a\u0144 operacyjnych w zakresie zr\u00f3wnowa\u017conego rozwoju w ca\u0142ej grupie Constantinou Bros Hotels.","breadcrumb":{"@id":"https:\/\/www.cbh-cyprus.com\/pl\/zrownowazony-rozwoj\/raportowanie-zrownowazonego-rozwoju\/#breadcrumb"},"inLanguage":"pl-PL","potentialAction":[{"@type":"ReadAction","target":["https:\/\/www.cbh-cyprus.com\/pl\/zrownowazony-rozwoj\/raportowanie-zrownowazonego-rozwoju\/"]}]},{"@type":"ImageObject","inLanguage":"pl-PL","@id":"https:\/\/www.cbh-cyprus.com\/pl\/zrownowazony-rozwoj\/raportowanie-zrownowazonego-rozwoju\/#primaryimage","url":"https:\/\/www.cbh-cyprus.com\/app\/uploads\/sites\/30\/2025\/11\/4-ATHENA-BEACH-HOTEL-POOL-AND-SEA-VIEW.jpg","contentUrl":"https:\/\/www.cbh-cyprus.com\/app\/uploads\/sites\/30\/2025\/11\/4-ATHENA-BEACH-HOTEL-POOL-AND-SEA-VIEW.jpg","width":1900,"height":1266},{"@type":"BreadcrumbList","@id":"https:\/\/www.cbh-cyprus.com\/pl\/zrownowazony-rozwoj\/raportowanie-zrownowazonego-rozwoju\/#breadcrumb","itemListElement":[{"@type":"ListItem","position":1,"name":"Home","item":"https:\/\/www.cbh-cyprus.com\/pl\/welcome-to-constantinou-bros-hotels\/"},{"@type":"ListItem","position":2,"name":"Zr\u00f3wnowa\u017cony rozw\u00f3j","item":"https:\/\/www.cbh-cyprus.com\/pl\/zrownowazony-rozwoj\/"},{"@type":"ListItem","position":3,"name":"Raportowanie zr\u00f3wnowa\u017conego rozwoju"}]},{"@type":"WebSite","@id":"https:\/\/www.cbh-cyprus.com\/pl\/#website","url":"https:\/\/www.cbh-cyprus.com\/pl\/","name":"Constantinou Bros Hotels","description":"Constantinou Bros Hotels","publisher":{"@id":"https:\/\/www.cbh-cyprus.com\/pl\/#organization"},"potentialAction":[{"@type":"SearchAction","target":{"@type":"EntryPoint","urlTemplate":"https:\/\/www.cbh-cyprus.com\/pl\/?s={search_term_string}"},"query-input":{"@type":"PropertyValueSpecification","valueRequired":true,"valueName":"search_term_string"}}],"inLanguage":"pl-PL"},{"@type":"Organization","@id":"https:\/\/www.cbh-cyprus.com\/pl\/#organization","name":"Constantinou Bros Hotels","url":"https:\/\/www.cbh-cyprus.com\/pl\/","logo":{"@type":"ImageObject","inLanguage":"pl-PL","@id":"https:\/\/www.cbh-cyprus.com\/pl\/#\/schema\/logo\/image\/","url":"https:\/\/www.cbh-cyprus.com\/app\/uploads\/sites\/30\/2020\/10\/cbh.jpg","contentUrl":"https:\/\/www.cbh-cyprus.com\/app\/uploads\/sites\/30\/2020\/10\/cbh.jpg","width":1013,"height":419,"caption":"Constantinou Bros Hotels"},"image":{"@id":"https:\/\/www.cbh-cyprus.com\/pl\/#\/schema\/logo\/image\/"}}]}},"_links":{"self":[{"href":"https:\/\/www.cbh-cyprus.com\/pl\/wp-json\/wp\/v2\/pages\/36789","targetHints":{"allow":["GET"]}}],"collection":[{"href":"https:\/\/www.cbh-cyprus.com\/pl\/wp-json\/wp\/v2\/pages"}],"about":[{"href":"https:\/\/www.cbh-cyprus.com\/pl\/wp-json\/wp\/v2\/types\/page"}],"author":[{"embeddable":true,"href":"https:\/\/www.cbh-cyprus.com\/pl\/wp-json\/wp\/v2\/users\/100"}],"replies":[{"embeddable":true,"href":"https:\/\/www.cbh-cyprus.com\/pl\/wp-json\/wp\/v2\/comments?post=36789"}],"version-history":[{"count":4,"href":"https:\/\/www.cbh-cyprus.com\/pl\/wp-json\/wp\/v2\/pages\/36789\/revisions"}],"predecessor-version":[{"id":47162,"href":"https:\/\/www.cbh-cyprus.com\/pl\/wp-json\/wp\/v2\/pages\/36789\/revisions\/47162"}],"up":[{"embeddable":true,"href":"https:\/\/www.cbh-cyprus.com\/pl\/wp-json\/wp\/v2\/pages\/36767"}],"wp:featuredmedia":[{"embeddable":true,"href":"https:\/\/www.cbh-cyprus.com\/pl\/wp-json\/wp\/v2\/media\/47253"}],"wp:attachment":[{"href":"https:\/\/www.cbh-cyprus.com\/pl\/wp-json\/wp\/v2\/media?parent=36789"}],"curies":[{"name":"wp","href":"https:\/\/api.w.org\/{rel}","templated":true}]}}