{"id":36811,"date":"2024-07-23T12:13:11","date_gmt":"2024-07-23T09:13:11","guid":{"rendered":"https:\/\/www.cbh-cyprus.com\/atlantic-senior-fours-2023\/"},"modified":"2024-09-13T11:44:31","modified_gmt":"2024-09-13T08:44:31","slug":"atlantic-senior-fours-2023","status":"publish","type":"page","link":"https:\/\/www.cbh-cyprus.com\/pl\/dzialania\/bowling-wakacje\/bowling-news\/atlantic-senior-fours-2023\/","title":{"rendered":"ATLANTIC SENIOR FOURS 2023"},"content":{"rendered":"<h1>Atlantic Senior Fours Event ju\u017c wkr\u00f3tce w Constantinou Bros Athena Beach Hotel!<\/h1>\n<p>  Bowls Cyprus we wsp\u00f3\u0142pracy z Constantinou Bros Hotels ma przyjemno\u015b\u0107 og\u0142osi\u0107, \u017ce w grudniu 2023 r. w Constantinou Bros Athena Beach Hotel odb\u0119dzie si\u0119 wyczekiwane mi\u0119dzynarodowe wydarzenie, a mianowicie Atlantic Senior Fours.<br \/>\nZawody potrwaj\u0105 od 1 do 12 grudnia 2023 roku.<br \/>\nAby uzyska\u0107 wi\u0119cej informacji, prosz\u0119 klikn\u0105\u0107 poni\u017cszy link: <a href=\"https:\/\/www.atlantic-senior-fours.com\/\" target=\"_blank\" rel=\"noopener\">Atlantic Senior<\/a><strong> Fours**<\/strong> Constantinou Bros Athena Beach Hotel ma przyjemno\u015b\u0107 zaoferowa\u0107 pakiet dla widz\u00f3w Atlantic Senior podczas pobyt\u00f3w w dniach 1-12\/12\/2023.<br \/>\nProsz\u0119 skorzysta\u0107 z poni\u017cszych korzy\u015bci, wpisuj\u0105c <strong>kod rezerwacji: 138ATLSPE<\/strong> podczas procesu rezerwacji.<br \/>\nCeny obejmuj\u0105:<br \/>\na) Op\u0142at\u0119 za wst\u0119p podczas zawod\u00f3w w okresie 01-12\/12\/2023.<br \/>\nb) Oficjalne przyj\u0119cie z drinkiem powitalnym.        &nbsp;<\/p>\n<p>&nbsp;<\/p>\n","protected":false},"excerpt":{"rendered":"<p>Atlantic Senior Fours Event ju\u017c wkr\u00f3tce w Constantinou Bros Athena Beach Hotel! Bowls Cyprus we wsp\u00f3\u0142pracy z Constantinou Bros Hotels ma przyjemno\u015b\u0107 og\u0142osi\u0107, \u017ce w grudniu 2023 r. w Constantinou Bros Athena Beach Hotel odb\u0119dzie si\u0119 wyczekiwane mi\u0119dzynarodowe wydarzenie, a mianowicie Atlantic Senior Fours. Zawody potrwaj\u0105 od 1 do 12 grudnia 2023 roku. Aby uzyska\u0107<\/p>\n","protected":false},"author":100,"featured_media":36813,"parent":37064,"menu_order":0,"comment_status":"closed","ping_status":"closed","template":"","meta":{"_acf_changed":false,"footnotes":""},"class_list":["post-36811","page","type-page","status-publish","has-post-thumbnail","hentry"],"acf":[],"yoast_head":"<!-- This site is optimized with the Yoast SEO plugin v27.3 - https:\/\/yoast.com\/product\/yoast-seo-wordpress\/ -->\n<title>ATLANTIC SENIOR FOURS 2023 - Constantinou Bros Hotels<\/title>\n<meta name=\"description\" content=\"Constantinou Bros Hotels oferuje pakiet pobytowy Atlantic Senior Fours 2023, kt\u00f3ry obejmuje op\u0142aty za wst\u0119p na czas trwania turnieju, od 1 do 12 grudnia.\" \/>\n<meta name=\"robots\" content=\"index, follow, max-snippet:-1, max-image-preview:large, max-video-preview:-1\" \/>\n<link rel=\"canonical\" href=\"https:\/\/www.cbh-cyprus.com\/pl\/dzialania\/bowling-wakacje\/bowling-news\/atlantic-senior-fours-2023\/\" \/>\n<meta property=\"og:locale\" content=\"pl_PL\" \/>\n<meta property=\"og:type\" content=\"article\" \/>\n<meta property=\"og:title\" content=\"ATLANTIC SENIOR FOURS 2023 - Constantinou Bros Hotels\" \/>\n<meta property=\"og:description\" content=\"Constantinou Bros Hotels oferuje pakiet pobytowy Atlantic Senior Fours 2023, kt\u00f3ry obejmuje op\u0142aty za wst\u0119p na czas trwania turnieju, od 1 do 12 grudnia.\" \/>\n<meta property=\"og:url\" content=\"https:\/\/www.cbh-cyprus.com\/pl\/dzialania\/bowling-wakacje\/bowling-news\/atlantic-senior-fours-2023\/\" \/>\n<meta property=\"og:site_name\" content=\"Constantinou Bros Hotels\" \/>\n<meta property=\"article:modified_time\" content=\"2024-09-13T08:44:31+00:00\" \/>\n<meta property=\"og:image\" content=\"https:\/\/www.cbh-cyprus.com\/app\/uploads\/sites\/30\/2022\/12\/ATHENA-ATHENA-ROYAL-BOWLS.jpg\" \/>\n\t<meta property=\"og:image:width\" content=\"2953\" \/>\n\t<meta property=\"og:image:height\" content=\"2205\" \/>\n\t<meta property=\"og:image:type\" content=\"image\/jpeg\" \/>\n<meta name=\"twitter:card\" content=\"summary_large_image\" \/>\n<meta name=\"twitter:label1\" content=\"Est. reading time\" \/>\n\t<meta name=\"twitter:data1\" content=\"1 minute\" \/>\n<script type=\"application\/ld+json\" class=\"yoast-schema-graph\">{\"@context\":\"https:\\\/\\\/schema.org\",\"@graph\":[{\"@type\":\"WebPage\",\"@id\":\"https:\\\/\\\/www.cbh-cyprus.com\\\/pl\\\/dzialania\\\/bowling-wakacje\\\/bowling-news\\\/atlantic-senior-fours-2023\\\/\",\"url\":\"https:\\\/\\\/www.cbh-cyprus.com\\\/pl\\\/dzialania\\\/bowling-wakacje\\\/bowling-news\\\/atlantic-senior-fours-2023\\\/\",\"name\":\"ATLANTIC SENIOR FOURS 2023 - Constantinou Bros Hotels\",\"isPartOf\":{\"@id\":\"https:\\\/\\\/www.cbh-cyprus.com\\\/pl\\\/#website\"},\"primaryImageOfPage\":{\"@id\":\"https:\\\/\\\/www.cbh-cyprus.com\\\/pl\\\/dzialania\\\/bowling-wakacje\\\/bowling-news\\\/atlantic-senior-fours-2023\\\/#primaryimage\"},\"image\":{\"@id\":\"https:\\\/\\\/www.cbh-cyprus.com\\\/pl\\\/dzialania\\\/bowling-wakacje\\\/bowling-news\\\/atlantic-senior-fours-2023\\\/#primaryimage\"},\"thumbnailUrl\":\"https:\\\/\\\/www.cbh-cyprus.com\\\/app\\\/uploads\\\/sites\\\/30\\\/2022\\\/12\\\/ATHENA-ATHENA-ROYAL-BOWLS.jpg\",\"datePublished\":\"2024-07-23T09:13:11+00:00\",\"dateModified\":\"2024-09-13T08:44:31+00:00\",\"description\":\"Constantinou Bros Hotels oferuje pakiet pobytowy Atlantic Senior Fours 2023, kt\u00f3ry obejmuje op\u0142aty za wst\u0119p na czas trwania turnieju, od 1 do 12 grudnia.\",\"breadcrumb\":{\"@id\":\"https:\\\/\\\/www.cbh-cyprus.com\\\/pl\\\/dzialania\\\/bowling-wakacje\\\/bowling-news\\\/atlantic-senior-fours-2023\\\/#breadcrumb\"},\"inLanguage\":\"pl-PL\",\"potentialAction\":[{\"@type\":\"ReadAction\",\"target\":[\"https:\\\/\\\/www.cbh-cyprus.com\\\/pl\\\/dzialania\\\/bowling-wakacje\\\/bowling-news\\\/atlantic-senior-fours-2023\\\/\"]}]},{\"@type\":\"ImageObject\",\"inLanguage\":\"pl-PL\",\"@id\":\"https:\\\/\\\/www.cbh-cyprus.com\\\/pl\\\/dzialania\\\/bowling-wakacje\\\/bowling-news\\\/atlantic-senior-fours-2023\\\/#primaryimage\",\"url\":\"https:\\\/\\\/www.cbh-cyprus.com\\\/app\\\/uploads\\\/sites\\\/30\\\/2022\\\/12\\\/ATHENA-ATHENA-ROYAL-BOWLS.jpg\",\"contentUrl\":\"https:\\\/\\\/www.cbh-cyprus.com\\\/app\\\/uploads\\\/sites\\\/30\\\/2022\\\/12\\\/ATHENA-ATHENA-ROYAL-BOWLS.jpg\",\"width\":2953,\"height\":2205},{\"@type\":\"BreadcrumbList\",\"@id\":\"https:\\\/\\\/www.cbh-cyprus.com\\\/pl\\\/dzialania\\\/bowling-wakacje\\\/bowling-news\\\/atlantic-senior-fours-2023\\\/#breadcrumb\",\"itemListElement\":[{\"@type\":\"ListItem\",\"position\":1,\"name\":\"Home\",\"item\":\"https:\\\/\\\/www.cbh-cyprus.com\\\/pl\\\/welcome-to-constantinou-bros-hotels\\\/\"},{\"@type\":\"ListItem\",\"position\":2,\"name\":\"Dzia\u0142ania\",\"item\":\"https:\\\/\\\/www.cbh-cyprus.com\\\/pl\\\/dzialania\\\/\"},{\"@type\":\"ListItem\",\"position\":3,\"name\":\"Wakacje na kr\u0119gielni\",\"item\":\"https:\\\/\\\/www.cbh-cyprus.com\\\/pl\\\/dzialania\\\/bowling-wakacje\\\/\"},{\"@type\":\"ListItem\",\"position\":4,\"name\":\"Bowling News\",\"item\":\"https:\\\/\\\/www.cbh-cyprus.com\\\/pl\\\/dzialania\\\/bowling-wakacje\\\/bowling-news\\\/\"},{\"@type\":\"ListItem\",\"position\":5,\"name\":\"ATLANTIC SENIOR FOURS 2023\"}]},{\"@type\":\"WebSite\",\"@id\":\"https:\\\/\\\/www.cbh-cyprus.com\\\/pl\\\/#website\",\"url\":\"https:\\\/\\\/www.cbh-cyprus.com\\\/pl\\\/\",\"name\":\"Constantinou Bros Hotels\",\"description\":\"Constantinou Bros Hotels\",\"publisher\":{\"@id\":\"https:\\\/\\\/www.cbh-cyprus.com\\\/pl\\\/#organization\"},\"potentialAction\":[{\"@type\":\"SearchAction\",\"target\":{\"@type\":\"EntryPoint\",\"urlTemplate\":\"https:\\\/\\\/www.cbh-cyprus.com\\\/pl\\\/?s={search_term_string}\"},\"query-input\":{\"@type\":\"PropertyValueSpecification\",\"valueRequired\":true,\"valueName\":\"search_term_string\"}}],\"inLanguage\":\"pl-PL\"},{\"@type\":\"Organization\",\"@id\":\"https:\\\/\\\/www.cbh-cyprus.com\\\/pl\\\/#organization\",\"name\":\"Constantinou Bros Hotels\",\"url\":\"https:\\\/\\\/www.cbh-cyprus.com\\\/pl\\\/\",\"logo\":{\"@type\":\"ImageObject\",\"inLanguage\":\"pl-PL\",\"@id\":\"https:\\\/\\\/www.cbh-cyprus.com\\\/pl\\\/#\\\/schema\\\/logo\\\/image\\\/\",\"url\":\"https:\\\/\\\/www.cbh-cyprus.com\\\/app\\\/uploads\\\/sites\\\/30\\\/2020\\\/10\\\/cbh.jpg\",\"contentUrl\":\"https:\\\/\\\/www.cbh-cyprus.com\\\/app\\\/uploads\\\/sites\\\/30\\\/2020\\\/10\\\/cbh.jpg\",\"width\":1013,\"height\":419,\"caption\":\"Constantinou Bros Hotels\"},\"image\":{\"@id\":\"https:\\\/\\\/www.cbh-cyprus.com\\\/pl\\\/#\\\/schema\\\/logo\\\/image\\\/\"}}]}<\/script>\n<!-- \/ Yoast SEO plugin. -->","yoast_head_json":{"title":"ATLANTIC SENIOR FOURS 2023 - Constantinou Bros Hotels","description":"Constantinou Bros Hotels oferuje pakiet pobytowy Atlantic Senior Fours 2023, kt\u00f3ry obejmuje op\u0142aty za wst\u0119p na czas trwania turnieju, od 1 do 12 grudnia.","robots":{"index":"index","follow":"follow","max-snippet":"max-snippet:-1","max-image-preview":"max-image-preview:large","max-video-preview":"max-video-preview:-1"},"canonical":"https:\/\/www.cbh-cyprus.com\/pl\/dzialania\/bowling-wakacje\/bowling-news\/atlantic-senior-fours-2023\/","og_locale":"pl_PL","og_type":"article","og_title":"ATLANTIC SENIOR FOURS 2023 - Constantinou Bros Hotels","og_description":"Constantinou Bros Hotels oferuje pakiet pobytowy Atlantic Senior Fours 2023, kt\u00f3ry obejmuje op\u0142aty za wst\u0119p na czas trwania turnieju, od 1 do 12 grudnia.","og_url":"https:\/\/www.cbh-cyprus.com\/pl\/dzialania\/bowling-wakacje\/bowling-news\/atlantic-senior-fours-2023\/","og_site_name":"Constantinou Bros Hotels","article_modified_time":"2024-09-13T08:44:31+00:00","og_image":[{"width":2953,"height":2205,"url":"https:\/\/www.cbh-cyprus.com\/app\/uploads\/sites\/30\/2022\/12\/ATHENA-ATHENA-ROYAL-BOWLS.jpg","type":"image\/jpeg"}],"twitter_card":"summary_large_image","twitter_misc":{"Est. reading time":"1 minute"},"schema":{"@context":"https:\/\/schema.org","@graph":[{"@type":"WebPage","@id":"https:\/\/www.cbh-cyprus.com\/pl\/dzialania\/bowling-wakacje\/bowling-news\/atlantic-senior-fours-2023\/","url":"https:\/\/www.cbh-cyprus.com\/pl\/dzialania\/bowling-wakacje\/bowling-news\/atlantic-senior-fours-2023\/","name":"ATLANTIC SENIOR FOURS 2023 - Constantinou Bros Hotels","isPartOf":{"@id":"https:\/\/www.cbh-cyprus.com\/pl\/#website"},"primaryImageOfPage":{"@id":"https:\/\/www.cbh-cyprus.com\/pl\/dzialania\/bowling-wakacje\/bowling-news\/atlantic-senior-fours-2023\/#primaryimage"},"image":{"@id":"https:\/\/www.cbh-cyprus.com\/pl\/dzialania\/bowling-wakacje\/bowling-news\/atlantic-senior-fours-2023\/#primaryimage"},"thumbnailUrl":"https:\/\/www.cbh-cyprus.com\/app\/uploads\/sites\/30\/2022\/12\/ATHENA-ATHENA-ROYAL-BOWLS.jpg","datePublished":"2024-07-23T09:13:11+00:00","dateModified":"2024-09-13T08:44:31+00:00","description":"Constantinou Bros Hotels oferuje pakiet pobytowy Atlantic Senior Fours 2023, kt\u00f3ry obejmuje op\u0142aty za wst\u0119p na czas trwania turnieju, od 1 do 12 grudnia.","breadcrumb":{"@id":"https:\/\/www.cbh-cyprus.com\/pl\/dzialania\/bowling-wakacje\/bowling-news\/atlantic-senior-fours-2023\/#breadcrumb"},"inLanguage":"pl-PL","potentialAction":[{"@type":"ReadAction","target":["https:\/\/www.cbh-cyprus.com\/pl\/dzialania\/bowling-wakacje\/bowling-news\/atlantic-senior-fours-2023\/"]}]},{"@type":"ImageObject","inLanguage":"pl-PL","@id":"https:\/\/www.cbh-cyprus.com\/pl\/dzialania\/bowling-wakacje\/bowling-news\/atlantic-senior-fours-2023\/#primaryimage","url":"https:\/\/www.cbh-cyprus.com\/app\/uploads\/sites\/30\/2022\/12\/ATHENA-ATHENA-ROYAL-BOWLS.jpg","contentUrl":"https:\/\/www.cbh-cyprus.com\/app\/uploads\/sites\/30\/2022\/12\/ATHENA-ATHENA-ROYAL-BOWLS.jpg","width":2953,"height":2205},{"@type":"BreadcrumbList","@id":"https:\/\/www.cbh-cyprus.com\/pl\/dzialania\/bowling-wakacje\/bowling-news\/atlantic-senior-fours-2023\/#breadcrumb","itemListElement":[{"@type":"ListItem","position":1,"name":"Home","item":"https:\/\/www.cbh-cyprus.com\/pl\/welcome-to-constantinou-bros-hotels\/"},{"@type":"ListItem","position":2,"name":"Dzia\u0142ania","item":"https:\/\/www.cbh-cyprus.com\/pl\/dzialania\/"},{"@type":"ListItem","position":3,"name":"Wakacje na kr\u0119gielni","item":"https:\/\/www.cbh-cyprus.com\/pl\/dzialania\/bowling-wakacje\/"},{"@type":"ListItem","position":4,"name":"Bowling News","item":"https:\/\/www.cbh-cyprus.com\/pl\/dzialania\/bowling-wakacje\/bowling-news\/"},{"@type":"ListItem","position":5,"name":"ATLANTIC SENIOR FOURS 2023"}]},{"@type":"WebSite","@id":"https:\/\/www.cbh-cyprus.com\/pl\/#website","url":"https:\/\/www.cbh-cyprus.com\/pl\/","name":"Constantinou Bros Hotels","description":"Constantinou Bros Hotels","publisher":{"@id":"https:\/\/www.cbh-cyprus.com\/pl\/#organization"},"potentialAction":[{"@type":"SearchAction","target":{"@type":"EntryPoint","urlTemplate":"https:\/\/www.cbh-cyprus.com\/pl\/?s={search_term_string}"},"query-input":{"@type":"PropertyValueSpecification","valueRequired":true,"valueName":"search_term_string"}}],"inLanguage":"pl-PL"},{"@type":"Organization","@id":"https:\/\/www.cbh-cyprus.com\/pl\/#organization","name":"Constantinou Bros Hotels","url":"https:\/\/www.cbh-cyprus.com\/pl\/","logo":{"@type":"ImageObject","inLanguage":"pl-PL","@id":"https:\/\/www.cbh-cyprus.com\/pl\/#\/schema\/logo\/image\/","url":"https:\/\/www.cbh-cyprus.com\/app\/uploads\/sites\/30\/2020\/10\/cbh.jpg","contentUrl":"https:\/\/www.cbh-cyprus.com\/app\/uploads\/sites\/30\/2020\/10\/cbh.jpg","width":1013,"height":419,"caption":"Constantinou Bros Hotels"},"image":{"@id":"https:\/\/www.cbh-cyprus.com\/pl\/#\/schema\/logo\/image\/"}}]}},"_links":{"self":[{"href":"https:\/\/www.cbh-cyprus.com\/pl\/wp-json\/wp\/v2\/pages\/36811","targetHints":{"allow":["GET"]}}],"collection":[{"href":"https:\/\/www.cbh-cyprus.com\/pl\/wp-json\/wp\/v2\/pages"}],"about":[{"href":"https:\/\/www.cbh-cyprus.com\/pl\/wp-json\/wp\/v2\/types\/page"}],"author":[{"embeddable":true,"href":"https:\/\/www.cbh-cyprus.com\/pl\/wp-json\/wp\/v2\/users\/100"}],"replies":[{"embeddable":true,"href":"https:\/\/www.cbh-cyprus.com\/pl\/wp-json\/wp\/v2\/comments?post=36811"}],"version-history":[{"count":1,"href":"https:\/\/www.cbh-cyprus.com\/pl\/wp-json\/wp\/v2\/pages\/36811\/revisions"}],"predecessor-version":[{"id":37065,"href":"https:\/\/www.cbh-cyprus.com\/pl\/wp-json\/wp\/v2\/pages\/36811\/revisions\/37065"}],"up":[{"embeddable":true,"href":"https:\/\/www.cbh-cyprus.com\/pl\/wp-json\/wp\/v2\/pages\/37064"}],"wp:featuredmedia":[{"embeddable":true,"href":"https:\/\/www.cbh-cyprus.com\/pl\/wp-json\/wp\/v2\/media\/36813"}],"wp:attachment":[{"href":"https:\/\/www.cbh-cyprus.com\/pl\/wp-json\/wp\/v2\/media?parent=36811"}],"curies":[{"name":"wp","href":"https:\/\/api.w.org\/{rel}","templated":true}]}}