{"id":36840,"date":"2024-07-23T12:14:00","date_gmt":"2024-07-23T09:14:00","guid":{"rendered":"https:\/\/www.cbh-cyprus.com\/najlepsze-hotele-paphos\/"},"modified":"2024-09-13T12:17:33","modified_gmt":"2024-09-13T09:17:33","slug":"najlepsze-hotele-paphos","status":"publish","type":"page","link":"https:\/\/www.cbh-cyprus.com\/pl\/najlepsze-hotele-paphos\/","title":{"rendered":"Nasze hotele"},"content":{"rendered":"<p>Constantinou Bros Hotels to kolekcja czterech najlepszych hoteli w Pafos na Cyprze, oferuj\u0105cych rewelacyjne otoczenie przy pla\u017cy, w kt\u00f3rym mog\u0105 Pa\u0144stwo napisa\u0107 swoj\u0105 w\u0142asn\u0105 wakacyjn\u0105 histori\u0119. Nasza luksusowa grupa osza\u0142amiaj\u0105cych nieruchomo\u015bci czeka, aby zachwyci\u0107 zar\u00f3wno doros\u0142ych, jak i rodzinnych go\u015bci. Pary, nowo\u017ce\u0144cy i ci, kt\u00f3rzy wol\u0105 spokojne otoczenie tylko dla doros\u0142ych, znajd\u0105 tu swoj\u0105 przysta\u0144. Rodziny r\u00f3wnie\u017c mog\u0105 do\u015bwiadczy\u0107 zabawy i luksusu, a rodzice maj\u0105 mo\u017cliwo\u015b\u0107 dostrojenia si\u0119 do strefy tylko dla doros\u0142ych w przyjaznej rodzinie konfiguracji. W naszej kolekcji najlepszych hoteli w Pafos, entuzja\u015bci sportu i rekreacji mog\u0105 cieszy\u0107 si\u0119 szeregiem zaj\u0119\u0107 wellness, fitness i rozrywkowych, w tym tak\u017ce misek.<\/p>\n","protected":false},"excerpt":{"rendered":"<p>Constantinou Bros Hotels to kolekcja czterech najlepszych hoteli w Pafos na Cyprze, oferuj\u0105cych rewelacyjne otoczenie przy pla\u017cy, w kt\u00f3rym mog\u0105 Pa\u0144stwo napisa\u0107 swoj\u0105 w\u0142asn\u0105 wakacyjn\u0105 histori\u0119. Nasza luksusowa grupa osza\u0142amiaj\u0105cych nieruchomo\u015bci czeka, aby zachwyci\u0107 zar\u00f3wno doros\u0142ych, jak i rodzinnych go\u015bci. Pary, nowo\u017ce\u0144cy i ci, kt\u00f3rzy wol\u0105 spokojne otoczenie tylko dla doros\u0142ych, znajd\u0105 tu swoj\u0105 przysta\u0144.<\/p>\n","protected":false},"author":360,"featured_media":43238,"parent":0,"menu_order":0,"comment_status":"closed","ping_status":"closed","template":"page-templates\/hotel-list.php","meta":{"_acf_changed":false,"footnotes":""},"class_list":["post-36840","page","type-page","status-publish","has-post-thumbnail","hentry"],"acf":[],"yoast_head":"<!-- This site is optimized with the Yoast SEO plugin v27.3 - https:\/\/yoast.com\/product\/yoast-seo-wordpress\/ -->\n<title>Kolekcja najlepszych hoteli w Pafos | Constantinou Bros Hotels<\/title>\n<meta name=\"description\" content=\"Constantinou Bros Hotels to luksusowa kolekcja czterech najlepszych hoteli w Pafos na Cyprze. B\u0142ogo\u015b\u0107 przy pla\u017cy z opcj\u0105 ultra all inclusive.\" \/>\n<meta name=\"robots\" content=\"index, follow, max-snippet:-1, max-image-preview:large, max-video-preview:-1\" \/>\n<link rel=\"canonical\" href=\"https:\/\/www.cbh-cyprus.com\/pl\/najlepsze-hotele-paphos\/\" \/>\n<meta property=\"og:locale\" content=\"pl_PL\" \/>\n<meta property=\"og:type\" content=\"article\" \/>\n<meta property=\"og:title\" content=\"Kolekcja najlepszych hoteli w Pafos | Constantinou Bros Hotels\" \/>\n<meta property=\"og:description\" content=\"Constantinou Bros Hotels to luksusowa kolekcja czterech najlepszych hoteli w Pafos na Cyprze. B\u0142ogo\u015b\u0107 przy pla\u017cy z opcj\u0105 ultra all inclusive.\" \/>\n<meta property=\"og:url\" content=\"https:\/\/www.cbh-cyprus.com\/pl\/najlepsze-hotele-paphos\/\" \/>\n<meta property=\"og:site_name\" content=\"Constantinou Bros Hotels\" \/>\n<meta property=\"article:modified_time\" content=\"2024-09-13T09:17:33+00:00\" \/>\n<meta name=\"twitter:card\" content=\"summary_large_image\" \/>\n<meta name=\"twitter:label1\" content=\"Est. reading time\" \/>\n\t<meta name=\"twitter:data1\" content=\"1 minute\" \/>\n<script type=\"application\/ld+json\" class=\"yoast-schema-graph\">{\"@context\":\"https:\\\/\\\/schema.org\",\"@graph\":[{\"@type\":\"WebPage\",\"@id\":\"https:\\\/\\\/www.cbh-cyprus.com\\\/pl\\\/najlepsze-hotele-paphos\\\/\",\"url\":\"https:\\\/\\\/www.cbh-cyprus.com\\\/pl\\\/najlepsze-hotele-paphos\\\/\",\"name\":\"Kolekcja najlepszych hoteli w Pafos | Constantinou Bros Hotels\",\"isPartOf\":{\"@id\":\"https:\\\/\\\/www.cbh-cyprus.com\\\/pl\\\/#website\"},\"primaryImageOfPage\":{\"@id\":\"https:\\\/\\\/www.cbh-cyprus.com\\\/pl\\\/najlepsze-hotele-paphos\\\/#primaryimage\"},\"image\":{\"@id\":\"https:\\\/\\\/www.cbh-cyprus.com\\\/pl\\\/najlepsze-hotele-paphos\\\/#primaryimage\"},\"thumbnailUrl\":\"https:\\\/\\\/www.cbh-cyprus.com\\\/app\\\/uploads\\\/sites\\\/30\\\/2025\\\/01\\\/6-PIONEER-BEACH-HOTEL-POOL-AND-GARDENS.jpg\",\"datePublished\":\"2024-07-23T09:14:00+00:00\",\"dateModified\":\"2024-09-13T09:17:33+00:00\",\"description\":\"Constantinou Bros Hotels to luksusowa kolekcja czterech najlepszych hoteli w Pafos na Cyprze. B\u0142ogo\u015b\u0107 przy pla\u017cy z opcj\u0105 ultra all inclusive.\",\"breadcrumb\":{\"@id\":\"https:\\\/\\\/www.cbh-cyprus.com\\\/pl\\\/najlepsze-hotele-paphos\\\/#breadcrumb\"},\"inLanguage\":\"pl-PL\",\"potentialAction\":[{\"@type\":\"ReadAction\",\"target\":[\"https:\\\/\\\/www.cbh-cyprus.com\\\/pl\\\/najlepsze-hotele-paphos\\\/\"]}]},{\"@type\":\"ImageObject\",\"inLanguage\":\"pl-PL\",\"@id\":\"https:\\\/\\\/www.cbh-cyprus.com\\\/pl\\\/najlepsze-hotele-paphos\\\/#primaryimage\",\"url\":\"https:\\\/\\\/www.cbh-cyprus.com\\\/app\\\/uploads\\\/sites\\\/30\\\/2025\\\/01\\\/6-PIONEER-BEACH-HOTEL-POOL-AND-GARDENS.jpg\",\"contentUrl\":\"https:\\\/\\\/www.cbh-cyprus.com\\\/app\\\/uploads\\\/sites\\\/30\\\/2025\\\/01\\\/6-PIONEER-BEACH-HOTEL-POOL-AND-GARDENS.jpg\",\"width\":1920,\"height\":1160,\"caption\":\"AUGUST\"},{\"@type\":\"BreadcrumbList\",\"@id\":\"https:\\\/\\\/www.cbh-cyprus.com\\\/pl\\\/najlepsze-hotele-paphos\\\/#breadcrumb\",\"itemListElement\":[{\"@type\":\"ListItem\",\"position\":1,\"name\":\"Home\",\"item\":\"https:\\\/\\\/www.cbh-cyprus.com\\\/pl\\\/welcome-to-constantinou-bros-hotels\\\/\"},{\"@type\":\"ListItem\",\"position\":2,\"name\":\"Nasze hotele\"}]},{\"@type\":\"WebSite\",\"@id\":\"https:\\\/\\\/www.cbh-cyprus.com\\\/pl\\\/#website\",\"url\":\"https:\\\/\\\/www.cbh-cyprus.com\\\/pl\\\/\",\"name\":\"Constantinou Bros Hotels\",\"description\":\"Constantinou Bros Hotels\",\"publisher\":{\"@id\":\"https:\\\/\\\/www.cbh-cyprus.com\\\/pl\\\/#organization\"},\"potentialAction\":[{\"@type\":\"SearchAction\",\"target\":{\"@type\":\"EntryPoint\",\"urlTemplate\":\"https:\\\/\\\/www.cbh-cyprus.com\\\/pl\\\/?s={search_term_string}\"},\"query-input\":{\"@type\":\"PropertyValueSpecification\",\"valueRequired\":true,\"valueName\":\"search_term_string\"}}],\"inLanguage\":\"pl-PL\"},{\"@type\":\"Organization\",\"@id\":\"https:\\\/\\\/www.cbh-cyprus.com\\\/pl\\\/#organization\",\"name\":\"Constantinou Bros Hotels\",\"url\":\"https:\\\/\\\/www.cbh-cyprus.com\\\/pl\\\/\",\"logo\":{\"@type\":\"ImageObject\",\"inLanguage\":\"pl-PL\",\"@id\":\"https:\\\/\\\/www.cbh-cyprus.com\\\/pl\\\/#\\\/schema\\\/logo\\\/image\\\/\",\"url\":\"https:\\\/\\\/www.cbh-cyprus.com\\\/app\\\/uploads\\\/sites\\\/30\\\/2020\\\/10\\\/cbh.jpg\",\"contentUrl\":\"https:\\\/\\\/www.cbh-cyprus.com\\\/app\\\/uploads\\\/sites\\\/30\\\/2020\\\/10\\\/cbh.jpg\",\"width\":1013,\"height\":419,\"caption\":\"Constantinou Bros Hotels\"},\"image\":{\"@id\":\"https:\\\/\\\/www.cbh-cyprus.com\\\/pl\\\/#\\\/schema\\\/logo\\\/image\\\/\"}}]}<\/script>\n<!-- \/ Yoast SEO plugin. -->","yoast_head_json":{"title":"Kolekcja najlepszych hoteli w Pafos | Constantinou Bros Hotels","description":"Constantinou Bros Hotels to luksusowa kolekcja czterech najlepszych hoteli w Pafos na Cyprze. B\u0142ogo\u015b\u0107 przy pla\u017cy z opcj\u0105 ultra all inclusive.","robots":{"index":"index","follow":"follow","max-snippet":"max-snippet:-1","max-image-preview":"max-image-preview:large","max-video-preview":"max-video-preview:-1"},"canonical":"https:\/\/www.cbh-cyprus.com\/pl\/najlepsze-hotele-paphos\/","og_locale":"pl_PL","og_type":"article","og_title":"Kolekcja najlepszych hoteli w Pafos | Constantinou Bros Hotels","og_description":"Constantinou Bros Hotels to luksusowa kolekcja czterech najlepszych hoteli w Pafos na Cyprze. B\u0142ogo\u015b\u0107 przy pla\u017cy z opcj\u0105 ultra all inclusive.","og_url":"https:\/\/www.cbh-cyprus.com\/pl\/najlepsze-hotele-paphos\/","og_site_name":"Constantinou Bros Hotels","article_modified_time":"2024-09-13T09:17:33+00:00","twitter_card":"summary_large_image","twitter_misc":{"Est. reading time":"1 minute"},"schema":{"@context":"https:\/\/schema.org","@graph":[{"@type":"WebPage","@id":"https:\/\/www.cbh-cyprus.com\/pl\/najlepsze-hotele-paphos\/","url":"https:\/\/www.cbh-cyprus.com\/pl\/najlepsze-hotele-paphos\/","name":"Kolekcja najlepszych hoteli w Pafos | Constantinou Bros Hotels","isPartOf":{"@id":"https:\/\/www.cbh-cyprus.com\/pl\/#website"},"primaryImageOfPage":{"@id":"https:\/\/www.cbh-cyprus.com\/pl\/najlepsze-hotele-paphos\/#primaryimage"},"image":{"@id":"https:\/\/www.cbh-cyprus.com\/pl\/najlepsze-hotele-paphos\/#primaryimage"},"thumbnailUrl":"https:\/\/www.cbh-cyprus.com\/app\/uploads\/sites\/30\/2025\/01\/6-PIONEER-BEACH-HOTEL-POOL-AND-GARDENS.jpg","datePublished":"2024-07-23T09:14:00+00:00","dateModified":"2024-09-13T09:17:33+00:00","description":"Constantinou Bros Hotels to luksusowa kolekcja czterech najlepszych hoteli w Pafos na Cyprze. B\u0142ogo\u015b\u0107 przy pla\u017cy z opcj\u0105 ultra all inclusive.","breadcrumb":{"@id":"https:\/\/www.cbh-cyprus.com\/pl\/najlepsze-hotele-paphos\/#breadcrumb"},"inLanguage":"pl-PL","potentialAction":[{"@type":"ReadAction","target":["https:\/\/www.cbh-cyprus.com\/pl\/najlepsze-hotele-paphos\/"]}]},{"@type":"ImageObject","inLanguage":"pl-PL","@id":"https:\/\/www.cbh-cyprus.com\/pl\/najlepsze-hotele-paphos\/#primaryimage","url":"https:\/\/www.cbh-cyprus.com\/app\/uploads\/sites\/30\/2025\/01\/6-PIONEER-BEACH-HOTEL-POOL-AND-GARDENS.jpg","contentUrl":"https:\/\/www.cbh-cyprus.com\/app\/uploads\/sites\/30\/2025\/01\/6-PIONEER-BEACH-HOTEL-POOL-AND-GARDENS.jpg","width":1920,"height":1160,"caption":"AUGUST"},{"@type":"BreadcrumbList","@id":"https:\/\/www.cbh-cyprus.com\/pl\/najlepsze-hotele-paphos\/#breadcrumb","itemListElement":[{"@type":"ListItem","position":1,"name":"Home","item":"https:\/\/www.cbh-cyprus.com\/pl\/welcome-to-constantinou-bros-hotels\/"},{"@type":"ListItem","position":2,"name":"Nasze hotele"}]},{"@type":"WebSite","@id":"https:\/\/www.cbh-cyprus.com\/pl\/#website","url":"https:\/\/www.cbh-cyprus.com\/pl\/","name":"Constantinou Bros Hotels","description":"Constantinou Bros Hotels","publisher":{"@id":"https:\/\/www.cbh-cyprus.com\/pl\/#organization"},"potentialAction":[{"@type":"SearchAction","target":{"@type":"EntryPoint","urlTemplate":"https:\/\/www.cbh-cyprus.com\/pl\/?s={search_term_string}"},"query-input":{"@type":"PropertyValueSpecification","valueRequired":true,"valueName":"search_term_string"}}],"inLanguage":"pl-PL"},{"@type":"Organization","@id":"https:\/\/www.cbh-cyprus.com\/pl\/#organization","name":"Constantinou Bros Hotels","url":"https:\/\/www.cbh-cyprus.com\/pl\/","logo":{"@type":"ImageObject","inLanguage":"pl-PL","@id":"https:\/\/www.cbh-cyprus.com\/pl\/#\/schema\/logo\/image\/","url":"https:\/\/www.cbh-cyprus.com\/app\/uploads\/sites\/30\/2020\/10\/cbh.jpg","contentUrl":"https:\/\/www.cbh-cyprus.com\/app\/uploads\/sites\/30\/2020\/10\/cbh.jpg","width":1013,"height":419,"caption":"Constantinou Bros Hotels"},"image":{"@id":"https:\/\/www.cbh-cyprus.com\/pl\/#\/schema\/logo\/image\/"}}]}},"_links":{"self":[{"href":"https:\/\/www.cbh-cyprus.com\/pl\/wp-json\/wp\/v2\/pages\/36840","targetHints":{"allow":["GET"]}}],"collection":[{"href":"https:\/\/www.cbh-cyprus.com\/pl\/wp-json\/wp\/v2\/pages"}],"about":[{"href":"https:\/\/www.cbh-cyprus.com\/pl\/wp-json\/wp\/v2\/types\/page"}],"author":[{"embeddable":true,"href":"https:\/\/www.cbh-cyprus.com\/pl\/wp-json\/wp\/v2\/users\/360"}],"replies":[{"embeddable":true,"href":"https:\/\/www.cbh-cyprus.com\/pl\/wp-json\/wp\/v2\/comments?post=36840"}],"version-history":[{"count":1,"href":"https:\/\/www.cbh-cyprus.com\/pl\/wp-json\/wp\/v2\/pages\/36840\/revisions"}],"predecessor-version":[{"id":41353,"href":"https:\/\/www.cbh-cyprus.com\/pl\/wp-json\/wp\/v2\/pages\/36840\/revisions\/41353"}],"wp:featuredmedia":[{"embeddable":true,"href":"https:\/\/www.cbh-cyprus.com\/pl\/wp-json\/wp\/v2\/media\/43238"}],"wp:attachment":[{"href":"https:\/\/www.cbh-cyprus.com\/pl\/wp-json\/wp\/v2\/media?parent=36840"}],"curies":[{"name":"wp","href":"https:\/\/api.w.org\/{rel}","templated":true}]}}