{"id":36841,"date":"2024-07-23T12:14:00","date_gmt":"2024-07-23T09:14:00","guid":{"rendered":"https:\/\/www.cbh-cyprus.com\/athena-beach-hotel-2\/"},"modified":"2025-08-04T15:15:33","modified_gmt":"2025-08-04T12:15:33","slug":"athena-beach-hotel-2","status":"publish","type":"page","link":"https:\/\/www.cbh-cyprus.com\/pl\/athena-beach-hotel-2\/","title":{"rendered":"Athena Beach Hotel"},"content":{"rendered":"<h1>Luksusowy hotel przy pla\u017cy w Pafos z 5-gwiazdkowymi us\u0142ugami<\/h1>\n<p><span style=\"background-color: var(--bs-body-bg); color: var(--bs-body-color); font-family: var(--bs-body-font-family); font-size: var(--bs-body-font-size); font-weight: var(--bs-body-font-weight); text-align: var(--bs-body-text-align);\">Niedawno odnowiony hotel Constantinou Bros Athena Beach jest dumny z tego, \u017ce zapewnia swoim go\u015bciom najwy\u017cszy standard us\u0142ug i komfortu. Nasz luksusowy hotel przy pla\u017cy w Pafos w doskona\u0142ej lokalizacji pozwala go\u015bciom cieszy\u0107 si\u0119 tym, co najlepsze z obu \u015bwiat\u00f3w: magicznymi spacerami wzd\u0142u\u017c pla\u017cy i malowniczego portu, a tak\u017ce blisko\u015bci\u0105 stanowisk archeologicznych, sklep\u00f3w i t\u0119tni\u0105cego \u017cyciem \u017cycia nocnego.<\/span> Ten luksusowy hotel przy pla\u017cy w Pafos to 4-gwiazdkowy obiekt z 5-gwiazdkowymi udogodnieniami i us\u0142ugami, po\u0142o\u017cony wzd\u0142u\u017c l\u015bni\u0105cego brzegu, zapewniaj\u0105cy ekscytuj\u0105ce wra\u017cenia dla wszystkich grup wiekowych. Jest przeznaczony zar\u00f3wno dla rodzin, jak i doros\u0142ych go\u015bci, ze specjalnie wyznaczon\u0105 stref\u0105 spokoju i relaksu tylko dla doros\u0142ych. Hotel oferuje aktywne wakacje, takie jak taniec, kr\u0119gle i jazda na rowerze, podczas gdy go\u015bcie zorientowani na dobre samopoczucie mog\u0105 rozpieszcza\u0107 si\u0119 w spa lub anga\u017cowa\u0107 si\u0119 w zaj\u0119cia, kt\u00f3re pozwol\u0105 im si\u0119 zrelaksowa\u0107. Podobnie, dzieci mog\u0105 sp\u0119dzi\u0107 czas odkrywaj\u0105c r\u00f3\u017cne udogodnienia dla dzieci, w tym ekscytuj\u0105ce zje\u017cd\u017calnie wodne Oasis Splash. Prosz\u0119 wybra\u0107 opcj\u0119 Ultra All-Inclusive, aby odblokowa\u0107 szeroki wyb\u00f3r i cieszy\u0107 si\u0119 nieograniczonymi wra\u017ceniami podczas pobytu.<\/p>\n","protected":false},"excerpt":{"rendered":"<p>Luksusowy hotel przy pla\u017cy w Pafos z 5-gwiazdkowymi us\u0142ugami Niedawno odnowiony hotel Constantinou Bros Athena Beach jest dumny z tego, \u017ce zapewnia swoim go\u015bciom najwy\u017cszy standard us\u0142ug i komfortu. Nasz luksusowy hotel przy pla\u017cy w Pafos w doskona\u0142ej lokalizacji pozwala go\u015bciom cieszy\u0107 si\u0119 tym, co najlepsze z obu \u015bwiat\u00f3w: magicznymi spacerami wzd\u0142u\u017c pla\u017cy i malowniczego<\/p>\n","protected":false},"author":367,"featured_media":36848,"parent":0,"menu_order":0,"comment_status":"closed","ping_status":"closed","template":"","meta":{"_acf_changed":false,"footnotes":""},"class_list":["post-36841","page","type-page","status-publish","has-post-thumbnail","hentry"],"acf":[],"yoast_head":"<!-- This site is optimized with the Yoast SEO plugin v27.3 - https:\/\/yoast.com\/product\/yoast-seo-wordpress\/ -->\n<title>Luksusowy hotel Athena Beachfront w Pafos | Constantinou Bros<\/title>\n<meta name=\"description\" content=\"Osza\u0142amiaj\u0105cy luksusowy hotel przy pla\u017cy w Pafos na Cyprze zaprasza zar\u00f3wno rodziny, jak i pary, oferuj\u0105c zaj\u0119cia dla obu grup oraz specjaln\u0105 stref\u0119 dla doros\u0142ych.\" \/>\n<meta name=\"robots\" content=\"index, follow, max-snippet:-1, max-image-preview:large, max-video-preview:-1\" \/>\n<link rel=\"canonical\" href=\"https:\/\/www.cbh-cyprus.com\/pl\/athena-beach-hotel-2\/\" \/>\n<meta property=\"og:locale\" content=\"pl_PL\" \/>\n<meta property=\"og:type\" content=\"article\" \/>\n<meta property=\"og:title\" content=\"Luksusowy hotel Athena Beachfront w Pafos | Constantinou Bros\" \/>\n<meta property=\"og:description\" content=\"Osza\u0142amiaj\u0105cy luksusowy hotel przy pla\u017cy w Pafos na Cyprze zaprasza zar\u00f3wno rodziny, jak i pary, oferuj\u0105c zaj\u0119cia dla obu grup oraz specjaln\u0105 stref\u0119 dla doros\u0142ych.\" \/>\n<meta property=\"og:url\" content=\"https:\/\/www.cbh-cyprus.com\/pl\/athena-beach-hotel-2\/\" \/>\n<meta property=\"og:site_name\" content=\"Constantinou Bros Hotels\" \/>\n<meta property=\"article:modified_time\" content=\"2025-08-04T12:15:33+00:00\" \/>\n<meta property=\"og:image\" content=\"https:\/\/www.cbh-cyprus.com\/app\/uploads\/sites\/30\/2023\/08\/1-ATHENA-BEACH-HOTEL-scaled-1.jpg\" \/>\n\t<meta property=\"og:image:width\" content=\"2560\" \/>\n\t<meta property=\"og:image:height\" content=\"1552\" \/>\n\t<meta property=\"og:image:type\" content=\"image\/jpeg\" \/>\n<meta name=\"twitter:card\" content=\"summary_large_image\" \/>\n<meta name=\"twitter:label1\" content=\"Est. reading time\" \/>\n\t<meta name=\"twitter:data1\" content=\"1 minute\" \/>\n<script type=\"application\/ld+json\" class=\"yoast-schema-graph\">{\"@context\":\"https:\\\/\\\/schema.org\",\"@graph\":[{\"@type\":\"WebPage\",\"@id\":\"https:\\\/\\\/www.cbh-cyprus.com\\\/pl\\\/athena-beach-hotel-2\\\/\",\"url\":\"https:\\\/\\\/www.cbh-cyprus.com\\\/pl\\\/athena-beach-hotel-2\\\/\",\"name\":\"Luksusowy hotel Athena Beachfront w Pafos | Constantinou Bros\",\"isPartOf\":{\"@id\":\"https:\\\/\\\/www.cbh-cyprus.com\\\/pl\\\/#website\"},\"primaryImageOfPage\":{\"@id\":\"https:\\\/\\\/www.cbh-cyprus.com\\\/pl\\\/athena-beach-hotel-2\\\/#primaryimage\"},\"image\":{\"@id\":\"https:\\\/\\\/www.cbh-cyprus.com\\\/pl\\\/athena-beach-hotel-2\\\/#primaryimage\"},\"thumbnailUrl\":\"https:\\\/\\\/www.cbh-cyprus.com\\\/app\\\/uploads\\\/sites\\\/30\\\/2023\\\/08\\\/1-ATHENA-BEACH-HOTEL-scaled-1.jpg\",\"datePublished\":\"2024-07-23T09:14:00+00:00\",\"dateModified\":\"2025-08-04T12:15:33+00:00\",\"description\":\"Osza\u0142amiaj\u0105cy luksusowy hotel przy pla\u017cy w Pafos na Cyprze zaprasza zar\u00f3wno rodziny, jak i pary, oferuj\u0105c zaj\u0119cia dla obu grup oraz specjaln\u0105 stref\u0119 dla doros\u0142ych.\",\"breadcrumb\":{\"@id\":\"https:\\\/\\\/www.cbh-cyprus.com\\\/pl\\\/athena-beach-hotel-2\\\/#breadcrumb\"},\"inLanguage\":\"pl-PL\",\"potentialAction\":[{\"@type\":\"ReadAction\",\"target\":[\"https:\\\/\\\/www.cbh-cyprus.com\\\/pl\\\/athena-beach-hotel-2\\\/\"]}]},{\"@type\":\"ImageObject\",\"inLanguage\":\"pl-PL\",\"@id\":\"https:\\\/\\\/www.cbh-cyprus.com\\\/pl\\\/athena-beach-hotel-2\\\/#primaryimage\",\"url\":\"https:\\\/\\\/www.cbh-cyprus.com\\\/app\\\/uploads\\\/sites\\\/30\\\/2023\\\/08\\\/1-ATHENA-BEACH-HOTEL-scaled-1.jpg\",\"contentUrl\":\"https:\\\/\\\/www.cbh-cyprus.com\\\/app\\\/uploads\\\/sites\\\/30\\\/2023\\\/08\\\/1-ATHENA-BEACH-HOTEL-scaled-1.jpg\",\"width\":2560,\"height\":1552},{\"@type\":\"BreadcrumbList\",\"@id\":\"https:\\\/\\\/www.cbh-cyprus.com\\\/pl\\\/athena-beach-hotel-2\\\/#breadcrumb\",\"itemListElement\":[{\"@type\":\"ListItem\",\"position\":1,\"name\":\"Home\",\"item\":\"https:\\\/\\\/www.cbh-cyprus.com\\\/pl\\\/welcome-to-constantinou-bros-hotels\\\/\"},{\"@type\":\"ListItem\",\"position\":2,\"name\":\"Athena Beach Hotel\"}]},{\"@type\":\"WebSite\",\"@id\":\"https:\\\/\\\/www.cbh-cyprus.com\\\/pl\\\/#website\",\"url\":\"https:\\\/\\\/www.cbh-cyprus.com\\\/pl\\\/\",\"name\":\"Constantinou Bros Hotels\",\"description\":\"Constantinou Bros Hotels\",\"publisher\":{\"@id\":\"https:\\\/\\\/www.cbh-cyprus.com\\\/pl\\\/#organization\"},\"potentialAction\":[{\"@type\":\"SearchAction\",\"target\":{\"@type\":\"EntryPoint\",\"urlTemplate\":\"https:\\\/\\\/www.cbh-cyprus.com\\\/pl\\\/?s={search_term_string}\"},\"query-input\":{\"@type\":\"PropertyValueSpecification\",\"valueRequired\":true,\"valueName\":\"search_term_string\"}}],\"inLanguage\":\"pl-PL\"},{\"@type\":\"Organization\",\"@id\":\"https:\\\/\\\/www.cbh-cyprus.com\\\/pl\\\/#organization\",\"name\":\"Constantinou Bros Hotels\",\"url\":\"https:\\\/\\\/www.cbh-cyprus.com\\\/pl\\\/\",\"logo\":{\"@type\":\"ImageObject\",\"inLanguage\":\"pl-PL\",\"@id\":\"https:\\\/\\\/www.cbh-cyprus.com\\\/pl\\\/#\\\/schema\\\/logo\\\/image\\\/\",\"url\":\"https:\\\/\\\/www.cbh-cyprus.com\\\/app\\\/uploads\\\/sites\\\/30\\\/2020\\\/10\\\/cbh.jpg\",\"contentUrl\":\"https:\\\/\\\/www.cbh-cyprus.com\\\/app\\\/uploads\\\/sites\\\/30\\\/2020\\\/10\\\/cbh.jpg\",\"width\":1013,\"height\":419,\"caption\":\"Constantinou Bros Hotels\"},\"image\":{\"@id\":\"https:\\\/\\\/www.cbh-cyprus.com\\\/pl\\\/#\\\/schema\\\/logo\\\/image\\\/\"}}]}<\/script>\n<!-- \/ Yoast SEO plugin. -->","yoast_head_json":{"title":"Luksusowy hotel Athena Beachfront w Pafos | Constantinou Bros","description":"Osza\u0142amiaj\u0105cy luksusowy hotel przy pla\u017cy w Pafos na Cyprze zaprasza zar\u00f3wno rodziny, jak i pary, oferuj\u0105c zaj\u0119cia dla obu grup oraz specjaln\u0105 stref\u0119 dla doros\u0142ych.","robots":{"index":"index","follow":"follow","max-snippet":"max-snippet:-1","max-image-preview":"max-image-preview:large","max-video-preview":"max-video-preview:-1"},"canonical":"https:\/\/www.cbh-cyprus.com\/pl\/athena-beach-hotel-2\/","og_locale":"pl_PL","og_type":"article","og_title":"Luksusowy hotel Athena Beachfront w Pafos | Constantinou Bros","og_description":"Osza\u0142amiaj\u0105cy luksusowy hotel przy pla\u017cy w Pafos na Cyprze zaprasza zar\u00f3wno rodziny, jak i pary, oferuj\u0105c zaj\u0119cia dla obu grup oraz specjaln\u0105 stref\u0119 dla doros\u0142ych.","og_url":"https:\/\/www.cbh-cyprus.com\/pl\/athena-beach-hotel-2\/","og_site_name":"Constantinou Bros Hotels","article_modified_time":"2025-08-04T12:15:33+00:00","og_image":[{"width":2560,"height":1552,"url":"https:\/\/www.cbh-cyprus.com\/app\/uploads\/sites\/30\/2023\/08\/1-ATHENA-BEACH-HOTEL-scaled-1.jpg","type":"image\/jpeg"}],"twitter_card":"summary_large_image","twitter_misc":{"Est. reading time":"1 minute"},"schema":{"@context":"https:\/\/schema.org","@graph":[{"@type":"WebPage","@id":"https:\/\/www.cbh-cyprus.com\/pl\/athena-beach-hotel-2\/","url":"https:\/\/www.cbh-cyprus.com\/pl\/athena-beach-hotel-2\/","name":"Luksusowy hotel Athena Beachfront w Pafos | Constantinou Bros","isPartOf":{"@id":"https:\/\/www.cbh-cyprus.com\/pl\/#website"},"primaryImageOfPage":{"@id":"https:\/\/www.cbh-cyprus.com\/pl\/athena-beach-hotel-2\/#primaryimage"},"image":{"@id":"https:\/\/www.cbh-cyprus.com\/pl\/athena-beach-hotel-2\/#primaryimage"},"thumbnailUrl":"https:\/\/www.cbh-cyprus.com\/app\/uploads\/sites\/30\/2023\/08\/1-ATHENA-BEACH-HOTEL-scaled-1.jpg","datePublished":"2024-07-23T09:14:00+00:00","dateModified":"2025-08-04T12:15:33+00:00","description":"Osza\u0142amiaj\u0105cy luksusowy hotel przy pla\u017cy w Pafos na Cyprze zaprasza zar\u00f3wno rodziny, jak i pary, oferuj\u0105c zaj\u0119cia dla obu grup oraz specjaln\u0105 stref\u0119 dla doros\u0142ych.","breadcrumb":{"@id":"https:\/\/www.cbh-cyprus.com\/pl\/athena-beach-hotel-2\/#breadcrumb"},"inLanguage":"pl-PL","potentialAction":[{"@type":"ReadAction","target":["https:\/\/www.cbh-cyprus.com\/pl\/athena-beach-hotel-2\/"]}]},{"@type":"ImageObject","inLanguage":"pl-PL","@id":"https:\/\/www.cbh-cyprus.com\/pl\/athena-beach-hotel-2\/#primaryimage","url":"https:\/\/www.cbh-cyprus.com\/app\/uploads\/sites\/30\/2023\/08\/1-ATHENA-BEACH-HOTEL-scaled-1.jpg","contentUrl":"https:\/\/www.cbh-cyprus.com\/app\/uploads\/sites\/30\/2023\/08\/1-ATHENA-BEACH-HOTEL-scaled-1.jpg","width":2560,"height":1552},{"@type":"BreadcrumbList","@id":"https:\/\/www.cbh-cyprus.com\/pl\/athena-beach-hotel-2\/#breadcrumb","itemListElement":[{"@type":"ListItem","position":1,"name":"Home","item":"https:\/\/www.cbh-cyprus.com\/pl\/welcome-to-constantinou-bros-hotels\/"},{"@type":"ListItem","position":2,"name":"Athena Beach Hotel"}]},{"@type":"WebSite","@id":"https:\/\/www.cbh-cyprus.com\/pl\/#website","url":"https:\/\/www.cbh-cyprus.com\/pl\/","name":"Constantinou Bros Hotels","description":"Constantinou Bros Hotels","publisher":{"@id":"https:\/\/www.cbh-cyprus.com\/pl\/#organization"},"potentialAction":[{"@type":"SearchAction","target":{"@type":"EntryPoint","urlTemplate":"https:\/\/www.cbh-cyprus.com\/pl\/?s={search_term_string}"},"query-input":{"@type":"PropertyValueSpecification","valueRequired":true,"valueName":"search_term_string"}}],"inLanguage":"pl-PL"},{"@type":"Organization","@id":"https:\/\/www.cbh-cyprus.com\/pl\/#organization","name":"Constantinou Bros Hotels","url":"https:\/\/www.cbh-cyprus.com\/pl\/","logo":{"@type":"ImageObject","inLanguage":"pl-PL","@id":"https:\/\/www.cbh-cyprus.com\/pl\/#\/schema\/logo\/image\/","url":"https:\/\/www.cbh-cyprus.com\/app\/uploads\/sites\/30\/2020\/10\/cbh.jpg","contentUrl":"https:\/\/www.cbh-cyprus.com\/app\/uploads\/sites\/30\/2020\/10\/cbh.jpg","width":1013,"height":419,"caption":"Constantinou Bros Hotels"},"image":{"@id":"https:\/\/www.cbh-cyprus.com\/pl\/#\/schema\/logo\/image\/"}}]}},"_links":{"self":[{"href":"https:\/\/www.cbh-cyprus.com\/pl\/wp-json\/wp\/v2\/pages\/36841","targetHints":{"allow":["GET"]}}],"collection":[{"href":"https:\/\/www.cbh-cyprus.com\/pl\/wp-json\/wp\/v2\/pages"}],"about":[{"href":"https:\/\/www.cbh-cyprus.com\/pl\/wp-json\/wp\/v2\/types\/page"}],"author":[{"embeddable":true,"href":"https:\/\/www.cbh-cyprus.com\/pl\/wp-json\/wp\/v2\/users\/367"}],"replies":[{"embeddable":true,"href":"https:\/\/www.cbh-cyprus.com\/pl\/wp-json\/wp\/v2\/comments?post=36841"}],"version-history":[{"count":3,"href":"https:\/\/www.cbh-cyprus.com\/pl\/wp-json\/wp\/v2\/pages\/36841\/revisions"}],"predecessor-version":[{"id":45886,"href":"https:\/\/www.cbh-cyprus.com\/pl\/wp-json\/wp\/v2\/pages\/36841\/revisions\/45886"}],"wp:featuredmedia":[{"embeddable":true,"href":"https:\/\/www.cbh-cyprus.com\/pl\/wp-json\/wp\/v2\/media\/36848"}],"wp:attachment":[{"href":"https:\/\/www.cbh-cyprus.com\/pl\/wp-json\/wp\/v2\/media?parent=36841"}],"curies":[{"name":"wp","href":"https:\/\/api.w.org\/{rel}","templated":true}]}}