{"id":36855,"date":"2024-07-23T12:14:07","date_gmt":"2024-07-23T09:14:07","guid":{"rendered":"https:\/\/www.cbh-cyprus.com\/athena-royal\/"},"modified":"2025-07-25T13:45:26","modified_gmt":"2025-07-25T10:45:26","slug":"athena-royal","status":"publish","type":"page","link":"https:\/\/www.cbh-cyprus.com\/pl\/athena-royal\/","title":{"rendered":"Athena Royal Beach Hotel"},"content":{"rendered":"<h1>Luksusowy hotel przy pla\u017cy tylko dla doros\u0142ych w Pafos<\/h1>\n<p>Zapraszamy Pa\u0144stwa na niezapomniany pobyt w naszym luksusowym hotelu przy pla\u017cy w Pafos tylko dla doros\u0142ych. Constantinou Bros Athena Royal Beach Hotel to idealne miejsce dla par i nowo\u017ce\u0144c\u00f3w szukaj\u0105cych romantycznej ucieczki, a tak\u017ce grup przyjaci\u00f3\u0142 szukaj\u0105cych przyg\u00f3d. Hotel ten oferuje idealne po\u0142\u0105czenie emocji i relaksu. Go\u015bcie mog\u0105 korzysta\u0107 z r\u00f3\u017cnych udogodnie\u0144, takich jak o\u015bwietlony kort tenisowy i 24-torowy kr\u0119gielnia, kt\u00f3re zapewni\u0105 im rozrywk\u0119 i relaks. Mog\u0105 Pa\u0144stwo rozkoszowa\u0107 si\u0119 wykwintnymi doznaniami kulinarnymi podczas r\u00f3\u017cnorodnych wieczor\u00f3w tematycznych, a dla odrobiny romantyzmu delektowa\u0107 si\u0119 kolacj\u0105 przy \u015bwiecach. Wellness nabiera nowego znaczenia w odm\u0142adzaj\u0105cym spa z podgrzewanym basenem, saunami, \u0142a\u017ani\u0105 parow\u0105, dobrze wyposa\u017con\u0105 sal\u0105 fitness i profesjonalnym salonem fryzjerskim. Z opcj\u0105 Ultra All-Inclusive, Pa\u0144stwa pobyt w naszym luksusowym hotelu przy pla\u017cy w Pafos tylko dla doros\u0142ych gwarantuje niezwyk\u0142e 4-gwiazdkowe wakacje.<\/p>\n<p>&nbsp;<\/p>\n","protected":false},"excerpt":{"rendered":"<p>Luksusowy hotel przy pla\u017cy tylko dla doros\u0142ych w Pafos Zapraszamy Pa\u0144stwa na niezapomniany pobyt w naszym luksusowym hotelu przy pla\u017cy w Pafos tylko dla doros\u0142ych. Constantinou Bros Athena Royal Beach Hotel to idealne miejsce dla par i nowo\u017ce\u0144c\u00f3w szukaj\u0105cych romantycznej ucieczki, a tak\u017ce grup przyjaci\u00f3\u0142 szukaj\u0105cych przyg\u00f3d. Hotel ten oferuje idealne po\u0142\u0105czenie emocji i relaksu.<\/p>\n","protected":false},"author":367,"featured_media":43222,"parent":0,"menu_order":0,"comment_status":"closed","ping_status":"closed","template":"","meta":{"_acf_changed":false,"footnotes":""},"class_list":["post-36855","page","type-page","status-publish","has-post-thumbnail","hentry"],"acf":[],"yoast_head":"<!-- This site is optimized with the Yoast SEO plugin v27.3 - https:\/\/yoast.com\/product\/yoast-seo-wordpress\/ -->\n<title>Luksusowy hotel Athena Royal Paphos przy pla\u017cy tylko dla doros\u0142ych<\/title>\n<meta name=\"description\" content=\"Idealny dla par i nowo\u017ce\u0144c\u00f3w, Athena Royal Beach by Constantinou Bros Hotels to po\u0142o\u017cony przy pla\u017cy w Pafos luksusowy hotel tylko dla doros\u0142ych.\" \/>\n<meta name=\"robots\" content=\"index, follow, max-snippet:-1, max-image-preview:large, max-video-preview:-1\" \/>\n<link rel=\"canonical\" href=\"https:\/\/www.cbh-cyprus.com\/pl\/athena-royal\/\" \/>\n<meta property=\"og:locale\" content=\"pl_PL\" \/>\n<meta property=\"og:type\" content=\"article\" \/>\n<meta property=\"og:title\" content=\"Luksusowy hotel Athena Royal Paphos przy pla\u017cy tylko dla doros\u0142ych\" \/>\n<meta property=\"og:description\" content=\"Idealny dla par i nowo\u017ce\u0144c\u00f3w, Athena Royal Beach by Constantinou Bros Hotels to po\u0142o\u017cony przy pla\u017cy w Pafos luksusowy hotel tylko dla doros\u0142ych.\" \/>\n<meta property=\"og:url\" content=\"https:\/\/www.cbh-cyprus.com\/pl\/athena-royal\/\" \/>\n<meta property=\"og:site_name\" content=\"Constantinou Bros Hotels\" \/>\n<meta property=\"article:modified_time\" content=\"2025-07-25T10:45:26+00:00\" \/>\n<meta property=\"og:image\" content=\"https:\/\/www.cbh-cyprus.com\/app\/uploads\/sites\/30\/2025\/01\/1-ATHENA-ROYAL-BEACH-HOTEL-EXTERIOR-VIEW-600x399.jpg\" \/>\n\t<meta property=\"og:image:width\" content=\"600\" \/>\n\t<meta property=\"og:image:height\" content=\"399\" \/>\n\t<meta property=\"og:image:type\" content=\"image\/jpeg\" \/>\n<meta name=\"twitter:card\" content=\"summary_large_image\" \/>\n<meta name=\"twitter:label1\" content=\"Est. reading time\" \/>\n\t<meta name=\"twitter:data1\" content=\"1 minute\" \/>\n<script type=\"application\/ld+json\" class=\"yoast-schema-graph\">{\"@context\":\"https:\\\/\\\/schema.org\",\"@graph\":[{\"@type\":\"WebPage\",\"@id\":\"https:\\\/\\\/www.cbh-cyprus.com\\\/pl\\\/athena-royal\\\/\",\"url\":\"https:\\\/\\\/www.cbh-cyprus.com\\\/pl\\\/athena-royal\\\/\",\"name\":\"Luksusowy hotel Athena Royal Paphos przy pla\u017cy tylko dla doros\u0142ych\",\"isPartOf\":{\"@id\":\"https:\\\/\\\/www.cbh-cyprus.com\\\/pl\\\/#website\"},\"primaryImageOfPage\":{\"@id\":\"https:\\\/\\\/www.cbh-cyprus.com\\\/pl\\\/athena-royal\\\/#primaryimage\"},\"image\":{\"@id\":\"https:\\\/\\\/www.cbh-cyprus.com\\\/pl\\\/athena-royal\\\/#primaryimage\"},\"thumbnailUrl\":\"https:\\\/\\\/www.cbh-cyprus.com\\\/app\\\/uploads\\\/sites\\\/30\\\/2025\\\/01\\\/1-ATHENA-ROYAL-BEACH-HOTEL-EXTERIOR-VIEW-scaled.jpg\",\"datePublished\":\"2024-07-23T09:14:07+00:00\",\"dateModified\":\"2025-07-25T10:45:26+00:00\",\"description\":\"Idealny dla par i nowo\u017ce\u0144c\u00f3w, Athena Royal Beach by Constantinou Bros Hotels to po\u0142o\u017cony przy pla\u017cy w Pafos luksusowy hotel tylko dla doros\u0142ych.\",\"breadcrumb\":{\"@id\":\"https:\\\/\\\/www.cbh-cyprus.com\\\/pl\\\/athena-royal\\\/#breadcrumb\"},\"inLanguage\":\"pl-PL\",\"potentialAction\":[{\"@type\":\"ReadAction\",\"target\":[\"https:\\\/\\\/www.cbh-cyprus.com\\\/pl\\\/athena-royal\\\/\"]}]},{\"@type\":\"ImageObject\",\"inLanguage\":\"pl-PL\",\"@id\":\"https:\\\/\\\/www.cbh-cyprus.com\\\/pl\\\/athena-royal\\\/#primaryimage\",\"url\":\"https:\\\/\\\/www.cbh-cyprus.com\\\/app\\\/uploads\\\/sites\\\/30\\\/2025\\\/01\\\/1-ATHENA-ROYAL-BEACH-HOTEL-EXTERIOR-VIEW-scaled.jpg\",\"contentUrl\":\"https:\\\/\\\/www.cbh-cyprus.com\\\/app\\\/uploads\\\/sites\\\/30\\\/2025\\\/01\\\/1-ATHENA-ROYAL-BEACH-HOTEL-EXTERIOR-VIEW-scaled.jpg\",\"width\":2560,\"height\":1703,\"caption\":\"Zakros\"},{\"@type\":\"BreadcrumbList\",\"@id\":\"https:\\\/\\\/www.cbh-cyprus.com\\\/pl\\\/athena-royal\\\/#breadcrumb\",\"itemListElement\":[{\"@type\":\"ListItem\",\"position\":1,\"name\":\"Home\",\"item\":\"https:\\\/\\\/www.cbh-cyprus.com\\\/pl\\\/welcome-to-constantinou-bros-hotels\\\/\"},{\"@type\":\"ListItem\",\"position\":2,\"name\":\"Athena Royal Beach Hotel\"}]},{\"@type\":\"WebSite\",\"@id\":\"https:\\\/\\\/www.cbh-cyprus.com\\\/pl\\\/#website\",\"url\":\"https:\\\/\\\/www.cbh-cyprus.com\\\/pl\\\/\",\"name\":\"Constantinou Bros Hotels\",\"description\":\"Constantinou Bros Hotels\",\"publisher\":{\"@id\":\"https:\\\/\\\/www.cbh-cyprus.com\\\/pl\\\/#organization\"},\"potentialAction\":[{\"@type\":\"SearchAction\",\"target\":{\"@type\":\"EntryPoint\",\"urlTemplate\":\"https:\\\/\\\/www.cbh-cyprus.com\\\/pl\\\/?s={search_term_string}\"},\"query-input\":{\"@type\":\"PropertyValueSpecification\",\"valueRequired\":true,\"valueName\":\"search_term_string\"}}],\"inLanguage\":\"pl-PL\"},{\"@type\":\"Organization\",\"@id\":\"https:\\\/\\\/www.cbh-cyprus.com\\\/pl\\\/#organization\",\"name\":\"Constantinou Bros Hotels\",\"url\":\"https:\\\/\\\/www.cbh-cyprus.com\\\/pl\\\/\",\"logo\":{\"@type\":\"ImageObject\",\"inLanguage\":\"pl-PL\",\"@id\":\"https:\\\/\\\/www.cbh-cyprus.com\\\/pl\\\/#\\\/schema\\\/logo\\\/image\\\/\",\"url\":\"https:\\\/\\\/www.cbh-cyprus.com\\\/app\\\/uploads\\\/sites\\\/30\\\/2020\\\/10\\\/cbh.jpg\",\"contentUrl\":\"https:\\\/\\\/www.cbh-cyprus.com\\\/app\\\/uploads\\\/sites\\\/30\\\/2020\\\/10\\\/cbh.jpg\",\"width\":1013,\"height\":419,\"caption\":\"Constantinou Bros Hotels\"},\"image\":{\"@id\":\"https:\\\/\\\/www.cbh-cyprus.com\\\/pl\\\/#\\\/schema\\\/logo\\\/image\\\/\"}}]}<\/script>\n<!-- \/ Yoast SEO plugin. -->","yoast_head_json":{"title":"Luksusowy hotel Athena Royal Paphos przy pla\u017cy tylko dla doros\u0142ych","description":"Idealny dla par i nowo\u017ce\u0144c\u00f3w, Athena Royal Beach by Constantinou Bros Hotels to po\u0142o\u017cony przy pla\u017cy w Pafos luksusowy hotel tylko dla doros\u0142ych.","robots":{"index":"index","follow":"follow","max-snippet":"max-snippet:-1","max-image-preview":"max-image-preview:large","max-video-preview":"max-video-preview:-1"},"canonical":"https:\/\/www.cbh-cyprus.com\/pl\/athena-royal\/","og_locale":"pl_PL","og_type":"article","og_title":"Luksusowy hotel Athena Royal Paphos przy pla\u017cy tylko dla doros\u0142ych","og_description":"Idealny dla par i nowo\u017ce\u0144c\u00f3w, Athena Royal Beach by Constantinou Bros Hotels to po\u0142o\u017cony przy pla\u017cy w Pafos luksusowy hotel tylko dla doros\u0142ych.","og_url":"https:\/\/www.cbh-cyprus.com\/pl\/athena-royal\/","og_site_name":"Constantinou Bros Hotels","article_modified_time":"2025-07-25T10:45:26+00:00","og_image":[{"width":600,"height":399,"url":"https:\/\/www.cbh-cyprus.com\/app\/uploads\/sites\/30\/2025\/01\/1-ATHENA-ROYAL-BEACH-HOTEL-EXTERIOR-VIEW-600x399.jpg","type":"image\/jpeg"}],"twitter_card":"summary_large_image","twitter_misc":{"Est. reading time":"1 minute"},"schema":{"@context":"https:\/\/schema.org","@graph":[{"@type":"WebPage","@id":"https:\/\/www.cbh-cyprus.com\/pl\/athena-royal\/","url":"https:\/\/www.cbh-cyprus.com\/pl\/athena-royal\/","name":"Luksusowy hotel Athena Royal Paphos przy pla\u017cy tylko dla doros\u0142ych","isPartOf":{"@id":"https:\/\/www.cbh-cyprus.com\/pl\/#website"},"primaryImageOfPage":{"@id":"https:\/\/www.cbh-cyprus.com\/pl\/athena-royal\/#primaryimage"},"image":{"@id":"https:\/\/www.cbh-cyprus.com\/pl\/athena-royal\/#primaryimage"},"thumbnailUrl":"https:\/\/www.cbh-cyprus.com\/app\/uploads\/sites\/30\/2025\/01\/1-ATHENA-ROYAL-BEACH-HOTEL-EXTERIOR-VIEW-scaled.jpg","datePublished":"2024-07-23T09:14:07+00:00","dateModified":"2025-07-25T10:45:26+00:00","description":"Idealny dla par i nowo\u017ce\u0144c\u00f3w, Athena Royal Beach by Constantinou Bros Hotels to po\u0142o\u017cony przy pla\u017cy w Pafos luksusowy hotel tylko dla doros\u0142ych.","breadcrumb":{"@id":"https:\/\/www.cbh-cyprus.com\/pl\/athena-royal\/#breadcrumb"},"inLanguage":"pl-PL","potentialAction":[{"@type":"ReadAction","target":["https:\/\/www.cbh-cyprus.com\/pl\/athena-royal\/"]}]},{"@type":"ImageObject","inLanguage":"pl-PL","@id":"https:\/\/www.cbh-cyprus.com\/pl\/athena-royal\/#primaryimage","url":"https:\/\/www.cbh-cyprus.com\/app\/uploads\/sites\/30\/2025\/01\/1-ATHENA-ROYAL-BEACH-HOTEL-EXTERIOR-VIEW-scaled.jpg","contentUrl":"https:\/\/www.cbh-cyprus.com\/app\/uploads\/sites\/30\/2025\/01\/1-ATHENA-ROYAL-BEACH-HOTEL-EXTERIOR-VIEW-scaled.jpg","width":2560,"height":1703,"caption":"Zakros"},{"@type":"BreadcrumbList","@id":"https:\/\/www.cbh-cyprus.com\/pl\/athena-royal\/#breadcrumb","itemListElement":[{"@type":"ListItem","position":1,"name":"Home","item":"https:\/\/www.cbh-cyprus.com\/pl\/welcome-to-constantinou-bros-hotels\/"},{"@type":"ListItem","position":2,"name":"Athena Royal Beach Hotel"}]},{"@type":"WebSite","@id":"https:\/\/www.cbh-cyprus.com\/pl\/#website","url":"https:\/\/www.cbh-cyprus.com\/pl\/","name":"Constantinou Bros Hotels","description":"Constantinou Bros Hotels","publisher":{"@id":"https:\/\/www.cbh-cyprus.com\/pl\/#organization"},"potentialAction":[{"@type":"SearchAction","target":{"@type":"EntryPoint","urlTemplate":"https:\/\/www.cbh-cyprus.com\/pl\/?s={search_term_string}"},"query-input":{"@type":"PropertyValueSpecification","valueRequired":true,"valueName":"search_term_string"}}],"inLanguage":"pl-PL"},{"@type":"Organization","@id":"https:\/\/www.cbh-cyprus.com\/pl\/#organization","name":"Constantinou Bros Hotels","url":"https:\/\/www.cbh-cyprus.com\/pl\/","logo":{"@type":"ImageObject","inLanguage":"pl-PL","@id":"https:\/\/www.cbh-cyprus.com\/pl\/#\/schema\/logo\/image\/","url":"https:\/\/www.cbh-cyprus.com\/app\/uploads\/sites\/30\/2020\/10\/cbh.jpg","contentUrl":"https:\/\/www.cbh-cyprus.com\/app\/uploads\/sites\/30\/2020\/10\/cbh.jpg","width":1013,"height":419,"caption":"Constantinou Bros Hotels"},"image":{"@id":"https:\/\/www.cbh-cyprus.com\/pl\/#\/schema\/logo\/image\/"}}]}},"_links":{"self":[{"href":"https:\/\/www.cbh-cyprus.com\/pl\/wp-json\/wp\/v2\/pages\/36855","targetHints":{"allow":["GET"]}}],"collection":[{"href":"https:\/\/www.cbh-cyprus.com\/pl\/wp-json\/wp\/v2\/pages"}],"about":[{"href":"https:\/\/www.cbh-cyprus.com\/pl\/wp-json\/wp\/v2\/types\/page"}],"author":[{"embeddable":true,"href":"https:\/\/www.cbh-cyprus.com\/pl\/wp-json\/wp\/v2\/users\/367"}],"replies":[{"embeddable":true,"href":"https:\/\/www.cbh-cyprus.com\/pl\/wp-json\/wp\/v2\/comments?post=36855"}],"version-history":[{"count":2,"href":"https:\/\/www.cbh-cyprus.com\/pl\/wp-json\/wp\/v2\/pages\/36855\/revisions"}],"predecessor-version":[{"id":45769,"href":"https:\/\/www.cbh-cyprus.com\/pl\/wp-json\/wp\/v2\/pages\/36855\/revisions\/45769"}],"wp:featuredmedia":[{"embeddable":true,"href":"https:\/\/www.cbh-cyprus.com\/pl\/wp-json\/wp\/v2\/media\/43222"}],"wp:attachment":[{"href":"https:\/\/www.cbh-cyprus.com\/pl\/wp-json\/wp\/v2\/media?parent=36855"}],"curies":[{"name":"wp","href":"https:\/\/api.w.org\/{rel}","templated":true}]}}