{"id":36856,"date":"2024-07-23T12:14:07","date_gmt":"2024-07-23T09:14:07","guid":{"rendered":"https:\/\/www.cbh-cyprus.com\/asimina-suites-hotel-paphos\/"},"modified":"2025-07-25T13:41:09","modified_gmt":"2025-07-25T10:41:09","slug":"asimina-suites-hotel-paphos","status":"publish","type":"page","link":"https:\/\/www.cbh-cyprus.com\/pl\/asimina-suites-hotel-paphos\/","title":{"rendered":"Hotel Asimina Suites"},"content":{"rendered":"<h1>Luksusowy, 5-gwiazdkowy hotel dla doros\u0142ych w Pafos<\/h1>\n<p>Odkryj spokojne sanktuarium przy pla\u017cy przeznaczone wy\u0142\u0105cznie dla doros\u0142ych go\u015bci. Ten wyj\u0105tkowy 5-gwiazdkowy luksusowy hotel w Pafos po\u0142o\u017cony jest na obrze\u017cach lazurowych w\u00f3d, obejmuj\u0105c piaszczyst\u0105 lini\u0119 brzegow\u0105. Po\u0142o\u017cony w spokojnej okolicy hotel znajduje si\u0119 w dogodnej odleg\u0142o\u015bci od lotniska w Pafos, centrum miasta, sklep\u00f3w i t\u0119tni\u0105cych \u017cyciem klub\u00f3w nocnych. Stworzony specjalnie dla par, nowo\u017ce\u0144c\u00f3w i entuzjast\u00f3w wellness, ka\u017cdy aspekt tego osza\u0142amiaj\u0105cego miejsca jest po\u015bwi\u0119cony rozpieszczaniu Pa\u0144stwa. Od luksusowego i kameralnego spa po w pe\u0142ni wyposa\u017con\u0105 si\u0142owni\u0119 i wspania\u0142e doznania kulinarne &#8211; skorzystaj z opcji Ultra All-Inclusive, pozwalaj\u0105cej delektowa\u0107 si\u0119 ka\u017cd\u0105 chwil\u0105 bez chwili zastanowienia. Hotel Constantinou Bros Asimina Suites oferuje wystawne i ekskluzywne udogodnienia przeznaczone specjalnie dla os\u00f3b doros\u0142ych. Ten pi\u0119ciogwiazdkowy luksusowy hotel w Pafos oferuje przestronne apartamenty, prywatn\u0105 piaszczyst\u0105 pla\u017c\u0119, jeden kryty basen z podgrzewan\u0105 wod\u0105 i dwa po\u0142\u0105czone ze sob\u0105 odkryte baseny ze s\u0142odk\u0105 wod\u0105. Niekt\u00f3re apartamenty typu suite dysponuj\u0105 prywatnym basenem z drewnianym tarasem, a wszystkie maj\u0105 rozleg\u0142y balkon. Je\u015bli chodzi o zaj\u0119cia sportowe i rekreacyjne, w s\u0105siednich hotelach siostrzanych znajduje si\u0119 o\u015bwietlony kort tenisowy i doskona\u0142e zaplecze do gry w kr\u0119gle.<\/p>\n","protected":false},"excerpt":{"rendered":"<p>Luksusowy, 5-gwiazdkowy hotel dla doros\u0142ych w Pafos Odkryj spokojne sanktuarium przy pla\u017cy przeznaczone wy\u0142\u0105cznie dla doros\u0142ych go\u015bci. Ten wyj\u0105tkowy 5-gwiazdkowy luksusowy hotel w Pafos po\u0142o\u017cony jest na obrze\u017cach lazurowych w\u00f3d, obejmuj\u0105c piaszczyst\u0105 lini\u0119 brzegow\u0105. Po\u0142o\u017cony w spokojnej okolicy hotel znajduje si\u0119 w dogodnej odleg\u0142o\u015bci od lotniska w Pafos, centrum miasta, sklep\u00f3w i t\u0119tni\u0105cych \u017cyciem klub\u00f3w<\/p>\n","protected":false},"author":367,"featured_media":43229,"parent":0,"menu_order":0,"comment_status":"closed","ping_status":"closed","template":"","meta":{"_acf_changed":false,"footnotes":""},"class_list":["post-36856","page","type-page","status-publish","has-post-thumbnail","hentry"],"acf":[],"yoast_head":"<!-- This site is optimized with the Yoast SEO plugin v27.3 - https:\/\/yoast.com\/product\/yoast-seo-wordpress\/ -->\n<title>Asimina Suites 5-gwiazdkowy luksusowy hotel w Pafos | Constantinou Bros<\/title>\n<meta name=\"description\" content=\"Asimina Suites to pi\u0119ciogwiazdkowy, luksusowy hotel w Pafos na Cyprze z rewelacyjnymi udogodnieniami, przeznaczony wy\u0142\u0105cznie dla os\u00f3b doros\u0142ych.\" \/>\n<meta name=\"robots\" content=\"index, follow, max-snippet:-1, max-image-preview:large, max-video-preview:-1\" \/>\n<link rel=\"canonical\" href=\"https:\/\/www.cbh-cyprus.com\/pl\/asimina-suites-hotel-paphos\/\" \/>\n<meta property=\"og:locale\" content=\"pl_PL\" \/>\n<meta property=\"og:type\" content=\"article\" \/>\n<meta property=\"og:title\" content=\"Asimina Suites 5-gwiazdkowy luksusowy hotel w Pafos | Constantinou Bros\" \/>\n<meta property=\"og:description\" content=\"Asimina Suites to pi\u0119ciogwiazdkowy, luksusowy hotel w Pafos na Cyprze z rewelacyjnymi udogodnieniami, przeznaczony wy\u0142\u0105cznie dla os\u00f3b doros\u0142ych.\" \/>\n<meta property=\"og:url\" content=\"https:\/\/www.cbh-cyprus.com\/pl\/asimina-suites-hotel-paphos\/\" \/>\n<meta property=\"og:site_name\" content=\"Constantinou Bros Hotels\" \/>\n<meta property=\"article:modified_time\" content=\"2025-07-25T10:41:09+00:00\" \/>\n<meta property=\"og:image\" content=\"https:\/\/www.cbh-cyprus.com\/app\/uploads\/sites\/30\/2025\/01\/9-ASIMINA-SUITES-HOTEL-POOL-600x399.jpg\" \/>\n\t<meta property=\"og:image:width\" content=\"600\" \/>\n\t<meta property=\"og:image:height\" content=\"399\" \/>\n\t<meta property=\"og:image:type\" content=\"image\/jpeg\" \/>\n<meta name=\"twitter:card\" content=\"summary_large_image\" \/>\n<meta name=\"twitter:label1\" content=\"Est. reading time\" \/>\n\t<meta name=\"twitter:data1\" content=\"1 minute\" \/>\n<script type=\"application\/ld+json\" class=\"yoast-schema-graph\">{\"@context\":\"https:\\\/\\\/schema.org\",\"@graph\":[{\"@type\":\"WebPage\",\"@id\":\"https:\\\/\\\/www.cbh-cyprus.com\\\/pl\\\/asimina-suites-hotel-paphos\\\/\",\"url\":\"https:\\\/\\\/www.cbh-cyprus.com\\\/pl\\\/asimina-suites-hotel-paphos\\\/\",\"name\":\"Asimina Suites 5-gwiazdkowy luksusowy hotel w Pafos | Constantinou Bros\",\"isPartOf\":{\"@id\":\"https:\\\/\\\/www.cbh-cyprus.com\\\/pl\\\/#website\"},\"primaryImageOfPage\":{\"@id\":\"https:\\\/\\\/www.cbh-cyprus.com\\\/pl\\\/asimina-suites-hotel-paphos\\\/#primaryimage\"},\"image\":{\"@id\":\"https:\\\/\\\/www.cbh-cyprus.com\\\/pl\\\/asimina-suites-hotel-paphos\\\/#primaryimage\"},\"thumbnailUrl\":\"https:\\\/\\\/www.cbh-cyprus.com\\\/app\\\/uploads\\\/sites\\\/30\\\/2025\\\/01\\\/9-ASIMINA-SUITES-HOTEL-POOL-scaled.jpg\",\"datePublished\":\"2024-07-23T09:14:07+00:00\",\"dateModified\":\"2025-07-25T10:41:09+00:00\",\"description\":\"Asimina Suites to pi\u0119ciogwiazdkowy, luksusowy hotel w Pafos na Cyprze z rewelacyjnymi udogodnieniami, przeznaczony wy\u0142\u0105cznie dla os\u00f3b doros\u0142ych.\",\"breadcrumb\":{\"@id\":\"https:\\\/\\\/www.cbh-cyprus.com\\\/pl\\\/asimina-suites-hotel-paphos\\\/#breadcrumb\"},\"inLanguage\":\"pl-PL\",\"potentialAction\":[{\"@type\":\"ReadAction\",\"target\":[\"https:\\\/\\\/www.cbh-cyprus.com\\\/pl\\\/asimina-suites-hotel-paphos\\\/\"]}]},{\"@type\":\"ImageObject\",\"inLanguage\":\"pl-PL\",\"@id\":\"https:\\\/\\\/www.cbh-cyprus.com\\\/pl\\\/asimina-suites-hotel-paphos\\\/#primaryimage\",\"url\":\"https:\\\/\\\/www.cbh-cyprus.com\\\/app\\\/uploads\\\/sites\\\/30\\\/2025\\\/01\\\/9-ASIMINA-SUITES-HOTEL-POOL-scaled.jpg\",\"contentUrl\":\"https:\\\/\\\/www.cbh-cyprus.com\\\/app\\\/uploads\\\/sites\\\/30\\\/2025\\\/01\\\/9-ASIMINA-SUITES-HOTEL-POOL-scaled.jpg\",\"width\":2560,\"height\":1703,\"caption\":\"AUGUST\"},{\"@type\":\"BreadcrumbList\",\"@id\":\"https:\\\/\\\/www.cbh-cyprus.com\\\/pl\\\/asimina-suites-hotel-paphos\\\/#breadcrumb\",\"itemListElement\":[{\"@type\":\"ListItem\",\"position\":1,\"name\":\"Home\",\"item\":\"https:\\\/\\\/www.cbh-cyprus.com\\\/pl\\\/welcome-to-constantinou-bros-hotels\\\/\"},{\"@type\":\"ListItem\",\"position\":2,\"name\":\"Hotel Asimina Suites\"}]},{\"@type\":\"WebSite\",\"@id\":\"https:\\\/\\\/www.cbh-cyprus.com\\\/pl\\\/#website\",\"url\":\"https:\\\/\\\/www.cbh-cyprus.com\\\/pl\\\/\",\"name\":\"Constantinou Bros Hotels\",\"description\":\"Constantinou Bros Hotels\",\"publisher\":{\"@id\":\"https:\\\/\\\/www.cbh-cyprus.com\\\/pl\\\/#organization\"},\"potentialAction\":[{\"@type\":\"SearchAction\",\"target\":{\"@type\":\"EntryPoint\",\"urlTemplate\":\"https:\\\/\\\/www.cbh-cyprus.com\\\/pl\\\/?s={search_term_string}\"},\"query-input\":{\"@type\":\"PropertyValueSpecification\",\"valueRequired\":true,\"valueName\":\"search_term_string\"}}],\"inLanguage\":\"pl-PL\"},{\"@type\":\"Organization\",\"@id\":\"https:\\\/\\\/www.cbh-cyprus.com\\\/pl\\\/#organization\",\"name\":\"Constantinou Bros Hotels\",\"url\":\"https:\\\/\\\/www.cbh-cyprus.com\\\/pl\\\/\",\"logo\":{\"@type\":\"ImageObject\",\"inLanguage\":\"pl-PL\",\"@id\":\"https:\\\/\\\/www.cbh-cyprus.com\\\/pl\\\/#\\\/schema\\\/logo\\\/image\\\/\",\"url\":\"https:\\\/\\\/www.cbh-cyprus.com\\\/app\\\/uploads\\\/sites\\\/30\\\/2020\\\/10\\\/cbh.jpg\",\"contentUrl\":\"https:\\\/\\\/www.cbh-cyprus.com\\\/app\\\/uploads\\\/sites\\\/30\\\/2020\\\/10\\\/cbh.jpg\",\"width\":1013,\"height\":419,\"caption\":\"Constantinou Bros Hotels\"},\"image\":{\"@id\":\"https:\\\/\\\/www.cbh-cyprus.com\\\/pl\\\/#\\\/schema\\\/logo\\\/image\\\/\"}}]}<\/script>\n<!-- \/ Yoast SEO plugin. -->","yoast_head_json":{"title":"Asimina Suites 5-gwiazdkowy luksusowy hotel w Pafos | Constantinou Bros","description":"Asimina Suites to pi\u0119ciogwiazdkowy, luksusowy hotel w Pafos na Cyprze z rewelacyjnymi udogodnieniami, przeznaczony wy\u0142\u0105cznie dla os\u00f3b doros\u0142ych.","robots":{"index":"index","follow":"follow","max-snippet":"max-snippet:-1","max-image-preview":"max-image-preview:large","max-video-preview":"max-video-preview:-1"},"canonical":"https:\/\/www.cbh-cyprus.com\/pl\/asimina-suites-hotel-paphos\/","og_locale":"pl_PL","og_type":"article","og_title":"Asimina Suites 5-gwiazdkowy luksusowy hotel w Pafos | Constantinou Bros","og_description":"Asimina Suites to pi\u0119ciogwiazdkowy, luksusowy hotel w Pafos na Cyprze z rewelacyjnymi udogodnieniami, przeznaczony wy\u0142\u0105cznie dla os\u00f3b doros\u0142ych.","og_url":"https:\/\/www.cbh-cyprus.com\/pl\/asimina-suites-hotel-paphos\/","og_site_name":"Constantinou Bros Hotels","article_modified_time":"2025-07-25T10:41:09+00:00","og_image":[{"width":600,"height":399,"url":"https:\/\/www.cbh-cyprus.com\/app\/uploads\/sites\/30\/2025\/01\/9-ASIMINA-SUITES-HOTEL-POOL-600x399.jpg","type":"image\/jpeg"}],"twitter_card":"summary_large_image","twitter_misc":{"Est. reading time":"1 minute"},"schema":{"@context":"https:\/\/schema.org","@graph":[{"@type":"WebPage","@id":"https:\/\/www.cbh-cyprus.com\/pl\/asimina-suites-hotel-paphos\/","url":"https:\/\/www.cbh-cyprus.com\/pl\/asimina-suites-hotel-paphos\/","name":"Asimina Suites 5-gwiazdkowy luksusowy hotel w Pafos | Constantinou Bros","isPartOf":{"@id":"https:\/\/www.cbh-cyprus.com\/pl\/#website"},"primaryImageOfPage":{"@id":"https:\/\/www.cbh-cyprus.com\/pl\/asimina-suites-hotel-paphos\/#primaryimage"},"image":{"@id":"https:\/\/www.cbh-cyprus.com\/pl\/asimina-suites-hotel-paphos\/#primaryimage"},"thumbnailUrl":"https:\/\/www.cbh-cyprus.com\/app\/uploads\/sites\/30\/2025\/01\/9-ASIMINA-SUITES-HOTEL-POOL-scaled.jpg","datePublished":"2024-07-23T09:14:07+00:00","dateModified":"2025-07-25T10:41:09+00:00","description":"Asimina Suites to pi\u0119ciogwiazdkowy, luksusowy hotel w Pafos na Cyprze z rewelacyjnymi udogodnieniami, przeznaczony wy\u0142\u0105cznie dla os\u00f3b doros\u0142ych.","breadcrumb":{"@id":"https:\/\/www.cbh-cyprus.com\/pl\/asimina-suites-hotel-paphos\/#breadcrumb"},"inLanguage":"pl-PL","potentialAction":[{"@type":"ReadAction","target":["https:\/\/www.cbh-cyprus.com\/pl\/asimina-suites-hotel-paphos\/"]}]},{"@type":"ImageObject","inLanguage":"pl-PL","@id":"https:\/\/www.cbh-cyprus.com\/pl\/asimina-suites-hotel-paphos\/#primaryimage","url":"https:\/\/www.cbh-cyprus.com\/app\/uploads\/sites\/30\/2025\/01\/9-ASIMINA-SUITES-HOTEL-POOL-scaled.jpg","contentUrl":"https:\/\/www.cbh-cyprus.com\/app\/uploads\/sites\/30\/2025\/01\/9-ASIMINA-SUITES-HOTEL-POOL-scaled.jpg","width":2560,"height":1703,"caption":"AUGUST"},{"@type":"BreadcrumbList","@id":"https:\/\/www.cbh-cyprus.com\/pl\/asimina-suites-hotel-paphos\/#breadcrumb","itemListElement":[{"@type":"ListItem","position":1,"name":"Home","item":"https:\/\/www.cbh-cyprus.com\/pl\/welcome-to-constantinou-bros-hotels\/"},{"@type":"ListItem","position":2,"name":"Hotel Asimina Suites"}]},{"@type":"WebSite","@id":"https:\/\/www.cbh-cyprus.com\/pl\/#website","url":"https:\/\/www.cbh-cyprus.com\/pl\/","name":"Constantinou Bros Hotels","description":"Constantinou Bros Hotels","publisher":{"@id":"https:\/\/www.cbh-cyprus.com\/pl\/#organization"},"potentialAction":[{"@type":"SearchAction","target":{"@type":"EntryPoint","urlTemplate":"https:\/\/www.cbh-cyprus.com\/pl\/?s={search_term_string}"},"query-input":{"@type":"PropertyValueSpecification","valueRequired":true,"valueName":"search_term_string"}}],"inLanguage":"pl-PL"},{"@type":"Organization","@id":"https:\/\/www.cbh-cyprus.com\/pl\/#organization","name":"Constantinou Bros Hotels","url":"https:\/\/www.cbh-cyprus.com\/pl\/","logo":{"@type":"ImageObject","inLanguage":"pl-PL","@id":"https:\/\/www.cbh-cyprus.com\/pl\/#\/schema\/logo\/image\/","url":"https:\/\/www.cbh-cyprus.com\/app\/uploads\/sites\/30\/2020\/10\/cbh.jpg","contentUrl":"https:\/\/www.cbh-cyprus.com\/app\/uploads\/sites\/30\/2020\/10\/cbh.jpg","width":1013,"height":419,"caption":"Constantinou Bros Hotels"},"image":{"@id":"https:\/\/www.cbh-cyprus.com\/pl\/#\/schema\/logo\/image\/"}}]}},"_links":{"self":[{"href":"https:\/\/www.cbh-cyprus.com\/pl\/wp-json\/wp\/v2\/pages\/36856","targetHints":{"allow":["GET"]}}],"collection":[{"href":"https:\/\/www.cbh-cyprus.com\/pl\/wp-json\/wp\/v2\/pages"}],"about":[{"href":"https:\/\/www.cbh-cyprus.com\/pl\/wp-json\/wp\/v2\/types\/page"}],"author":[{"embeddable":true,"href":"https:\/\/www.cbh-cyprus.com\/pl\/wp-json\/wp\/v2\/users\/367"}],"replies":[{"embeddable":true,"href":"https:\/\/www.cbh-cyprus.com\/pl\/wp-json\/wp\/v2\/comments?post=36856"}],"version-history":[{"count":2,"href":"https:\/\/www.cbh-cyprus.com\/pl\/wp-json\/wp\/v2\/pages\/36856\/revisions"}],"predecessor-version":[{"id":45759,"href":"https:\/\/www.cbh-cyprus.com\/pl\/wp-json\/wp\/v2\/pages\/36856\/revisions\/45759"}],"wp:featuredmedia":[{"embeddable":true,"href":"https:\/\/www.cbh-cyprus.com\/pl\/wp-json\/wp\/v2\/media\/43229"}],"wp:attachment":[{"href":"https:\/\/www.cbh-cyprus.com\/pl\/wp-json\/wp\/v2\/media?parent=36856"}],"curies":[{"name":"wp","href":"https:\/\/api.w.org\/{rel}","templated":true}]}}