{"id":36880,"date":"2024-07-23T12:14:13","date_gmt":"2024-07-23T09:14:13","guid":{"rendered":"https:\/\/www.cbh-cyprus.com\/pioneer-hotel\/"},"modified":"2025-07-25T13:48:36","modified_gmt":"2025-07-25T10:48:36","slug":"pioneer-hotel","status":"publish","type":"page","link":"https:\/\/www.cbh-cyprus.com\/pl\/pioneer-hotel\/","title":{"rendered":"Hotel Pioneer Beach"},"content":{"rendered":"<h1>Czterogwiazdkowy hotel przy pla\u017cy w Pafos dla doros\u0142ych<\/h1>\n<p>Zapraszamy Pa\u0144stwa do rewelacyjnego 4-gwiazdkowego hotelu w Pafos tylko dla doros\u0142ych, kt\u00f3ry k\u0142adzie nacisk na wellness i fitness. Constantinou Bros Pioneer Beach Hotel oferuje szeroki wyb\u00f3r opcji dla doros\u0142ych go\u015bci. Mi\u0142o\u015bnicy sportu b\u0119d\u0105 zachwyceni kr\u0119gielni\u0105 z kr\u00f3tk\u0105 mat\u0105, odkrytym kortem Green Bowls i o\u015bwietlonym kortem tenisowym. Po dniu pe\u0142nym wra\u017ce\u0144 mog\u0105 Pa\u0144stwo wyciszy\u0107 si\u0119 w spa, a wiecz\u00f3r zako\u0144czy\u0107 wykwintnym posi\u0142kiem w restauracji lub jeszcze bardziej romantyczn\u0105 kolacj\u0105 przy \u015bwiecach. Ka\u017cdy pok\u00f3j w naszym hotelu dla doros\u0142ych w Pafos dysponuje przestronnym balkonem, z kt\u00f3rego roztacza si\u0119 urzekaj\u0105cy widok na Morze \u015ar\u00f3dziemne lub spokojn\u0105 okolic\u0119. Go\u015bcie zatrzymuj\u0105cy si\u0119 w wybranych typach pokoi maj\u0105 r\u00f3wnie\u017c przywilej bezp\u0142atnego dost\u0119pu do prywatnej kabany i le\u017cak\u00f3w, co zapewnia dodatkowy relaks i komfort. Aby uzyska\u0107 najlepsze wra\u017cenia, prosz\u0119 skorzysta\u0107 z opcji Ultra All-Inclusive.<\/p>\n","protected":false},"excerpt":{"rendered":"<p>Czterogwiazdkowy hotel przy pla\u017cy w Pafos dla doros\u0142ych Zapraszamy Pa\u0144stwa do rewelacyjnego 4-gwiazdkowego hotelu w Pafos tylko dla doros\u0142ych, kt\u00f3ry k\u0142adzie nacisk na wellness i fitness. Constantinou Bros Pioneer Beach Hotel oferuje szeroki wyb\u00f3r opcji dla doros\u0142ych go\u015bci. Mi\u0142o\u015bnicy sportu b\u0119d\u0105 zachwyceni kr\u0119gielni\u0105 z kr\u00f3tk\u0105 mat\u0105, odkrytym kortem Green Bowls i o\u015bwietlonym kortem tenisowym. Po<\/p>\n","protected":false},"author":367,"featured_media":36883,"parent":0,"menu_order":0,"comment_status":"closed","ping_status":"closed","template":"","meta":{"_acf_changed":false,"footnotes":""},"class_list":["post-36880","page","type-page","status-publish","has-post-thumbnail","hentry"],"acf":[],"yoast_head":"<!-- This site is optimized with the Yoast SEO plugin v27.3 - https:\/\/yoast.com\/product\/yoast-seo-wordpress\/ -->\n<title>Pioneer Beach Paphos hotel tylko dla doros\u0142ych | Constantinou Bros<\/title>\n<meta name=\"description\" content=\"Jest to wspania\u0142y hotel przy pla\u017cy w Pafos tylko dla doros\u0142ych, oferuj\u0105cy go\u015bciom szereg wra\u017ce\u0144 i zaj\u0119\u0107 rekreacyjnych i odnowy biologicznej.\" \/>\n<meta name=\"robots\" content=\"index, follow, max-snippet:-1, max-image-preview:large, max-video-preview:-1\" \/>\n<link rel=\"canonical\" href=\"https:\/\/www.cbh-cyprus.com\/pl\/pioneer-hotel\/\" \/>\n<meta property=\"og:locale\" content=\"pl_PL\" \/>\n<meta property=\"og:type\" content=\"article\" \/>\n<meta property=\"og:title\" content=\"Pioneer Beach Paphos hotel tylko dla doros\u0142ych | Constantinou Bros\" \/>\n<meta property=\"og:description\" content=\"Jest to wspania\u0142y hotel przy pla\u017cy w Pafos tylko dla doros\u0142ych, oferuj\u0105cy go\u015bciom szereg wra\u017ce\u0144 i zaj\u0119\u0107 rekreacyjnych i odnowy biologicznej.\" \/>\n<meta property=\"og:url\" content=\"https:\/\/www.cbh-cyprus.com\/pl\/pioneer-hotel\/\" \/>\n<meta property=\"og:site_name\" content=\"Constantinou Bros Hotels\" \/>\n<meta property=\"article:modified_time\" content=\"2025-07-25T10:48:36+00:00\" \/>\n<meta property=\"og:image\" content=\"https:\/\/www.cbh-cyprus.com\/app\/uploads\/sites\/30\/2023\/08\/11-PIONEER-BEACH-HOTEL-THALASSA-MEDITERRANEAN-RESTAURANT.jpg\" \/>\n\t<meta property=\"og:image:width\" content=\"1200\" \/>\n\t<meta property=\"og:image:height\" content=\"798\" \/>\n\t<meta property=\"og:image:type\" content=\"image\/jpeg\" \/>\n<meta name=\"twitter:card\" content=\"summary_large_image\" \/>\n<meta name=\"twitter:label1\" content=\"Est. reading time\" \/>\n\t<meta name=\"twitter:data1\" content=\"1 minute\" \/>\n<script type=\"application\/ld+json\" class=\"yoast-schema-graph\">{\"@context\":\"https:\\\/\\\/schema.org\",\"@graph\":[{\"@type\":\"WebPage\",\"@id\":\"https:\\\/\\\/www.cbh-cyprus.com\\\/pl\\\/pioneer-hotel\\\/\",\"url\":\"https:\\\/\\\/www.cbh-cyprus.com\\\/pl\\\/pioneer-hotel\\\/\",\"name\":\"Pioneer Beach Paphos hotel tylko dla doros\u0142ych | Constantinou Bros\",\"isPartOf\":{\"@id\":\"https:\\\/\\\/www.cbh-cyprus.com\\\/pl\\\/#website\"},\"primaryImageOfPage\":{\"@id\":\"https:\\\/\\\/www.cbh-cyprus.com\\\/pl\\\/pioneer-hotel\\\/#primaryimage\"},\"image\":{\"@id\":\"https:\\\/\\\/www.cbh-cyprus.com\\\/pl\\\/pioneer-hotel\\\/#primaryimage\"},\"thumbnailUrl\":\"https:\\\/\\\/www.cbh-cyprus.com\\\/app\\\/uploads\\\/sites\\\/30\\\/2023\\\/08\\\/11-PIONEER-BEACH-HOTEL-THALASSA-MEDITERRANEAN-RESTAURANT.jpg\",\"datePublished\":\"2024-07-23T09:14:13+00:00\",\"dateModified\":\"2025-07-25T10:48:36+00:00\",\"description\":\"Jest to wspania\u0142y hotel przy pla\u017cy w Pafos tylko dla doros\u0142ych, oferuj\u0105cy go\u015bciom szereg wra\u017ce\u0144 i zaj\u0119\u0107 rekreacyjnych i odnowy biologicznej.\",\"breadcrumb\":{\"@id\":\"https:\\\/\\\/www.cbh-cyprus.com\\\/pl\\\/pioneer-hotel\\\/#breadcrumb\"},\"inLanguage\":\"pl-PL\",\"potentialAction\":[{\"@type\":\"ReadAction\",\"target\":[\"https:\\\/\\\/www.cbh-cyprus.com\\\/pl\\\/pioneer-hotel\\\/\"]}]},{\"@type\":\"ImageObject\",\"inLanguage\":\"pl-PL\",\"@id\":\"https:\\\/\\\/www.cbh-cyprus.com\\\/pl\\\/pioneer-hotel\\\/#primaryimage\",\"url\":\"https:\\\/\\\/www.cbh-cyprus.com\\\/app\\\/uploads\\\/sites\\\/30\\\/2023\\\/08\\\/11-PIONEER-BEACH-HOTEL-THALASSA-MEDITERRANEAN-RESTAURANT.jpg\",\"contentUrl\":\"https:\\\/\\\/www.cbh-cyprus.com\\\/app\\\/uploads\\\/sites\\\/30\\\/2023\\\/08\\\/11-PIONEER-BEACH-HOTEL-THALASSA-MEDITERRANEAN-RESTAURANT.jpg\",\"width\":1200,\"height\":798},{\"@type\":\"BreadcrumbList\",\"@id\":\"https:\\\/\\\/www.cbh-cyprus.com\\\/pl\\\/pioneer-hotel\\\/#breadcrumb\",\"itemListElement\":[{\"@type\":\"ListItem\",\"position\":1,\"name\":\"Home\",\"item\":\"https:\\\/\\\/www.cbh-cyprus.com\\\/pl\\\/welcome-to-constantinou-bros-hotels\\\/\"},{\"@type\":\"ListItem\",\"position\":2,\"name\":\"Hotel Pioneer Beach\"}]},{\"@type\":\"WebSite\",\"@id\":\"https:\\\/\\\/www.cbh-cyprus.com\\\/pl\\\/#website\",\"url\":\"https:\\\/\\\/www.cbh-cyprus.com\\\/pl\\\/\",\"name\":\"Constantinou Bros Hotels\",\"description\":\"Constantinou Bros Hotels\",\"publisher\":{\"@id\":\"https:\\\/\\\/www.cbh-cyprus.com\\\/pl\\\/#organization\"},\"potentialAction\":[{\"@type\":\"SearchAction\",\"target\":{\"@type\":\"EntryPoint\",\"urlTemplate\":\"https:\\\/\\\/www.cbh-cyprus.com\\\/pl\\\/?s={search_term_string}\"},\"query-input\":{\"@type\":\"PropertyValueSpecification\",\"valueRequired\":true,\"valueName\":\"search_term_string\"}}],\"inLanguage\":\"pl-PL\"},{\"@type\":\"Organization\",\"@id\":\"https:\\\/\\\/www.cbh-cyprus.com\\\/pl\\\/#organization\",\"name\":\"Constantinou Bros Hotels\",\"url\":\"https:\\\/\\\/www.cbh-cyprus.com\\\/pl\\\/\",\"logo\":{\"@type\":\"ImageObject\",\"inLanguage\":\"pl-PL\",\"@id\":\"https:\\\/\\\/www.cbh-cyprus.com\\\/pl\\\/#\\\/schema\\\/logo\\\/image\\\/\",\"url\":\"https:\\\/\\\/www.cbh-cyprus.com\\\/app\\\/uploads\\\/sites\\\/30\\\/2020\\\/10\\\/cbh.jpg\",\"contentUrl\":\"https:\\\/\\\/www.cbh-cyprus.com\\\/app\\\/uploads\\\/sites\\\/30\\\/2020\\\/10\\\/cbh.jpg\",\"width\":1013,\"height\":419,\"caption\":\"Constantinou Bros Hotels\"},\"image\":{\"@id\":\"https:\\\/\\\/www.cbh-cyprus.com\\\/pl\\\/#\\\/schema\\\/logo\\\/image\\\/\"}}]}<\/script>\n<!-- \/ Yoast SEO plugin. -->","yoast_head_json":{"title":"Pioneer Beach Paphos hotel tylko dla doros\u0142ych | Constantinou Bros","description":"Jest to wspania\u0142y hotel przy pla\u017cy w Pafos tylko dla doros\u0142ych, oferuj\u0105cy go\u015bciom szereg wra\u017ce\u0144 i zaj\u0119\u0107 rekreacyjnych i odnowy biologicznej.","robots":{"index":"index","follow":"follow","max-snippet":"max-snippet:-1","max-image-preview":"max-image-preview:large","max-video-preview":"max-video-preview:-1"},"canonical":"https:\/\/www.cbh-cyprus.com\/pl\/pioneer-hotel\/","og_locale":"pl_PL","og_type":"article","og_title":"Pioneer Beach Paphos hotel tylko dla doros\u0142ych | Constantinou Bros","og_description":"Jest to wspania\u0142y hotel przy pla\u017cy w Pafos tylko dla doros\u0142ych, oferuj\u0105cy go\u015bciom szereg wra\u017ce\u0144 i zaj\u0119\u0107 rekreacyjnych i odnowy biologicznej.","og_url":"https:\/\/www.cbh-cyprus.com\/pl\/pioneer-hotel\/","og_site_name":"Constantinou Bros Hotels","article_modified_time":"2025-07-25T10:48:36+00:00","og_image":[{"width":1200,"height":798,"url":"https:\/\/www.cbh-cyprus.com\/app\/uploads\/sites\/30\/2023\/08\/11-PIONEER-BEACH-HOTEL-THALASSA-MEDITERRANEAN-RESTAURANT.jpg","type":"image\/jpeg"}],"twitter_card":"summary_large_image","twitter_misc":{"Est. reading time":"1 minute"},"schema":{"@context":"https:\/\/schema.org","@graph":[{"@type":"WebPage","@id":"https:\/\/www.cbh-cyprus.com\/pl\/pioneer-hotel\/","url":"https:\/\/www.cbh-cyprus.com\/pl\/pioneer-hotel\/","name":"Pioneer Beach Paphos hotel tylko dla doros\u0142ych | Constantinou Bros","isPartOf":{"@id":"https:\/\/www.cbh-cyprus.com\/pl\/#website"},"primaryImageOfPage":{"@id":"https:\/\/www.cbh-cyprus.com\/pl\/pioneer-hotel\/#primaryimage"},"image":{"@id":"https:\/\/www.cbh-cyprus.com\/pl\/pioneer-hotel\/#primaryimage"},"thumbnailUrl":"https:\/\/www.cbh-cyprus.com\/app\/uploads\/sites\/30\/2023\/08\/11-PIONEER-BEACH-HOTEL-THALASSA-MEDITERRANEAN-RESTAURANT.jpg","datePublished":"2024-07-23T09:14:13+00:00","dateModified":"2025-07-25T10:48:36+00:00","description":"Jest to wspania\u0142y hotel przy pla\u017cy w Pafos tylko dla doros\u0142ych, oferuj\u0105cy go\u015bciom szereg wra\u017ce\u0144 i zaj\u0119\u0107 rekreacyjnych i odnowy biologicznej.","breadcrumb":{"@id":"https:\/\/www.cbh-cyprus.com\/pl\/pioneer-hotel\/#breadcrumb"},"inLanguage":"pl-PL","potentialAction":[{"@type":"ReadAction","target":["https:\/\/www.cbh-cyprus.com\/pl\/pioneer-hotel\/"]}]},{"@type":"ImageObject","inLanguage":"pl-PL","@id":"https:\/\/www.cbh-cyprus.com\/pl\/pioneer-hotel\/#primaryimage","url":"https:\/\/www.cbh-cyprus.com\/app\/uploads\/sites\/30\/2023\/08\/11-PIONEER-BEACH-HOTEL-THALASSA-MEDITERRANEAN-RESTAURANT.jpg","contentUrl":"https:\/\/www.cbh-cyprus.com\/app\/uploads\/sites\/30\/2023\/08\/11-PIONEER-BEACH-HOTEL-THALASSA-MEDITERRANEAN-RESTAURANT.jpg","width":1200,"height":798},{"@type":"BreadcrumbList","@id":"https:\/\/www.cbh-cyprus.com\/pl\/pioneer-hotel\/#breadcrumb","itemListElement":[{"@type":"ListItem","position":1,"name":"Home","item":"https:\/\/www.cbh-cyprus.com\/pl\/welcome-to-constantinou-bros-hotels\/"},{"@type":"ListItem","position":2,"name":"Hotel Pioneer Beach"}]},{"@type":"WebSite","@id":"https:\/\/www.cbh-cyprus.com\/pl\/#website","url":"https:\/\/www.cbh-cyprus.com\/pl\/","name":"Constantinou Bros Hotels","description":"Constantinou Bros Hotels","publisher":{"@id":"https:\/\/www.cbh-cyprus.com\/pl\/#organization"},"potentialAction":[{"@type":"SearchAction","target":{"@type":"EntryPoint","urlTemplate":"https:\/\/www.cbh-cyprus.com\/pl\/?s={search_term_string}"},"query-input":{"@type":"PropertyValueSpecification","valueRequired":true,"valueName":"search_term_string"}}],"inLanguage":"pl-PL"},{"@type":"Organization","@id":"https:\/\/www.cbh-cyprus.com\/pl\/#organization","name":"Constantinou Bros Hotels","url":"https:\/\/www.cbh-cyprus.com\/pl\/","logo":{"@type":"ImageObject","inLanguage":"pl-PL","@id":"https:\/\/www.cbh-cyprus.com\/pl\/#\/schema\/logo\/image\/","url":"https:\/\/www.cbh-cyprus.com\/app\/uploads\/sites\/30\/2020\/10\/cbh.jpg","contentUrl":"https:\/\/www.cbh-cyprus.com\/app\/uploads\/sites\/30\/2020\/10\/cbh.jpg","width":1013,"height":419,"caption":"Constantinou Bros Hotels"},"image":{"@id":"https:\/\/www.cbh-cyprus.com\/pl\/#\/schema\/logo\/image\/"}}]}},"_links":{"self":[{"href":"https:\/\/www.cbh-cyprus.com\/pl\/wp-json\/wp\/v2\/pages\/36880","targetHints":{"allow":["GET"]}}],"collection":[{"href":"https:\/\/www.cbh-cyprus.com\/pl\/wp-json\/wp\/v2\/pages"}],"about":[{"href":"https:\/\/www.cbh-cyprus.com\/pl\/wp-json\/wp\/v2\/types\/page"}],"author":[{"embeddable":true,"href":"https:\/\/www.cbh-cyprus.com\/pl\/wp-json\/wp\/v2\/users\/367"}],"replies":[{"embeddable":true,"href":"https:\/\/www.cbh-cyprus.com\/pl\/wp-json\/wp\/v2\/comments?post=36880"}],"version-history":[{"count":2,"href":"https:\/\/www.cbh-cyprus.com\/pl\/wp-json\/wp\/v2\/pages\/36880\/revisions"}],"predecessor-version":[{"id":45779,"href":"https:\/\/www.cbh-cyprus.com\/pl\/wp-json\/wp\/v2\/pages\/36880\/revisions\/45779"}],"wp:featuredmedia":[{"embeddable":true,"href":"https:\/\/www.cbh-cyprus.com\/pl\/wp-json\/wp\/v2\/media\/36883"}],"wp:attachment":[{"href":"https:\/\/www.cbh-cyprus.com\/pl\/wp-json\/wp\/v2\/media?parent=36880"}],"curies":[{"name":"wp","href":"https:\/\/api.w.org\/{rel}","templated":true}]}}