{"id":37040,"date":"2024-07-23T12:15:08","date_gmt":"2024-07-23T09:15:08","guid":{"rendered":"https:\/\/www.cbh-cyprus.com\/wesela\/"},"modified":"2025-05-05T15:11:36","modified_gmt":"2025-05-05T12:11:36","slug":"wesela","status":"publish","type":"page","link":"https:\/\/www.cbh-cyprus.com\/pl\/wesela\/","title":{"rendered":"Wesela"},"content":{"rendered":"<h1 class=\"home-pages-title title-size text-center pt-5 font-regular\"><a href=\"https:\/\/www.athena-cbh.com\/weddings\/\">Athena Beach Hotel<\/a> &#8211; idealna lokalizacja przy pla\u017cy na bajkowe wesela w Pafos<\/h1>\n<p>&nbsp;<\/p>\n<p>Prosz\u0119 z\u0142o\u017cy\u0107 przysi\u0119g\u0119 ma\u0142\u017ce\u0144sk\u0105 na sk\u0105panej w s\u0142o\u0144cu wyspie Cypr, miejscu narodzin Afrodyty, bogini pi\u0119kna i mi\u0142o\u015bci.<\/p>\n<p>To zrozumia\u0142e, \u017ce marzyli Pa\u0144stwo o swoim wielkim dniu i chc\u0105, aby wszystko by\u0142o idealne. Cypr mo\u017ce by\u0107 idealnym miejscem na Pa\u0144stwa \u015blub: \u0142atwe prawo ma\u0142\u017ce\u0144skie, dogodne po\u0142\u0105czenia lotnicze ze wszystkimi g\u0142\u00f3wnymi miastami europejskimi, wspania\u0142y \u015br\u00f3dziemnomorski klimat, przyja\u017ani i u\u015bmiechni\u0119ci ludzie. A kiedy ju\u017c podejm\u0105 Pa\u0144stwo decyzj\u0119 i zarezerwuj\u0105 loty, prosz\u0119 pozwoli\u0107 zespo\u0142owi weselnemu Constantinou Bros Hotels wykona\u0107 ca\u0142\u0105 ci\u0119\u017ck\u0105 prac\u0119 za Pa\u0144stwa.  <\/p>\n<p>Nasz zesp\u00f3\u0142 pomo\u017ce Pa\u0144stwu zorganizowa\u0107 ten wyj\u0105tkowy dzie\u0144. Je\u015bli zdecyduj\u0105 si\u0119 Pa\u0144stwo na t\u0119 ostatni\u0105 opcj\u0119, ale nie maj\u0105 ochoty na tradycyjny ratusz, mog\u0105 Pa\u0144stwo wybra\u0107 mi\u0119dzy naszym miejscem przy pla\u017cy lub nasz\u0105 altan\u0105 po\u0142o\u017con\u0105 w bujnych ogrodach naszego hotelu. <\/p>\n<p>Mo\u017cemy podj\u0105\u0107 si\u0119 dla Pa\u0144stwa niemal wszystkiego: zorganizowa\u0107 niezb\u0119dne formalno\u015bci, kwiaty, tort, fotografi\u0119, transport, zabiegi fryzjerskie i kosmetyczne oraz oczywi\u015bcie przyj\u0119cie weselne&#8230; prosz\u0119 poda\u0107 nazw\u0119, zajmiemy si\u0119 tym!<\/p>\n<p>Prosz\u0119 powita\u0107 swoich go\u015bci w relaksuj\u0105cych ogrodach <a href=\"https:\/\/www.athena-cbh.com\/weddings\/\">hotelu Athena Beach<\/a> i cieszy\u0107 si\u0119 przyj\u0119ciem, kt\u00f3re przygotujemy z Pa\u0144stwa wyborem z naszego pysznego menu. Po wspania\u0142ej kolacji mog\u0105 Pa\u0144stwo kontynuowa\u0107 imprez\u0119 w naszej sali imprezowej, gdzie mo\u017cna przeta\u0144czy\u0107 ca\u0142\u0105 noc z naszym do\u015bwiadczonym DJ-em. Wspania\u0142y pocz\u0105tek Pa\u0144stwa nowego \u017cycia w jednym z naszych luksusowych pokoi lub apartament\u00f3w po spe\u0142nieniu marze\u0144 o \u015blubie.  <\/p>\n<p>Pa\u0144stwa w\u0142asny \u015blub marze\u0144!<\/p>\n<p>Z drugiej strony, je\u015bli ju\u017c z\u0142o\u017cyli Pa\u0144stwo przysi\u0119g\u0119 na wieczn\u0105 mi\u0142o\u015b\u0107, zapraszamy na Cypr na niezapomniany miesi\u0105c miodowy. Nasze komfortowe pokoje i apartamenty, doskona\u0142e zaplecze rekreacyjne, wy\u015bmienita kuchnia i troskliwa obs\u0142uga sprawi\u0105, \u017ce b\u0119d\u0105 Pa\u0144stwo cieszy\u0107 si\u0119 tymi najszcz\u0119\u015bliwszymi dniami! <\/p>\n<p>Aby uzyska\u0107 wi\u0119cej informacji na temat naszego pakietu \u015blubnego, prosimy skontaktowa\u0107 si\u0119 z nami pod adresem <a href=\"mailto:weddings@athena-cbh.com\">weddings@athena-cbh.com.<\/a><\/p>\n<p class=\"article_bold\">Aby uzyska\u0107 wi\u0119cej informacji o naszych obiektach weselnych i pakietach, prosimy odwiedzi\u0107 <a href=\"https:\/\/athena-cbh.com\/weddings\/\" target=\"_blank\" rel=\"noopener noreferrer\">Athena Beach Hotel<\/a>.<\/p>\n","protected":false},"excerpt":{"rendered":"<p>Athena Beach Hotel &#8211; idealna lokalizacja przy pla\u017cy na bajkowe wesela w Pafos &nbsp; Prosz\u0119 z\u0142o\u017cy\u0107 przysi\u0119g\u0119 ma\u0142\u017ce\u0144sk\u0105 na sk\u0105panej w s\u0142o\u0144cu wyspie Cypr, miejscu narodzin Afrodyty, bogini pi\u0119kna i mi\u0142o\u015bci. To zrozumia\u0142e, \u017ce marzyli Pa\u0144stwo o swoim wielkim dniu i chc\u0105, aby wszystko by\u0142o idealne. Cypr mo\u017ce by\u0107 idealnym miejscem na Pa\u0144stwa \u015blub: \u0142atwe<\/p>\n","protected":false},"author":100,"featured_media":37043,"parent":0,"menu_order":0,"comment_status":"closed","ping_status":"closed","template":"","meta":{"_acf_changed":false,"footnotes":""},"class_list":["post-37040","page","type-page","status-publish","has-post-thumbnail","hentry"],"acf":[],"yoast_head":"<!-- This site is optimized with the Yoast SEO plugin v27.3 - https:\/\/yoast.com\/product\/yoast-seo-wordpress\/ -->\n<title>Bajkowe wesela przy pla\u017cy w Pafos || Constantinou Hotels<\/title>\n<meta name=\"description\" content=\"Hotele Constantinou Bros s\u0105 wspaniale zaprojektowane, aby by\u0107 wymarzon\u0105 sceneri\u0105 najbardziej bajkowych \u015blub\u00f3w przy pla\u017cy w Pafos, jakie kiedykolwiek sobie Pa\u0144stwo wyobra\u017cali.\" \/>\n<meta name=\"robots\" content=\"index, follow, max-snippet:-1, max-image-preview:large, max-video-preview:-1\" \/>\n<link rel=\"canonical\" href=\"https:\/\/www.cbh-cyprus.com\/pl\/wesela\/\" \/>\n<meta property=\"og:locale\" content=\"pl_PL\" \/>\n<meta property=\"og:type\" content=\"article\" \/>\n<meta property=\"og:title\" content=\"Bajkowe wesela przy pla\u017cy w Pafos || Constantinou Hotels\" \/>\n<meta property=\"og:description\" content=\"Hotele Constantinou Bros s\u0105 wspaniale zaprojektowane, aby by\u0107 wymarzon\u0105 sceneri\u0105 najbardziej bajkowych \u015blub\u00f3w przy pla\u017cy w Pafos, jakie kiedykolwiek sobie Pa\u0144stwo wyobra\u017cali.\" \/>\n<meta property=\"og:url\" content=\"https:\/\/www.cbh-cyprus.com\/pl\/wesela\/\" \/>\n<meta property=\"og:site_name\" content=\"Constantinou Bros Hotels\" \/>\n<meta property=\"article:modified_time\" content=\"2025-05-05T12:11:36+00:00\" \/>\n<meta property=\"og:image\" content=\"https:\/\/www.cbh-cyprus.com\/app\/uploads\/sites\/30\/2022\/07\/90-ATHENA-BEACH-HOTEL-WEDDING-GAZEBO-scaled.jpg\" \/>\n\t<meta property=\"og:image:width\" content=\"2560\" \/>\n\t<meta property=\"og:image:height\" content=\"1707\" \/>\n\t<meta property=\"og:image:type\" content=\"image\/jpeg\" \/>\n<meta name=\"twitter:card\" content=\"summary_large_image\" \/>\n<meta name=\"twitter:label1\" content=\"Est. reading time\" \/>\n\t<meta name=\"twitter:data1\" content=\"2 minutes\" \/>\n<script type=\"application\/ld+json\" class=\"yoast-schema-graph\">{\"@context\":\"https:\\\/\\\/schema.org\",\"@graph\":[{\"@type\":\"WebPage\",\"@id\":\"https:\\\/\\\/www.cbh-cyprus.com\\\/pl\\\/wesela\\\/\",\"url\":\"https:\\\/\\\/www.cbh-cyprus.com\\\/pl\\\/wesela\\\/\",\"name\":\"Bajkowe wesela przy pla\u017cy w Pafos || Constantinou Hotels\",\"isPartOf\":{\"@id\":\"https:\\\/\\\/www.cbh-cyprus.com\\\/pl\\\/#website\"},\"primaryImageOfPage\":{\"@id\":\"https:\\\/\\\/www.cbh-cyprus.com\\\/pl\\\/wesela\\\/#primaryimage\"},\"image\":{\"@id\":\"https:\\\/\\\/www.cbh-cyprus.com\\\/pl\\\/wesela\\\/#primaryimage\"},\"thumbnailUrl\":\"https:\\\/\\\/www.cbh-cyprus.com\\\/app\\\/uploads\\\/sites\\\/30\\\/2022\\\/07\\\/90-ATHENA-BEACH-HOTEL-WEDDING-GAZEBO-scaled.jpg\",\"datePublished\":\"2024-07-23T09:15:08+00:00\",\"dateModified\":\"2025-05-05T12:11:36+00:00\",\"description\":\"Hotele Constantinou Bros s\u0105 wspaniale zaprojektowane, aby by\u0107 wymarzon\u0105 sceneri\u0105 najbardziej bajkowych \u015blub\u00f3w przy pla\u017cy w Pafos, jakie kiedykolwiek sobie Pa\u0144stwo wyobra\u017cali.\",\"breadcrumb\":{\"@id\":\"https:\\\/\\\/www.cbh-cyprus.com\\\/pl\\\/wesela\\\/#breadcrumb\"},\"inLanguage\":\"pl-PL\",\"potentialAction\":[{\"@type\":\"ReadAction\",\"target\":[\"https:\\\/\\\/www.cbh-cyprus.com\\\/pl\\\/wesela\\\/\"]}]},{\"@type\":\"ImageObject\",\"inLanguage\":\"pl-PL\",\"@id\":\"https:\\\/\\\/www.cbh-cyprus.com\\\/pl\\\/wesela\\\/#primaryimage\",\"url\":\"https:\\\/\\\/www.cbh-cyprus.com\\\/app\\\/uploads\\\/sites\\\/30\\\/2022\\\/07\\\/90-ATHENA-BEACH-HOTEL-WEDDING-GAZEBO-scaled.jpg\",\"contentUrl\":\"https:\\\/\\\/www.cbh-cyprus.com\\\/app\\\/uploads\\\/sites\\\/30\\\/2022\\\/07\\\/90-ATHENA-BEACH-HOTEL-WEDDING-GAZEBO-scaled.jpg\",\"width\":2560,\"height\":1707},{\"@type\":\"BreadcrumbList\",\"@id\":\"https:\\\/\\\/www.cbh-cyprus.com\\\/pl\\\/wesela\\\/#breadcrumb\",\"itemListElement\":[{\"@type\":\"ListItem\",\"position\":1,\"name\":\"Home\",\"item\":\"https:\\\/\\\/www.cbh-cyprus.com\\\/pl\\\/welcome-to-constantinou-bros-hotels\\\/\"},{\"@type\":\"ListItem\",\"position\":2,\"name\":\"Wesela\"}]},{\"@type\":\"WebSite\",\"@id\":\"https:\\\/\\\/www.cbh-cyprus.com\\\/pl\\\/#website\",\"url\":\"https:\\\/\\\/www.cbh-cyprus.com\\\/pl\\\/\",\"name\":\"Constantinou Bros Hotels\",\"description\":\"Constantinou Bros Hotels\",\"publisher\":{\"@id\":\"https:\\\/\\\/www.cbh-cyprus.com\\\/pl\\\/#organization\"},\"potentialAction\":[{\"@type\":\"SearchAction\",\"target\":{\"@type\":\"EntryPoint\",\"urlTemplate\":\"https:\\\/\\\/www.cbh-cyprus.com\\\/pl\\\/?s={search_term_string}\"},\"query-input\":{\"@type\":\"PropertyValueSpecification\",\"valueRequired\":true,\"valueName\":\"search_term_string\"}}],\"inLanguage\":\"pl-PL\"},{\"@type\":\"Organization\",\"@id\":\"https:\\\/\\\/www.cbh-cyprus.com\\\/pl\\\/#organization\",\"name\":\"Constantinou Bros Hotels\",\"url\":\"https:\\\/\\\/www.cbh-cyprus.com\\\/pl\\\/\",\"logo\":{\"@type\":\"ImageObject\",\"inLanguage\":\"pl-PL\",\"@id\":\"https:\\\/\\\/www.cbh-cyprus.com\\\/pl\\\/#\\\/schema\\\/logo\\\/image\\\/\",\"url\":\"https:\\\/\\\/www.cbh-cyprus.com\\\/app\\\/uploads\\\/sites\\\/30\\\/2020\\\/10\\\/cbh.jpg\",\"contentUrl\":\"https:\\\/\\\/www.cbh-cyprus.com\\\/app\\\/uploads\\\/sites\\\/30\\\/2020\\\/10\\\/cbh.jpg\",\"width\":1013,\"height\":419,\"caption\":\"Constantinou Bros Hotels\"},\"image\":{\"@id\":\"https:\\\/\\\/www.cbh-cyprus.com\\\/pl\\\/#\\\/schema\\\/logo\\\/image\\\/\"}}]}<\/script>\n<!-- \/ Yoast SEO plugin. -->","yoast_head_json":{"title":"Bajkowe wesela przy pla\u017cy w Pafos || Constantinou Hotels","description":"Hotele Constantinou Bros s\u0105 wspaniale zaprojektowane, aby by\u0107 wymarzon\u0105 sceneri\u0105 najbardziej bajkowych \u015blub\u00f3w przy pla\u017cy w Pafos, jakie kiedykolwiek sobie Pa\u0144stwo wyobra\u017cali.","robots":{"index":"index","follow":"follow","max-snippet":"max-snippet:-1","max-image-preview":"max-image-preview:large","max-video-preview":"max-video-preview:-1"},"canonical":"https:\/\/www.cbh-cyprus.com\/pl\/wesela\/","og_locale":"pl_PL","og_type":"article","og_title":"Bajkowe wesela przy pla\u017cy w Pafos || Constantinou Hotels","og_description":"Hotele Constantinou Bros s\u0105 wspaniale zaprojektowane, aby by\u0107 wymarzon\u0105 sceneri\u0105 najbardziej bajkowych \u015blub\u00f3w przy pla\u017cy w Pafos, jakie kiedykolwiek sobie Pa\u0144stwo wyobra\u017cali.","og_url":"https:\/\/www.cbh-cyprus.com\/pl\/wesela\/","og_site_name":"Constantinou Bros Hotels","article_modified_time":"2025-05-05T12:11:36+00:00","og_image":[{"width":2560,"height":1707,"url":"https:\/\/www.cbh-cyprus.com\/app\/uploads\/sites\/30\/2022\/07\/90-ATHENA-BEACH-HOTEL-WEDDING-GAZEBO-scaled.jpg","type":"image\/jpeg"}],"twitter_card":"summary_large_image","twitter_misc":{"Est. reading time":"2 minutes"},"schema":{"@context":"https:\/\/schema.org","@graph":[{"@type":"WebPage","@id":"https:\/\/www.cbh-cyprus.com\/pl\/wesela\/","url":"https:\/\/www.cbh-cyprus.com\/pl\/wesela\/","name":"Bajkowe wesela przy pla\u017cy w Pafos || Constantinou Hotels","isPartOf":{"@id":"https:\/\/www.cbh-cyprus.com\/pl\/#website"},"primaryImageOfPage":{"@id":"https:\/\/www.cbh-cyprus.com\/pl\/wesela\/#primaryimage"},"image":{"@id":"https:\/\/www.cbh-cyprus.com\/pl\/wesela\/#primaryimage"},"thumbnailUrl":"https:\/\/www.cbh-cyprus.com\/app\/uploads\/sites\/30\/2022\/07\/90-ATHENA-BEACH-HOTEL-WEDDING-GAZEBO-scaled.jpg","datePublished":"2024-07-23T09:15:08+00:00","dateModified":"2025-05-05T12:11:36+00:00","description":"Hotele Constantinou Bros s\u0105 wspaniale zaprojektowane, aby by\u0107 wymarzon\u0105 sceneri\u0105 najbardziej bajkowych \u015blub\u00f3w przy pla\u017cy w Pafos, jakie kiedykolwiek sobie Pa\u0144stwo wyobra\u017cali.","breadcrumb":{"@id":"https:\/\/www.cbh-cyprus.com\/pl\/wesela\/#breadcrumb"},"inLanguage":"pl-PL","potentialAction":[{"@type":"ReadAction","target":["https:\/\/www.cbh-cyprus.com\/pl\/wesela\/"]}]},{"@type":"ImageObject","inLanguage":"pl-PL","@id":"https:\/\/www.cbh-cyprus.com\/pl\/wesela\/#primaryimage","url":"https:\/\/www.cbh-cyprus.com\/app\/uploads\/sites\/30\/2022\/07\/90-ATHENA-BEACH-HOTEL-WEDDING-GAZEBO-scaled.jpg","contentUrl":"https:\/\/www.cbh-cyprus.com\/app\/uploads\/sites\/30\/2022\/07\/90-ATHENA-BEACH-HOTEL-WEDDING-GAZEBO-scaled.jpg","width":2560,"height":1707},{"@type":"BreadcrumbList","@id":"https:\/\/www.cbh-cyprus.com\/pl\/wesela\/#breadcrumb","itemListElement":[{"@type":"ListItem","position":1,"name":"Home","item":"https:\/\/www.cbh-cyprus.com\/pl\/welcome-to-constantinou-bros-hotels\/"},{"@type":"ListItem","position":2,"name":"Wesela"}]},{"@type":"WebSite","@id":"https:\/\/www.cbh-cyprus.com\/pl\/#website","url":"https:\/\/www.cbh-cyprus.com\/pl\/","name":"Constantinou Bros Hotels","description":"Constantinou Bros Hotels","publisher":{"@id":"https:\/\/www.cbh-cyprus.com\/pl\/#organization"},"potentialAction":[{"@type":"SearchAction","target":{"@type":"EntryPoint","urlTemplate":"https:\/\/www.cbh-cyprus.com\/pl\/?s={search_term_string}"},"query-input":{"@type":"PropertyValueSpecification","valueRequired":true,"valueName":"search_term_string"}}],"inLanguage":"pl-PL"},{"@type":"Organization","@id":"https:\/\/www.cbh-cyprus.com\/pl\/#organization","name":"Constantinou Bros Hotels","url":"https:\/\/www.cbh-cyprus.com\/pl\/","logo":{"@type":"ImageObject","inLanguage":"pl-PL","@id":"https:\/\/www.cbh-cyprus.com\/pl\/#\/schema\/logo\/image\/","url":"https:\/\/www.cbh-cyprus.com\/app\/uploads\/sites\/30\/2020\/10\/cbh.jpg","contentUrl":"https:\/\/www.cbh-cyprus.com\/app\/uploads\/sites\/30\/2020\/10\/cbh.jpg","width":1013,"height":419,"caption":"Constantinou Bros Hotels"},"image":{"@id":"https:\/\/www.cbh-cyprus.com\/pl\/#\/schema\/logo\/image\/"}}]}},"_links":{"self":[{"href":"https:\/\/www.cbh-cyprus.com\/pl\/wp-json\/wp\/v2\/pages\/37040","targetHints":{"allow":["GET"]}}],"collection":[{"href":"https:\/\/www.cbh-cyprus.com\/pl\/wp-json\/wp\/v2\/pages"}],"about":[{"href":"https:\/\/www.cbh-cyprus.com\/pl\/wp-json\/wp\/v2\/types\/page"}],"author":[{"embeddable":true,"href":"https:\/\/www.cbh-cyprus.com\/pl\/wp-json\/wp\/v2\/users\/100"}],"replies":[{"embeddable":true,"href":"https:\/\/www.cbh-cyprus.com\/pl\/wp-json\/wp\/v2\/comments?post=37040"}],"version-history":[{"count":3,"href":"https:\/\/www.cbh-cyprus.com\/pl\/wp-json\/wp\/v2\/pages\/37040\/revisions"}],"predecessor-version":[{"id":44134,"href":"https:\/\/www.cbh-cyprus.com\/pl\/wp-json\/wp\/v2\/pages\/37040\/revisions\/44134"}],"wp:featuredmedia":[{"embeddable":true,"href":"https:\/\/www.cbh-cyprus.com\/pl\/wp-json\/wp\/v2\/media\/37043"}],"wp:attachment":[{"href":"https:\/\/www.cbh-cyprus.com\/pl\/wp-json\/wp\/v2\/media?parent=37040"}],"curies":[{"name":"wp","href":"https:\/\/api.w.org\/{rel}","templated":true}]}}