{"id":37048,"date":"2024-07-23T12:15:11","date_gmt":"2024-07-23T09:15:11","guid":{"rendered":"https:\/\/www.cbh-cyprus.com\/goscie-klub-lojalnosciowy\/"},"modified":"2025-08-05T13:10:20","modified_gmt":"2025-08-05T10:10:20","slug":"guests-loyalty-club","status":"publish","type":"page","link":"https:\/\/www.cbh-cyprus.com\/pl\/guests-loyalty-club\/","title":{"rendered":"Klub lojalno\u015bciowy dla go\u015bci"},"content":{"rendered":"<p>Jako go\u015bcie Constantinou Bros Hotels s\u0105 Pa\u0144stwo przyzwyczajeni do naszej pierwszorz\u0119dnej go\u015bcinno\u015bci i obs\u0142ugi. Ciesz si\u0119 jeszcze bardziej satysfakcjonuj\u0105cym rodzajem wakacji, b\u0119d\u0105c cz\u0142onkiem naszego Klubu Lojalno\u015bciowego Go\u015bci, kt\u00f3ry stworzyli\u015bmy w uznaniu Pa\u0144stwa preferencji wobec naszych hoteli. <\/p>\n<p>The Guests Loyalty Club to program lojalno\u015bciowy Constantinou Bros Hotels oferuj\u0105cy naszym sta\u0142ym, cennym go\u015bciom szereg przywilej\u00f3w i korzy\u015bci.<\/p>\n<p>Klub Lojalno\u015bciowy Go\u015bci jest otwarty dla wszystkich go\u015bci, kt\u00f3rzy przynajmniej raz zatrzymali si\u0119 w kt\u00f3rymkolwiek z hoteli Constantinou Bros. By\u0107 mo\u017ce zdecydowali si\u0119 ju\u017c Pa\u0144stwo na powr\u00f3t do tego samego hotelu, a mo\u017ce chcieliby Pa\u0144stwo wypr\u00f3bowa\u0107 inny hotel naszej sieci. <\/p>\n<p>Jako cz\u0142onkowie Klubu Lojalno\u015bciowego Go\u015bci b\u0119d\u0105 Pa\u0144stwo witani i traktowani jak wyj\u0105tkowi przyjaciele i b\u0119d\u0105 Pa\u0144stwo mogli cieszy\u0107 si\u0119 dodatkowymi korzy\u015bciami i zni\u017ckami w ka\u017cdym wybranym przez Pa\u0144stwa hotelu Constantinou Bros.<\/p>\n","protected":false},"excerpt":{"rendered":"<p>Jako go\u015bcie Constantinou Bros Hotels s\u0105 Pa\u0144stwo przyzwyczajeni do naszej pierwszorz\u0119dnej go\u015bcinno\u015bci i obs\u0142ugi. Ciesz si\u0119 jeszcze bardziej satysfakcjonuj\u0105cym rodzajem wakacji, b\u0119d\u0105c cz\u0142onkiem naszego Klubu Lojalno\u015bciowego Go\u015bci, kt\u00f3ry stworzyli\u015bmy w uznaniu Pa\u0144stwa preferencji wobec naszych hoteli. The Guests Loyalty Club to program lojalno\u015bciowy Constantinou Bros Hotels oferuj\u0105cy naszym sta\u0142ym, cennym go\u015bciom szereg przywilej\u00f3w i korzy\u015bci.<\/p>\n","protected":false},"author":100,"featured_media":42881,"parent":0,"menu_order":0,"comment_status":"closed","ping_status":"closed","template":"page-templates\/loyalty-new.php","meta":{"_acf_changed":false,"footnotes":""},"class_list":["post-37048","page","type-page","status-publish","has-post-thumbnail","hentry"],"acf":[],"yoast_head":"<!-- This site is optimized with the Yoast SEO plugin v27.3 - https:\/\/yoast.com\/product\/yoast-seo-wordpress\/ -->\n<title>Klub lojalno\u015bciowy dla go\u015bci w hotelach w Pafos || Constantinou Bros Hotels<\/title>\n<meta name=\"description\" content=\"Nasi powtarzaj\u0105cy si\u0119 go\u015bcie mog\u0105 zosta\u0107 cz\u0142onkami Blue lub Silver w klubach lojalno\u015bciowych Constantinou Bros Hotels w hotelach w Pafos, ciesz\u0105c si\u0119 szeregiem przywilej\u00f3w i korzy\u015bci.\" \/>\n<meta name=\"robots\" content=\"index, follow, max-snippet:-1, max-image-preview:large, max-video-preview:-1\" \/>\n<link rel=\"canonical\" href=\"https:\/\/www.cbh-cyprus.com\/pl\/guests-loyalty-club\/\" \/>\n<meta property=\"og:locale\" content=\"pl_PL\" \/>\n<meta property=\"og:type\" content=\"article\" \/>\n<meta property=\"og:title\" content=\"Klub lojalno\u015bciowy dla go\u015bci w hotelach w Pafos || Constantinou Bros Hotels\" \/>\n<meta property=\"og:description\" content=\"Nasi powtarzaj\u0105cy si\u0119 go\u015bcie mog\u0105 zosta\u0107 cz\u0142onkami Blue lub Silver w klubach lojalno\u015bciowych Constantinou Bros Hotels w hotelach w Pafos, ciesz\u0105c si\u0119 szeregiem przywilej\u00f3w i korzy\u015bci.\" \/>\n<meta property=\"og:url\" content=\"https:\/\/www.cbh-cyprus.com\/pl\/guests-loyalty-club\/\" \/>\n<meta property=\"og:site_name\" content=\"Constantinou Bros Hotels\" \/>\n<meta property=\"article:modified_time\" content=\"2025-08-05T10:10:20+00:00\" \/>\n<meta property=\"og:image\" content=\"https:\/\/www.cbh-cyprus.com\/app\/uploads\/sites\/30\/2024\/12\/31-ATHENA-BEACH-HOTEL-HELIOS-BEACH-BAR.jpg\" \/>\n\t<meta property=\"og:image:width\" content=\"2000\" \/>\n\t<meta property=\"og:image:height\" content=\"1333\" \/>\n\t<meta property=\"og:image:type\" content=\"image\/jpeg\" \/>\n<meta name=\"twitter:card\" content=\"summary_large_image\" \/>\n<meta name=\"twitter:label1\" content=\"Est. reading time\" \/>\n\t<meta name=\"twitter:data1\" content=\"1 minute\" \/>\n<script type=\"application\/ld+json\" class=\"yoast-schema-graph\">{\"@context\":\"https:\\\/\\\/schema.org\",\"@graph\":[{\"@type\":\"WebPage\",\"@id\":\"https:\\\/\\\/www.cbh-cyprus.com\\\/pl\\\/guests-loyalty-club\\\/\",\"url\":\"https:\\\/\\\/www.cbh-cyprus.com\\\/pl\\\/guests-loyalty-club\\\/\",\"name\":\"Klub lojalno\u015bciowy dla go\u015bci w hotelach w Pafos || Constantinou Bros Hotels\",\"isPartOf\":{\"@id\":\"https:\\\/\\\/www.cbh-cyprus.com\\\/pl\\\/#website\"},\"primaryImageOfPage\":{\"@id\":\"https:\\\/\\\/www.cbh-cyprus.com\\\/pl\\\/guests-loyalty-club\\\/#primaryimage\"},\"image\":{\"@id\":\"https:\\\/\\\/www.cbh-cyprus.com\\\/pl\\\/guests-loyalty-club\\\/#primaryimage\"},\"thumbnailUrl\":\"https:\\\/\\\/www.cbh-cyprus.com\\\/app\\\/uploads\\\/sites\\\/30\\\/2024\\\/12\\\/31-ATHENA-BEACH-HOTEL-HELIOS-BEACH-BAR.jpg\",\"datePublished\":\"2024-07-23T09:15:11+00:00\",\"dateModified\":\"2025-08-05T10:10:20+00:00\",\"description\":\"Nasi powtarzaj\u0105cy si\u0119 go\u015bcie mog\u0105 zosta\u0107 cz\u0142onkami Blue lub Silver w klubach lojalno\u015bciowych Constantinou Bros Hotels w hotelach w Pafos, ciesz\u0105c si\u0119 szeregiem przywilej\u00f3w i korzy\u015bci.\",\"breadcrumb\":{\"@id\":\"https:\\\/\\\/www.cbh-cyprus.com\\\/pl\\\/guests-loyalty-club\\\/#breadcrumb\"},\"inLanguage\":\"pl-PL\",\"potentialAction\":[{\"@type\":\"ReadAction\",\"target\":[\"https:\\\/\\\/www.cbh-cyprus.com\\\/pl\\\/guests-loyalty-club\\\/\"]}]},{\"@type\":\"ImageObject\",\"inLanguage\":\"pl-PL\",\"@id\":\"https:\\\/\\\/www.cbh-cyprus.com\\\/pl\\\/guests-loyalty-club\\\/#primaryimage\",\"url\":\"https:\\\/\\\/www.cbh-cyprus.com\\\/app\\\/uploads\\\/sites\\\/30\\\/2024\\\/12\\\/31-ATHENA-BEACH-HOTEL-HELIOS-BEACH-BAR.jpg\",\"contentUrl\":\"https:\\\/\\\/www.cbh-cyprus.com\\\/app\\\/uploads\\\/sites\\\/30\\\/2024\\\/12\\\/31-ATHENA-BEACH-HOTEL-HELIOS-BEACH-BAR.jpg\",\"width\":2000,\"height\":1333},{\"@type\":\"BreadcrumbList\",\"@id\":\"https:\\\/\\\/www.cbh-cyprus.com\\\/pl\\\/guests-loyalty-club\\\/#breadcrumb\",\"itemListElement\":[{\"@type\":\"ListItem\",\"position\":1,\"name\":\"Home\",\"item\":\"https:\\\/\\\/www.cbh-cyprus.com\\\/pl\\\/welcome-to-constantinou-bros-hotels\\\/\"},{\"@type\":\"ListItem\",\"position\":2,\"name\":\"Klub lojalno\u015bciowy dla go\u015bci\"}]},{\"@type\":\"WebSite\",\"@id\":\"https:\\\/\\\/www.cbh-cyprus.com\\\/pl\\\/#website\",\"url\":\"https:\\\/\\\/www.cbh-cyprus.com\\\/pl\\\/\",\"name\":\"Constantinou Bros Hotels\",\"description\":\"Constantinou Bros Hotels\",\"publisher\":{\"@id\":\"https:\\\/\\\/www.cbh-cyprus.com\\\/pl\\\/#organization\"},\"potentialAction\":[{\"@type\":\"SearchAction\",\"target\":{\"@type\":\"EntryPoint\",\"urlTemplate\":\"https:\\\/\\\/www.cbh-cyprus.com\\\/pl\\\/?s={search_term_string}\"},\"query-input\":{\"@type\":\"PropertyValueSpecification\",\"valueRequired\":true,\"valueName\":\"search_term_string\"}}],\"inLanguage\":\"pl-PL\"},{\"@type\":\"Organization\",\"@id\":\"https:\\\/\\\/www.cbh-cyprus.com\\\/pl\\\/#organization\",\"name\":\"Constantinou Bros Hotels\",\"url\":\"https:\\\/\\\/www.cbh-cyprus.com\\\/pl\\\/\",\"logo\":{\"@type\":\"ImageObject\",\"inLanguage\":\"pl-PL\",\"@id\":\"https:\\\/\\\/www.cbh-cyprus.com\\\/pl\\\/#\\\/schema\\\/logo\\\/image\\\/\",\"url\":\"https:\\\/\\\/www.cbh-cyprus.com\\\/app\\\/uploads\\\/sites\\\/30\\\/2020\\\/10\\\/cbh.jpg\",\"contentUrl\":\"https:\\\/\\\/www.cbh-cyprus.com\\\/app\\\/uploads\\\/sites\\\/30\\\/2020\\\/10\\\/cbh.jpg\",\"width\":1013,\"height\":419,\"caption\":\"Constantinou Bros Hotels\"},\"image\":{\"@id\":\"https:\\\/\\\/www.cbh-cyprus.com\\\/pl\\\/#\\\/schema\\\/logo\\\/image\\\/\"}}]}<\/script>\n<!-- \/ Yoast SEO plugin. -->","yoast_head_json":{"title":"Klub lojalno\u015bciowy dla go\u015bci w hotelach w Pafos || Constantinou Bros Hotels","description":"Nasi powtarzaj\u0105cy si\u0119 go\u015bcie mog\u0105 zosta\u0107 cz\u0142onkami Blue lub Silver w klubach lojalno\u015bciowych Constantinou Bros Hotels w hotelach w Pafos, ciesz\u0105c si\u0119 szeregiem przywilej\u00f3w i korzy\u015bci.","robots":{"index":"index","follow":"follow","max-snippet":"max-snippet:-1","max-image-preview":"max-image-preview:large","max-video-preview":"max-video-preview:-1"},"canonical":"https:\/\/www.cbh-cyprus.com\/pl\/guests-loyalty-club\/","og_locale":"pl_PL","og_type":"article","og_title":"Klub lojalno\u015bciowy dla go\u015bci w hotelach w Pafos || Constantinou Bros Hotels","og_description":"Nasi powtarzaj\u0105cy si\u0119 go\u015bcie mog\u0105 zosta\u0107 cz\u0142onkami Blue lub Silver w klubach lojalno\u015bciowych Constantinou Bros Hotels w hotelach w Pafos, ciesz\u0105c si\u0119 szeregiem przywilej\u00f3w i korzy\u015bci.","og_url":"https:\/\/www.cbh-cyprus.com\/pl\/guests-loyalty-club\/","og_site_name":"Constantinou Bros Hotels","article_modified_time":"2025-08-05T10:10:20+00:00","og_image":[{"width":2000,"height":1333,"url":"https:\/\/www.cbh-cyprus.com\/app\/uploads\/sites\/30\/2024\/12\/31-ATHENA-BEACH-HOTEL-HELIOS-BEACH-BAR.jpg","type":"image\/jpeg"}],"twitter_card":"summary_large_image","twitter_misc":{"Est. reading time":"1 minute"},"schema":{"@context":"https:\/\/schema.org","@graph":[{"@type":"WebPage","@id":"https:\/\/www.cbh-cyprus.com\/pl\/guests-loyalty-club\/","url":"https:\/\/www.cbh-cyprus.com\/pl\/guests-loyalty-club\/","name":"Klub lojalno\u015bciowy dla go\u015bci w hotelach w Pafos || Constantinou Bros Hotels","isPartOf":{"@id":"https:\/\/www.cbh-cyprus.com\/pl\/#website"},"primaryImageOfPage":{"@id":"https:\/\/www.cbh-cyprus.com\/pl\/guests-loyalty-club\/#primaryimage"},"image":{"@id":"https:\/\/www.cbh-cyprus.com\/pl\/guests-loyalty-club\/#primaryimage"},"thumbnailUrl":"https:\/\/www.cbh-cyprus.com\/app\/uploads\/sites\/30\/2024\/12\/31-ATHENA-BEACH-HOTEL-HELIOS-BEACH-BAR.jpg","datePublished":"2024-07-23T09:15:11+00:00","dateModified":"2025-08-05T10:10:20+00:00","description":"Nasi powtarzaj\u0105cy si\u0119 go\u015bcie mog\u0105 zosta\u0107 cz\u0142onkami Blue lub Silver w klubach lojalno\u015bciowych Constantinou Bros Hotels w hotelach w Pafos, ciesz\u0105c si\u0119 szeregiem przywilej\u00f3w i korzy\u015bci.","breadcrumb":{"@id":"https:\/\/www.cbh-cyprus.com\/pl\/guests-loyalty-club\/#breadcrumb"},"inLanguage":"pl-PL","potentialAction":[{"@type":"ReadAction","target":["https:\/\/www.cbh-cyprus.com\/pl\/guests-loyalty-club\/"]}]},{"@type":"ImageObject","inLanguage":"pl-PL","@id":"https:\/\/www.cbh-cyprus.com\/pl\/guests-loyalty-club\/#primaryimage","url":"https:\/\/www.cbh-cyprus.com\/app\/uploads\/sites\/30\/2024\/12\/31-ATHENA-BEACH-HOTEL-HELIOS-BEACH-BAR.jpg","contentUrl":"https:\/\/www.cbh-cyprus.com\/app\/uploads\/sites\/30\/2024\/12\/31-ATHENA-BEACH-HOTEL-HELIOS-BEACH-BAR.jpg","width":2000,"height":1333},{"@type":"BreadcrumbList","@id":"https:\/\/www.cbh-cyprus.com\/pl\/guests-loyalty-club\/#breadcrumb","itemListElement":[{"@type":"ListItem","position":1,"name":"Home","item":"https:\/\/www.cbh-cyprus.com\/pl\/welcome-to-constantinou-bros-hotels\/"},{"@type":"ListItem","position":2,"name":"Klub lojalno\u015bciowy dla go\u015bci"}]},{"@type":"WebSite","@id":"https:\/\/www.cbh-cyprus.com\/pl\/#website","url":"https:\/\/www.cbh-cyprus.com\/pl\/","name":"Constantinou Bros Hotels","description":"Constantinou Bros Hotels","publisher":{"@id":"https:\/\/www.cbh-cyprus.com\/pl\/#organization"},"potentialAction":[{"@type":"SearchAction","target":{"@type":"EntryPoint","urlTemplate":"https:\/\/www.cbh-cyprus.com\/pl\/?s={search_term_string}"},"query-input":{"@type":"PropertyValueSpecification","valueRequired":true,"valueName":"search_term_string"}}],"inLanguage":"pl-PL"},{"@type":"Organization","@id":"https:\/\/www.cbh-cyprus.com\/pl\/#organization","name":"Constantinou Bros Hotels","url":"https:\/\/www.cbh-cyprus.com\/pl\/","logo":{"@type":"ImageObject","inLanguage":"pl-PL","@id":"https:\/\/www.cbh-cyprus.com\/pl\/#\/schema\/logo\/image\/","url":"https:\/\/www.cbh-cyprus.com\/app\/uploads\/sites\/30\/2020\/10\/cbh.jpg","contentUrl":"https:\/\/www.cbh-cyprus.com\/app\/uploads\/sites\/30\/2020\/10\/cbh.jpg","width":1013,"height":419,"caption":"Constantinou Bros Hotels"},"image":{"@id":"https:\/\/www.cbh-cyprus.com\/pl\/#\/schema\/logo\/image\/"}}]}},"_links":{"self":[{"href":"https:\/\/www.cbh-cyprus.com\/pl\/wp-json\/wp\/v2\/pages\/37048","targetHints":{"allow":["GET"]}}],"collection":[{"href":"https:\/\/www.cbh-cyprus.com\/pl\/wp-json\/wp\/v2\/pages"}],"about":[{"href":"https:\/\/www.cbh-cyprus.com\/pl\/wp-json\/wp\/v2\/types\/page"}],"author":[{"embeddable":true,"href":"https:\/\/www.cbh-cyprus.com\/pl\/wp-json\/wp\/v2\/users\/100"}],"replies":[{"embeddable":true,"href":"https:\/\/www.cbh-cyprus.com\/pl\/wp-json\/wp\/v2\/comments?post=37048"}],"version-history":[{"count":4,"href":"https:\/\/www.cbh-cyprus.com\/pl\/wp-json\/wp\/v2\/pages\/37048\/revisions"}],"predecessor-version":[{"id":45891,"href":"https:\/\/www.cbh-cyprus.com\/pl\/wp-json\/wp\/v2\/pages\/37048\/revisions\/45891"}],"wp:featuredmedia":[{"embeddable":true,"href":"https:\/\/www.cbh-cyprus.com\/pl\/wp-json\/wp\/v2\/media\/42881"}],"wp:attachment":[{"href":"https:\/\/www.cbh-cyprus.com\/pl\/wp-json\/wp\/v2\/media?parent=37048"}],"curies":[{"name":"wp","href":"https:\/\/api.w.org\/{rel}","templated":true}]}}