{"id":37063,"date":"2024-07-23T12:15:22","date_gmt":"2024-07-23T09:15:22","guid":{"rendered":"https:\/\/www.cbh-cyprus.com\/bowling-obiekty\/"},"modified":"2024-09-13T11:32:59","modified_gmt":"2024-09-13T08:32:59","slug":"bowling-obiekty","status":"publish","type":"page","link":"https:\/\/www.cbh-cyprus.com\/pl\/dzialania\/bowling-wakacje\/bowling-obiekty\/","title":{"rendered":"Kr\u0119gielnia"},"content":{"rendered":"<h1>Najlepsze kr\u0119gielnie w hotelach Constantinou Bros<\/h1>\n<h3>Obiekty bowlingowe \u015bwiatowej klasy<\/h3>\n<p>  Bardzo udane po\u0142\u0105czenie nieskazitelnych green\u00f3w wy\u0142o\u017conych wyk\u0142adzinami Mastergreen\u00ae i doskona\u0142ego standardu zakwaterowania sprawi\u0142o, \u017ce te dwa hotele s\u0105 jednymi z najpopularniejszych wybor\u00f3w na zagraniczne wakacje Bowls.<br \/>\nJeste\u015bmy bardzo dumni, \u017ce zostali\u015bmy wybrani na gospodarza tak presti\u017cowych wydarze\u0144 jak Premier League Bowls Tournament w 2010 roku, Atlantic Championships w 2011 roku, World Champion of Champions w 2012 roku i Bowls Cyprus National Finals, kt\u00f3re odb\u0119d\u0105 si\u0119 w Athena Beach Hotel w 2019 roku.   &nbsp;<\/p>\n<p><strong>Nasze fantastyczne obiekty do gry w kr\u0119gle obejmuj\u0105:<\/strong><\/p>\n<ul>\n<li>4 lodowiska wsp\u00f3lne dla 5* hotelu Asimina Suites i 4* hotelu Pioneer Beach.<\/li>\n<li>18 odkrytych lodowisk dzielonych mi\u0119dzy luksusowy 4* Athena Royal Beach Hotel i 4* Athena Beach Hotel.<\/li>\n<li>3 z kr\u0119gielni nadaj\u0105 si\u0119 do gry w Crown Green Bowling<\/li>\n<li>6 krytych kr\u0119gielni &#8211; (Flat Green)<\/li>\n<li>8 dywan\u00f3w z kr\u00f3tkimi miseczkami dost\u0119pnych na \u017cyczenie &#8211; Athena Royal Beach Hotel<\/li>\n<li>4 dywany z kr\u00f3tkimi miskami dost\u0119pne na \u017cyczenie &#8211; Pioneer Beach Hotel<\/li>\n<li>Wszystkie greeny maj\u0105 nawierzchni\u0119 dywanow\u0105 Mastergreen i znajduj\u0105 si\u0119 na terenie hotelu<\/li>\n<li>Wszystkie \u015bwi\u0119ta s\u0105 organizowane przez naszego koordynatora ds. gry w kr\u0119gle (pa\u017adziernik-kwiecie\u0144).<\/li>\n<li>Zawody, mecze, fun bowls, knockouts i sesje coachingowe nauki gry w kr\u0119gle.<\/li>\n<li>Dost\u0119pne miski na\u015bwietlaczy (licznik monet)<\/li>\n<\/ul>\n","protected":false},"excerpt":{"rendered":"<p>Najlepsze kr\u0119gielnie w hotelach Constantinou Bros Obiekty bowlingowe \u015bwiatowej klasy Bardzo udane po\u0142\u0105czenie nieskazitelnych green\u00f3w wy\u0142o\u017conych wyk\u0142adzinami Mastergreen\u00ae i doskona\u0142ego standardu zakwaterowania sprawi\u0142o, \u017ce te dwa hotele s\u0105 jednymi z najpopularniejszych wybor\u00f3w na zagraniczne wakacje Bowls. Jeste\u015bmy bardzo dumni, \u017ce zostali\u015bmy wybrani na gospodarza tak presti\u017cowych wydarze\u0144 jak Premier League Bowls Tournament w 2010 roku,<\/p>\n","protected":false},"author":100,"featured_media":40156,"parent":37231,"menu_order":0,"comment_status":"closed","ping_status":"closed","template":"","meta":{"_acf_changed":false,"footnotes":""},"class_list":["post-37063","page","type-page","status-publish","has-post-thumbnail","hentry"],"acf":[],"yoast_head":"<!-- This site is optimized with the Yoast SEO plugin v27.3 - https:\/\/yoast.com\/product\/yoast-seo-wordpress\/ -->\n<title>Kr\u0119gielnia - Constantinou Bros Hotels<\/title>\n<meta name=\"description\" content=\"Entuzja\u015bci kr\u0119gli maj\u0105 teraz najlepsze warunki do sp\u0119dzenia wakacji w kr\u0119gle w Constantinou Bros Hotels. Poni\u017cej znajd\u0105 Pa\u0144stwo specyfikacje naszych kr\u0119gielni.\" \/>\n<meta name=\"robots\" content=\"index, follow, max-snippet:-1, max-image-preview:large, max-video-preview:-1\" \/>\n<link rel=\"canonical\" href=\"https:\/\/www.cbh-cyprus.com\/pl\/dzialania\/bowling-wakacje\/bowling-obiekty\/\" \/>\n<meta property=\"og:locale\" content=\"pl_PL\" \/>\n<meta property=\"og:type\" content=\"article\" \/>\n<meta property=\"og:title\" content=\"Kr\u0119gielnia - Constantinou Bros Hotels\" \/>\n<meta property=\"og:description\" content=\"Entuzja\u015bci kr\u0119gli maj\u0105 teraz najlepsze warunki do sp\u0119dzenia wakacji w kr\u0119gle w Constantinou Bros Hotels. Poni\u017cej znajd\u0105 Pa\u0144stwo specyfikacje naszych kr\u0119gielni.\" \/>\n<meta property=\"og:url\" content=\"https:\/\/www.cbh-cyprus.com\/pl\/dzialania\/bowling-wakacje\/bowling-obiekty\/\" \/>\n<meta property=\"og:site_name\" content=\"Constantinou Bros Hotels\" \/>\n<meta property=\"article:modified_time\" content=\"2024-09-13T08:32:59+00:00\" \/>\n<meta property=\"og:image\" content=\"https:\/\/www.cbh-cyprus.com\/app\/uploads\/sites\/30\/2019\/07\/athena_02.jpg\" \/>\n\t<meta property=\"og:image:width\" content=\"850\" \/>\n\t<meta property=\"og:image:height\" content=\"565\" \/>\n\t<meta property=\"og:image:type\" content=\"image\/jpeg\" \/>\n<meta name=\"twitter:card\" content=\"summary_large_image\" \/>\n<meta name=\"twitter:label1\" content=\"Est. reading time\" \/>\n\t<meta name=\"twitter:data1\" content=\"1 minute\" \/>\n<script type=\"application\/ld+json\" class=\"yoast-schema-graph\">{\"@context\":\"https:\\\/\\\/schema.org\",\"@graph\":[{\"@type\":\"WebPage\",\"@id\":\"https:\\\/\\\/www.cbh-cyprus.com\\\/pl\\\/dzialania\\\/bowling-wakacje\\\/bowling-obiekty\\\/\",\"url\":\"https:\\\/\\\/www.cbh-cyprus.com\\\/pl\\\/dzialania\\\/bowling-wakacje\\\/bowling-obiekty\\\/\",\"name\":\"Kr\u0119gielnia - Constantinou Bros Hotels\",\"isPartOf\":{\"@id\":\"https:\\\/\\\/www.cbh-cyprus.com\\\/pl\\\/#website\"},\"primaryImageOfPage\":{\"@id\":\"https:\\\/\\\/www.cbh-cyprus.com\\\/pl\\\/dzialania\\\/bowling-wakacje\\\/bowling-obiekty\\\/#primaryimage\"},\"image\":{\"@id\":\"https:\\\/\\\/www.cbh-cyprus.com\\\/pl\\\/dzialania\\\/bowling-wakacje\\\/bowling-obiekty\\\/#primaryimage\"},\"thumbnailUrl\":\"https:\\\/\\\/www.cbh-cyprus.com\\\/app\\\/uploads\\\/sites\\\/30\\\/2019\\\/07\\\/athena_02.jpg\",\"datePublished\":\"2024-07-23T09:15:22+00:00\",\"dateModified\":\"2024-09-13T08:32:59+00:00\",\"description\":\"Entuzja\u015bci kr\u0119gli maj\u0105 teraz najlepsze warunki do sp\u0119dzenia wakacji w kr\u0119gle w Constantinou Bros Hotels. Poni\u017cej znajd\u0105 Pa\u0144stwo specyfikacje naszych kr\u0119gielni.\",\"breadcrumb\":{\"@id\":\"https:\\\/\\\/www.cbh-cyprus.com\\\/pl\\\/dzialania\\\/bowling-wakacje\\\/bowling-obiekty\\\/#breadcrumb\"},\"inLanguage\":\"pl-PL\",\"potentialAction\":[{\"@type\":\"ReadAction\",\"target\":[\"https:\\\/\\\/www.cbh-cyprus.com\\\/pl\\\/dzialania\\\/bowling-wakacje\\\/bowling-obiekty\\\/\"]}]},{\"@type\":\"ImageObject\",\"inLanguage\":\"pl-PL\",\"@id\":\"https:\\\/\\\/www.cbh-cyprus.com\\\/pl\\\/dzialania\\\/bowling-wakacje\\\/bowling-obiekty\\\/#primaryimage\",\"url\":\"https:\\\/\\\/www.cbh-cyprus.com\\\/app\\\/uploads\\\/sites\\\/30\\\/2019\\\/07\\\/athena_02.jpg\",\"contentUrl\":\"https:\\\/\\\/www.cbh-cyprus.com\\\/app\\\/uploads\\\/sites\\\/30\\\/2019\\\/07\\\/athena_02.jpg\",\"width\":850,\"height\":565,\"caption\":\"Venues\"},{\"@type\":\"BreadcrumbList\",\"@id\":\"https:\\\/\\\/www.cbh-cyprus.com\\\/pl\\\/dzialania\\\/bowling-wakacje\\\/bowling-obiekty\\\/#breadcrumb\",\"itemListElement\":[{\"@type\":\"ListItem\",\"position\":1,\"name\":\"Home\",\"item\":\"https:\\\/\\\/www.cbh-cyprus.com\\\/pl\\\/welcome-to-constantinou-bros-hotels\\\/\"},{\"@type\":\"ListItem\",\"position\":2,\"name\":\"Dzia\u0142ania\",\"item\":\"https:\\\/\\\/www.cbh-cyprus.com\\\/pl\\\/dzialania\\\/\"},{\"@type\":\"ListItem\",\"position\":3,\"name\":\"Wakacje na kr\u0119gielni\",\"item\":\"https:\\\/\\\/www.cbh-cyprus.com\\\/pl\\\/dzialania\\\/bowling-wakacje\\\/\"},{\"@type\":\"ListItem\",\"position\":4,\"name\":\"Kr\u0119gielnia\"}]},{\"@type\":\"WebSite\",\"@id\":\"https:\\\/\\\/www.cbh-cyprus.com\\\/pl\\\/#website\",\"url\":\"https:\\\/\\\/www.cbh-cyprus.com\\\/pl\\\/\",\"name\":\"Constantinou Bros Hotels\",\"description\":\"Constantinou Bros Hotels\",\"publisher\":{\"@id\":\"https:\\\/\\\/www.cbh-cyprus.com\\\/pl\\\/#organization\"},\"potentialAction\":[{\"@type\":\"SearchAction\",\"target\":{\"@type\":\"EntryPoint\",\"urlTemplate\":\"https:\\\/\\\/www.cbh-cyprus.com\\\/pl\\\/?s={search_term_string}\"},\"query-input\":{\"@type\":\"PropertyValueSpecification\",\"valueRequired\":true,\"valueName\":\"search_term_string\"}}],\"inLanguage\":\"pl-PL\"},{\"@type\":\"Organization\",\"@id\":\"https:\\\/\\\/www.cbh-cyprus.com\\\/pl\\\/#organization\",\"name\":\"Constantinou Bros Hotels\",\"url\":\"https:\\\/\\\/www.cbh-cyprus.com\\\/pl\\\/\",\"logo\":{\"@type\":\"ImageObject\",\"inLanguage\":\"pl-PL\",\"@id\":\"https:\\\/\\\/www.cbh-cyprus.com\\\/pl\\\/#\\\/schema\\\/logo\\\/image\\\/\",\"url\":\"https:\\\/\\\/www.cbh-cyprus.com\\\/app\\\/uploads\\\/sites\\\/30\\\/2020\\\/10\\\/cbh.jpg\",\"contentUrl\":\"https:\\\/\\\/www.cbh-cyprus.com\\\/app\\\/uploads\\\/sites\\\/30\\\/2020\\\/10\\\/cbh.jpg\",\"width\":1013,\"height\":419,\"caption\":\"Constantinou Bros Hotels\"},\"image\":{\"@id\":\"https:\\\/\\\/www.cbh-cyprus.com\\\/pl\\\/#\\\/schema\\\/logo\\\/image\\\/\"}}]}<\/script>\n<!-- \/ Yoast SEO plugin. -->","yoast_head_json":{"title":"Kr\u0119gielnia - Constantinou Bros Hotels","description":"Entuzja\u015bci kr\u0119gli maj\u0105 teraz najlepsze warunki do sp\u0119dzenia wakacji w kr\u0119gle w Constantinou Bros Hotels. Poni\u017cej znajd\u0105 Pa\u0144stwo specyfikacje naszych kr\u0119gielni.","robots":{"index":"index","follow":"follow","max-snippet":"max-snippet:-1","max-image-preview":"max-image-preview:large","max-video-preview":"max-video-preview:-1"},"canonical":"https:\/\/www.cbh-cyprus.com\/pl\/dzialania\/bowling-wakacje\/bowling-obiekty\/","og_locale":"pl_PL","og_type":"article","og_title":"Kr\u0119gielnia - Constantinou Bros Hotels","og_description":"Entuzja\u015bci kr\u0119gli maj\u0105 teraz najlepsze warunki do sp\u0119dzenia wakacji w kr\u0119gle w Constantinou Bros Hotels. Poni\u017cej znajd\u0105 Pa\u0144stwo specyfikacje naszych kr\u0119gielni.","og_url":"https:\/\/www.cbh-cyprus.com\/pl\/dzialania\/bowling-wakacje\/bowling-obiekty\/","og_site_name":"Constantinou Bros Hotels","article_modified_time":"2024-09-13T08:32:59+00:00","og_image":[{"width":850,"height":565,"url":"https:\/\/www.cbh-cyprus.com\/app\/uploads\/sites\/30\/2019\/07\/athena_02.jpg","type":"image\/jpeg"}],"twitter_card":"summary_large_image","twitter_misc":{"Est. reading time":"1 minute"},"schema":{"@context":"https:\/\/schema.org","@graph":[{"@type":"WebPage","@id":"https:\/\/www.cbh-cyprus.com\/pl\/dzialania\/bowling-wakacje\/bowling-obiekty\/","url":"https:\/\/www.cbh-cyprus.com\/pl\/dzialania\/bowling-wakacje\/bowling-obiekty\/","name":"Kr\u0119gielnia - Constantinou Bros Hotels","isPartOf":{"@id":"https:\/\/www.cbh-cyprus.com\/pl\/#website"},"primaryImageOfPage":{"@id":"https:\/\/www.cbh-cyprus.com\/pl\/dzialania\/bowling-wakacje\/bowling-obiekty\/#primaryimage"},"image":{"@id":"https:\/\/www.cbh-cyprus.com\/pl\/dzialania\/bowling-wakacje\/bowling-obiekty\/#primaryimage"},"thumbnailUrl":"https:\/\/www.cbh-cyprus.com\/app\/uploads\/sites\/30\/2019\/07\/athena_02.jpg","datePublished":"2024-07-23T09:15:22+00:00","dateModified":"2024-09-13T08:32:59+00:00","description":"Entuzja\u015bci kr\u0119gli maj\u0105 teraz najlepsze warunki do sp\u0119dzenia wakacji w kr\u0119gle w Constantinou Bros Hotels. Poni\u017cej znajd\u0105 Pa\u0144stwo specyfikacje naszych kr\u0119gielni.","breadcrumb":{"@id":"https:\/\/www.cbh-cyprus.com\/pl\/dzialania\/bowling-wakacje\/bowling-obiekty\/#breadcrumb"},"inLanguage":"pl-PL","potentialAction":[{"@type":"ReadAction","target":["https:\/\/www.cbh-cyprus.com\/pl\/dzialania\/bowling-wakacje\/bowling-obiekty\/"]}]},{"@type":"ImageObject","inLanguage":"pl-PL","@id":"https:\/\/www.cbh-cyprus.com\/pl\/dzialania\/bowling-wakacje\/bowling-obiekty\/#primaryimage","url":"https:\/\/www.cbh-cyprus.com\/app\/uploads\/sites\/30\/2019\/07\/athena_02.jpg","contentUrl":"https:\/\/www.cbh-cyprus.com\/app\/uploads\/sites\/30\/2019\/07\/athena_02.jpg","width":850,"height":565,"caption":"Venues"},{"@type":"BreadcrumbList","@id":"https:\/\/www.cbh-cyprus.com\/pl\/dzialania\/bowling-wakacje\/bowling-obiekty\/#breadcrumb","itemListElement":[{"@type":"ListItem","position":1,"name":"Home","item":"https:\/\/www.cbh-cyprus.com\/pl\/welcome-to-constantinou-bros-hotels\/"},{"@type":"ListItem","position":2,"name":"Dzia\u0142ania","item":"https:\/\/www.cbh-cyprus.com\/pl\/dzialania\/"},{"@type":"ListItem","position":3,"name":"Wakacje na kr\u0119gielni","item":"https:\/\/www.cbh-cyprus.com\/pl\/dzialania\/bowling-wakacje\/"},{"@type":"ListItem","position":4,"name":"Kr\u0119gielnia"}]},{"@type":"WebSite","@id":"https:\/\/www.cbh-cyprus.com\/pl\/#website","url":"https:\/\/www.cbh-cyprus.com\/pl\/","name":"Constantinou Bros Hotels","description":"Constantinou Bros Hotels","publisher":{"@id":"https:\/\/www.cbh-cyprus.com\/pl\/#organization"},"potentialAction":[{"@type":"SearchAction","target":{"@type":"EntryPoint","urlTemplate":"https:\/\/www.cbh-cyprus.com\/pl\/?s={search_term_string}"},"query-input":{"@type":"PropertyValueSpecification","valueRequired":true,"valueName":"search_term_string"}}],"inLanguage":"pl-PL"},{"@type":"Organization","@id":"https:\/\/www.cbh-cyprus.com\/pl\/#organization","name":"Constantinou Bros Hotels","url":"https:\/\/www.cbh-cyprus.com\/pl\/","logo":{"@type":"ImageObject","inLanguage":"pl-PL","@id":"https:\/\/www.cbh-cyprus.com\/pl\/#\/schema\/logo\/image\/","url":"https:\/\/www.cbh-cyprus.com\/app\/uploads\/sites\/30\/2020\/10\/cbh.jpg","contentUrl":"https:\/\/www.cbh-cyprus.com\/app\/uploads\/sites\/30\/2020\/10\/cbh.jpg","width":1013,"height":419,"caption":"Constantinou Bros Hotels"},"image":{"@id":"https:\/\/www.cbh-cyprus.com\/pl\/#\/schema\/logo\/image\/"}}]}},"_links":{"self":[{"href":"https:\/\/www.cbh-cyprus.com\/pl\/wp-json\/wp\/v2\/pages\/37063","targetHints":{"allow":["GET"]}}],"collection":[{"href":"https:\/\/www.cbh-cyprus.com\/pl\/wp-json\/wp\/v2\/pages"}],"about":[{"href":"https:\/\/www.cbh-cyprus.com\/pl\/wp-json\/wp\/v2\/types\/page"}],"author":[{"embeddable":true,"href":"https:\/\/www.cbh-cyprus.com\/pl\/wp-json\/wp\/v2\/users\/100"}],"replies":[{"embeddable":true,"href":"https:\/\/www.cbh-cyprus.com\/pl\/wp-json\/wp\/v2\/comments?post=37063"}],"version-history":[{"count":1,"href":"https:\/\/www.cbh-cyprus.com\/pl\/wp-json\/wp\/v2\/pages\/37063\/revisions"}],"predecessor-version":[{"id":37232,"href":"https:\/\/www.cbh-cyprus.com\/pl\/wp-json\/wp\/v2\/pages\/37063\/revisions\/37232"}],"up":[{"embeddable":true,"href":"https:\/\/www.cbh-cyprus.com\/pl\/wp-json\/wp\/v2\/pages\/37231"}],"wp:featuredmedia":[{"embeddable":true,"href":"https:\/\/www.cbh-cyprus.com\/pl\/wp-json\/wp\/v2\/media\/40156"}],"wp:attachment":[{"href":"https:\/\/www.cbh-cyprus.com\/pl\/wp-json\/wp\/v2\/media?parent=37063"}],"curies":[{"name":"wp","href":"https:\/\/api.w.org\/{rel}","templated":true}]}}