{"id":37064,"date":"2024-07-23T12:15:23","date_gmt":"2024-07-23T09:15:23","guid":{"rendered":"https:\/\/www.cbh-cyprus.com\/bowling-news\/"},"modified":"2025-12-18T10:06:20","modified_gmt":"2025-12-18T08:06:20","slug":"bowling-news","status":"publish","type":"page","link":"https:\/\/www.cbh-cyprus.com\/pl\/dzialania\/bowling-wakacje\/bowling-news\/","title":{"rendered":"Bowling News"},"content":{"rendered":"<h1>Prosz\u0119 odkry\u0107 nowo\u015bci w naszej ofercie gry w kr\u0119gle!<\/h1>\n<p>  Prosz\u0119 zapozna\u0107 si\u0119 z najnowszymi wiadomo\u015bciami dotycz\u0105cymi naszej dzia\u0142alno\u015bci Bowling.<\/p>\n","protected":false},"excerpt":{"rendered":"<p>Prosz\u0119 odkry\u0107 nowo\u015bci w naszej ofercie gry w kr\u0119gle! Prosz\u0119 zapozna\u0107 si\u0119 z najnowszymi wiadomo\u015bciami dotycz\u0105cymi naszej dzia\u0142alno\u015bci Bowling.<\/p>\n","protected":false},"author":100,"featured_media":40157,"parent":37231,"menu_order":0,"comment_status":"closed","ping_status":"closed","template":"page-templates\/simple-list.php","meta":{"_acf_changed":false,"footnotes":""},"class_list":["post-37064","page","type-page","status-publish","has-post-thumbnail","hentry"],"acf":[],"yoast_head":"<!-- This site is optimized with the Yoast SEO plugin v27.3 - https:\/\/yoast.com\/product\/yoast-seo-wordpress\/ -->\n<title>Wiadomo\u015bci dotycz\u0105ce kr\u0119gli - Constantinou Bros Hotel<\/title>\n<meta name=\"description\" content=\"Prosz\u0119 przeczyta\u0107 o nowo\u015bciach i zaj\u0119ciach bowlingowych w Constantinou Bros Hotels w Pafos na Cyprze.\" \/>\n<meta name=\"robots\" content=\"index, follow, max-snippet:-1, max-image-preview:large, max-video-preview:-1\" \/>\n<link rel=\"canonical\" href=\"https:\/\/www.cbh-cyprus.com\/pl\/dzialania\/bowling-wakacje\/bowling-news\/\" \/>\n<meta property=\"og:locale\" content=\"pl_PL\" \/>\n<meta property=\"og:type\" content=\"article\" \/>\n<meta property=\"og:title\" content=\"Wiadomo\u015bci dotycz\u0105ce kr\u0119gli - Constantinou Bros Hotel\" \/>\n<meta property=\"og:description\" content=\"Prosz\u0119 przeczyta\u0107 o nowo\u015bciach i zaj\u0119ciach bowlingowych w Constantinou Bros Hotels w Pafos na Cyprze.\" \/>\n<meta property=\"og:url\" content=\"https:\/\/www.cbh-cyprus.com\/pl\/dzialania\/bowling-wakacje\/bowling-news\/\" \/>\n<meta property=\"og:site_name\" content=\"Constantinou Bros Hotels\" \/>\n<meta property=\"article:modified_time\" content=\"2025-12-18T08:06:20+00:00\" \/>\n<meta property=\"og:image\" content=\"https:\/\/www.cbh-cyprus.com\/app\/uploads\/sites\/30\/2019\/07\/athena_royal_01-e1601877032898.jpg\" \/>\n\t<meta property=\"og:image:width\" content=\"850\" \/>\n\t<meta property=\"og:image:height\" content=\"565\" \/>\n\t<meta property=\"og:image:type\" content=\"image\/jpeg\" \/>\n<meta name=\"twitter:card\" content=\"summary_large_image\" \/>\n<meta name=\"twitter:label1\" content=\"Est. reading time\" \/>\n\t<meta name=\"twitter:data1\" content=\"1 minute\" \/>\n<script type=\"application\/ld+json\" class=\"yoast-schema-graph\">{\"@context\":\"https:\\\/\\\/schema.org\",\"@graph\":[{\"@type\":\"WebPage\",\"@id\":\"https:\\\/\\\/www.cbh-cyprus.com\\\/pl\\\/dzialania\\\/bowling-wakacje\\\/bowling-news\\\/\",\"url\":\"https:\\\/\\\/www.cbh-cyprus.com\\\/pl\\\/dzialania\\\/bowling-wakacje\\\/bowling-news\\\/\",\"name\":\"Wiadomo\u015bci dotycz\u0105ce kr\u0119gli - Constantinou Bros Hotel\",\"isPartOf\":{\"@id\":\"https:\\\/\\\/www.cbh-cyprus.com\\\/pl\\\/#website\"},\"primaryImageOfPage\":{\"@id\":\"https:\\\/\\\/www.cbh-cyprus.com\\\/pl\\\/dzialania\\\/bowling-wakacje\\\/bowling-news\\\/#primaryimage\"},\"image\":{\"@id\":\"https:\\\/\\\/www.cbh-cyprus.com\\\/pl\\\/dzialania\\\/bowling-wakacje\\\/bowling-news\\\/#primaryimage\"},\"thumbnailUrl\":\"https:\\\/\\\/www.cbh-cyprus.com\\\/app\\\/uploads\\\/sites\\\/30\\\/2019\\\/07\\\/athena_royal_01-e1601877032898.jpg\",\"datePublished\":\"2024-07-23T09:15:23+00:00\",\"dateModified\":\"2025-12-18T08:06:20+00:00\",\"description\":\"Prosz\u0119 przeczyta\u0107 o nowo\u015bciach i zaj\u0119ciach bowlingowych w Constantinou Bros Hotels w Pafos na Cyprze.\",\"breadcrumb\":{\"@id\":\"https:\\\/\\\/www.cbh-cyprus.com\\\/pl\\\/dzialania\\\/bowling-wakacje\\\/bowling-news\\\/#breadcrumb\"},\"inLanguage\":\"pl-PL\",\"potentialAction\":[{\"@type\":\"ReadAction\",\"target\":[\"https:\\\/\\\/www.cbh-cyprus.com\\\/pl\\\/dzialania\\\/bowling-wakacje\\\/bowling-news\\\/\"]}]},{\"@type\":\"ImageObject\",\"inLanguage\":\"pl-PL\",\"@id\":\"https:\\\/\\\/www.cbh-cyprus.com\\\/pl\\\/dzialania\\\/bowling-wakacje\\\/bowling-news\\\/#primaryimage\",\"url\":\"https:\\\/\\\/www.cbh-cyprus.com\\\/app\\\/uploads\\\/sites\\\/30\\\/2019\\\/07\\\/athena_royal_01-e1601877032898.jpg\",\"contentUrl\":\"https:\\\/\\\/www.cbh-cyprus.com\\\/app\\\/uploads\\\/sites\\\/30\\\/2019\\\/07\\\/athena_royal_01-e1601877032898.jpg\",\"width\":850,\"height\":565,\"caption\":\"Venues\"},{\"@type\":\"BreadcrumbList\",\"@id\":\"https:\\\/\\\/www.cbh-cyprus.com\\\/pl\\\/dzialania\\\/bowling-wakacje\\\/bowling-news\\\/#breadcrumb\",\"itemListElement\":[{\"@type\":\"ListItem\",\"position\":1,\"name\":\"Home\",\"item\":\"https:\\\/\\\/www.cbh-cyprus.com\\\/pl\\\/welcome-to-constantinou-bros-hotels\\\/\"},{\"@type\":\"ListItem\",\"position\":2,\"name\":\"Dzia\u0142ania\",\"item\":\"https:\\\/\\\/www.cbh-cyprus.com\\\/pl\\\/dzialania\\\/\"},{\"@type\":\"ListItem\",\"position\":3,\"name\":\"Wakacje na kr\u0119gielni\",\"item\":\"https:\\\/\\\/www.cbh-cyprus.com\\\/pl\\\/dzialania\\\/bowling-wakacje\\\/\"},{\"@type\":\"ListItem\",\"position\":4,\"name\":\"Bowling News\"}]},{\"@type\":\"WebSite\",\"@id\":\"https:\\\/\\\/www.cbh-cyprus.com\\\/pl\\\/#website\",\"url\":\"https:\\\/\\\/www.cbh-cyprus.com\\\/pl\\\/\",\"name\":\"Constantinou Bros Hotels\",\"description\":\"Constantinou Bros Hotels\",\"publisher\":{\"@id\":\"https:\\\/\\\/www.cbh-cyprus.com\\\/pl\\\/#organization\"},\"potentialAction\":[{\"@type\":\"SearchAction\",\"target\":{\"@type\":\"EntryPoint\",\"urlTemplate\":\"https:\\\/\\\/www.cbh-cyprus.com\\\/pl\\\/?s={search_term_string}\"},\"query-input\":{\"@type\":\"PropertyValueSpecification\",\"valueRequired\":true,\"valueName\":\"search_term_string\"}}],\"inLanguage\":\"pl-PL\"},{\"@type\":\"Organization\",\"@id\":\"https:\\\/\\\/www.cbh-cyprus.com\\\/pl\\\/#organization\",\"name\":\"Constantinou Bros Hotels\",\"url\":\"https:\\\/\\\/www.cbh-cyprus.com\\\/pl\\\/\",\"logo\":{\"@type\":\"ImageObject\",\"inLanguage\":\"pl-PL\",\"@id\":\"https:\\\/\\\/www.cbh-cyprus.com\\\/pl\\\/#\\\/schema\\\/logo\\\/image\\\/\",\"url\":\"https:\\\/\\\/www.cbh-cyprus.com\\\/app\\\/uploads\\\/sites\\\/30\\\/2020\\\/10\\\/cbh.jpg\",\"contentUrl\":\"https:\\\/\\\/www.cbh-cyprus.com\\\/app\\\/uploads\\\/sites\\\/30\\\/2020\\\/10\\\/cbh.jpg\",\"width\":1013,\"height\":419,\"caption\":\"Constantinou Bros Hotels\"},\"image\":{\"@id\":\"https:\\\/\\\/www.cbh-cyprus.com\\\/pl\\\/#\\\/schema\\\/logo\\\/image\\\/\"}}]}<\/script>\n<!-- \/ Yoast SEO plugin. -->","yoast_head_json":{"title":"Wiadomo\u015bci dotycz\u0105ce kr\u0119gli - Constantinou Bros Hotel","description":"Prosz\u0119 przeczyta\u0107 o nowo\u015bciach i zaj\u0119ciach bowlingowych w Constantinou Bros Hotels w Pafos na Cyprze.","robots":{"index":"index","follow":"follow","max-snippet":"max-snippet:-1","max-image-preview":"max-image-preview:large","max-video-preview":"max-video-preview:-1"},"canonical":"https:\/\/www.cbh-cyprus.com\/pl\/dzialania\/bowling-wakacje\/bowling-news\/","og_locale":"pl_PL","og_type":"article","og_title":"Wiadomo\u015bci dotycz\u0105ce kr\u0119gli - Constantinou Bros Hotel","og_description":"Prosz\u0119 przeczyta\u0107 o nowo\u015bciach i zaj\u0119ciach bowlingowych w Constantinou Bros Hotels w Pafos na Cyprze.","og_url":"https:\/\/www.cbh-cyprus.com\/pl\/dzialania\/bowling-wakacje\/bowling-news\/","og_site_name":"Constantinou Bros Hotels","article_modified_time":"2025-12-18T08:06:20+00:00","og_image":[{"width":850,"height":565,"url":"https:\/\/www.cbh-cyprus.com\/app\/uploads\/sites\/30\/2019\/07\/athena_royal_01-e1601877032898.jpg","type":"image\/jpeg"}],"twitter_card":"summary_large_image","twitter_misc":{"Est. reading time":"1 minute"},"schema":{"@context":"https:\/\/schema.org","@graph":[{"@type":"WebPage","@id":"https:\/\/www.cbh-cyprus.com\/pl\/dzialania\/bowling-wakacje\/bowling-news\/","url":"https:\/\/www.cbh-cyprus.com\/pl\/dzialania\/bowling-wakacje\/bowling-news\/","name":"Wiadomo\u015bci dotycz\u0105ce kr\u0119gli - Constantinou Bros Hotel","isPartOf":{"@id":"https:\/\/www.cbh-cyprus.com\/pl\/#website"},"primaryImageOfPage":{"@id":"https:\/\/www.cbh-cyprus.com\/pl\/dzialania\/bowling-wakacje\/bowling-news\/#primaryimage"},"image":{"@id":"https:\/\/www.cbh-cyprus.com\/pl\/dzialania\/bowling-wakacje\/bowling-news\/#primaryimage"},"thumbnailUrl":"https:\/\/www.cbh-cyprus.com\/app\/uploads\/sites\/30\/2019\/07\/athena_royal_01-e1601877032898.jpg","datePublished":"2024-07-23T09:15:23+00:00","dateModified":"2025-12-18T08:06:20+00:00","description":"Prosz\u0119 przeczyta\u0107 o nowo\u015bciach i zaj\u0119ciach bowlingowych w Constantinou Bros Hotels w Pafos na Cyprze.","breadcrumb":{"@id":"https:\/\/www.cbh-cyprus.com\/pl\/dzialania\/bowling-wakacje\/bowling-news\/#breadcrumb"},"inLanguage":"pl-PL","potentialAction":[{"@type":"ReadAction","target":["https:\/\/www.cbh-cyprus.com\/pl\/dzialania\/bowling-wakacje\/bowling-news\/"]}]},{"@type":"ImageObject","inLanguage":"pl-PL","@id":"https:\/\/www.cbh-cyprus.com\/pl\/dzialania\/bowling-wakacje\/bowling-news\/#primaryimage","url":"https:\/\/www.cbh-cyprus.com\/app\/uploads\/sites\/30\/2019\/07\/athena_royal_01-e1601877032898.jpg","contentUrl":"https:\/\/www.cbh-cyprus.com\/app\/uploads\/sites\/30\/2019\/07\/athena_royal_01-e1601877032898.jpg","width":850,"height":565,"caption":"Venues"},{"@type":"BreadcrumbList","@id":"https:\/\/www.cbh-cyprus.com\/pl\/dzialania\/bowling-wakacje\/bowling-news\/#breadcrumb","itemListElement":[{"@type":"ListItem","position":1,"name":"Home","item":"https:\/\/www.cbh-cyprus.com\/pl\/welcome-to-constantinou-bros-hotels\/"},{"@type":"ListItem","position":2,"name":"Dzia\u0142ania","item":"https:\/\/www.cbh-cyprus.com\/pl\/dzialania\/"},{"@type":"ListItem","position":3,"name":"Wakacje na kr\u0119gielni","item":"https:\/\/www.cbh-cyprus.com\/pl\/dzialania\/bowling-wakacje\/"},{"@type":"ListItem","position":4,"name":"Bowling News"}]},{"@type":"WebSite","@id":"https:\/\/www.cbh-cyprus.com\/pl\/#website","url":"https:\/\/www.cbh-cyprus.com\/pl\/","name":"Constantinou Bros Hotels","description":"Constantinou Bros Hotels","publisher":{"@id":"https:\/\/www.cbh-cyprus.com\/pl\/#organization"},"potentialAction":[{"@type":"SearchAction","target":{"@type":"EntryPoint","urlTemplate":"https:\/\/www.cbh-cyprus.com\/pl\/?s={search_term_string}"},"query-input":{"@type":"PropertyValueSpecification","valueRequired":true,"valueName":"search_term_string"}}],"inLanguage":"pl-PL"},{"@type":"Organization","@id":"https:\/\/www.cbh-cyprus.com\/pl\/#organization","name":"Constantinou Bros Hotels","url":"https:\/\/www.cbh-cyprus.com\/pl\/","logo":{"@type":"ImageObject","inLanguage":"pl-PL","@id":"https:\/\/www.cbh-cyprus.com\/pl\/#\/schema\/logo\/image\/","url":"https:\/\/www.cbh-cyprus.com\/app\/uploads\/sites\/30\/2020\/10\/cbh.jpg","contentUrl":"https:\/\/www.cbh-cyprus.com\/app\/uploads\/sites\/30\/2020\/10\/cbh.jpg","width":1013,"height":419,"caption":"Constantinou Bros Hotels"},"image":{"@id":"https:\/\/www.cbh-cyprus.com\/pl\/#\/schema\/logo\/image\/"}}]}},"_links":{"self":[{"href":"https:\/\/www.cbh-cyprus.com\/pl\/wp-json\/wp\/v2\/pages\/37064","targetHints":{"allow":["GET"]}}],"collection":[{"href":"https:\/\/www.cbh-cyprus.com\/pl\/wp-json\/wp\/v2\/pages"}],"about":[{"href":"https:\/\/www.cbh-cyprus.com\/pl\/wp-json\/wp\/v2\/types\/page"}],"author":[{"embeddable":true,"href":"https:\/\/www.cbh-cyprus.com\/pl\/wp-json\/wp\/v2\/users\/100"}],"replies":[{"embeddable":true,"href":"https:\/\/www.cbh-cyprus.com\/pl\/wp-json\/wp\/v2\/comments?post=37064"}],"version-history":[{"count":1,"href":"https:\/\/www.cbh-cyprus.com\/pl\/wp-json\/wp\/v2\/pages\/37064\/revisions"}],"predecessor-version":[{"id":37233,"href":"https:\/\/www.cbh-cyprus.com\/pl\/wp-json\/wp\/v2\/pages\/37064\/revisions\/37233"}],"up":[{"embeddable":true,"href":"https:\/\/www.cbh-cyprus.com\/pl\/wp-json\/wp\/v2\/pages\/37231"}],"wp:featuredmedia":[{"embeddable":true,"href":"https:\/\/www.cbh-cyprus.com\/pl\/wp-json\/wp\/v2\/media\/40157"}],"wp:attachment":[{"href":"https:\/\/www.cbh-cyprus.com\/pl\/wp-json\/wp\/v2\/media?parent=37064"}],"curies":[{"name":"wp","href":"https:\/\/api.w.org\/{rel}","templated":true}]}}