{"id":37075,"date":"2024-07-23T12:15:28","date_gmt":"2024-07-23T09:15:28","guid":{"rendered":"https:\/\/www.cbh-cyprus.com\/taniec-wakacje\/"},"modified":"2024-09-13T11:38:44","modified_gmt":"2024-09-13T08:38:44","slug":"taniec-wakacje","status":"publish","type":"page","link":"https:\/\/www.cbh-cyprus.com\/pl\/dzialania\/taniec-wakacje\/","title":{"rendered":"Wakacje z ta\u0144cem"},"content":{"rendered":"<p>Wszystkie hotele dysponuj\u0105 salami balowymi dostosowanymi do Pa\u0144stwa potrzeb, oferuj\u0105c sale bez filar\u00f3w z drewnianymi pod\u0142ogami, kt\u00f3re mog\u0105 pomie\u015bci\u0107 do 200 tancerzy, co jest idealne dla entuzjast\u00f3w ta\u0144ca i zapewni przyjemne taneczne wakacje na Cyprze.<br \/>\nHotele Constantinou Bros zapewniaj\u0105 szeroki i zr\u00f3\u017cnicowany program zaj\u0119\u0107 tanecznych i wieczornych imprez towarzyskich organizowanych w jednym z fantastycznych miejsc do ta\u0144ca Constantinou Bros Hotels.<br \/>\nHotele maj\u0105 r\u00f3wnie\u017c w\u0142asnych koordynator\u00f3w ta\u0144ca od listopada do kwietnia, kt\u00f3rzy codziennie ucz\u0105 pe\u0142nego programu ta\u0144ca sekwencyjnego, towarzyskiego i latynoameryka\u0144skiego od poziomu pocz\u0105tkuj\u0105cego do zaawansowanego i sprawi\u0105, \u017ce Pa\u0144stwa taneczne wakacje na Cyprze b\u0119d\u0105 naprawd\u0119 niezapomniane.    <\/p>\n<h3><\/h3>\n<h3>Zaj\u0119cia taneczne<\/h3>\n<p>  Liderzy ta\u0144ca opracowuj\u0105 kompleksowy cotygodniowy program taneczny, obejmuj\u0105cy nauk\u0119 ta\u0144ca towarzyskiego, latynoskiego, sekwencyjnego, nowoczesnego jive&#8217;a i ta\u0144ca liniowego.<br \/>\nZaj\u0119cia taneczne oferowane s\u0105 kilka razy w tygodniu i obejmuj\u0105 zar\u00f3wno lekcje dla pocz\u0105tkuj\u0105cych, jak i doskonal\u0105ce, a tak\u017ce kursy mistrzowskie dla bardziej zaawansowanych tancerzy.<br \/>\nZaj\u0119cia z ta\u0144c\u00f3w sekwencyjnych obejmuj\u0105 nauk\u0119 popularnych ta\u0144c\u00f3w sekwencyjnych, np. Rumba 1, Square Tango, Mayfair Quickstep, Balmoral Blues.    <\/p>\n<h3><\/h3>\n<h3>Taniec towarzyski wieczorem<\/h3>\n<p>  Ta\u0144ce towarzyskie odbywaj\u0105 si\u0119 wieczorem w sze\u015b\u0107 z siedmiu wieczor\u00f3w.<br \/>\nB\u0119d\u0105 one prowadzone przez Pa\u0144stwa lider\u00f3w ta\u0144ca i b\u0119d\u0105 mieszank\u0105 ta\u0144ca towarzyskiego, latynoameryka\u0144skiego, sekwencji, ta\u0144ca liniowego i nowoczesnego jive&#8217;a.<br \/>\nMuzyka b\u0119dzie obejmowa\u0107 zar\u00f3wno stare klasyki, jak i niekt\u00f3re z nowych wsp\u00f3\u0142czesnych d\u017awi\u0119k\u00f3w.<br \/>\nTancerze i nieta\u0144cz\u0105cy go\u015bcie z ka\u017cdego z hoteli Constantinou Bros s\u0105 mile widziani, aby wzi\u0105\u0107 udzia\u0142 w ka\u017cdej z dziennych lub wieczornych zaj\u0119\u0107 tanecznych.<br \/>\nWiele os\u00f3b powtarza wizyty, aby cieszy\u0107 si\u0119 fachow\u0105 nauk\u0105 ta\u0144ca, niezr\u00f3wnanym wyborem kuchni, luksusowym zakwaterowaniem i wspania\u0142ymi lokalizacjami przy pla\u017cy.<br \/>\nAby uzyska\u0107 wi\u0119cej informacji na temat wakacji tanecznych, prosimy skontaktowa\u0107 si\u0119 z nami bezpo\u015brednio pod adresem:<a href=\"mailto:csm@cbh-cyprus.com\">E-mail:csm@cbh-cyprus.com<\/a> Tel: <a href=\"tel:%202688%\">+357 2688 4307<\/a>     <\/p>\n","protected":false},"excerpt":{"rendered":"<p>Wszystkie hotele dysponuj\u0105 salami balowymi dostosowanymi do Pa\u0144stwa potrzeb, oferuj\u0105c sale bez filar\u00f3w z drewnianymi pod\u0142ogami, kt\u00f3re mog\u0105 pomie\u015bci\u0107 do 200 tancerzy, co jest idealne dla entuzjast\u00f3w ta\u0144ca i zapewni przyjemne taneczne wakacje na Cyprze. Hotele Constantinou Bros zapewniaj\u0105 szeroki i zr\u00f3\u017cnicowany program zaj\u0119\u0107 tanecznych i wieczornych imprez towarzyskich organizowanych w jednym z fantastycznych miejsc<\/p>\n","protected":false},"author":100,"featured_media":40204,"parent":37218,"menu_order":0,"comment_status":"closed","ping_status":"closed","template":"","meta":{"_acf_changed":false,"footnotes":""},"class_list":["post-37075","page","type-page","status-publish","has-post-thumbnail","hentry"],"acf":[],"yoast_head":"<!-- This site is optimized with the Yoast SEO plugin v27.5 - https:\/\/yoast.com\/product\/yoast-seo-wordpress\/ -->\n<title>Taneczne wakacje na Cyprze, Pafos || Hotele Constantinou<\/title>\n<meta name=\"description\" content=\"Wzywamy wszystkich mi\u0142o\u015bnik\u00f3w ta\u0144ca, w Constantinou Bros Hotels mamy specjalne sale balowe i klasy, wi\u0119c do\u0142\u0105cz do nas na najbardziej niesamowite wakacje taneczne na Cyprze.\" \/>\n<meta name=\"robots\" content=\"index, follow, max-snippet:-1, max-image-preview:large, max-video-preview:-1\" \/>\n<link rel=\"canonical\" href=\"https:\/\/www.cbh-cyprus.com\/pl\/dzialania\/taniec-wakacje\/\" \/>\n<meta property=\"og:locale\" content=\"pl_PL\" \/>\n<meta property=\"og:type\" content=\"article\" \/>\n<meta property=\"og:title\" content=\"Taneczne wakacje na Cyprze, Pafos || Hotele Constantinou\" \/>\n<meta property=\"og:description\" content=\"Wzywamy wszystkich mi\u0142o\u015bnik\u00f3w ta\u0144ca, w Constantinou Bros Hotels mamy specjalne sale balowe i klasy, wi\u0119c do\u0142\u0105cz do nas na najbardziej niesamowite wakacje taneczne na Cyprze.\" \/>\n<meta property=\"og:url\" content=\"https:\/\/www.cbh-cyprus.com\/pl\/dzialania\/taniec-wakacje\/\" \/>\n<meta property=\"og:site_name\" content=\"Constantinou Bros Hotels\" \/>\n<meta property=\"article:modified_time\" content=\"2024-09-13T08:38:44+00:00\" \/>\n<meta property=\"og:image\" content=\"https:\/\/www.cbh-cyprus.com\/app\/uploads\/sites\/30\/2019\/10\/athena-royal-beach-hotel-royal-hall-dancing-room_resized.jpg\" \/>\n\t<meta property=\"og:image:width\" content=\"1920\" \/>\n\t<meta property=\"og:image:height\" content=\"1276\" \/>\n\t<meta property=\"og:image:type\" content=\"image\/jpeg\" \/>\n<meta name=\"twitter:card\" content=\"summary_large_image\" \/>\n<meta name=\"twitter:label1\" content=\"Est. reading time\" \/>\n\t<meta name=\"twitter:data1\" content=\"2 minutes\" \/>\n<script type=\"application\/ld+json\" class=\"yoast-schema-graph\">{\"@context\":\"https:\\\/\\\/schema.org\",\"@graph\":[{\"@type\":\"WebPage\",\"@id\":\"https:\\\/\\\/www.cbh-cyprus.com\\\/pl\\\/dzialania\\\/taniec-wakacje\\\/\",\"url\":\"https:\\\/\\\/www.cbh-cyprus.com\\\/pl\\\/dzialania\\\/taniec-wakacje\\\/\",\"name\":\"Taneczne wakacje na Cyprze, Pafos || Hotele Constantinou\",\"isPartOf\":{\"@id\":\"https:\\\/\\\/www.cbh-cyprus.com\\\/pl\\\/#website\"},\"primaryImageOfPage\":{\"@id\":\"https:\\\/\\\/www.cbh-cyprus.com\\\/pl\\\/dzialania\\\/taniec-wakacje\\\/#primaryimage\"},\"image\":{\"@id\":\"https:\\\/\\\/www.cbh-cyprus.com\\\/pl\\\/dzialania\\\/taniec-wakacje\\\/#primaryimage\"},\"thumbnailUrl\":\"https:\\\/\\\/www.cbh-cyprus.com\\\/app\\\/uploads\\\/sites\\\/30\\\/2019\\\/10\\\/athena-royal-beach-hotel-royal-hall-dancing-room_resized.jpg\",\"datePublished\":\"2024-07-23T09:15:28+00:00\",\"dateModified\":\"2024-09-13T08:38:44+00:00\",\"description\":\"Wzywamy wszystkich mi\u0142o\u015bnik\u00f3w ta\u0144ca, w Constantinou Bros Hotels mamy specjalne sale balowe i klasy, wi\u0119c do\u0142\u0105cz do nas na najbardziej niesamowite wakacje taneczne na Cyprze.\",\"breadcrumb\":{\"@id\":\"https:\\\/\\\/www.cbh-cyprus.com\\\/pl\\\/dzialania\\\/taniec-wakacje\\\/#breadcrumb\"},\"inLanguage\":\"pl-PL\",\"potentialAction\":[{\"@type\":\"ReadAction\",\"target\":[\"https:\\\/\\\/www.cbh-cyprus.com\\\/pl\\\/dzialania\\\/taniec-wakacje\\\/\"]}]},{\"@type\":\"ImageObject\",\"inLanguage\":\"pl-PL\",\"@id\":\"https:\\\/\\\/www.cbh-cyprus.com\\\/pl\\\/dzialania\\\/taniec-wakacje\\\/#primaryimage\",\"url\":\"https:\\\/\\\/www.cbh-cyprus.com\\\/app\\\/uploads\\\/sites\\\/30\\\/2019\\\/10\\\/athena-royal-beach-hotel-royal-hall-dancing-room_resized.jpg\",\"contentUrl\":\"https:\\\/\\\/www.cbh-cyprus.com\\\/app\\\/uploads\\\/sites\\\/30\\\/2019\\\/10\\\/athena-royal-beach-hotel-royal-hall-dancing-room_resized.jpg\",\"width\":1920,\"height\":1276},{\"@type\":\"BreadcrumbList\",\"@id\":\"https:\\\/\\\/www.cbh-cyprus.com\\\/pl\\\/dzialania\\\/taniec-wakacje\\\/#breadcrumb\",\"itemListElement\":[{\"@type\":\"ListItem\",\"position\":1,\"name\":\"Home\",\"item\":\"https:\\\/\\\/www.cbh-cyprus.com\\\/pl\\\/welcome-to-constantinou-bros-hotels\\\/\"},{\"@type\":\"ListItem\",\"position\":2,\"name\":\"Dzia\u0142ania\",\"item\":\"https:\\\/\\\/www.cbh-cyprus.com\\\/pl\\\/dzialania\\\/\"},{\"@type\":\"ListItem\",\"position\":3,\"name\":\"Wakacje z ta\u0144cem\"}]},{\"@type\":\"WebSite\",\"@id\":\"https:\\\/\\\/www.cbh-cyprus.com\\\/pl\\\/#website\",\"url\":\"https:\\\/\\\/www.cbh-cyprus.com\\\/pl\\\/\",\"name\":\"Constantinou Bros Hotels\",\"description\":\"Constantinou Bros Hotels\",\"publisher\":{\"@id\":\"https:\\\/\\\/www.cbh-cyprus.com\\\/pl\\\/#organization\"},\"potentialAction\":[{\"@type\":\"SearchAction\",\"target\":{\"@type\":\"EntryPoint\",\"urlTemplate\":\"https:\\\/\\\/www.cbh-cyprus.com\\\/pl\\\/?s={search_term_string}\"},\"query-input\":{\"@type\":\"PropertyValueSpecification\",\"valueRequired\":true,\"valueName\":\"search_term_string\"}}],\"inLanguage\":\"pl-PL\"},{\"@type\":\"Organization\",\"@id\":\"https:\\\/\\\/www.cbh-cyprus.com\\\/pl\\\/#organization\",\"name\":\"Constantinou Bros Hotels\",\"url\":\"https:\\\/\\\/www.cbh-cyprus.com\\\/pl\\\/\",\"logo\":{\"@type\":\"ImageObject\",\"inLanguage\":\"pl-PL\",\"@id\":\"https:\\\/\\\/www.cbh-cyprus.com\\\/pl\\\/#\\\/schema\\\/logo\\\/image\\\/\",\"url\":\"https:\\\/\\\/www.cbh-cyprus.com\\\/app\\\/uploads\\\/sites\\\/30\\\/2020\\\/10\\\/cbh.jpg\",\"contentUrl\":\"https:\\\/\\\/www.cbh-cyprus.com\\\/app\\\/uploads\\\/sites\\\/30\\\/2020\\\/10\\\/cbh.jpg\",\"width\":1013,\"height\":419,\"caption\":\"Constantinou Bros Hotels\"},\"image\":{\"@id\":\"https:\\\/\\\/www.cbh-cyprus.com\\\/pl\\\/#\\\/schema\\\/logo\\\/image\\\/\"}}]}<\/script>\n<!-- \/ Yoast SEO plugin. -->","yoast_head_json":{"title":"Taneczne wakacje na Cyprze, Pafos || Hotele Constantinou","description":"Wzywamy wszystkich mi\u0142o\u015bnik\u00f3w ta\u0144ca, w Constantinou Bros Hotels mamy specjalne sale balowe i klasy, wi\u0119c do\u0142\u0105cz do nas na najbardziej niesamowite wakacje taneczne na Cyprze.","robots":{"index":"index","follow":"follow","max-snippet":"max-snippet:-1","max-image-preview":"max-image-preview:large","max-video-preview":"max-video-preview:-1"},"canonical":"https:\/\/www.cbh-cyprus.com\/pl\/dzialania\/taniec-wakacje\/","og_locale":"pl_PL","og_type":"article","og_title":"Taneczne wakacje na Cyprze, Pafos || Hotele Constantinou","og_description":"Wzywamy wszystkich mi\u0142o\u015bnik\u00f3w ta\u0144ca, w Constantinou Bros Hotels mamy specjalne sale balowe i klasy, wi\u0119c do\u0142\u0105cz do nas na najbardziej niesamowite wakacje taneczne na Cyprze.","og_url":"https:\/\/www.cbh-cyprus.com\/pl\/dzialania\/taniec-wakacje\/","og_site_name":"Constantinou Bros Hotels","article_modified_time":"2024-09-13T08:38:44+00:00","og_image":[{"width":1920,"height":1276,"url":"https:\/\/www.cbh-cyprus.com\/app\/uploads\/sites\/30\/2019\/10\/athena-royal-beach-hotel-royal-hall-dancing-room_resized.jpg","type":"image\/jpeg"}],"twitter_card":"summary_large_image","twitter_misc":{"Est. reading time":"2 minutes"},"schema":{"@context":"https:\/\/schema.org","@graph":[{"@type":"WebPage","@id":"https:\/\/www.cbh-cyprus.com\/pl\/dzialania\/taniec-wakacje\/","url":"https:\/\/www.cbh-cyprus.com\/pl\/dzialania\/taniec-wakacje\/","name":"Taneczne wakacje na Cyprze, Pafos || Hotele Constantinou","isPartOf":{"@id":"https:\/\/www.cbh-cyprus.com\/pl\/#website"},"primaryImageOfPage":{"@id":"https:\/\/www.cbh-cyprus.com\/pl\/dzialania\/taniec-wakacje\/#primaryimage"},"image":{"@id":"https:\/\/www.cbh-cyprus.com\/pl\/dzialania\/taniec-wakacje\/#primaryimage"},"thumbnailUrl":"https:\/\/www.cbh-cyprus.com\/app\/uploads\/sites\/30\/2019\/10\/athena-royal-beach-hotel-royal-hall-dancing-room_resized.jpg","datePublished":"2024-07-23T09:15:28+00:00","dateModified":"2024-09-13T08:38:44+00:00","description":"Wzywamy wszystkich mi\u0142o\u015bnik\u00f3w ta\u0144ca, w Constantinou Bros Hotels mamy specjalne sale balowe i klasy, wi\u0119c do\u0142\u0105cz do nas na najbardziej niesamowite wakacje taneczne na Cyprze.","breadcrumb":{"@id":"https:\/\/www.cbh-cyprus.com\/pl\/dzialania\/taniec-wakacje\/#breadcrumb"},"inLanguage":"pl-PL","potentialAction":[{"@type":"ReadAction","target":["https:\/\/www.cbh-cyprus.com\/pl\/dzialania\/taniec-wakacje\/"]}]},{"@type":"ImageObject","inLanguage":"pl-PL","@id":"https:\/\/www.cbh-cyprus.com\/pl\/dzialania\/taniec-wakacje\/#primaryimage","url":"https:\/\/www.cbh-cyprus.com\/app\/uploads\/sites\/30\/2019\/10\/athena-royal-beach-hotel-royal-hall-dancing-room_resized.jpg","contentUrl":"https:\/\/www.cbh-cyprus.com\/app\/uploads\/sites\/30\/2019\/10\/athena-royal-beach-hotel-royal-hall-dancing-room_resized.jpg","width":1920,"height":1276},{"@type":"BreadcrumbList","@id":"https:\/\/www.cbh-cyprus.com\/pl\/dzialania\/taniec-wakacje\/#breadcrumb","itemListElement":[{"@type":"ListItem","position":1,"name":"Home","item":"https:\/\/www.cbh-cyprus.com\/pl\/welcome-to-constantinou-bros-hotels\/"},{"@type":"ListItem","position":2,"name":"Dzia\u0142ania","item":"https:\/\/www.cbh-cyprus.com\/pl\/dzialania\/"},{"@type":"ListItem","position":3,"name":"Wakacje z ta\u0144cem"}]},{"@type":"WebSite","@id":"https:\/\/www.cbh-cyprus.com\/pl\/#website","url":"https:\/\/www.cbh-cyprus.com\/pl\/","name":"Constantinou Bros Hotels","description":"Constantinou Bros Hotels","publisher":{"@id":"https:\/\/www.cbh-cyprus.com\/pl\/#organization"},"potentialAction":[{"@type":"SearchAction","target":{"@type":"EntryPoint","urlTemplate":"https:\/\/www.cbh-cyprus.com\/pl\/?s={search_term_string}"},"query-input":{"@type":"PropertyValueSpecification","valueRequired":true,"valueName":"search_term_string"}}],"inLanguage":"pl-PL"},{"@type":"Organization","@id":"https:\/\/www.cbh-cyprus.com\/pl\/#organization","name":"Constantinou Bros Hotels","url":"https:\/\/www.cbh-cyprus.com\/pl\/","logo":{"@type":"ImageObject","inLanguage":"pl-PL","@id":"https:\/\/www.cbh-cyprus.com\/pl\/#\/schema\/logo\/image\/","url":"https:\/\/www.cbh-cyprus.com\/app\/uploads\/sites\/30\/2020\/10\/cbh.jpg","contentUrl":"https:\/\/www.cbh-cyprus.com\/app\/uploads\/sites\/30\/2020\/10\/cbh.jpg","width":1013,"height":419,"caption":"Constantinou Bros Hotels"},"image":{"@id":"https:\/\/www.cbh-cyprus.com\/pl\/#\/schema\/logo\/image\/"}}]}},"_links":{"self":[{"href":"https:\/\/www.cbh-cyprus.com\/pl\/wp-json\/wp\/v2\/pages\/37075","targetHints":{"allow":["GET"]}}],"collection":[{"href":"https:\/\/www.cbh-cyprus.com\/pl\/wp-json\/wp\/v2\/pages"}],"about":[{"href":"https:\/\/www.cbh-cyprus.com\/pl\/wp-json\/wp\/v2\/types\/page"}],"author":[{"embeddable":true,"href":"https:\/\/www.cbh-cyprus.com\/pl\/wp-json\/wp\/v2\/users\/100"}],"replies":[{"embeddable":true,"href":"https:\/\/www.cbh-cyprus.com\/pl\/wp-json\/wp\/v2\/comments?post=37075"}],"version-history":[{"count":1,"href":"https:\/\/www.cbh-cyprus.com\/pl\/wp-json\/wp\/v2\/pages\/37075\/revisions"}],"predecessor-version":[{"id":37219,"href":"https:\/\/www.cbh-cyprus.com\/pl\/wp-json\/wp\/v2\/pages\/37075\/revisions\/37219"}],"up":[{"embeddable":true,"href":"https:\/\/www.cbh-cyprus.com\/pl\/wp-json\/wp\/v2\/pages\/37218"}],"wp:featuredmedia":[{"embeddable":true,"href":"https:\/\/www.cbh-cyprus.com\/pl\/wp-json\/wp\/v2\/media\/40204"}],"wp:attachment":[{"href":"https:\/\/www.cbh-cyprus.com\/pl\/wp-json\/wp\/v2\/media?parent=37075"}],"curies":[{"name":"wp","href":"https:\/\/api.w.org\/{rel}","templated":true}]}}