{"id":37076,"date":"2024-07-23T12:15:28","date_gmt":"2024-07-23T09:15:28","guid":{"rendered":"https:\/\/www.cbh-cyprus.com\/bowling-news\/bowls-cypr-national-final-competition-may-2019\/"},"modified":"2024-09-13T11:47:06","modified_gmt":"2024-09-13T08:47:06","slug":"bowls-cypr-national-final-competition-may-2019","status":"publish","type":"page","link":"https:\/\/www.cbh-cyprus.com\/pl\/dzialania\/bowling-wakacje\/bowling-news\/bowls-cypr-national-final-competition-may-2019\/","title":{"rendered":"Krajowe zawody fina\u0142owe Bowls Cyprus &#8211; maj 2019 r."},"content":{"rendered":"<h1>Podsumowanie: Krajowy fina\u0142 konkursu Bowls Cyprus triumfuje w Athena Beach Hotel, 2 i 3 maja 2019 r.!<\/h1>\n<p>  Krajowe zawody fina\u0142owe Bowls Cyprus odby\u0142y si\u0119 w <a href=\"https:\/\/athena-cbh.com\/\" target=\"_blank\" rel=\"noopener noreferrer\">hotelu Athena Beach<\/a> w dniach 2 i 3 maja 2019 roku.<br \/>\nCo za wspania\u0142e dwa dni gry w kr\u0119gle ze wspania\u0142\u0105 pogod\u0105, w sam raz na kr\u0119gle!<br \/>\nBrawo dla wszystkich uczestnik\u00f3w, kt\u00f3rzy wzi\u0119li udzia\u0142 w tym ekscytuj\u0105cym wydarzeniu, wyniki s\u0105 dost\u0119pne na stronie Bowls Cyprus.<br \/>\nBowls Cyprus we wsp\u00f3\u0142pracy z Constantinou Bros Hotels ma przyjemno\u015b\u0107 og\u0142osi\u0107 nowe, zatwierdzone przez World Bowls, mi\u0119dzynarodowe wydarzenie, kt\u00f3re odb\u0119dzie si\u0119 w Pafos na Cyprze w pa\u017adzierniku 2021 r., a mianowicie Altantic Senior Fours 2020<a href=\"https:\/\/www.atlanticseniorfours.com\" target=\"_blank\" rel=\"noopener noreferrer\"> https:\/\/www.atlanticseniorfours.com.<\/a>   <\/p>\n","protected":false},"excerpt":{"rendered":"<p>Podsumowanie: Krajowy fina\u0142 konkursu Bowls Cyprus triumfuje w Athena Beach Hotel, 2 i 3 maja 2019 r.! Krajowe zawody fina\u0142owe Bowls Cyprus odby\u0142y si\u0119 w hotelu Athena Beach w dniach 2 i 3 maja 2019 roku. Co za wspania\u0142e dwa dni gry w kr\u0119gle ze wspania\u0142\u0105 pogod\u0105, w sam raz na kr\u0119gle! Brawo dla wszystkich<\/p>\n","protected":false},"author":100,"featured_media":40203,"parent":37064,"menu_order":0,"comment_status":"closed","ping_status":"closed","template":"","meta":{"_acf_changed":false,"footnotes":""},"class_list":["post-37076","page","type-page","status-publish","has-post-thumbnail","hentry"],"acf":[],"yoast_head":"<!-- This site is optimized with the Yoast SEO plugin v27.3 - https:\/\/yoast.com\/product\/yoast-seo-wordpress\/ -->\n<title>Krajowe zawody fina\u0142owe Bowls Cyprus - maj 2019 - Constantinou Bros Hotels<\/title>\n<meta name=\"description\" content=\"Dwa wspania\u0142e dni sp\u0119dzone na krajowych zawodach fina\u0142owych Bowls Cyprus, kt\u00f3re odby\u0142y si\u0119 w Athena Beach Hotel by Constantinou Bros Hotels w dniach 2 i 3 maja 2019 roku.\" \/>\n<meta name=\"robots\" content=\"index, follow, max-snippet:-1, max-image-preview:large, max-video-preview:-1\" \/>\n<link rel=\"canonical\" href=\"https:\/\/www.cbh-cyprus.com\/pl\/dzialania\/bowling-wakacje\/bowling-news\/bowls-cypr-national-final-competition-may-2019\/\" \/>\n<meta property=\"og:locale\" content=\"pl_PL\" \/>\n<meta property=\"og:type\" content=\"article\" \/>\n<meta property=\"og:title\" content=\"Krajowe zawody fina\u0142owe Bowls Cyprus - maj 2019 - Constantinou Bros Hotels\" \/>\n<meta property=\"og:description\" content=\"Dwa wspania\u0142e dni sp\u0119dzone na krajowych zawodach fina\u0142owych Bowls Cyprus, kt\u00f3re odby\u0142y si\u0119 w Athena Beach Hotel by Constantinou Bros Hotels w dniach 2 i 3 maja 2019 roku.\" \/>\n<meta property=\"og:url\" content=\"https:\/\/www.cbh-cyprus.com\/pl\/dzialania\/bowling-wakacje\/bowling-news\/bowls-cypr-national-final-competition-may-2019\/\" \/>\n<meta property=\"og:site_name\" content=\"Constantinou Bros Hotels\" \/>\n<meta property=\"article:modified_time\" content=\"2024-09-13T08:47:06+00:00\" \/>\n<meta property=\"og:image\" content=\"https:\/\/www.cbh-cyprus.com\/app\/uploads\/sites\/30\/2019\/07\/phoca_thumb_l__aug2838.jpg\" \/>\n\t<meta property=\"og:image:width\" content=\"640\" \/>\n\t<meta property=\"og:image:height\" content=\"426\" \/>\n\t<meta property=\"og:image:type\" content=\"image\/jpeg\" \/>\n<meta name=\"twitter:card\" content=\"summary_large_image\" \/>\n<meta name=\"twitter:label1\" content=\"Est. reading time\" \/>\n\t<meta name=\"twitter:data1\" content=\"1 minute\" \/>\n<script type=\"application\/ld+json\" class=\"yoast-schema-graph\">{\"@context\":\"https:\\\/\\\/schema.org\",\"@graph\":[{\"@type\":\"WebPage\",\"@id\":\"https:\\\/\\\/www.cbh-cyprus.com\\\/pl\\\/dzialania\\\/bowling-wakacje\\\/bowling-news\\\/bowls-cypr-national-final-competition-may-2019\\\/\",\"url\":\"https:\\\/\\\/www.cbh-cyprus.com\\\/pl\\\/dzialania\\\/bowling-wakacje\\\/bowling-news\\\/bowls-cypr-national-final-competition-may-2019\\\/\",\"name\":\"Krajowe zawody fina\u0142owe Bowls Cyprus - maj 2019 - Constantinou Bros Hotels\",\"isPartOf\":{\"@id\":\"https:\\\/\\\/www.cbh-cyprus.com\\\/pl\\\/#website\"},\"primaryImageOfPage\":{\"@id\":\"https:\\\/\\\/www.cbh-cyprus.com\\\/pl\\\/dzialania\\\/bowling-wakacje\\\/bowling-news\\\/bowls-cypr-national-final-competition-may-2019\\\/#primaryimage\"},\"image\":{\"@id\":\"https:\\\/\\\/www.cbh-cyprus.com\\\/pl\\\/dzialania\\\/bowling-wakacje\\\/bowling-news\\\/bowls-cypr-national-final-competition-may-2019\\\/#primaryimage\"},\"thumbnailUrl\":\"https:\\\/\\\/www.cbh-cyprus.com\\\/app\\\/uploads\\\/sites\\\/30\\\/2019\\\/07\\\/phoca_thumb_l__aug2838.jpg\",\"datePublished\":\"2024-07-23T09:15:28+00:00\",\"dateModified\":\"2024-09-13T08:47:06+00:00\",\"description\":\"Dwa wspania\u0142e dni sp\u0119dzone na krajowych zawodach fina\u0142owych Bowls Cyprus, kt\u00f3re odby\u0142y si\u0119 w Athena Beach Hotel by Constantinou Bros Hotels w dniach 2 i 3 maja 2019 roku.\",\"breadcrumb\":{\"@id\":\"https:\\\/\\\/www.cbh-cyprus.com\\\/pl\\\/dzialania\\\/bowling-wakacje\\\/bowling-news\\\/bowls-cypr-national-final-competition-may-2019\\\/#breadcrumb\"},\"inLanguage\":\"pl-PL\",\"potentialAction\":[{\"@type\":\"ReadAction\",\"target\":[\"https:\\\/\\\/www.cbh-cyprus.com\\\/pl\\\/dzialania\\\/bowling-wakacje\\\/bowling-news\\\/bowls-cypr-national-final-competition-may-2019\\\/\"]}]},{\"@type\":\"ImageObject\",\"inLanguage\":\"pl-PL\",\"@id\":\"https:\\\/\\\/www.cbh-cyprus.com\\\/pl\\\/dzialania\\\/bowling-wakacje\\\/bowling-news\\\/bowls-cypr-national-final-competition-may-2019\\\/#primaryimage\",\"url\":\"https:\\\/\\\/www.cbh-cyprus.com\\\/app\\\/uploads\\\/sites\\\/30\\\/2019\\\/07\\\/phoca_thumb_l__aug2838.jpg\",\"contentUrl\":\"https:\\\/\\\/www.cbh-cyprus.com\\\/app\\\/uploads\\\/sites\\\/30\\\/2019\\\/07\\\/phoca_thumb_l__aug2838.jpg\",\"width\":640,\"height\":426,\"caption\":\"Games\"},{\"@type\":\"BreadcrumbList\",\"@id\":\"https:\\\/\\\/www.cbh-cyprus.com\\\/pl\\\/dzialania\\\/bowling-wakacje\\\/bowling-news\\\/bowls-cypr-national-final-competition-may-2019\\\/#breadcrumb\",\"itemListElement\":[{\"@type\":\"ListItem\",\"position\":1,\"name\":\"Home\",\"item\":\"https:\\\/\\\/www.cbh-cyprus.com\\\/pl\\\/welcome-to-constantinou-bros-hotels\\\/\"},{\"@type\":\"ListItem\",\"position\":2,\"name\":\"Dzia\u0142ania\",\"item\":\"https:\\\/\\\/www.cbh-cyprus.com\\\/pl\\\/dzialania\\\/\"},{\"@type\":\"ListItem\",\"position\":3,\"name\":\"Wakacje na kr\u0119gielni\",\"item\":\"https:\\\/\\\/www.cbh-cyprus.com\\\/pl\\\/dzialania\\\/bowling-wakacje\\\/\"},{\"@type\":\"ListItem\",\"position\":4,\"name\":\"Bowling News\",\"item\":\"https:\\\/\\\/www.cbh-cyprus.com\\\/pl\\\/dzialania\\\/bowling-wakacje\\\/bowling-news\\\/\"},{\"@type\":\"ListItem\",\"position\":5,\"name\":\"Krajowe zawody fina\u0142owe Bowls Cyprus &#8211; maj 2019 r.\"}]},{\"@type\":\"WebSite\",\"@id\":\"https:\\\/\\\/www.cbh-cyprus.com\\\/pl\\\/#website\",\"url\":\"https:\\\/\\\/www.cbh-cyprus.com\\\/pl\\\/\",\"name\":\"Constantinou Bros Hotels\",\"description\":\"Constantinou Bros Hotels\",\"publisher\":{\"@id\":\"https:\\\/\\\/www.cbh-cyprus.com\\\/pl\\\/#organization\"},\"potentialAction\":[{\"@type\":\"SearchAction\",\"target\":{\"@type\":\"EntryPoint\",\"urlTemplate\":\"https:\\\/\\\/www.cbh-cyprus.com\\\/pl\\\/?s={search_term_string}\"},\"query-input\":{\"@type\":\"PropertyValueSpecification\",\"valueRequired\":true,\"valueName\":\"search_term_string\"}}],\"inLanguage\":\"pl-PL\"},{\"@type\":\"Organization\",\"@id\":\"https:\\\/\\\/www.cbh-cyprus.com\\\/pl\\\/#organization\",\"name\":\"Constantinou Bros Hotels\",\"url\":\"https:\\\/\\\/www.cbh-cyprus.com\\\/pl\\\/\",\"logo\":{\"@type\":\"ImageObject\",\"inLanguage\":\"pl-PL\",\"@id\":\"https:\\\/\\\/www.cbh-cyprus.com\\\/pl\\\/#\\\/schema\\\/logo\\\/image\\\/\",\"url\":\"https:\\\/\\\/www.cbh-cyprus.com\\\/app\\\/uploads\\\/sites\\\/30\\\/2020\\\/10\\\/cbh.jpg\",\"contentUrl\":\"https:\\\/\\\/www.cbh-cyprus.com\\\/app\\\/uploads\\\/sites\\\/30\\\/2020\\\/10\\\/cbh.jpg\",\"width\":1013,\"height\":419,\"caption\":\"Constantinou Bros Hotels\"},\"image\":{\"@id\":\"https:\\\/\\\/www.cbh-cyprus.com\\\/pl\\\/#\\\/schema\\\/logo\\\/image\\\/\"}}]}<\/script>\n<!-- \/ Yoast SEO plugin. -->","yoast_head_json":{"title":"Krajowe zawody fina\u0142owe Bowls Cyprus - maj 2019 - Constantinou Bros Hotels","description":"Dwa wspania\u0142e dni sp\u0119dzone na krajowych zawodach fina\u0142owych Bowls Cyprus, kt\u00f3re odby\u0142y si\u0119 w Athena Beach Hotel by Constantinou Bros Hotels w dniach 2 i 3 maja 2019 roku.","robots":{"index":"index","follow":"follow","max-snippet":"max-snippet:-1","max-image-preview":"max-image-preview:large","max-video-preview":"max-video-preview:-1"},"canonical":"https:\/\/www.cbh-cyprus.com\/pl\/dzialania\/bowling-wakacje\/bowling-news\/bowls-cypr-national-final-competition-may-2019\/","og_locale":"pl_PL","og_type":"article","og_title":"Krajowe zawody fina\u0142owe Bowls Cyprus - maj 2019 - Constantinou Bros Hotels","og_description":"Dwa wspania\u0142e dni sp\u0119dzone na krajowych zawodach fina\u0142owych Bowls Cyprus, kt\u00f3re odby\u0142y si\u0119 w Athena Beach Hotel by Constantinou Bros Hotels w dniach 2 i 3 maja 2019 roku.","og_url":"https:\/\/www.cbh-cyprus.com\/pl\/dzialania\/bowling-wakacje\/bowling-news\/bowls-cypr-national-final-competition-may-2019\/","og_site_name":"Constantinou Bros Hotels","article_modified_time":"2024-09-13T08:47:06+00:00","og_image":[{"width":640,"height":426,"url":"https:\/\/www.cbh-cyprus.com\/app\/uploads\/sites\/30\/2019\/07\/phoca_thumb_l__aug2838.jpg","type":"image\/jpeg"}],"twitter_card":"summary_large_image","twitter_misc":{"Est. reading time":"1 minute"},"schema":{"@context":"https:\/\/schema.org","@graph":[{"@type":"WebPage","@id":"https:\/\/www.cbh-cyprus.com\/pl\/dzialania\/bowling-wakacje\/bowling-news\/bowls-cypr-national-final-competition-may-2019\/","url":"https:\/\/www.cbh-cyprus.com\/pl\/dzialania\/bowling-wakacje\/bowling-news\/bowls-cypr-national-final-competition-may-2019\/","name":"Krajowe zawody fina\u0142owe Bowls Cyprus - maj 2019 - Constantinou Bros Hotels","isPartOf":{"@id":"https:\/\/www.cbh-cyprus.com\/pl\/#website"},"primaryImageOfPage":{"@id":"https:\/\/www.cbh-cyprus.com\/pl\/dzialania\/bowling-wakacje\/bowling-news\/bowls-cypr-national-final-competition-may-2019\/#primaryimage"},"image":{"@id":"https:\/\/www.cbh-cyprus.com\/pl\/dzialania\/bowling-wakacje\/bowling-news\/bowls-cypr-national-final-competition-may-2019\/#primaryimage"},"thumbnailUrl":"https:\/\/www.cbh-cyprus.com\/app\/uploads\/sites\/30\/2019\/07\/phoca_thumb_l__aug2838.jpg","datePublished":"2024-07-23T09:15:28+00:00","dateModified":"2024-09-13T08:47:06+00:00","description":"Dwa wspania\u0142e dni sp\u0119dzone na krajowych zawodach fina\u0142owych Bowls Cyprus, kt\u00f3re odby\u0142y si\u0119 w Athena Beach Hotel by Constantinou Bros Hotels w dniach 2 i 3 maja 2019 roku.","breadcrumb":{"@id":"https:\/\/www.cbh-cyprus.com\/pl\/dzialania\/bowling-wakacje\/bowling-news\/bowls-cypr-national-final-competition-may-2019\/#breadcrumb"},"inLanguage":"pl-PL","potentialAction":[{"@type":"ReadAction","target":["https:\/\/www.cbh-cyprus.com\/pl\/dzialania\/bowling-wakacje\/bowling-news\/bowls-cypr-national-final-competition-may-2019\/"]}]},{"@type":"ImageObject","inLanguage":"pl-PL","@id":"https:\/\/www.cbh-cyprus.com\/pl\/dzialania\/bowling-wakacje\/bowling-news\/bowls-cypr-national-final-competition-may-2019\/#primaryimage","url":"https:\/\/www.cbh-cyprus.com\/app\/uploads\/sites\/30\/2019\/07\/phoca_thumb_l__aug2838.jpg","contentUrl":"https:\/\/www.cbh-cyprus.com\/app\/uploads\/sites\/30\/2019\/07\/phoca_thumb_l__aug2838.jpg","width":640,"height":426,"caption":"Games"},{"@type":"BreadcrumbList","@id":"https:\/\/www.cbh-cyprus.com\/pl\/dzialania\/bowling-wakacje\/bowling-news\/bowls-cypr-national-final-competition-may-2019\/#breadcrumb","itemListElement":[{"@type":"ListItem","position":1,"name":"Home","item":"https:\/\/www.cbh-cyprus.com\/pl\/welcome-to-constantinou-bros-hotels\/"},{"@type":"ListItem","position":2,"name":"Dzia\u0142ania","item":"https:\/\/www.cbh-cyprus.com\/pl\/dzialania\/"},{"@type":"ListItem","position":3,"name":"Wakacje na kr\u0119gielni","item":"https:\/\/www.cbh-cyprus.com\/pl\/dzialania\/bowling-wakacje\/"},{"@type":"ListItem","position":4,"name":"Bowling News","item":"https:\/\/www.cbh-cyprus.com\/pl\/dzialania\/bowling-wakacje\/bowling-news\/"},{"@type":"ListItem","position":5,"name":"Krajowe zawody fina\u0142owe Bowls Cyprus &#8211; maj 2019 r."}]},{"@type":"WebSite","@id":"https:\/\/www.cbh-cyprus.com\/pl\/#website","url":"https:\/\/www.cbh-cyprus.com\/pl\/","name":"Constantinou Bros Hotels","description":"Constantinou Bros Hotels","publisher":{"@id":"https:\/\/www.cbh-cyprus.com\/pl\/#organization"},"potentialAction":[{"@type":"SearchAction","target":{"@type":"EntryPoint","urlTemplate":"https:\/\/www.cbh-cyprus.com\/pl\/?s={search_term_string}"},"query-input":{"@type":"PropertyValueSpecification","valueRequired":true,"valueName":"search_term_string"}}],"inLanguage":"pl-PL"},{"@type":"Organization","@id":"https:\/\/www.cbh-cyprus.com\/pl\/#organization","name":"Constantinou Bros Hotels","url":"https:\/\/www.cbh-cyprus.com\/pl\/","logo":{"@type":"ImageObject","inLanguage":"pl-PL","@id":"https:\/\/www.cbh-cyprus.com\/pl\/#\/schema\/logo\/image\/","url":"https:\/\/www.cbh-cyprus.com\/app\/uploads\/sites\/30\/2020\/10\/cbh.jpg","contentUrl":"https:\/\/www.cbh-cyprus.com\/app\/uploads\/sites\/30\/2020\/10\/cbh.jpg","width":1013,"height":419,"caption":"Constantinou Bros Hotels"},"image":{"@id":"https:\/\/www.cbh-cyprus.com\/pl\/#\/schema\/logo\/image\/"}}]}},"_links":{"self":[{"href":"https:\/\/www.cbh-cyprus.com\/pl\/wp-json\/wp\/v2\/pages\/37076","targetHints":{"allow":["GET"]}}],"collection":[{"href":"https:\/\/www.cbh-cyprus.com\/pl\/wp-json\/wp\/v2\/pages"}],"about":[{"href":"https:\/\/www.cbh-cyprus.com\/pl\/wp-json\/wp\/v2\/types\/page"}],"author":[{"embeddable":true,"href":"https:\/\/www.cbh-cyprus.com\/pl\/wp-json\/wp\/v2\/users\/100"}],"replies":[{"embeddable":true,"href":"https:\/\/www.cbh-cyprus.com\/pl\/wp-json\/wp\/v2\/comments?post=37076"}],"version-history":[{"count":1,"href":"https:\/\/www.cbh-cyprus.com\/pl\/wp-json\/wp\/v2\/pages\/37076\/revisions"}],"predecessor-version":[{"id":41246,"href":"https:\/\/www.cbh-cyprus.com\/pl\/wp-json\/wp\/v2\/pages\/37076\/revisions\/41246"}],"up":[{"embeddable":true,"href":"https:\/\/www.cbh-cyprus.com\/pl\/wp-json\/wp\/v2\/pages\/37064"}],"wp:featuredmedia":[{"embeddable":true,"href":"https:\/\/www.cbh-cyprus.com\/pl\/wp-json\/wp\/v2\/media\/40203"}],"wp:attachment":[{"href":"https:\/\/www.cbh-cyprus.com\/pl\/wp-json\/wp\/v2\/media?parent=37076"}],"curies":[{"name":"wp","href":"https:\/\/api.w.org\/{rel}","templated":true}]}}