{"id":37084,"date":"2024-07-23T12:15:35","date_gmt":"2024-07-23T09:15:35","guid":{"rendered":"https:\/\/www.cbh-cyprus.com\/logicom-cypr-polmaraton-polmaraton\/"},"modified":"2024-09-13T12:11:43","modified_gmt":"2024-09-13T09:11:43","slug":"logicom-cypr-polmaraton-polmaraton","status":"publish","type":"page","link":"https:\/\/www.cbh-cyprus.com\/pl\/logicom-cypr-polmaraton-polmaraton\/","title":{"rendered":"LOGICOM CYPRUS MARATHON &#8211; HALF-MARATHON, 10KM RACE &amp; 5KM FUN RUN &#8211; 15 marca 2020, PAPHOS"},"content":{"rendered":"<p><strong>DO\u0141\u0104CZ DO NAS NA ZIMOWE S\u0141O\u0143CE, BIEGAJ I BAW SI\u0118 DOBRZE!<\/strong><\/p>\n<p style=\"text-align: left;\">Po\u0142\u0105czenie zapieraj\u0105cej dech w piersiach historycznej scenerii z tradycyjn\u0105 \u015br\u00f3dziemnomorsk\u0105 go\u015bcinno\u015bci\u0105!<br \/>\nLogicom Cyprus Marathon rozpoczyna si\u0119 w miejscu narodzin Afrodyty (bogini mi\u0142o\u015bci i pi\u0119kna) i biegnie wzd\u0142u\u017c wybrze\u017ca Morza \u015ar\u00f3dziemnego.<br \/>\nMalownicza linia mety (i linia startu innych wy\u015bcig\u00f3w) znajduje si\u0119 na placu \u015bredniowiecznego fortu w Pafos, tu\u017c obok pi\u0119knego portu w Pafos.  <\/p>\n<p style=\"text-align: left;\">Prosz\u0119 wzi\u0105\u0107 udzia\u0142 w Logicom Cyprus Marathon i zakocha\u0107 si\u0119 w bieganiu!<\/p>\n<p style=\"text-align: center;\"><a href=\"https:\/\/registration.mylaps.com\/cyprus-marathon\" target=\"_blank\" rel=\"noopener noreferrer\">Prosz\u0119 zarejestrowa\u0107 si\u0119 tutaj!  <\/a><\/p>\n","protected":false},"excerpt":{"rendered":"<p>DO\u0141\u0104CZ DO NAS NA ZIMOWE S\u0141O\u0143CE, BIEGAJ I BAW SI\u0118 DOBRZE! Po\u0142\u0105czenie zapieraj\u0105cej dech w piersiach historycznej scenerii z tradycyjn\u0105 \u015br\u00f3dziemnomorsk\u0105 go\u015bcinno\u015bci\u0105! Logicom Cyprus Marathon rozpoczyna si\u0119 w miejscu narodzin Afrodyty (bogini mi\u0142o\u015bci i pi\u0119kna) i biegnie wzd\u0142u\u017c wybrze\u017ca Morza \u015ar\u00f3dziemnego. Malownicza linia mety (i linia startu innych wy\u015bcig\u00f3w) znajduje si\u0119 na placu \u015bredniowiecznego fortu<\/p>\n","protected":false},"author":100,"featured_media":40170,"parent":0,"menu_order":0,"comment_status":"closed","ping_status":"closed","template":"","meta":{"_acf_changed":false,"footnotes":""},"class_list":["post-37084","page","type-page","status-publish","has-post-thumbnail","hentry"],"acf":[],"yoast_head":"<!-- This site is optimized with the Yoast SEO plugin v27.3 - https:\/\/yoast.com\/product\/yoast-seo-wordpress\/ -->\n<title>LOGICOM CYPRUS MARATHON - HALF-MARATHON, 10KM RACE &amp; 5KM FUN RUN - 15 marca 2020, PAPHOS - Constantinou Bros Hotels<\/title>\n<meta name=\"description\" content=\"Constantinou Bros Hotels wspiera Logicom Cyprus Marathon w marcu 2020 r., wa\u017cne wydarzenie sportowe w historycznym mie\u015bcie Pafos.\" \/>\n<meta name=\"robots\" content=\"index, follow, max-snippet:-1, max-image-preview:large, max-video-preview:-1\" \/>\n<link rel=\"canonical\" href=\"https:\/\/www.cbh-cyprus.com\/pl\/logicom-cypr-polmaraton-polmaraton\/\" \/>\n<meta property=\"og:locale\" content=\"pl_PL\" \/>\n<meta property=\"og:type\" content=\"article\" \/>\n<meta property=\"og:title\" content=\"LOGICOM CYPRUS MARATHON - HALF-MARATHON, 10KM RACE &amp; 5KM FUN RUN - 15 marca 2020, PAPHOS - Constantinou Bros Hotels\" \/>\n<meta property=\"og:description\" content=\"Constantinou Bros Hotels wspiera Logicom Cyprus Marathon w marcu 2020 r., wa\u017cne wydarzenie sportowe w historycznym mie\u015bcie Pafos.\" \/>\n<meta property=\"og:url\" content=\"https:\/\/www.cbh-cyprus.com\/pl\/logicom-cypr-polmaraton-polmaraton\/\" \/>\n<meta property=\"og:site_name\" content=\"Constantinou Bros Hotels\" \/>\n<meta property=\"article:modified_time\" content=\"2024-09-13T09:11:43+00:00\" \/>\n<meta property=\"og:image\" content=\"https:\/\/www.cbh-cyprus.com\/app\/uploads\/sites\/30\/2019\/07\/logicom_resized.jpg\" \/>\n\t<meta property=\"og:image:width\" content=\"1920\" \/>\n\t<meta property=\"og:image:height\" content=\"1280\" \/>\n\t<meta property=\"og:image:type\" content=\"image\/jpeg\" \/>\n<meta name=\"twitter:card\" content=\"summary_large_image\" \/>\n<script type=\"application\/ld+json\" class=\"yoast-schema-graph\">{\"@context\":\"https:\\\/\\\/schema.org\",\"@graph\":[{\"@type\":\"WebPage\",\"@id\":\"https:\\\/\\\/www.cbh-cyprus.com\\\/pl\\\/logicom-cypr-polmaraton-polmaraton\\\/\",\"url\":\"https:\\\/\\\/www.cbh-cyprus.com\\\/pl\\\/logicom-cypr-polmaraton-polmaraton\\\/\",\"name\":\"LOGICOM CYPRUS MARATHON - HALF-MARATHON, 10KM RACE & 5KM FUN RUN - 15 marca 2020, PAPHOS - Constantinou Bros Hotels\",\"isPartOf\":{\"@id\":\"https:\\\/\\\/www.cbh-cyprus.com\\\/pl\\\/#website\"},\"primaryImageOfPage\":{\"@id\":\"https:\\\/\\\/www.cbh-cyprus.com\\\/pl\\\/logicom-cypr-polmaraton-polmaraton\\\/#primaryimage\"},\"image\":{\"@id\":\"https:\\\/\\\/www.cbh-cyprus.com\\\/pl\\\/logicom-cypr-polmaraton-polmaraton\\\/#primaryimage\"},\"thumbnailUrl\":\"https:\\\/\\\/www.cbh-cyprus.com\\\/app\\\/uploads\\\/sites\\\/30\\\/2019\\\/07\\\/logicom_resized.jpg\",\"datePublished\":\"2024-07-23T09:15:35+00:00\",\"dateModified\":\"2024-09-13T09:11:43+00:00\",\"description\":\"Constantinou Bros Hotels wspiera Logicom Cyprus Marathon w marcu 2020 r., wa\u017cne wydarzenie sportowe w historycznym mie\u015bcie Pafos.\",\"breadcrumb\":{\"@id\":\"https:\\\/\\\/www.cbh-cyprus.com\\\/pl\\\/logicom-cypr-polmaraton-polmaraton\\\/#breadcrumb\"},\"inLanguage\":\"pl-PL\",\"potentialAction\":[{\"@type\":\"ReadAction\",\"target\":[\"https:\\\/\\\/www.cbh-cyprus.com\\\/pl\\\/logicom-cypr-polmaraton-polmaraton\\\/\"]}]},{\"@type\":\"ImageObject\",\"inLanguage\":\"pl-PL\",\"@id\":\"https:\\\/\\\/www.cbh-cyprus.com\\\/pl\\\/logicom-cypr-polmaraton-polmaraton\\\/#primaryimage\",\"url\":\"https:\\\/\\\/www.cbh-cyprus.com\\\/app\\\/uploads\\\/sites\\\/30\\\/2019\\\/07\\\/logicom_resized.jpg\",\"contentUrl\":\"https:\\\/\\\/www.cbh-cyprus.com\\\/app\\\/uploads\\\/sites\\\/30\\\/2019\\\/07\\\/logicom_resized.jpg\",\"width\":1920,\"height\":1280},{\"@type\":\"BreadcrumbList\",\"@id\":\"https:\\\/\\\/www.cbh-cyprus.com\\\/pl\\\/logicom-cypr-polmaraton-polmaraton\\\/#breadcrumb\",\"itemListElement\":[{\"@type\":\"ListItem\",\"position\":1,\"name\":\"Home\",\"item\":\"https:\\\/\\\/www.cbh-cyprus.com\\\/pl\\\/welcome-to-constantinou-bros-hotels\\\/\"},{\"@type\":\"ListItem\",\"position\":2,\"name\":\"LOGICOM CYPRUS MARATHON &#8211; HALF-MARATHON, 10KM RACE &amp; 5KM FUN RUN &#8211; 15 marca 2020, PAPHOS\"}]},{\"@type\":\"WebSite\",\"@id\":\"https:\\\/\\\/www.cbh-cyprus.com\\\/pl\\\/#website\",\"url\":\"https:\\\/\\\/www.cbh-cyprus.com\\\/pl\\\/\",\"name\":\"Constantinou Bros Hotels\",\"description\":\"Constantinou Bros Hotels\",\"publisher\":{\"@id\":\"https:\\\/\\\/www.cbh-cyprus.com\\\/pl\\\/#organization\"},\"potentialAction\":[{\"@type\":\"SearchAction\",\"target\":{\"@type\":\"EntryPoint\",\"urlTemplate\":\"https:\\\/\\\/www.cbh-cyprus.com\\\/pl\\\/?s={search_term_string}\"},\"query-input\":{\"@type\":\"PropertyValueSpecification\",\"valueRequired\":true,\"valueName\":\"search_term_string\"}}],\"inLanguage\":\"pl-PL\"},{\"@type\":\"Organization\",\"@id\":\"https:\\\/\\\/www.cbh-cyprus.com\\\/pl\\\/#organization\",\"name\":\"Constantinou Bros Hotels\",\"url\":\"https:\\\/\\\/www.cbh-cyprus.com\\\/pl\\\/\",\"logo\":{\"@type\":\"ImageObject\",\"inLanguage\":\"pl-PL\",\"@id\":\"https:\\\/\\\/www.cbh-cyprus.com\\\/pl\\\/#\\\/schema\\\/logo\\\/image\\\/\",\"url\":\"https:\\\/\\\/www.cbh-cyprus.com\\\/app\\\/uploads\\\/sites\\\/30\\\/2020\\\/10\\\/cbh.jpg\",\"contentUrl\":\"https:\\\/\\\/www.cbh-cyprus.com\\\/app\\\/uploads\\\/sites\\\/30\\\/2020\\\/10\\\/cbh.jpg\",\"width\":1013,\"height\":419,\"caption\":\"Constantinou Bros Hotels\"},\"image\":{\"@id\":\"https:\\\/\\\/www.cbh-cyprus.com\\\/pl\\\/#\\\/schema\\\/logo\\\/image\\\/\"}}]}<\/script>\n<!-- \/ Yoast SEO plugin. -->","yoast_head_json":{"title":"LOGICOM CYPRUS MARATHON - HALF-MARATHON, 10KM RACE & 5KM FUN RUN - 15 marca 2020, PAPHOS - Constantinou Bros Hotels","description":"Constantinou Bros Hotels wspiera Logicom Cyprus Marathon w marcu 2020 r., wa\u017cne wydarzenie sportowe w historycznym mie\u015bcie Pafos.","robots":{"index":"index","follow":"follow","max-snippet":"max-snippet:-1","max-image-preview":"max-image-preview:large","max-video-preview":"max-video-preview:-1"},"canonical":"https:\/\/www.cbh-cyprus.com\/pl\/logicom-cypr-polmaraton-polmaraton\/","og_locale":"pl_PL","og_type":"article","og_title":"LOGICOM CYPRUS MARATHON - HALF-MARATHON, 10KM RACE & 5KM FUN RUN - 15 marca 2020, PAPHOS - Constantinou Bros Hotels","og_description":"Constantinou Bros Hotels wspiera Logicom Cyprus Marathon w marcu 2020 r., wa\u017cne wydarzenie sportowe w historycznym mie\u015bcie Pafos.","og_url":"https:\/\/www.cbh-cyprus.com\/pl\/logicom-cypr-polmaraton-polmaraton\/","og_site_name":"Constantinou Bros Hotels","article_modified_time":"2024-09-13T09:11:43+00:00","og_image":[{"width":1920,"height":1280,"url":"https:\/\/www.cbh-cyprus.com\/app\/uploads\/sites\/30\/2019\/07\/logicom_resized.jpg","type":"image\/jpeg"}],"twitter_card":"summary_large_image","schema":{"@context":"https:\/\/schema.org","@graph":[{"@type":"WebPage","@id":"https:\/\/www.cbh-cyprus.com\/pl\/logicom-cypr-polmaraton-polmaraton\/","url":"https:\/\/www.cbh-cyprus.com\/pl\/logicom-cypr-polmaraton-polmaraton\/","name":"LOGICOM CYPRUS MARATHON - HALF-MARATHON, 10KM RACE & 5KM FUN RUN - 15 marca 2020, PAPHOS - Constantinou Bros Hotels","isPartOf":{"@id":"https:\/\/www.cbh-cyprus.com\/pl\/#website"},"primaryImageOfPage":{"@id":"https:\/\/www.cbh-cyprus.com\/pl\/logicom-cypr-polmaraton-polmaraton\/#primaryimage"},"image":{"@id":"https:\/\/www.cbh-cyprus.com\/pl\/logicom-cypr-polmaraton-polmaraton\/#primaryimage"},"thumbnailUrl":"https:\/\/www.cbh-cyprus.com\/app\/uploads\/sites\/30\/2019\/07\/logicom_resized.jpg","datePublished":"2024-07-23T09:15:35+00:00","dateModified":"2024-09-13T09:11:43+00:00","description":"Constantinou Bros Hotels wspiera Logicom Cyprus Marathon w marcu 2020 r., wa\u017cne wydarzenie sportowe w historycznym mie\u015bcie Pafos.","breadcrumb":{"@id":"https:\/\/www.cbh-cyprus.com\/pl\/logicom-cypr-polmaraton-polmaraton\/#breadcrumb"},"inLanguage":"pl-PL","potentialAction":[{"@type":"ReadAction","target":["https:\/\/www.cbh-cyprus.com\/pl\/logicom-cypr-polmaraton-polmaraton\/"]}]},{"@type":"ImageObject","inLanguage":"pl-PL","@id":"https:\/\/www.cbh-cyprus.com\/pl\/logicom-cypr-polmaraton-polmaraton\/#primaryimage","url":"https:\/\/www.cbh-cyprus.com\/app\/uploads\/sites\/30\/2019\/07\/logicom_resized.jpg","contentUrl":"https:\/\/www.cbh-cyprus.com\/app\/uploads\/sites\/30\/2019\/07\/logicom_resized.jpg","width":1920,"height":1280},{"@type":"BreadcrumbList","@id":"https:\/\/www.cbh-cyprus.com\/pl\/logicom-cypr-polmaraton-polmaraton\/#breadcrumb","itemListElement":[{"@type":"ListItem","position":1,"name":"Home","item":"https:\/\/www.cbh-cyprus.com\/pl\/welcome-to-constantinou-bros-hotels\/"},{"@type":"ListItem","position":2,"name":"LOGICOM CYPRUS MARATHON &#8211; HALF-MARATHON, 10KM RACE &amp; 5KM FUN RUN &#8211; 15 marca 2020, PAPHOS"}]},{"@type":"WebSite","@id":"https:\/\/www.cbh-cyprus.com\/pl\/#website","url":"https:\/\/www.cbh-cyprus.com\/pl\/","name":"Constantinou Bros Hotels","description":"Constantinou Bros Hotels","publisher":{"@id":"https:\/\/www.cbh-cyprus.com\/pl\/#organization"},"potentialAction":[{"@type":"SearchAction","target":{"@type":"EntryPoint","urlTemplate":"https:\/\/www.cbh-cyprus.com\/pl\/?s={search_term_string}"},"query-input":{"@type":"PropertyValueSpecification","valueRequired":true,"valueName":"search_term_string"}}],"inLanguage":"pl-PL"},{"@type":"Organization","@id":"https:\/\/www.cbh-cyprus.com\/pl\/#organization","name":"Constantinou Bros Hotels","url":"https:\/\/www.cbh-cyprus.com\/pl\/","logo":{"@type":"ImageObject","inLanguage":"pl-PL","@id":"https:\/\/www.cbh-cyprus.com\/pl\/#\/schema\/logo\/image\/","url":"https:\/\/www.cbh-cyprus.com\/app\/uploads\/sites\/30\/2020\/10\/cbh.jpg","contentUrl":"https:\/\/www.cbh-cyprus.com\/app\/uploads\/sites\/30\/2020\/10\/cbh.jpg","width":1013,"height":419,"caption":"Constantinou Bros Hotels"},"image":{"@id":"https:\/\/www.cbh-cyprus.com\/pl\/#\/schema\/logo\/image\/"}}]}},"_links":{"self":[{"href":"https:\/\/www.cbh-cyprus.com\/pl\/wp-json\/wp\/v2\/pages\/37084","targetHints":{"allow":["GET"]}}],"collection":[{"href":"https:\/\/www.cbh-cyprus.com\/pl\/wp-json\/wp\/v2\/pages"}],"about":[{"href":"https:\/\/www.cbh-cyprus.com\/pl\/wp-json\/wp\/v2\/types\/page"}],"author":[{"embeddable":true,"href":"https:\/\/www.cbh-cyprus.com\/pl\/wp-json\/wp\/v2\/users\/100"}],"replies":[{"embeddable":true,"href":"https:\/\/www.cbh-cyprus.com\/pl\/wp-json\/wp\/v2\/comments?post=37084"}],"version-history":[{"count":1,"href":"https:\/\/www.cbh-cyprus.com\/pl\/wp-json\/wp\/v2\/pages\/37084\/revisions"}],"predecessor-version":[{"id":41341,"href":"https:\/\/www.cbh-cyprus.com\/pl\/wp-json\/wp\/v2\/pages\/37084\/revisions\/41341"}],"wp:featuredmedia":[{"embeddable":true,"href":"https:\/\/www.cbh-cyprus.com\/pl\/wp-json\/wp\/v2\/media\/40170"}],"wp:attachment":[{"href":"https:\/\/www.cbh-cyprus.com\/pl\/wp-json\/wp\/v2\/media?parent=37084"}],"curies":[{"name":"wp","href":"https:\/\/api.w.org\/{rel}","templated":true}]}}