{"id":37085,"date":"2024-07-23T12:15:35","date_gmt":"2024-07-23T09:15:35","guid":{"rendered":"https:\/\/www.cbh-cyprus.com\/klasa-elitarna\/"},"modified":"2024-11-13T12:54:33","modified_gmt":"2024-11-13T10:54:33","slug":"klasa-elitarna","status":"publish","type":"page","link":"https:\/\/www.cbh-cyprus.com\/pl\/klasa-elitarna\/","title":{"rendered":"Klasa elitarna"},"content":{"rendered":"<p style=\"text-align: center;\"><img loading=\"lazy\" decoding=\"async\" class=\"aligncenter wp-image-9953\" src=\"https:\/\/www.cbh-cyprus.com\/app\/uploads\/sites\/30\/2021\/07\/Constantinou-Bros-Hotels-Elite-Class-600x259.jpg\" alt=\"\" width=\"304\" height=\"131\" srcset=\"https:\/\/www.cbh-cyprus.com\/app\/uploads\/sites\/30\/2021\/07\/Constantinou-Bros-Hotels-Elite-Class-600x259.jpg 600w, https:\/\/www.cbh-cyprus.com\/app\/uploads\/sites\/30\/2021\/07\/Constantinou-Bros-Hotels-Elite-Class-768x331.jpg 768w, https:\/\/www.cbh-cyprus.com\/app\/uploads\/sites\/30\/2021\/07\/Constantinou-Bros-Hotels-Elite-Class.jpg 1015w\" sizes=\"auto, (max-width: 304px) 100vw, 304px\" \/><\/p>\n<h1 class=\"home-pages-title title-size text-center pt-5 font-regular\">Bezgraniczna przyjemno\u015b\u0107 w naszych hotelach na Cyprze, Pafos<\/h1>\n<p>&nbsp;<\/p>\n<h2>\u015awiat przywilej\u00f3w<\/h2>\n<p>&nbsp;<\/p>\n<p>Odkryj niezr\u00f3wnan\u0105 klas\u0119 us\u0142ug, 5-gwiazdkowe do\u015bwiadczenie dost\u0119pne dla Pa\u0144stwa przy rezerwacji zakwaterowania w kategoriach Superior, Superior Deluxe i Suite.<br \/>\nOd ekskluzywnego zameldowania, dedykowanych opcji gastronomicznych i wielu dodatkowych udogodnie\u0144, Elite Class oferuje niezr\u00f3wnany pobyt, kt\u00f3ry przekroczy Pa\u0144stwa oczekiwania. <\/p>\n<h3>Dodatkowe korzy\u015bci<\/h3>\n<p>Go\u015bcie, kt\u00f3rzy zarezerwuj\u0105 pok\u00f3j typu superior, superior deluxe lub apartament, otrzymaj\u0105 nast\u0119puj\u0105ce ekskluzywne korzy\u015bci:<\/p>\n<ul class=\"checkIcon\">\n<li>Najlepiej zlokalizowane pokoje<\/li>\n<li>Ekskluzywne zameldowanie VIP z powitalnym drinkiem i zimnymi r\u0119cznikami<\/li>\n<li>Bezp\u0142atne p\u00f3\u017ane wymeldowanie do godziny 18:00 (w zale\u017cno\u015bci od dost\u0119pno\u015bci)<\/li>\n<li>Dedykowana ekskluzywna sala \u015bniadaniowa do godziny 11:00<\/li>\n<li>Owoce i wino po przyje\u017adzie<\/li>\n<li>Bezp\u0142atna sauna i \u0142a\u017ania parowa (w zale\u017cno\u015bci od dost\u0119pno\u015bci)<\/li>\n<li>Turn Down Service (w wybranych typach pokoi)<\/li>\n<li>40-calowy telewizor LCD z p\u0142askim ekranem (w wybranych typach pokoi)<\/li>\n<li>Prywatna kabana z le\u017cakami (w wybranych typach pokoi)<\/li>\n<li>Ekskluzywny dost\u0119p do St. Andrew&#8217;s Rooftop Bar (Athena Beach Hotel &#8211; tylko dla doros\u0142ych 16+)<\/li>\n<li>zestaw da\u0144 w restauracji A la Carte na wieczorny posi\u0142ek &#8211; je\u015bli zakwaterowanie obejmuje kolacj\u0119 (w zale\u017cno\u015bci od dost\u0119pno\u015bci)<\/li>\n<li>Ulepszony pakiet Premium (Ultra all inclusive) obejmuje nieograniczony wyb\u00f3r posi\u0142k\u00f3w w restauracji a la carte (wymagana rezerwacja w zale\u017cno\u015bci od dost\u0119pno\u015bci) oraz zaopatrzony minibar w dniu przyjazdu z codziennie uzupe\u0142nian\u0105 kaw\u0105\/herbat\u0105\/espresso i napojami bezalkoholowymi.<br \/>\nKa\u017cdego popo\u0142udnia do pokoju dostarczana jest butelka wody, a na dzie\u0144 przed odlotem oferowana jest butelka szampana. <\/li>\n<li>10% zni\u017cki na wybrane pola golfowe (w przypadku rezerwacji za po\u015brednictwem hotelu)<\/li>\n<li>Go\u015bcie indywidualni, kt\u00f3rzy nie nale\u017c\u0105 do zorganizowanej grupy z wcze\u015bniej ustalonym programem, mog\u0105 bezp\u0142atnie korzysta\u0107 z obiekt\u00f3w Green Bowls (w zale\u017cno\u015bci od dost\u0119pno\u015bci i wcze\u015bniejszej rezerwacji).<\/li>\n<\/ul>\n","protected":false},"excerpt":{"rendered":"<p>Bezgraniczna przyjemno\u015b\u0107 w naszych hotelach na Cyprze, Pafos &nbsp; \u015awiat przywilej\u00f3w &nbsp; Odkryj niezr\u00f3wnan\u0105 klas\u0119 us\u0142ug, 5-gwiazdkowe do\u015bwiadczenie dost\u0119pne dla Pa\u0144stwa przy rezerwacji zakwaterowania w kategoriach Superior, Superior Deluxe i Suite. Od ekskluzywnego zameldowania, dedykowanych opcji gastronomicznych i wielu dodatkowych udogodnie\u0144, Elite Class oferuje niezr\u00f3wnany pobyt, kt\u00f3ry przekroczy Pa\u0144stwa oczekiwania. Dodatkowe korzy\u015bci Go\u015bcie, kt\u00f3rzy zarezerwuj\u0105<\/p>\n","protected":false},"author":100,"featured_media":36965,"parent":0,"menu_order":0,"comment_status":"closed","ping_status":"closed","template":"","meta":{"_acf_changed":false,"footnotes":""},"class_list":["post-37085","page","type-page","status-publish","has-post-thumbnail","hentry"],"acf":[],"yoast_head":"<!-- This site is optimized with the Yoast SEO plugin v27.3 - https:\/\/yoast.com\/product\/yoast-seo-wordpress\/ -->\n<title>Luksusowe hotele na Cyprze, Pafos || Constantinou Bros Hotels<\/title>\n<meta name=\"description\" content=\"Przejd\u017a do klasy Elite w Constantinou Bros Hotels, odblokuj \u015bwiat przywilej\u00f3w i ciesz si\u0119 wieloma korzy\u015bciami oferowanymi przez nasze luksusowe hotele na Cyprze w Pafos.\" \/>\n<meta name=\"robots\" content=\"index, follow, max-snippet:-1, max-image-preview:large, max-video-preview:-1\" \/>\n<link rel=\"canonical\" href=\"https:\/\/www.cbh-cyprus.com\/pl\/klasa-elitarna\/\" \/>\n<meta property=\"og:locale\" content=\"pl_PL\" \/>\n<meta property=\"og:type\" content=\"article\" \/>\n<meta property=\"og:title\" content=\"Luksusowe hotele na Cyprze, Pafos || Constantinou Bros Hotels\" \/>\n<meta property=\"og:description\" content=\"Przejd\u017a do klasy Elite w Constantinou Bros Hotels, odblokuj \u015bwiat przywilej\u00f3w i ciesz si\u0119 wieloma korzy\u015bciami oferowanymi przez nasze luksusowe hotele na Cyprze w Pafos.\" \/>\n<meta property=\"og:url\" content=\"https:\/\/www.cbh-cyprus.com\/pl\/klasa-elitarna\/\" \/>\n<meta property=\"og:site_name\" content=\"Constantinou Bros Hotels\" \/>\n<meta property=\"article:modified_time\" content=\"2024-11-13T10:54:33+00:00\" \/>\n<meta property=\"og:image\" content=\"https:\/\/www.cbh-cyprus.com\/app\/uploads\/sites\/30\/2019\/05\/4-athena-beach-hotel-pool-sea-view_resized.jpg\" \/>\n\t<meta property=\"og:image:width\" content=\"1920\" \/>\n\t<meta property=\"og:image:height\" content=\"1280\" \/>\n\t<meta property=\"og:image:type\" content=\"image\/jpeg\" \/>\n<meta name=\"twitter:card\" content=\"summary_large_image\" \/>\n<meta name=\"twitter:label1\" content=\"Est. reading time\" \/>\n\t<meta name=\"twitter:data1\" content=\"2 minutes\" \/>\n<script type=\"application\/ld+json\" class=\"yoast-schema-graph\">{\"@context\":\"https:\\\/\\\/schema.org\",\"@graph\":[{\"@type\":\"WebPage\",\"@id\":\"https:\\\/\\\/www.cbh-cyprus.com\\\/pl\\\/klasa-elitarna\\\/\",\"url\":\"https:\\\/\\\/www.cbh-cyprus.com\\\/pl\\\/klasa-elitarna\\\/\",\"name\":\"Luksusowe hotele na Cyprze, Pafos || Constantinou Bros Hotels\",\"isPartOf\":{\"@id\":\"https:\\\/\\\/www.cbh-cyprus.com\\\/pl\\\/#website\"},\"primaryImageOfPage\":{\"@id\":\"https:\\\/\\\/www.cbh-cyprus.com\\\/pl\\\/klasa-elitarna\\\/#primaryimage\"},\"image\":{\"@id\":\"https:\\\/\\\/www.cbh-cyprus.com\\\/pl\\\/klasa-elitarna\\\/#primaryimage\"},\"thumbnailUrl\":\"https:\\\/\\\/www.cbh-cyprus.com\\\/app\\\/uploads\\\/sites\\\/30\\\/2019\\\/05\\\/4-athena-beach-hotel-pool-sea-view_resized.jpg\",\"datePublished\":\"2024-07-23T09:15:35+00:00\",\"dateModified\":\"2024-11-13T10:54:33+00:00\",\"description\":\"Przejd\u017a do klasy Elite w Constantinou Bros Hotels, odblokuj \u015bwiat przywilej\u00f3w i ciesz si\u0119 wieloma korzy\u015bciami oferowanymi przez nasze luksusowe hotele na Cyprze w Pafos.\",\"breadcrumb\":{\"@id\":\"https:\\\/\\\/www.cbh-cyprus.com\\\/pl\\\/klasa-elitarna\\\/#breadcrumb\"},\"inLanguage\":\"pl-PL\",\"potentialAction\":[{\"@type\":\"ReadAction\",\"target\":[\"https:\\\/\\\/www.cbh-cyprus.com\\\/pl\\\/klasa-elitarna\\\/\"]}]},{\"@type\":\"ImageObject\",\"inLanguage\":\"pl-PL\",\"@id\":\"https:\\\/\\\/www.cbh-cyprus.com\\\/pl\\\/klasa-elitarna\\\/#primaryimage\",\"url\":\"https:\\\/\\\/www.cbh-cyprus.com\\\/app\\\/uploads\\\/sites\\\/30\\\/2019\\\/05\\\/4-athena-beach-hotel-pool-sea-view_resized.jpg\",\"contentUrl\":\"https:\\\/\\\/www.cbh-cyprus.com\\\/app\\\/uploads\\\/sites\\\/30\\\/2019\\\/05\\\/4-athena-beach-hotel-pool-sea-view_resized.jpg\",\"width\":1920,\"height\":1280},{\"@type\":\"BreadcrumbList\",\"@id\":\"https:\\\/\\\/www.cbh-cyprus.com\\\/pl\\\/klasa-elitarna\\\/#breadcrumb\",\"itemListElement\":[{\"@type\":\"ListItem\",\"position\":1,\"name\":\"Home\",\"item\":\"https:\\\/\\\/www.cbh-cyprus.com\\\/pl\\\/welcome-to-constantinou-bros-hotels\\\/\"},{\"@type\":\"ListItem\",\"position\":2,\"name\":\"Klasa elitarna\"}]},{\"@type\":\"WebSite\",\"@id\":\"https:\\\/\\\/www.cbh-cyprus.com\\\/pl\\\/#website\",\"url\":\"https:\\\/\\\/www.cbh-cyprus.com\\\/pl\\\/\",\"name\":\"Constantinou Bros Hotels\",\"description\":\"Constantinou Bros Hotels\",\"publisher\":{\"@id\":\"https:\\\/\\\/www.cbh-cyprus.com\\\/pl\\\/#organization\"},\"potentialAction\":[{\"@type\":\"SearchAction\",\"target\":{\"@type\":\"EntryPoint\",\"urlTemplate\":\"https:\\\/\\\/www.cbh-cyprus.com\\\/pl\\\/?s={search_term_string}\"},\"query-input\":{\"@type\":\"PropertyValueSpecification\",\"valueRequired\":true,\"valueName\":\"search_term_string\"}}],\"inLanguage\":\"pl-PL\"},{\"@type\":\"Organization\",\"@id\":\"https:\\\/\\\/www.cbh-cyprus.com\\\/pl\\\/#organization\",\"name\":\"Constantinou Bros Hotels\",\"url\":\"https:\\\/\\\/www.cbh-cyprus.com\\\/pl\\\/\",\"logo\":{\"@type\":\"ImageObject\",\"inLanguage\":\"pl-PL\",\"@id\":\"https:\\\/\\\/www.cbh-cyprus.com\\\/pl\\\/#\\\/schema\\\/logo\\\/image\\\/\",\"url\":\"https:\\\/\\\/www.cbh-cyprus.com\\\/app\\\/uploads\\\/sites\\\/30\\\/2020\\\/10\\\/cbh.jpg\",\"contentUrl\":\"https:\\\/\\\/www.cbh-cyprus.com\\\/app\\\/uploads\\\/sites\\\/30\\\/2020\\\/10\\\/cbh.jpg\",\"width\":1013,\"height\":419,\"caption\":\"Constantinou Bros Hotels\"},\"image\":{\"@id\":\"https:\\\/\\\/www.cbh-cyprus.com\\\/pl\\\/#\\\/schema\\\/logo\\\/image\\\/\"}}]}<\/script>\n<!-- \/ Yoast SEO plugin. -->","yoast_head_json":{"title":"Luksusowe hotele na Cyprze, Pafos || Constantinou Bros Hotels","description":"Przejd\u017a do klasy Elite w Constantinou Bros Hotels, odblokuj \u015bwiat przywilej\u00f3w i ciesz si\u0119 wieloma korzy\u015bciami oferowanymi przez nasze luksusowe hotele na Cyprze w Pafos.","robots":{"index":"index","follow":"follow","max-snippet":"max-snippet:-1","max-image-preview":"max-image-preview:large","max-video-preview":"max-video-preview:-1"},"canonical":"https:\/\/www.cbh-cyprus.com\/pl\/klasa-elitarna\/","og_locale":"pl_PL","og_type":"article","og_title":"Luksusowe hotele na Cyprze, Pafos || Constantinou Bros Hotels","og_description":"Przejd\u017a do klasy Elite w Constantinou Bros Hotels, odblokuj \u015bwiat przywilej\u00f3w i ciesz si\u0119 wieloma korzy\u015bciami oferowanymi przez nasze luksusowe hotele na Cyprze w Pafos.","og_url":"https:\/\/www.cbh-cyprus.com\/pl\/klasa-elitarna\/","og_site_name":"Constantinou Bros Hotels","article_modified_time":"2024-11-13T10:54:33+00:00","og_image":[{"width":1920,"height":1280,"url":"https:\/\/www.cbh-cyprus.com\/app\/uploads\/sites\/30\/2019\/05\/4-athena-beach-hotel-pool-sea-view_resized.jpg","type":"image\/jpeg"}],"twitter_card":"summary_large_image","twitter_misc":{"Est. reading time":"2 minutes"},"schema":{"@context":"https:\/\/schema.org","@graph":[{"@type":"WebPage","@id":"https:\/\/www.cbh-cyprus.com\/pl\/klasa-elitarna\/","url":"https:\/\/www.cbh-cyprus.com\/pl\/klasa-elitarna\/","name":"Luksusowe hotele na Cyprze, Pafos || Constantinou Bros Hotels","isPartOf":{"@id":"https:\/\/www.cbh-cyprus.com\/pl\/#website"},"primaryImageOfPage":{"@id":"https:\/\/www.cbh-cyprus.com\/pl\/klasa-elitarna\/#primaryimage"},"image":{"@id":"https:\/\/www.cbh-cyprus.com\/pl\/klasa-elitarna\/#primaryimage"},"thumbnailUrl":"https:\/\/www.cbh-cyprus.com\/app\/uploads\/sites\/30\/2019\/05\/4-athena-beach-hotel-pool-sea-view_resized.jpg","datePublished":"2024-07-23T09:15:35+00:00","dateModified":"2024-11-13T10:54:33+00:00","description":"Przejd\u017a do klasy Elite w Constantinou Bros Hotels, odblokuj \u015bwiat przywilej\u00f3w i ciesz si\u0119 wieloma korzy\u015bciami oferowanymi przez nasze luksusowe hotele na Cyprze w Pafos.","breadcrumb":{"@id":"https:\/\/www.cbh-cyprus.com\/pl\/klasa-elitarna\/#breadcrumb"},"inLanguage":"pl-PL","potentialAction":[{"@type":"ReadAction","target":["https:\/\/www.cbh-cyprus.com\/pl\/klasa-elitarna\/"]}]},{"@type":"ImageObject","inLanguage":"pl-PL","@id":"https:\/\/www.cbh-cyprus.com\/pl\/klasa-elitarna\/#primaryimage","url":"https:\/\/www.cbh-cyprus.com\/app\/uploads\/sites\/30\/2019\/05\/4-athena-beach-hotel-pool-sea-view_resized.jpg","contentUrl":"https:\/\/www.cbh-cyprus.com\/app\/uploads\/sites\/30\/2019\/05\/4-athena-beach-hotel-pool-sea-view_resized.jpg","width":1920,"height":1280},{"@type":"BreadcrumbList","@id":"https:\/\/www.cbh-cyprus.com\/pl\/klasa-elitarna\/#breadcrumb","itemListElement":[{"@type":"ListItem","position":1,"name":"Home","item":"https:\/\/www.cbh-cyprus.com\/pl\/welcome-to-constantinou-bros-hotels\/"},{"@type":"ListItem","position":2,"name":"Klasa elitarna"}]},{"@type":"WebSite","@id":"https:\/\/www.cbh-cyprus.com\/pl\/#website","url":"https:\/\/www.cbh-cyprus.com\/pl\/","name":"Constantinou Bros Hotels","description":"Constantinou Bros Hotels","publisher":{"@id":"https:\/\/www.cbh-cyprus.com\/pl\/#organization"},"potentialAction":[{"@type":"SearchAction","target":{"@type":"EntryPoint","urlTemplate":"https:\/\/www.cbh-cyprus.com\/pl\/?s={search_term_string}"},"query-input":{"@type":"PropertyValueSpecification","valueRequired":true,"valueName":"search_term_string"}}],"inLanguage":"pl-PL"},{"@type":"Organization","@id":"https:\/\/www.cbh-cyprus.com\/pl\/#organization","name":"Constantinou Bros Hotels","url":"https:\/\/www.cbh-cyprus.com\/pl\/","logo":{"@type":"ImageObject","inLanguage":"pl-PL","@id":"https:\/\/www.cbh-cyprus.com\/pl\/#\/schema\/logo\/image\/","url":"https:\/\/www.cbh-cyprus.com\/app\/uploads\/sites\/30\/2020\/10\/cbh.jpg","contentUrl":"https:\/\/www.cbh-cyprus.com\/app\/uploads\/sites\/30\/2020\/10\/cbh.jpg","width":1013,"height":419,"caption":"Constantinou Bros Hotels"},"image":{"@id":"https:\/\/www.cbh-cyprus.com\/pl\/#\/schema\/logo\/image\/"}}]}},"_links":{"self":[{"href":"https:\/\/www.cbh-cyprus.com\/pl\/wp-json\/wp\/v2\/pages\/37085","targetHints":{"allow":["GET"]}}],"collection":[{"href":"https:\/\/www.cbh-cyprus.com\/pl\/wp-json\/wp\/v2\/pages"}],"about":[{"href":"https:\/\/www.cbh-cyprus.com\/pl\/wp-json\/wp\/v2\/types\/page"}],"author":[{"embeddable":true,"href":"https:\/\/www.cbh-cyprus.com\/pl\/wp-json\/wp\/v2\/users\/100"}],"replies":[{"embeddable":true,"href":"https:\/\/www.cbh-cyprus.com\/pl\/wp-json\/wp\/v2\/comments?post=37085"}],"version-history":[{"count":2,"href":"https:\/\/www.cbh-cyprus.com\/pl\/wp-json\/wp\/v2\/pages\/37085\/revisions"}],"predecessor-version":[{"id":42388,"href":"https:\/\/www.cbh-cyprus.com\/pl\/wp-json\/wp\/v2\/pages\/37085\/revisions\/42388"}],"wp:featuredmedia":[{"embeddable":true,"href":"https:\/\/www.cbh-cyprus.com\/pl\/wp-json\/wp\/v2\/media\/36965"}],"wp:attachment":[{"href":"https:\/\/www.cbh-cyprus.com\/pl\/wp-json\/wp\/v2\/media?parent=37085"}],"curies":[{"name":"wp","href":"https:\/\/api.w.org\/{rel}","templated":true}]}}