{"id":37094,"date":"2024-07-23T12:15:41","date_gmt":"2024-07-23T09:15:41","guid":{"rendered":"https:\/\/www.cbh-cyprus.com\/swieta-dla-doroslych\/"},"modified":"2024-09-13T11:45:34","modified_gmt":"2024-09-13T08:45:34","slug":"swieta-dla-doroslych","status":"publish","type":"page","link":"https:\/\/www.cbh-cyprus.com\/pl\/swieta-dla-doroslych\/","title":{"rendered":"Wakacje tylko dla doros\u0142ych"},"content":{"rendered":"<h1>Spokojne wakacje tylko dla doros\u0142ych na Cyprze<\/h1>\n<p>&nbsp;  Constantinou Bros Hotels oferuje wakacje tylko dla doros\u0142ych w relaksuj\u0105cym otoczeniu bez dzieci, ze spokojnymi dniami przy basenie oraz programem rozrywkowym i rekreacyjnym skoncentrowanym na stworzeniu idealnych wakacji tylko dla doros\u0142ych.<br \/>\nConstantinou Bros Hotels s\u0142ynie z rozwijania koncepcji wakacji tylko dla doros\u0142ych w Pafos i oferuje szereg hoteli dostosowanych do Pa\u0144stwa bud\u017cetu i wymaga\u0144 wakacyjnych.<br \/>\n <strong>Athena Royal Beach Hotel<\/strong> to stylowy, nowoczesny hotel przy pla\u017cy o podwy\u017cszonym standardzie, po\u0142o\u017cony na luksusowym terenie i oferuj\u0105cy bogate zaplecze rekreacyjne, w tym trzy s\u0142odkowodne baseny i jacuzzi, jeden kryty basen z podgrzewan\u0105 wod\u0105, kort tenisowy oraz odkryte i kryte boiska do gry w kr\u0119gle.<br \/>\nHotel jest przeznaczony wy\u0142\u0105cznie dla os\u00f3b doros\u0142ych i oferuje prawdziwie relaksuj\u0105ce i spokojne otoczenie.<br \/>\n <strong>Pioneer Beach Hotel<\/strong> to najwy\u017cszej klasy o\u015brodek przy pla\u017cy, kt\u00f3ry oferuje wyj\u0105tkowy komfort i bogactwo udogodnie\u0144 w relaksuj\u0105cej i przyjaznej atmosferze skierowanej wy\u0142\u0105cznie do wymagaj\u0105cych doros\u0142ych i par.<br \/>\nHotel Pioneer Beach oferuje bogate zaplecze rekreacyjne i sportowe, w tym odkryty i kryty basen, jacuzzi, kort tenisowy oraz odkryty i kryty bowling.<br \/>\n <strong>Athena Beach Hotel<\/strong> to hotel klasy Superior, kt\u00f3ry zosta\u0142 hojnie odnowiony i hojnie wzbogacony o jeszcze wi\u0119cej udogodnie\u0144, z dum\u0105 oferuj\u0105c go\u015bciom doskona\u0142y standard us\u0142ug i komfortu, odpowiadaj\u0105cy luksusowemu 5-gwiazdkowemu hotelowi.<br \/>\nPonadto hotel Athena Beach oferuje ekskluzywn\u0105 stref\u0119 przeznaczon\u0105 dla doros\u0142ych (powy\u017cej 16 lat), sk\u0142adaj\u0105c\u0105 si\u0119 z oddzielnego basenu, miejsca do opalania, baru &#8220;Adult Pool Bar&#8221; oraz restauracji tylko dla doros\u0142ych, w kt\u00f3rej serwowane s\u0105 \u015bniadania i kolacje.<br \/>\n <strong>Asimina Suites Hotel<\/strong> to 5-gwiazdkowy hotel typu all suite z luksusowymi udogodnieniami hotelowymi i spa oraz szerok\u0105 gam\u0105 restauracji na \u015bwie\u017cym powietrzu i wewn\u0105trz, po\u0142o\u017cony w dojrza\u0142ych, zadbanych ogrodach przy wspania\u0142ej piaszczystej pla\u017cy i przeznaczony wy\u0142\u0105cznie dla wymagaj\u0105cych os\u00f3b doros\u0142ych, kt\u00f3re ceni\u0105 sobie ekskluzywne i prawdziwie spokojne otoczenie zapewniaj\u0105ce ca\u0142kowity relaks.          &nbsp;<\/p>\n","protected":false},"excerpt":{"rendered":"<p>Spokojne wakacje tylko dla doros\u0142ych na Cyprze &nbsp; Constantinou Bros Hotels oferuje wakacje tylko dla doros\u0142ych w relaksuj\u0105cym otoczeniu bez dzieci, ze spokojnymi dniami przy basenie oraz programem rozrywkowym i rekreacyjnym skoncentrowanym na stworzeniu idealnych wakacji tylko dla doros\u0142ych. Constantinou Bros Hotels s\u0142ynie z rozwijania koncepcji wakacji tylko dla doros\u0142ych w Pafos i oferuje szereg<\/p>\n","protected":false},"author":100,"featured_media":40200,"parent":0,"menu_order":0,"comment_status":"closed","ping_status":"closed","template":"","meta":{"_acf_changed":false,"footnotes":""},"class_list":["post-37094","page","type-page","status-publish","has-post-thumbnail","hentry"],"acf":[],"yoast_head":"<!-- This site is optimized with the Yoast SEO plugin v27.4 - https:\/\/yoast.com\/product\/yoast-seo-wordpress\/ -->\n<title>Wakacje tylko dla doros\u0142ych na Cyprze - Hotele Constantinou Bros<\/title>\n<meta name=\"description\" content=\"Hotele Constantinou Bros to koncepcja wakacji tylko dla doros\u0142ych w Pafos na Cyprze dzi\u0119ki szerokiej gamie hoteli dostosowanych do Pa\u0144stwa bud\u017cetu i wymaga\u0144 wakacyjnych.\" \/>\n<meta name=\"robots\" content=\"index, follow, max-snippet:-1, max-image-preview:large, max-video-preview:-1\" \/>\n<link rel=\"canonical\" href=\"https:\/\/www.cbh-cyprus.com\/pl\/swieta-dla-doroslych\/\" \/>\n<meta property=\"og:locale\" content=\"pl_PL\" \/>\n<meta property=\"og:type\" content=\"article\" \/>\n<meta property=\"og:title\" content=\"Wakacje tylko dla doros\u0142ych na Cyprze - Hotele Constantinou Bros\" \/>\n<meta property=\"og:description\" content=\"Hotele Constantinou Bros to koncepcja wakacji tylko dla doros\u0142ych w Pafos na Cyprze dzi\u0119ki szerokiej gamie hoteli dostosowanych do Pa\u0144stwa bud\u017cetu i wymaga\u0144 wakacyjnych.\" \/>\n<meta property=\"og:url\" content=\"https:\/\/www.cbh-cyprus.com\/pl\/swieta-dla-doroslych\/\" \/>\n<meta property=\"og:site_name\" content=\"Constantinou Bros Hotels\" \/>\n<meta property=\"article:modified_time\" content=\"2024-09-13T08:45:34+00:00\" \/>\n<meta property=\"og:image\" content=\"https:\/\/www.cbh-cyprus.com\/app\/uploads\/sites\/30\/2019\/10\/42-asimina-suites-hotel-private-dinner-by-the-beach_resized.jpg\" \/>\n\t<meta property=\"og:image:width\" content=\"1920\" \/>\n\t<meta property=\"og:image:height\" content=\"1277\" \/>\n\t<meta property=\"og:image:type\" content=\"image\/jpeg\" \/>\n<meta name=\"twitter:card\" content=\"summary_large_image\" \/>\n<meta name=\"twitter:label1\" content=\"Est. reading time\" \/>\n\t<meta name=\"twitter:data1\" content=\"2 minutes\" \/>\n<script type=\"application\/ld+json\" class=\"yoast-schema-graph\">{\"@context\":\"https:\\\/\\\/schema.org\",\"@graph\":[{\"@type\":\"WebPage\",\"@id\":\"https:\\\/\\\/www.cbh-cyprus.com\\\/pl\\\/swieta-dla-doroslych\\\/\",\"url\":\"https:\\\/\\\/www.cbh-cyprus.com\\\/pl\\\/swieta-dla-doroslych\\\/\",\"name\":\"Wakacje tylko dla doros\u0142ych na Cyprze - Hotele Constantinou Bros\",\"isPartOf\":{\"@id\":\"https:\\\/\\\/www.cbh-cyprus.com\\\/pl\\\/#website\"},\"primaryImageOfPage\":{\"@id\":\"https:\\\/\\\/www.cbh-cyprus.com\\\/pl\\\/swieta-dla-doroslych\\\/#primaryimage\"},\"image\":{\"@id\":\"https:\\\/\\\/www.cbh-cyprus.com\\\/pl\\\/swieta-dla-doroslych\\\/#primaryimage\"},\"thumbnailUrl\":\"https:\\\/\\\/www.cbh-cyprus.com\\\/app\\\/uploads\\\/sites\\\/30\\\/2019\\\/10\\\/42-asimina-suites-hotel-private-dinner-by-the-beach_resized.jpg\",\"datePublished\":\"2024-07-23T09:15:41+00:00\",\"dateModified\":\"2024-09-13T08:45:34+00:00\",\"description\":\"Hotele Constantinou Bros to koncepcja wakacji tylko dla doros\u0142ych w Pafos na Cyprze dzi\u0119ki szerokiej gamie hoteli dostosowanych do Pa\u0144stwa bud\u017cetu i wymaga\u0144 wakacyjnych.\",\"breadcrumb\":{\"@id\":\"https:\\\/\\\/www.cbh-cyprus.com\\\/pl\\\/swieta-dla-doroslych\\\/#breadcrumb\"},\"inLanguage\":\"pl-PL\",\"potentialAction\":[{\"@type\":\"ReadAction\",\"target\":[\"https:\\\/\\\/www.cbh-cyprus.com\\\/pl\\\/swieta-dla-doroslych\\\/\"]}]},{\"@type\":\"ImageObject\",\"inLanguage\":\"pl-PL\",\"@id\":\"https:\\\/\\\/www.cbh-cyprus.com\\\/pl\\\/swieta-dla-doroslych\\\/#primaryimage\",\"url\":\"https:\\\/\\\/www.cbh-cyprus.com\\\/app\\\/uploads\\\/sites\\\/30\\\/2019\\\/10\\\/42-asimina-suites-hotel-private-dinner-by-the-beach_resized.jpg\",\"contentUrl\":\"https:\\\/\\\/www.cbh-cyprus.com\\\/app\\\/uploads\\\/sites\\\/30\\\/2019\\\/10\\\/42-asimina-suites-hotel-private-dinner-by-the-beach_resized.jpg\",\"width\":1920,\"height\":1277},{\"@type\":\"BreadcrumbList\",\"@id\":\"https:\\\/\\\/www.cbh-cyprus.com\\\/pl\\\/swieta-dla-doroslych\\\/#breadcrumb\",\"itemListElement\":[{\"@type\":\"ListItem\",\"position\":1,\"name\":\"Home\",\"item\":\"https:\\\/\\\/www.cbh-cyprus.com\\\/pl\\\/welcome-to-constantinou-bros-hotels\\\/\"},{\"@type\":\"ListItem\",\"position\":2,\"name\":\"Wakacje tylko dla doros\u0142ych\"}]},{\"@type\":\"WebSite\",\"@id\":\"https:\\\/\\\/www.cbh-cyprus.com\\\/pl\\\/#website\",\"url\":\"https:\\\/\\\/www.cbh-cyprus.com\\\/pl\\\/\",\"name\":\"Constantinou Bros Hotels\",\"description\":\"Constantinou Bros Hotels\",\"publisher\":{\"@id\":\"https:\\\/\\\/www.cbh-cyprus.com\\\/pl\\\/#organization\"},\"potentialAction\":[{\"@type\":\"SearchAction\",\"target\":{\"@type\":\"EntryPoint\",\"urlTemplate\":\"https:\\\/\\\/www.cbh-cyprus.com\\\/pl\\\/?s={search_term_string}\"},\"query-input\":{\"@type\":\"PropertyValueSpecification\",\"valueRequired\":true,\"valueName\":\"search_term_string\"}}],\"inLanguage\":\"pl-PL\"},{\"@type\":\"Organization\",\"@id\":\"https:\\\/\\\/www.cbh-cyprus.com\\\/pl\\\/#organization\",\"name\":\"Constantinou Bros Hotels\",\"url\":\"https:\\\/\\\/www.cbh-cyprus.com\\\/pl\\\/\",\"logo\":{\"@type\":\"ImageObject\",\"inLanguage\":\"pl-PL\",\"@id\":\"https:\\\/\\\/www.cbh-cyprus.com\\\/pl\\\/#\\\/schema\\\/logo\\\/image\\\/\",\"url\":\"https:\\\/\\\/www.cbh-cyprus.com\\\/app\\\/uploads\\\/sites\\\/30\\\/2020\\\/10\\\/cbh.jpg\",\"contentUrl\":\"https:\\\/\\\/www.cbh-cyprus.com\\\/app\\\/uploads\\\/sites\\\/30\\\/2020\\\/10\\\/cbh.jpg\",\"width\":1013,\"height\":419,\"caption\":\"Constantinou Bros Hotels\"},\"image\":{\"@id\":\"https:\\\/\\\/www.cbh-cyprus.com\\\/pl\\\/#\\\/schema\\\/logo\\\/image\\\/\"}}]}<\/script>\n<!-- \/ Yoast SEO plugin. -->","yoast_head_json":{"title":"Wakacje tylko dla doros\u0142ych na Cyprze - Hotele Constantinou Bros","description":"Hotele Constantinou Bros to koncepcja wakacji tylko dla doros\u0142ych w Pafos na Cyprze dzi\u0119ki szerokiej gamie hoteli dostosowanych do Pa\u0144stwa bud\u017cetu i wymaga\u0144 wakacyjnych.","robots":{"index":"index","follow":"follow","max-snippet":"max-snippet:-1","max-image-preview":"max-image-preview:large","max-video-preview":"max-video-preview:-1"},"canonical":"https:\/\/www.cbh-cyprus.com\/pl\/swieta-dla-doroslych\/","og_locale":"pl_PL","og_type":"article","og_title":"Wakacje tylko dla doros\u0142ych na Cyprze - Hotele Constantinou Bros","og_description":"Hotele Constantinou Bros to koncepcja wakacji tylko dla doros\u0142ych w Pafos na Cyprze dzi\u0119ki szerokiej gamie hoteli dostosowanych do Pa\u0144stwa bud\u017cetu i wymaga\u0144 wakacyjnych.","og_url":"https:\/\/www.cbh-cyprus.com\/pl\/swieta-dla-doroslych\/","og_site_name":"Constantinou Bros Hotels","article_modified_time":"2024-09-13T08:45:34+00:00","og_image":[{"width":1920,"height":1277,"url":"https:\/\/www.cbh-cyprus.com\/app\/uploads\/sites\/30\/2019\/10\/42-asimina-suites-hotel-private-dinner-by-the-beach_resized.jpg","type":"image\/jpeg"}],"twitter_card":"summary_large_image","twitter_misc":{"Est. reading time":"2 minutes"},"schema":{"@context":"https:\/\/schema.org","@graph":[{"@type":"WebPage","@id":"https:\/\/www.cbh-cyprus.com\/pl\/swieta-dla-doroslych\/","url":"https:\/\/www.cbh-cyprus.com\/pl\/swieta-dla-doroslych\/","name":"Wakacje tylko dla doros\u0142ych na Cyprze - Hotele Constantinou Bros","isPartOf":{"@id":"https:\/\/www.cbh-cyprus.com\/pl\/#website"},"primaryImageOfPage":{"@id":"https:\/\/www.cbh-cyprus.com\/pl\/swieta-dla-doroslych\/#primaryimage"},"image":{"@id":"https:\/\/www.cbh-cyprus.com\/pl\/swieta-dla-doroslych\/#primaryimage"},"thumbnailUrl":"https:\/\/www.cbh-cyprus.com\/app\/uploads\/sites\/30\/2019\/10\/42-asimina-suites-hotel-private-dinner-by-the-beach_resized.jpg","datePublished":"2024-07-23T09:15:41+00:00","dateModified":"2024-09-13T08:45:34+00:00","description":"Hotele Constantinou Bros to koncepcja wakacji tylko dla doros\u0142ych w Pafos na Cyprze dzi\u0119ki szerokiej gamie hoteli dostosowanych do Pa\u0144stwa bud\u017cetu i wymaga\u0144 wakacyjnych.","breadcrumb":{"@id":"https:\/\/www.cbh-cyprus.com\/pl\/swieta-dla-doroslych\/#breadcrumb"},"inLanguage":"pl-PL","potentialAction":[{"@type":"ReadAction","target":["https:\/\/www.cbh-cyprus.com\/pl\/swieta-dla-doroslych\/"]}]},{"@type":"ImageObject","inLanguage":"pl-PL","@id":"https:\/\/www.cbh-cyprus.com\/pl\/swieta-dla-doroslych\/#primaryimage","url":"https:\/\/www.cbh-cyprus.com\/app\/uploads\/sites\/30\/2019\/10\/42-asimina-suites-hotel-private-dinner-by-the-beach_resized.jpg","contentUrl":"https:\/\/www.cbh-cyprus.com\/app\/uploads\/sites\/30\/2019\/10\/42-asimina-suites-hotel-private-dinner-by-the-beach_resized.jpg","width":1920,"height":1277},{"@type":"BreadcrumbList","@id":"https:\/\/www.cbh-cyprus.com\/pl\/swieta-dla-doroslych\/#breadcrumb","itemListElement":[{"@type":"ListItem","position":1,"name":"Home","item":"https:\/\/www.cbh-cyprus.com\/pl\/welcome-to-constantinou-bros-hotels\/"},{"@type":"ListItem","position":2,"name":"Wakacje tylko dla doros\u0142ych"}]},{"@type":"WebSite","@id":"https:\/\/www.cbh-cyprus.com\/pl\/#website","url":"https:\/\/www.cbh-cyprus.com\/pl\/","name":"Constantinou Bros Hotels","description":"Constantinou Bros Hotels","publisher":{"@id":"https:\/\/www.cbh-cyprus.com\/pl\/#organization"},"potentialAction":[{"@type":"SearchAction","target":{"@type":"EntryPoint","urlTemplate":"https:\/\/www.cbh-cyprus.com\/pl\/?s={search_term_string}"},"query-input":{"@type":"PropertyValueSpecification","valueRequired":true,"valueName":"search_term_string"}}],"inLanguage":"pl-PL"},{"@type":"Organization","@id":"https:\/\/www.cbh-cyprus.com\/pl\/#organization","name":"Constantinou Bros Hotels","url":"https:\/\/www.cbh-cyprus.com\/pl\/","logo":{"@type":"ImageObject","inLanguage":"pl-PL","@id":"https:\/\/www.cbh-cyprus.com\/pl\/#\/schema\/logo\/image\/","url":"https:\/\/www.cbh-cyprus.com\/app\/uploads\/sites\/30\/2020\/10\/cbh.jpg","contentUrl":"https:\/\/www.cbh-cyprus.com\/app\/uploads\/sites\/30\/2020\/10\/cbh.jpg","width":1013,"height":419,"caption":"Constantinou Bros Hotels"},"image":{"@id":"https:\/\/www.cbh-cyprus.com\/pl\/#\/schema\/logo\/image\/"}}]}},"_links":{"self":[{"href":"https:\/\/www.cbh-cyprus.com\/pl\/wp-json\/wp\/v2\/pages\/37094","targetHints":{"allow":["GET"]}}],"collection":[{"href":"https:\/\/www.cbh-cyprus.com\/pl\/wp-json\/wp\/v2\/pages"}],"about":[{"href":"https:\/\/www.cbh-cyprus.com\/pl\/wp-json\/wp\/v2\/types\/page"}],"author":[{"embeddable":true,"href":"https:\/\/www.cbh-cyprus.com\/pl\/wp-json\/wp\/v2\/users\/100"}],"replies":[{"embeddable":true,"href":"https:\/\/www.cbh-cyprus.com\/pl\/wp-json\/wp\/v2\/comments?post=37094"}],"version-history":[{"count":1,"href":"https:\/\/www.cbh-cyprus.com\/pl\/wp-json\/wp\/v2\/pages\/37094\/revisions"}],"predecessor-version":[{"id":41241,"href":"https:\/\/www.cbh-cyprus.com\/pl\/wp-json\/wp\/v2\/pages\/37094\/revisions\/41241"}],"wp:featuredmedia":[{"embeddable":true,"href":"https:\/\/www.cbh-cyprus.com\/pl\/wp-json\/wp\/v2\/media\/40200"}],"wp:attachment":[{"href":"https:\/\/www.cbh-cyprus.com\/pl\/wp-json\/wp\/v2\/media?parent=37094"}],"curies":[{"name":"wp","href":"https:\/\/api.w.org\/{rel}","templated":true}]}}