{"id":37103,"date":"2024-07-23T12:15:46","date_gmt":"2024-07-23T09:15:46","guid":{"rendered":"https:\/\/www.cbh-cyprus.com\/rodzina-wakacje-2\/"},"modified":"2024-09-13T12:06:19","modified_gmt":"2024-09-13T09:06:19","slug":"rodzina-wakacje","status":"publish","type":"page","link":"https:\/\/www.cbh-cyprus.com\/pl\/rodzina-wakacje\/","title":{"rendered":"Wakacje rodzinne"},"content":{"rendered":"<p>Hotel Athena Beach jest bardzo popularnym wyborem dla rodzin w ka\u017cdym wieku, poniewa\u017c oferuje szerok\u0105 gam\u0119 udogodnie\u0144, kt\u00f3re zapewni\u0105 rozrywk\u0119 Pa\u0144stwa rodzinie, a tak\u017ce rozleg\u0142e, zadbane ogrody i wspania\u0142e, przestronne tereny, kt\u00f3re prowadz\u0105 bezpo\u015brednio na pla\u017c\u0119.<br \/>\nAthena Beach oferuje szerok\u0105 gam\u0119 udogodnie\u0144, w tym 3 s\u0142odkowodne baseny, 1 kryty basen z podgrzewan\u0105 wod\u0105, kryte i odkryte jacuzzi, kort tenisowy, si\u0142owni\u0119, tenis sto\u0142owy i minigolf.<br \/>\nUdogodnienia dla dzieci obejmuj\u0105 dwa brodziki, w kt\u00f3rych dzieci mog\u0105 pluska\u0107 si\u0119 przez ca\u0142y dzie\u0144, zje\u017cd\u017calni\u0119 wodn\u0105, plac zabaw dla dzieci, animacje dla dzieci i klub dla dzieci (tylko latem).<br \/>\nPodczas gdy dzieci si\u0119 bawi\u0105, mamy i tatusiowie mog\u0105 zrelaksowa\u0107 si\u0119 w Elixir Spa oferuj\u0105cym masa\u017ce lecznicze, aromaterapi\u0119, talasoterapi\u0119 i zabiegi hydroterapii, saun\u0119 i \u0142a\u017ani\u0119 parow\u0105, salon fryzjerski oraz w pe\u0142ni wyposa\u017con\u0105 si\u0142owni\u0119.<br \/>\nHotel Athena Beach s\u0142ynie r\u00f3wnie\u017c z doskona\u0142ej kuchni z urozmaiconym mi\u0119dzynarodowym menu dla wszystkich smak\u00f3w, oferuje pi\u0119\u0107 restauracji, bar na pla\u017cy, kt\u00f3ry serwuje r\u00f3wnie\u017c lekkie posi\u0142ki i przek\u0105ski, a tak\u017ce bar przy basenie i koktajl bar.<br \/>\nHotel Athena Beach oferuje r\u00f3\u017cnorodne zakwaterowanie, aby u\u0142atwi\u0107 rodzicom podr\u00f3\u017cowanie z dzie\u0107mi &#8211; standardowy pok\u00f3j dla 3-osobowej rodziny z dodatkowym \u0142\u00f3\u017ckiem, pok\u00f3j dwupoziomowy dla maksymalnie 6 os\u00f3b, pok\u00f3j \u0142\u0105czony o maksymalnej pojemno\u015bci 6 os\u00f3b oraz apartament rodzinny z jedn\u0105 sypialni\u0105, kt\u00f3ry mo\u017ce pomie\u015bci\u0107 4 osoby.<br \/>\nW hotelu Constantinou Bros Athena Beach zawsze dzieje si\u0119 co\u015b ciekawego.<br \/>\nKilka razy w tygodniu organizowane s\u0105 zaj\u0119cia i gry dla dzieci.         <\/p>\n<ul>\n<li>Rozci\u0105ganie dla dzieci<\/li>\n<li>Puzzle<\/li>\n<li>Sztuka i rzemios\u0142o<\/li>\n<li>Quiz dla dzieci<\/li>\n<li>Gry pami\u0119ciowe<\/li>\n<li>Gry planszowe<\/li>\n<li>Gra Uno<\/li>\n<li>Malowanie kamienia<\/li>\n<li>Malowanie sol\u0105<\/li>\n<li>Gra Jenga<\/li>\n<li>Kr\u0119gle<\/li>\n<li>Ogl\u0105danie kresk\u00f3wek<\/li>\n<\/ul>\n<p>  Dzieci przebywaj\u0105ce na wakacjach w Pafos mog\u0105 r\u00f3wnie\u017c korzysta\u0107 z parku wodnego Pafos Water Park, a tak\u017ce wielu pobliskich sport\u00f3w wodnych, w tym banan\u00f3w, nart wodnych, nart wodnych, parasailingu, nurkowania i w\u0119dkowania.<br \/>\nHotel oferuje r\u00f3wnie\u017c oferty dla rodzin z jednym rodzicem &#8211; prosimy dzwoni\u0107 po szczeg\u00f3\u0142y pod numer <a href=\"tel:0035726964500\">00357 26 964500<\/a>.<br \/>\nAby uzyska\u0107 wi\u0119cej informacji i wycen\u0119 rodzinnych wakacji na Cyprze, prosimy skontaktowa\u0107 si\u0119 z naszym dzia\u0142em rezerwacji pod adresem <a href=\"mailto:reservations@cbh-cyprus.com\"> reservations@cbh-cyprus.com <\/a>.  <\/p>\n","protected":false},"excerpt":{"rendered":"<p>Hotel Athena Beach jest bardzo popularnym wyborem dla rodzin w ka\u017cdym wieku, poniewa\u017c oferuje szerok\u0105 gam\u0119 udogodnie\u0144, kt\u00f3re zapewni\u0105 rozrywk\u0119 Pa\u0144stwa rodzinie, a tak\u017ce rozleg\u0142e, zadbane ogrody i wspania\u0142e, przestronne tereny, kt\u00f3re prowadz\u0105 bezpo\u015brednio na pla\u017c\u0119. Athena Beach oferuje szerok\u0105 gam\u0119 udogodnie\u0144, w tym 3 s\u0142odkowodne baseny, 1 kryty basen z podgrzewan\u0105 wod\u0105, kryte i<\/p>\n","protected":false},"author":100,"featured_media":40185,"parent":0,"menu_order":0,"comment_status":"closed","ping_status":"closed","template":"","meta":{"_acf_changed":false,"footnotes":""},"class_list":["post-37103","page","type-page","status-publish","has-post-thumbnail","hentry"],"acf":[],"yoast_head":"<!-- This site is optimized with the Yoast SEO plugin v27.3 - https:\/\/yoast.com\/product\/yoast-seo-wordpress\/ -->\n<title>Wakacje rodzinne - Constantinou Bros Hotels<\/title>\n<meta name=\"robots\" content=\"index, follow, max-snippet:-1, max-image-preview:large, max-video-preview:-1\" \/>\n<link rel=\"canonical\" href=\"https:\/\/www.cbh-cyprus.com\/pl\/rodzina-wakacje\/\" \/>\n<meta property=\"og:locale\" content=\"pl_PL\" \/>\n<meta property=\"og:type\" content=\"article\" \/>\n<meta property=\"og:title\" content=\"Wakacje rodzinne - Constantinou Bros Hotels\" \/>\n<meta property=\"og:description\" content=\"Hotel Athena Beach jest bardzo popularnym wyborem dla rodzin w ka\u017cdym wieku, poniewa\u017c oferuje szerok\u0105 gam\u0119 udogodnie\u0144, kt\u00f3re zapewni\u0105 rozrywk\u0119 Pa\u0144stwa rodzinie, a tak\u017ce rozleg\u0142e, zadbane ogrody i wspania\u0142e, przestronne tereny, kt\u00f3re prowadz\u0105 bezpo\u015brednio na pla\u017c\u0119. Athena Beach oferuje szerok\u0105 gam\u0119 udogodnie\u0144, w tym 3 s\u0142odkowodne baseny, 1 kryty basen z podgrzewan\u0105 wod\u0105, kryte i\" \/>\n<meta property=\"og:url\" content=\"https:\/\/www.cbh-cyprus.com\/pl\/rodzina-wakacje\/\" \/>\n<meta property=\"og:site_name\" content=\"Constantinou Bros Hotels\" \/>\n<meta property=\"article:modified_time\" content=\"2024-09-13T09:06:19+00:00\" \/>\n<meta property=\"og:image\" content=\"https:\/\/www.cbh-cyprus.com\/app\/uploads\/sites\/30\/2021\/07\/75-ATHENA-BEACH-HOTEL-KIDS-CLUB.jpg\" \/>\n\t<meta property=\"og:image:width\" content=\"3766\" \/>\n\t<meta property=\"og:image:height\" content=\"2507\" \/>\n\t<meta property=\"og:image:type\" content=\"image\/jpeg\" \/>\n<meta name=\"twitter:card\" content=\"summary_large_image\" \/>\n<meta name=\"twitter:label1\" content=\"Est. reading time\" \/>\n\t<meta name=\"twitter:data1\" content=\"2 minutes\" \/>\n<script type=\"application\/ld+json\" class=\"yoast-schema-graph\">{\"@context\":\"https:\\\/\\\/schema.org\",\"@graph\":[{\"@type\":\"WebPage\",\"@id\":\"https:\\\/\\\/www.cbh-cyprus.com\\\/pl\\\/rodzina-wakacje\\\/\",\"url\":\"https:\\\/\\\/www.cbh-cyprus.com\\\/pl\\\/rodzina-wakacje\\\/\",\"name\":\"Wakacje rodzinne - Constantinou Bros Hotels\",\"isPartOf\":{\"@id\":\"https:\\\/\\\/www.cbh-cyprus.com\\\/pl\\\/#website\"},\"primaryImageOfPage\":{\"@id\":\"https:\\\/\\\/www.cbh-cyprus.com\\\/pl\\\/rodzina-wakacje\\\/#primaryimage\"},\"image\":{\"@id\":\"https:\\\/\\\/www.cbh-cyprus.com\\\/pl\\\/rodzina-wakacje\\\/#primaryimage\"},\"thumbnailUrl\":\"https:\\\/\\\/www.cbh-cyprus.com\\\/app\\\/uploads\\\/sites\\\/30\\\/2021\\\/07\\\/75-ATHENA-BEACH-HOTEL-KIDS-CLUB.jpg\",\"datePublished\":\"2024-07-23T09:15:46+00:00\",\"dateModified\":\"2024-09-13T09:06:19+00:00\",\"breadcrumb\":{\"@id\":\"https:\\\/\\\/www.cbh-cyprus.com\\\/pl\\\/rodzina-wakacje\\\/#breadcrumb\"},\"inLanguage\":\"pl-PL\",\"potentialAction\":[{\"@type\":\"ReadAction\",\"target\":[\"https:\\\/\\\/www.cbh-cyprus.com\\\/pl\\\/rodzina-wakacje\\\/\"]}]},{\"@type\":\"ImageObject\",\"inLanguage\":\"pl-PL\",\"@id\":\"https:\\\/\\\/www.cbh-cyprus.com\\\/pl\\\/rodzina-wakacje\\\/#primaryimage\",\"url\":\"https:\\\/\\\/www.cbh-cyprus.com\\\/app\\\/uploads\\\/sites\\\/30\\\/2021\\\/07\\\/75-ATHENA-BEACH-HOTEL-KIDS-CLUB.jpg\",\"contentUrl\":\"https:\\\/\\\/www.cbh-cyprus.com\\\/app\\\/uploads\\\/sites\\\/30\\\/2021\\\/07\\\/75-ATHENA-BEACH-HOTEL-KIDS-CLUB.jpg\",\"width\":3766,\"height\":2507},{\"@type\":\"BreadcrumbList\",\"@id\":\"https:\\\/\\\/www.cbh-cyprus.com\\\/pl\\\/rodzina-wakacje\\\/#breadcrumb\",\"itemListElement\":[{\"@type\":\"ListItem\",\"position\":1,\"name\":\"Home\",\"item\":\"https:\\\/\\\/www.cbh-cyprus.com\\\/pl\\\/welcome-to-constantinou-bros-hotels\\\/\"},{\"@type\":\"ListItem\",\"position\":2,\"name\":\"Wakacje rodzinne\"}]},{\"@type\":\"WebSite\",\"@id\":\"https:\\\/\\\/www.cbh-cyprus.com\\\/pl\\\/#website\",\"url\":\"https:\\\/\\\/www.cbh-cyprus.com\\\/pl\\\/\",\"name\":\"Constantinou Bros Hotels\",\"description\":\"Constantinou Bros Hotels\",\"publisher\":{\"@id\":\"https:\\\/\\\/www.cbh-cyprus.com\\\/pl\\\/#organization\"},\"potentialAction\":[{\"@type\":\"SearchAction\",\"target\":{\"@type\":\"EntryPoint\",\"urlTemplate\":\"https:\\\/\\\/www.cbh-cyprus.com\\\/pl\\\/?s={search_term_string}\"},\"query-input\":{\"@type\":\"PropertyValueSpecification\",\"valueRequired\":true,\"valueName\":\"search_term_string\"}}],\"inLanguage\":\"pl-PL\"},{\"@type\":\"Organization\",\"@id\":\"https:\\\/\\\/www.cbh-cyprus.com\\\/pl\\\/#organization\",\"name\":\"Constantinou Bros Hotels\",\"url\":\"https:\\\/\\\/www.cbh-cyprus.com\\\/pl\\\/\",\"logo\":{\"@type\":\"ImageObject\",\"inLanguage\":\"pl-PL\",\"@id\":\"https:\\\/\\\/www.cbh-cyprus.com\\\/pl\\\/#\\\/schema\\\/logo\\\/image\\\/\",\"url\":\"https:\\\/\\\/www.cbh-cyprus.com\\\/app\\\/uploads\\\/sites\\\/30\\\/2020\\\/10\\\/cbh.jpg\",\"contentUrl\":\"https:\\\/\\\/www.cbh-cyprus.com\\\/app\\\/uploads\\\/sites\\\/30\\\/2020\\\/10\\\/cbh.jpg\",\"width\":1013,\"height\":419,\"caption\":\"Constantinou Bros Hotels\"},\"image\":{\"@id\":\"https:\\\/\\\/www.cbh-cyprus.com\\\/pl\\\/#\\\/schema\\\/logo\\\/image\\\/\"}}]}<\/script>\n<!-- \/ Yoast SEO plugin. -->","yoast_head_json":{"title":"Wakacje rodzinne - Constantinou Bros Hotels","robots":{"index":"index","follow":"follow","max-snippet":"max-snippet:-1","max-image-preview":"max-image-preview:large","max-video-preview":"max-video-preview:-1"},"canonical":"https:\/\/www.cbh-cyprus.com\/pl\/rodzina-wakacje\/","og_locale":"pl_PL","og_type":"article","og_title":"Wakacje rodzinne - Constantinou Bros Hotels","og_description":"Hotel Athena Beach jest bardzo popularnym wyborem dla rodzin w ka\u017cdym wieku, poniewa\u017c oferuje szerok\u0105 gam\u0119 udogodnie\u0144, kt\u00f3re zapewni\u0105 rozrywk\u0119 Pa\u0144stwa rodzinie, a tak\u017ce rozleg\u0142e, zadbane ogrody i wspania\u0142e, przestronne tereny, kt\u00f3re prowadz\u0105 bezpo\u015brednio na pla\u017c\u0119. Athena Beach oferuje szerok\u0105 gam\u0119 udogodnie\u0144, w tym 3 s\u0142odkowodne baseny, 1 kryty basen z podgrzewan\u0105 wod\u0105, kryte i","og_url":"https:\/\/www.cbh-cyprus.com\/pl\/rodzina-wakacje\/","og_site_name":"Constantinou Bros Hotels","article_modified_time":"2024-09-13T09:06:19+00:00","og_image":[{"width":3766,"height":2507,"url":"https:\/\/www.cbh-cyprus.com\/app\/uploads\/sites\/30\/2021\/07\/75-ATHENA-BEACH-HOTEL-KIDS-CLUB.jpg","type":"image\/jpeg"}],"twitter_card":"summary_large_image","twitter_misc":{"Est. reading time":"2 minutes"},"schema":{"@context":"https:\/\/schema.org","@graph":[{"@type":"WebPage","@id":"https:\/\/www.cbh-cyprus.com\/pl\/rodzina-wakacje\/","url":"https:\/\/www.cbh-cyprus.com\/pl\/rodzina-wakacje\/","name":"Wakacje rodzinne - Constantinou Bros Hotels","isPartOf":{"@id":"https:\/\/www.cbh-cyprus.com\/pl\/#website"},"primaryImageOfPage":{"@id":"https:\/\/www.cbh-cyprus.com\/pl\/rodzina-wakacje\/#primaryimage"},"image":{"@id":"https:\/\/www.cbh-cyprus.com\/pl\/rodzina-wakacje\/#primaryimage"},"thumbnailUrl":"https:\/\/www.cbh-cyprus.com\/app\/uploads\/sites\/30\/2021\/07\/75-ATHENA-BEACH-HOTEL-KIDS-CLUB.jpg","datePublished":"2024-07-23T09:15:46+00:00","dateModified":"2024-09-13T09:06:19+00:00","breadcrumb":{"@id":"https:\/\/www.cbh-cyprus.com\/pl\/rodzina-wakacje\/#breadcrumb"},"inLanguage":"pl-PL","potentialAction":[{"@type":"ReadAction","target":["https:\/\/www.cbh-cyprus.com\/pl\/rodzina-wakacje\/"]}]},{"@type":"ImageObject","inLanguage":"pl-PL","@id":"https:\/\/www.cbh-cyprus.com\/pl\/rodzina-wakacje\/#primaryimage","url":"https:\/\/www.cbh-cyprus.com\/app\/uploads\/sites\/30\/2021\/07\/75-ATHENA-BEACH-HOTEL-KIDS-CLUB.jpg","contentUrl":"https:\/\/www.cbh-cyprus.com\/app\/uploads\/sites\/30\/2021\/07\/75-ATHENA-BEACH-HOTEL-KIDS-CLUB.jpg","width":3766,"height":2507},{"@type":"BreadcrumbList","@id":"https:\/\/www.cbh-cyprus.com\/pl\/rodzina-wakacje\/#breadcrumb","itemListElement":[{"@type":"ListItem","position":1,"name":"Home","item":"https:\/\/www.cbh-cyprus.com\/pl\/welcome-to-constantinou-bros-hotels\/"},{"@type":"ListItem","position":2,"name":"Wakacje rodzinne"}]},{"@type":"WebSite","@id":"https:\/\/www.cbh-cyprus.com\/pl\/#website","url":"https:\/\/www.cbh-cyprus.com\/pl\/","name":"Constantinou Bros Hotels","description":"Constantinou Bros Hotels","publisher":{"@id":"https:\/\/www.cbh-cyprus.com\/pl\/#organization"},"potentialAction":[{"@type":"SearchAction","target":{"@type":"EntryPoint","urlTemplate":"https:\/\/www.cbh-cyprus.com\/pl\/?s={search_term_string}"},"query-input":{"@type":"PropertyValueSpecification","valueRequired":true,"valueName":"search_term_string"}}],"inLanguage":"pl-PL"},{"@type":"Organization","@id":"https:\/\/www.cbh-cyprus.com\/pl\/#organization","name":"Constantinou Bros Hotels","url":"https:\/\/www.cbh-cyprus.com\/pl\/","logo":{"@type":"ImageObject","inLanguage":"pl-PL","@id":"https:\/\/www.cbh-cyprus.com\/pl\/#\/schema\/logo\/image\/","url":"https:\/\/www.cbh-cyprus.com\/app\/uploads\/sites\/30\/2020\/10\/cbh.jpg","contentUrl":"https:\/\/www.cbh-cyprus.com\/app\/uploads\/sites\/30\/2020\/10\/cbh.jpg","width":1013,"height":419,"caption":"Constantinou Bros Hotels"},"image":{"@id":"https:\/\/www.cbh-cyprus.com\/pl\/#\/schema\/logo\/image\/"}}]}},"_links":{"self":[{"href":"https:\/\/www.cbh-cyprus.com\/pl\/wp-json\/wp\/v2\/pages\/37103","targetHints":{"allow":["GET"]}}],"collection":[{"href":"https:\/\/www.cbh-cyprus.com\/pl\/wp-json\/wp\/v2\/pages"}],"about":[{"href":"https:\/\/www.cbh-cyprus.com\/pl\/wp-json\/wp\/v2\/types\/page"}],"author":[{"embeddable":true,"href":"https:\/\/www.cbh-cyprus.com\/pl\/wp-json\/wp\/v2\/users\/100"}],"replies":[{"embeddable":true,"href":"https:\/\/www.cbh-cyprus.com\/pl\/wp-json\/wp\/v2\/comments?post=37103"}],"version-history":[{"count":1,"href":"https:\/\/www.cbh-cyprus.com\/pl\/wp-json\/wp\/v2\/pages\/37103\/revisions"}],"predecessor-version":[{"id":41335,"href":"https:\/\/www.cbh-cyprus.com\/pl\/wp-json\/wp\/v2\/pages\/37103\/revisions\/41335"}],"wp:featuredmedia":[{"embeddable":true,"href":"https:\/\/www.cbh-cyprus.com\/pl\/wp-json\/wp\/v2\/media\/40185"}],"wp:attachment":[{"href":"https:\/\/www.cbh-cyprus.com\/pl\/wp-json\/wp\/v2\/media?parent=37103"}],"curies":[{"name":"wp","href":"https:\/\/api.w.org\/{rel}","templated":true}]}}