{"id":37123,"date":"2024-07-23T12:16:00","date_gmt":"2024-07-23T09:16:00","guid":{"rendered":"https:\/\/www.cbh-cyprus.com\/spotkania\/"},"modified":"2024-09-13T12:13:28","modified_gmt":"2024-09-13T09:13:28","slug":"spotkania","status":"publish","type":"page","link":"https:\/\/www.cbh-cyprus.com\/pl\/spotkania\/","title":{"rendered":"Spotkania"},"content":{"rendered":"<h1 class=\"home-pages-title title-size text-center pt-5 font-regular\">Wielofunkcyjne i zr\u00f3\u017cnicowane obiekty konferencyjne w Pafos  <\/h1>\n<p>&nbsp;  Hotele Constantinou Bros dysponuj\u0105 doskona\u0142ymi udogodnieniami wymaganymi do spe\u0142nienia najwy\u017cszych standard\u00f3w Pa\u0144stwa konferencji, spotkania lub wydarzenia specjalnego.<br \/>\nWszystkie nasze hotele po\u0142o\u017cone s\u0105 w pi\u0119knym otoczeniu przyrody, oferuj\u0105 starannie zaprojektowane sale konferencyjne z dedykowanym personelem, kt\u00f3ry s\u0142u\u017cy Pa\u0144stwu pomoc\u0105 i zapewnia wysokiej jako\u015bci sprz\u0119t audio i nag\u0142o\u015bnieniowy oraz us\u0142ugi, kt\u00f3re zapewni\u0105, \u017ce Pa\u0144stwa wydarzenie zako\u0144czy si\u0119 sukcesem.<br \/>\nJako dodatkowy bonus prosz\u0119 wzi\u0105\u0107 pod uwag\u0119 wspania\u0142\u0105 pogod\u0119 na Cyprze, szerok\u0105 gam\u0119 opcji rekreacyjnych oferowanych w naszych hotelach w ci\u0105gu dnia i wieczorem, a tak\u017ce wy\u015bmienit\u0105 kuchni\u0119 i mie\u0107 pewno\u015b\u0107, \u017ce Pa\u0144stwa spotkania biznesowe mo\u017cna przed\u0142u\u017cy\u0107 do niezapomnianych wakacji.<br \/>\nW celu uzyskania bardziej szczeg\u00f3\u0142owych informacji prosimy skontaktowa\u0107 si\u0119 z <a href=\"mailto:reservations@cbh-cyprus.com\">reservations@cbh-cyprus.com<\/a> lub odwiedzi\u0107 poszczeg\u00f3lne hotele na tej stronie.     <em><strong>Poni\u017cej mog\u0105 Pa\u0144stwo zapozna\u0107 si\u0119 z zapleczem konferencyjno-eventowym ka\u017cdego z naszych hoteli&#8230;<\/strong><\/em><\/p>\n<h4><strong>ATHENA BEACH HOTEL<\/strong><\/h4>\n<div class=\"tab-content\">\n<div id=\"athena-beach-hotel\" class=\"tab-pane rl_tabs-pane nn_tabs-pane active blue\" role=\"tabpanel\" aria-labelledby=\"tab-athena-beach-hotel\" aria-hidden=\"false\">  Sale funkcyjne zosta\u0142y starannie stworzone, aby uchwyci\u0107 otaczaj\u0105ce naturalne pi\u0119kno okolicy i po\u0142\u0105czy\u0107 je z nasz\u0105 nienagann\u0105 obs\u0142ug\u0105, aby go\u015bci\u0107 najbardziej wyselekcjonowane grupy i konwencje.<br \/>\nSale mog\u0105 by\u0107 wykorzystywane jako sale bryd\u017cowe i taneczne.   <\/p>\n<p class=\"article_underlined\"><strong>Obiekty konferencyjne<\/strong><\/p>\n<ul>\n<li>Rzutniki pisma i slajd\u00f3w z du\u017cym ekranem<\/li>\n<li>Podium<\/li>\n<li>Mikrofony<\/li>\n<li>Telewizor z du\u017cym ekranem<\/li>\n<li>Flipcharty<\/li>\n<li>Odtwarzacze wideo i DVD<\/li>\n<\/ul>\n<p class=\"article_underlined\"><strong>  Sale konferencyjne i funkcyjne<\/strong><\/p>\n<table class=\"meetings\">\n<thead>\n<tr>\n<th>Pok\u00f3j<\/th>\n<th><sup>m2<\/sup><\/th>\n<th>Styl teatralny<\/th>\n<th>Sala lekcyjna<\/th>\n<th>Przyj\u0119cie koktajlowe<\/th>\n<th>Kszta\u0142t litery U<\/th>\n<th>Sala konferencyjna<\/th>\n<th>Gala bankietowa<\/th>\n<\/tr>\n<\/thead>\n<tbody>\n<tr>\n<td>Atos<\/td>\n<td>352<\/td>\n<td>200<\/td>\n<td>150<\/td>\n<td>300<\/td>\n<td>60<\/td>\n<td>70<\/td>\n<td><\/td>\n<\/tr>\n<tr>\n<td>\u015awi\u0119ty Rafa\u0142<\/td>\n<td>124<\/td>\n<td>100<\/td>\n<td>65<\/td>\n<td>120<\/td>\n<td>40<\/td>\n<td>40<\/td>\n<td>60<\/td>\n<\/tr>\n<tr>\n<td>Orpheas<\/td>\n<td>67<\/td>\n<td>30<\/td>\n<td>20<\/td>\n<td>40<\/td>\n<td><\/td>\n<td><\/td>\n<td><\/td>\n<\/tr>\n<tr>\n<td>Asimina<\/td>\n<td>130<\/td>\n<td><\/td>\n<td>20<\/td>\n<td>30<\/td>\n<td>20<\/td>\n<td>20<\/td>\n<td><\/td>\n<\/tr>\n<tr>\n<td>Evelina<\/td>\n<td>132<\/td>\n<td><\/td>\n<td>20<\/td>\n<td>30<\/td>\n<td>20<\/td>\n<td>20<\/td>\n<td><\/td>\n<\/tr>\n<\/tbody>\n<\/table>\n<p>  W celu uzyskania dalszych informacji na temat spotka\u0144 i wydarze\u0144 prosimy kontaktowa\u0107 si\u0119 pod adresem: <a href=\"mailto:reservations@athens-cbh.com\">reservations@athena-cbh.com<\/a><\/p>\n<h4><\/h4>\n<h4><strong>ATHENA ROYAL BEACH HOTEL<\/strong><\/h4>\n<p>  Sale funkcyjne zosta\u0142y starannie stworzone, aby uchwyci\u0107 otaczaj\u0105ce naturalne pi\u0119kno okolicy i po\u0142\u0105czy\u0107 je z nasz\u0105 nienagann\u0105 obs\u0142ug\u0105, aby go\u015bci\u0107 najbardziej wyselekcjonowane grupy i konwencje.<br \/>\nSale mog\u0105 by\u0107 wykorzystywane jako sale bryd\u017cowe i taneczne.<br \/>\nWszystkie sale funkcyjne s\u0105 pozbawione filar\u00f3w.    <\/p>\n<p class=\"article_underlined\"><strong>Obiekty konferencyjne<\/strong><\/p>\n<ul>\n<li>Projektor LCD i du\u017cy ekran<\/li>\n<li>Podium<\/li>\n<li>Mikrofony<\/li>\n<li>Telewizor z du\u017cym ekranem<\/li>\n<li>Flipcharty<\/li>\n<li>Odtwarzacze DVD<\/li>\n<li>Podw\u00f3jny odtwarzacz CD i mikser<\/li>\n<\/ul>\n<p class=\"article_underlined\"><strong>  Sale konferencyjne i funkcyjne<\/strong><\/p>\n<table class=\"meetings\">\n<thead>\n<tr>\n<th>Pok\u00f3j<\/th>\n<th><sup>m2<\/sup><\/th>\n<th>Styl teatralny<\/th>\n<th>Sala lekcyjna<\/th>\n<th>Przyj\u0119cie koktajlowe<\/th>\n<th>Kszta\u0142t litery U<\/th>\n<th>Sala konferencyjna<\/th>\n<th>Gala bankietowa<\/th>\n<\/tr>\n<\/thead>\n<tbody>\n<tr>\n<td>Royal Hall<\/td>\n<td>493<\/td>\n<td>400<\/td>\n<td>310<\/td>\n<td>450<\/td>\n<td>90<\/td>\n<td>78<\/td>\n<td><\/td>\n<\/tr>\n<tr>\n<td>Artemis Hall<\/td>\n<td>572<\/td>\n<td>480<\/td>\n<td>350<\/td>\n<td>600<\/td>\n<td>100<\/td>\n<td>90<\/td>\n<td>300<\/td>\n<\/tr>\n<tr>\n<td>Eliada<\/td>\n<td>35<\/td>\n<td>30<\/td>\n<td>16<\/td>\n<td>20<\/td>\n<td>18<\/td>\n<td>10<\/td>\n<td>25<\/td>\n<\/tr>\n<tr>\n<td>Era<\/td>\n<td>35<\/td>\n<td>30<\/td>\n<td>16<\/td>\n<td>20<\/td>\n<td>18<\/td>\n<td>10<\/td>\n<td>25<\/td>\n<\/tr>\n<tr>\n<td>Ekali<\/td>\n<td>35<\/td>\n<td>30<\/td>\n<td>16<\/td>\n<td>20<\/td>\n<td>18<\/td>\n<td>10<\/td>\n<td>25<\/td>\n<\/tr>\n<\/tbody>\n<\/table>\n<p>  W celu uzyskania dalszych informacji na temat spotka\u0144 i wydarze\u0144 prosimy kontaktowa\u0107 si\u0119 z  <a href=\"mailto:reservations@athenaroyal-cbh.com\">reservations@athenaroyal-cbh.com<\/a><\/p>\n<h4><strong> HOTEL PIONEER BEACH<\/strong><\/h4>\n<p>  Sale funkcyjne zosta\u0142y starannie stworzone, aby uchwyci\u0107 otaczaj\u0105ce naturalne pi\u0119kno okolicy i po\u0142\u0105czy\u0107 je z nasz\u0105 nienagann\u0105 obs\u0142ug\u0105, aby go\u015bci\u0107 najbardziej wyselekcjonowane grupy i konwencje.  <\/p>\n<p class=\"article_underlined\"><strong>Obiekty konferencyjne<\/strong><\/p>\n<ul>\n<li>Rzutniki pisma i slajd\u00f3w z du\u017cym ekranem<\/li>\n<li>Podium<\/li>\n<li>Mikrofony<\/li>\n<li>Flipcharty<\/li>\n<li>Odtwarzacze wideo i DVD<\/li>\n<\/ul>\n<p class=\"article_underlined\"><strong>  Sale konferencyjne i funkcyjne<\/strong><\/p>\n<table class=\"meetings\">\n<thead>\n<tr>\n<th>Pok\u00f3j<\/th>\n<th><sup>m2<\/sup><\/th>\n<th>Styl teatralny<\/th>\n<th>Sala lekcyjna<\/th>\n<th>Przyj\u0119cie koktajlowe<\/th>\n<th>Kszta\u0142t litery U<\/th>\n<\/tr>\n<\/thead>\n<tbody>\n<tr>\n<td>Posejdonas<\/td>\n<td>255<\/td>\n<td>195<\/td>\n<td>100<\/td>\n<td>350<\/td>\n<td>200<\/td>\n<\/tr>\n<\/tbody>\n<\/table>\n<p>  W celu uzyskania dalszych informacji na temat spotka\u0144 i wydarze\u0144 prosimy kontaktowa\u0107 si\u0119 pod adresem: <a href=\"mailto:reservations@pioneer-cbh.com\">reservations@pioneer-cbh.com<\/a><\/p>\n<\/div>\n<\/div>\n","protected":false},"excerpt":{"rendered":"<p>Wielofunkcyjne i zr\u00f3\u017cnicowane obiekty konferencyjne w Pafos &nbsp; Hotele Constantinou Bros dysponuj\u0105 doskona\u0142ymi udogodnieniami wymaganymi do spe\u0142nienia najwy\u017cszych standard\u00f3w Pa\u0144stwa konferencji, spotkania lub wydarzenia specjalnego. Wszystkie nasze hotele po\u0142o\u017cone s\u0105 w pi\u0119knym otoczeniu przyrody, oferuj\u0105 starannie zaprojektowane sale konferencyjne z dedykowanym personelem, kt\u00f3ry s\u0142u\u017cy Pa\u0144stwu pomoc\u0105 i zapewnia wysokiej jako\u015bci sprz\u0119t audio i nag\u0142o\u015bnieniowy oraz<\/p>\n","protected":false},"author":100,"featured_media":40197,"parent":0,"menu_order":0,"comment_status":"closed","ping_status":"closed","template":"","meta":{"_acf_changed":false,"footnotes":""},"class_list":["post-37123","page","type-page","status-publish","has-post-thumbnail","hentry"],"acf":[],"yoast_head":"<!-- This site is optimized with the Yoast SEO plugin v27.3 - https:\/\/yoast.com\/product\/yoast-seo-wordpress\/ -->\n<title>Obiekty konferencyjne w Pafos, Cypr || Hotele Constantinou<\/title>\n<meta name=\"description\" content=\"W czterech hotelach Constantinou Bros oferujemy Pa\u0144stwu szereg r\u00f3\u017cnorodnych, wielofunkcyjnych sal konferencyjnych w Pafos.\" \/>\n<meta name=\"robots\" content=\"index, follow, max-snippet:-1, max-image-preview:large, max-video-preview:-1\" \/>\n<link rel=\"canonical\" href=\"https:\/\/www.cbh-cyprus.com\/pl\/spotkania\/\" \/>\n<meta property=\"og:locale\" content=\"pl_PL\" \/>\n<meta property=\"og:type\" content=\"article\" \/>\n<meta property=\"og:title\" content=\"Obiekty konferencyjne w Pafos, Cypr || Hotele Constantinou\" \/>\n<meta property=\"og:description\" content=\"W czterech hotelach Constantinou Bros oferujemy Pa\u0144stwu szereg r\u00f3\u017cnorodnych, wielofunkcyjnych sal konferencyjnych w Pafos.\" \/>\n<meta property=\"og:url\" content=\"https:\/\/www.cbh-cyprus.com\/pl\/spotkania\/\" \/>\n<meta property=\"og:site_name\" content=\"Constantinou Bros Hotels\" \/>\n<meta property=\"article:modified_time\" content=\"2024-09-13T09:13:28+00:00\" \/>\n<meta property=\"og:image\" content=\"https:\/\/www.cbh-cyprus.com\/app\/uploads\/sites\/30\/2019\/10\/athena-royal-beach-hotel-royal-hall-theater-style-2_resized.jpg\" \/>\n\t<meta property=\"og:image:width\" content=\"1920\" \/>\n\t<meta property=\"og:image:height\" content=\"1275\" \/>\n\t<meta property=\"og:image:type\" content=\"image\/jpeg\" \/>\n<meta name=\"twitter:card\" content=\"summary_large_image\" \/>\n<meta name=\"twitter:label1\" content=\"Est. reading time\" \/>\n\t<meta name=\"twitter:data1\" content=\"2 minutes\" \/>\n<script type=\"application\/ld+json\" class=\"yoast-schema-graph\">{\"@context\":\"https:\\\/\\\/schema.org\",\"@graph\":[{\"@type\":\"WebPage\",\"@id\":\"https:\\\/\\\/www.cbh-cyprus.com\\\/pl\\\/spotkania\\\/\",\"url\":\"https:\\\/\\\/www.cbh-cyprus.com\\\/pl\\\/spotkania\\\/\",\"name\":\"Obiekty konferencyjne w Pafos, Cypr || Hotele Constantinou\",\"isPartOf\":{\"@id\":\"https:\\\/\\\/www.cbh-cyprus.com\\\/pl\\\/#website\"},\"primaryImageOfPage\":{\"@id\":\"https:\\\/\\\/www.cbh-cyprus.com\\\/pl\\\/spotkania\\\/#primaryimage\"},\"image\":{\"@id\":\"https:\\\/\\\/www.cbh-cyprus.com\\\/pl\\\/spotkania\\\/#primaryimage\"},\"thumbnailUrl\":\"https:\\\/\\\/www.cbh-cyprus.com\\\/app\\\/uploads\\\/sites\\\/30\\\/2019\\\/10\\\/athena-royal-beach-hotel-royal-hall-theater-style-2_resized.jpg\",\"datePublished\":\"2024-07-23T09:16:00+00:00\",\"dateModified\":\"2024-09-13T09:13:28+00:00\",\"description\":\"W czterech hotelach Constantinou Bros oferujemy Pa\u0144stwu szereg r\u00f3\u017cnorodnych, wielofunkcyjnych sal konferencyjnych w Pafos.\",\"breadcrumb\":{\"@id\":\"https:\\\/\\\/www.cbh-cyprus.com\\\/pl\\\/spotkania\\\/#breadcrumb\"},\"inLanguage\":\"pl-PL\",\"potentialAction\":[{\"@type\":\"ReadAction\",\"target\":[\"https:\\\/\\\/www.cbh-cyprus.com\\\/pl\\\/spotkania\\\/\"]}]},{\"@type\":\"ImageObject\",\"inLanguage\":\"pl-PL\",\"@id\":\"https:\\\/\\\/www.cbh-cyprus.com\\\/pl\\\/spotkania\\\/#primaryimage\",\"url\":\"https:\\\/\\\/www.cbh-cyprus.com\\\/app\\\/uploads\\\/sites\\\/30\\\/2019\\\/10\\\/athena-royal-beach-hotel-royal-hall-theater-style-2_resized.jpg\",\"contentUrl\":\"https:\\\/\\\/www.cbh-cyprus.com\\\/app\\\/uploads\\\/sites\\\/30\\\/2019\\\/10\\\/athena-royal-beach-hotel-royal-hall-theater-style-2_resized.jpg\",\"width\":1920,\"height\":1275,\"caption\":\"Royal Hall Theatre Style\"},{\"@type\":\"BreadcrumbList\",\"@id\":\"https:\\\/\\\/www.cbh-cyprus.com\\\/pl\\\/spotkania\\\/#breadcrumb\",\"itemListElement\":[{\"@type\":\"ListItem\",\"position\":1,\"name\":\"Home\",\"item\":\"https:\\\/\\\/www.cbh-cyprus.com\\\/pl\\\/welcome-to-constantinou-bros-hotels\\\/\"},{\"@type\":\"ListItem\",\"position\":2,\"name\":\"Spotkania\"}]},{\"@type\":\"WebSite\",\"@id\":\"https:\\\/\\\/www.cbh-cyprus.com\\\/pl\\\/#website\",\"url\":\"https:\\\/\\\/www.cbh-cyprus.com\\\/pl\\\/\",\"name\":\"Constantinou Bros Hotels\",\"description\":\"Constantinou Bros Hotels\",\"publisher\":{\"@id\":\"https:\\\/\\\/www.cbh-cyprus.com\\\/pl\\\/#organization\"},\"potentialAction\":[{\"@type\":\"SearchAction\",\"target\":{\"@type\":\"EntryPoint\",\"urlTemplate\":\"https:\\\/\\\/www.cbh-cyprus.com\\\/pl\\\/?s={search_term_string}\"},\"query-input\":{\"@type\":\"PropertyValueSpecification\",\"valueRequired\":true,\"valueName\":\"search_term_string\"}}],\"inLanguage\":\"pl-PL\"},{\"@type\":\"Organization\",\"@id\":\"https:\\\/\\\/www.cbh-cyprus.com\\\/pl\\\/#organization\",\"name\":\"Constantinou Bros Hotels\",\"url\":\"https:\\\/\\\/www.cbh-cyprus.com\\\/pl\\\/\",\"logo\":{\"@type\":\"ImageObject\",\"inLanguage\":\"pl-PL\",\"@id\":\"https:\\\/\\\/www.cbh-cyprus.com\\\/pl\\\/#\\\/schema\\\/logo\\\/image\\\/\",\"url\":\"https:\\\/\\\/www.cbh-cyprus.com\\\/app\\\/uploads\\\/sites\\\/30\\\/2020\\\/10\\\/cbh.jpg\",\"contentUrl\":\"https:\\\/\\\/www.cbh-cyprus.com\\\/app\\\/uploads\\\/sites\\\/30\\\/2020\\\/10\\\/cbh.jpg\",\"width\":1013,\"height\":419,\"caption\":\"Constantinou Bros Hotels\"},\"image\":{\"@id\":\"https:\\\/\\\/www.cbh-cyprus.com\\\/pl\\\/#\\\/schema\\\/logo\\\/image\\\/\"}}]}<\/script>\n<!-- \/ Yoast SEO plugin. -->","yoast_head_json":{"title":"Obiekty konferencyjne w Pafos, Cypr || Hotele Constantinou","description":"W czterech hotelach Constantinou Bros oferujemy Pa\u0144stwu szereg r\u00f3\u017cnorodnych, wielofunkcyjnych sal konferencyjnych w Pafos.","robots":{"index":"index","follow":"follow","max-snippet":"max-snippet:-1","max-image-preview":"max-image-preview:large","max-video-preview":"max-video-preview:-1"},"canonical":"https:\/\/www.cbh-cyprus.com\/pl\/spotkania\/","og_locale":"pl_PL","og_type":"article","og_title":"Obiekty konferencyjne w Pafos, Cypr || Hotele Constantinou","og_description":"W czterech hotelach Constantinou Bros oferujemy Pa\u0144stwu szereg r\u00f3\u017cnorodnych, wielofunkcyjnych sal konferencyjnych w Pafos.","og_url":"https:\/\/www.cbh-cyprus.com\/pl\/spotkania\/","og_site_name":"Constantinou Bros Hotels","article_modified_time":"2024-09-13T09:13:28+00:00","og_image":[{"width":1920,"height":1275,"url":"https:\/\/www.cbh-cyprus.com\/app\/uploads\/sites\/30\/2019\/10\/athena-royal-beach-hotel-royal-hall-theater-style-2_resized.jpg","type":"image\/jpeg"}],"twitter_card":"summary_large_image","twitter_misc":{"Est. reading time":"2 minutes"},"schema":{"@context":"https:\/\/schema.org","@graph":[{"@type":"WebPage","@id":"https:\/\/www.cbh-cyprus.com\/pl\/spotkania\/","url":"https:\/\/www.cbh-cyprus.com\/pl\/spotkania\/","name":"Obiekty konferencyjne w Pafos, Cypr || Hotele Constantinou","isPartOf":{"@id":"https:\/\/www.cbh-cyprus.com\/pl\/#website"},"primaryImageOfPage":{"@id":"https:\/\/www.cbh-cyprus.com\/pl\/spotkania\/#primaryimage"},"image":{"@id":"https:\/\/www.cbh-cyprus.com\/pl\/spotkania\/#primaryimage"},"thumbnailUrl":"https:\/\/www.cbh-cyprus.com\/app\/uploads\/sites\/30\/2019\/10\/athena-royal-beach-hotel-royal-hall-theater-style-2_resized.jpg","datePublished":"2024-07-23T09:16:00+00:00","dateModified":"2024-09-13T09:13:28+00:00","description":"W czterech hotelach Constantinou Bros oferujemy Pa\u0144stwu szereg r\u00f3\u017cnorodnych, wielofunkcyjnych sal konferencyjnych w Pafos.","breadcrumb":{"@id":"https:\/\/www.cbh-cyprus.com\/pl\/spotkania\/#breadcrumb"},"inLanguage":"pl-PL","potentialAction":[{"@type":"ReadAction","target":["https:\/\/www.cbh-cyprus.com\/pl\/spotkania\/"]}]},{"@type":"ImageObject","inLanguage":"pl-PL","@id":"https:\/\/www.cbh-cyprus.com\/pl\/spotkania\/#primaryimage","url":"https:\/\/www.cbh-cyprus.com\/app\/uploads\/sites\/30\/2019\/10\/athena-royal-beach-hotel-royal-hall-theater-style-2_resized.jpg","contentUrl":"https:\/\/www.cbh-cyprus.com\/app\/uploads\/sites\/30\/2019\/10\/athena-royal-beach-hotel-royal-hall-theater-style-2_resized.jpg","width":1920,"height":1275,"caption":"Royal Hall Theatre Style"},{"@type":"BreadcrumbList","@id":"https:\/\/www.cbh-cyprus.com\/pl\/spotkania\/#breadcrumb","itemListElement":[{"@type":"ListItem","position":1,"name":"Home","item":"https:\/\/www.cbh-cyprus.com\/pl\/welcome-to-constantinou-bros-hotels\/"},{"@type":"ListItem","position":2,"name":"Spotkania"}]},{"@type":"WebSite","@id":"https:\/\/www.cbh-cyprus.com\/pl\/#website","url":"https:\/\/www.cbh-cyprus.com\/pl\/","name":"Constantinou Bros Hotels","description":"Constantinou Bros Hotels","publisher":{"@id":"https:\/\/www.cbh-cyprus.com\/pl\/#organization"},"potentialAction":[{"@type":"SearchAction","target":{"@type":"EntryPoint","urlTemplate":"https:\/\/www.cbh-cyprus.com\/pl\/?s={search_term_string}"},"query-input":{"@type":"PropertyValueSpecification","valueRequired":true,"valueName":"search_term_string"}}],"inLanguage":"pl-PL"},{"@type":"Organization","@id":"https:\/\/www.cbh-cyprus.com\/pl\/#organization","name":"Constantinou Bros Hotels","url":"https:\/\/www.cbh-cyprus.com\/pl\/","logo":{"@type":"ImageObject","inLanguage":"pl-PL","@id":"https:\/\/www.cbh-cyprus.com\/pl\/#\/schema\/logo\/image\/","url":"https:\/\/www.cbh-cyprus.com\/app\/uploads\/sites\/30\/2020\/10\/cbh.jpg","contentUrl":"https:\/\/www.cbh-cyprus.com\/app\/uploads\/sites\/30\/2020\/10\/cbh.jpg","width":1013,"height":419,"caption":"Constantinou Bros Hotels"},"image":{"@id":"https:\/\/www.cbh-cyprus.com\/pl\/#\/schema\/logo\/image\/"}}]}},"_links":{"self":[{"href":"https:\/\/www.cbh-cyprus.com\/pl\/wp-json\/wp\/v2\/pages\/37123","targetHints":{"allow":["GET"]}}],"collection":[{"href":"https:\/\/www.cbh-cyprus.com\/pl\/wp-json\/wp\/v2\/pages"}],"about":[{"href":"https:\/\/www.cbh-cyprus.com\/pl\/wp-json\/wp\/v2\/types\/page"}],"author":[{"embeddable":true,"href":"https:\/\/www.cbh-cyprus.com\/pl\/wp-json\/wp\/v2\/users\/100"}],"replies":[{"embeddable":true,"href":"https:\/\/www.cbh-cyprus.com\/pl\/wp-json\/wp\/v2\/comments?post=37123"}],"version-history":[{"count":1,"href":"https:\/\/www.cbh-cyprus.com\/pl\/wp-json\/wp\/v2\/pages\/37123\/revisions"}],"predecessor-version":[{"id":41347,"href":"https:\/\/www.cbh-cyprus.com\/pl\/wp-json\/wp\/v2\/pages\/37123\/revisions\/41347"}],"wp:featuredmedia":[{"embeddable":true,"href":"https:\/\/www.cbh-cyprus.com\/pl\/wp-json\/wp\/v2\/media\/40197"}],"wp:attachment":[{"href":"https:\/\/www.cbh-cyprus.com\/pl\/wp-json\/wp\/v2\/media?parent=37123"}],"curies":[{"name":"wp","href":"https:\/\/api.w.org\/{rel}","templated":true}]}}