{"id":37143,"date":"2024-07-23T12:16:14","date_gmt":"2024-07-23T09:16:14","guid":{"rendered":"https:\/\/www.cbh-cyprus.com\/przydatne-linki\/"},"modified":"2024-09-13T12:51:16","modified_gmt":"2024-09-13T09:51:16","slug":"przydatne-linki","status":"publish","type":"page","link":"https:\/\/www.cbh-cyprus.com\/pl\/przydatne-linki\/","title":{"rendered":"Przydatne linki"},"content":{"rendered":"<ul>\n<li>Sta\u0142a podr\u00f3\u017c <a href=\"https:\/\/www.constanttravel.com\/\" target=\"_blank\" rel=\"noopener noreferrer\">https:\/\/www.constanttravel.com\/<\/a><\/li>\n<li>Constantinou Bros Properties <a href=\"https:\/\/www.cbd-cyprus.com\/\" target=\"_blank\" rel=\"noopener noreferrer\">https:\/\/www.cbd-cyprus.com\/<\/a><\/li>\n<li><a href=\"https:\/\/www.nationwidebowler.co.uk\/\">Nationwide bowler &#8211; magazyn dla wszystkich bowler\u00f3w  <\/a><\/li>\n<li><a href=\"https:\/\/www.adesmevtos.com\/\">Lokalna gazeta Adesmevtos Paphos<\/a><\/li>\n<li><a href=\"https:\/\/www.radiocosmos.com.cy\/\">Radio Cosmos Pafos Lokalna stacja radiowa<\/a><\/li>\n<li><a href=\"https:\/\/www.visitcyprus.com\/\">Cypryjska Organizacja Turystyczna<\/a><\/li>\n<li>Przelicznik walut <a href=\"https:\/\/www.xe.com\/ucc\/\" target=\"_blank\" rel=\"noopener noreferrer\">https:\/\/www.xe.com\/ucc\/<\/a><\/li>\n<li>I-directories.com <a href=\"https:\/\/www.i-directories.com\/\" target=\"_blank\" rel=\"noopener noreferrer\">https:\/\/www.i-directories.com\/<\/a><\/li>\n<li><a href=\"https:\/\/www.timeanddate.com\/worldclock\/custom.html?sort=1&amp;\">Zegar \u015bwiatowy  <\/a><\/li>\n<\/ul>\n","protected":false},"excerpt":{"rendered":"<p>Sta\u0142a podr\u00f3\u017c https:\/\/www.constanttravel.com\/ Constantinou Bros Properties https:\/\/www.cbd-cyprus.com\/ Nationwide bowler &#8211; magazyn dla wszystkich bowler\u00f3w Lokalna gazeta Adesmevtos Paphos Radio Cosmos Pafos Lokalna stacja radiowa Cypryjska Organizacja Turystyczna Przelicznik walut https:\/\/www.xe.com\/ucc\/ I-directories.com https:\/\/www.i-directories.com\/ Zegar \u015bwiatowy<\/p>\n","protected":false},"author":100,"featured_media":40191,"parent":0,"menu_order":0,"comment_status":"closed","ping_status":"closed","template":"","meta":{"_acf_changed":false,"footnotes":""},"class_list":["post-37143","page","type-page","status-publish","has-post-thumbnail","hentry"],"acf":[],"yoast_head":"<!-- This site is optimized with the Yoast SEO plugin v27.3 - https:\/\/yoast.com\/product\/yoast-seo-wordpress\/ -->\n<title>Przydatne linki - Constantinou Bros Hotels<\/title>\n<meta name=\"robots\" content=\"index, follow, max-snippet:-1, max-image-preview:large, max-video-preview:-1\" \/>\n<link rel=\"canonical\" href=\"https:\/\/www.cbh-cyprus.com\/pl\/przydatne-linki\/\" \/>\n<meta property=\"og:locale\" content=\"pl_PL\" \/>\n<meta property=\"og:type\" content=\"article\" \/>\n<meta property=\"og:title\" content=\"Przydatne linki - Constantinou Bros Hotels\" \/>\n<meta property=\"og:description\" content=\"Sta\u0142a podr\u00f3\u017c https:\/\/www.constanttravel.com\/ Constantinou Bros Properties https:\/\/www.cbd-cyprus.com\/ Nationwide bowler &#8211; magazyn dla wszystkich bowler\u00f3w Lokalna gazeta Adesmevtos Paphos Radio Cosmos Pafos Lokalna stacja radiowa Cypryjska Organizacja Turystyczna Przelicznik walut https:\/\/www.xe.com\/ucc\/ I-directories.com https:\/\/www.i-directories.com\/ Zegar \u015bwiatowy\" \/>\n<meta property=\"og:url\" content=\"https:\/\/www.cbh-cyprus.com\/pl\/przydatne-linki\/\" \/>\n<meta property=\"og:site_name\" content=\"Constantinou Bros Hotels\" \/>\n<meta property=\"article:modified_time\" content=\"2024-09-13T09:51:16+00:00\" \/>\n<meta property=\"og:image\" content=\"https:\/\/www.cbh-cyprus.com\/app\/uploads\/sites\/30\/2019\/10\/athena-royal-beach-hotel-exterior-view-2_resized.jpg\" \/>\n\t<meta property=\"og:image:width\" content=\"1920\" \/>\n\t<meta property=\"og:image:height\" content=\"1277\" \/>\n\t<meta property=\"og:image:type\" content=\"image\/jpeg\" \/>\n<meta name=\"twitter:card\" content=\"summary_large_image\" \/>\n<script type=\"application\/ld+json\" class=\"yoast-schema-graph\">{\"@context\":\"https:\\\/\\\/schema.org\",\"@graph\":[{\"@type\":\"WebPage\",\"@id\":\"https:\\\/\\\/www.cbh-cyprus.com\\\/pl\\\/przydatne-linki\\\/\",\"url\":\"https:\\\/\\\/www.cbh-cyprus.com\\\/pl\\\/przydatne-linki\\\/\",\"name\":\"Przydatne linki - Constantinou Bros Hotels\",\"isPartOf\":{\"@id\":\"https:\\\/\\\/www.cbh-cyprus.com\\\/pl\\\/#website\"},\"primaryImageOfPage\":{\"@id\":\"https:\\\/\\\/www.cbh-cyprus.com\\\/pl\\\/przydatne-linki\\\/#primaryimage\"},\"image\":{\"@id\":\"https:\\\/\\\/www.cbh-cyprus.com\\\/pl\\\/przydatne-linki\\\/#primaryimage\"},\"thumbnailUrl\":\"https:\\\/\\\/www.cbh-cyprus.com\\\/app\\\/uploads\\\/sites\\\/30\\\/2019\\\/10\\\/athena-royal-beach-hotel-exterior-view-2_resized.jpg\",\"datePublished\":\"2024-07-23T09:16:14+00:00\",\"dateModified\":\"2024-09-13T09:51:16+00:00\",\"breadcrumb\":{\"@id\":\"https:\\\/\\\/www.cbh-cyprus.com\\\/pl\\\/przydatne-linki\\\/#breadcrumb\"},\"inLanguage\":\"pl-PL\",\"potentialAction\":[{\"@type\":\"ReadAction\",\"target\":[\"https:\\\/\\\/www.cbh-cyprus.com\\\/pl\\\/przydatne-linki\\\/\"]}]},{\"@type\":\"ImageObject\",\"inLanguage\":\"pl-PL\",\"@id\":\"https:\\\/\\\/www.cbh-cyprus.com\\\/pl\\\/przydatne-linki\\\/#primaryimage\",\"url\":\"https:\\\/\\\/www.cbh-cyprus.com\\\/app\\\/uploads\\\/sites\\\/30\\\/2019\\\/10\\\/athena-royal-beach-hotel-exterior-view-2_resized.jpg\",\"contentUrl\":\"https:\\\/\\\/www.cbh-cyprus.com\\\/app\\\/uploads\\\/sites\\\/30\\\/2019\\\/10\\\/athena-royal-beach-hotel-exterior-view-2_resized.jpg\",\"width\":1920,\"height\":1277},{\"@type\":\"BreadcrumbList\",\"@id\":\"https:\\\/\\\/www.cbh-cyprus.com\\\/pl\\\/przydatne-linki\\\/#breadcrumb\",\"itemListElement\":[{\"@type\":\"ListItem\",\"position\":1,\"name\":\"Home\",\"item\":\"https:\\\/\\\/www.cbh-cyprus.com\\\/pl\\\/welcome-to-constantinou-bros-hotels\\\/\"},{\"@type\":\"ListItem\",\"position\":2,\"name\":\"Przydatne linki\"}]},{\"@type\":\"WebSite\",\"@id\":\"https:\\\/\\\/www.cbh-cyprus.com\\\/pl\\\/#website\",\"url\":\"https:\\\/\\\/www.cbh-cyprus.com\\\/pl\\\/\",\"name\":\"Constantinou Bros Hotels\",\"description\":\"Constantinou Bros Hotels\",\"publisher\":{\"@id\":\"https:\\\/\\\/www.cbh-cyprus.com\\\/pl\\\/#organization\"},\"potentialAction\":[{\"@type\":\"SearchAction\",\"target\":{\"@type\":\"EntryPoint\",\"urlTemplate\":\"https:\\\/\\\/www.cbh-cyprus.com\\\/pl\\\/?s={search_term_string}\"},\"query-input\":{\"@type\":\"PropertyValueSpecification\",\"valueRequired\":true,\"valueName\":\"search_term_string\"}}],\"inLanguage\":\"pl-PL\"},{\"@type\":\"Organization\",\"@id\":\"https:\\\/\\\/www.cbh-cyprus.com\\\/pl\\\/#organization\",\"name\":\"Constantinou Bros Hotels\",\"url\":\"https:\\\/\\\/www.cbh-cyprus.com\\\/pl\\\/\",\"logo\":{\"@type\":\"ImageObject\",\"inLanguage\":\"pl-PL\",\"@id\":\"https:\\\/\\\/www.cbh-cyprus.com\\\/pl\\\/#\\\/schema\\\/logo\\\/image\\\/\",\"url\":\"https:\\\/\\\/www.cbh-cyprus.com\\\/app\\\/uploads\\\/sites\\\/30\\\/2020\\\/10\\\/cbh.jpg\",\"contentUrl\":\"https:\\\/\\\/www.cbh-cyprus.com\\\/app\\\/uploads\\\/sites\\\/30\\\/2020\\\/10\\\/cbh.jpg\",\"width\":1013,\"height\":419,\"caption\":\"Constantinou Bros Hotels\"},\"image\":{\"@id\":\"https:\\\/\\\/www.cbh-cyprus.com\\\/pl\\\/#\\\/schema\\\/logo\\\/image\\\/\"}}]}<\/script>\n<!-- \/ Yoast SEO plugin. -->","yoast_head_json":{"title":"Przydatne linki - Constantinou Bros Hotels","robots":{"index":"index","follow":"follow","max-snippet":"max-snippet:-1","max-image-preview":"max-image-preview:large","max-video-preview":"max-video-preview:-1"},"canonical":"https:\/\/www.cbh-cyprus.com\/pl\/przydatne-linki\/","og_locale":"pl_PL","og_type":"article","og_title":"Przydatne linki - Constantinou Bros Hotels","og_description":"Sta\u0142a podr\u00f3\u017c https:\/\/www.constanttravel.com\/ Constantinou Bros Properties https:\/\/www.cbd-cyprus.com\/ Nationwide bowler &#8211; magazyn dla wszystkich bowler\u00f3w Lokalna gazeta Adesmevtos Paphos Radio Cosmos Pafos Lokalna stacja radiowa Cypryjska Organizacja Turystyczna Przelicznik walut https:\/\/www.xe.com\/ucc\/ I-directories.com https:\/\/www.i-directories.com\/ Zegar \u015bwiatowy","og_url":"https:\/\/www.cbh-cyprus.com\/pl\/przydatne-linki\/","og_site_name":"Constantinou Bros Hotels","article_modified_time":"2024-09-13T09:51:16+00:00","og_image":[{"width":1920,"height":1277,"url":"https:\/\/www.cbh-cyprus.com\/app\/uploads\/sites\/30\/2019\/10\/athena-royal-beach-hotel-exterior-view-2_resized.jpg","type":"image\/jpeg"}],"twitter_card":"summary_large_image","schema":{"@context":"https:\/\/schema.org","@graph":[{"@type":"WebPage","@id":"https:\/\/www.cbh-cyprus.com\/pl\/przydatne-linki\/","url":"https:\/\/www.cbh-cyprus.com\/pl\/przydatne-linki\/","name":"Przydatne linki - Constantinou Bros Hotels","isPartOf":{"@id":"https:\/\/www.cbh-cyprus.com\/pl\/#website"},"primaryImageOfPage":{"@id":"https:\/\/www.cbh-cyprus.com\/pl\/przydatne-linki\/#primaryimage"},"image":{"@id":"https:\/\/www.cbh-cyprus.com\/pl\/przydatne-linki\/#primaryimage"},"thumbnailUrl":"https:\/\/www.cbh-cyprus.com\/app\/uploads\/sites\/30\/2019\/10\/athena-royal-beach-hotel-exterior-view-2_resized.jpg","datePublished":"2024-07-23T09:16:14+00:00","dateModified":"2024-09-13T09:51:16+00:00","breadcrumb":{"@id":"https:\/\/www.cbh-cyprus.com\/pl\/przydatne-linki\/#breadcrumb"},"inLanguage":"pl-PL","potentialAction":[{"@type":"ReadAction","target":["https:\/\/www.cbh-cyprus.com\/pl\/przydatne-linki\/"]}]},{"@type":"ImageObject","inLanguage":"pl-PL","@id":"https:\/\/www.cbh-cyprus.com\/pl\/przydatne-linki\/#primaryimage","url":"https:\/\/www.cbh-cyprus.com\/app\/uploads\/sites\/30\/2019\/10\/athena-royal-beach-hotel-exterior-view-2_resized.jpg","contentUrl":"https:\/\/www.cbh-cyprus.com\/app\/uploads\/sites\/30\/2019\/10\/athena-royal-beach-hotel-exterior-view-2_resized.jpg","width":1920,"height":1277},{"@type":"BreadcrumbList","@id":"https:\/\/www.cbh-cyprus.com\/pl\/przydatne-linki\/#breadcrumb","itemListElement":[{"@type":"ListItem","position":1,"name":"Home","item":"https:\/\/www.cbh-cyprus.com\/pl\/welcome-to-constantinou-bros-hotels\/"},{"@type":"ListItem","position":2,"name":"Przydatne linki"}]},{"@type":"WebSite","@id":"https:\/\/www.cbh-cyprus.com\/pl\/#website","url":"https:\/\/www.cbh-cyprus.com\/pl\/","name":"Constantinou Bros Hotels","description":"Constantinou Bros Hotels","publisher":{"@id":"https:\/\/www.cbh-cyprus.com\/pl\/#organization"},"potentialAction":[{"@type":"SearchAction","target":{"@type":"EntryPoint","urlTemplate":"https:\/\/www.cbh-cyprus.com\/pl\/?s={search_term_string}"},"query-input":{"@type":"PropertyValueSpecification","valueRequired":true,"valueName":"search_term_string"}}],"inLanguage":"pl-PL"},{"@type":"Organization","@id":"https:\/\/www.cbh-cyprus.com\/pl\/#organization","name":"Constantinou Bros Hotels","url":"https:\/\/www.cbh-cyprus.com\/pl\/","logo":{"@type":"ImageObject","inLanguage":"pl-PL","@id":"https:\/\/www.cbh-cyprus.com\/pl\/#\/schema\/logo\/image\/","url":"https:\/\/www.cbh-cyprus.com\/app\/uploads\/sites\/30\/2020\/10\/cbh.jpg","contentUrl":"https:\/\/www.cbh-cyprus.com\/app\/uploads\/sites\/30\/2020\/10\/cbh.jpg","width":1013,"height":419,"caption":"Constantinou Bros Hotels"},"image":{"@id":"https:\/\/www.cbh-cyprus.com\/pl\/#\/schema\/logo\/image\/"}}]}},"_links":{"self":[{"href":"https:\/\/www.cbh-cyprus.com\/pl\/wp-json\/wp\/v2\/pages\/37143","targetHints":{"allow":["GET"]}}],"collection":[{"href":"https:\/\/www.cbh-cyprus.com\/pl\/wp-json\/wp\/v2\/pages"}],"about":[{"href":"https:\/\/www.cbh-cyprus.com\/pl\/wp-json\/wp\/v2\/types\/page"}],"author":[{"embeddable":true,"href":"https:\/\/www.cbh-cyprus.com\/pl\/wp-json\/wp\/v2\/users\/100"}],"replies":[{"embeddable":true,"href":"https:\/\/www.cbh-cyprus.com\/pl\/wp-json\/wp\/v2\/comments?post=37143"}],"version-history":[{"count":1,"href":"https:\/\/www.cbh-cyprus.com\/pl\/wp-json\/wp\/v2\/pages\/37143\/revisions"}],"predecessor-version":[{"id":41406,"href":"https:\/\/www.cbh-cyprus.com\/pl\/wp-json\/wp\/v2\/pages\/37143\/revisions\/41406"}],"wp:featuredmedia":[{"embeddable":true,"href":"https:\/\/www.cbh-cyprus.com\/pl\/wp-json\/wp\/v2\/media\/40191"}],"wp:attachment":[{"href":"https:\/\/www.cbh-cyprus.com\/pl\/wp-json\/wp\/v2\/media?parent=37143"}],"curies":[{"name":"wp","href":"https:\/\/api.w.org\/{rel}","templated":true}]}}