{"id":37144,"date":"2025-09-02T11:34:07","date_gmt":"2025-09-02T08:34:07","guid":{"rendered":"https:\/\/www.cbh-cyprus.com\/?page_id=37144"},"modified":"2025-09-04T12:13:36","modified_gmt":"2025-09-04T09:13:36","slug":"kariera","status":"publish","type":"page","link":"https:\/\/www.cbh-cyprus.com\/pl\/kariera\/","title":{"rendered":"Kariera"},"content":{"rendered":"<div class=\"mb-2\">\n<p><span style=\"font-size: 16px;\">Jak wielokrotnie powtarzali nam nasi lojalni go\u015bcie, kt\u00f3rzy wci\u0105\u017c wracaj\u0105 do naszych hoteli, naszym najwi\u0119kszym atutem jest nasz personel: u\u015bmiechni\u0119ty, uprzejmy, go\u015bcinny personel, kt\u00f3ry robi r\u00f3\u017cnic\u0119 w czyich\u015b wakacjach.<\/span><\/p>\n<\/div>\n<div class=\"\">\n<p>Nasi pracownicy ciesz\u0105 si\u0119 profesjonalnym \u015brodowiskiem pracy, ci\u0105g\u0142ym doskonaleniem zawodowym poprzez wysokie standardy selekcji i oceny oraz szkolenia.<\/p>\n<p>Constantinou Bros Hotels Ltd zaprasza Pa\u0144stwa do skorzystania z szansy na now\u0105 dynamiczn\u0105 karier\u0119, pracuj\u0105c z profesjonalistami, reprezentuj\u0105c najlepsz\u0105 sie\u0107 hoteli na Cyprze w ekscytuj\u0105cym i obiecuj\u0105cym sektorze turystyki!<\/p>\n<p>Je\u015bli wi\u0119c czujesz, \u017ce chcia\u0142by\u015b do\u0142\u0105czy\u0107 do organizacji takiej jak nasza, prosimy aplikowa\u0107 na otwarte stanowiska poni\u017cej lub wype\u0142ni\u0107 i przes\u0142a\u0107 formularz dotycz\u0105cy przysz\u0142ych wakat\u00f3w.<\/p>\n<p>Wszelkie pytania dotycz\u0105ce zatrudnienia prosimy kierowa\u0107 do naszego Zespo\u0142u HR <a href=\"tel:26964898\">26964898.<\/a> Aby przes\u0142a\u0107 aplikacj\u0119 MANUAL, prosz\u0119 wys\u0142a\u0107 wiadomo\u015b\u0107 e-mail na adres <a href=\"mailto:hr@cbh-cyprus.comc\">hr@cbh-cyprus.com<\/a> i za\u0142\u0105czy\u0107 wype\u0142niony formularz aplikacyjny lub CV.<\/p>\n<\/div>\n<h3>Otwarte stanowiska:<\/h3>\n<p>(Prosz\u0119 klikn\u0105\u0107 na nazwy stanowisk poni\u017cej, aby zobaczy\u0107 wymagane kwalifikacje)<\/p>\n<p>&nbsp;<\/p>\n<p><span style=\"color: #3366ff;\"><a style=\"color: #3366ff;\" href=\"https:\/\/www.cbh-cyprus.com\/app\/uploads\/sites\/30\/2025\/09\/guest-serv-manager-eng.png\" target=\"_blank\" rel=\"noopener\">Kierownik ds. obs\u0142ugi go\u015bci<\/a><\/span><\/p>\n<p><span style=\"color: #3366ff;\"><a style=\"color: #3366ff;\" href=\"https:\/\/www.cbh-cyprus.com\/app\/uploads\/sites\/30\/2025\/09\/guest-services-A-eng.png\">Obs\u0142uga go\u015bci A&#8217;<\/a><\/span><\/p>\n<p><span style=\"color: #3366ff;\"><a style=\"color: #3366ff;\" href=\"https:\/\/www.cbh-cyprus.com\/app\/uploads\/sites\/30\/2025\/09\/receptionist-eng.png\" target=\"_blank\" rel=\"noopener\">Recepcjonistka <\/a><\/span><\/p>\n<p><span style=\"color: #3366ff;\"><a style=\"color: #3366ff;\" href=\"https:\/\/www.cbh-cyprus.com\/app\/uploads\/sites\/30\/2025\/09\/hairdresser-eng.png\" target=\"_blank\" rel=\"noopener noreferrer\">Dzia\u0142 fryzjerski-Elixir Spa<\/a><\/span><\/p>\n<p><span style=\"color: #3366ff;\"><a style=\"color: #3366ff;\" href=\"https:\/\/www.cbh-cyprus.com\/app\/uploads\/sites\/30\/2025\/09\/spa-therapist-eng.png\" target=\"_blank\" rel=\"noopener\">Terapeuta Spa &#8211; Dzia\u0142 Elixir Spa<\/a><\/span><\/p>\n<p><span style=\"color: #3366ff;\"><a style=\"color: #3366ff;\" href=\"https:\/\/www.cbh-cyprus.com\/app\/uploads\/sites\/30\/2025\/09\/physiotherapist-eng.png\" target=\"_blank\" rel=\"noopener noreferrer\">Fizjoterapeuci &#8211; Dzia\u0142 Elixir Spa<\/a><\/span><\/p>\n<p><span style=\"color: #3366ff;\"><a style=\"color: #3366ff;\" href=\"https:\/\/www.cbh-cyprus.com\/app\/uploads\/sites\/30\/2025\/09\/secretary-eng.png\">Sekretarz<\/a><\/span><\/p>\n<p><span style=\"color: #3366ff;\"><a style=\"color: #3366ff;\" href=\"https:\/\/www.cbh-cyprus.com\/app\/uploads\/sites\/30\/2025\/09\/social-media-man-eng.png\">Kierownik ds. medi\u00f3w spo\u0142eczno\u015bciowych <\/a><\/span><\/p>\n<p><span style=\"color: #3366ff;\"><a style=\"color: #3366ff;\" href=\"https:\/\/www.cbh-cyprus.com\/app\/uploads\/sites\/30\/2025\/09\/it-officer-eng.png\" target=\"_blank\" rel=\"noopener\"> Informatyk<\/a><\/span><\/p>\n<p><span style=\"color: #3366ff;\"><a style=\"color: #3366ff;\" href=\"https:\/\/www.cbh-cyprus.com\/app\/uploads\/sites\/30\/2025\/09\/Housekeepers-floor_-supervisors-eng.png\" target=\"_blank\" rel=\"noopener\">Kierownicy pi\u0119ter &#8211; Sprz\u0105taczki<\/a><\/span><\/p>\n<p><span style=\"color: #3366ff;\"><a style=\"color: #3366ff;\" href=\"https:\/\/www.cbh-cyprus.com\/app\/uploads\/sites\/30\/2025\/09\/2024-waiter-eng.png\" target=\"_blank\" rel=\"noopener\">Kelnerzy<\/a><\/span><\/p>\n<p><span style=\"color: #3366ff;\"><a style=\"color: #3366ff;\" href=\"https:\/\/www.cbh-cyprus.com\/app\/uploads\/sites\/30\/2025\/09\/chief-eng-eng.png\" target=\"_blank\" rel=\"noopener\">G\u0142\u00f3wny in\u017cynier<\/a><\/span><\/p>\n<p>&nbsp;<\/p>\n<p>&nbsp;<\/p>\n","protected":false},"excerpt":{"rendered":"<p>Jak wielokrotnie powtarzali nam nasi lojalni go\u015bcie, kt\u00f3rzy wci\u0105\u017c wracaj\u0105 do naszych hoteli, naszym najwi\u0119kszym atutem jest nasz personel: u\u015bmiechni\u0119ty, uprzejmy, go\u015bcinny personel, kt\u00f3ry robi r\u00f3\u017cnic\u0119 w czyich\u015b wakacjach. Nasi pracownicy ciesz\u0105 si\u0119 profesjonalnym \u015brodowiskiem pracy, ci\u0105g\u0142ym doskonaleniem zawodowym poprzez wysokie standardy selekcji i oceny oraz szkolenia. Constantinou Bros Hotels Ltd zaprasza Pa\u0144stwa do skorzystania<\/p>\n","protected":false},"author":100,"featured_media":40190,"parent":0,"menu_order":0,"comment_status":"closed","ping_status":"closed","template":"","meta":{"_acf_changed":false,"footnotes":""},"class_list":["post-37144","page","type-page","status-publish","has-post-thumbnail","hentry"],"acf":[],"yoast_head":"<!-- This site is optimized with the Yoast SEO plugin v27.4 - https:\/\/yoast.com\/product\/yoast-seo-wordpress\/ -->\n<title>Constantinou Bros Kariera - Do\u0142\u0105cz do zespo\u0142u | Constantinou Hotels<\/title>\n<meta name=\"description\" content=\"Prosz\u0119 sprawdzi\u0107 oferty pracy w Constantinou Bros, aby mie\u0107 szans\u0119 na do\u0142\u0105czenie do naszego zespo\u0142u. Je\u015bli uwa\u017caj\u0105 Pa\u0144stwo, \u017ce dobrze Pa\u0144stwo pasuj\u0105, z przyjemno\u015bci\u0105 rozwa\u017cymy Pa\u0144stwa kandydatur\u0119.\" \/>\n<meta name=\"robots\" content=\"index, follow, max-snippet:-1, max-image-preview:large, max-video-preview:-1\" \/>\n<link rel=\"canonical\" href=\"https:\/\/www.cbh-cyprus.com\/pl\/kariera\/\" \/>\n<meta property=\"og:locale\" content=\"pl_PL\" \/>\n<meta property=\"og:type\" content=\"article\" \/>\n<meta property=\"og:title\" content=\"Constantinou Bros Kariera - Do\u0142\u0105cz do zespo\u0142u | Constantinou Hotels\" \/>\n<meta property=\"og:description\" content=\"Prosz\u0119 sprawdzi\u0107 oferty pracy w Constantinou Bros, aby mie\u0107 szans\u0119 na do\u0142\u0105czenie do naszego zespo\u0142u. Je\u015bli uwa\u017caj\u0105 Pa\u0144stwo, \u017ce dobrze Pa\u0144stwo pasuj\u0105, z przyjemno\u015bci\u0105 rozwa\u017cymy Pa\u0144stwa kandydatur\u0119.\" \/>\n<meta property=\"og:url\" content=\"https:\/\/www.cbh-cyprus.com\/pl\/kariera\/\" \/>\n<meta property=\"og:site_name\" content=\"Constantinou Bros Hotels\" \/>\n<meta property=\"article:modified_time\" content=\"2025-09-04T09:13:36+00:00\" \/>\n<meta property=\"og:image\" content=\"https:\/\/www.cbh-cyprus.com\/app\/uploads\/sites\/30\/2019\/10\/4-athena-royal-beach-hotel-pool-and-sea-view_resized.jpg\" \/>\n\t<meta property=\"og:image:width\" content=\"1920\" \/>\n\t<meta property=\"og:image:height\" content=\"1181\" \/>\n\t<meta property=\"og:image:type\" content=\"image\/jpeg\" \/>\n<meta name=\"twitter:card\" content=\"summary_large_image\" \/>\n<meta name=\"twitter:label1\" content=\"Est. reading time\" \/>\n\t<meta name=\"twitter:data1\" content=\"1 minute\" \/>\n<script type=\"application\/ld+json\" class=\"yoast-schema-graph\">{\"@context\":\"https:\\\/\\\/schema.org\",\"@graph\":[{\"@type\":\"WebPage\",\"@id\":\"https:\\\/\\\/www.cbh-cyprus.com\\\/pl\\\/kariera\\\/\",\"url\":\"https:\\\/\\\/www.cbh-cyprus.com\\\/pl\\\/kariera\\\/\",\"name\":\"Constantinou Bros Kariera - Do\u0142\u0105cz do zespo\u0142u | Constantinou Hotels\",\"isPartOf\":{\"@id\":\"https:\\\/\\\/www.cbh-cyprus.com\\\/pl\\\/#website\"},\"primaryImageOfPage\":{\"@id\":\"https:\\\/\\\/www.cbh-cyprus.com\\\/pl\\\/kariera\\\/#primaryimage\"},\"image\":{\"@id\":\"https:\\\/\\\/www.cbh-cyprus.com\\\/pl\\\/kariera\\\/#primaryimage\"},\"thumbnailUrl\":\"https:\\\/\\\/www.cbh-cyprus.com\\\/app\\\/uploads\\\/sites\\\/30\\\/2019\\\/10\\\/4-athena-royal-beach-hotel-pool-and-sea-view_resized.jpg\",\"datePublished\":\"2025-09-02T08:34:07+00:00\",\"dateModified\":\"2025-09-04T09:13:36+00:00\",\"description\":\"Prosz\u0119 sprawdzi\u0107 oferty pracy w Constantinou Bros, aby mie\u0107 szans\u0119 na do\u0142\u0105czenie do naszego zespo\u0142u. Je\u015bli uwa\u017caj\u0105 Pa\u0144stwo, \u017ce dobrze Pa\u0144stwo pasuj\u0105, z przyjemno\u015bci\u0105 rozwa\u017cymy Pa\u0144stwa kandydatur\u0119.\",\"breadcrumb\":{\"@id\":\"https:\\\/\\\/www.cbh-cyprus.com\\\/pl\\\/kariera\\\/#breadcrumb\"},\"inLanguage\":\"pl-PL\",\"potentialAction\":[{\"@type\":\"ReadAction\",\"target\":[\"https:\\\/\\\/www.cbh-cyprus.com\\\/pl\\\/kariera\\\/\"]}]},{\"@type\":\"ImageObject\",\"inLanguage\":\"pl-PL\",\"@id\":\"https:\\\/\\\/www.cbh-cyprus.com\\\/pl\\\/kariera\\\/#primaryimage\",\"url\":\"https:\\\/\\\/www.cbh-cyprus.com\\\/app\\\/uploads\\\/sites\\\/30\\\/2019\\\/10\\\/4-athena-royal-beach-hotel-pool-and-sea-view_resized.jpg\",\"contentUrl\":\"https:\\\/\\\/www.cbh-cyprus.com\\\/app\\\/uploads\\\/sites\\\/30\\\/2019\\\/10\\\/4-athena-royal-beach-hotel-pool-and-sea-view_resized.jpg\",\"width\":1920,\"height\":1181},{\"@type\":\"BreadcrumbList\",\"@id\":\"https:\\\/\\\/www.cbh-cyprus.com\\\/pl\\\/kariera\\\/#breadcrumb\",\"itemListElement\":[{\"@type\":\"ListItem\",\"position\":1,\"name\":\"Home\",\"item\":\"https:\\\/\\\/www.cbh-cyprus.com\\\/pl\\\/welcome-to-constantinou-bros-hotels\\\/\"},{\"@type\":\"ListItem\",\"position\":2,\"name\":\"Kariera\"}]},{\"@type\":\"WebSite\",\"@id\":\"https:\\\/\\\/www.cbh-cyprus.com\\\/pl\\\/#website\",\"url\":\"https:\\\/\\\/www.cbh-cyprus.com\\\/pl\\\/\",\"name\":\"Constantinou Bros Hotels\",\"description\":\"Constantinou Bros Hotels\",\"publisher\":{\"@id\":\"https:\\\/\\\/www.cbh-cyprus.com\\\/pl\\\/#organization\"},\"potentialAction\":[{\"@type\":\"SearchAction\",\"target\":{\"@type\":\"EntryPoint\",\"urlTemplate\":\"https:\\\/\\\/www.cbh-cyprus.com\\\/pl\\\/?s={search_term_string}\"},\"query-input\":{\"@type\":\"PropertyValueSpecification\",\"valueRequired\":true,\"valueName\":\"search_term_string\"}}],\"inLanguage\":\"pl-PL\"},{\"@type\":\"Organization\",\"@id\":\"https:\\\/\\\/www.cbh-cyprus.com\\\/pl\\\/#organization\",\"name\":\"Constantinou Bros Hotels\",\"url\":\"https:\\\/\\\/www.cbh-cyprus.com\\\/pl\\\/\",\"logo\":{\"@type\":\"ImageObject\",\"inLanguage\":\"pl-PL\",\"@id\":\"https:\\\/\\\/www.cbh-cyprus.com\\\/pl\\\/#\\\/schema\\\/logo\\\/image\\\/\",\"url\":\"https:\\\/\\\/www.cbh-cyprus.com\\\/app\\\/uploads\\\/sites\\\/30\\\/2020\\\/10\\\/cbh.jpg\",\"contentUrl\":\"https:\\\/\\\/www.cbh-cyprus.com\\\/app\\\/uploads\\\/sites\\\/30\\\/2020\\\/10\\\/cbh.jpg\",\"width\":1013,\"height\":419,\"caption\":\"Constantinou Bros Hotels\"},\"image\":{\"@id\":\"https:\\\/\\\/www.cbh-cyprus.com\\\/pl\\\/#\\\/schema\\\/logo\\\/image\\\/\"}}]}<\/script>\n<!-- \/ Yoast SEO plugin. -->","yoast_head_json":{"title":"Constantinou Bros Kariera - Do\u0142\u0105cz do zespo\u0142u | Constantinou Hotels","description":"Prosz\u0119 sprawdzi\u0107 oferty pracy w Constantinou Bros, aby mie\u0107 szans\u0119 na do\u0142\u0105czenie do naszego zespo\u0142u. Je\u015bli uwa\u017caj\u0105 Pa\u0144stwo, \u017ce dobrze Pa\u0144stwo pasuj\u0105, z przyjemno\u015bci\u0105 rozwa\u017cymy Pa\u0144stwa kandydatur\u0119.","robots":{"index":"index","follow":"follow","max-snippet":"max-snippet:-1","max-image-preview":"max-image-preview:large","max-video-preview":"max-video-preview:-1"},"canonical":"https:\/\/www.cbh-cyprus.com\/pl\/kariera\/","og_locale":"pl_PL","og_type":"article","og_title":"Constantinou Bros Kariera - Do\u0142\u0105cz do zespo\u0142u | Constantinou Hotels","og_description":"Prosz\u0119 sprawdzi\u0107 oferty pracy w Constantinou Bros, aby mie\u0107 szans\u0119 na do\u0142\u0105czenie do naszego zespo\u0142u. Je\u015bli uwa\u017caj\u0105 Pa\u0144stwo, \u017ce dobrze Pa\u0144stwo pasuj\u0105, z przyjemno\u015bci\u0105 rozwa\u017cymy Pa\u0144stwa kandydatur\u0119.","og_url":"https:\/\/www.cbh-cyprus.com\/pl\/kariera\/","og_site_name":"Constantinou Bros Hotels","article_modified_time":"2025-09-04T09:13:36+00:00","og_image":[{"width":1920,"height":1181,"url":"https:\/\/www.cbh-cyprus.com\/app\/uploads\/sites\/30\/2019\/10\/4-athena-royal-beach-hotel-pool-and-sea-view_resized.jpg","type":"image\/jpeg"}],"twitter_card":"summary_large_image","twitter_misc":{"Est. reading time":"1 minute"},"schema":{"@context":"https:\/\/schema.org","@graph":[{"@type":"WebPage","@id":"https:\/\/www.cbh-cyprus.com\/pl\/kariera\/","url":"https:\/\/www.cbh-cyprus.com\/pl\/kariera\/","name":"Constantinou Bros Kariera - Do\u0142\u0105cz do zespo\u0142u | Constantinou Hotels","isPartOf":{"@id":"https:\/\/www.cbh-cyprus.com\/pl\/#website"},"primaryImageOfPage":{"@id":"https:\/\/www.cbh-cyprus.com\/pl\/kariera\/#primaryimage"},"image":{"@id":"https:\/\/www.cbh-cyprus.com\/pl\/kariera\/#primaryimage"},"thumbnailUrl":"https:\/\/www.cbh-cyprus.com\/app\/uploads\/sites\/30\/2019\/10\/4-athena-royal-beach-hotel-pool-and-sea-view_resized.jpg","datePublished":"2025-09-02T08:34:07+00:00","dateModified":"2025-09-04T09:13:36+00:00","description":"Prosz\u0119 sprawdzi\u0107 oferty pracy w Constantinou Bros, aby mie\u0107 szans\u0119 na do\u0142\u0105czenie do naszego zespo\u0142u. Je\u015bli uwa\u017caj\u0105 Pa\u0144stwo, \u017ce dobrze Pa\u0144stwo pasuj\u0105, z przyjemno\u015bci\u0105 rozwa\u017cymy Pa\u0144stwa kandydatur\u0119.","breadcrumb":{"@id":"https:\/\/www.cbh-cyprus.com\/pl\/kariera\/#breadcrumb"},"inLanguage":"pl-PL","potentialAction":[{"@type":"ReadAction","target":["https:\/\/www.cbh-cyprus.com\/pl\/kariera\/"]}]},{"@type":"ImageObject","inLanguage":"pl-PL","@id":"https:\/\/www.cbh-cyprus.com\/pl\/kariera\/#primaryimage","url":"https:\/\/www.cbh-cyprus.com\/app\/uploads\/sites\/30\/2019\/10\/4-athena-royal-beach-hotel-pool-and-sea-view_resized.jpg","contentUrl":"https:\/\/www.cbh-cyprus.com\/app\/uploads\/sites\/30\/2019\/10\/4-athena-royal-beach-hotel-pool-and-sea-view_resized.jpg","width":1920,"height":1181},{"@type":"BreadcrumbList","@id":"https:\/\/www.cbh-cyprus.com\/pl\/kariera\/#breadcrumb","itemListElement":[{"@type":"ListItem","position":1,"name":"Home","item":"https:\/\/www.cbh-cyprus.com\/pl\/welcome-to-constantinou-bros-hotels\/"},{"@type":"ListItem","position":2,"name":"Kariera"}]},{"@type":"WebSite","@id":"https:\/\/www.cbh-cyprus.com\/pl\/#website","url":"https:\/\/www.cbh-cyprus.com\/pl\/","name":"Constantinou Bros Hotels","description":"Constantinou Bros Hotels","publisher":{"@id":"https:\/\/www.cbh-cyprus.com\/pl\/#organization"},"potentialAction":[{"@type":"SearchAction","target":{"@type":"EntryPoint","urlTemplate":"https:\/\/www.cbh-cyprus.com\/pl\/?s={search_term_string}"},"query-input":{"@type":"PropertyValueSpecification","valueRequired":true,"valueName":"search_term_string"}}],"inLanguage":"pl-PL"},{"@type":"Organization","@id":"https:\/\/www.cbh-cyprus.com\/pl\/#organization","name":"Constantinou Bros Hotels","url":"https:\/\/www.cbh-cyprus.com\/pl\/","logo":{"@type":"ImageObject","inLanguage":"pl-PL","@id":"https:\/\/www.cbh-cyprus.com\/pl\/#\/schema\/logo\/image\/","url":"https:\/\/www.cbh-cyprus.com\/app\/uploads\/sites\/30\/2020\/10\/cbh.jpg","contentUrl":"https:\/\/www.cbh-cyprus.com\/app\/uploads\/sites\/30\/2020\/10\/cbh.jpg","width":1013,"height":419,"caption":"Constantinou Bros Hotels"},"image":{"@id":"https:\/\/www.cbh-cyprus.com\/pl\/#\/schema\/logo\/image\/"}}]}},"_links":{"self":[{"href":"https:\/\/www.cbh-cyprus.com\/pl\/wp-json\/wp\/v2\/pages\/37144","targetHints":{"allow":["GET"]}}],"collection":[{"href":"https:\/\/www.cbh-cyprus.com\/pl\/wp-json\/wp\/v2\/pages"}],"about":[{"href":"https:\/\/www.cbh-cyprus.com\/pl\/wp-json\/wp\/v2\/types\/page"}],"author":[{"embeddable":true,"href":"https:\/\/www.cbh-cyprus.com\/pl\/wp-json\/wp\/v2\/users\/100"}],"replies":[{"embeddable":true,"href":"https:\/\/www.cbh-cyprus.com\/pl\/wp-json\/wp\/v2\/comments?post=37144"}],"version-history":[{"count":4,"href":"https:\/\/www.cbh-cyprus.com\/pl\/wp-json\/wp\/v2\/pages\/37144\/revisions"}],"predecessor-version":[{"id":46208,"href":"https:\/\/www.cbh-cyprus.com\/pl\/wp-json\/wp\/v2\/pages\/37144\/revisions\/46208"}],"wp:featuredmedia":[{"embeddable":true,"href":"https:\/\/www.cbh-cyprus.com\/pl\/wp-json\/wp\/v2\/media\/40190"}],"wp:attachment":[{"href":"https:\/\/www.cbh-cyprus.com\/pl\/wp-json\/wp\/v2\/media?parent=37144"}],"curies":[{"name":"wp","href":"https:\/\/api.w.org\/{rel}","templated":true}]}}