{"id":37152,"date":"2024-07-23T12:16:19","date_gmt":"2024-07-23T09:16:19","guid":{"rendered":"https:\/\/www.cbh-cyprus.com\/o-pafos-slash-cypr\/"},"modified":"2024-09-13T11:28:30","modified_gmt":"2024-09-13T08:28:30","slug":"o-pafos-slash-cypr","status":"publish","type":"page","link":"https:\/\/www.cbh-cyprus.com\/pl\/o-pafos-slash-cypr\/","title":{"rendered":"O Pafos \/ Cypr"},"content":{"rendered":"<p><strong>Pafos<\/strong>, ma\u0142e malownicze miasto po\u0142o\u017cone jest na zachodnim wybrze\u017cu Cypru i rozci\u0105ga si\u0119 od pi\u0119knego p\u00f3\u0142wyspu Akamas na p\u00f3\u0142nocnym zachodzie po ska\u0142\u0119 Aphrodites na wschodzie.<br \/>\nJest ono przesi\u0105kni\u0119te histori\u0105, poniewa\u017c by\u0142o stolic\u0105 Cypru w czasach staro\u017cytnych i po raz kolejny \u015bwi\u0119towa\u0142o to wyr\u00f3\u017cnienie, gdy w 2017 roku kr\u00f3lowa\u0142o jako Europejska Stolica Kultury, przyci\u0105gaj\u0105c tysi\u0105ce turyst\u00f3w ka\u017cdego roku.<br \/>\nW Pafos znajduje si\u0119 niezliczona ilo\u015b\u0107 miejsc o znaczeniu historycznym, religijnym i kulturowym, kt\u00f3re zosta\u0142y wpisane na list\u0119 \u015bwiatowego dziedzictwa kulturowego UNESCO.<br \/>\nGrobowce Kr\u00f3l\u00f3w, \u015bredniowieczny fort, Odeon, Dom Dionizosa, Ska\u0142a Afrodyty i \u0141a\u017anie Afrodyty, a tak\u017ce kolumna \u015bw. Paw\u0142a to tylko niekt\u00f3re z tych miejsc.<br \/>\nFunkcjonowanie mi\u0119dzynarodowego lotniska z po\u0142\u0105czeniami z wieloma g\u0142\u00f3wnymi miastami na \u015bwiecie sprawi\u0142o, \u017ce Pafos jest bardzo \u0142atwo dost\u0119pne.<br \/>\nR\u00f3wnie\u017c nowa, dobra autostrada \u0142\u0105czy Pafos \u0142atwo i bezpiecznie ze wszystkimi innymi miastami.<br \/>\nObszar Pafos graniczy z pi\u0119knym wybrze\u017cem, a w g\u00f3rach znajduj\u0105 si\u0119 urocze wioski z wielowiekowymi klasztorami.<br \/>\nCentrum miasta jest jednak nowoczesne z modnymi sklepami, ciekawym tradycyjnym rynkiem i dobrymi muzeami.<br \/>\nPrzekonaj\u0105 si\u0119 Pa\u0144stwo, \u017ce Pafos jest uroczym kurortem, bezpiecznym i przyjemnym, z mn\u00f3stwem do zobaczenia i zrobienia, kt\u00f3ry wkr\u00f3tce stanie si\u0119 ulubionym miejscem na wakacje. <strong>Cypr<\/strong> jest trzeci\u0105 co do wielko\u015bci wysp\u0105 na Morzu \u015ar\u00f3dziemnym i prawdziwym skrzy\u017cowaniem trzech kontynent\u00f3w: Europy, Azji i Afryki.<br \/>\nSta\u0142 si\u0119 niepodleg\u0142\u0105 republik\u0105 w 1960 roku i do\u0142\u0105czy\u0142 do Unii Europejskiej w 2004 roku.<br \/>\nPosiada dwa mi\u0119dzynarodowe lotniska w Larnace i Pafos z doskona\u0142ymi po\u0142\u0105czeniami z wi\u0119kszo\u015bci\u0105 du\u017cych miast na \u015bwiecie.<br \/>\nCypr zawdzi\u0119cza swoj\u0105 nazw\u0119 miedzi, kt\u00f3rej w staro\u017cytno\u015bci by\u0142o tu pod dostatkiem.<br \/>\nJest to wyspa przesi\u0105kni\u0119ta histori\u0105, kt\u00f3ra znajdowa\u0142a si\u0119 pod panowaniem perskim, asyryjskim, egipskim, rzymskim, bizantyjskim, weneckim, osma\u0144skim i brytyjskim.<br \/>\nBy\u0142 to r\u00f3wnie\u017c jeden z pierwszych kraj\u00f3w na \u015bwiecie, kt\u00f3ry przeszed\u0142 na chrze\u015bcija\u0144stwo, kiedy \u015bw. Pawe\u0142 odwiedzi\u0142 wysp\u0119 i g\u0142osi\u0142 now\u0105 wiar\u0119.<br \/>\nPaw\u0142a, gdzie aposto\u0142 by\u0142 39 razy zwi\u0105zany i biczowany, a w Larnace, w ko\u015bciele \u015bw. \u0141azarza, znajduje si\u0119 krypta tego \u015bwi\u0119tego, kt\u00f3ry zosta\u0142 wskrzeszony przez Jezusa Chrystusa.<br \/>\nTo wyja\u015bnia, dlaczego Cypr jest wysp\u0105, kt\u00f3ra przyci\u0105ga zainteresowanie wszelkiego rodzaju ludzi: od mi\u0142o\u015bnik\u00f3w archeologii po przyjaci\u00f3\u0142 natury, od nowo\u017ce\u0144c\u00f3w i rodzin wielbi\u0105cych s\u0142o\u0144ce, po mi\u0142o\u015bnik\u00f3w jedzenia i biznesmen\u00f3w.<br \/>\nStaro\u017cytne ruiny \u015bwi\u0105ty\u0144 wraz z osza\u0142amiaj\u0105cymi freskami w bizantyjskich ko\u015bcio\u0142ach, tarasowe winnice i urokliwe szlaki przyrodnicze, pokryte sosnami g\u00f3ry i sk\u0105pane w s\u0142o\u0144cu wybrze\u017ca, posi\u0142ek z meze i \u015bwie\u017cym serem halloumi, a tak\u017ce najnowocze\u015bniejsze obiekty konferencyjne to tylko kilka z rzeczy, kt\u00f3re sprawi\u0105, \u017ce zakochaj\u0105 si\u0119 Pa\u0144stwo w Cyprze.<br \/>\nCypr mo\u017ce by\u0107 krajem o korzeniach g\u0142\u0119boko zakorzenionych w bogatej i zr\u00f3\u017cnicowanej przesz\u0142o\u015bci, ale jest to nowoczesny kraj, kt\u00f3ry szybko zmierza w przysz\u0142o\u015b\u0107.<br \/>\nTo wyspa wielu pi\u0119knych sprzeczno\u015bci, ciep\u0142a mieszanka kultur, kolor\u00f3w, cywilizacji, pie\u015bni i mit\u00f3w.<br \/>\nZapraszamy Pa\u0144stwa do zasmakowania go\u015bcinno\u015bci na wyspie, gdzie w naszym ojczystym j\u0119zyku s\u0142owo xenos oznacza zar\u00f3wno obcego, jak i go\u015bcia.<br \/>\nProsz\u0119 przyjecha\u0107 i odkry\u0107 wysp\u0119, kt\u00f3rej pi\u0119kno i urok pot\u0119guje \u017cyczliwo\u015b\u0107 jej mieszka\u0144c\u00f3w.<br \/>\nProsz\u0119 przyjecha\u0107 i odkry\u0107 Cypr.                     <\/p>\n","protected":false},"excerpt":{"rendered":"<p>Pafos, ma\u0142e malownicze miasto po\u0142o\u017cone jest na zachodnim wybrze\u017cu Cypru i rozci\u0105ga si\u0119 od pi\u0119knego p\u00f3\u0142wyspu Akamas na p\u00f3\u0142nocnym zachodzie po ska\u0142\u0119 Aphrodites na wschodzie. Jest ono przesi\u0105kni\u0119te histori\u0105, poniewa\u017c by\u0142o stolic\u0105 Cypru w czasach staro\u017cytnych i po raz kolejny \u015bwi\u0119towa\u0142o to wyr\u00f3\u017cnienie, gdy w 2017 roku kr\u00f3lowa\u0142o jako Europejska Stolica Kultury, przyci\u0105gaj\u0105c tysi\u0105ce turyst\u00f3w<\/p>\n","protected":false},"author":100,"featured_media":38113,"parent":0,"menu_order":0,"comment_status":"closed","ping_status":"closed","template":"","meta":{"_acf_changed":false,"footnotes":""},"class_list":["post-37152","page","type-page","status-publish","has-post-thumbnail","hentry"],"acf":[],"yoast_head":"<!-- This site is optimized with the Yoast SEO plugin v27.3 - https:\/\/yoast.com\/product\/yoast-seo-wordpress\/ -->\n<title>Informacje o Pafos Cypr || Hotele Constantinou<\/title>\n<meta name=\"description\" content=\"Prosz\u0119 dowiedzie\u0107 si\u0119 wszystkiego o Pafos na Cyprze, malowniczym kurorcie dla tych, kt\u00f3rzy szukaj\u0105 wyspiarskiego idea\u0142u po\u0142\u0105czonego z miejscami i zabytkami o znaczeniu historycznym i kulturowym.\" \/>\n<meta name=\"robots\" content=\"index, follow, max-snippet:-1, max-image-preview:large, max-video-preview:-1\" \/>\n<link rel=\"canonical\" href=\"https:\/\/www.cbh-cyprus.com\/pl\/o-pafos-slash-cypr\/\" \/>\n<meta property=\"og:locale\" content=\"pl_PL\" \/>\n<meta property=\"og:type\" content=\"article\" \/>\n<meta property=\"og:title\" content=\"Informacje o Pafos Cypr || Hotele Constantinou\" \/>\n<meta property=\"og:description\" content=\"Prosz\u0119 dowiedzie\u0107 si\u0119 wszystkiego o Pafos na Cyprze, malowniczym kurorcie dla tych, kt\u00f3rzy szukaj\u0105 wyspiarskiego idea\u0142u po\u0142\u0105czonego z miejscami i zabytkami o znaczeniu historycznym i kulturowym.\" \/>\n<meta property=\"og:url\" content=\"https:\/\/www.cbh-cyprus.com\/pl\/o-pafos-slash-cypr\/\" \/>\n<meta property=\"og:site_name\" content=\"Constantinou Bros Hotels\" \/>\n<meta property=\"article:modified_time\" content=\"2024-09-13T08:28:30+00:00\" \/>\n<meta property=\"og:image\" content=\"https:\/\/www.cbh-cyprus.com\/app\/uploads\/sites\/30\/2020\/10\/3-PAPHOS-FISHING-HARBOUR.jpg\" \/>\n\t<meta property=\"og:image:width\" content=\"4216\" \/>\n\t<meta property=\"og:image:height\" content=\"2009\" \/>\n\t<meta property=\"og:image:type\" content=\"image\/jpeg\" \/>\n<meta name=\"twitter:card\" content=\"summary_large_image\" \/>\n<meta name=\"twitter:label1\" content=\"Est. reading time\" \/>\n\t<meta name=\"twitter:data1\" content=\"3 minutes\" \/>\n<script type=\"application\/ld+json\" class=\"yoast-schema-graph\">{\"@context\":\"https:\\\/\\\/schema.org\",\"@graph\":[{\"@type\":\"WebPage\",\"@id\":\"https:\\\/\\\/www.cbh-cyprus.com\\\/pl\\\/o-pafos-slash-cypr\\\/\",\"url\":\"https:\\\/\\\/www.cbh-cyprus.com\\\/pl\\\/o-pafos-slash-cypr\\\/\",\"name\":\"Informacje o Pafos Cypr || Hotele Constantinou\",\"isPartOf\":{\"@id\":\"https:\\\/\\\/www.cbh-cyprus.com\\\/pl\\\/#website\"},\"primaryImageOfPage\":{\"@id\":\"https:\\\/\\\/www.cbh-cyprus.com\\\/pl\\\/o-pafos-slash-cypr\\\/#primaryimage\"},\"image\":{\"@id\":\"https:\\\/\\\/www.cbh-cyprus.com\\\/pl\\\/o-pafos-slash-cypr\\\/#primaryimage\"},\"thumbnailUrl\":\"https:\\\/\\\/www.cbh-cyprus.com\\\/app\\\/uploads\\\/sites\\\/30\\\/2020\\\/10\\\/3-PAPHOS-FISHING-HARBOUR.jpg\",\"datePublished\":\"2024-07-23T09:16:19+00:00\",\"dateModified\":\"2024-09-13T08:28:30+00:00\",\"description\":\"Prosz\u0119 dowiedzie\u0107 si\u0119 wszystkiego o Pafos na Cyprze, malowniczym kurorcie dla tych, kt\u00f3rzy szukaj\u0105 wyspiarskiego idea\u0142u po\u0142\u0105czonego z miejscami i zabytkami o znaczeniu historycznym i kulturowym.\",\"breadcrumb\":{\"@id\":\"https:\\\/\\\/www.cbh-cyprus.com\\\/pl\\\/o-pafos-slash-cypr\\\/#breadcrumb\"},\"inLanguage\":\"pl-PL\",\"potentialAction\":[{\"@type\":\"ReadAction\",\"target\":[\"https:\\\/\\\/www.cbh-cyprus.com\\\/pl\\\/o-pafos-slash-cypr\\\/\"]}]},{\"@type\":\"ImageObject\",\"inLanguage\":\"pl-PL\",\"@id\":\"https:\\\/\\\/www.cbh-cyprus.com\\\/pl\\\/o-pafos-slash-cypr\\\/#primaryimage\",\"url\":\"https:\\\/\\\/www.cbh-cyprus.com\\\/app\\\/uploads\\\/sites\\\/30\\\/2020\\\/10\\\/3-PAPHOS-FISHING-HARBOUR.jpg\",\"contentUrl\":\"https:\\\/\\\/www.cbh-cyprus.com\\\/app\\\/uploads\\\/sites\\\/30\\\/2020\\\/10\\\/3-PAPHOS-FISHING-HARBOUR.jpg\",\"width\":4216,\"height\":2009,\"caption\":\"??????\"},{\"@type\":\"BreadcrumbList\",\"@id\":\"https:\\\/\\\/www.cbh-cyprus.com\\\/pl\\\/o-pafos-slash-cypr\\\/#breadcrumb\",\"itemListElement\":[{\"@type\":\"ListItem\",\"position\":1,\"name\":\"Home\",\"item\":\"https:\\\/\\\/www.cbh-cyprus.com\\\/pl\\\/welcome-to-constantinou-bros-hotels\\\/\"},{\"@type\":\"ListItem\",\"position\":2,\"name\":\"O Pafos \\\/ Cypr\"}]},{\"@type\":\"WebSite\",\"@id\":\"https:\\\/\\\/www.cbh-cyprus.com\\\/pl\\\/#website\",\"url\":\"https:\\\/\\\/www.cbh-cyprus.com\\\/pl\\\/\",\"name\":\"Constantinou Bros Hotels\",\"description\":\"Constantinou Bros Hotels\",\"publisher\":{\"@id\":\"https:\\\/\\\/www.cbh-cyprus.com\\\/pl\\\/#organization\"},\"potentialAction\":[{\"@type\":\"SearchAction\",\"target\":{\"@type\":\"EntryPoint\",\"urlTemplate\":\"https:\\\/\\\/www.cbh-cyprus.com\\\/pl\\\/?s={search_term_string}\"},\"query-input\":{\"@type\":\"PropertyValueSpecification\",\"valueRequired\":true,\"valueName\":\"search_term_string\"}}],\"inLanguage\":\"pl-PL\"},{\"@type\":\"Organization\",\"@id\":\"https:\\\/\\\/www.cbh-cyprus.com\\\/pl\\\/#organization\",\"name\":\"Constantinou Bros Hotels\",\"url\":\"https:\\\/\\\/www.cbh-cyprus.com\\\/pl\\\/\",\"logo\":{\"@type\":\"ImageObject\",\"inLanguage\":\"pl-PL\",\"@id\":\"https:\\\/\\\/www.cbh-cyprus.com\\\/pl\\\/#\\\/schema\\\/logo\\\/image\\\/\",\"url\":\"https:\\\/\\\/www.cbh-cyprus.com\\\/app\\\/uploads\\\/sites\\\/30\\\/2020\\\/10\\\/cbh.jpg\",\"contentUrl\":\"https:\\\/\\\/www.cbh-cyprus.com\\\/app\\\/uploads\\\/sites\\\/30\\\/2020\\\/10\\\/cbh.jpg\",\"width\":1013,\"height\":419,\"caption\":\"Constantinou Bros Hotels\"},\"image\":{\"@id\":\"https:\\\/\\\/www.cbh-cyprus.com\\\/pl\\\/#\\\/schema\\\/logo\\\/image\\\/\"}}]}<\/script>\n<!-- \/ Yoast SEO plugin. -->","yoast_head_json":{"title":"Informacje o Pafos Cypr || Hotele Constantinou","description":"Prosz\u0119 dowiedzie\u0107 si\u0119 wszystkiego o Pafos na Cyprze, malowniczym kurorcie dla tych, kt\u00f3rzy szukaj\u0105 wyspiarskiego idea\u0142u po\u0142\u0105czonego z miejscami i zabytkami o znaczeniu historycznym i kulturowym.","robots":{"index":"index","follow":"follow","max-snippet":"max-snippet:-1","max-image-preview":"max-image-preview:large","max-video-preview":"max-video-preview:-1"},"canonical":"https:\/\/www.cbh-cyprus.com\/pl\/o-pafos-slash-cypr\/","og_locale":"pl_PL","og_type":"article","og_title":"Informacje o Pafos Cypr || Hotele Constantinou","og_description":"Prosz\u0119 dowiedzie\u0107 si\u0119 wszystkiego o Pafos na Cyprze, malowniczym kurorcie dla tych, kt\u00f3rzy szukaj\u0105 wyspiarskiego idea\u0142u po\u0142\u0105czonego z miejscami i zabytkami o znaczeniu historycznym i kulturowym.","og_url":"https:\/\/www.cbh-cyprus.com\/pl\/o-pafos-slash-cypr\/","og_site_name":"Constantinou Bros Hotels","article_modified_time":"2024-09-13T08:28:30+00:00","og_image":[{"width":4216,"height":2009,"url":"https:\/\/www.cbh-cyprus.com\/app\/uploads\/sites\/30\/2020\/10\/3-PAPHOS-FISHING-HARBOUR.jpg","type":"image\/jpeg"}],"twitter_card":"summary_large_image","twitter_misc":{"Est. reading time":"3 minutes"},"schema":{"@context":"https:\/\/schema.org","@graph":[{"@type":"WebPage","@id":"https:\/\/www.cbh-cyprus.com\/pl\/o-pafos-slash-cypr\/","url":"https:\/\/www.cbh-cyprus.com\/pl\/o-pafos-slash-cypr\/","name":"Informacje o Pafos Cypr || Hotele Constantinou","isPartOf":{"@id":"https:\/\/www.cbh-cyprus.com\/pl\/#website"},"primaryImageOfPage":{"@id":"https:\/\/www.cbh-cyprus.com\/pl\/o-pafos-slash-cypr\/#primaryimage"},"image":{"@id":"https:\/\/www.cbh-cyprus.com\/pl\/o-pafos-slash-cypr\/#primaryimage"},"thumbnailUrl":"https:\/\/www.cbh-cyprus.com\/app\/uploads\/sites\/30\/2020\/10\/3-PAPHOS-FISHING-HARBOUR.jpg","datePublished":"2024-07-23T09:16:19+00:00","dateModified":"2024-09-13T08:28:30+00:00","description":"Prosz\u0119 dowiedzie\u0107 si\u0119 wszystkiego o Pafos na Cyprze, malowniczym kurorcie dla tych, kt\u00f3rzy szukaj\u0105 wyspiarskiego idea\u0142u po\u0142\u0105czonego z miejscami i zabytkami o znaczeniu historycznym i kulturowym.","breadcrumb":{"@id":"https:\/\/www.cbh-cyprus.com\/pl\/o-pafos-slash-cypr\/#breadcrumb"},"inLanguage":"pl-PL","potentialAction":[{"@type":"ReadAction","target":["https:\/\/www.cbh-cyprus.com\/pl\/o-pafos-slash-cypr\/"]}]},{"@type":"ImageObject","inLanguage":"pl-PL","@id":"https:\/\/www.cbh-cyprus.com\/pl\/o-pafos-slash-cypr\/#primaryimage","url":"https:\/\/www.cbh-cyprus.com\/app\/uploads\/sites\/30\/2020\/10\/3-PAPHOS-FISHING-HARBOUR.jpg","contentUrl":"https:\/\/www.cbh-cyprus.com\/app\/uploads\/sites\/30\/2020\/10\/3-PAPHOS-FISHING-HARBOUR.jpg","width":4216,"height":2009,"caption":"??????"},{"@type":"BreadcrumbList","@id":"https:\/\/www.cbh-cyprus.com\/pl\/o-pafos-slash-cypr\/#breadcrumb","itemListElement":[{"@type":"ListItem","position":1,"name":"Home","item":"https:\/\/www.cbh-cyprus.com\/pl\/welcome-to-constantinou-bros-hotels\/"},{"@type":"ListItem","position":2,"name":"O Pafos \/ Cypr"}]},{"@type":"WebSite","@id":"https:\/\/www.cbh-cyprus.com\/pl\/#website","url":"https:\/\/www.cbh-cyprus.com\/pl\/","name":"Constantinou Bros Hotels","description":"Constantinou Bros Hotels","publisher":{"@id":"https:\/\/www.cbh-cyprus.com\/pl\/#organization"},"potentialAction":[{"@type":"SearchAction","target":{"@type":"EntryPoint","urlTemplate":"https:\/\/www.cbh-cyprus.com\/pl\/?s={search_term_string}"},"query-input":{"@type":"PropertyValueSpecification","valueRequired":true,"valueName":"search_term_string"}}],"inLanguage":"pl-PL"},{"@type":"Organization","@id":"https:\/\/www.cbh-cyprus.com\/pl\/#organization","name":"Constantinou Bros Hotels","url":"https:\/\/www.cbh-cyprus.com\/pl\/","logo":{"@type":"ImageObject","inLanguage":"pl-PL","@id":"https:\/\/www.cbh-cyprus.com\/pl\/#\/schema\/logo\/image\/","url":"https:\/\/www.cbh-cyprus.com\/app\/uploads\/sites\/30\/2020\/10\/cbh.jpg","contentUrl":"https:\/\/www.cbh-cyprus.com\/app\/uploads\/sites\/30\/2020\/10\/cbh.jpg","width":1013,"height":419,"caption":"Constantinou Bros Hotels"},"image":{"@id":"https:\/\/www.cbh-cyprus.com\/pl\/#\/schema\/logo\/image\/"}}]}},"_links":{"self":[{"href":"https:\/\/www.cbh-cyprus.com\/pl\/wp-json\/wp\/v2\/pages\/37152","targetHints":{"allow":["GET"]}}],"collection":[{"href":"https:\/\/www.cbh-cyprus.com\/pl\/wp-json\/wp\/v2\/pages"}],"about":[{"href":"https:\/\/www.cbh-cyprus.com\/pl\/wp-json\/wp\/v2\/types\/page"}],"author":[{"embeddable":true,"href":"https:\/\/www.cbh-cyprus.com\/pl\/wp-json\/wp\/v2\/users\/100"}],"replies":[{"embeddable":true,"href":"https:\/\/www.cbh-cyprus.com\/pl\/wp-json\/wp\/v2\/comments?post=37152"}],"version-history":[{"count":1,"href":"https:\/\/www.cbh-cyprus.com\/pl\/wp-json\/wp\/v2\/pages\/37152\/revisions"}],"predecessor-version":[{"id":41202,"href":"https:\/\/www.cbh-cyprus.com\/pl\/wp-json\/wp\/v2\/pages\/37152\/revisions\/41202"}],"wp:featuredmedia":[{"embeddable":true,"href":"https:\/\/www.cbh-cyprus.com\/pl\/wp-json\/wp\/v2\/media\/38113"}],"wp:attachment":[{"href":"https:\/\/www.cbh-cyprus.com\/pl\/wp-json\/wp\/v2\/media?parent=37152"}],"curies":[{"name":"wp","href":"https:\/\/api.w.org\/{rel}","templated":true}]}}