{"id":37162,"date":"2024-07-23T12:16:23","date_gmt":"2024-07-23T09:16:23","guid":{"rendered":"https:\/\/www.cbh-cyprus.com\/o-nas\/"},"modified":"2024-09-13T16:21:22","modified_gmt":"2024-09-13T13:21:22","slug":"o-nas","status":"publish","type":"page","link":"https:\/\/www.cbh-cyprus.com\/pl\/grupa\/o-nas\/","title":{"rendered":"O nas"},"content":{"rendered":"<h3>Profil firmy<\/h3>\n<p>  Na Cyprze naszym najwi\u0119kszym bogactwem s\u0105 ludzie.<br \/>\nU\u015bmiechni\u0119ci, przyja\u017ani ludzie, kt\u00f3rzy z dum\u0105 witaj\u0105 go\u015bci na swojej wyspie i pokazuj\u0105 im, na czym polega tradycyjna, prawdziwa go\u015bcinno\u015b\u0107.<br \/>\nConstantinou Bros Hotels Ltd, firma za\u0142o\u017cona i prowadzona przez Cypryjczyk\u00f3w, mo\u017ce jedynie podtrzymywa\u0107 t\u0119 tradycj\u0119 w swoich znakomitych hotelach, k\u0142ad\u0105c nacisk na \u0142askaw\u0105 go\u015bcinno\u015b\u0107, dobre jedzenie i u\u015bmiechni\u0119ty, przyjazny personel.<br \/>\nFirma obejmuje cztero-, cztero- i pi\u0119ciogwiazdkowe hotele, wszystkie na zachodnim wybrze\u017cu, w Pafos.<br \/>\nW 1979 r. za\u0142o\u017cono pierwsz\u0105 firm\u0119, kt\u00f3rej celem by\u0142o kupowanie, sprzedawanie i zagospodarowywanie grunt\u00f3w, poniewa\u017c by\u0142o jasne, \u017ce Pafos ma ogromny potencja\u0142 rozwoju jako centrum handlowe i o\u015brodek turystyczny.<br \/>\nOd tego czasu ta rodzinna firma jest notowana na Cypryjskiej Gie\u0142dzie Papier\u00f3w Warto\u015bciowych, a dzi\u015b jest nadal prowadzona przez t\u0119 sam\u0105 rodzin\u0119, kt\u00f3ra j\u0105 stworzy\u0142a, przez jej prezesa wykonawczego, pana Andreasa Constantinou i jego zarz\u0105d.<br \/>\nW nast\u0119pnej dekadzie firma stworzy\u0142a projekty obejmuj\u0105ce sklepy i apartamenty w obszarach turystycznych i handlowych, a tak\u017ce wille z basenami i ogrodami krajobrazowymi w dzielnicach mieszkalnych Pafos i na okolicznych terenach wiejskich.<br \/>\nFirma wybudowa\u0142a setki centralnie po\u0142o\u017conych sklep\u00f3w, wysokiej jako\u015bci apartament\u00f3w i luksusowych willi.<br \/>\nPonadto liczne dzia\u0142ki zosta\u0142y podzielone i sprzedane.<br \/>\nPostrzegaj\u0105c Pafos jako miejsce wakacyjne o du\u017cym potencjale, firma zdecydowa\u0142a si\u0119 wej\u015b\u0107 do bran\u017cy hotelarskiej i pod koniec lat 80-tych powsta\u0142a siostrzana sp\u00f3\u0142ka: Constantinou Bros Hotels Ltd.<br \/>\nFirma mia\u0142a ju\u017c podstawy do natychmiastowego rozpocz\u0119cia budowy 3-gwiazdkowego hotelu Paphian Bay, poniewa\u017c posiada\u0142a ju\u017c w\u0142asnych architekt\u00f3w i kre\u015blarzy, a tak\u017ce w\u0142asny dzia\u0142 budowlany.<br \/>\nW kolejnych latach firma zbudowa\u0142a i otworzy\u0142a cztery kolejne hotele, a mianowicie 4-gwiazdkowy Pioneer Beach, 5-gwiazdkowy Imperial Beach (kt\u00f3ry p\u00f3\u017aniej zosta\u0142 sprzedany Ko\u015bcio\u0142owi), 4-gwiazdkowy Athena Beach i 4-gwiazdkowy deluxe Athena Royal Beach.<br \/>\nPod koniec 2008 roku hotel Paphian Bay, ulubiony o\u015brodek wypoczynkowy wielu os\u00f3b od ponad 20 lat, zosta\u0142 zamkni\u0119ty i przeszed\u0142 ca\u0142kowit\u0105 przebudow\u0119, kt\u00f3ra przekszta\u0142ci\u0142a go w luksusowy, 5-gwiazdkowy hotel z apartamentami, kt\u00f3ry zosta\u0142 otwarty 1 kwietnia 2010 roku.<br \/>\nHotel Asimina Suites &#8211; jak si\u0119 teraz nazywa &#8211; sk\u0142ada si\u0119 wy\u0142\u0105cznie z luksusowych apartament\u00f3w, z kt\u00f3rych niekt\u00f3re posiadaj\u0105 prywatny basen i jacuzzi, oferuj\u0105c go\u015bciom czyste bogactwo i komfort.<br \/>\nCztery hotele nale\u017c\u0105ce do sieci Constantinou Bros Hotels s\u0142yn\u0105 z doskona\u0142ej lokalizacji i wyj\u0105tkowej go\u015bcinno\u015bci oraz doskonale odpowiadaj\u0105 na potrzeby go\u015bci.<br \/>\nZaspokajaj\u0105 potrzeby niemal wszystkich typ\u00f3w go\u015bci z r\u00f3\u017cnych \u015brodowisk.<br \/>\nOdzwierciedlaj\u0105 i zaspokajaj\u0105 rosn\u0105c\u0105 popularno\u015b\u0107 Pafos nie tylko jako miejsca wypoczynku, ale tak\u017ce jako powstaj\u0105cego mi\u0119dzynarodowego centrum konferencyjnego.                  <\/p>\n<h3>Hotele wypoczynkowe<\/h3>\n<ul>\n<li>Asimina Suites Hotel &#8211; 5 gwiazdek (hotel dla doros\u0142ych)<\/li>\n<li>Pioneer Beach Hotel 4 gwiazdki (hotel dla doros\u0142ych)<\/li>\n<li>Athena Beach Hotel 4 gwiazdki superior<\/li>\n<li>Athena Royal Hotel 4 gwiazdki deluxe (hotel dla doros\u0142ych)<\/li>\n<\/ul>\n<h3>Constantinou Bros Hotels Ltd &#8211; Wa\u017cne daty<\/h3>\n<ul>\n<li>1988 &#8211; Otwarcie 3-gwiazdkowego hotelu Paphian Bay, kt\u00f3ry zosta\u0142 zaprojektowany, zbudowany i wyposa\u017cony w zaledwie 12 miesi\u0119cy!<br \/>\nRekord w bran\u017cy! <\/li>\n<li>1991 &#8211; Otwarcie 4-gwiazdkowego hotelu Pioneer Beach (hotel dla doros\u0142ych).<\/li>\n<li>1999 &#8211; Otwarcie 4-gwiazdkowego hotelu Athena Beach.<\/li>\n<li>2005 &#8211; Otwarcie 4-gwiazdkowego luksusowego hotelu Athena Royal Beach (hotel dla doros\u0142ych).<\/li>\n<li>2008 &#8211; Hotel Paphian Bay zostaje zamkni\u0119ty i poddany ca\u0142kowitej przebudowie w celu przekszta\u0142cenia go w 5-gwiazdkowy hotel z luksusowymi apartamentami, kt\u00f3ry ma zosta\u0107 uko\u0144czony pod koniec marca 2010 r.<\/li>\n<li>2010 &#8211; Otwarcie 5-gwiazdkowego hotelu Asimina Suites (przeznaczonego dla os\u00f3b doros\u0142ych) i powitanie pierwszych go\u015bci 1 kwietnia 2010 roku.<\/li>\n<\/ul>\n","protected":false},"excerpt":{"rendered":"<p>Profil firmy Na Cyprze naszym najwi\u0119kszym bogactwem s\u0105 ludzie. U\u015bmiechni\u0119ci, przyja\u017ani ludzie, kt\u00f3rzy z dum\u0105 witaj\u0105 go\u015bci na swojej wyspie i pokazuj\u0105 im, na czym polega tradycyjna, prawdziwa go\u015bcinno\u015b\u0107. Constantinou Bros Hotels Ltd, firma za\u0142o\u017cona i prowadzona przez Cypryjczyk\u00f3w, mo\u017ce jedynie podtrzymywa\u0107 t\u0119 tradycj\u0119 w swoich znakomitych hotelach, k\u0142ad\u0105c nacisk na \u0142askaw\u0105 go\u015bcinno\u015b\u0107, dobre jedzenie<\/p>\n","protected":false},"author":100,"featured_media":40188,"parent":37161,"menu_order":0,"comment_status":"closed","ping_status":"closed","template":"","meta":{"_acf_changed":false,"footnotes":""},"class_list":["post-37162","page","type-page","status-publish","has-post-thumbnail","hentry"],"acf":[],"yoast_head":"<!-- This site is optimized with the Yoast SEO plugin v27.3 - https:\/\/yoast.com\/product\/yoast-seo-wordpress\/ -->\n<title>Historia Constantinou Bros Hotels - Kim jeste\u015bmy - Pafos, Cypr<\/title>\n<meta name=\"description\" content=\"Prosz\u0119 dowiedzie\u0107 si\u0119 wszystkiego o historii Constantinou Bros, doskona\u0142ej go\u015bcinno\u015bci w Pafos na Cyprze, dziedzictwie, kt\u00f3re rozpocz\u0119\u0142o si\u0119 w 1979 roku i trwa do dzi\u015b.\" \/>\n<meta name=\"robots\" content=\"index, follow, max-snippet:-1, max-image-preview:large, max-video-preview:-1\" \/>\n<link rel=\"canonical\" href=\"https:\/\/www.cbh-cyprus.com\/pl\/grupa\/o-nas\/\" \/>\n<meta property=\"og:locale\" content=\"pl_PL\" \/>\n<meta property=\"og:type\" content=\"article\" \/>\n<meta property=\"og:title\" content=\"Historia Constantinou Bros Hotels - Kim jeste\u015bmy - Pafos, Cypr\" \/>\n<meta property=\"og:description\" content=\"Prosz\u0119 dowiedzie\u0107 si\u0119 wszystkiego o historii Constantinou Bros, doskona\u0142ej go\u015bcinno\u015bci w Pafos na Cyprze, dziedzictwie, kt\u00f3re rozpocz\u0119\u0142o si\u0119 w 1979 roku i trwa do dzi\u015b.\" \/>\n<meta property=\"og:url\" content=\"https:\/\/www.cbh-cyprus.com\/pl\/grupa\/o-nas\/\" \/>\n<meta property=\"og:site_name\" content=\"Constantinou Bros Hotels\" \/>\n<meta property=\"article:modified_time\" content=\"2024-09-13T13:21:22+00:00\" \/>\n<meta property=\"og:image\" content=\"https:\/\/www.cbh-cyprus.com\/app\/uploads\/sites\/30\/2019\/10\/asimina-suites-hotel-lifestyle_resized.jpg\" \/>\n\t<meta property=\"og:image:width\" content=\"1920\" \/>\n\t<meta property=\"og:image:height\" content=\"1290\" \/>\n\t<meta property=\"og:image:type\" content=\"image\/jpeg\" \/>\n<meta name=\"twitter:card\" content=\"summary_large_image\" \/>\n<meta name=\"twitter:label1\" content=\"Est. reading time\" \/>\n\t<meta name=\"twitter:data1\" content=\"3 minutes\" \/>\n<script type=\"application\/ld+json\" class=\"yoast-schema-graph\">{\"@context\":\"https:\\\/\\\/schema.org\",\"@graph\":[{\"@type\":\"WebPage\",\"@id\":\"https:\\\/\\\/www.cbh-cyprus.com\\\/pl\\\/grupa\\\/o-nas\\\/\",\"url\":\"https:\\\/\\\/www.cbh-cyprus.com\\\/pl\\\/grupa\\\/o-nas\\\/\",\"name\":\"Historia Constantinou Bros Hotels - Kim jeste\u015bmy - Pafos, Cypr\",\"isPartOf\":{\"@id\":\"https:\\\/\\\/www.cbh-cyprus.com\\\/pl\\\/#website\"},\"primaryImageOfPage\":{\"@id\":\"https:\\\/\\\/www.cbh-cyprus.com\\\/pl\\\/grupa\\\/o-nas\\\/#primaryimage\"},\"image\":{\"@id\":\"https:\\\/\\\/www.cbh-cyprus.com\\\/pl\\\/grupa\\\/o-nas\\\/#primaryimage\"},\"thumbnailUrl\":\"https:\\\/\\\/www.cbh-cyprus.com\\\/app\\\/uploads\\\/sites\\\/30\\\/2019\\\/10\\\/asimina-suites-hotel-lifestyle_resized.jpg\",\"datePublished\":\"2024-07-23T09:16:23+00:00\",\"dateModified\":\"2024-09-13T13:21:22+00:00\",\"description\":\"Prosz\u0119 dowiedzie\u0107 si\u0119 wszystkiego o historii Constantinou Bros, doskona\u0142ej go\u015bcinno\u015bci w Pafos na Cyprze, dziedzictwie, kt\u00f3re rozpocz\u0119\u0142o si\u0119 w 1979 roku i trwa do dzi\u015b.\",\"breadcrumb\":{\"@id\":\"https:\\\/\\\/www.cbh-cyprus.com\\\/pl\\\/grupa\\\/o-nas\\\/#breadcrumb\"},\"inLanguage\":\"pl-PL\",\"potentialAction\":[{\"@type\":\"ReadAction\",\"target\":[\"https:\\\/\\\/www.cbh-cyprus.com\\\/pl\\\/grupa\\\/o-nas\\\/\"]}]},{\"@type\":\"ImageObject\",\"inLanguage\":\"pl-PL\",\"@id\":\"https:\\\/\\\/www.cbh-cyprus.com\\\/pl\\\/grupa\\\/o-nas\\\/#primaryimage\",\"url\":\"https:\\\/\\\/www.cbh-cyprus.com\\\/app\\\/uploads\\\/sites\\\/30\\\/2019\\\/10\\\/asimina-suites-hotel-lifestyle_resized.jpg\",\"contentUrl\":\"https:\\\/\\\/www.cbh-cyprus.com\\\/app\\\/uploads\\\/sites\\\/30\\\/2019\\\/10\\\/asimina-suites-hotel-lifestyle_resized.jpg\",\"width\":1920,\"height\":1290},{\"@type\":\"BreadcrumbList\",\"@id\":\"https:\\\/\\\/www.cbh-cyprus.com\\\/pl\\\/grupa\\\/o-nas\\\/#breadcrumb\",\"itemListElement\":[{\"@type\":\"ListItem\",\"position\":1,\"name\":\"Home\",\"item\":\"https:\\\/\\\/www.cbh-cyprus.com\\\/pl\\\/welcome-to-constantinou-bros-hotels\\\/\"},{\"@type\":\"ListItem\",\"position\":2,\"name\":\"Grupa\",\"item\":\"https:\\\/\\\/www.cbh-cyprus.com\\\/pl\\\/grupa\\\/\"},{\"@type\":\"ListItem\",\"position\":3,\"name\":\"O nas\"}]},{\"@type\":\"WebSite\",\"@id\":\"https:\\\/\\\/www.cbh-cyprus.com\\\/pl\\\/#website\",\"url\":\"https:\\\/\\\/www.cbh-cyprus.com\\\/pl\\\/\",\"name\":\"Constantinou Bros Hotels\",\"description\":\"Constantinou Bros Hotels\",\"publisher\":{\"@id\":\"https:\\\/\\\/www.cbh-cyprus.com\\\/pl\\\/#organization\"},\"potentialAction\":[{\"@type\":\"SearchAction\",\"target\":{\"@type\":\"EntryPoint\",\"urlTemplate\":\"https:\\\/\\\/www.cbh-cyprus.com\\\/pl\\\/?s={search_term_string}\"},\"query-input\":{\"@type\":\"PropertyValueSpecification\",\"valueRequired\":true,\"valueName\":\"search_term_string\"}}],\"inLanguage\":\"pl-PL\"},{\"@type\":\"Organization\",\"@id\":\"https:\\\/\\\/www.cbh-cyprus.com\\\/pl\\\/#organization\",\"name\":\"Constantinou Bros Hotels\",\"url\":\"https:\\\/\\\/www.cbh-cyprus.com\\\/pl\\\/\",\"logo\":{\"@type\":\"ImageObject\",\"inLanguage\":\"pl-PL\",\"@id\":\"https:\\\/\\\/www.cbh-cyprus.com\\\/pl\\\/#\\\/schema\\\/logo\\\/image\\\/\",\"url\":\"https:\\\/\\\/www.cbh-cyprus.com\\\/app\\\/uploads\\\/sites\\\/30\\\/2020\\\/10\\\/cbh.jpg\",\"contentUrl\":\"https:\\\/\\\/www.cbh-cyprus.com\\\/app\\\/uploads\\\/sites\\\/30\\\/2020\\\/10\\\/cbh.jpg\",\"width\":1013,\"height\":419,\"caption\":\"Constantinou Bros Hotels\"},\"image\":{\"@id\":\"https:\\\/\\\/www.cbh-cyprus.com\\\/pl\\\/#\\\/schema\\\/logo\\\/image\\\/\"}}]}<\/script>\n<!-- \/ Yoast SEO plugin. -->","yoast_head_json":{"title":"Historia Constantinou Bros Hotels - Kim jeste\u015bmy - Pafos, Cypr","description":"Prosz\u0119 dowiedzie\u0107 si\u0119 wszystkiego o historii Constantinou Bros, doskona\u0142ej go\u015bcinno\u015bci w Pafos na Cyprze, dziedzictwie, kt\u00f3re rozpocz\u0119\u0142o si\u0119 w 1979 roku i trwa do dzi\u015b.","robots":{"index":"index","follow":"follow","max-snippet":"max-snippet:-1","max-image-preview":"max-image-preview:large","max-video-preview":"max-video-preview:-1"},"canonical":"https:\/\/www.cbh-cyprus.com\/pl\/grupa\/o-nas\/","og_locale":"pl_PL","og_type":"article","og_title":"Historia Constantinou Bros Hotels - Kim jeste\u015bmy - Pafos, Cypr","og_description":"Prosz\u0119 dowiedzie\u0107 si\u0119 wszystkiego o historii Constantinou Bros, doskona\u0142ej go\u015bcinno\u015bci w Pafos na Cyprze, dziedzictwie, kt\u00f3re rozpocz\u0119\u0142o si\u0119 w 1979 roku i trwa do dzi\u015b.","og_url":"https:\/\/www.cbh-cyprus.com\/pl\/grupa\/o-nas\/","og_site_name":"Constantinou Bros Hotels","article_modified_time":"2024-09-13T13:21:22+00:00","og_image":[{"width":1920,"height":1290,"url":"https:\/\/www.cbh-cyprus.com\/app\/uploads\/sites\/30\/2019\/10\/asimina-suites-hotel-lifestyle_resized.jpg","type":"image\/jpeg"}],"twitter_card":"summary_large_image","twitter_misc":{"Est. reading time":"3 minutes"},"schema":{"@context":"https:\/\/schema.org","@graph":[{"@type":"WebPage","@id":"https:\/\/www.cbh-cyprus.com\/pl\/grupa\/o-nas\/","url":"https:\/\/www.cbh-cyprus.com\/pl\/grupa\/o-nas\/","name":"Historia Constantinou Bros Hotels - Kim jeste\u015bmy - Pafos, Cypr","isPartOf":{"@id":"https:\/\/www.cbh-cyprus.com\/pl\/#website"},"primaryImageOfPage":{"@id":"https:\/\/www.cbh-cyprus.com\/pl\/grupa\/o-nas\/#primaryimage"},"image":{"@id":"https:\/\/www.cbh-cyprus.com\/pl\/grupa\/o-nas\/#primaryimage"},"thumbnailUrl":"https:\/\/www.cbh-cyprus.com\/app\/uploads\/sites\/30\/2019\/10\/asimina-suites-hotel-lifestyle_resized.jpg","datePublished":"2024-07-23T09:16:23+00:00","dateModified":"2024-09-13T13:21:22+00:00","description":"Prosz\u0119 dowiedzie\u0107 si\u0119 wszystkiego o historii Constantinou Bros, doskona\u0142ej go\u015bcinno\u015bci w Pafos na Cyprze, dziedzictwie, kt\u00f3re rozpocz\u0119\u0142o si\u0119 w 1979 roku i trwa do dzi\u015b.","breadcrumb":{"@id":"https:\/\/www.cbh-cyprus.com\/pl\/grupa\/o-nas\/#breadcrumb"},"inLanguage":"pl-PL","potentialAction":[{"@type":"ReadAction","target":["https:\/\/www.cbh-cyprus.com\/pl\/grupa\/o-nas\/"]}]},{"@type":"ImageObject","inLanguage":"pl-PL","@id":"https:\/\/www.cbh-cyprus.com\/pl\/grupa\/o-nas\/#primaryimage","url":"https:\/\/www.cbh-cyprus.com\/app\/uploads\/sites\/30\/2019\/10\/asimina-suites-hotel-lifestyle_resized.jpg","contentUrl":"https:\/\/www.cbh-cyprus.com\/app\/uploads\/sites\/30\/2019\/10\/asimina-suites-hotel-lifestyle_resized.jpg","width":1920,"height":1290},{"@type":"BreadcrumbList","@id":"https:\/\/www.cbh-cyprus.com\/pl\/grupa\/o-nas\/#breadcrumb","itemListElement":[{"@type":"ListItem","position":1,"name":"Home","item":"https:\/\/www.cbh-cyprus.com\/pl\/welcome-to-constantinou-bros-hotels\/"},{"@type":"ListItem","position":2,"name":"Grupa","item":"https:\/\/www.cbh-cyprus.com\/pl\/grupa\/"},{"@type":"ListItem","position":3,"name":"O nas"}]},{"@type":"WebSite","@id":"https:\/\/www.cbh-cyprus.com\/pl\/#website","url":"https:\/\/www.cbh-cyprus.com\/pl\/","name":"Constantinou Bros Hotels","description":"Constantinou Bros Hotels","publisher":{"@id":"https:\/\/www.cbh-cyprus.com\/pl\/#organization"},"potentialAction":[{"@type":"SearchAction","target":{"@type":"EntryPoint","urlTemplate":"https:\/\/www.cbh-cyprus.com\/pl\/?s={search_term_string}"},"query-input":{"@type":"PropertyValueSpecification","valueRequired":true,"valueName":"search_term_string"}}],"inLanguage":"pl-PL"},{"@type":"Organization","@id":"https:\/\/www.cbh-cyprus.com\/pl\/#organization","name":"Constantinou Bros Hotels","url":"https:\/\/www.cbh-cyprus.com\/pl\/","logo":{"@type":"ImageObject","inLanguage":"pl-PL","@id":"https:\/\/www.cbh-cyprus.com\/pl\/#\/schema\/logo\/image\/","url":"https:\/\/www.cbh-cyprus.com\/app\/uploads\/sites\/30\/2020\/10\/cbh.jpg","contentUrl":"https:\/\/www.cbh-cyprus.com\/app\/uploads\/sites\/30\/2020\/10\/cbh.jpg","width":1013,"height":419,"caption":"Constantinou Bros Hotels"},"image":{"@id":"https:\/\/www.cbh-cyprus.com\/pl\/#\/schema\/logo\/image\/"}}]}},"_links":{"self":[{"href":"https:\/\/www.cbh-cyprus.com\/pl\/wp-json\/wp\/v2\/pages\/37162","targetHints":{"allow":["GET"]}}],"collection":[{"href":"https:\/\/www.cbh-cyprus.com\/pl\/wp-json\/wp\/v2\/pages"}],"about":[{"href":"https:\/\/www.cbh-cyprus.com\/pl\/wp-json\/wp\/v2\/types\/page"}],"author":[{"embeddable":true,"href":"https:\/\/www.cbh-cyprus.com\/pl\/wp-json\/wp\/v2\/users\/100"}],"replies":[{"embeddable":true,"href":"https:\/\/www.cbh-cyprus.com\/pl\/wp-json\/wp\/v2\/comments?post=37162"}],"version-history":[{"count":1,"href":"https:\/\/www.cbh-cyprus.com\/pl\/wp-json\/wp\/v2\/pages\/37162\/revisions"}],"predecessor-version":[{"id":41389,"href":"https:\/\/www.cbh-cyprus.com\/pl\/wp-json\/wp\/v2\/pages\/37162\/revisions\/41389"}],"up":[{"embeddable":true,"href":"https:\/\/www.cbh-cyprus.com\/pl\/wp-json\/wp\/v2\/pages\/37161"}],"wp:featuredmedia":[{"embeddable":true,"href":"https:\/\/www.cbh-cyprus.com\/pl\/wp-json\/wp\/v2\/media\/40188"}],"wp:attachment":[{"href":"https:\/\/www.cbh-cyprus.com\/pl\/wp-json\/wp\/v2\/media?parent=37162"}],"curies":[{"name":"wp","href":"https:\/\/api.w.org\/{rel}","templated":true}]}}