{"id":37168,"date":"2024-07-23T12:16:29","date_gmt":"2024-07-23T09:16:29","guid":{"rendered":"https:\/\/www.cbh-cyprus.com\/specjalisci-ds-podrozy\/"},"modified":"2024-09-13T17:54:42","modified_gmt":"2024-09-13T14:54:42","slug":"travel-professionals","status":"publish","type":"page","link":"https:\/\/www.cbh-cyprus.com\/pl\/travel-professionals\/","title":{"rendered":"Specjali\u015bci ds. podr\u00f3\u017cy"},"content":{"rendered":"<p>Aby zaspokoi\u0107 Pa\u0144stwa ogromne i ci\u0105g\u0142e zapotrzebowanie na dok\u0142adne informacje, stworzyli\u015bmy t\u0119 stron\u0119 specjalnie dla Pa\u0144stwa.<br \/>\nZnajd\u0105 tu Pa\u0144stwo logo hoteli Constantinou Bros, zdj\u0119cia w wysokiej rozdzielczo\u015bci, informacje o hotelach i e-broszury.<br \/>\nWszystko dost\u0119pne do pobrania zgodnie z Pa\u0144stwa potrzebami.<br \/>\nZanim przejdziemy dalej, prosimy o podanie swoich danych osobowych, aby\u015bmy mogli lepiej Pa\u0144stwu s\u0142u\u017cy\u0107.<br \/>\nPo wype\u0142nieniu tego formularza b\u0119d\u0105 Pa\u0144stwo mogli do\u0142\u0105czy\u0107 do nas w dowolnym momencie, wprowadzaj\u0105c swoj\u0105 nazw\u0119 u\u017cytkownika i has\u0142o.      &nbsp;<\/p>\n","protected":false},"excerpt":{"rendered":"<p>Aby zaspokoi\u0107 Pa\u0144stwa ogromne i ci\u0105g\u0142e zapotrzebowanie na dok\u0142adne informacje, stworzyli\u015bmy t\u0119 stron\u0119 specjalnie dla Pa\u0144stwa. Znajd\u0105 tu Pa\u0144stwo logo hoteli Constantinou Bros, zdj\u0119cia w wysokiej rozdzielczo\u015bci, informacje o hotelach i e-broszury. Wszystko dost\u0119pne do pobrania zgodnie z Pa\u0144stwa potrzebami. Zanim przejdziemy dalej, prosimy o podanie swoich danych osobowych, aby\u015bmy mogli lepiej Pa\u0144stwu s\u0142u\u017cy\u0107. Po<\/p>\n","protected":false},"author":100,"featured_media":38027,"parent":0,"menu_order":0,"comment_status":"closed","ping_status":"closed","template":"","meta":{"_acf_changed":false,"footnotes":""},"class_list":["post-37168","page","type-page","status-publish","has-post-thumbnail","hentry"],"acf":[],"yoast_head":"<!-- This site is optimized with the Yoast SEO plugin v27.3 - https:\/\/yoast.com\/product\/yoast-seo-wordpress\/ -->\n<title>Profesjonali\u015bci z bran\u017cy turystycznej - Constantinou Bros Hotels<\/title>\n<meta name=\"description\" content=\"Prosz\u0119 zresetowa\u0107 has\u0142o, aby wej\u015b\u0107 na portal Travel Professionals zawieraj\u0105cy r\u00f3\u017cne przydatne informacje dotycz\u0105ce grupy Constantinou Bros Hotels.\" \/>\n<meta name=\"robots\" content=\"index, follow, max-snippet:-1, max-image-preview:large, max-video-preview:-1\" \/>\n<link rel=\"canonical\" href=\"https:\/\/www.cbh-cyprus.com\/pl\/travel-professionals\/\" \/>\n<meta property=\"og:locale\" content=\"pl_PL\" \/>\n<meta property=\"og:type\" content=\"article\" \/>\n<meta property=\"og:title\" content=\"Profesjonali\u015bci z bran\u017cy turystycznej - Constantinou Bros Hotels\" \/>\n<meta property=\"og:description\" content=\"Prosz\u0119 zresetowa\u0107 has\u0142o, aby wej\u015b\u0107 na portal Travel Professionals zawieraj\u0105cy r\u00f3\u017cne przydatne informacje dotycz\u0105ce grupy Constantinou Bros Hotels.\" \/>\n<meta property=\"og:url\" content=\"https:\/\/www.cbh-cyprus.com\/pl\/travel-professionals\/\" \/>\n<meta property=\"og:site_name\" content=\"Constantinou Bros Hotels\" \/>\n<meta property=\"article:modified_time\" content=\"2024-09-13T14:54:42+00:00\" \/>\n<meta property=\"og:image\" content=\"https:\/\/www.cbh-cyprus.com\/app\/uploads\/sites\/30\/2020\/06\/3-ATHENA-BEACH-HOTEL-POOL-AND-SEA-VIEW.jpg\" \/>\n\t<meta property=\"og:image:width\" content=\"7648\" \/>\n\t<meta property=\"og:image:height\" content=\"3125\" \/>\n\t<meta property=\"og:image:type\" content=\"image\/jpeg\" \/>\n<meta name=\"twitter:card\" content=\"summary_large_image\" \/>\n<meta name=\"twitter:label1\" content=\"Est. reading time\" \/>\n\t<meta name=\"twitter:data1\" content=\"1 minute\" \/>\n<script type=\"application\/ld+json\" class=\"yoast-schema-graph\">{\"@context\":\"https:\\\/\\\/schema.org\",\"@graph\":[{\"@type\":\"WebPage\",\"@id\":\"https:\\\/\\\/www.cbh-cyprus.com\\\/pl\\\/travel-professionals\\\/\",\"url\":\"https:\\\/\\\/www.cbh-cyprus.com\\\/pl\\\/travel-professionals\\\/\",\"name\":\"Profesjonali\u015bci z bran\u017cy turystycznej - Constantinou Bros Hotels\",\"isPartOf\":{\"@id\":\"https:\\\/\\\/www.cbh-cyprus.com\\\/pl\\\/#website\"},\"primaryImageOfPage\":{\"@id\":\"https:\\\/\\\/www.cbh-cyprus.com\\\/pl\\\/travel-professionals\\\/#primaryimage\"},\"image\":{\"@id\":\"https:\\\/\\\/www.cbh-cyprus.com\\\/pl\\\/travel-professionals\\\/#primaryimage\"},\"thumbnailUrl\":\"https:\\\/\\\/www.cbh-cyprus.com\\\/app\\\/uploads\\\/sites\\\/30\\\/2020\\\/06\\\/3-ATHENA-BEACH-HOTEL-POOL-AND-SEA-VIEW.jpg\",\"datePublished\":\"2024-07-23T09:16:29+00:00\",\"dateModified\":\"2024-09-13T14:54:42+00:00\",\"description\":\"Prosz\u0119 zresetowa\u0107 has\u0142o, aby wej\u015b\u0107 na portal Travel Professionals zawieraj\u0105cy r\u00f3\u017cne przydatne informacje dotycz\u0105ce grupy Constantinou Bros Hotels.\",\"breadcrumb\":{\"@id\":\"https:\\\/\\\/www.cbh-cyprus.com\\\/pl\\\/travel-professionals\\\/#breadcrumb\"},\"inLanguage\":\"pl-PL\",\"potentialAction\":[{\"@type\":\"ReadAction\",\"target\":[\"https:\\\/\\\/www.cbh-cyprus.com\\\/pl\\\/travel-professionals\\\/\"]}]},{\"@type\":\"ImageObject\",\"inLanguage\":\"pl-PL\",\"@id\":\"https:\\\/\\\/www.cbh-cyprus.com\\\/pl\\\/travel-professionals\\\/#primaryimage\",\"url\":\"https:\\\/\\\/www.cbh-cyprus.com\\\/app\\\/uploads\\\/sites\\\/30\\\/2020\\\/06\\\/3-ATHENA-BEACH-HOTEL-POOL-AND-SEA-VIEW.jpg\",\"contentUrl\":\"https:\\\/\\\/www.cbh-cyprus.com\\\/app\\\/uploads\\\/sites\\\/30\\\/2020\\\/06\\\/3-ATHENA-BEACH-HOTEL-POOL-AND-SEA-VIEW.jpg\",\"width\":7648,\"height\":3125},{\"@type\":\"BreadcrumbList\",\"@id\":\"https:\\\/\\\/www.cbh-cyprus.com\\\/pl\\\/travel-professionals\\\/#breadcrumb\",\"itemListElement\":[{\"@type\":\"ListItem\",\"position\":1,\"name\":\"Home\",\"item\":\"https:\\\/\\\/www.cbh-cyprus.com\\\/pl\\\/welcome-to-constantinou-bros-hotels\\\/\"},{\"@type\":\"ListItem\",\"position\":2,\"name\":\"Specjali\u015bci ds. podr\u00f3\u017cy\"}]},{\"@type\":\"WebSite\",\"@id\":\"https:\\\/\\\/www.cbh-cyprus.com\\\/pl\\\/#website\",\"url\":\"https:\\\/\\\/www.cbh-cyprus.com\\\/pl\\\/\",\"name\":\"Constantinou Bros Hotels\",\"description\":\"Constantinou Bros Hotels\",\"publisher\":{\"@id\":\"https:\\\/\\\/www.cbh-cyprus.com\\\/pl\\\/#organization\"},\"potentialAction\":[{\"@type\":\"SearchAction\",\"target\":{\"@type\":\"EntryPoint\",\"urlTemplate\":\"https:\\\/\\\/www.cbh-cyprus.com\\\/pl\\\/?s={search_term_string}\"},\"query-input\":{\"@type\":\"PropertyValueSpecification\",\"valueRequired\":true,\"valueName\":\"search_term_string\"}}],\"inLanguage\":\"pl-PL\"},{\"@type\":\"Organization\",\"@id\":\"https:\\\/\\\/www.cbh-cyprus.com\\\/pl\\\/#organization\",\"name\":\"Constantinou Bros Hotels\",\"url\":\"https:\\\/\\\/www.cbh-cyprus.com\\\/pl\\\/\",\"logo\":{\"@type\":\"ImageObject\",\"inLanguage\":\"pl-PL\",\"@id\":\"https:\\\/\\\/www.cbh-cyprus.com\\\/pl\\\/#\\\/schema\\\/logo\\\/image\\\/\",\"url\":\"https:\\\/\\\/www.cbh-cyprus.com\\\/app\\\/uploads\\\/sites\\\/30\\\/2020\\\/10\\\/cbh.jpg\",\"contentUrl\":\"https:\\\/\\\/www.cbh-cyprus.com\\\/app\\\/uploads\\\/sites\\\/30\\\/2020\\\/10\\\/cbh.jpg\",\"width\":1013,\"height\":419,\"caption\":\"Constantinou Bros Hotels\"},\"image\":{\"@id\":\"https:\\\/\\\/www.cbh-cyprus.com\\\/pl\\\/#\\\/schema\\\/logo\\\/image\\\/\"}}]}<\/script>\n<!-- \/ Yoast SEO plugin. -->","yoast_head_json":{"title":"Profesjonali\u015bci z bran\u017cy turystycznej - Constantinou Bros Hotels","description":"Prosz\u0119 zresetowa\u0107 has\u0142o, aby wej\u015b\u0107 na portal Travel Professionals zawieraj\u0105cy r\u00f3\u017cne przydatne informacje dotycz\u0105ce grupy Constantinou Bros Hotels.","robots":{"index":"index","follow":"follow","max-snippet":"max-snippet:-1","max-image-preview":"max-image-preview:large","max-video-preview":"max-video-preview:-1"},"canonical":"https:\/\/www.cbh-cyprus.com\/pl\/travel-professionals\/","og_locale":"pl_PL","og_type":"article","og_title":"Profesjonali\u015bci z bran\u017cy turystycznej - Constantinou Bros Hotels","og_description":"Prosz\u0119 zresetowa\u0107 has\u0142o, aby wej\u015b\u0107 na portal Travel Professionals zawieraj\u0105cy r\u00f3\u017cne przydatne informacje dotycz\u0105ce grupy Constantinou Bros Hotels.","og_url":"https:\/\/www.cbh-cyprus.com\/pl\/travel-professionals\/","og_site_name":"Constantinou Bros Hotels","article_modified_time":"2024-09-13T14:54:42+00:00","og_image":[{"width":7648,"height":3125,"url":"https:\/\/www.cbh-cyprus.com\/app\/uploads\/sites\/30\/2020\/06\/3-ATHENA-BEACH-HOTEL-POOL-AND-SEA-VIEW.jpg","type":"image\/jpeg"}],"twitter_card":"summary_large_image","twitter_misc":{"Est. reading time":"1 minute"},"schema":{"@context":"https:\/\/schema.org","@graph":[{"@type":"WebPage","@id":"https:\/\/www.cbh-cyprus.com\/pl\/travel-professionals\/","url":"https:\/\/www.cbh-cyprus.com\/pl\/travel-professionals\/","name":"Profesjonali\u015bci z bran\u017cy turystycznej - Constantinou Bros Hotels","isPartOf":{"@id":"https:\/\/www.cbh-cyprus.com\/pl\/#website"},"primaryImageOfPage":{"@id":"https:\/\/www.cbh-cyprus.com\/pl\/travel-professionals\/#primaryimage"},"image":{"@id":"https:\/\/www.cbh-cyprus.com\/pl\/travel-professionals\/#primaryimage"},"thumbnailUrl":"https:\/\/www.cbh-cyprus.com\/app\/uploads\/sites\/30\/2020\/06\/3-ATHENA-BEACH-HOTEL-POOL-AND-SEA-VIEW.jpg","datePublished":"2024-07-23T09:16:29+00:00","dateModified":"2024-09-13T14:54:42+00:00","description":"Prosz\u0119 zresetowa\u0107 has\u0142o, aby wej\u015b\u0107 na portal Travel Professionals zawieraj\u0105cy r\u00f3\u017cne przydatne informacje dotycz\u0105ce grupy Constantinou Bros Hotels.","breadcrumb":{"@id":"https:\/\/www.cbh-cyprus.com\/pl\/travel-professionals\/#breadcrumb"},"inLanguage":"pl-PL","potentialAction":[{"@type":"ReadAction","target":["https:\/\/www.cbh-cyprus.com\/pl\/travel-professionals\/"]}]},{"@type":"ImageObject","inLanguage":"pl-PL","@id":"https:\/\/www.cbh-cyprus.com\/pl\/travel-professionals\/#primaryimage","url":"https:\/\/www.cbh-cyprus.com\/app\/uploads\/sites\/30\/2020\/06\/3-ATHENA-BEACH-HOTEL-POOL-AND-SEA-VIEW.jpg","contentUrl":"https:\/\/www.cbh-cyprus.com\/app\/uploads\/sites\/30\/2020\/06\/3-ATHENA-BEACH-HOTEL-POOL-AND-SEA-VIEW.jpg","width":7648,"height":3125},{"@type":"BreadcrumbList","@id":"https:\/\/www.cbh-cyprus.com\/pl\/travel-professionals\/#breadcrumb","itemListElement":[{"@type":"ListItem","position":1,"name":"Home","item":"https:\/\/www.cbh-cyprus.com\/pl\/welcome-to-constantinou-bros-hotels\/"},{"@type":"ListItem","position":2,"name":"Specjali\u015bci ds. podr\u00f3\u017cy"}]},{"@type":"WebSite","@id":"https:\/\/www.cbh-cyprus.com\/pl\/#website","url":"https:\/\/www.cbh-cyprus.com\/pl\/","name":"Constantinou Bros Hotels","description":"Constantinou Bros Hotels","publisher":{"@id":"https:\/\/www.cbh-cyprus.com\/pl\/#organization"},"potentialAction":[{"@type":"SearchAction","target":{"@type":"EntryPoint","urlTemplate":"https:\/\/www.cbh-cyprus.com\/pl\/?s={search_term_string}"},"query-input":{"@type":"PropertyValueSpecification","valueRequired":true,"valueName":"search_term_string"}}],"inLanguage":"pl-PL"},{"@type":"Organization","@id":"https:\/\/www.cbh-cyprus.com\/pl\/#organization","name":"Constantinou Bros Hotels","url":"https:\/\/www.cbh-cyprus.com\/pl\/","logo":{"@type":"ImageObject","inLanguage":"pl-PL","@id":"https:\/\/www.cbh-cyprus.com\/pl\/#\/schema\/logo\/image\/","url":"https:\/\/www.cbh-cyprus.com\/app\/uploads\/sites\/30\/2020\/10\/cbh.jpg","contentUrl":"https:\/\/www.cbh-cyprus.com\/app\/uploads\/sites\/30\/2020\/10\/cbh.jpg","width":1013,"height":419,"caption":"Constantinou Bros Hotels"},"image":{"@id":"https:\/\/www.cbh-cyprus.com\/pl\/#\/schema\/logo\/image\/"}}]}},"_links":{"self":[{"href":"https:\/\/www.cbh-cyprus.com\/pl\/wp-json\/wp\/v2\/pages\/37168","targetHints":{"allow":["GET"]}}],"collection":[{"href":"https:\/\/www.cbh-cyprus.com\/pl\/wp-json\/wp\/v2\/pages"}],"about":[{"href":"https:\/\/www.cbh-cyprus.com\/pl\/wp-json\/wp\/v2\/types\/page"}],"author":[{"embeddable":true,"href":"https:\/\/www.cbh-cyprus.com\/pl\/wp-json\/wp\/v2\/users\/100"}],"replies":[{"embeddable":true,"href":"https:\/\/www.cbh-cyprus.com\/pl\/wp-json\/wp\/v2\/comments?post=37168"}],"version-history":[{"count":4,"href":"https:\/\/www.cbh-cyprus.com\/pl\/wp-json\/wp\/v2\/pages\/37168\/revisions"}],"predecessor-version":[{"id":41436,"href":"https:\/\/www.cbh-cyprus.com\/pl\/wp-json\/wp\/v2\/pages\/37168\/revisions\/41436"}],"wp:featuredmedia":[{"embeddable":true,"href":"https:\/\/www.cbh-cyprus.com\/pl\/wp-json\/wp\/v2\/media\/38027"}],"wp:attachment":[{"href":"https:\/\/www.cbh-cyprus.com\/pl\/wp-json\/wp\/v2\/media?parent=37168"}],"curies":[{"name":"wp","href":"https:\/\/api.w.org\/{rel}","templated":true}]}}