{"id":37178,"date":"2024-07-23T12:16:34","date_gmt":"2024-07-23T09:16:34","guid":{"rendered":"https:\/\/www.cbh-cyprus.com\/impreza-charytatywna-sky-jump\/"},"modified":"2024-09-13T12:34:50","modified_gmt":"2024-09-13T09:34:50","slug":"impreza-charytatywna-sky-jump","status":"publish","type":"page","link":"https:\/\/www.cbh-cyprus.com\/pl\/impreza-charytatywna-sky-jump\/","title":{"rendered":"Impreza charytatywna Sky Jump"},"content":{"rendered":"<h1>Impreza charytatywna Sky Jump: Dyrektor generalny Constantinou Bros Hotels do\u0142\u0105cza do Co-op Travel na rzecz Just a Drop Cause&#8221;<\/h1>\n<p>  Dyrektor generalny Constantinou Bros Hotels, pan Aristos Diomedous, wraz z innymi agentami i dostawcami Co-op Travel podj\u0105\u0142 wyzwanie do\u0142\u0105czenia do Midcounties co-op Travel w charytatywnym wydarzeniu Sky Jump, aby zebra\u0107 pieni\u0105dze na wsparcie dw\u00f3ch szk\u00f3\u0142 w Kenii za po\u015brednictwem organizacji charytatywnej Just a Drop.<br \/>\nCelem ka\u017cdej osoby by\u0142o zebranie kwoty 1 550 euro.<br \/>\n<sup>26<\/sup> czerwca 2019 r. pierwszy zesp\u00f3\u0142 z Aristosem uko\u0144czy\u0142 wyzwanie, wyskakuj\u0105c z samolotu na wysoko\u015bci 6000 metr\u00f3w, a dzi\u0119ki wsparciu wszystkich sponsor\u00f3w Aristos Diomedous zdo\u0142a\u0142 przekroczy\u0107 135% swojego celu i zebra\u0142 \u0142\u0105cznie 2 099,29 \u20ac plus 117,61 \u20ac Gift Aid na swoj\u0105 dzia\u0142alno\u015b\u0107 charytatywn\u0105!<br \/>\nConstantinou Bros Hotels by\u0142 g\u0142\u00f3wnym sponsorem Aristosa Diomedousa, jednak nie by\u0142by on w stanie dokona\u0107 takiego osi\u0105gni\u0119cia bez wsparcia swoich drogich przyjaci\u00f3\u0142.<br \/>\nZa to chcia\u0142by osobi\u015bcie podzi\u0119kowa\u0107 24 osobom, kt\u00f3re go wspar\u0142y, a mianowicie: Annabel Griffin (Le Petit Monde), Sunhouse Travel Ltd, Vasilis Pavlou (Attica Holidays), Paul moss (Holiday Lounge), Angela Mazzey (TUI), Christos Evripidou (Aphrodite Half Marathon), Mark Richardson (Constantinou Bros Hotels &#8211; UK), David Townend (Constantinou Bros Hotels UK), Kries Schotte, Liz Williams (Constant Travel), Sotos Stephanou (    <a href=\"https:\/\/www.bookcyprus.com\/\" target=\"_blank\" rel=\"noopener noreferrer\">www.bookcyprus.com<\/a>), Andy Heapy, Chrysanthos Georgiou (Garibaldi), Pantelis Sofokleous (Style Tours), Michalis Athanassiou , Graham Coles, Savvas Skordis, Karin Vanden Bulcke, Damian Kellegher (Personal Holiday Advisors) i Potters Friends Foundation&#8230; sponsorzy, kt\u00f3rzy zdecydowali si\u0119 pozosta\u0107 anonimowi, wiedz\u0105 Pa\u0144stwo kim s\u0105 i dzi\u0119kujemy!<br \/>\nNiech to osi\u0105gni\u0119cie b\u0119dzie inspiracj\u0105 dla nas wszystkich! <\/p>\n","protected":false},"excerpt":{"rendered":"<p>Impreza charytatywna Sky Jump: Dyrektor generalny Constantinou Bros Hotels do\u0142\u0105cza do Co-op Travel na rzecz Just a Drop Cause&#8221; Dyrektor generalny Constantinou Bros Hotels, pan Aristos Diomedous, wraz z innymi agentami i dostawcami Co-op Travel podj\u0105\u0142 wyzwanie do\u0142\u0105czenia do Midcounties co-op Travel w charytatywnym wydarzeniu Sky Jump, aby zebra\u0107 pieni\u0105dze na wsparcie dw\u00f3ch szk\u00f3\u0142 w<\/p>\n","protected":false},"author":100,"featured_media":37605,"parent":0,"menu_order":0,"comment_status":"closed","ping_status":"closed","template":"","meta":{"_acf_changed":false,"footnotes":""},"class_list":["post-37178","page","type-page","status-publish","has-post-thumbnail","hentry"],"acf":[],"yoast_head":"<!-- This site is optimized with the Yoast SEO plugin v27.3 - https:\/\/yoast.com\/product\/yoast-seo-wordpress\/ -->\n<title>Impreza charytatywna Sky Jump - Constantinou Bros Hotels<\/title>\n<meta name=\"description\" content=\"Nasz dyrektor generalny przekroczy\u0142 sw\u00f3j cel o 135% w ramach akcji charytatywnej Travel in a Sky Jump na rzecz szk\u00f3\u0142 w Kenii za po\u015brednictwem organizacji charytatywnej Just a Drop.\" \/>\n<meta name=\"robots\" content=\"index, follow, max-snippet:-1, max-image-preview:large, max-video-preview:-1\" \/>\n<link rel=\"canonical\" href=\"https:\/\/www.cbh-cyprus.com\/pl\/impreza-charytatywna-sky-jump\/\" \/>\n<meta property=\"og:locale\" content=\"pl_PL\" \/>\n<meta property=\"og:type\" content=\"article\" \/>\n<meta property=\"og:title\" content=\"Impreza charytatywna Sky Jump - Constantinou Bros Hotels\" \/>\n<meta property=\"og:description\" content=\"Nasz dyrektor generalny przekroczy\u0142 sw\u00f3j cel o 135% w ramach akcji charytatywnej Travel in a Sky Jump na rzecz szk\u00f3\u0142 w Kenii za po\u015brednictwem organizacji charytatywnej Just a Drop.\" \/>\n<meta property=\"og:url\" content=\"https:\/\/www.cbh-cyprus.com\/pl\/impreza-charytatywna-sky-jump\/\" \/>\n<meta property=\"og:site_name\" content=\"Constantinou Bros Hotels\" \/>\n<meta property=\"article:modified_time\" content=\"2024-09-13T09:34:50+00:00\" \/>\n<meta property=\"og:image\" content=\"https:\/\/www.cbh-cyprus.com\/app\/uploads\/sites\/30\/2019\/11\/DSC5618.jpeg\" \/>\n\t<meta property=\"og:image:width\" content=\"1920\" \/>\n\t<meta property=\"og:image:height\" content=\"1280\" \/>\n\t<meta property=\"og:image:type\" content=\"image\/jpeg\" \/>\n<meta name=\"twitter:card\" content=\"summary_large_image\" \/>\n<meta name=\"twitter:label1\" content=\"Est. reading time\" \/>\n\t<meta name=\"twitter:data1\" content=\"1 minute\" \/>\n<script type=\"application\/ld+json\" class=\"yoast-schema-graph\">{\"@context\":\"https:\\\/\\\/schema.org\",\"@graph\":[{\"@type\":\"WebPage\",\"@id\":\"https:\\\/\\\/www.cbh-cyprus.com\\\/pl\\\/impreza-charytatywna-sky-jump\\\/\",\"url\":\"https:\\\/\\\/www.cbh-cyprus.com\\\/pl\\\/impreza-charytatywna-sky-jump\\\/\",\"name\":\"Impreza charytatywna Sky Jump - Constantinou Bros Hotels\",\"isPartOf\":{\"@id\":\"https:\\\/\\\/www.cbh-cyprus.com\\\/pl\\\/#website\"},\"primaryImageOfPage\":{\"@id\":\"https:\\\/\\\/www.cbh-cyprus.com\\\/pl\\\/impreza-charytatywna-sky-jump\\\/#primaryimage\"},\"image\":{\"@id\":\"https:\\\/\\\/www.cbh-cyprus.com\\\/pl\\\/impreza-charytatywna-sky-jump\\\/#primaryimage\"},\"thumbnailUrl\":\"https:\\\/\\\/www.cbh-cyprus.com\\\/app\\\/uploads\\\/sites\\\/30\\\/2019\\\/11\\\/DSC5618.jpeg\",\"datePublished\":\"2024-07-23T09:16:34+00:00\",\"dateModified\":\"2024-09-13T09:34:50+00:00\",\"description\":\"Nasz dyrektor generalny przekroczy\u0142 sw\u00f3j cel o 135% w ramach akcji charytatywnej Travel in a Sky Jump na rzecz szk\u00f3\u0142 w Kenii za po\u015brednictwem organizacji charytatywnej Just a Drop.\",\"breadcrumb\":{\"@id\":\"https:\\\/\\\/www.cbh-cyprus.com\\\/pl\\\/impreza-charytatywna-sky-jump\\\/#breadcrumb\"},\"inLanguage\":\"pl-PL\",\"potentialAction\":[{\"@type\":\"ReadAction\",\"target\":[\"https:\\\/\\\/www.cbh-cyprus.com\\\/pl\\\/impreza-charytatywna-sky-jump\\\/\"]}]},{\"@type\":\"ImageObject\",\"inLanguage\":\"pl-PL\",\"@id\":\"https:\\\/\\\/www.cbh-cyprus.com\\\/pl\\\/impreza-charytatywna-sky-jump\\\/#primaryimage\",\"url\":\"https:\\\/\\\/www.cbh-cyprus.com\\\/app\\\/uploads\\\/sites\\\/30\\\/2019\\\/11\\\/DSC5618.jpeg\",\"contentUrl\":\"https:\\\/\\\/www.cbh-cyprus.com\\\/app\\\/uploads\\\/sites\\\/30\\\/2019\\\/11\\\/DSC5618.jpeg\",\"width\":1920,\"height\":1280},{\"@type\":\"BreadcrumbList\",\"@id\":\"https:\\\/\\\/www.cbh-cyprus.com\\\/pl\\\/impreza-charytatywna-sky-jump\\\/#breadcrumb\",\"itemListElement\":[{\"@type\":\"ListItem\",\"position\":1,\"name\":\"Home\",\"item\":\"https:\\\/\\\/www.cbh-cyprus.com\\\/pl\\\/welcome-to-constantinou-bros-hotels\\\/\"},{\"@type\":\"ListItem\",\"position\":2,\"name\":\"Impreza charytatywna Sky Jump\"}]},{\"@type\":\"WebSite\",\"@id\":\"https:\\\/\\\/www.cbh-cyprus.com\\\/pl\\\/#website\",\"url\":\"https:\\\/\\\/www.cbh-cyprus.com\\\/pl\\\/\",\"name\":\"Constantinou Bros Hotels\",\"description\":\"Constantinou Bros Hotels\",\"publisher\":{\"@id\":\"https:\\\/\\\/www.cbh-cyprus.com\\\/pl\\\/#organization\"},\"potentialAction\":[{\"@type\":\"SearchAction\",\"target\":{\"@type\":\"EntryPoint\",\"urlTemplate\":\"https:\\\/\\\/www.cbh-cyprus.com\\\/pl\\\/?s={search_term_string}\"},\"query-input\":{\"@type\":\"PropertyValueSpecification\",\"valueRequired\":true,\"valueName\":\"search_term_string\"}}],\"inLanguage\":\"pl-PL\"},{\"@type\":\"Organization\",\"@id\":\"https:\\\/\\\/www.cbh-cyprus.com\\\/pl\\\/#organization\",\"name\":\"Constantinou Bros Hotels\",\"url\":\"https:\\\/\\\/www.cbh-cyprus.com\\\/pl\\\/\",\"logo\":{\"@type\":\"ImageObject\",\"inLanguage\":\"pl-PL\",\"@id\":\"https:\\\/\\\/www.cbh-cyprus.com\\\/pl\\\/#\\\/schema\\\/logo\\\/image\\\/\",\"url\":\"https:\\\/\\\/www.cbh-cyprus.com\\\/app\\\/uploads\\\/sites\\\/30\\\/2020\\\/10\\\/cbh.jpg\",\"contentUrl\":\"https:\\\/\\\/www.cbh-cyprus.com\\\/app\\\/uploads\\\/sites\\\/30\\\/2020\\\/10\\\/cbh.jpg\",\"width\":1013,\"height\":419,\"caption\":\"Constantinou Bros Hotels\"},\"image\":{\"@id\":\"https:\\\/\\\/www.cbh-cyprus.com\\\/pl\\\/#\\\/schema\\\/logo\\\/image\\\/\"}}]}<\/script>\n<!-- \/ Yoast SEO plugin. -->","yoast_head_json":{"title":"Impreza charytatywna Sky Jump - Constantinou Bros Hotels","description":"Nasz dyrektor generalny przekroczy\u0142 sw\u00f3j cel o 135% w ramach akcji charytatywnej Travel in a Sky Jump na rzecz szk\u00f3\u0142 w Kenii za po\u015brednictwem organizacji charytatywnej Just a Drop.","robots":{"index":"index","follow":"follow","max-snippet":"max-snippet:-1","max-image-preview":"max-image-preview:large","max-video-preview":"max-video-preview:-1"},"canonical":"https:\/\/www.cbh-cyprus.com\/pl\/impreza-charytatywna-sky-jump\/","og_locale":"pl_PL","og_type":"article","og_title":"Impreza charytatywna Sky Jump - Constantinou Bros Hotels","og_description":"Nasz dyrektor generalny przekroczy\u0142 sw\u00f3j cel o 135% w ramach akcji charytatywnej Travel in a Sky Jump na rzecz szk\u00f3\u0142 w Kenii za po\u015brednictwem organizacji charytatywnej Just a Drop.","og_url":"https:\/\/www.cbh-cyprus.com\/pl\/impreza-charytatywna-sky-jump\/","og_site_name":"Constantinou Bros Hotels","article_modified_time":"2024-09-13T09:34:50+00:00","og_image":[{"width":1920,"height":1280,"url":"https:\/\/www.cbh-cyprus.com\/app\/uploads\/sites\/30\/2019\/11\/DSC5618.jpeg","type":"image\/jpeg"}],"twitter_card":"summary_large_image","twitter_misc":{"Est. reading time":"1 minute"},"schema":{"@context":"https:\/\/schema.org","@graph":[{"@type":"WebPage","@id":"https:\/\/www.cbh-cyprus.com\/pl\/impreza-charytatywna-sky-jump\/","url":"https:\/\/www.cbh-cyprus.com\/pl\/impreza-charytatywna-sky-jump\/","name":"Impreza charytatywna Sky Jump - Constantinou Bros Hotels","isPartOf":{"@id":"https:\/\/www.cbh-cyprus.com\/pl\/#website"},"primaryImageOfPage":{"@id":"https:\/\/www.cbh-cyprus.com\/pl\/impreza-charytatywna-sky-jump\/#primaryimage"},"image":{"@id":"https:\/\/www.cbh-cyprus.com\/pl\/impreza-charytatywna-sky-jump\/#primaryimage"},"thumbnailUrl":"https:\/\/www.cbh-cyprus.com\/app\/uploads\/sites\/30\/2019\/11\/DSC5618.jpeg","datePublished":"2024-07-23T09:16:34+00:00","dateModified":"2024-09-13T09:34:50+00:00","description":"Nasz dyrektor generalny przekroczy\u0142 sw\u00f3j cel o 135% w ramach akcji charytatywnej Travel in a Sky Jump na rzecz szk\u00f3\u0142 w Kenii za po\u015brednictwem organizacji charytatywnej Just a Drop.","breadcrumb":{"@id":"https:\/\/www.cbh-cyprus.com\/pl\/impreza-charytatywna-sky-jump\/#breadcrumb"},"inLanguage":"pl-PL","potentialAction":[{"@type":"ReadAction","target":["https:\/\/www.cbh-cyprus.com\/pl\/impreza-charytatywna-sky-jump\/"]}]},{"@type":"ImageObject","inLanguage":"pl-PL","@id":"https:\/\/www.cbh-cyprus.com\/pl\/impreza-charytatywna-sky-jump\/#primaryimage","url":"https:\/\/www.cbh-cyprus.com\/app\/uploads\/sites\/30\/2019\/11\/DSC5618.jpeg","contentUrl":"https:\/\/www.cbh-cyprus.com\/app\/uploads\/sites\/30\/2019\/11\/DSC5618.jpeg","width":1920,"height":1280},{"@type":"BreadcrumbList","@id":"https:\/\/www.cbh-cyprus.com\/pl\/impreza-charytatywna-sky-jump\/#breadcrumb","itemListElement":[{"@type":"ListItem","position":1,"name":"Home","item":"https:\/\/www.cbh-cyprus.com\/pl\/welcome-to-constantinou-bros-hotels\/"},{"@type":"ListItem","position":2,"name":"Impreza charytatywna Sky Jump"}]},{"@type":"WebSite","@id":"https:\/\/www.cbh-cyprus.com\/pl\/#website","url":"https:\/\/www.cbh-cyprus.com\/pl\/","name":"Constantinou Bros Hotels","description":"Constantinou Bros Hotels","publisher":{"@id":"https:\/\/www.cbh-cyprus.com\/pl\/#organization"},"potentialAction":[{"@type":"SearchAction","target":{"@type":"EntryPoint","urlTemplate":"https:\/\/www.cbh-cyprus.com\/pl\/?s={search_term_string}"},"query-input":{"@type":"PropertyValueSpecification","valueRequired":true,"valueName":"search_term_string"}}],"inLanguage":"pl-PL"},{"@type":"Organization","@id":"https:\/\/www.cbh-cyprus.com\/pl\/#organization","name":"Constantinou Bros Hotels","url":"https:\/\/www.cbh-cyprus.com\/pl\/","logo":{"@type":"ImageObject","inLanguage":"pl-PL","@id":"https:\/\/www.cbh-cyprus.com\/pl\/#\/schema\/logo\/image\/","url":"https:\/\/www.cbh-cyprus.com\/app\/uploads\/sites\/30\/2020\/10\/cbh.jpg","contentUrl":"https:\/\/www.cbh-cyprus.com\/app\/uploads\/sites\/30\/2020\/10\/cbh.jpg","width":1013,"height":419,"caption":"Constantinou Bros Hotels"},"image":{"@id":"https:\/\/www.cbh-cyprus.com\/pl\/#\/schema\/logo\/image\/"}}]}},"_links":{"self":[{"href":"https:\/\/www.cbh-cyprus.com\/pl\/wp-json\/wp\/v2\/pages\/37178","targetHints":{"allow":["GET"]}}],"collection":[{"href":"https:\/\/www.cbh-cyprus.com\/pl\/wp-json\/wp\/v2\/pages"}],"about":[{"href":"https:\/\/www.cbh-cyprus.com\/pl\/wp-json\/wp\/v2\/types\/page"}],"author":[{"embeddable":true,"href":"https:\/\/www.cbh-cyprus.com\/pl\/wp-json\/wp\/v2\/users\/100"}],"replies":[{"embeddable":true,"href":"https:\/\/www.cbh-cyprus.com\/pl\/wp-json\/wp\/v2\/comments?post=37178"}],"version-history":[{"count":1,"href":"https:\/\/www.cbh-cyprus.com\/pl\/wp-json\/wp\/v2\/pages\/37178\/revisions"}],"predecessor-version":[{"id":41371,"href":"https:\/\/www.cbh-cyprus.com\/pl\/wp-json\/wp\/v2\/pages\/37178\/revisions\/41371"}],"wp:featuredmedia":[{"embeddable":true,"href":"https:\/\/www.cbh-cyprus.com\/pl\/wp-json\/wp\/v2\/media\/37605"}],"wp:attachment":[{"href":"https:\/\/www.cbh-cyprus.com\/pl\/wp-json\/wp\/v2\/media?parent=37178"}],"curies":[{"name":"wp","href":"https:\/\/api.w.org\/{rel}","templated":true}]}}