{"id":37189,"date":"2024-07-23T12:16:46","date_gmt":"2024-07-23T09:16:46","guid":{"rendered":"https:\/\/www.cbh-cyprus.com\/grupa\/nagrody\/"},"modified":"2026-04-06T09:51:38","modified_gmt":"2026-04-06T06:51:38","slug":"nagrody","status":"publish","type":"page","link":"https:\/\/www.cbh-cyprus.com\/pl\/grupa\/nagrody\/","title":{"rendered":"Nagrody"},"content":{"rendered":"<p>Ka\u017cda bran\u017ca ma swoje kryteria, mierniki sukcesu. Bran\u017ca hotelarska korzysta z systemu nagr\u00f3d opartego na punktach zgromadzonych przez hotele zgodnie z kwestionariuszami, kt\u00f3re touroperatorzy prosz\u0105 swoich klient\u00f3w o wype\u0142nienie pod koniec wakacji.<\/p>\n<p>Wszystkie hotele naszej sieci mog\u0105 pochwali\u0107 si\u0119 imponuj\u0105c\u0105 liczb\u0105 nagr\u00f3d od momentu ich otwarcia.<\/p>\n<p>Poni\u017cej mog\u0105 Pa\u0144stwo zapozna\u0107 si\u0119 z naszymi nagrodami.<\/p>\n","protected":false},"excerpt":{"rendered":"<p>Ka\u017cda bran\u017ca ma swoje kryteria, mierniki sukcesu. Bran\u017ca hotelarska korzysta z systemu nagr\u00f3d opartego na punktach zgromadzonych przez hotele zgodnie z kwestionariuszami, kt\u00f3re touroperatorzy prosz\u0105 swoich klient\u00f3w o wype\u0142nienie pod koniec wakacji. Wszystkie hotele naszej sieci mog\u0105 pochwali\u0107 si\u0119 imponuj\u0105c\u0105 liczb\u0105 nagr\u00f3d od momentu ich otwarcia. Poni\u017cej mog\u0105 Pa\u0144stwo zapozna\u0107 si\u0119 z naszymi nagrodami.<\/p>\n","protected":false},"author":100,"featured_media":40190,"parent":37161,"menu_order":0,"comment_status":"closed","ping_status":"closed","template":"page-templates\/accordion.php","meta":{"_acf_changed":false,"footnotes":""},"class_list":["post-37189","page","type-page","status-publish","has-post-thumbnail","hentry"],"acf":[],"yoast_head":"<!-- This site is optimized with the Yoast SEO plugin v27.3 - https:\/\/yoast.com\/product\/yoast-seo-wordpress\/ -->\n<title>Lista nagrodzonych hoteli Constantinou Bros || Hotele Constantinou<\/title>\n<meta name=\"description\" content=\"Tutaj znajd\u0105 Pa\u0144stwo list\u0119 wszystkich czterech nagr\u00f3d, wyr\u00f3\u017cnie\u0144, odznacze\u0144 i certyfikat\u00f3w przyznanych hotelom Constantinou Bros od 1990 roku do dzi\u015b.\" \/>\n<meta name=\"robots\" content=\"index, follow, max-snippet:-1, max-image-preview:large, max-video-preview:-1\" \/>\n<link rel=\"canonical\" href=\"https:\/\/www.cbh-cyprus.com\/pl\/grupa\/nagrody\/\" \/>\n<meta property=\"og:locale\" content=\"pl_PL\" \/>\n<meta property=\"og:type\" content=\"article\" \/>\n<meta property=\"og:title\" content=\"Lista nagrodzonych hoteli Constantinou Bros || Hotele Constantinou\" \/>\n<meta property=\"og:description\" content=\"Tutaj znajd\u0105 Pa\u0144stwo list\u0119 wszystkich czterech nagr\u00f3d, wyr\u00f3\u017cnie\u0144, odznacze\u0144 i certyfikat\u00f3w przyznanych hotelom Constantinou Bros od 1990 roku do dzi\u015b.\" \/>\n<meta property=\"og:url\" content=\"https:\/\/www.cbh-cyprus.com\/pl\/grupa\/nagrody\/\" \/>\n<meta property=\"og:site_name\" content=\"Constantinou Bros Hotels\" \/>\n<meta property=\"article:modified_time\" content=\"2026-04-06T06:51:38+00:00\" \/>\n<meta property=\"og:image\" content=\"https:\/\/www.cbh-cyprus.com\/app\/uploads\/sites\/30\/2019\/10\/4-athena-royal-beach-hotel-pool-and-sea-view_resized.jpg\" \/>\n\t<meta property=\"og:image:width\" content=\"1920\" \/>\n\t<meta property=\"og:image:height\" content=\"1181\" \/>\n\t<meta property=\"og:image:type\" content=\"image\/jpeg\" \/>\n<meta name=\"twitter:card\" content=\"summary_large_image\" \/>\n<meta name=\"twitter:label1\" content=\"Est. reading time\" \/>\n\t<meta name=\"twitter:data1\" content=\"1 minute\" \/>\n<script type=\"application\/ld+json\" class=\"yoast-schema-graph\">{\"@context\":\"https:\\\/\\\/schema.org\",\"@graph\":[{\"@type\":\"WebPage\",\"@id\":\"https:\\\/\\\/www.cbh-cyprus.com\\\/pl\\\/grupa\\\/nagrody\\\/\",\"url\":\"https:\\\/\\\/www.cbh-cyprus.com\\\/pl\\\/grupa\\\/nagrody\\\/\",\"name\":\"Lista nagrodzonych hoteli Constantinou Bros || Hotele Constantinou\",\"isPartOf\":{\"@id\":\"https:\\\/\\\/www.cbh-cyprus.com\\\/pl\\\/#website\"},\"primaryImageOfPage\":{\"@id\":\"https:\\\/\\\/www.cbh-cyprus.com\\\/pl\\\/grupa\\\/nagrody\\\/#primaryimage\"},\"image\":{\"@id\":\"https:\\\/\\\/www.cbh-cyprus.com\\\/pl\\\/grupa\\\/nagrody\\\/#primaryimage\"},\"thumbnailUrl\":\"https:\\\/\\\/www.cbh-cyprus.com\\\/app\\\/uploads\\\/sites\\\/30\\\/2019\\\/10\\\/4-athena-royal-beach-hotel-pool-and-sea-view_resized.jpg\",\"datePublished\":\"2024-07-23T09:16:46+00:00\",\"dateModified\":\"2026-04-06T06:51:38+00:00\",\"description\":\"Tutaj znajd\u0105 Pa\u0144stwo list\u0119 wszystkich czterech nagr\u00f3d, wyr\u00f3\u017cnie\u0144, odznacze\u0144 i certyfikat\u00f3w przyznanych hotelom Constantinou Bros od 1990 roku do dzi\u015b.\",\"breadcrumb\":{\"@id\":\"https:\\\/\\\/www.cbh-cyprus.com\\\/pl\\\/grupa\\\/nagrody\\\/#breadcrumb\"},\"inLanguage\":\"pl-PL\",\"potentialAction\":[{\"@type\":\"ReadAction\",\"target\":[\"https:\\\/\\\/www.cbh-cyprus.com\\\/pl\\\/grupa\\\/nagrody\\\/\"]}]},{\"@type\":\"ImageObject\",\"inLanguage\":\"pl-PL\",\"@id\":\"https:\\\/\\\/www.cbh-cyprus.com\\\/pl\\\/grupa\\\/nagrody\\\/#primaryimage\",\"url\":\"https:\\\/\\\/www.cbh-cyprus.com\\\/app\\\/uploads\\\/sites\\\/30\\\/2019\\\/10\\\/4-athena-royal-beach-hotel-pool-and-sea-view_resized.jpg\",\"contentUrl\":\"https:\\\/\\\/www.cbh-cyprus.com\\\/app\\\/uploads\\\/sites\\\/30\\\/2019\\\/10\\\/4-athena-royal-beach-hotel-pool-and-sea-view_resized.jpg\",\"width\":1920,\"height\":1181},{\"@type\":\"BreadcrumbList\",\"@id\":\"https:\\\/\\\/www.cbh-cyprus.com\\\/pl\\\/grupa\\\/nagrody\\\/#breadcrumb\",\"itemListElement\":[{\"@type\":\"ListItem\",\"position\":1,\"name\":\"Home\",\"item\":\"https:\\\/\\\/www.cbh-cyprus.com\\\/pl\\\/welcome-to-constantinou-bros-hotels\\\/\"},{\"@type\":\"ListItem\",\"position\":2,\"name\":\"Grupa\",\"item\":\"https:\\\/\\\/www.cbh-cyprus.com\\\/pl\\\/grupa\\\/\"},{\"@type\":\"ListItem\",\"position\":3,\"name\":\"Nagrody\"}]},{\"@type\":\"WebSite\",\"@id\":\"https:\\\/\\\/www.cbh-cyprus.com\\\/pl\\\/#website\",\"url\":\"https:\\\/\\\/www.cbh-cyprus.com\\\/pl\\\/\",\"name\":\"Constantinou Bros Hotels\",\"description\":\"Constantinou Bros Hotels\",\"publisher\":{\"@id\":\"https:\\\/\\\/www.cbh-cyprus.com\\\/pl\\\/#organization\"},\"potentialAction\":[{\"@type\":\"SearchAction\",\"target\":{\"@type\":\"EntryPoint\",\"urlTemplate\":\"https:\\\/\\\/www.cbh-cyprus.com\\\/pl\\\/?s={search_term_string}\"},\"query-input\":{\"@type\":\"PropertyValueSpecification\",\"valueRequired\":true,\"valueName\":\"search_term_string\"}}],\"inLanguage\":\"pl-PL\"},{\"@type\":\"Organization\",\"@id\":\"https:\\\/\\\/www.cbh-cyprus.com\\\/pl\\\/#organization\",\"name\":\"Constantinou Bros Hotels\",\"url\":\"https:\\\/\\\/www.cbh-cyprus.com\\\/pl\\\/\",\"logo\":{\"@type\":\"ImageObject\",\"inLanguage\":\"pl-PL\",\"@id\":\"https:\\\/\\\/www.cbh-cyprus.com\\\/pl\\\/#\\\/schema\\\/logo\\\/image\\\/\",\"url\":\"https:\\\/\\\/www.cbh-cyprus.com\\\/app\\\/uploads\\\/sites\\\/30\\\/2020\\\/10\\\/cbh.jpg\",\"contentUrl\":\"https:\\\/\\\/www.cbh-cyprus.com\\\/app\\\/uploads\\\/sites\\\/30\\\/2020\\\/10\\\/cbh.jpg\",\"width\":1013,\"height\":419,\"caption\":\"Constantinou Bros Hotels\"},\"image\":{\"@id\":\"https:\\\/\\\/www.cbh-cyprus.com\\\/pl\\\/#\\\/schema\\\/logo\\\/image\\\/\"}}]}<\/script>\n<!-- \/ Yoast SEO plugin. -->","yoast_head_json":{"title":"Lista nagrodzonych hoteli Constantinou Bros || Hotele Constantinou","description":"Tutaj znajd\u0105 Pa\u0144stwo list\u0119 wszystkich czterech nagr\u00f3d, wyr\u00f3\u017cnie\u0144, odznacze\u0144 i certyfikat\u00f3w przyznanych hotelom Constantinou Bros od 1990 roku do dzi\u015b.","robots":{"index":"index","follow":"follow","max-snippet":"max-snippet:-1","max-image-preview":"max-image-preview:large","max-video-preview":"max-video-preview:-1"},"canonical":"https:\/\/www.cbh-cyprus.com\/pl\/grupa\/nagrody\/","og_locale":"pl_PL","og_type":"article","og_title":"Lista nagrodzonych hoteli Constantinou Bros || Hotele Constantinou","og_description":"Tutaj znajd\u0105 Pa\u0144stwo list\u0119 wszystkich czterech nagr\u00f3d, wyr\u00f3\u017cnie\u0144, odznacze\u0144 i certyfikat\u00f3w przyznanych hotelom Constantinou Bros od 1990 roku do dzi\u015b.","og_url":"https:\/\/www.cbh-cyprus.com\/pl\/grupa\/nagrody\/","og_site_name":"Constantinou Bros Hotels","article_modified_time":"2026-04-06T06:51:38+00:00","og_image":[{"width":1920,"height":1181,"url":"https:\/\/www.cbh-cyprus.com\/app\/uploads\/sites\/30\/2019\/10\/4-athena-royal-beach-hotel-pool-and-sea-view_resized.jpg","type":"image\/jpeg"}],"twitter_card":"summary_large_image","twitter_misc":{"Est. reading time":"1 minute"},"schema":{"@context":"https:\/\/schema.org","@graph":[{"@type":"WebPage","@id":"https:\/\/www.cbh-cyprus.com\/pl\/grupa\/nagrody\/","url":"https:\/\/www.cbh-cyprus.com\/pl\/grupa\/nagrody\/","name":"Lista nagrodzonych hoteli Constantinou Bros || Hotele Constantinou","isPartOf":{"@id":"https:\/\/www.cbh-cyprus.com\/pl\/#website"},"primaryImageOfPage":{"@id":"https:\/\/www.cbh-cyprus.com\/pl\/grupa\/nagrody\/#primaryimage"},"image":{"@id":"https:\/\/www.cbh-cyprus.com\/pl\/grupa\/nagrody\/#primaryimage"},"thumbnailUrl":"https:\/\/www.cbh-cyprus.com\/app\/uploads\/sites\/30\/2019\/10\/4-athena-royal-beach-hotel-pool-and-sea-view_resized.jpg","datePublished":"2024-07-23T09:16:46+00:00","dateModified":"2026-04-06T06:51:38+00:00","description":"Tutaj znajd\u0105 Pa\u0144stwo list\u0119 wszystkich czterech nagr\u00f3d, wyr\u00f3\u017cnie\u0144, odznacze\u0144 i certyfikat\u00f3w przyznanych hotelom Constantinou Bros od 1990 roku do dzi\u015b.","breadcrumb":{"@id":"https:\/\/www.cbh-cyprus.com\/pl\/grupa\/nagrody\/#breadcrumb"},"inLanguage":"pl-PL","potentialAction":[{"@type":"ReadAction","target":["https:\/\/www.cbh-cyprus.com\/pl\/grupa\/nagrody\/"]}]},{"@type":"ImageObject","inLanguage":"pl-PL","@id":"https:\/\/www.cbh-cyprus.com\/pl\/grupa\/nagrody\/#primaryimage","url":"https:\/\/www.cbh-cyprus.com\/app\/uploads\/sites\/30\/2019\/10\/4-athena-royal-beach-hotel-pool-and-sea-view_resized.jpg","contentUrl":"https:\/\/www.cbh-cyprus.com\/app\/uploads\/sites\/30\/2019\/10\/4-athena-royal-beach-hotel-pool-and-sea-view_resized.jpg","width":1920,"height":1181},{"@type":"BreadcrumbList","@id":"https:\/\/www.cbh-cyprus.com\/pl\/grupa\/nagrody\/#breadcrumb","itemListElement":[{"@type":"ListItem","position":1,"name":"Home","item":"https:\/\/www.cbh-cyprus.com\/pl\/welcome-to-constantinou-bros-hotels\/"},{"@type":"ListItem","position":2,"name":"Grupa","item":"https:\/\/www.cbh-cyprus.com\/pl\/grupa\/"},{"@type":"ListItem","position":3,"name":"Nagrody"}]},{"@type":"WebSite","@id":"https:\/\/www.cbh-cyprus.com\/pl\/#website","url":"https:\/\/www.cbh-cyprus.com\/pl\/","name":"Constantinou Bros Hotels","description":"Constantinou Bros Hotels","publisher":{"@id":"https:\/\/www.cbh-cyprus.com\/pl\/#organization"},"potentialAction":[{"@type":"SearchAction","target":{"@type":"EntryPoint","urlTemplate":"https:\/\/www.cbh-cyprus.com\/pl\/?s={search_term_string}"},"query-input":{"@type":"PropertyValueSpecification","valueRequired":true,"valueName":"search_term_string"}}],"inLanguage":"pl-PL"},{"@type":"Organization","@id":"https:\/\/www.cbh-cyprus.com\/pl\/#organization","name":"Constantinou Bros Hotels","url":"https:\/\/www.cbh-cyprus.com\/pl\/","logo":{"@type":"ImageObject","inLanguage":"pl-PL","@id":"https:\/\/www.cbh-cyprus.com\/pl\/#\/schema\/logo\/image\/","url":"https:\/\/www.cbh-cyprus.com\/app\/uploads\/sites\/30\/2020\/10\/cbh.jpg","contentUrl":"https:\/\/www.cbh-cyprus.com\/app\/uploads\/sites\/30\/2020\/10\/cbh.jpg","width":1013,"height":419,"caption":"Constantinou Bros Hotels"},"image":{"@id":"https:\/\/www.cbh-cyprus.com\/pl\/#\/schema\/logo\/image\/"}}]}},"_links":{"self":[{"href":"https:\/\/www.cbh-cyprus.com\/pl\/wp-json\/wp\/v2\/pages\/37189","targetHints":{"allow":["GET"]}}],"collection":[{"href":"https:\/\/www.cbh-cyprus.com\/pl\/wp-json\/wp\/v2\/pages"}],"about":[{"href":"https:\/\/www.cbh-cyprus.com\/pl\/wp-json\/wp\/v2\/types\/page"}],"author":[{"embeddable":true,"href":"https:\/\/www.cbh-cyprus.com\/pl\/wp-json\/wp\/v2\/users\/100"}],"replies":[{"embeddable":true,"href":"https:\/\/www.cbh-cyprus.com\/pl\/wp-json\/wp\/v2\/comments?post=37189"}],"version-history":[{"count":8,"href":"https:\/\/www.cbh-cyprus.com\/pl\/wp-json\/wp\/v2\/pages\/37189\/revisions"}],"predecessor-version":[{"id":48016,"href":"https:\/\/www.cbh-cyprus.com\/pl\/wp-json\/wp\/v2\/pages\/37189\/revisions\/48016"}],"up":[{"embeddable":true,"href":"https:\/\/www.cbh-cyprus.com\/pl\/wp-json\/wp\/v2\/pages\/37161"}],"wp:featuredmedia":[{"embeddable":true,"href":"https:\/\/www.cbh-cyprus.com\/pl\/wp-json\/wp\/v2\/media\/40190"}],"wp:attachment":[{"href":"https:\/\/www.cbh-cyprus.com\/pl\/wp-json\/wp\/v2\/media?parent=37189"}],"curies":[{"name":"wp","href":"https:\/\/api.w.org\/{rel}","templated":true}]}}