{"id":37205,"date":"2024-07-23T12:17:15","date_gmt":"2024-07-23T09:17:15","guid":{"rendered":"https:\/\/www.cbh-cyprus.com\/oferty\/"},"modified":"2025-05-05T15:11:19","modified_gmt":"2025-05-05T12:11:19","slug":"oferty","status":"publish","type":"page","link":"https:\/\/www.cbh-cyprus.com\/pl\/oferty\/","title":{"rendered":"Oferty"},"content":{"rendered":"<p>Jeste\u015bmy zawsze podekscytowani i szcz\u0119\u015bliwi, mog\u0105c zaoferowa\u0107 specjalne ceny i pakiety.<\/p>\n<p>Prosz\u0119 wybra\u0107 preferowany hotel poni\u017cej, aby wy\u015bwietli\u0107 bezpo\u015brednio wszystkie dost\u0119pne oferty specjalne i pakiety&#8230;.<\/p>\n","protected":false},"excerpt":{"rendered":"<p>Jeste\u015bmy zawsze podekscytowani i szcz\u0119\u015bliwi, mog\u0105c zaoferowa\u0107 specjalne ceny i pakiety. Prosz\u0119 wybra\u0107 preferowany hotel poni\u017cej, aby wy\u015bwietli\u0107 bezpo\u015brednio wszystkie dost\u0119pne oferty specjalne i pakiety&#8230;.<\/p>\n","protected":false},"author":100,"featured_media":40852,"parent":0,"menu_order":0,"comment_status":"closed","ping_status":"closed","template":"page-templates\/simple-list.php","meta":{"_acf_changed":false,"footnotes":""},"class_list":["post-37205","page","type-page","status-publish","has-post-thumbnail","hentry"],"acf":[],"yoast_head":"<!-- This site is optimized with the Yoast SEO plugin v27.3 - https:\/\/yoast.com\/product\/yoast-seo-wordpress\/ -->\n<title>Najlepszy hotel Pafos Cypr oferty specjalne || Hotele Constantinou<\/title>\n<meta name=\"description\" content=\"Przegl\u0105daj oferty specjalne grupy hoteli Paphos Cyprus i znajd\u017a te, kt\u00f3re najbardziej odpowiadaj\u0105 Twoim osobistym preferencjom podczas nast\u0119pnego pobytu w Constantinou Bros Hotels.\" \/>\n<meta name=\"robots\" content=\"index, follow, max-snippet:-1, max-image-preview:large, max-video-preview:-1\" \/>\n<link rel=\"canonical\" href=\"https:\/\/www.cbh-cyprus.com\/pl\/oferty\/\" \/>\n<meta property=\"og:locale\" content=\"pl_PL\" \/>\n<meta property=\"og:type\" content=\"article\" \/>\n<meta property=\"og:title\" content=\"Najlepszy hotel Pafos Cypr oferty specjalne || Hotele Constantinou\" \/>\n<meta property=\"og:description\" content=\"Przegl\u0105daj oferty specjalne grupy hoteli Paphos Cyprus i znajd\u017a te, kt\u00f3re najbardziej odpowiadaj\u0105 Twoim osobistym preferencjom podczas nast\u0119pnego pobytu w Constantinou Bros Hotels.\" \/>\n<meta property=\"og:url\" content=\"https:\/\/www.cbh-cyprus.com\/pl\/oferty\/\" \/>\n<meta property=\"og:site_name\" content=\"Constantinou Bros Hotels\" \/>\n<meta property=\"article:modified_time\" content=\"2025-05-05T12:11:19+00:00\" \/>\n<meta property=\"og:image\" content=\"https:\/\/www.cbh-cyprus.com\/app\/uploads\/sites\/30\/2024\/08\/15-ATHENA-BEACH-HOTEL-BEACH-scaled-1.jpg\" \/>\n\t<meta property=\"og:image:width\" content=\"1920\" \/>\n\t<meta property=\"og:image:height\" content=\"1080\" \/>\n\t<meta property=\"og:image:type\" content=\"image\/jpeg\" \/>\n<meta name=\"twitter:card\" content=\"summary_large_image\" \/>\n<meta name=\"twitter:label1\" content=\"Est. reading time\" \/>\n\t<meta name=\"twitter:data1\" content=\"1 minute\" \/>\n<script type=\"application\/ld+json\" class=\"yoast-schema-graph\">{\"@context\":\"https:\\\/\\\/schema.org\",\"@graph\":[{\"@type\":\"WebPage\",\"@id\":\"https:\\\/\\\/www.cbh-cyprus.com\\\/pl\\\/oferty\\\/\",\"url\":\"https:\\\/\\\/www.cbh-cyprus.com\\\/pl\\\/oferty\\\/\",\"name\":\"Najlepszy hotel Pafos Cypr oferty specjalne || Hotele Constantinou\",\"isPartOf\":{\"@id\":\"https:\\\/\\\/www.cbh-cyprus.com\\\/pl\\\/#website\"},\"primaryImageOfPage\":{\"@id\":\"https:\\\/\\\/www.cbh-cyprus.com\\\/pl\\\/oferty\\\/#primaryimage\"},\"image\":{\"@id\":\"https:\\\/\\\/www.cbh-cyprus.com\\\/pl\\\/oferty\\\/#primaryimage\"},\"thumbnailUrl\":\"https:\\\/\\\/www.cbh-cyprus.com\\\/app\\\/uploads\\\/sites\\\/30\\\/2024\\\/08\\\/15-ATHENA-BEACH-HOTEL-BEACH-scaled-1.jpg\",\"datePublished\":\"2024-07-23T09:17:15+00:00\",\"dateModified\":\"2025-05-05T12:11:19+00:00\",\"description\":\"Przegl\u0105daj oferty specjalne grupy hoteli Paphos Cyprus i znajd\u017a te, kt\u00f3re najbardziej odpowiadaj\u0105 Twoim osobistym preferencjom podczas nast\u0119pnego pobytu w Constantinou Bros Hotels.\",\"breadcrumb\":{\"@id\":\"https:\\\/\\\/www.cbh-cyprus.com\\\/pl\\\/oferty\\\/#breadcrumb\"},\"inLanguage\":\"pl-PL\",\"potentialAction\":[{\"@type\":\"ReadAction\",\"target\":[\"https:\\\/\\\/www.cbh-cyprus.com\\\/pl\\\/oferty\\\/\"]}]},{\"@type\":\"ImageObject\",\"inLanguage\":\"pl-PL\",\"@id\":\"https:\\\/\\\/www.cbh-cyprus.com\\\/pl\\\/oferty\\\/#primaryimage\",\"url\":\"https:\\\/\\\/www.cbh-cyprus.com\\\/app\\\/uploads\\\/sites\\\/30\\\/2024\\\/08\\\/15-ATHENA-BEACH-HOTEL-BEACH-scaled-1.jpg\",\"contentUrl\":\"https:\\\/\\\/www.cbh-cyprus.com\\\/app\\\/uploads\\\/sites\\\/30\\\/2024\\\/08\\\/15-ATHENA-BEACH-HOTEL-BEACH-scaled-1.jpg\",\"width\":1920,\"height\":1080},{\"@type\":\"BreadcrumbList\",\"@id\":\"https:\\\/\\\/www.cbh-cyprus.com\\\/pl\\\/oferty\\\/#breadcrumb\",\"itemListElement\":[{\"@type\":\"ListItem\",\"position\":1,\"name\":\"Home\",\"item\":\"https:\\\/\\\/www.cbh-cyprus.com\\\/pl\\\/welcome-to-constantinou-bros-hotels\\\/\"},{\"@type\":\"ListItem\",\"position\":2,\"name\":\"Oferty\"}]},{\"@type\":\"WebSite\",\"@id\":\"https:\\\/\\\/www.cbh-cyprus.com\\\/pl\\\/#website\",\"url\":\"https:\\\/\\\/www.cbh-cyprus.com\\\/pl\\\/\",\"name\":\"Constantinou Bros Hotels\",\"description\":\"Constantinou Bros Hotels\",\"publisher\":{\"@id\":\"https:\\\/\\\/www.cbh-cyprus.com\\\/pl\\\/#organization\"},\"potentialAction\":[{\"@type\":\"SearchAction\",\"target\":{\"@type\":\"EntryPoint\",\"urlTemplate\":\"https:\\\/\\\/www.cbh-cyprus.com\\\/pl\\\/?s={search_term_string}\"},\"query-input\":{\"@type\":\"PropertyValueSpecification\",\"valueRequired\":true,\"valueName\":\"search_term_string\"}}],\"inLanguage\":\"pl-PL\"},{\"@type\":\"Organization\",\"@id\":\"https:\\\/\\\/www.cbh-cyprus.com\\\/pl\\\/#organization\",\"name\":\"Constantinou Bros Hotels\",\"url\":\"https:\\\/\\\/www.cbh-cyprus.com\\\/pl\\\/\",\"logo\":{\"@type\":\"ImageObject\",\"inLanguage\":\"pl-PL\",\"@id\":\"https:\\\/\\\/www.cbh-cyprus.com\\\/pl\\\/#\\\/schema\\\/logo\\\/image\\\/\",\"url\":\"https:\\\/\\\/www.cbh-cyprus.com\\\/app\\\/uploads\\\/sites\\\/30\\\/2020\\\/10\\\/cbh.jpg\",\"contentUrl\":\"https:\\\/\\\/www.cbh-cyprus.com\\\/app\\\/uploads\\\/sites\\\/30\\\/2020\\\/10\\\/cbh.jpg\",\"width\":1013,\"height\":419,\"caption\":\"Constantinou Bros Hotels\"},\"image\":{\"@id\":\"https:\\\/\\\/www.cbh-cyprus.com\\\/pl\\\/#\\\/schema\\\/logo\\\/image\\\/\"}}]}<\/script>\n<!-- \/ Yoast SEO plugin. -->","yoast_head_json":{"title":"Najlepszy hotel Pafos Cypr oferty specjalne || Hotele Constantinou","description":"Przegl\u0105daj oferty specjalne grupy hoteli Paphos Cyprus i znajd\u017a te, kt\u00f3re najbardziej odpowiadaj\u0105 Twoim osobistym preferencjom podczas nast\u0119pnego pobytu w Constantinou Bros Hotels.","robots":{"index":"index","follow":"follow","max-snippet":"max-snippet:-1","max-image-preview":"max-image-preview:large","max-video-preview":"max-video-preview:-1"},"canonical":"https:\/\/www.cbh-cyprus.com\/pl\/oferty\/","og_locale":"pl_PL","og_type":"article","og_title":"Najlepszy hotel Pafos Cypr oferty specjalne || Hotele Constantinou","og_description":"Przegl\u0105daj oferty specjalne grupy hoteli Paphos Cyprus i znajd\u017a te, kt\u00f3re najbardziej odpowiadaj\u0105 Twoim osobistym preferencjom podczas nast\u0119pnego pobytu w Constantinou Bros Hotels.","og_url":"https:\/\/www.cbh-cyprus.com\/pl\/oferty\/","og_site_name":"Constantinou Bros Hotels","article_modified_time":"2025-05-05T12:11:19+00:00","og_image":[{"width":1920,"height":1080,"url":"https:\/\/www.cbh-cyprus.com\/app\/uploads\/sites\/30\/2024\/08\/15-ATHENA-BEACH-HOTEL-BEACH-scaled-1.jpg","type":"image\/jpeg"}],"twitter_card":"summary_large_image","twitter_misc":{"Est. reading time":"1 minute"},"schema":{"@context":"https:\/\/schema.org","@graph":[{"@type":"WebPage","@id":"https:\/\/www.cbh-cyprus.com\/pl\/oferty\/","url":"https:\/\/www.cbh-cyprus.com\/pl\/oferty\/","name":"Najlepszy hotel Pafos Cypr oferty specjalne || Hotele Constantinou","isPartOf":{"@id":"https:\/\/www.cbh-cyprus.com\/pl\/#website"},"primaryImageOfPage":{"@id":"https:\/\/www.cbh-cyprus.com\/pl\/oferty\/#primaryimage"},"image":{"@id":"https:\/\/www.cbh-cyprus.com\/pl\/oferty\/#primaryimage"},"thumbnailUrl":"https:\/\/www.cbh-cyprus.com\/app\/uploads\/sites\/30\/2024\/08\/15-ATHENA-BEACH-HOTEL-BEACH-scaled-1.jpg","datePublished":"2024-07-23T09:17:15+00:00","dateModified":"2025-05-05T12:11:19+00:00","description":"Przegl\u0105daj oferty specjalne grupy hoteli Paphos Cyprus i znajd\u017a te, kt\u00f3re najbardziej odpowiadaj\u0105 Twoim osobistym preferencjom podczas nast\u0119pnego pobytu w Constantinou Bros Hotels.","breadcrumb":{"@id":"https:\/\/www.cbh-cyprus.com\/pl\/oferty\/#breadcrumb"},"inLanguage":"pl-PL","potentialAction":[{"@type":"ReadAction","target":["https:\/\/www.cbh-cyprus.com\/pl\/oferty\/"]}]},{"@type":"ImageObject","inLanguage":"pl-PL","@id":"https:\/\/www.cbh-cyprus.com\/pl\/oferty\/#primaryimage","url":"https:\/\/www.cbh-cyprus.com\/app\/uploads\/sites\/30\/2024\/08\/15-ATHENA-BEACH-HOTEL-BEACH-scaled-1.jpg","contentUrl":"https:\/\/www.cbh-cyprus.com\/app\/uploads\/sites\/30\/2024\/08\/15-ATHENA-BEACH-HOTEL-BEACH-scaled-1.jpg","width":1920,"height":1080},{"@type":"BreadcrumbList","@id":"https:\/\/www.cbh-cyprus.com\/pl\/oferty\/#breadcrumb","itemListElement":[{"@type":"ListItem","position":1,"name":"Home","item":"https:\/\/www.cbh-cyprus.com\/pl\/welcome-to-constantinou-bros-hotels\/"},{"@type":"ListItem","position":2,"name":"Oferty"}]},{"@type":"WebSite","@id":"https:\/\/www.cbh-cyprus.com\/pl\/#website","url":"https:\/\/www.cbh-cyprus.com\/pl\/","name":"Constantinou Bros Hotels","description":"Constantinou Bros Hotels","publisher":{"@id":"https:\/\/www.cbh-cyprus.com\/pl\/#organization"},"potentialAction":[{"@type":"SearchAction","target":{"@type":"EntryPoint","urlTemplate":"https:\/\/www.cbh-cyprus.com\/pl\/?s={search_term_string}"},"query-input":{"@type":"PropertyValueSpecification","valueRequired":true,"valueName":"search_term_string"}}],"inLanguage":"pl-PL"},{"@type":"Organization","@id":"https:\/\/www.cbh-cyprus.com\/pl\/#organization","name":"Constantinou Bros Hotels","url":"https:\/\/www.cbh-cyprus.com\/pl\/","logo":{"@type":"ImageObject","inLanguage":"pl-PL","@id":"https:\/\/www.cbh-cyprus.com\/pl\/#\/schema\/logo\/image\/","url":"https:\/\/www.cbh-cyprus.com\/app\/uploads\/sites\/30\/2020\/10\/cbh.jpg","contentUrl":"https:\/\/www.cbh-cyprus.com\/app\/uploads\/sites\/30\/2020\/10\/cbh.jpg","width":1013,"height":419,"caption":"Constantinou Bros Hotels"},"image":{"@id":"https:\/\/www.cbh-cyprus.com\/pl\/#\/schema\/logo\/image\/"}}]}},"_links":{"self":[{"href":"https:\/\/www.cbh-cyprus.com\/pl\/wp-json\/wp\/v2\/pages\/37205","targetHints":{"allow":["GET"]}}],"collection":[{"href":"https:\/\/www.cbh-cyprus.com\/pl\/wp-json\/wp\/v2\/pages"}],"about":[{"href":"https:\/\/www.cbh-cyprus.com\/pl\/wp-json\/wp\/v2\/types\/page"}],"author":[{"embeddable":true,"href":"https:\/\/www.cbh-cyprus.com\/pl\/wp-json\/wp\/v2\/users\/100"}],"replies":[{"embeddable":true,"href":"https:\/\/www.cbh-cyprus.com\/pl\/wp-json\/wp\/v2\/comments?post=37205"}],"version-history":[{"count":3,"href":"https:\/\/www.cbh-cyprus.com\/pl\/wp-json\/wp\/v2\/pages\/37205\/revisions"}],"predecessor-version":[{"id":43633,"href":"https:\/\/www.cbh-cyprus.com\/pl\/wp-json\/wp\/v2\/pages\/37205\/revisions\/43633"}],"wp:featuredmedia":[{"embeddable":true,"href":"https:\/\/www.cbh-cyprus.com\/pl\/wp-json\/wp\/v2\/media\/40852"}],"wp:attachment":[{"href":"https:\/\/www.cbh-cyprus.com\/pl\/wp-json\/wp\/v2\/media?parent=37205"}],"curies":[{"name":"wp","href":"https:\/\/api.w.org\/{rel}","templated":true}]}}