{"id":37216,"date":"2024-07-23T12:17:21","date_gmt":"2024-07-23T09:17:21","guid":{"rendered":"https:\/\/www.cbh-cyprus.com\/welcome-to-constantinou-bros-hotels\/"},"modified":"2025-05-05T15:11:34","modified_gmt":"2025-05-05T12:11:34","slug":"welcome-to-constantinou-bros-hotels","status":"publish","type":"page","link":"https:\/\/www.cbh-cyprus.com\/pl\/","title":{"rendered":"Witamy w Constantinou Bros Hotels"},"content":{"rendered":"<h1>Prawdziwy luksus przy pla\u017cy<\/h1>\n<p>&nbsp;<\/p>\n<p>Witamy w Constantinou Bros Hotels, kolekcji bezkonkurencyjnych, eleganckich nadmorskich kurort\u00f3w w Pafos na Cyprze.<\/p>\n<p>Dzi\u0119ki ogromnej wiedzy, kt\u00f3r\u0105 zdobyli\u015bmy, obs\u0142uguj\u0105c naszych klient\u00f3w, zdajemy sobie spraw\u0119, \u017ce ka\u017cdy szuka w\u0142asnego, indywidualnego do\u015bwiadczenia wakacyjnego.<\/p>\n<p>Maj\u0105c to na uwadze, stworzyli\u015bmy nasze hotele i po\u015bwi\u0119cili\u015bmy nasze us\u0142ugi, aby spe\u0142ni\u0107 Pa\u0144stwa oczekiwania, umo\u017cliwiaj\u0105c Pa\u0144stwu wyb\u00f3r z naszej szerokiej gamy udogodnie\u0144, zgodnie z Pa\u0144stwa \u017cyczeniem.<\/p>\n<p>Bez wzgl\u0119du na to, kt\u00f3ry z naszych czterech hoteli Pa\u0144stwo wybior\u0105, mog\u0105 by\u0107 Pa\u0144stwo pewni, \u017ce do\u0142o\u017cymy wszelkich stara\u0144, aby spe\u0142ni\u0107 ka\u017cde Pa\u0144stwa \u017cyczenie.<\/p>\n<p>&nbsp;<\/p>\n<h3><strong>NASZE HOTELE<\/strong><\/h3>\n","protected":false},"excerpt":{"rendered":"<p>Prawdziwy luksus przy pla\u017cy &nbsp; Witamy w Constantinou Bros Hotels, kolekcji bezkonkurencyjnych, eleganckich nadmorskich kurort\u00f3w w Pafos na Cyprze. Dzi\u0119ki ogromnej wiedzy, kt\u00f3r\u0105 zdobyli\u015bmy, obs\u0142uguj\u0105c naszych klient\u00f3w, zdajemy sobie spraw\u0119, \u017ce ka\u017cdy szuka w\u0142asnego, indywidualnego do\u015bwiadczenia wakacyjnego. Maj\u0105c to na uwadze, stworzyli\u015bmy nasze hotele i po\u015bwi\u0119cili\u015bmy nasze us\u0142ugi, aby spe\u0142ni\u0107 Pa\u0144stwa oczekiwania, umo\u017cliwiaj\u0105c Pa\u0144stwu wyb\u00f3r<\/p>\n","protected":false},"author":2,"featured_media":36965,"parent":0,"menu_order":0,"comment_status":"closed","ping_status":"closed","template":"","meta":{"_acf_changed":false,"footnotes":""},"class_list":["post-37216","page","type-page","status-publish","has-post-thumbnail","hentry"],"acf":[],"yoast_head":"<!-- This site is optimized with the Yoast SEO plugin v27.3 - https:\/\/yoast.com\/product\/yoast-seo-wordpress\/ -->\n<title>Hotele Constantinou Bros - Pafos, Cypr. Luksusowe hotele przy pla\u017cy.<\/title>\n<meta name=\"description\" content=\"Luksusowe hotele Constantinou Bros w Pafos na Cyprze to kolekcja hoteli oferuj\u0105ca autentyczne wakacje nad morzem.\" \/>\n<meta name=\"robots\" content=\"index, follow, max-snippet:-1, max-image-preview:large, max-video-preview:-1\" \/>\n<link rel=\"canonical\" href=\"https:\/\/www.cbh-cyprus.com\/pl\/\" \/>\n<meta property=\"og:locale\" content=\"pl_PL\" \/>\n<meta property=\"og:type\" content=\"article\" \/>\n<meta property=\"og:title\" content=\"Hotele Constantinou Bros - Pafos, Cypr. Luksusowe hotele przy pla\u017cy.\" \/>\n<meta property=\"og:description\" content=\"Luksusowe hotele Constantinou Bros w Pafos na Cyprze to kolekcja hoteli oferuj\u0105ca autentyczne wakacje nad morzem.\" \/>\n<meta property=\"og:url\" content=\"https:\/\/www.cbh-cyprus.com\/pl\/\" \/>\n<meta property=\"og:site_name\" content=\"Constantinou Bros Hotels\" \/>\n<meta property=\"article:modified_time\" content=\"2025-05-05T12:11:34+00:00\" \/>\n<meta property=\"og:image\" content=\"https:\/\/www.cbh-cyprus.com\/app\/uploads\/sites\/30\/2019\/05\/4-athena-beach-hotel-pool-sea-view_resized.jpg\" \/>\n\t<meta property=\"og:image:width\" content=\"1920\" \/>\n\t<meta property=\"og:image:height\" content=\"1280\" \/>\n\t<meta property=\"og:image:type\" content=\"image\/jpeg\" \/>\n<meta name=\"twitter:card\" content=\"summary_large_image\" \/>\n<meta name=\"twitter:label1\" content=\"Est. reading time\" \/>\n\t<meta name=\"twitter:data1\" content=\"1 minute\" \/>\n<script type=\"application\/ld+json\" class=\"yoast-schema-graph\">{\"@context\":\"https:\\\/\\\/schema.org\",\"@graph\":[{\"@type\":\"WebPage\",\"@id\":\"https:\\\/\\\/www.cbh-cyprus.com\\\/pl\\\/\",\"url\":\"https:\\\/\\\/www.cbh-cyprus.com\\\/pl\\\/\",\"name\":\"Hotele Constantinou Bros - Pafos, Cypr. Luksusowe hotele przy pla\u017cy.\",\"isPartOf\":{\"@id\":\"https:\\\/\\\/www.cbh-cyprus.com\\\/pl\\\/#website\"},\"primaryImageOfPage\":{\"@id\":\"https:\\\/\\\/www.cbh-cyprus.com\\\/pl\\\/#primaryimage\"},\"image\":{\"@id\":\"https:\\\/\\\/www.cbh-cyprus.com\\\/pl\\\/#primaryimage\"},\"thumbnailUrl\":\"https:\\\/\\\/www.cbh-cyprus.com\\\/app\\\/uploads\\\/sites\\\/30\\\/2019\\\/05\\\/4-athena-beach-hotel-pool-sea-view_resized.jpg\",\"datePublished\":\"2024-07-23T09:17:21+00:00\",\"dateModified\":\"2025-05-05T12:11:34+00:00\",\"description\":\"Luksusowe hotele Constantinou Bros w Pafos na Cyprze to kolekcja hoteli oferuj\u0105ca autentyczne wakacje nad morzem.\",\"breadcrumb\":{\"@id\":\"https:\\\/\\\/www.cbh-cyprus.com\\\/pl\\\/#breadcrumb\"},\"inLanguage\":\"pl-PL\",\"potentialAction\":[{\"@type\":\"ReadAction\",\"target\":[\"https:\\\/\\\/www.cbh-cyprus.com\\\/pl\\\/\"]}]},{\"@type\":\"ImageObject\",\"inLanguage\":\"pl-PL\",\"@id\":\"https:\\\/\\\/www.cbh-cyprus.com\\\/pl\\\/#primaryimage\",\"url\":\"https:\\\/\\\/www.cbh-cyprus.com\\\/app\\\/uploads\\\/sites\\\/30\\\/2019\\\/05\\\/4-athena-beach-hotel-pool-sea-view_resized.jpg\",\"contentUrl\":\"https:\\\/\\\/www.cbh-cyprus.com\\\/app\\\/uploads\\\/sites\\\/30\\\/2019\\\/05\\\/4-athena-beach-hotel-pool-sea-view_resized.jpg\",\"width\":1920,\"height\":1280},{\"@type\":\"BreadcrumbList\",\"@id\":\"https:\\\/\\\/www.cbh-cyprus.com\\\/pl\\\/#breadcrumb\",\"itemListElement\":[{\"@type\":\"ListItem\",\"position\":1,\"name\":\"Home\",\"item\":\"https:\\\/\\\/www.cbh-cyprus.com\\\/pl\\\/welcome-to-constantinou-bros-hotels\\\/\"},{\"@type\":\"ListItem\",\"position\":2,\"name\":\"Witamy w Constantinou Bros Hotels\"}]},{\"@type\":\"WebSite\",\"@id\":\"https:\\\/\\\/www.cbh-cyprus.com\\\/pl\\\/#website\",\"url\":\"https:\\\/\\\/www.cbh-cyprus.com\\\/pl\\\/\",\"name\":\"Constantinou Bros Hotels\",\"description\":\"Constantinou Bros Hotels\",\"publisher\":{\"@id\":\"https:\\\/\\\/www.cbh-cyprus.com\\\/pl\\\/#organization\"},\"potentialAction\":[{\"@type\":\"SearchAction\",\"target\":{\"@type\":\"EntryPoint\",\"urlTemplate\":\"https:\\\/\\\/www.cbh-cyprus.com\\\/pl\\\/?s={search_term_string}\"},\"query-input\":{\"@type\":\"PropertyValueSpecification\",\"valueRequired\":true,\"valueName\":\"search_term_string\"}}],\"inLanguage\":\"pl-PL\"},{\"@type\":\"Organization\",\"@id\":\"https:\\\/\\\/www.cbh-cyprus.com\\\/pl\\\/#organization\",\"name\":\"Constantinou Bros Hotels\",\"url\":\"https:\\\/\\\/www.cbh-cyprus.com\\\/pl\\\/\",\"logo\":{\"@type\":\"ImageObject\",\"inLanguage\":\"pl-PL\",\"@id\":\"https:\\\/\\\/www.cbh-cyprus.com\\\/pl\\\/#\\\/schema\\\/logo\\\/image\\\/\",\"url\":\"https:\\\/\\\/www.cbh-cyprus.com\\\/app\\\/uploads\\\/sites\\\/30\\\/2020\\\/10\\\/cbh.jpg\",\"contentUrl\":\"https:\\\/\\\/www.cbh-cyprus.com\\\/app\\\/uploads\\\/sites\\\/30\\\/2020\\\/10\\\/cbh.jpg\",\"width\":1013,\"height\":419,\"caption\":\"Constantinou Bros Hotels\"},\"image\":{\"@id\":\"https:\\\/\\\/www.cbh-cyprus.com\\\/pl\\\/#\\\/schema\\\/logo\\\/image\\\/\"}}]}<\/script>\n<!-- \/ Yoast SEO plugin. -->","yoast_head_json":{"title":"Hotele Constantinou Bros - Pafos, Cypr. Luksusowe hotele przy pla\u017cy.","description":"Luksusowe hotele Constantinou Bros w Pafos na Cyprze to kolekcja hoteli oferuj\u0105ca autentyczne wakacje nad morzem.","robots":{"index":"index","follow":"follow","max-snippet":"max-snippet:-1","max-image-preview":"max-image-preview:large","max-video-preview":"max-video-preview:-1"},"canonical":"https:\/\/www.cbh-cyprus.com\/pl\/","og_locale":"pl_PL","og_type":"article","og_title":"Hotele Constantinou Bros - Pafos, Cypr. Luksusowe hotele przy pla\u017cy.","og_description":"Luksusowe hotele Constantinou Bros w Pafos na Cyprze to kolekcja hoteli oferuj\u0105ca autentyczne wakacje nad morzem.","og_url":"https:\/\/www.cbh-cyprus.com\/pl\/","og_site_name":"Constantinou Bros Hotels","article_modified_time":"2025-05-05T12:11:34+00:00","og_image":[{"width":1920,"height":1280,"url":"https:\/\/www.cbh-cyprus.com\/app\/uploads\/sites\/30\/2019\/05\/4-athena-beach-hotel-pool-sea-view_resized.jpg","type":"image\/jpeg"}],"twitter_card":"summary_large_image","twitter_misc":{"Est. reading time":"1 minute"},"schema":{"@context":"https:\/\/schema.org","@graph":[{"@type":"WebPage","@id":"https:\/\/www.cbh-cyprus.com\/pl\/","url":"https:\/\/www.cbh-cyprus.com\/pl\/","name":"Hotele Constantinou Bros - Pafos, Cypr. Luksusowe hotele przy pla\u017cy.","isPartOf":{"@id":"https:\/\/www.cbh-cyprus.com\/pl\/#website"},"primaryImageOfPage":{"@id":"https:\/\/www.cbh-cyprus.com\/pl\/#primaryimage"},"image":{"@id":"https:\/\/www.cbh-cyprus.com\/pl\/#primaryimage"},"thumbnailUrl":"https:\/\/www.cbh-cyprus.com\/app\/uploads\/sites\/30\/2019\/05\/4-athena-beach-hotel-pool-sea-view_resized.jpg","datePublished":"2024-07-23T09:17:21+00:00","dateModified":"2025-05-05T12:11:34+00:00","description":"Luksusowe hotele Constantinou Bros w Pafos na Cyprze to kolekcja hoteli oferuj\u0105ca autentyczne wakacje nad morzem.","breadcrumb":{"@id":"https:\/\/www.cbh-cyprus.com\/pl\/#breadcrumb"},"inLanguage":"pl-PL","potentialAction":[{"@type":"ReadAction","target":["https:\/\/www.cbh-cyprus.com\/pl\/"]}]},{"@type":"ImageObject","inLanguage":"pl-PL","@id":"https:\/\/www.cbh-cyprus.com\/pl\/#primaryimage","url":"https:\/\/www.cbh-cyprus.com\/app\/uploads\/sites\/30\/2019\/05\/4-athena-beach-hotel-pool-sea-view_resized.jpg","contentUrl":"https:\/\/www.cbh-cyprus.com\/app\/uploads\/sites\/30\/2019\/05\/4-athena-beach-hotel-pool-sea-view_resized.jpg","width":1920,"height":1280},{"@type":"BreadcrumbList","@id":"https:\/\/www.cbh-cyprus.com\/pl\/#breadcrumb","itemListElement":[{"@type":"ListItem","position":1,"name":"Home","item":"https:\/\/www.cbh-cyprus.com\/pl\/welcome-to-constantinou-bros-hotels\/"},{"@type":"ListItem","position":2,"name":"Witamy w Constantinou Bros Hotels"}]},{"@type":"WebSite","@id":"https:\/\/www.cbh-cyprus.com\/pl\/#website","url":"https:\/\/www.cbh-cyprus.com\/pl\/","name":"Constantinou Bros Hotels","description":"Constantinou Bros Hotels","publisher":{"@id":"https:\/\/www.cbh-cyprus.com\/pl\/#organization"},"potentialAction":[{"@type":"SearchAction","target":{"@type":"EntryPoint","urlTemplate":"https:\/\/www.cbh-cyprus.com\/pl\/?s={search_term_string}"},"query-input":{"@type":"PropertyValueSpecification","valueRequired":true,"valueName":"search_term_string"}}],"inLanguage":"pl-PL"},{"@type":"Organization","@id":"https:\/\/www.cbh-cyprus.com\/pl\/#organization","name":"Constantinou Bros Hotels","url":"https:\/\/www.cbh-cyprus.com\/pl\/","logo":{"@type":"ImageObject","inLanguage":"pl-PL","@id":"https:\/\/www.cbh-cyprus.com\/pl\/#\/schema\/logo\/image\/","url":"https:\/\/www.cbh-cyprus.com\/app\/uploads\/sites\/30\/2020\/10\/cbh.jpg","contentUrl":"https:\/\/www.cbh-cyprus.com\/app\/uploads\/sites\/30\/2020\/10\/cbh.jpg","width":1013,"height":419,"caption":"Constantinou Bros Hotels"},"image":{"@id":"https:\/\/www.cbh-cyprus.com\/pl\/#\/schema\/logo\/image\/"}}]}},"_links":{"self":[{"href":"https:\/\/www.cbh-cyprus.com\/pl\/wp-json\/wp\/v2\/pages\/37216","targetHints":{"allow":["GET"]}}],"collection":[{"href":"https:\/\/www.cbh-cyprus.com\/pl\/wp-json\/wp\/v2\/pages"}],"about":[{"href":"https:\/\/www.cbh-cyprus.com\/pl\/wp-json\/wp\/v2\/types\/page"}],"author":[{"embeddable":true,"href":"https:\/\/www.cbh-cyprus.com\/pl\/wp-json\/wp\/v2\/users\/2"}],"replies":[{"embeddable":true,"href":"https:\/\/www.cbh-cyprus.com\/pl\/wp-json\/wp\/v2\/comments?post=37216"}],"version-history":[{"count":7,"href":"https:\/\/www.cbh-cyprus.com\/pl\/wp-json\/wp\/v2\/pages\/37216\/revisions"}],"predecessor-version":[{"id":44130,"href":"https:\/\/www.cbh-cyprus.com\/pl\/wp-json\/wp\/v2\/pages\/37216\/revisions\/44130"}],"wp:featuredmedia":[{"embeddable":true,"href":"https:\/\/www.cbh-cyprus.com\/pl\/wp-json\/wp\/v2\/media\/36965"}],"wp:attachment":[{"href":"https:\/\/www.cbh-cyprus.com\/pl\/wp-json\/wp\/v2\/media?parent=37216"}],"curies":[{"name":"wp","href":"https:\/\/api.w.org\/{rel}","templated":true}]}}