{"id":37230,"date":"2024-07-23T12:17:31","date_gmt":"2024-07-23T09:17:31","guid":{"rendered":"https:\/\/www.cbh-cyprus.com\/elixir-spa\/"},"modified":"2025-05-05T15:11:28","modified_gmt":"2025-05-05T12:11:28","slug":"elixir-spa","status":"publish","type":"page","link":"https:\/\/www.cbh-cyprus.com\/pl\/elixir-spa\/","title":{"rendered":"Elixir Spa"},"content":{"rendered":"<p>Mog\u0105 Pa\u0144stwo prze\u017cy\u0107 chwile wypoczynku i relaksu nad morzem lub wej\u015b\u0107 w spokojne otoczenie nowego, w pe\u0142ni wyposa\u017conego Elixir Spa. Poczucie r\u00f3wnowagi i spokoju, relaks i inspiracja &#8211; to wszystko znajd\u0105 Pa\u0144stwo w Elixir Spa. W wykwintnym otoczeniu naszych hoteli, nasi go\u015bcie maj\u0105 mo\u017cliwo\u015b\u0107 wyboru z szerokiej gamy ulubionych zabieg\u00f3w spa. Poczucie czystej b\u0142ogo\u015bci i spokoju w sanktuarium, w kt\u00f3rym mo\u017cna si\u0119 zrelaksowa\u0107, odpr\u0119\u017cy\u0107, na\u0142adowa\u0107 i odm\u0142odzi\u0107.   <\/p>\n<p>Poni\u017cej znajd\u0105 Pa\u0144stwo ofert\u0119 zabieg\u00f3w i pakiet\u00f3w Elixir Spa w naszych hotelach.<\/p>\n","protected":false},"excerpt":{"rendered":"<p>Mog\u0105 Pa\u0144stwo prze\u017cy\u0107 chwile wypoczynku i relaksu nad morzem lub wej\u015b\u0107 w spokojne otoczenie nowego, w pe\u0142ni wyposa\u017conego Elixir Spa. Poczucie r\u00f3wnowagi i spokoju, relaks i inspiracja &#8211; to wszystko znajd\u0105 Pa\u0144stwo w Elixir Spa. W wykwintnym otoczeniu naszych hoteli, nasi go\u015bcie maj\u0105 mo\u017cliwo\u015b\u0107 wyboru z szerokiej gamy ulubionych zabieg\u00f3w spa. Poczucie czystej b\u0142ogo\u015bci i<\/p>\n","protected":false},"author":2,"featured_media":40199,"parent":0,"menu_order":0,"comment_status":"closed","ping_status":"closed","template":"page-templates\/simple-list.php","meta":{"_acf_changed":false,"footnotes":""},"class_list":["post-37230","page","type-page","status-publish","has-post-thumbnail","hentry"],"acf":[],"yoast_head":"<!-- This site is optimized with the Yoast SEO plugin v27.3 - https:\/\/yoast.com\/product\/yoast-seo-wordpress\/ -->\n<title>Hotele spa przy pla\u017cy w Pafos, Cypr || Hotele Constantinou<\/title>\n<meta name=\"description\" content=\"W Constantinou Bros stworzyli\u015bmy Elixir Spa, mieszcz\u0105ce si\u0119 w naszych nadmorskich hotelach spa w Pafos na Cyprze, aby podnie\u015b\u0107 Pa\u0144stwa poziom odnowy biologicznej podczas wakacji.\" \/>\n<meta name=\"robots\" content=\"index, follow, max-snippet:-1, max-image-preview:large, max-video-preview:-1\" \/>\n<link rel=\"canonical\" href=\"https:\/\/www.cbh-cyprus.com\/pl\/elixir-spa\/\" \/>\n<meta property=\"og:locale\" content=\"pl_PL\" \/>\n<meta property=\"og:type\" content=\"article\" \/>\n<meta property=\"og:title\" content=\"Hotele spa przy pla\u017cy w Pafos, Cypr || Hotele Constantinou\" \/>\n<meta property=\"og:description\" content=\"W Constantinou Bros stworzyli\u015bmy Elixir Spa, mieszcz\u0105ce si\u0119 w naszych nadmorskich hotelach spa w Pafos na Cyprze, aby podnie\u015b\u0107 Pa\u0144stwa poziom odnowy biologicznej podczas wakacji.\" \/>\n<meta property=\"og:url\" content=\"https:\/\/www.cbh-cyprus.com\/pl\/elixir-spa\/\" \/>\n<meta property=\"og:site_name\" content=\"Constantinou Bros Hotels\" \/>\n<meta property=\"article:modified_time\" content=\"2025-05-05T12:11:28+00:00\" \/>\n<meta property=\"og:image\" content=\"https:\/\/www.cbh-cyprus.com\/app\/uploads\/sites\/30\/2019\/10\/31-asimina-suites-hotel-spa_resized.jpg\" \/>\n\t<meta property=\"og:image:width\" content=\"1920\" \/>\n\t<meta property=\"og:image:height\" content=\"1277\" \/>\n\t<meta property=\"og:image:type\" content=\"image\/jpeg\" \/>\n<meta name=\"twitter:card\" content=\"summary_large_image\" \/>\n<script type=\"application\/ld+json\" class=\"yoast-schema-graph\">{\"@context\":\"https:\\\/\\\/schema.org\",\"@graph\":[{\"@type\":\"WebPage\",\"@id\":\"https:\\\/\\\/www.cbh-cyprus.com\\\/pl\\\/elixir-spa\\\/\",\"url\":\"https:\\\/\\\/www.cbh-cyprus.com\\\/pl\\\/elixir-spa\\\/\",\"name\":\"Hotele spa przy pla\u017cy w Pafos, Cypr || Hotele Constantinou\",\"isPartOf\":{\"@id\":\"https:\\\/\\\/www.cbh-cyprus.com\\\/pl\\\/#website\"},\"primaryImageOfPage\":{\"@id\":\"https:\\\/\\\/www.cbh-cyprus.com\\\/pl\\\/elixir-spa\\\/#primaryimage\"},\"image\":{\"@id\":\"https:\\\/\\\/www.cbh-cyprus.com\\\/pl\\\/elixir-spa\\\/#primaryimage\"},\"thumbnailUrl\":\"https:\\\/\\\/www.cbh-cyprus.com\\\/app\\\/uploads\\\/sites\\\/30\\\/2019\\\/10\\\/31-asimina-suites-hotel-spa_resized.jpg\",\"datePublished\":\"2024-07-23T09:17:31+00:00\",\"dateModified\":\"2025-05-05T12:11:28+00:00\",\"description\":\"W Constantinou Bros stworzyli\u015bmy Elixir Spa, mieszcz\u0105ce si\u0119 w naszych nadmorskich hotelach spa w Pafos na Cyprze, aby podnie\u015b\u0107 Pa\u0144stwa poziom odnowy biologicznej podczas wakacji.\",\"breadcrumb\":{\"@id\":\"https:\\\/\\\/www.cbh-cyprus.com\\\/pl\\\/elixir-spa\\\/#breadcrumb\"},\"inLanguage\":\"pl-PL\",\"potentialAction\":[{\"@type\":\"ReadAction\",\"target\":[\"https:\\\/\\\/www.cbh-cyprus.com\\\/pl\\\/elixir-spa\\\/\"]}]},{\"@type\":\"ImageObject\",\"inLanguage\":\"pl-PL\",\"@id\":\"https:\\\/\\\/www.cbh-cyprus.com\\\/pl\\\/elixir-spa\\\/#primaryimage\",\"url\":\"https:\\\/\\\/www.cbh-cyprus.com\\\/app\\\/uploads\\\/sites\\\/30\\\/2019\\\/10\\\/31-asimina-suites-hotel-spa_resized.jpg\",\"contentUrl\":\"https:\\\/\\\/www.cbh-cyprus.com\\\/app\\\/uploads\\\/sites\\\/30\\\/2019\\\/10\\\/31-asimina-suites-hotel-spa_resized.jpg\",\"width\":1920,\"height\":1277,\"caption\":\"Live moments of Leisure and Relaxation\"},{\"@type\":\"BreadcrumbList\",\"@id\":\"https:\\\/\\\/www.cbh-cyprus.com\\\/pl\\\/elixir-spa\\\/#breadcrumb\",\"itemListElement\":[{\"@type\":\"ListItem\",\"position\":1,\"name\":\"Home\",\"item\":\"https:\\\/\\\/www.cbh-cyprus.com\\\/pl\\\/welcome-to-constantinou-bros-hotels\\\/\"},{\"@type\":\"ListItem\",\"position\":2,\"name\":\"Elixir Spa\"}]},{\"@type\":\"WebSite\",\"@id\":\"https:\\\/\\\/www.cbh-cyprus.com\\\/pl\\\/#website\",\"url\":\"https:\\\/\\\/www.cbh-cyprus.com\\\/pl\\\/\",\"name\":\"Constantinou Bros Hotels\",\"description\":\"Constantinou Bros Hotels\",\"publisher\":{\"@id\":\"https:\\\/\\\/www.cbh-cyprus.com\\\/pl\\\/#organization\"},\"potentialAction\":[{\"@type\":\"SearchAction\",\"target\":{\"@type\":\"EntryPoint\",\"urlTemplate\":\"https:\\\/\\\/www.cbh-cyprus.com\\\/pl\\\/?s={search_term_string}\"},\"query-input\":{\"@type\":\"PropertyValueSpecification\",\"valueRequired\":true,\"valueName\":\"search_term_string\"}}],\"inLanguage\":\"pl-PL\"},{\"@type\":\"Organization\",\"@id\":\"https:\\\/\\\/www.cbh-cyprus.com\\\/pl\\\/#organization\",\"name\":\"Constantinou Bros Hotels\",\"url\":\"https:\\\/\\\/www.cbh-cyprus.com\\\/pl\\\/\",\"logo\":{\"@type\":\"ImageObject\",\"inLanguage\":\"pl-PL\",\"@id\":\"https:\\\/\\\/www.cbh-cyprus.com\\\/pl\\\/#\\\/schema\\\/logo\\\/image\\\/\",\"url\":\"https:\\\/\\\/www.cbh-cyprus.com\\\/app\\\/uploads\\\/sites\\\/30\\\/2020\\\/10\\\/cbh.jpg\",\"contentUrl\":\"https:\\\/\\\/www.cbh-cyprus.com\\\/app\\\/uploads\\\/sites\\\/30\\\/2020\\\/10\\\/cbh.jpg\",\"width\":1013,\"height\":419,\"caption\":\"Constantinou Bros Hotels\"},\"image\":{\"@id\":\"https:\\\/\\\/www.cbh-cyprus.com\\\/pl\\\/#\\\/schema\\\/logo\\\/image\\\/\"}}]}<\/script>\n<!-- \/ Yoast SEO plugin. -->","yoast_head_json":{"title":"Hotele spa przy pla\u017cy w Pafos, Cypr || Hotele Constantinou","description":"W Constantinou Bros stworzyli\u015bmy Elixir Spa, mieszcz\u0105ce si\u0119 w naszych nadmorskich hotelach spa w Pafos na Cyprze, aby podnie\u015b\u0107 Pa\u0144stwa poziom odnowy biologicznej podczas wakacji.","robots":{"index":"index","follow":"follow","max-snippet":"max-snippet:-1","max-image-preview":"max-image-preview:large","max-video-preview":"max-video-preview:-1"},"canonical":"https:\/\/www.cbh-cyprus.com\/pl\/elixir-spa\/","og_locale":"pl_PL","og_type":"article","og_title":"Hotele spa przy pla\u017cy w Pafos, Cypr || Hotele Constantinou","og_description":"W Constantinou Bros stworzyli\u015bmy Elixir Spa, mieszcz\u0105ce si\u0119 w naszych nadmorskich hotelach spa w Pafos na Cyprze, aby podnie\u015b\u0107 Pa\u0144stwa poziom odnowy biologicznej podczas wakacji.","og_url":"https:\/\/www.cbh-cyprus.com\/pl\/elixir-spa\/","og_site_name":"Constantinou Bros Hotels","article_modified_time":"2025-05-05T12:11:28+00:00","og_image":[{"width":1920,"height":1277,"url":"https:\/\/www.cbh-cyprus.com\/app\/uploads\/sites\/30\/2019\/10\/31-asimina-suites-hotel-spa_resized.jpg","type":"image\/jpeg"}],"twitter_card":"summary_large_image","schema":{"@context":"https:\/\/schema.org","@graph":[{"@type":"WebPage","@id":"https:\/\/www.cbh-cyprus.com\/pl\/elixir-spa\/","url":"https:\/\/www.cbh-cyprus.com\/pl\/elixir-spa\/","name":"Hotele spa przy pla\u017cy w Pafos, Cypr || Hotele Constantinou","isPartOf":{"@id":"https:\/\/www.cbh-cyprus.com\/pl\/#website"},"primaryImageOfPage":{"@id":"https:\/\/www.cbh-cyprus.com\/pl\/elixir-spa\/#primaryimage"},"image":{"@id":"https:\/\/www.cbh-cyprus.com\/pl\/elixir-spa\/#primaryimage"},"thumbnailUrl":"https:\/\/www.cbh-cyprus.com\/app\/uploads\/sites\/30\/2019\/10\/31-asimina-suites-hotel-spa_resized.jpg","datePublished":"2024-07-23T09:17:31+00:00","dateModified":"2025-05-05T12:11:28+00:00","description":"W Constantinou Bros stworzyli\u015bmy Elixir Spa, mieszcz\u0105ce si\u0119 w naszych nadmorskich hotelach spa w Pafos na Cyprze, aby podnie\u015b\u0107 Pa\u0144stwa poziom odnowy biologicznej podczas wakacji.","breadcrumb":{"@id":"https:\/\/www.cbh-cyprus.com\/pl\/elixir-spa\/#breadcrumb"},"inLanguage":"pl-PL","potentialAction":[{"@type":"ReadAction","target":["https:\/\/www.cbh-cyprus.com\/pl\/elixir-spa\/"]}]},{"@type":"ImageObject","inLanguage":"pl-PL","@id":"https:\/\/www.cbh-cyprus.com\/pl\/elixir-spa\/#primaryimage","url":"https:\/\/www.cbh-cyprus.com\/app\/uploads\/sites\/30\/2019\/10\/31-asimina-suites-hotel-spa_resized.jpg","contentUrl":"https:\/\/www.cbh-cyprus.com\/app\/uploads\/sites\/30\/2019\/10\/31-asimina-suites-hotel-spa_resized.jpg","width":1920,"height":1277,"caption":"Live moments of Leisure and Relaxation"},{"@type":"BreadcrumbList","@id":"https:\/\/www.cbh-cyprus.com\/pl\/elixir-spa\/#breadcrumb","itemListElement":[{"@type":"ListItem","position":1,"name":"Home","item":"https:\/\/www.cbh-cyprus.com\/pl\/welcome-to-constantinou-bros-hotels\/"},{"@type":"ListItem","position":2,"name":"Elixir Spa"}]},{"@type":"WebSite","@id":"https:\/\/www.cbh-cyprus.com\/pl\/#website","url":"https:\/\/www.cbh-cyprus.com\/pl\/","name":"Constantinou Bros Hotels","description":"Constantinou Bros Hotels","publisher":{"@id":"https:\/\/www.cbh-cyprus.com\/pl\/#organization"},"potentialAction":[{"@type":"SearchAction","target":{"@type":"EntryPoint","urlTemplate":"https:\/\/www.cbh-cyprus.com\/pl\/?s={search_term_string}"},"query-input":{"@type":"PropertyValueSpecification","valueRequired":true,"valueName":"search_term_string"}}],"inLanguage":"pl-PL"},{"@type":"Organization","@id":"https:\/\/www.cbh-cyprus.com\/pl\/#organization","name":"Constantinou Bros Hotels","url":"https:\/\/www.cbh-cyprus.com\/pl\/","logo":{"@type":"ImageObject","inLanguage":"pl-PL","@id":"https:\/\/www.cbh-cyprus.com\/pl\/#\/schema\/logo\/image\/","url":"https:\/\/www.cbh-cyprus.com\/app\/uploads\/sites\/30\/2020\/10\/cbh.jpg","contentUrl":"https:\/\/www.cbh-cyprus.com\/app\/uploads\/sites\/30\/2020\/10\/cbh.jpg","width":1013,"height":419,"caption":"Constantinou Bros Hotels"},"image":{"@id":"https:\/\/www.cbh-cyprus.com\/pl\/#\/schema\/logo\/image\/"}}]}},"_links":{"self":[{"href":"https:\/\/www.cbh-cyprus.com\/pl\/wp-json\/wp\/v2\/pages\/37230","targetHints":{"allow":["GET"]}}],"collection":[{"href":"https:\/\/www.cbh-cyprus.com\/pl\/wp-json\/wp\/v2\/pages"}],"about":[{"href":"https:\/\/www.cbh-cyprus.com\/pl\/wp-json\/wp\/v2\/types\/page"}],"author":[{"embeddable":true,"href":"https:\/\/www.cbh-cyprus.com\/pl\/wp-json\/wp\/v2\/users\/2"}],"replies":[{"embeddable":true,"href":"https:\/\/www.cbh-cyprus.com\/pl\/wp-json\/wp\/v2\/comments?post=37230"}],"version-history":[{"count":2,"href":"https:\/\/www.cbh-cyprus.com\/pl\/wp-json\/wp\/v2\/pages\/37230\/revisions"}],"predecessor-version":[{"id":44123,"href":"https:\/\/www.cbh-cyprus.com\/pl\/wp-json\/wp\/v2\/pages\/37230\/revisions\/44123"}],"wp:featuredmedia":[{"embeddable":true,"href":"https:\/\/www.cbh-cyprus.com\/pl\/wp-json\/wp\/v2\/media\/40199"}],"wp:attachment":[{"href":"https:\/\/www.cbh-cyprus.com\/pl\/wp-json\/wp\/v2\/media?parent=37230"}],"curies":[{"name":"wp","href":"https:\/\/api.w.org\/{rel}","templated":true}]}}