{"id":37231,"date":"2024-07-23T12:17:31","date_gmt":"2024-07-23T09:17:31","guid":{"rendered":"https:\/\/www.cbh-cyprus.com\/dzialania\/bowling-wakacje\/"},"modified":"2025-05-05T15:11:45","modified_gmt":"2025-05-05T12:11:45","slug":"bowling-wakacje","status":"publish","type":"page","link":"https:\/\/www.cbh-cyprus.com\/pl\/dzialania\/bowling-wakacje\/","title":{"rendered":"Wakacje na kr\u0119gielni"},"content":{"rendered":"<p>Je\u015bli lubi\u0105 Pa\u0144stwo gra\u0107 w kr\u0119gle, Cypr i hotele Constantinou Bros w Pafos to idealne miejsce na kolejny urlop.<\/p>\n<p>Cypr, a w szczeg\u00f3lno\u015bci Pafos, \u0142\u0105czy w sobie klimat wyj\u0105tkowo \u0142agodnych, ciep\u0142ych zim i jasnych, gor\u0105cych lat, \u017cyczliwych ludzi, r\u00f3\u017cnorodno\u015b\u0107 kuchni, wspania\u0142e zabytki historyczne i miejsca o znaczeniu archeologicznym oraz Bowling Greens o najwy\u017cszych mi\u0119dzynarodowych standardach.<\/p>\n<p>Wszystkie hotele Constantinou Bros s\u0105 dogodnie zlokalizowane bezpo\u015brednio przy pla\u017cy i oferuj\u0105 ol\u015bniewaj\u0105cy wachlarz udogodnie\u0144 i udogodnie\u0144; niedawno rozbudowali\u015bmy nasze obiekty Bowls, czyni\u0105c je najwi\u0119kszymi i najbardziej imponuj\u0105cymi w Europie poza Wielk\u0105 Brytani\u0105. Do Pa\u0144stwa dyspozycji jest 18 pe\u0142nowymiarowych lodowisk Green Bowls i dodatkowe 12 krytych lodowisk z kr\u00f3tk\u0105 mat\u0105 mi\u0119dzy Athena Beach Hotel i Athena Royal Beach Hotel, a tak\u017ce 4-torowe zielone lodowisko na \u017cyczenie w pobliskim hotelu Pioneer Beach. <\/p>\n<p>Prosz\u0119 cieszy\u0107 si\u0119 wspania\u0142ymi wakacjami i ulubion\u0105 gr\u0105 w tym samym czasie, pozostawiaj\u0105c nam wszystkie przygotowania, a Pa\u0144stwu ca\u0142\u0105 przyjemno\u015b\u0107!<\/p>\n<p>Athena Beach Hotel i Athena Royal Beach Hotel s\u0105 ulubionymi miejscami zar\u00f3wno dla indywidualnych graczy, jak i grup. Hotele oferuj\u0105 dodatkowy bonus w postaci brytyjskich koordynator\u00f3w ds. bowlingu, kt\u00f3rzy organizuj\u0105 mecze i zawody dla klub\u00f3w turystycznych oraz oferuj\u0105 indywidualnym graczom mo\u017cliwo\u015b\u0107 do\u0142\u0105czenia do program\u00f3w bowlingowych, kt\u00f3re obejmuj\u0105 drive&#8217;y, knockouty, fun bowls i sesje nauki gry w bowling. <\/p>\n<p>&nbsp;<\/p>\n","protected":false},"excerpt":{"rendered":"<p>Je\u015bli lubi\u0105 Pa\u0144stwo gra\u0107 w kr\u0119gle, Cypr i hotele Constantinou Bros w Pafos to idealne miejsce na kolejny urlop. Cypr, a w szczeg\u00f3lno\u015bci Pafos, \u0142\u0105czy w sobie klimat wyj\u0105tkowo \u0142agodnych, ciep\u0142ych zim i jasnych, gor\u0105cych lat, \u017cyczliwych ludzi, r\u00f3\u017cnorodno\u015b\u0107 kuchni, wspania\u0142e zabytki historyczne i miejsca o znaczeniu archeologicznym oraz Bowling Greens o najwy\u017cszych mi\u0119dzynarodowych standardach.<\/p>\n","protected":false},"author":100,"featured_media":36990,"parent":37218,"menu_order":0,"comment_status":"closed","ping_status":"closed","template":"page-templates\/simple-list.php","meta":{"_acf_changed":false,"footnotes":""},"class_list":["post-37231","page","type-page","status-publish","has-post-thumbnail","hentry"],"acf":[],"yoast_head":"<!-- This site is optimized with the Yoast SEO plugin v27.4 - https:\/\/yoast.com\/product\/yoast-seo-wordpress\/ -->\n<title>Kr\u0119gle na Cyprze, pla\u017ca Pafos || Hotele Constantinou Bros<\/title>\n<meta name=\"description\" content=\"Hotele Constantinou Bros na pla\u017cy w Pafos s\u0105 idealnym miejscem na zorganizowanie Pa\u0144stwa wakacji z kr\u0119glami na Cyprze, z najbardziej rozbudowanym zapleczem do gry w kr\u0119gle!\" \/>\n<meta name=\"robots\" content=\"index, follow, max-snippet:-1, max-image-preview:large, max-video-preview:-1\" \/>\n<link rel=\"canonical\" href=\"https:\/\/www.cbh-cyprus.com\/pl\/dzialania\/bowling-wakacje\/\" \/>\n<meta property=\"og:locale\" content=\"pl_PL\" \/>\n<meta property=\"og:type\" content=\"article\" \/>\n<meta property=\"og:title\" content=\"Kr\u0119gle na Cyprze, pla\u017ca Pafos || Hotele Constantinou Bros\" \/>\n<meta property=\"og:description\" content=\"Hotele Constantinou Bros na pla\u017cy w Pafos s\u0105 idealnym miejscem na zorganizowanie Pa\u0144stwa wakacji z kr\u0119glami na Cyprze, z najbardziej rozbudowanym zapleczem do gry w kr\u0119gle!\" \/>\n<meta property=\"og:url\" content=\"https:\/\/www.cbh-cyprus.com\/pl\/dzialania\/bowling-wakacje\/\" \/>\n<meta property=\"og:site_name\" content=\"Constantinou Bros Hotels\" \/>\n<meta property=\"article:modified_time\" content=\"2025-05-05T12:11:45+00:00\" \/>\n<meta property=\"og:image\" content=\"https:\/\/www.cbh-cyprus.com\/app\/uploads\/sites\/30\/2019\/05\/athena-beach-hotel-bowling-greens_resized.jpg\" \/>\n\t<meta property=\"og:image:width\" content=\"1920\" \/>\n\t<meta property=\"og:image:height\" content=\"1275\" \/>\n\t<meta property=\"og:image:type\" content=\"image\/jpeg\" \/>\n<meta name=\"twitter:card\" content=\"summary_large_image\" \/>\n<meta name=\"twitter:label1\" content=\"Est. reading time\" \/>\n\t<meta name=\"twitter:data1\" content=\"2 minutes\" \/>\n<script type=\"application\/ld+json\" class=\"yoast-schema-graph\">{\"@context\":\"https:\\\/\\\/schema.org\",\"@graph\":[{\"@type\":\"WebPage\",\"@id\":\"https:\\\/\\\/www.cbh-cyprus.com\\\/pl\\\/dzialania\\\/bowling-wakacje\\\/\",\"url\":\"https:\\\/\\\/www.cbh-cyprus.com\\\/pl\\\/dzialania\\\/bowling-wakacje\\\/\",\"name\":\"Kr\u0119gle na Cyprze, pla\u017ca Pafos || Hotele Constantinou Bros\",\"isPartOf\":{\"@id\":\"https:\\\/\\\/www.cbh-cyprus.com\\\/pl\\\/#website\"},\"primaryImageOfPage\":{\"@id\":\"https:\\\/\\\/www.cbh-cyprus.com\\\/pl\\\/dzialania\\\/bowling-wakacje\\\/#primaryimage\"},\"image\":{\"@id\":\"https:\\\/\\\/www.cbh-cyprus.com\\\/pl\\\/dzialania\\\/bowling-wakacje\\\/#primaryimage\"},\"thumbnailUrl\":\"https:\\\/\\\/www.cbh-cyprus.com\\\/app\\\/uploads\\\/sites\\\/30\\\/2019\\\/05\\\/athena-beach-hotel-bowling-greens_resized.jpg\",\"datePublished\":\"2024-07-23T09:17:31+00:00\",\"dateModified\":\"2025-05-05T12:11:45+00:00\",\"description\":\"Hotele Constantinou Bros na pla\u017cy w Pafos s\u0105 idealnym miejscem na zorganizowanie Pa\u0144stwa wakacji z kr\u0119glami na Cyprze, z najbardziej rozbudowanym zapleczem do gry w kr\u0119gle!\",\"breadcrumb\":{\"@id\":\"https:\\\/\\\/www.cbh-cyprus.com\\\/pl\\\/dzialania\\\/bowling-wakacje\\\/#breadcrumb\"},\"inLanguage\":\"pl-PL\",\"potentialAction\":[{\"@type\":\"ReadAction\",\"target\":[\"https:\\\/\\\/www.cbh-cyprus.com\\\/pl\\\/dzialania\\\/bowling-wakacje\\\/\"]}]},{\"@type\":\"ImageObject\",\"inLanguage\":\"pl-PL\",\"@id\":\"https:\\\/\\\/www.cbh-cyprus.com\\\/pl\\\/dzialania\\\/bowling-wakacje\\\/#primaryimage\",\"url\":\"https:\\\/\\\/www.cbh-cyprus.com\\\/app\\\/uploads\\\/sites\\\/30\\\/2019\\\/05\\\/athena-beach-hotel-bowling-greens_resized.jpg\",\"contentUrl\":\"https:\\\/\\\/www.cbh-cyprus.com\\\/app\\\/uploads\\\/sites\\\/30\\\/2019\\\/05\\\/athena-beach-hotel-bowling-greens_resized.jpg\",\"width\":1920,\"height\":1275},{\"@type\":\"BreadcrumbList\",\"@id\":\"https:\\\/\\\/www.cbh-cyprus.com\\\/pl\\\/dzialania\\\/bowling-wakacje\\\/#breadcrumb\",\"itemListElement\":[{\"@type\":\"ListItem\",\"position\":1,\"name\":\"Home\",\"item\":\"https:\\\/\\\/www.cbh-cyprus.com\\\/pl\\\/welcome-to-constantinou-bros-hotels\\\/\"},{\"@type\":\"ListItem\",\"position\":2,\"name\":\"Dzia\u0142ania\",\"item\":\"https:\\\/\\\/www.cbh-cyprus.com\\\/pl\\\/dzialania\\\/\"},{\"@type\":\"ListItem\",\"position\":3,\"name\":\"Wakacje na kr\u0119gielni\"}]},{\"@type\":\"WebSite\",\"@id\":\"https:\\\/\\\/www.cbh-cyprus.com\\\/pl\\\/#website\",\"url\":\"https:\\\/\\\/www.cbh-cyprus.com\\\/pl\\\/\",\"name\":\"Constantinou Bros Hotels\",\"description\":\"Constantinou Bros Hotels\",\"publisher\":{\"@id\":\"https:\\\/\\\/www.cbh-cyprus.com\\\/pl\\\/#organization\"},\"potentialAction\":[{\"@type\":\"SearchAction\",\"target\":{\"@type\":\"EntryPoint\",\"urlTemplate\":\"https:\\\/\\\/www.cbh-cyprus.com\\\/pl\\\/?s={search_term_string}\"},\"query-input\":{\"@type\":\"PropertyValueSpecification\",\"valueRequired\":true,\"valueName\":\"search_term_string\"}}],\"inLanguage\":\"pl-PL\"},{\"@type\":\"Organization\",\"@id\":\"https:\\\/\\\/www.cbh-cyprus.com\\\/pl\\\/#organization\",\"name\":\"Constantinou Bros Hotels\",\"url\":\"https:\\\/\\\/www.cbh-cyprus.com\\\/pl\\\/\",\"logo\":{\"@type\":\"ImageObject\",\"inLanguage\":\"pl-PL\",\"@id\":\"https:\\\/\\\/www.cbh-cyprus.com\\\/pl\\\/#\\\/schema\\\/logo\\\/image\\\/\",\"url\":\"https:\\\/\\\/www.cbh-cyprus.com\\\/app\\\/uploads\\\/sites\\\/30\\\/2020\\\/10\\\/cbh.jpg\",\"contentUrl\":\"https:\\\/\\\/www.cbh-cyprus.com\\\/app\\\/uploads\\\/sites\\\/30\\\/2020\\\/10\\\/cbh.jpg\",\"width\":1013,\"height\":419,\"caption\":\"Constantinou Bros Hotels\"},\"image\":{\"@id\":\"https:\\\/\\\/www.cbh-cyprus.com\\\/pl\\\/#\\\/schema\\\/logo\\\/image\\\/\"}}]}<\/script>\n<!-- \/ Yoast SEO plugin. -->","yoast_head_json":{"title":"Kr\u0119gle na Cyprze, pla\u017ca Pafos || Hotele Constantinou Bros","description":"Hotele Constantinou Bros na pla\u017cy w Pafos s\u0105 idealnym miejscem na zorganizowanie Pa\u0144stwa wakacji z kr\u0119glami na Cyprze, z najbardziej rozbudowanym zapleczem do gry w kr\u0119gle!","robots":{"index":"index","follow":"follow","max-snippet":"max-snippet:-1","max-image-preview":"max-image-preview:large","max-video-preview":"max-video-preview:-1"},"canonical":"https:\/\/www.cbh-cyprus.com\/pl\/dzialania\/bowling-wakacje\/","og_locale":"pl_PL","og_type":"article","og_title":"Kr\u0119gle na Cyprze, pla\u017ca Pafos || Hotele Constantinou Bros","og_description":"Hotele Constantinou Bros na pla\u017cy w Pafos s\u0105 idealnym miejscem na zorganizowanie Pa\u0144stwa wakacji z kr\u0119glami na Cyprze, z najbardziej rozbudowanym zapleczem do gry w kr\u0119gle!","og_url":"https:\/\/www.cbh-cyprus.com\/pl\/dzialania\/bowling-wakacje\/","og_site_name":"Constantinou Bros Hotels","article_modified_time":"2025-05-05T12:11:45+00:00","og_image":[{"width":1920,"height":1275,"url":"https:\/\/www.cbh-cyprus.com\/app\/uploads\/sites\/30\/2019\/05\/athena-beach-hotel-bowling-greens_resized.jpg","type":"image\/jpeg"}],"twitter_card":"summary_large_image","twitter_misc":{"Est. reading time":"2 minutes"},"schema":{"@context":"https:\/\/schema.org","@graph":[{"@type":"WebPage","@id":"https:\/\/www.cbh-cyprus.com\/pl\/dzialania\/bowling-wakacje\/","url":"https:\/\/www.cbh-cyprus.com\/pl\/dzialania\/bowling-wakacje\/","name":"Kr\u0119gle na Cyprze, pla\u017ca Pafos || Hotele Constantinou Bros","isPartOf":{"@id":"https:\/\/www.cbh-cyprus.com\/pl\/#website"},"primaryImageOfPage":{"@id":"https:\/\/www.cbh-cyprus.com\/pl\/dzialania\/bowling-wakacje\/#primaryimage"},"image":{"@id":"https:\/\/www.cbh-cyprus.com\/pl\/dzialania\/bowling-wakacje\/#primaryimage"},"thumbnailUrl":"https:\/\/www.cbh-cyprus.com\/app\/uploads\/sites\/30\/2019\/05\/athena-beach-hotel-bowling-greens_resized.jpg","datePublished":"2024-07-23T09:17:31+00:00","dateModified":"2025-05-05T12:11:45+00:00","description":"Hotele Constantinou Bros na pla\u017cy w Pafos s\u0105 idealnym miejscem na zorganizowanie Pa\u0144stwa wakacji z kr\u0119glami na Cyprze, z najbardziej rozbudowanym zapleczem do gry w kr\u0119gle!","breadcrumb":{"@id":"https:\/\/www.cbh-cyprus.com\/pl\/dzialania\/bowling-wakacje\/#breadcrumb"},"inLanguage":"pl-PL","potentialAction":[{"@type":"ReadAction","target":["https:\/\/www.cbh-cyprus.com\/pl\/dzialania\/bowling-wakacje\/"]}]},{"@type":"ImageObject","inLanguage":"pl-PL","@id":"https:\/\/www.cbh-cyprus.com\/pl\/dzialania\/bowling-wakacje\/#primaryimage","url":"https:\/\/www.cbh-cyprus.com\/app\/uploads\/sites\/30\/2019\/05\/athena-beach-hotel-bowling-greens_resized.jpg","contentUrl":"https:\/\/www.cbh-cyprus.com\/app\/uploads\/sites\/30\/2019\/05\/athena-beach-hotel-bowling-greens_resized.jpg","width":1920,"height":1275},{"@type":"BreadcrumbList","@id":"https:\/\/www.cbh-cyprus.com\/pl\/dzialania\/bowling-wakacje\/#breadcrumb","itemListElement":[{"@type":"ListItem","position":1,"name":"Home","item":"https:\/\/www.cbh-cyprus.com\/pl\/welcome-to-constantinou-bros-hotels\/"},{"@type":"ListItem","position":2,"name":"Dzia\u0142ania","item":"https:\/\/www.cbh-cyprus.com\/pl\/dzialania\/"},{"@type":"ListItem","position":3,"name":"Wakacje na kr\u0119gielni"}]},{"@type":"WebSite","@id":"https:\/\/www.cbh-cyprus.com\/pl\/#website","url":"https:\/\/www.cbh-cyprus.com\/pl\/","name":"Constantinou Bros Hotels","description":"Constantinou Bros Hotels","publisher":{"@id":"https:\/\/www.cbh-cyprus.com\/pl\/#organization"},"potentialAction":[{"@type":"SearchAction","target":{"@type":"EntryPoint","urlTemplate":"https:\/\/www.cbh-cyprus.com\/pl\/?s={search_term_string}"},"query-input":{"@type":"PropertyValueSpecification","valueRequired":true,"valueName":"search_term_string"}}],"inLanguage":"pl-PL"},{"@type":"Organization","@id":"https:\/\/www.cbh-cyprus.com\/pl\/#organization","name":"Constantinou Bros Hotels","url":"https:\/\/www.cbh-cyprus.com\/pl\/","logo":{"@type":"ImageObject","inLanguage":"pl-PL","@id":"https:\/\/www.cbh-cyprus.com\/pl\/#\/schema\/logo\/image\/","url":"https:\/\/www.cbh-cyprus.com\/app\/uploads\/sites\/30\/2020\/10\/cbh.jpg","contentUrl":"https:\/\/www.cbh-cyprus.com\/app\/uploads\/sites\/30\/2020\/10\/cbh.jpg","width":1013,"height":419,"caption":"Constantinou Bros Hotels"},"image":{"@id":"https:\/\/www.cbh-cyprus.com\/pl\/#\/schema\/logo\/image\/"}}]}},"_links":{"self":[{"href":"https:\/\/www.cbh-cyprus.com\/pl\/wp-json\/wp\/v2\/pages\/37231","targetHints":{"allow":["GET"]}}],"collection":[{"href":"https:\/\/www.cbh-cyprus.com\/pl\/wp-json\/wp\/v2\/pages"}],"about":[{"href":"https:\/\/www.cbh-cyprus.com\/pl\/wp-json\/wp\/v2\/types\/page"}],"author":[{"embeddable":true,"href":"https:\/\/www.cbh-cyprus.com\/pl\/wp-json\/wp\/v2\/users\/100"}],"replies":[{"embeddable":true,"href":"https:\/\/www.cbh-cyprus.com\/pl\/wp-json\/wp\/v2\/comments?post=37231"}],"version-history":[{"count":3,"href":"https:\/\/www.cbh-cyprus.com\/pl\/wp-json\/wp\/v2\/pages\/37231\/revisions"}],"predecessor-version":[{"id":44147,"href":"https:\/\/www.cbh-cyprus.com\/pl\/wp-json\/wp\/v2\/pages\/37231\/revisions\/44147"}],"up":[{"embeddable":true,"href":"https:\/\/www.cbh-cyprus.com\/pl\/wp-json\/wp\/v2\/pages\/37218"}],"wp:featuredmedia":[{"embeddable":true,"href":"https:\/\/www.cbh-cyprus.com\/pl\/wp-json\/wp\/v2\/media\/36990"}],"wp:attachment":[{"href":"https:\/\/www.cbh-cyprus.com\/pl\/wp-json\/wp\/v2\/media?parent=37231"}],"curies":[{"name":"wp","href":"https:\/\/api.w.org\/{rel}","templated":true}]}}