{"id":37245,"date":"2024-07-23T12:17:40","date_gmt":"2024-07-23T09:17:40","guid":{"rendered":"https:\/\/www.cbh-cyprus.com\/grupa\/wiadomosci\/world-bowls-atlantyckie-czworki-seniorow-2021\/"},"modified":"2024-09-13T12:50:07","modified_gmt":"2024-09-13T09:50:07","slug":"world-bowls-atlantyckie-czworki-seniorow-2021","status":"publish","type":"page","link":"https:\/\/www.cbh-cyprus.com\/pl\/world-bowls-atlantyckie-czworki-seniorow-2021\/","title":{"rendered":"World Bowls &#8211; atlantyckie czw\u00f3rki senior\u00f3w 2021"},"content":{"rendered":"<p>Constantinou Bros Hotels we wsp\u00f3\u0142pracy z Bowls Cyprus maj\u0105 przyjemno\u015b\u0107 og\u0142osi\u0107 nowe, zatwierdzone przez World Bowls, mi\u0119dzynarodowe wydarzenie, a mianowicie Atlantic Senior Fours 2021, kt\u00f3re odb\u0119dzie si\u0119 w Constantinou Bros Hotels w Pafos na Cyprze.<br \/>\nZawody odb\u0119d\u0105 si\u0119 w pa\u017adzierniku 2021 roku &#8211; idealny czas, aby cieszy\u0107 si\u0119 s\u0142o\u0144cem i ciep\u0142\u0105 przerw\u0105 przed sezonem \u015bwi\u0105tecznym.<br \/>\nZakwaterowanie odb\u0119dzie si\u0119 w jednym z naszych popularnych czterogwiazdkowych hoteli po\u0142o\u017conych przy pla\u017cy i zaledwie 20 minut transferu z mi\u0119dzynarodowego lotniska w Pafos.<br \/>\nDo wyboru b\u0119d\u0105 pakiety ze \u015bniadaniem, niepe\u0142nym wy\u017cywieniem, pe\u0142nym wy\u017cywieniem lub all-inclusive, a tak\u017ce wyb\u00f3r pokoi i okres\u00f3w pobytu dostosowanych do Pa\u0144stwa potrzeb.<br \/>\nAby uzyska\u0107 wi\u0119cej informacji, prosimy skontaktowa\u0107 si\u0119 z naszym biurem sprzeda\u017cy w Wielkiej Brytanii pod adresem <a href=\"mailto:sales@uk-cbh.com\">sales@uk-cbh.com<\/a>.    <\/p>\n","protected":false},"excerpt":{"rendered":"<p>Constantinou Bros Hotels we wsp\u00f3\u0142pracy z Bowls Cyprus maj\u0105 przyjemno\u015b\u0107 og\u0142osi\u0107 nowe, zatwierdzone przez World Bowls, mi\u0119dzynarodowe wydarzenie, a mianowicie Atlantic Senior Fours 2021, kt\u00f3re odb\u0119dzie si\u0119 w Constantinou Bros Hotels w Pafos na Cyprze. Zawody odb\u0119d\u0105 si\u0119 w pa\u017adzierniku 2021 roku &#8211; idealny czas, aby cieszy\u0107 si\u0119 s\u0142o\u0144cem i ciep\u0142\u0105 przerw\u0105 przed sezonem \u015bwi\u0105tecznym.<\/p>\n","protected":false},"author":100,"featured_media":37982,"parent":0,"menu_order":0,"comment_status":"closed","ping_status":"closed","template":"","meta":{"_acf_changed":false,"footnotes":""},"class_list":["post-37245","page","type-page","status-publish","has-post-thumbnail","hentry"],"acf":[],"yoast_head":"<!-- This site is optimized with the Yoast SEO plugin v27.4 - https:\/\/yoast.com\/product\/yoast-seo-wordpress\/ -->\n<title>World Bowls - atlantyckie czw\u00f3rki senior\u00f3w 2021 - Constantinou Bros Hotels<\/title>\n<meta name=\"robots\" content=\"index, follow, max-snippet:-1, max-image-preview:large, max-video-preview:-1\" \/>\n<link rel=\"canonical\" href=\"https:\/\/www.cbh-cyprus.com\/pl\/world-bowls-atlantyckie-czworki-seniorow-2021\/\" \/>\n<meta property=\"og:locale\" content=\"pl_PL\" \/>\n<meta property=\"og:type\" content=\"article\" \/>\n<meta property=\"og:title\" content=\"World Bowls - atlantyckie czw\u00f3rki senior\u00f3w 2021 - Constantinou Bros Hotels\" \/>\n<meta property=\"og:description\" content=\"Constantinou Bros Hotels we wsp\u00f3\u0142pracy z Bowls Cyprus maj\u0105 przyjemno\u015b\u0107 og\u0142osi\u0107 nowe, zatwierdzone przez World Bowls, mi\u0119dzynarodowe wydarzenie, a mianowicie Atlantic Senior Fours 2021, kt\u00f3re odb\u0119dzie si\u0119 w Constantinou Bros Hotels w Pafos na Cyprze. Zawody odb\u0119d\u0105 si\u0119 w pa\u017adzierniku 2021 roku &#8211; idealny czas, aby cieszy\u0107 si\u0119 s\u0142o\u0144cem i ciep\u0142\u0105 przerw\u0105 przed sezonem \u015bwi\u0105tecznym.\" \/>\n<meta property=\"og:url\" content=\"https:\/\/www.cbh-cyprus.com\/pl\/world-bowls-atlantyckie-czworki-seniorow-2021\/\" \/>\n<meta property=\"og:site_name\" content=\"Constantinou Bros Hotels\" \/>\n<meta property=\"article:modified_time\" content=\"2024-09-13T09:50:07+00:00\" \/>\n<meta property=\"og:image\" content=\"https:\/\/www.cbh-cyprus.com\/app\/uploads\/sites\/30\/2020\/03\/81869266_1073285866375678_7399334155349131264_o.jpg\" \/>\n\t<meta property=\"og:image:width\" content=\"1430\" \/>\n\t<meta property=\"og:image:height\" content=\"578\" \/>\n\t<meta property=\"og:image:type\" content=\"image\/jpeg\" \/>\n<meta name=\"twitter:card\" content=\"summary_large_image\" \/>\n<meta name=\"twitter:label1\" content=\"Est. reading time\" \/>\n\t<meta name=\"twitter:data1\" content=\"1 minute\" \/>\n<script type=\"application\/ld+json\" class=\"yoast-schema-graph\">{\"@context\":\"https:\\\/\\\/schema.org\",\"@graph\":[{\"@type\":\"WebPage\",\"@id\":\"https:\\\/\\\/www.cbh-cyprus.com\\\/pl\\\/world-bowls-atlantyckie-czworki-seniorow-2021\\\/\",\"url\":\"https:\\\/\\\/www.cbh-cyprus.com\\\/pl\\\/world-bowls-atlantyckie-czworki-seniorow-2021\\\/\",\"name\":\"World Bowls - atlantyckie czw\u00f3rki senior\u00f3w 2021 - Constantinou Bros Hotels\",\"isPartOf\":{\"@id\":\"https:\\\/\\\/www.cbh-cyprus.com\\\/pl\\\/#website\"},\"primaryImageOfPage\":{\"@id\":\"https:\\\/\\\/www.cbh-cyprus.com\\\/pl\\\/world-bowls-atlantyckie-czworki-seniorow-2021\\\/#primaryimage\"},\"image\":{\"@id\":\"https:\\\/\\\/www.cbh-cyprus.com\\\/pl\\\/world-bowls-atlantyckie-czworki-seniorow-2021\\\/#primaryimage\"},\"thumbnailUrl\":\"https:\\\/\\\/www.cbh-cyprus.com\\\/app\\\/uploads\\\/sites\\\/30\\\/2020\\\/03\\\/81869266_1073285866375678_7399334155349131264_o.jpg\",\"datePublished\":\"2024-07-23T09:17:40+00:00\",\"dateModified\":\"2024-09-13T09:50:07+00:00\",\"breadcrumb\":{\"@id\":\"https:\\\/\\\/www.cbh-cyprus.com\\\/pl\\\/world-bowls-atlantyckie-czworki-seniorow-2021\\\/#breadcrumb\"},\"inLanguage\":\"pl-PL\",\"potentialAction\":[{\"@type\":\"ReadAction\",\"target\":[\"https:\\\/\\\/www.cbh-cyprus.com\\\/pl\\\/world-bowls-atlantyckie-czworki-seniorow-2021\\\/\"]}]},{\"@type\":\"ImageObject\",\"inLanguage\":\"pl-PL\",\"@id\":\"https:\\\/\\\/www.cbh-cyprus.com\\\/pl\\\/world-bowls-atlantyckie-czworki-seniorow-2021\\\/#primaryimage\",\"url\":\"https:\\\/\\\/www.cbh-cyprus.com\\\/app\\\/uploads\\\/sites\\\/30\\\/2020\\\/03\\\/81869266_1073285866375678_7399334155349131264_o.jpg\",\"contentUrl\":\"https:\\\/\\\/www.cbh-cyprus.com\\\/app\\\/uploads\\\/sites\\\/30\\\/2020\\\/03\\\/81869266_1073285866375678_7399334155349131264_o.jpg\",\"width\":1430,\"height\":578},{\"@type\":\"BreadcrumbList\",\"@id\":\"https:\\\/\\\/www.cbh-cyprus.com\\\/pl\\\/world-bowls-atlantyckie-czworki-seniorow-2021\\\/#breadcrumb\",\"itemListElement\":[{\"@type\":\"ListItem\",\"position\":1,\"name\":\"Home\",\"item\":\"https:\\\/\\\/www.cbh-cyprus.com\\\/pl\\\/welcome-to-constantinou-bros-hotels\\\/\"},{\"@type\":\"ListItem\",\"position\":2,\"name\":\"Grupa\",\"item\":\"https:\\\/\\\/www.cbh-cyprus.com\\\/pl\\\/grupa\\\/\"},{\"@type\":\"ListItem\",\"position\":3,\"name\":\"Aktualno\u015bci\",\"item\":\"https:\\\/\\\/www.cbh-cyprus.com\\\/pl\\\/?page_id=37214\"},{\"@type\":\"ListItem\",\"position\":4,\"name\":\"World Bowls &#8211; atlantyckie czw\u00f3rki senior\u00f3w 2021\"}]},{\"@type\":\"WebSite\",\"@id\":\"https:\\\/\\\/www.cbh-cyprus.com\\\/pl\\\/#website\",\"url\":\"https:\\\/\\\/www.cbh-cyprus.com\\\/pl\\\/\",\"name\":\"Constantinou Bros Hotels\",\"description\":\"Constantinou Bros Hotels\",\"publisher\":{\"@id\":\"https:\\\/\\\/www.cbh-cyprus.com\\\/pl\\\/#organization\"},\"potentialAction\":[{\"@type\":\"SearchAction\",\"target\":{\"@type\":\"EntryPoint\",\"urlTemplate\":\"https:\\\/\\\/www.cbh-cyprus.com\\\/pl\\\/?s={search_term_string}\"},\"query-input\":{\"@type\":\"PropertyValueSpecification\",\"valueRequired\":true,\"valueName\":\"search_term_string\"}}],\"inLanguage\":\"pl-PL\"},{\"@type\":\"Organization\",\"@id\":\"https:\\\/\\\/www.cbh-cyprus.com\\\/pl\\\/#organization\",\"name\":\"Constantinou Bros Hotels\",\"url\":\"https:\\\/\\\/www.cbh-cyprus.com\\\/pl\\\/\",\"logo\":{\"@type\":\"ImageObject\",\"inLanguage\":\"pl-PL\",\"@id\":\"https:\\\/\\\/www.cbh-cyprus.com\\\/pl\\\/#\\\/schema\\\/logo\\\/image\\\/\",\"url\":\"https:\\\/\\\/www.cbh-cyprus.com\\\/app\\\/uploads\\\/sites\\\/30\\\/2020\\\/10\\\/cbh.jpg\",\"contentUrl\":\"https:\\\/\\\/www.cbh-cyprus.com\\\/app\\\/uploads\\\/sites\\\/30\\\/2020\\\/10\\\/cbh.jpg\",\"width\":1013,\"height\":419,\"caption\":\"Constantinou Bros Hotels\"},\"image\":{\"@id\":\"https:\\\/\\\/www.cbh-cyprus.com\\\/pl\\\/#\\\/schema\\\/logo\\\/image\\\/\"}}]}<\/script>\n<!-- \/ Yoast SEO plugin. -->","yoast_head_json":{"title":"World Bowls - atlantyckie czw\u00f3rki senior\u00f3w 2021 - Constantinou Bros Hotels","robots":{"index":"index","follow":"follow","max-snippet":"max-snippet:-1","max-image-preview":"max-image-preview:large","max-video-preview":"max-video-preview:-1"},"canonical":"https:\/\/www.cbh-cyprus.com\/pl\/world-bowls-atlantyckie-czworki-seniorow-2021\/","og_locale":"pl_PL","og_type":"article","og_title":"World Bowls - atlantyckie czw\u00f3rki senior\u00f3w 2021 - Constantinou Bros Hotels","og_description":"Constantinou Bros Hotels we wsp\u00f3\u0142pracy z Bowls Cyprus maj\u0105 przyjemno\u015b\u0107 og\u0142osi\u0107 nowe, zatwierdzone przez World Bowls, mi\u0119dzynarodowe wydarzenie, a mianowicie Atlantic Senior Fours 2021, kt\u00f3re odb\u0119dzie si\u0119 w Constantinou Bros Hotels w Pafos na Cyprze. Zawody odb\u0119d\u0105 si\u0119 w pa\u017adzierniku 2021 roku &#8211; idealny czas, aby cieszy\u0107 si\u0119 s\u0142o\u0144cem i ciep\u0142\u0105 przerw\u0105 przed sezonem \u015bwi\u0105tecznym.","og_url":"https:\/\/www.cbh-cyprus.com\/pl\/world-bowls-atlantyckie-czworki-seniorow-2021\/","og_site_name":"Constantinou Bros Hotels","article_modified_time":"2024-09-13T09:50:07+00:00","og_image":[{"width":1430,"height":578,"url":"https:\/\/www.cbh-cyprus.com\/app\/uploads\/sites\/30\/2020\/03\/81869266_1073285866375678_7399334155349131264_o.jpg","type":"image\/jpeg"}],"twitter_card":"summary_large_image","twitter_misc":{"Est. reading time":"1 minute"},"schema":{"@context":"https:\/\/schema.org","@graph":[{"@type":"WebPage","@id":"https:\/\/www.cbh-cyprus.com\/pl\/world-bowls-atlantyckie-czworki-seniorow-2021\/","url":"https:\/\/www.cbh-cyprus.com\/pl\/world-bowls-atlantyckie-czworki-seniorow-2021\/","name":"World Bowls - atlantyckie czw\u00f3rki senior\u00f3w 2021 - Constantinou Bros Hotels","isPartOf":{"@id":"https:\/\/www.cbh-cyprus.com\/pl\/#website"},"primaryImageOfPage":{"@id":"https:\/\/www.cbh-cyprus.com\/pl\/world-bowls-atlantyckie-czworki-seniorow-2021\/#primaryimage"},"image":{"@id":"https:\/\/www.cbh-cyprus.com\/pl\/world-bowls-atlantyckie-czworki-seniorow-2021\/#primaryimage"},"thumbnailUrl":"https:\/\/www.cbh-cyprus.com\/app\/uploads\/sites\/30\/2020\/03\/81869266_1073285866375678_7399334155349131264_o.jpg","datePublished":"2024-07-23T09:17:40+00:00","dateModified":"2024-09-13T09:50:07+00:00","breadcrumb":{"@id":"https:\/\/www.cbh-cyprus.com\/pl\/world-bowls-atlantyckie-czworki-seniorow-2021\/#breadcrumb"},"inLanguage":"pl-PL","potentialAction":[{"@type":"ReadAction","target":["https:\/\/www.cbh-cyprus.com\/pl\/world-bowls-atlantyckie-czworki-seniorow-2021\/"]}]},{"@type":"ImageObject","inLanguage":"pl-PL","@id":"https:\/\/www.cbh-cyprus.com\/pl\/world-bowls-atlantyckie-czworki-seniorow-2021\/#primaryimage","url":"https:\/\/www.cbh-cyprus.com\/app\/uploads\/sites\/30\/2020\/03\/81869266_1073285866375678_7399334155349131264_o.jpg","contentUrl":"https:\/\/www.cbh-cyprus.com\/app\/uploads\/sites\/30\/2020\/03\/81869266_1073285866375678_7399334155349131264_o.jpg","width":1430,"height":578},{"@type":"BreadcrumbList","@id":"https:\/\/www.cbh-cyprus.com\/pl\/world-bowls-atlantyckie-czworki-seniorow-2021\/#breadcrumb","itemListElement":[{"@type":"ListItem","position":1,"name":"Home","item":"https:\/\/www.cbh-cyprus.com\/pl\/welcome-to-constantinou-bros-hotels\/"},{"@type":"ListItem","position":2,"name":"Grupa","item":"https:\/\/www.cbh-cyprus.com\/pl\/grupa\/"},{"@type":"ListItem","position":3,"name":"Aktualno\u015bci","item":"https:\/\/www.cbh-cyprus.com\/pl\/?page_id=37214"},{"@type":"ListItem","position":4,"name":"World Bowls &#8211; atlantyckie czw\u00f3rki senior\u00f3w 2021"}]},{"@type":"WebSite","@id":"https:\/\/www.cbh-cyprus.com\/pl\/#website","url":"https:\/\/www.cbh-cyprus.com\/pl\/","name":"Constantinou Bros Hotels","description":"Constantinou Bros Hotels","publisher":{"@id":"https:\/\/www.cbh-cyprus.com\/pl\/#organization"},"potentialAction":[{"@type":"SearchAction","target":{"@type":"EntryPoint","urlTemplate":"https:\/\/www.cbh-cyprus.com\/pl\/?s={search_term_string}"},"query-input":{"@type":"PropertyValueSpecification","valueRequired":true,"valueName":"search_term_string"}}],"inLanguage":"pl-PL"},{"@type":"Organization","@id":"https:\/\/www.cbh-cyprus.com\/pl\/#organization","name":"Constantinou Bros Hotels","url":"https:\/\/www.cbh-cyprus.com\/pl\/","logo":{"@type":"ImageObject","inLanguage":"pl-PL","@id":"https:\/\/www.cbh-cyprus.com\/pl\/#\/schema\/logo\/image\/","url":"https:\/\/www.cbh-cyprus.com\/app\/uploads\/sites\/30\/2020\/10\/cbh.jpg","contentUrl":"https:\/\/www.cbh-cyprus.com\/app\/uploads\/sites\/30\/2020\/10\/cbh.jpg","width":1013,"height":419,"caption":"Constantinou Bros Hotels"},"image":{"@id":"https:\/\/www.cbh-cyprus.com\/pl\/#\/schema\/logo\/image\/"}}]}},"_links":{"self":[{"href":"https:\/\/www.cbh-cyprus.com\/pl\/wp-json\/wp\/v2\/pages\/37245","targetHints":{"allow":["GET"]}}],"collection":[{"href":"https:\/\/www.cbh-cyprus.com\/pl\/wp-json\/wp\/v2\/pages"}],"about":[{"href":"https:\/\/www.cbh-cyprus.com\/pl\/wp-json\/wp\/v2\/types\/page"}],"author":[{"embeddable":true,"href":"https:\/\/www.cbh-cyprus.com\/pl\/wp-json\/wp\/v2\/users\/100"}],"replies":[{"embeddable":true,"href":"https:\/\/www.cbh-cyprus.com\/pl\/wp-json\/wp\/v2\/comments?post=37245"}],"version-history":[{"count":1,"href":"https:\/\/www.cbh-cyprus.com\/pl\/wp-json\/wp\/v2\/pages\/37245\/revisions"}],"predecessor-version":[{"id":41403,"href":"https:\/\/www.cbh-cyprus.com\/pl\/wp-json\/wp\/v2\/pages\/37245\/revisions\/41403"}],"wp:featuredmedia":[{"embeddable":true,"href":"https:\/\/www.cbh-cyprus.com\/pl\/wp-json\/wp\/v2\/media\/37982"}],"wp:attachment":[{"href":"https:\/\/www.cbh-cyprus.com\/pl\/wp-json\/wp\/v2\/media?parent=37245"}],"curies":[{"name":"wp","href":"https:\/\/api.w.org\/{rel}","templated":true}]}}