{"id":37255,"date":"2024-07-23T12:17:45","date_gmt":"2024-07-23T09:17:45","guid":{"rendered":"https:\/\/www.cbh-cyprus.com\/aktualizacja-dotyczaca-koronawirusa-covid-19\/"},"modified":"2024-07-23T12:17:45","modified_gmt":"2024-07-23T09:17:45","slug":"aktualizacja-dotyczaca-koronawirusa-covid-19","status":"publish","type":"page","link":"https:\/\/www.cbh-cyprus.com\/pl\/aktualizacja-dotyczaca-koronawirusa-covid-19\/","title":{"rendered":"AKTUALIZACJA DOTYCZ\u0104CA KORONAWIRUSA (COVID-19)"},"content":{"rendered":"<p>CORONAVIRUS (COVID-19) UPDATE Po og\u0142oszeniu dotycz\u0105cym \u015brodk\u00f3w zapobiegawczych podj\u0119tych w celu zwalczania rozprzestrzeniania si\u0119 COVID-19 oraz w \u015bwietle ostatnich wydarze\u0144 i oceny, rz\u0105d Republiki Cypryjskiej og\u0142osi\u0142 mi\u0119dzy innymi nowe \u015brodki dotycz\u0105ce funkcjonowania hoteli, w kt\u00f3rych wszystkie obiekty hotelowe w Republice Cypryjskiej musz\u0105 pozosta\u0107 zamkni\u0119te od 21 marca do 30 kwietnia 2020 r. (Obie daty w\u0142\u0105cznie) W zwi\u0105zku z tym, jeste\u015bmy ponownie<span class=\"text_exposed_show\">pragniemy poinformowa\u0107 wszystkich naszych go\u015bci, \u017ce wszystkie nasze hotele Constantinou Bros b\u0119d\u0105 zamkni\u0119te w powy\u017cszych terminach i prosimy o dokonanie wszelkich stosownych ustale\u0144, zapewniaj\u0105c w ten spos\u00f3b zorganizowanie \/ zmian\u0119 lot\u00f3w tak, aby odlecie\u0107 do 21 marca 2020 r.<\/span><\/p>\n<div class=\"text_exposed_show\">  Istnieje mo\u017cliwo\u015b\u0107, \u017ce ustalenia dotycz\u0105ce konsolidacji zostan\u0105 podj\u0119te przed powy\u017csz\u0105 dat\u0105, co mo\u017ce mie\u0107 wp\u0142yw na obecnych rezydent\u00f3w wewn\u0119trznych.<br \/>\nB\u0119dziemy oczywi\u015bcie ocenia\u0107 i informowa\u0107 Pa\u0144stwa na bie\u017c\u0105co o wszystkich wydarzeniach zwi\u0105zanych z t\u0105 spraw\u0105, a tak\u017ce o wszelkich zmianach w protoko\u0142ach lub wycofaniu tych \u015brodk\u00f3w.<br \/>\nZ drugiej strony, staraj\u0105c si\u0119 pom\u00f3c naszym szanownym go\u015bciom, do 31 pa\u017adziernika 2020 r. wszystkie op\u0142aty za anulowanie rezerwacji zostan\u0105 zniesione, co zapewni naszym go\u015bciom elastyczno\u015b\u0107 w zakresie zmiany rezerwacji na p\u00f3\u017aniejszy termin.<br \/>\nZapewniamy Pa\u0144stwa o naszej najwy\u017cszej dba\u0142o\u015bci przez ca\u0142y czas     <\/div>\n","protected":false},"excerpt":{"rendered":"<p>CORONAVIRUS (COVID-19) UPDATE Po og\u0142oszeniu dotycz\u0105cym \u015brodk\u00f3w zapobiegawczych podj\u0119tych w celu zwalczania rozprzestrzeniania si\u0119 COVID-19 oraz w \u015bwietle ostatnich wydarze\u0144 i oceny, rz\u0105d Republiki Cypryjskiej og\u0142osi\u0142 mi\u0119dzy innymi nowe \u015brodki dotycz\u0105ce funkcjonowania hoteli, w kt\u00f3rych wszystkie obiekty hotelowe w Republice Cypryjskiej musz\u0105 pozosta\u0107 zamkni\u0119te od 21 marca do 30 kwietnia 2020 r. (Obie daty w\u0142\u0105cznie)<\/p>\n","protected":false},"author":100,"featured_media":37287,"parent":0,"menu_order":0,"comment_status":"closed","ping_status":"closed","template":"","meta":{"_acf_changed":false,"footnotes":""},"class_list":["post-37255","page","type-page","status-publish","has-post-thumbnail","hentry"],"acf":[],"yoast_head":"<!-- This site is optimized with the Yoast SEO plugin v27.3 - https:\/\/yoast.com\/product\/yoast-seo-wordpress\/ -->\n<title>AKTUALIZACJA CORONAVIRUS (COVID-19) - Constantinou Bros Hotels<\/title>\n<meta name=\"description\" content=\"Aby zapewni\u0107 sobie wakacje podczas Covid-19, prosimy zapozna\u0107 si\u0119 z nasz\u0105 najnowsz\u0105 aktualizacj\u0105 dotycz\u0105c\u0105 zdrowia i bezpiecze\u0144stwa oraz naszych zasad anulowania i zmiany rezerwacji.\" \/>\n<meta name=\"robots\" content=\"index, follow, max-snippet:-1, max-image-preview:large, max-video-preview:-1\" \/>\n<link rel=\"canonical\" href=\"https:\/\/www.cbh-cyprus.com\/pl\/aktualizacja-dotyczaca-koronawirusa-covid-19\/\" \/>\n<meta property=\"og:locale\" content=\"pl_PL\" \/>\n<meta property=\"og:type\" content=\"article\" \/>\n<meta property=\"og:title\" content=\"AKTUALIZACJA CORONAVIRUS (COVID-19) - Constantinou Bros Hotels\" \/>\n<meta property=\"og:description\" content=\"Aby zapewni\u0107 sobie wakacje podczas Covid-19, prosimy zapozna\u0107 si\u0119 z nasz\u0105 najnowsz\u0105 aktualizacj\u0105 dotycz\u0105c\u0105 zdrowia i bezpiecze\u0144stwa oraz naszych zasad anulowania i zmiany rezerwacji.\" \/>\n<meta property=\"og:url\" content=\"https:\/\/www.cbh-cyprus.com\/pl\/aktualizacja-dotyczaca-koronawirusa-covid-19\/\" \/>\n<meta property=\"og:site_name\" content=\"Constantinou Bros Hotels\" \/>\n<meta name=\"twitter:card\" content=\"summary_large_image\" \/>\n<meta name=\"twitter:label1\" content=\"Est. reading time\" \/>\n\t<meta name=\"twitter:data1\" content=\"1 minute\" \/>\n<script type=\"application\/ld+json\" class=\"yoast-schema-graph\">{\"@context\":\"https:\\\/\\\/schema.org\",\"@graph\":[{\"@type\":\"WebPage\",\"@id\":\"https:\\\/\\\/www.cbh-cyprus.com\\\/pl\\\/aktualizacja-dotyczaca-koronawirusa-covid-19\\\/\",\"url\":\"https:\\\/\\\/www.cbh-cyprus.com\\\/pl\\\/aktualizacja-dotyczaca-koronawirusa-covid-19\\\/\",\"name\":\"AKTUALIZACJA CORONAVIRUS (COVID-19) - Constantinou Bros Hotels\",\"isPartOf\":{\"@id\":\"https:\\\/\\\/www.cbh-cyprus.com\\\/pl\\\/#website\"},\"primaryImageOfPage\":{\"@id\":\"https:\\\/\\\/www.cbh-cyprus.com\\\/pl\\\/aktualizacja-dotyczaca-koronawirusa-covid-19\\\/#primaryimage\"},\"image\":{\"@id\":\"https:\\\/\\\/www.cbh-cyprus.com\\\/pl\\\/aktualizacja-dotyczaca-koronawirusa-covid-19\\\/#primaryimage\"},\"thumbnailUrl\":\"https:\\\/\\\/www.cbh-cyprus.com\\\/app\\\/uploads\\\/sites\\\/30\\\/2020\\\/06\\\/7-ATHENA-BEACH-HOTEL-OUTDOOR-POOL.jpg\",\"datePublished\":\"2024-07-23T09:17:45+00:00\",\"description\":\"Aby zapewni\u0107 sobie wakacje podczas Covid-19, prosimy zapozna\u0107 si\u0119 z nasz\u0105 najnowsz\u0105 aktualizacj\u0105 dotycz\u0105c\u0105 zdrowia i bezpiecze\u0144stwa oraz naszych zasad anulowania i zmiany rezerwacji.\",\"breadcrumb\":{\"@id\":\"https:\\\/\\\/www.cbh-cyprus.com\\\/pl\\\/aktualizacja-dotyczaca-koronawirusa-covid-19\\\/#breadcrumb\"},\"inLanguage\":\"pl-PL\",\"potentialAction\":[{\"@type\":\"ReadAction\",\"target\":[\"https:\\\/\\\/www.cbh-cyprus.com\\\/pl\\\/aktualizacja-dotyczaca-koronawirusa-covid-19\\\/\"]}]},{\"@type\":\"ImageObject\",\"inLanguage\":\"pl-PL\",\"@id\":\"https:\\\/\\\/www.cbh-cyprus.com\\\/pl\\\/aktualizacja-dotyczaca-koronawirusa-covid-19\\\/#primaryimage\",\"url\":\"https:\\\/\\\/www.cbh-cyprus.com\\\/app\\\/uploads\\\/sites\\\/30\\\/2020\\\/06\\\/7-ATHENA-BEACH-HOTEL-OUTDOOR-POOL.jpg\",\"contentUrl\":\"https:\\\/\\\/www.cbh-cyprus.com\\\/app\\\/uploads\\\/sites\\\/30\\\/2020\\\/06\\\/7-ATHENA-BEACH-HOTEL-OUTDOOR-POOL.jpg\",\"width\":8186,\"height\":5457},{\"@type\":\"BreadcrumbList\",\"@id\":\"https:\\\/\\\/www.cbh-cyprus.com\\\/pl\\\/aktualizacja-dotyczaca-koronawirusa-covid-19\\\/#breadcrumb\",\"itemListElement\":[{\"@type\":\"ListItem\",\"position\":1,\"name\":\"Home\",\"item\":\"https:\\\/\\\/www.cbh-cyprus.com\\\/pl\\\/welcome-to-constantinou-bros-hotels\\\/\"},{\"@type\":\"ListItem\",\"position\":2,\"name\":\"AKTUALIZACJA DOTYCZ\u0104CA KORONAWIRUSA (COVID-19)\"}]},{\"@type\":\"WebSite\",\"@id\":\"https:\\\/\\\/www.cbh-cyprus.com\\\/pl\\\/#website\",\"url\":\"https:\\\/\\\/www.cbh-cyprus.com\\\/pl\\\/\",\"name\":\"Constantinou Bros Hotels\",\"description\":\"Constantinou Bros Hotels\",\"publisher\":{\"@id\":\"https:\\\/\\\/www.cbh-cyprus.com\\\/pl\\\/#organization\"},\"potentialAction\":[{\"@type\":\"SearchAction\",\"target\":{\"@type\":\"EntryPoint\",\"urlTemplate\":\"https:\\\/\\\/www.cbh-cyprus.com\\\/pl\\\/?s={search_term_string}\"},\"query-input\":{\"@type\":\"PropertyValueSpecification\",\"valueRequired\":true,\"valueName\":\"search_term_string\"}}],\"inLanguage\":\"pl-PL\"},{\"@type\":\"Organization\",\"@id\":\"https:\\\/\\\/www.cbh-cyprus.com\\\/pl\\\/#organization\",\"name\":\"Constantinou Bros Hotels\",\"url\":\"https:\\\/\\\/www.cbh-cyprus.com\\\/pl\\\/\",\"logo\":{\"@type\":\"ImageObject\",\"inLanguage\":\"pl-PL\",\"@id\":\"https:\\\/\\\/www.cbh-cyprus.com\\\/pl\\\/#\\\/schema\\\/logo\\\/image\\\/\",\"url\":\"https:\\\/\\\/www.cbh-cyprus.com\\\/app\\\/uploads\\\/sites\\\/30\\\/2020\\\/10\\\/cbh.jpg\",\"contentUrl\":\"https:\\\/\\\/www.cbh-cyprus.com\\\/app\\\/uploads\\\/sites\\\/30\\\/2020\\\/10\\\/cbh.jpg\",\"width\":1013,\"height\":419,\"caption\":\"Constantinou Bros Hotels\"},\"image\":{\"@id\":\"https:\\\/\\\/www.cbh-cyprus.com\\\/pl\\\/#\\\/schema\\\/logo\\\/image\\\/\"}}]}<\/script>\n<!-- \/ Yoast SEO plugin. -->","yoast_head_json":{"title":"AKTUALIZACJA CORONAVIRUS (COVID-19) - Constantinou Bros Hotels","description":"Aby zapewni\u0107 sobie wakacje podczas Covid-19, prosimy zapozna\u0107 si\u0119 z nasz\u0105 najnowsz\u0105 aktualizacj\u0105 dotycz\u0105c\u0105 zdrowia i bezpiecze\u0144stwa oraz naszych zasad anulowania i zmiany rezerwacji.","robots":{"index":"index","follow":"follow","max-snippet":"max-snippet:-1","max-image-preview":"max-image-preview:large","max-video-preview":"max-video-preview:-1"},"canonical":"https:\/\/www.cbh-cyprus.com\/pl\/aktualizacja-dotyczaca-koronawirusa-covid-19\/","og_locale":"pl_PL","og_type":"article","og_title":"AKTUALIZACJA CORONAVIRUS (COVID-19) - Constantinou Bros Hotels","og_description":"Aby zapewni\u0107 sobie wakacje podczas Covid-19, prosimy zapozna\u0107 si\u0119 z nasz\u0105 najnowsz\u0105 aktualizacj\u0105 dotycz\u0105c\u0105 zdrowia i bezpiecze\u0144stwa oraz naszych zasad anulowania i zmiany rezerwacji.","og_url":"https:\/\/www.cbh-cyprus.com\/pl\/aktualizacja-dotyczaca-koronawirusa-covid-19\/","og_site_name":"Constantinou Bros Hotels","twitter_card":"summary_large_image","twitter_misc":{"Est. reading time":"1 minute"},"schema":{"@context":"https:\/\/schema.org","@graph":[{"@type":"WebPage","@id":"https:\/\/www.cbh-cyprus.com\/pl\/aktualizacja-dotyczaca-koronawirusa-covid-19\/","url":"https:\/\/www.cbh-cyprus.com\/pl\/aktualizacja-dotyczaca-koronawirusa-covid-19\/","name":"AKTUALIZACJA CORONAVIRUS (COVID-19) - Constantinou Bros Hotels","isPartOf":{"@id":"https:\/\/www.cbh-cyprus.com\/pl\/#website"},"primaryImageOfPage":{"@id":"https:\/\/www.cbh-cyprus.com\/pl\/aktualizacja-dotyczaca-koronawirusa-covid-19\/#primaryimage"},"image":{"@id":"https:\/\/www.cbh-cyprus.com\/pl\/aktualizacja-dotyczaca-koronawirusa-covid-19\/#primaryimage"},"thumbnailUrl":"https:\/\/www.cbh-cyprus.com\/app\/uploads\/sites\/30\/2020\/06\/7-ATHENA-BEACH-HOTEL-OUTDOOR-POOL.jpg","datePublished":"2024-07-23T09:17:45+00:00","description":"Aby zapewni\u0107 sobie wakacje podczas Covid-19, prosimy zapozna\u0107 si\u0119 z nasz\u0105 najnowsz\u0105 aktualizacj\u0105 dotycz\u0105c\u0105 zdrowia i bezpiecze\u0144stwa oraz naszych zasad anulowania i zmiany rezerwacji.","breadcrumb":{"@id":"https:\/\/www.cbh-cyprus.com\/pl\/aktualizacja-dotyczaca-koronawirusa-covid-19\/#breadcrumb"},"inLanguage":"pl-PL","potentialAction":[{"@type":"ReadAction","target":["https:\/\/www.cbh-cyprus.com\/pl\/aktualizacja-dotyczaca-koronawirusa-covid-19\/"]}]},{"@type":"ImageObject","inLanguage":"pl-PL","@id":"https:\/\/www.cbh-cyprus.com\/pl\/aktualizacja-dotyczaca-koronawirusa-covid-19\/#primaryimage","url":"https:\/\/www.cbh-cyprus.com\/app\/uploads\/sites\/30\/2020\/06\/7-ATHENA-BEACH-HOTEL-OUTDOOR-POOL.jpg","contentUrl":"https:\/\/www.cbh-cyprus.com\/app\/uploads\/sites\/30\/2020\/06\/7-ATHENA-BEACH-HOTEL-OUTDOOR-POOL.jpg","width":8186,"height":5457},{"@type":"BreadcrumbList","@id":"https:\/\/www.cbh-cyprus.com\/pl\/aktualizacja-dotyczaca-koronawirusa-covid-19\/#breadcrumb","itemListElement":[{"@type":"ListItem","position":1,"name":"Home","item":"https:\/\/www.cbh-cyprus.com\/pl\/welcome-to-constantinou-bros-hotels\/"},{"@type":"ListItem","position":2,"name":"AKTUALIZACJA DOTYCZ\u0104CA KORONAWIRUSA (COVID-19)"}]},{"@type":"WebSite","@id":"https:\/\/www.cbh-cyprus.com\/pl\/#website","url":"https:\/\/www.cbh-cyprus.com\/pl\/","name":"Constantinou Bros Hotels","description":"Constantinou Bros Hotels","publisher":{"@id":"https:\/\/www.cbh-cyprus.com\/pl\/#organization"},"potentialAction":[{"@type":"SearchAction","target":{"@type":"EntryPoint","urlTemplate":"https:\/\/www.cbh-cyprus.com\/pl\/?s={search_term_string}"},"query-input":{"@type":"PropertyValueSpecification","valueRequired":true,"valueName":"search_term_string"}}],"inLanguage":"pl-PL"},{"@type":"Organization","@id":"https:\/\/www.cbh-cyprus.com\/pl\/#organization","name":"Constantinou Bros Hotels","url":"https:\/\/www.cbh-cyprus.com\/pl\/","logo":{"@type":"ImageObject","inLanguage":"pl-PL","@id":"https:\/\/www.cbh-cyprus.com\/pl\/#\/schema\/logo\/image\/","url":"https:\/\/www.cbh-cyprus.com\/app\/uploads\/sites\/30\/2020\/10\/cbh.jpg","contentUrl":"https:\/\/www.cbh-cyprus.com\/app\/uploads\/sites\/30\/2020\/10\/cbh.jpg","width":1013,"height":419,"caption":"Constantinou Bros Hotels"},"image":{"@id":"https:\/\/www.cbh-cyprus.com\/pl\/#\/schema\/logo\/image\/"}}]}},"_links":{"self":[{"href":"https:\/\/www.cbh-cyprus.com\/pl\/wp-json\/wp\/v2\/pages\/37255","targetHints":{"allow":["GET"]}}],"collection":[{"href":"https:\/\/www.cbh-cyprus.com\/pl\/wp-json\/wp\/v2\/pages"}],"about":[{"href":"https:\/\/www.cbh-cyprus.com\/pl\/wp-json\/wp\/v2\/types\/page"}],"author":[{"embeddable":true,"href":"https:\/\/www.cbh-cyprus.com\/pl\/wp-json\/wp\/v2\/users\/100"}],"replies":[{"embeddable":true,"href":"https:\/\/www.cbh-cyprus.com\/pl\/wp-json\/wp\/v2\/comments?post=37255"}],"version-history":[{"count":0,"href":"https:\/\/www.cbh-cyprus.com\/pl\/wp-json\/wp\/v2\/pages\/37255\/revisions"}],"wp:featuredmedia":[{"embeddable":true,"href":"https:\/\/www.cbh-cyprus.com\/pl\/wp-json\/wp\/v2\/media\/37287"}],"wp:attachment":[{"href":"https:\/\/www.cbh-cyprus.com\/pl\/wp-json\/wp\/v2\/media?parent=37255"}],"curies":[{"name":"wp","href":"https:\/\/api.w.org\/{rel}","templated":true}]}}