{"id":37256,"date":"2024-07-23T12:17:45","date_gmt":"2024-07-23T09:17:45","guid":{"rendered":"https:\/\/www.cbh-cyprus.com\/hotel-asimina-suites-najlepszy-wybor-na-wrzesniowe-wakacje-wedlug-the-times\/"},"modified":"2024-09-13T11:49:07","modified_gmt":"2024-09-13T08:49:07","slug":"hotel-asimina-suites-najlepszy-wybor-na-wrzesniowe-wakacje-wedlug-the-times","status":"publish","type":"page","link":"https:\/\/www.cbh-cyprus.com\/pl\/hotel-asimina-suites-najlepszy-wybor-na-wrzesniowe-wakacje-wedlug-the-times\/","title":{"rendered":"Hotel Asimina Suites &#8211; najlepszy wyb\u00f3r na wrze\u015bniowe wakacje wed\u0142ug &#8220;The Times&#8221;"},"content":{"rendered":"<h1>Hotel Asimina Suites: Jeden z dw\u00f3ch najlepszych hoteli na Cyprze wed\u0142ug &#8220;The Times&#8221; na wrze\u015bniowe wakacje, w\u015br\u00f3d 20 najlepszych hoteli w Europie<\/h1>\n<p>  Z dum\u0105 informujemy, \u017ce gazeta &#8220;The Times&#8221; uzna\u0142a Asimina Suites Hotel za <strong>jeden z dw\u00f3ch najlepszych hoteli<\/strong> na Cyprze spo\u015br\u00f3d 20 najlepszych hoteli w Europie na wrze\u015bniowe wakacje.<br \/>\nPrzeznaczony tylko dla doros\u0142ych hotel Constantinou Bros Asimina Suites, luksusowy hotel z apartamentami, z w\u0142asn\u0105 piaszczyst\u0105 pla\u017c\u0105, prywatnymi basenami i kabinami oferuje pi\u0119kne widoki na zach\u00f3d s\u0142o\u0144ca.<br \/>\nZrelaksuj\u0105 si\u0119 Pa\u0144stwo i poprawi\u0105 swoje samopoczucie w spokojnej atmosferze naszego Elixir Spa.<br \/>\nHotelowe restauracje zagwarantuj\u0105 Pa\u0144stwu niezapomniane doznania kulinarne dzi\u0119ki wyj\u0105tkowej jako\u015bci i nienagannej obs\u0142udze.<br \/>\nJe\u015bli chc\u0105 Pa\u0144stwo kupi\u0107 wysokiej jako\u015bci esej, kt\u00f3ry jest najwy\u017cszej jako\u015bci, prosz\u0119 zaufa\u0107 DoMyEssay.<br \/>\nPisarze DoMyEssay zostali zweryfikowani i przetestowani, aby udowodni\u0107, \u017ce maj\u0105 do\u015bwiadczenie w tematach, na kt\u00f3re pisz\u0105.<br \/>\nDoMyEssay posiada \u015bcis\u0142e regulacje w celu ochrony Pa\u0144stwa prywatnych informacji, w tym danych dotycz\u0105cych p\u0142atno\u015bci, a <a href=\"https:\/\/us.payforessay.net\/\">autor esej\u00f3w<\/a> daje gwarancj\u0119 zwrotu pieni\u0119dzy.<br \/>\nProsz\u0119 si\u0119 nie martwi\u0107, je\u015bli dokument nie zostanie dostarczony w okre\u015blonym czasie.       <\/p>\n","protected":false},"excerpt":{"rendered":"<p>Hotel Asimina Suites: Jeden z dw\u00f3ch najlepszych hoteli na Cyprze wed\u0142ug &#8220;The Times&#8221; na wrze\u015bniowe wakacje, w\u015br\u00f3d 20 najlepszych hoteli w Europie Z dum\u0105 informujemy, \u017ce gazeta &#8220;The Times&#8221; uzna\u0142a Asimina Suites Hotel za jeden z dw\u00f3ch najlepszych hoteli na Cyprze spo\u015br\u00f3d 20 najlepszych hoteli w Europie na wrze\u015bniowe wakacje. Przeznaczony tylko dla doros\u0142ych hotel<\/p>\n","protected":false},"author":2,"featured_media":40178,"parent":0,"menu_order":0,"comment_status":"closed","ping_status":"closed","template":"","meta":{"_acf_changed":false,"footnotes":""},"class_list":["post-37256","page","type-page","status-publish","has-post-thumbnail","hentry"],"acf":[],"yoast_head":"<!-- This site is optimized with the Yoast SEO plugin v27.3 - https:\/\/yoast.com\/product\/yoast-seo-wordpress\/ -->\n<title>Hotel Asimina Suites - najlepszy wyb\u00f3r na wrze\u015bniowe wakacje wed\u0142ug &quot;The Times&quot; - Constantinou Bros Hotels<\/title>\n<meta name=\"description\" content=\"Asimina Suites Hotel jest jednym z dw\u00f3ch najlepszych hoteli na Cyprze wed\u0142ug &quot;The Times&quot; spo\u015br\u00f3d 20 najlepszych hoteli w ca\u0142ej Europie na wrze\u015bniowe wakacje.\" \/>\n<meta name=\"robots\" content=\"index, follow, max-snippet:-1, max-image-preview:large, max-video-preview:-1\" \/>\n<link rel=\"canonical\" href=\"https:\/\/www.cbh-cyprus.com\/pl\/hotel-asimina-suites-najlepszy-wybor-na-wrzesniowe-wakacje-wedlug-the-times\/\" \/>\n<meta property=\"og:locale\" content=\"pl_PL\" \/>\n<meta property=\"og:type\" content=\"article\" \/>\n<meta property=\"og:title\" content=\"Hotel Asimina Suites - najlepszy wyb\u00f3r na wrze\u015bniowe wakacje wed\u0142ug &quot;The Times&quot; - Constantinou Bros Hotels\" \/>\n<meta property=\"og:description\" content=\"Asimina Suites Hotel jest jednym z dw\u00f3ch najlepszych hoteli na Cyprze wed\u0142ug &quot;The Times&quot; spo\u015br\u00f3d 20 najlepszych hoteli w ca\u0142ej Europie na wrze\u015bniowe wakacje.\" \/>\n<meta property=\"og:url\" content=\"https:\/\/www.cbh-cyprus.com\/pl\/hotel-asimina-suites-najlepszy-wybor-na-wrzesniowe-wakacje-wedlug-the-times\/\" \/>\n<meta property=\"og:site_name\" content=\"Constantinou Bros Hotels\" \/>\n<meta property=\"article:modified_time\" content=\"2024-09-13T08:49:07+00:00\" \/>\n<meta property=\"og:image\" content=\"https:\/\/www.cbh-cyprus.com\/app\/uploads\/sites\/30\/2020\/03\/Untitled-design-22.png\" \/>\n\t<meta property=\"og:image:width\" content=\"1080\" \/>\n\t<meta property=\"og:image:height\" content=\"1080\" \/>\n\t<meta property=\"og:image:type\" content=\"image\/png\" \/>\n<meta name=\"twitter:card\" content=\"summary_large_image\" \/>\n<meta name=\"twitter:label1\" content=\"Est. reading time\" \/>\n\t<meta name=\"twitter:data1\" content=\"1 minute\" \/>\n<script type=\"application\/ld+json\" class=\"yoast-schema-graph\">{\"@context\":\"https:\\\/\\\/schema.org\",\"@graph\":[{\"@type\":\"WebPage\",\"@id\":\"https:\\\/\\\/www.cbh-cyprus.com\\\/pl\\\/hotel-asimina-suites-najlepszy-wybor-na-wrzesniowe-wakacje-wedlug-the-times\\\/\",\"url\":\"https:\\\/\\\/www.cbh-cyprus.com\\\/pl\\\/hotel-asimina-suites-najlepszy-wybor-na-wrzesniowe-wakacje-wedlug-the-times\\\/\",\"name\":\"Hotel Asimina Suites - najlepszy wyb\u00f3r na wrze\u015bniowe wakacje wed\u0142ug \\\"The Times\\\" - Constantinou Bros Hotels\",\"isPartOf\":{\"@id\":\"https:\\\/\\\/www.cbh-cyprus.com\\\/pl\\\/#website\"},\"primaryImageOfPage\":{\"@id\":\"https:\\\/\\\/www.cbh-cyprus.com\\\/pl\\\/hotel-asimina-suites-najlepszy-wybor-na-wrzesniowe-wakacje-wedlug-the-times\\\/#primaryimage\"},\"image\":{\"@id\":\"https:\\\/\\\/www.cbh-cyprus.com\\\/pl\\\/hotel-asimina-suites-najlepszy-wybor-na-wrzesniowe-wakacje-wedlug-the-times\\\/#primaryimage\"},\"thumbnailUrl\":\"https:\\\/\\\/www.cbh-cyprus.com\\\/app\\\/uploads\\\/sites\\\/30\\\/2020\\\/03\\\/Untitled-design-22.png\",\"datePublished\":\"2024-07-23T09:17:45+00:00\",\"dateModified\":\"2024-09-13T08:49:07+00:00\",\"description\":\"Asimina Suites Hotel jest jednym z dw\u00f3ch najlepszych hoteli na Cyprze wed\u0142ug \\\"The Times\\\" spo\u015br\u00f3d 20 najlepszych hoteli w ca\u0142ej Europie na wrze\u015bniowe wakacje.\",\"breadcrumb\":{\"@id\":\"https:\\\/\\\/www.cbh-cyprus.com\\\/pl\\\/hotel-asimina-suites-najlepszy-wybor-na-wrzesniowe-wakacje-wedlug-the-times\\\/#breadcrumb\"},\"inLanguage\":\"pl-PL\",\"potentialAction\":[{\"@type\":\"ReadAction\",\"target\":[\"https:\\\/\\\/www.cbh-cyprus.com\\\/pl\\\/hotel-asimina-suites-najlepszy-wybor-na-wrzesniowe-wakacje-wedlug-the-times\\\/\"]}]},{\"@type\":\"ImageObject\",\"inLanguage\":\"pl-PL\",\"@id\":\"https:\\\/\\\/www.cbh-cyprus.com\\\/pl\\\/hotel-asimina-suites-najlepszy-wybor-na-wrzesniowe-wakacje-wedlug-the-times\\\/#primaryimage\",\"url\":\"https:\\\/\\\/www.cbh-cyprus.com\\\/app\\\/uploads\\\/sites\\\/30\\\/2020\\\/03\\\/Untitled-design-22.png\",\"contentUrl\":\"https:\\\/\\\/www.cbh-cyprus.com\\\/app\\\/uploads\\\/sites\\\/30\\\/2020\\\/03\\\/Untitled-design-22.png\",\"width\":1080,\"height\":1080},{\"@type\":\"BreadcrumbList\",\"@id\":\"https:\\\/\\\/www.cbh-cyprus.com\\\/pl\\\/hotel-asimina-suites-najlepszy-wybor-na-wrzesniowe-wakacje-wedlug-the-times\\\/#breadcrumb\",\"itemListElement\":[{\"@type\":\"ListItem\",\"position\":1,\"name\":\"Home\",\"item\":\"https:\\\/\\\/www.cbh-cyprus.com\\\/pl\\\/welcome-to-constantinou-bros-hotels\\\/\"},{\"@type\":\"ListItem\",\"position\":2,\"name\":\"Hotel Asimina Suites &#8211; najlepszy wyb\u00f3r na wrze\u015bniowe wakacje wed\u0142ug &#8220;The Times&#8221;\"}]},{\"@type\":\"WebSite\",\"@id\":\"https:\\\/\\\/www.cbh-cyprus.com\\\/pl\\\/#website\",\"url\":\"https:\\\/\\\/www.cbh-cyprus.com\\\/pl\\\/\",\"name\":\"Constantinou Bros Hotels\",\"description\":\"Constantinou Bros Hotels\",\"publisher\":{\"@id\":\"https:\\\/\\\/www.cbh-cyprus.com\\\/pl\\\/#organization\"},\"potentialAction\":[{\"@type\":\"SearchAction\",\"target\":{\"@type\":\"EntryPoint\",\"urlTemplate\":\"https:\\\/\\\/www.cbh-cyprus.com\\\/pl\\\/?s={search_term_string}\"},\"query-input\":{\"@type\":\"PropertyValueSpecification\",\"valueRequired\":true,\"valueName\":\"search_term_string\"}}],\"inLanguage\":\"pl-PL\"},{\"@type\":\"Organization\",\"@id\":\"https:\\\/\\\/www.cbh-cyprus.com\\\/pl\\\/#organization\",\"name\":\"Constantinou Bros Hotels\",\"url\":\"https:\\\/\\\/www.cbh-cyprus.com\\\/pl\\\/\",\"logo\":{\"@type\":\"ImageObject\",\"inLanguage\":\"pl-PL\",\"@id\":\"https:\\\/\\\/www.cbh-cyprus.com\\\/pl\\\/#\\\/schema\\\/logo\\\/image\\\/\",\"url\":\"https:\\\/\\\/www.cbh-cyprus.com\\\/app\\\/uploads\\\/sites\\\/30\\\/2020\\\/10\\\/cbh.jpg\",\"contentUrl\":\"https:\\\/\\\/www.cbh-cyprus.com\\\/app\\\/uploads\\\/sites\\\/30\\\/2020\\\/10\\\/cbh.jpg\",\"width\":1013,\"height\":419,\"caption\":\"Constantinou Bros Hotels\"},\"image\":{\"@id\":\"https:\\\/\\\/www.cbh-cyprus.com\\\/pl\\\/#\\\/schema\\\/logo\\\/image\\\/\"}}]}<\/script>\n<!-- \/ Yoast SEO plugin. -->","yoast_head_json":{"title":"Hotel Asimina Suites - najlepszy wyb\u00f3r na wrze\u015bniowe wakacje wed\u0142ug \"The Times\" - Constantinou Bros Hotels","description":"Asimina Suites Hotel jest jednym z dw\u00f3ch najlepszych hoteli na Cyprze wed\u0142ug \"The Times\" spo\u015br\u00f3d 20 najlepszych hoteli w ca\u0142ej Europie na wrze\u015bniowe wakacje.","robots":{"index":"index","follow":"follow","max-snippet":"max-snippet:-1","max-image-preview":"max-image-preview:large","max-video-preview":"max-video-preview:-1"},"canonical":"https:\/\/www.cbh-cyprus.com\/pl\/hotel-asimina-suites-najlepszy-wybor-na-wrzesniowe-wakacje-wedlug-the-times\/","og_locale":"pl_PL","og_type":"article","og_title":"Hotel Asimina Suites - najlepszy wyb\u00f3r na wrze\u015bniowe wakacje wed\u0142ug \"The Times\" - Constantinou Bros Hotels","og_description":"Asimina Suites Hotel jest jednym z dw\u00f3ch najlepszych hoteli na Cyprze wed\u0142ug \"The Times\" spo\u015br\u00f3d 20 najlepszych hoteli w ca\u0142ej Europie na wrze\u015bniowe wakacje.","og_url":"https:\/\/www.cbh-cyprus.com\/pl\/hotel-asimina-suites-najlepszy-wybor-na-wrzesniowe-wakacje-wedlug-the-times\/","og_site_name":"Constantinou Bros Hotels","article_modified_time":"2024-09-13T08:49:07+00:00","og_image":[{"width":1080,"height":1080,"url":"https:\/\/www.cbh-cyprus.com\/app\/uploads\/sites\/30\/2020\/03\/Untitled-design-22.png","type":"image\/png"}],"twitter_card":"summary_large_image","twitter_misc":{"Est. reading time":"1 minute"},"schema":{"@context":"https:\/\/schema.org","@graph":[{"@type":"WebPage","@id":"https:\/\/www.cbh-cyprus.com\/pl\/hotel-asimina-suites-najlepszy-wybor-na-wrzesniowe-wakacje-wedlug-the-times\/","url":"https:\/\/www.cbh-cyprus.com\/pl\/hotel-asimina-suites-najlepszy-wybor-na-wrzesniowe-wakacje-wedlug-the-times\/","name":"Hotel Asimina Suites - najlepszy wyb\u00f3r na wrze\u015bniowe wakacje wed\u0142ug \"The Times\" - Constantinou Bros Hotels","isPartOf":{"@id":"https:\/\/www.cbh-cyprus.com\/pl\/#website"},"primaryImageOfPage":{"@id":"https:\/\/www.cbh-cyprus.com\/pl\/hotel-asimina-suites-najlepszy-wybor-na-wrzesniowe-wakacje-wedlug-the-times\/#primaryimage"},"image":{"@id":"https:\/\/www.cbh-cyprus.com\/pl\/hotel-asimina-suites-najlepszy-wybor-na-wrzesniowe-wakacje-wedlug-the-times\/#primaryimage"},"thumbnailUrl":"https:\/\/www.cbh-cyprus.com\/app\/uploads\/sites\/30\/2020\/03\/Untitled-design-22.png","datePublished":"2024-07-23T09:17:45+00:00","dateModified":"2024-09-13T08:49:07+00:00","description":"Asimina Suites Hotel jest jednym z dw\u00f3ch najlepszych hoteli na Cyprze wed\u0142ug \"The Times\" spo\u015br\u00f3d 20 najlepszych hoteli w ca\u0142ej Europie na wrze\u015bniowe wakacje.","breadcrumb":{"@id":"https:\/\/www.cbh-cyprus.com\/pl\/hotel-asimina-suites-najlepszy-wybor-na-wrzesniowe-wakacje-wedlug-the-times\/#breadcrumb"},"inLanguage":"pl-PL","potentialAction":[{"@type":"ReadAction","target":["https:\/\/www.cbh-cyprus.com\/pl\/hotel-asimina-suites-najlepszy-wybor-na-wrzesniowe-wakacje-wedlug-the-times\/"]}]},{"@type":"ImageObject","inLanguage":"pl-PL","@id":"https:\/\/www.cbh-cyprus.com\/pl\/hotel-asimina-suites-najlepszy-wybor-na-wrzesniowe-wakacje-wedlug-the-times\/#primaryimage","url":"https:\/\/www.cbh-cyprus.com\/app\/uploads\/sites\/30\/2020\/03\/Untitled-design-22.png","contentUrl":"https:\/\/www.cbh-cyprus.com\/app\/uploads\/sites\/30\/2020\/03\/Untitled-design-22.png","width":1080,"height":1080},{"@type":"BreadcrumbList","@id":"https:\/\/www.cbh-cyprus.com\/pl\/hotel-asimina-suites-najlepszy-wybor-na-wrzesniowe-wakacje-wedlug-the-times\/#breadcrumb","itemListElement":[{"@type":"ListItem","position":1,"name":"Home","item":"https:\/\/www.cbh-cyprus.com\/pl\/welcome-to-constantinou-bros-hotels\/"},{"@type":"ListItem","position":2,"name":"Hotel Asimina Suites &#8211; najlepszy wyb\u00f3r na wrze\u015bniowe wakacje wed\u0142ug &#8220;The Times&#8221;"}]},{"@type":"WebSite","@id":"https:\/\/www.cbh-cyprus.com\/pl\/#website","url":"https:\/\/www.cbh-cyprus.com\/pl\/","name":"Constantinou Bros Hotels","description":"Constantinou Bros Hotels","publisher":{"@id":"https:\/\/www.cbh-cyprus.com\/pl\/#organization"},"potentialAction":[{"@type":"SearchAction","target":{"@type":"EntryPoint","urlTemplate":"https:\/\/www.cbh-cyprus.com\/pl\/?s={search_term_string}"},"query-input":{"@type":"PropertyValueSpecification","valueRequired":true,"valueName":"search_term_string"}}],"inLanguage":"pl-PL"},{"@type":"Organization","@id":"https:\/\/www.cbh-cyprus.com\/pl\/#organization","name":"Constantinou Bros Hotels","url":"https:\/\/www.cbh-cyprus.com\/pl\/","logo":{"@type":"ImageObject","inLanguage":"pl-PL","@id":"https:\/\/www.cbh-cyprus.com\/pl\/#\/schema\/logo\/image\/","url":"https:\/\/www.cbh-cyprus.com\/app\/uploads\/sites\/30\/2020\/10\/cbh.jpg","contentUrl":"https:\/\/www.cbh-cyprus.com\/app\/uploads\/sites\/30\/2020\/10\/cbh.jpg","width":1013,"height":419,"caption":"Constantinou Bros Hotels"},"image":{"@id":"https:\/\/www.cbh-cyprus.com\/pl\/#\/schema\/logo\/image\/"}}]}},"_links":{"self":[{"href":"https:\/\/www.cbh-cyprus.com\/pl\/wp-json\/wp\/v2\/pages\/37256","targetHints":{"allow":["GET"]}}],"collection":[{"href":"https:\/\/www.cbh-cyprus.com\/pl\/wp-json\/wp\/v2\/pages"}],"about":[{"href":"https:\/\/www.cbh-cyprus.com\/pl\/wp-json\/wp\/v2\/types\/page"}],"author":[{"embeddable":true,"href":"https:\/\/www.cbh-cyprus.com\/pl\/wp-json\/wp\/v2\/users\/2"}],"replies":[{"embeddable":true,"href":"https:\/\/www.cbh-cyprus.com\/pl\/wp-json\/wp\/v2\/comments?post=37256"}],"version-history":[{"count":1,"href":"https:\/\/www.cbh-cyprus.com\/pl\/wp-json\/wp\/v2\/pages\/37256\/revisions"}],"predecessor-version":[{"id":41254,"href":"https:\/\/www.cbh-cyprus.com\/pl\/wp-json\/wp\/v2\/pages\/37256\/revisions\/41254"}],"wp:featuredmedia":[{"embeddable":true,"href":"https:\/\/www.cbh-cyprus.com\/pl\/wp-json\/wp\/v2\/media\/40178"}],"wp:attachment":[{"href":"https:\/\/www.cbh-cyprus.com\/pl\/wp-json\/wp\/v2\/media?parent=37256"}],"curies":[{"name":"wp","href":"https:\/\/api.w.org\/{rel}","templated":true}]}}