{"id":37266,"date":"2024-07-23T12:17:51","date_gmt":"2024-07-23T09:17:51","guid":{"rendered":"https:\/\/www.cbh-cyprus.com\/grupa\/wiadomosci\/covid-19-aktualizacja\/"},"modified":"2024-07-23T12:17:51","modified_gmt":"2024-07-23T09:17:51","slug":"covid-19-aktualizacja","status":"publish","type":"page","link":"https:\/\/www.cbh-cyprus.com\/pl\/covid-19-aktualizacja\/","title":{"rendered":"AKTUALIZACJA COVID-19"},"content":{"rendered":"<p><strong><em>Promie\u0144 z\u0142otego \u015bwiat\u0142a stale pojawia si\u0119 na ko\u0144cu tunelu&#8230;<\/em><\/strong> Cypr, podobnie jak reszta \u015bwiata, r\u00f3wnie\u017c zosta\u0142 zmuszony do ca\u0142kowitego &#8220;zamkni\u0119cia&#8221;, aby zapobiec rozprzestrzenianiu si\u0119 COVID-19.<br \/>\nPodj\u0119te \u015brodki by\u0142y absolutnie rygorystyczne od pierwszego przypadku zg\u0142oszonego na wyspie, aby ograniczy\u0107 rozprzestrzenianie si\u0119 wirusa i zapewni\u0107 szybk\u0105 eliminacj\u0119 tej bezprecedensowej sytuacji.<br \/>\nWszystkie porty wjazdowe zosta\u0142y ca\u0142kowicie zamkni\u0119te, a dzia\u0142alno\u015b\u0107 gospodarcza (z wyj\u0105tkiem supermarket\u00f3w, aptek i podstawowych us\u0142ug), zar\u00f3wno w sektorze prywatnym, jak i publicznym, zosta\u0142a ca\u0142kowicie wstrzymana.<br \/>\nZezwolenie na wyj\u015bcie na zewn\u0105trz by\u0142o wydawane raz dziennie przez rz\u0105d za po\u015brednictwem SMS-a zatwierdzaj\u0105cego i wprowadzono pe\u0142n\u0105 wieczorn\u0105 godzin\u0119 policyjn\u0105 od 21:00 do 6:00 rano.<br \/>\nPodr\u00f3\u017c by\u0142a bardzo trudna, jednak surowe ograniczenia by\u0142y warte naszych wysi\u0142k\u00f3w.<br \/>\nOd poniedzia\u0142ku<sup>4<\/sup> maja otrzymali\u015bmy zgod\u0119 na wej\u015bcie w <strong>faz\u0119 1<\/strong> \u0142agodzenia w kierunku wyj\u015bcia z blokady!<br \/>\nMi\u0119dzy innymi ma\u0142e sklepy i niekt\u00f3re firmy, w tym firmy turystyczne, s\u0105 stopniowo otwierane z zachowaniem \u015bcis\u0142ych \u015brodk\u00f3w higieny i dystansu spo\u0142ecznego.<br \/>\nNadal jednak wymagane jest wysy\u0142anie SMS-\u00f3w z pro\u015bb\u0105 o pozwolenie na wyj\u015bcie, a wieczorna godzina policyjna zosta\u0142a przesuni\u0119ta o godzin\u0119 p\u00f3\u017aniej (od 22:00 do 6:00 rano).<br \/>\nJe\u015bli uda nam si\u0119 utrzyma\u0107 liczb\u0119 nowych przypadk\u00f3w na poziomie jednocyfrowym, w\u00f3wczas <strong>Faza 2<\/strong> &#8220;drogi do wyj\u015bcia z blokady&#8221; zostanie wdro\u017cona mi\u0119dzy<sup>21<\/sup> maja a<sup>8<\/sup> czerwca.<br \/>\nObejmie to ponowne otwarcie salon\u00f3w fryzjerskich i kosmetycznych, us\u0142ug gastronomicznych na \u015bwie\u017cym powietrzu, muze\u00f3w i stanowisk archeologicznych, by wymieni\u0107 tylko kilka.<br \/>\nZezwolenie na przemieszczanie si\u0119 za pomoc\u0105 SMS-\u00f3w zostanie ca\u0142kowicie zniesione, w tym r\u00f3wnie\u017c indywidualne przemieszczanie si\u0119 mi\u0119dzy godzin\u0105 22:00 a 6:00 rano&#8230; dozwolone b\u0119d\u0105 jednak tylko zgromadzenia do maksymalnie 10 os\u00f3b. <strong>Faza 3<\/strong> (<sup>9<\/sup> czerwca &#8211;<sup>13<\/sup> lipca) najprawdopodobniej obejmie otwarcie kolejnych obiekt\u00f3w, w tym lotnisk (stopniowo i warunkowo), hoteli i pla\u017c, a tak\u017ce us\u0142ug gastronomicznych wewn\u0105trz i na zewn\u0105trz, wraz ze zniesieniem wszelkich ogranicze\u0144 dotycz\u0105cych indywidualnego przemieszczania si\u0119.<br \/>\nOczywi\u015bcie ten bardzo wa\u017cny krok poci\u0105gnie za sob\u0105 kompleksowe \u015brodki higieny i ochrony zar\u00f3wno dla odwiedzaj\u0105cych Cypr, jak i dla personelu obs\u0142uguj\u0105cego wszystkie odpowiednie obiekty.<br \/>\nJu\u017c teraz wiceminister turystyki we wsp\u00f3\u0142pracy z zarz\u0105dem Cypryjskiego Stowarzyszenia Hotelarzy i hotelarzami na wyspie ci\u0119\u017cko pracuj\u0105 nad stworzeniem skutecznej kampanii, kt\u00f3ra zostanie zastosowana. W <strong>fazie 4<\/strong> (od<sup>14<\/sup> lipca) wszystkie teatry, kina, festiwale, kasyna itp. zostan\u0105 ponownie otwarte dla publiczno\u015bci.<br \/>\nDroga powrotna do &#8220;normalno\u015bci&#8221; z pewno\u015bci\u0105 b\u0119dzie stopniowa, jednak chcieliby\u015bmy zapewni\u0107 Pa\u0144stwa, \u017ce Constantinou Bros Hotels podj\u0119\u0142o zmienione \u015brodki i wdro\u017cy\u0142o jeszcze bardziej rygorystyczne protoko\u0142y, aby zapewni\u0107, \u017ce po otrzymaniu zielonego \u015bwiat\u0142a, zdrowie i dobre samopoczucie naszych go\u015bci jest zabezpieczone, po ponownym uruchomieniu naszych hoteli.<br \/>\nProsz\u0119 pozosta\u0107 bezpiecznym &#8230; nie mo\u017cemy si\u0119 doczeka\u0107, aby zobaczy\u0107 was wszystkich z powrotem w s\u0142onecznym Pafos &#8230; ju\u017c wkr\u00f3tce!              <\/p>\n","protected":false},"excerpt":{"rendered":"<p>Promie\u0144 z\u0142otego \u015bwiat\u0142a stale pojawia si\u0119 na ko\u0144cu tunelu&#8230; Cypr, podobnie jak reszta \u015bwiata, r\u00f3wnie\u017c zosta\u0142 zmuszony do ca\u0142kowitego &#8220;zamkni\u0119cia&#8221;, aby zapobiec rozprzestrzenianiu si\u0119 COVID-19. Podj\u0119te \u015brodki by\u0142y absolutnie rygorystyczne od pierwszego przypadku zg\u0142oszonego na wyspie, aby ograniczy\u0107 rozprzestrzenianie si\u0119 wirusa i zapewni\u0107 szybk\u0105 eliminacj\u0119 tej bezprecedensowej sytuacji. Wszystkie porty wjazdowe zosta\u0142y ca\u0142kowicie zamkni\u0119te, a<\/p>\n","protected":false},"author":100,"featured_media":37267,"parent":0,"menu_order":0,"comment_status":"closed","ping_status":"closed","template":"","meta":{"_acf_changed":false,"footnotes":""},"class_list":["post-37266","page","type-page","status-publish","has-post-thumbnail","hentry"],"acf":[],"yoast_head":"<!-- This site is optimized with the Yoast SEO plugin v27.3 - https:\/\/yoast.com\/product\/yoast-seo-wordpress\/ -->\n<title>AKTUALIZACJA COVID-19 - Constantinou Bros Hotels<\/title>\n<meta name=\"robots\" content=\"index, follow, max-snippet:-1, max-image-preview:large, max-video-preview:-1\" \/>\n<link rel=\"canonical\" href=\"https:\/\/www.cbh-cyprus.com\/pl\/covid-19-aktualizacja\/\" \/>\n<meta property=\"og:locale\" content=\"pl_PL\" \/>\n<meta property=\"og:type\" content=\"article\" \/>\n<meta property=\"og:title\" content=\"AKTUALIZACJA COVID-19 - Constantinou Bros Hotels\" \/>\n<meta property=\"og:description\" content=\"Promie\u0144 z\u0142otego \u015bwiat\u0142a stale pojawia si\u0119 na ko\u0144cu tunelu&#8230; Cypr, podobnie jak reszta \u015bwiata, r\u00f3wnie\u017c zosta\u0142 zmuszony do ca\u0142kowitego &#8220;zamkni\u0119cia&#8221;, aby zapobiec rozprzestrzenianiu si\u0119 COVID-19. Podj\u0119te \u015brodki by\u0142y absolutnie rygorystyczne od pierwszego przypadku zg\u0142oszonego na wyspie, aby ograniczy\u0107 rozprzestrzenianie si\u0119 wirusa i zapewni\u0107 szybk\u0105 eliminacj\u0119 tej bezprecedensowej sytuacji. Wszystkie porty wjazdowe zosta\u0142y ca\u0142kowicie zamkni\u0119te, a\" \/>\n<meta property=\"og:url\" content=\"https:\/\/www.cbh-cyprus.com\/pl\/covid-19-aktualizacja\/\" \/>\n<meta property=\"og:site_name\" content=\"Constantinou Bros Hotels\" \/>\n<meta name=\"twitter:card\" content=\"summary_large_image\" \/>\n<meta name=\"twitter:label1\" content=\"Est. reading time\" \/>\n\t<meta name=\"twitter:data1\" content=\"3 minutes\" \/>\n<script type=\"application\/ld+json\" class=\"yoast-schema-graph\">{\"@context\":\"https:\\\/\\\/schema.org\",\"@graph\":[{\"@type\":\"WebPage\",\"@id\":\"https:\\\/\\\/www.cbh-cyprus.com\\\/pl\\\/covid-19-aktualizacja\\\/\",\"url\":\"https:\\\/\\\/www.cbh-cyprus.com\\\/pl\\\/covid-19-aktualizacja\\\/\",\"name\":\"AKTUALIZACJA COVID-19 - Constantinou Bros Hotels\",\"isPartOf\":{\"@id\":\"https:\\\/\\\/www.cbh-cyprus.com\\\/pl\\\/#website\"},\"primaryImageOfPage\":{\"@id\":\"https:\\\/\\\/www.cbh-cyprus.com\\\/pl\\\/covid-19-aktualizacja\\\/#primaryimage\"},\"image\":{\"@id\":\"https:\\\/\\\/www.cbh-cyprus.com\\\/pl\\\/covid-19-aktualizacja\\\/#primaryimage\"},\"thumbnailUrl\":\"https:\\\/\\\/www.cbh-cyprus.com\\\/app\\\/uploads\\\/sites\\\/30\\\/2020\\\/05\\\/Polish_20200507_214138271-1.jpg\",\"datePublished\":\"2024-07-23T09:17:51+00:00\",\"breadcrumb\":{\"@id\":\"https:\\\/\\\/www.cbh-cyprus.com\\\/pl\\\/covid-19-aktualizacja\\\/#breadcrumb\"},\"inLanguage\":\"pl-PL\",\"potentialAction\":[{\"@type\":\"ReadAction\",\"target\":[\"https:\\\/\\\/www.cbh-cyprus.com\\\/pl\\\/covid-19-aktualizacja\\\/\"]}]},{\"@type\":\"ImageObject\",\"inLanguage\":\"pl-PL\",\"@id\":\"https:\\\/\\\/www.cbh-cyprus.com\\\/pl\\\/covid-19-aktualizacja\\\/#primaryimage\",\"url\":\"https:\\\/\\\/www.cbh-cyprus.com\\\/app\\\/uploads\\\/sites\\\/30\\\/2020\\\/05\\\/Polish_20200507_214138271-1.jpg\",\"contentUrl\":\"https:\\\/\\\/www.cbh-cyprus.com\\\/app\\\/uploads\\\/sites\\\/30\\\/2020\\\/05\\\/Polish_20200507_214138271-1.jpg\",\"width\":1920,\"height\":1920},{\"@type\":\"BreadcrumbList\",\"@id\":\"https:\\\/\\\/www.cbh-cyprus.com\\\/pl\\\/covid-19-aktualizacja\\\/#breadcrumb\",\"itemListElement\":[{\"@type\":\"ListItem\",\"position\":1,\"name\":\"Home\",\"item\":\"https:\\\/\\\/www.cbh-cyprus.com\\\/pl\\\/welcome-to-constantinou-bros-hotels\\\/\"},{\"@type\":\"ListItem\",\"position\":2,\"name\":\"Grupa\",\"item\":\"https:\\\/\\\/www.cbh-cyprus.com\\\/pl\\\/grupa\\\/\"},{\"@type\":\"ListItem\",\"position\":3,\"name\":\"Aktualno\u015bci\",\"item\":\"https:\\\/\\\/www.cbh-cyprus.com\\\/pl\\\/?page_id=37214\"},{\"@type\":\"ListItem\",\"position\":4,\"name\":\"AKTUALIZACJA COVID-19\"}]},{\"@type\":\"WebSite\",\"@id\":\"https:\\\/\\\/www.cbh-cyprus.com\\\/pl\\\/#website\",\"url\":\"https:\\\/\\\/www.cbh-cyprus.com\\\/pl\\\/\",\"name\":\"Constantinou Bros Hotels\",\"description\":\"Constantinou Bros Hotels\",\"publisher\":{\"@id\":\"https:\\\/\\\/www.cbh-cyprus.com\\\/pl\\\/#organization\"},\"potentialAction\":[{\"@type\":\"SearchAction\",\"target\":{\"@type\":\"EntryPoint\",\"urlTemplate\":\"https:\\\/\\\/www.cbh-cyprus.com\\\/pl\\\/?s={search_term_string}\"},\"query-input\":{\"@type\":\"PropertyValueSpecification\",\"valueRequired\":true,\"valueName\":\"search_term_string\"}}],\"inLanguage\":\"pl-PL\"},{\"@type\":\"Organization\",\"@id\":\"https:\\\/\\\/www.cbh-cyprus.com\\\/pl\\\/#organization\",\"name\":\"Constantinou Bros Hotels\",\"url\":\"https:\\\/\\\/www.cbh-cyprus.com\\\/pl\\\/\",\"logo\":{\"@type\":\"ImageObject\",\"inLanguage\":\"pl-PL\",\"@id\":\"https:\\\/\\\/www.cbh-cyprus.com\\\/pl\\\/#\\\/schema\\\/logo\\\/image\\\/\",\"url\":\"https:\\\/\\\/www.cbh-cyprus.com\\\/app\\\/uploads\\\/sites\\\/30\\\/2020\\\/10\\\/cbh.jpg\",\"contentUrl\":\"https:\\\/\\\/www.cbh-cyprus.com\\\/app\\\/uploads\\\/sites\\\/30\\\/2020\\\/10\\\/cbh.jpg\",\"width\":1013,\"height\":419,\"caption\":\"Constantinou Bros Hotels\"},\"image\":{\"@id\":\"https:\\\/\\\/www.cbh-cyprus.com\\\/pl\\\/#\\\/schema\\\/logo\\\/image\\\/\"}}]}<\/script>\n<!-- \/ Yoast SEO plugin. -->","yoast_head_json":{"title":"AKTUALIZACJA COVID-19 - Constantinou Bros Hotels","robots":{"index":"index","follow":"follow","max-snippet":"max-snippet:-1","max-image-preview":"max-image-preview:large","max-video-preview":"max-video-preview:-1"},"canonical":"https:\/\/www.cbh-cyprus.com\/pl\/covid-19-aktualizacja\/","og_locale":"pl_PL","og_type":"article","og_title":"AKTUALIZACJA COVID-19 - Constantinou Bros Hotels","og_description":"Promie\u0144 z\u0142otego \u015bwiat\u0142a stale pojawia si\u0119 na ko\u0144cu tunelu&#8230; Cypr, podobnie jak reszta \u015bwiata, r\u00f3wnie\u017c zosta\u0142 zmuszony do ca\u0142kowitego &#8220;zamkni\u0119cia&#8221;, aby zapobiec rozprzestrzenianiu si\u0119 COVID-19. Podj\u0119te \u015brodki by\u0142y absolutnie rygorystyczne od pierwszego przypadku zg\u0142oszonego na wyspie, aby ograniczy\u0107 rozprzestrzenianie si\u0119 wirusa i zapewni\u0107 szybk\u0105 eliminacj\u0119 tej bezprecedensowej sytuacji. Wszystkie porty wjazdowe zosta\u0142y ca\u0142kowicie zamkni\u0119te, a","og_url":"https:\/\/www.cbh-cyprus.com\/pl\/covid-19-aktualizacja\/","og_site_name":"Constantinou Bros Hotels","twitter_card":"summary_large_image","twitter_misc":{"Est. reading time":"3 minutes"},"schema":{"@context":"https:\/\/schema.org","@graph":[{"@type":"WebPage","@id":"https:\/\/www.cbh-cyprus.com\/pl\/covid-19-aktualizacja\/","url":"https:\/\/www.cbh-cyprus.com\/pl\/covid-19-aktualizacja\/","name":"AKTUALIZACJA COVID-19 - Constantinou Bros Hotels","isPartOf":{"@id":"https:\/\/www.cbh-cyprus.com\/pl\/#website"},"primaryImageOfPage":{"@id":"https:\/\/www.cbh-cyprus.com\/pl\/covid-19-aktualizacja\/#primaryimage"},"image":{"@id":"https:\/\/www.cbh-cyprus.com\/pl\/covid-19-aktualizacja\/#primaryimage"},"thumbnailUrl":"https:\/\/www.cbh-cyprus.com\/app\/uploads\/sites\/30\/2020\/05\/Polish_20200507_214138271-1.jpg","datePublished":"2024-07-23T09:17:51+00:00","breadcrumb":{"@id":"https:\/\/www.cbh-cyprus.com\/pl\/covid-19-aktualizacja\/#breadcrumb"},"inLanguage":"pl-PL","potentialAction":[{"@type":"ReadAction","target":["https:\/\/www.cbh-cyprus.com\/pl\/covid-19-aktualizacja\/"]}]},{"@type":"ImageObject","inLanguage":"pl-PL","@id":"https:\/\/www.cbh-cyprus.com\/pl\/covid-19-aktualizacja\/#primaryimage","url":"https:\/\/www.cbh-cyprus.com\/app\/uploads\/sites\/30\/2020\/05\/Polish_20200507_214138271-1.jpg","contentUrl":"https:\/\/www.cbh-cyprus.com\/app\/uploads\/sites\/30\/2020\/05\/Polish_20200507_214138271-1.jpg","width":1920,"height":1920},{"@type":"BreadcrumbList","@id":"https:\/\/www.cbh-cyprus.com\/pl\/covid-19-aktualizacja\/#breadcrumb","itemListElement":[{"@type":"ListItem","position":1,"name":"Home","item":"https:\/\/www.cbh-cyprus.com\/pl\/welcome-to-constantinou-bros-hotels\/"},{"@type":"ListItem","position":2,"name":"Grupa","item":"https:\/\/www.cbh-cyprus.com\/pl\/grupa\/"},{"@type":"ListItem","position":3,"name":"Aktualno\u015bci","item":"https:\/\/www.cbh-cyprus.com\/pl\/?page_id=37214"},{"@type":"ListItem","position":4,"name":"AKTUALIZACJA COVID-19"}]},{"@type":"WebSite","@id":"https:\/\/www.cbh-cyprus.com\/pl\/#website","url":"https:\/\/www.cbh-cyprus.com\/pl\/","name":"Constantinou Bros Hotels","description":"Constantinou Bros Hotels","publisher":{"@id":"https:\/\/www.cbh-cyprus.com\/pl\/#organization"},"potentialAction":[{"@type":"SearchAction","target":{"@type":"EntryPoint","urlTemplate":"https:\/\/www.cbh-cyprus.com\/pl\/?s={search_term_string}"},"query-input":{"@type":"PropertyValueSpecification","valueRequired":true,"valueName":"search_term_string"}}],"inLanguage":"pl-PL"},{"@type":"Organization","@id":"https:\/\/www.cbh-cyprus.com\/pl\/#organization","name":"Constantinou Bros Hotels","url":"https:\/\/www.cbh-cyprus.com\/pl\/","logo":{"@type":"ImageObject","inLanguage":"pl-PL","@id":"https:\/\/www.cbh-cyprus.com\/pl\/#\/schema\/logo\/image\/","url":"https:\/\/www.cbh-cyprus.com\/app\/uploads\/sites\/30\/2020\/10\/cbh.jpg","contentUrl":"https:\/\/www.cbh-cyprus.com\/app\/uploads\/sites\/30\/2020\/10\/cbh.jpg","width":1013,"height":419,"caption":"Constantinou Bros Hotels"},"image":{"@id":"https:\/\/www.cbh-cyprus.com\/pl\/#\/schema\/logo\/image\/"}}]}},"_links":{"self":[{"href":"https:\/\/www.cbh-cyprus.com\/pl\/wp-json\/wp\/v2\/pages\/37266","targetHints":{"allow":["GET"]}}],"collection":[{"href":"https:\/\/www.cbh-cyprus.com\/pl\/wp-json\/wp\/v2\/pages"}],"about":[{"href":"https:\/\/www.cbh-cyprus.com\/pl\/wp-json\/wp\/v2\/types\/page"}],"author":[{"embeddable":true,"href":"https:\/\/www.cbh-cyprus.com\/pl\/wp-json\/wp\/v2\/users\/100"}],"replies":[{"embeddable":true,"href":"https:\/\/www.cbh-cyprus.com\/pl\/wp-json\/wp\/v2\/comments?post=37266"}],"version-history":[{"count":0,"href":"https:\/\/www.cbh-cyprus.com\/pl\/wp-json\/wp\/v2\/pages\/37266\/revisions"}],"wp:featuredmedia":[{"embeddable":true,"href":"https:\/\/www.cbh-cyprus.com\/pl\/wp-json\/wp\/v2\/media\/37267"}],"wp:attachment":[{"href":"https:\/\/www.cbh-cyprus.com\/pl\/wp-json\/wp\/v2\/media?parent=37266"}],"curies":[{"name":"wp","href":"https:\/\/api.w.org\/{rel}","templated":true}]}}