{"id":37274,"date":"2024-07-23T12:17:56","date_gmt":"2024-07-23T09:17:56","guid":{"rendered":"https:\/\/www.cbh-cyprus.com\/covid-19-srodki-bezpieczenstwa-zdrowia\/"},"modified":"2024-07-23T12:17:56","modified_gmt":"2024-07-23T09:17:56","slug":"covid-19-srodki-bezpieczenstwa-zdrowia","status":"publish","type":"page","link":"https:\/\/www.cbh-cyprus.com\/pl\/covid-19-srodki-bezpieczenstwa-zdrowia\/","title":{"rendered":"COVID-19 \u015arodki bezpiecze\u0144stwa i higieny pracy"},"content":{"rendered":"<h3><strong>Constantinou Bros og\u0142asza ponowne otwarcie wszystkich hoteli<\/strong><\/h3>\n<p>&nbsp;  W Constantinou Bros Hotels mamy przyjemno\u015b\u0107 og\u0142osi\u0107, \u017ce zaczynamy ponownie otwiera\u0107 nasze hotele.<br \/>\nNiew\u0105tpliwie by\u0142a to trudna sytuacja dla ca\u0142ej planety, jednak rygorystyczne \u015brodki, kt\u00f3re zosta\u0142y natychmiast podj\u0119te przez rz\u0105d cypryjski i wk\u0142ad wszystkich w ich przestrzeganie, szybko przynios\u0142y efekty.<br \/>\n\u015awiatowa Organizacja Zdrowia oficjalnie og\u0142osi\u0142a Cypr <strong>&#8220;najbezpieczniejszym krajem \u015br\u00f3dziemnomorskim i pi\u0105tym najbezpieczniejszym krajem na \u015bwiecie&#8221; <\/strong>. Po przej\u015bciu przez trzy fazy stopniowego rozlu\u017aniania \u015brodk\u00f3w ograniczaj\u0105cych, Cypr znajduje si\u0119 obecnie w uprzywilejowanej sytuacji i mo\u017ce pochwali\u0107 si\u0119 otwarciem i funkcjonowaniem swoich lotnisk, hoteli, transportu publicznego, taks\u00f3wek, stanowisk archeologicznych, muze\u00f3w, restauracji, bar\u00f3w i centr\u00f3w handlowych.   W naszych hotelach naszym priorytetem zawsze by\u0142o bezpiecze\u0144stwo, zdrowie i dobre samopoczucie naszych cennych go\u015bci. Wraz z pojawieniem si\u0119 pandemii Covid-19 w procesach, kt\u00f3rych zawsze przestrzegali\u015bmy, zmieni\u0142o si\u0119 to, \u017ce ulepszyli\u015bmy i zmaksymalizowali\u015bmy istniej\u0105ce \u015brodki higieny i bezpiecze\u0144stwa, w oparciu o protoko\u0142y przedstawione nam przez poni\u017csze oficjalne organy, a tak\u017ce przez konsultant\u00f3w, kt\u00f3rym powierzyli\u015bmy opracowanie nowych proces\u00f3w operacyjnych i szkolenie naszego personelu: \u2713 Cypryjskie Ministerstwo Zdrowia \u2713 Europejskie Centrum Zapobiegania i Kontroli Chor\u00f3b (ECDC) \u2713 \u015awiatowa Organizacja Zdrowia Rozumiemy, \u017ce \u015brodki higieny i dystansu spo\u0142ecznego dotycz\u0105 ka\u017cdego podr\u00f3\u017cnego, ale chcemy Pa\u0144stwa zapewni\u0107, \u017ce podj\u0119li\u015bmy i b\u0119dziemy nadal podejmowa\u0107 wszelkie niezb\u0119dne \u015brodki w celu ochrony naszych go\u015bci i naszego personelu, a my orientacyjnie wymieniamy tutaj najwa\u017cniejsze z nich: \u27a2 Utrzymywanie ob\u0142o\u017cenia hoteli na bezpiecznym poziomie \u27a2 Tabliczki informuj\u0105ce o maksymalnej dozwolonej liczbie os\u00f3b przy wej\u015bciach do wszystkich pomieszcze\u0144 og\u00f3lnodost\u0119pnych, restauracji, bar\u00f3w i wind \u27a2 Stacje do dezynfekcji r\u0105k we wszystkich obszarach dla go\u015bci i personelu \u27a2 Przejrzyste panele podzia\u0142u mi\u0119dzy pracownikami a go\u015b\u0107mi w recepcji i w minimarketach \u27a2 Sta\u0142e noszenie \u015brodk\u00f3w ochrony osobistej przez ca\u0142y personel (maska na twarz. r\u0119kawiczki, r\u0119kawiczki) i we wszystkich punktach obs\u0142ugi \u27a2 Zach\u0119camy do zameldowania online za po\u015brednictwem naszej strony internetowej lub aplikacji mobilnej Constantinou Bros Hotels) \u27a2 Wszystkie punkty sprzeda\u017cy dzia\u0142aj\u0105 bezgot\u00f3wkowo (tylko op\u0142ata za pok\u00f3j lub p\u0142atno\u015b\u0107 kart\u0105 kredytow\u0105) \u27a2 Dezynfekcja i przenoszenie baga\u017cu go\u015bci przez nasz personel poza pokojem, chyba \u017ce go\u015b\u0107 za\u017c\u0105da inaczej \u27a2 Po wyje\u017adzie, wszystkie pokoje s\u0105 dok\u0142adnie sprz\u0105tane, wietrzone i dezynfekowane oraz udost\u0119pniane nowo przyby\u0142ym osobom po up\u0142ywie co najmniej dw\u00f3ch godzin \u27a2 Narzuty, menu, czasopisma i karty informacyjne s\u0105 usuwane z pokoi (dost\u0119pne na \u017cyczenie) \u27a2 Dodatkowe poduszki i koce pozostaj\u0105 w pokoju zapakowane i zaklejone ta\u015bm\u0105 dezynfekuj\u0105c\u0105.<br \/>\nWszystkie obszary, sto\u0142y, krzes\u0142a, le\u017caki i powierzchnie dotykowe (klamki, przyciski windy, uchwyty, krany) s\u0105 stale dezynfekowane i odka\u017cane \u27a2 W restauracjach i barach \u015bci\u015ble przestrzegana jest bezpieczna odleg\u0142o\u015b\u0107 mi\u0119dzy stolikami, a posi\u0142ki oferowane s\u0105 zar\u00f3wno w restauracjach, jak i &#8211; przy sprzyjaj\u0105cej pogodzie &#8211; na \u015bwie\u017cym powietrzu \u27a2 Posi\u0142ki obejmuj\u0105 kombinacj\u0119 wyboru bufetu i serwowanych, oraz jak najwi\u0119ksze wykorzystanie przedmiot\u00f3w jednorazowego u\u017cytku (menu, obrusy itp.), a tak\u017ce drugie posi\u0142ki, je\u015bli uzna si\u0119 to za konieczne \u27a2 Na pla\u017cy i basenach \u015bcis\u0142e przestrzeganie bezpiecznych odleg\u0142o\u015bci mi\u0119dzy parasolami \u27a2 Sport, si\u0142ownie, salony fryzjerskie, spa &#8211; dzia\u0142aj\u0105ce wy\u0142\u0105cznie w oparciu o protoko\u0142y \u27a2 Ci\u0105g\u0142e \u015bcis\u0142e kontrole przez nasze dedykowane zespo\u0142y w zakresie zgodno\u015bci i wdra\u017cania wszystkich \u015brodk\u00f3w i protoko\u0142\u00f3w dotycz\u0105cych higieny i bezpiecze\u0144stwa   <\/p>\n<p style=\"text-align: center\"><strong>Nasze hotele zostan\u0105 ponownie otwarte w nast\u0119puj\u0105cych terminach:<\/strong><\/p>\n<p style=\"text-align: center\">  TUI BLUE PIONEER BEACH HOTEL 28\/06\/2020 CONSTANTINOU BROS ASIMINA SUITES HOTEL 02\/07\/2020 CONSTANTINOU BROS ATHENA ROYAL BEACH HOTEL 01\/08\/2020 CONSTANTINOU BROS ATHENA BEACH HOTEL 19\/08\/2020<\/p>\n<p>  Prosimy skontaktowa\u0107 si\u0119 z konsultantem ds. podr\u00f3\u017cy, aby dowiedzie\u0107 si\u0119 o naszych ofertach specjalnych lub odwiedzi\u0107 nasz\u0105 stron\u0119 internetow\u0105  <a href=\"https:\/\/www.cbh-cyprus.com\/\"><a href=\"https:\/\/www.cbh-cyprus.com\/\">www.cbh-cyprus.com<\/a><\/a>  Z niecierpliwo\u015bci\u0105 czekamy na Pa\u0144stwa powr\u00f3t i zaoferowanie niezapomnianych wakacji na poziomie go\u015bcinno\u015bci, do kt\u00f3rego s\u0105 Pa\u0144stwo przyzwyczajeni i kt\u00f3ry docenili przez te wszystkie lata, wzbogacony o jeszcze wi\u0119ksz\u0105 trosk\u0119 o Pa\u0144stwa i Pa\u0144stwa bliskich.<\/p>\n","protected":false},"excerpt":{"rendered":"<p>Constantinou Bros og\u0142asza ponowne otwarcie wszystkich hoteli &nbsp; W Constantinou Bros Hotels mamy przyjemno\u015b\u0107 og\u0142osi\u0107, \u017ce zaczynamy ponownie otwiera\u0107 nasze hotele. Niew\u0105tpliwie by\u0142a to trudna sytuacja dla ca\u0142ej planety, jednak rygorystyczne \u015brodki, kt\u00f3re zosta\u0142y natychmiast podj\u0119te przez rz\u0105d cypryjski i wk\u0142ad wszystkich w ich przestrzeganie, szybko przynios\u0142y efekty. \u015awiatowa Organizacja Zdrowia oficjalnie og\u0142osi\u0142a Cypr &#8220;najbezpieczniejszym<\/p>\n","protected":false},"author":100,"featured_media":0,"parent":0,"menu_order":0,"comment_status":"closed","ping_status":"closed","template":"","meta":{"_acf_changed":false,"footnotes":""},"class_list":["post-37274","page","type-page","status-publish","hentry"],"acf":[],"yoast_head":"<!-- This site is optimized with the Yoast SEO plugin v27.3 - https:\/\/yoast.com\/product\/yoast-seo-wordpress\/ -->\n<title>COVID-19 \u015arodki bezpiecze\u0144stwa i higieny pracy - Constantinou Bros Hotels<\/title>\n<meta name=\"robots\" content=\"index, follow, max-snippet:-1, max-image-preview:large, max-video-preview:-1\" \/>\n<link rel=\"canonical\" href=\"https:\/\/www.cbh-cyprus.com\/pl\/covid-19-srodki-bezpieczenstwa-zdrowia\/\" \/>\n<meta property=\"og:locale\" content=\"pl_PL\" \/>\n<meta property=\"og:type\" content=\"article\" \/>\n<meta property=\"og:title\" content=\"COVID-19 \u015arodki bezpiecze\u0144stwa i higieny pracy - Constantinou Bros Hotels\" \/>\n<meta property=\"og:description\" content=\"Constantinou Bros og\u0142asza ponowne otwarcie wszystkich hoteli &nbsp; W Constantinou Bros Hotels mamy przyjemno\u015b\u0107 og\u0142osi\u0107, \u017ce zaczynamy ponownie otwiera\u0107 nasze hotele. Niew\u0105tpliwie by\u0142a to trudna sytuacja dla ca\u0142ej planety, jednak rygorystyczne \u015brodki, kt\u00f3re zosta\u0142y natychmiast podj\u0119te przez rz\u0105d cypryjski i wk\u0142ad wszystkich w ich przestrzeganie, szybko przynios\u0142y efekty. \u015awiatowa Organizacja Zdrowia oficjalnie og\u0142osi\u0142a Cypr &#8220;najbezpieczniejszym\" \/>\n<meta property=\"og:url\" content=\"https:\/\/www.cbh-cyprus.com\/pl\/covid-19-srodki-bezpieczenstwa-zdrowia\/\" \/>\n<meta property=\"og:site_name\" content=\"Constantinou Bros Hotels\" \/>\n<meta name=\"twitter:card\" content=\"summary_large_image\" \/>\n<meta name=\"twitter:label1\" content=\"Est. reading time\" \/>\n\t<meta name=\"twitter:data1\" content=\"4 minutes\" \/>\n<script type=\"application\/ld+json\" class=\"yoast-schema-graph\">{\"@context\":\"https:\\\/\\\/schema.org\",\"@graph\":[{\"@type\":\"WebPage\",\"@id\":\"https:\\\/\\\/www.cbh-cyprus.com\\\/pl\\\/covid-19-srodki-bezpieczenstwa-zdrowia\\\/\",\"url\":\"https:\\\/\\\/www.cbh-cyprus.com\\\/pl\\\/covid-19-srodki-bezpieczenstwa-zdrowia\\\/\",\"name\":\"COVID-19 \u015arodki bezpiecze\u0144stwa i higieny pracy - Constantinou Bros Hotels\",\"isPartOf\":{\"@id\":\"https:\\\/\\\/www.cbh-cyprus.com\\\/pl\\\/#website\"},\"datePublished\":\"2024-07-23T09:17:56+00:00\",\"breadcrumb\":{\"@id\":\"https:\\\/\\\/www.cbh-cyprus.com\\\/pl\\\/covid-19-srodki-bezpieczenstwa-zdrowia\\\/#breadcrumb\"},\"inLanguage\":\"pl-PL\",\"potentialAction\":[{\"@type\":\"ReadAction\",\"target\":[\"https:\\\/\\\/www.cbh-cyprus.com\\\/pl\\\/covid-19-srodki-bezpieczenstwa-zdrowia\\\/\"]}]},{\"@type\":\"BreadcrumbList\",\"@id\":\"https:\\\/\\\/www.cbh-cyprus.com\\\/pl\\\/covid-19-srodki-bezpieczenstwa-zdrowia\\\/#breadcrumb\",\"itemListElement\":[{\"@type\":\"ListItem\",\"position\":1,\"name\":\"Home\",\"item\":\"https:\\\/\\\/www.cbh-cyprus.com\\\/pl\\\/welcome-to-constantinou-bros-hotels\\\/\"},{\"@type\":\"ListItem\",\"position\":2,\"name\":\"COVID-19 \u015arodki bezpiecze\u0144stwa i higieny pracy\"}]},{\"@type\":\"WebSite\",\"@id\":\"https:\\\/\\\/www.cbh-cyprus.com\\\/pl\\\/#website\",\"url\":\"https:\\\/\\\/www.cbh-cyprus.com\\\/pl\\\/\",\"name\":\"Constantinou Bros Hotels\",\"description\":\"Constantinou Bros Hotels\",\"publisher\":{\"@id\":\"https:\\\/\\\/www.cbh-cyprus.com\\\/pl\\\/#organization\"},\"potentialAction\":[{\"@type\":\"SearchAction\",\"target\":{\"@type\":\"EntryPoint\",\"urlTemplate\":\"https:\\\/\\\/www.cbh-cyprus.com\\\/pl\\\/?s={search_term_string}\"},\"query-input\":{\"@type\":\"PropertyValueSpecification\",\"valueRequired\":true,\"valueName\":\"search_term_string\"}}],\"inLanguage\":\"pl-PL\"},{\"@type\":\"Organization\",\"@id\":\"https:\\\/\\\/www.cbh-cyprus.com\\\/pl\\\/#organization\",\"name\":\"Constantinou Bros Hotels\",\"url\":\"https:\\\/\\\/www.cbh-cyprus.com\\\/pl\\\/\",\"logo\":{\"@type\":\"ImageObject\",\"inLanguage\":\"pl-PL\",\"@id\":\"https:\\\/\\\/www.cbh-cyprus.com\\\/pl\\\/#\\\/schema\\\/logo\\\/image\\\/\",\"url\":\"https:\\\/\\\/www.cbh-cyprus.com\\\/app\\\/uploads\\\/sites\\\/30\\\/2020\\\/10\\\/cbh.jpg\",\"contentUrl\":\"https:\\\/\\\/www.cbh-cyprus.com\\\/app\\\/uploads\\\/sites\\\/30\\\/2020\\\/10\\\/cbh.jpg\",\"width\":1013,\"height\":419,\"caption\":\"Constantinou Bros Hotels\"},\"image\":{\"@id\":\"https:\\\/\\\/www.cbh-cyprus.com\\\/pl\\\/#\\\/schema\\\/logo\\\/image\\\/\"}}]}<\/script>\n<!-- \/ Yoast SEO plugin. -->","yoast_head_json":{"title":"COVID-19 \u015arodki bezpiecze\u0144stwa i higieny pracy - Constantinou Bros Hotels","robots":{"index":"index","follow":"follow","max-snippet":"max-snippet:-1","max-image-preview":"max-image-preview:large","max-video-preview":"max-video-preview:-1"},"canonical":"https:\/\/www.cbh-cyprus.com\/pl\/covid-19-srodki-bezpieczenstwa-zdrowia\/","og_locale":"pl_PL","og_type":"article","og_title":"COVID-19 \u015arodki bezpiecze\u0144stwa i higieny pracy - Constantinou Bros Hotels","og_description":"Constantinou Bros og\u0142asza ponowne otwarcie wszystkich hoteli &nbsp; W Constantinou Bros Hotels mamy przyjemno\u015b\u0107 og\u0142osi\u0107, \u017ce zaczynamy ponownie otwiera\u0107 nasze hotele. Niew\u0105tpliwie by\u0142a to trudna sytuacja dla ca\u0142ej planety, jednak rygorystyczne \u015brodki, kt\u00f3re zosta\u0142y natychmiast podj\u0119te przez rz\u0105d cypryjski i wk\u0142ad wszystkich w ich przestrzeganie, szybko przynios\u0142y efekty. \u015awiatowa Organizacja Zdrowia oficjalnie og\u0142osi\u0142a Cypr &#8220;najbezpieczniejszym","og_url":"https:\/\/www.cbh-cyprus.com\/pl\/covid-19-srodki-bezpieczenstwa-zdrowia\/","og_site_name":"Constantinou Bros Hotels","twitter_card":"summary_large_image","twitter_misc":{"Est. reading time":"4 minutes"},"schema":{"@context":"https:\/\/schema.org","@graph":[{"@type":"WebPage","@id":"https:\/\/www.cbh-cyprus.com\/pl\/covid-19-srodki-bezpieczenstwa-zdrowia\/","url":"https:\/\/www.cbh-cyprus.com\/pl\/covid-19-srodki-bezpieczenstwa-zdrowia\/","name":"COVID-19 \u015arodki bezpiecze\u0144stwa i higieny pracy - Constantinou Bros Hotels","isPartOf":{"@id":"https:\/\/www.cbh-cyprus.com\/pl\/#website"},"datePublished":"2024-07-23T09:17:56+00:00","breadcrumb":{"@id":"https:\/\/www.cbh-cyprus.com\/pl\/covid-19-srodki-bezpieczenstwa-zdrowia\/#breadcrumb"},"inLanguage":"pl-PL","potentialAction":[{"@type":"ReadAction","target":["https:\/\/www.cbh-cyprus.com\/pl\/covid-19-srodki-bezpieczenstwa-zdrowia\/"]}]},{"@type":"BreadcrumbList","@id":"https:\/\/www.cbh-cyprus.com\/pl\/covid-19-srodki-bezpieczenstwa-zdrowia\/#breadcrumb","itemListElement":[{"@type":"ListItem","position":1,"name":"Home","item":"https:\/\/www.cbh-cyprus.com\/pl\/welcome-to-constantinou-bros-hotels\/"},{"@type":"ListItem","position":2,"name":"COVID-19 \u015arodki bezpiecze\u0144stwa i higieny pracy"}]},{"@type":"WebSite","@id":"https:\/\/www.cbh-cyprus.com\/pl\/#website","url":"https:\/\/www.cbh-cyprus.com\/pl\/","name":"Constantinou Bros Hotels","description":"Constantinou Bros Hotels","publisher":{"@id":"https:\/\/www.cbh-cyprus.com\/pl\/#organization"},"potentialAction":[{"@type":"SearchAction","target":{"@type":"EntryPoint","urlTemplate":"https:\/\/www.cbh-cyprus.com\/pl\/?s={search_term_string}"},"query-input":{"@type":"PropertyValueSpecification","valueRequired":true,"valueName":"search_term_string"}}],"inLanguage":"pl-PL"},{"@type":"Organization","@id":"https:\/\/www.cbh-cyprus.com\/pl\/#organization","name":"Constantinou Bros Hotels","url":"https:\/\/www.cbh-cyprus.com\/pl\/","logo":{"@type":"ImageObject","inLanguage":"pl-PL","@id":"https:\/\/www.cbh-cyprus.com\/pl\/#\/schema\/logo\/image\/","url":"https:\/\/www.cbh-cyprus.com\/app\/uploads\/sites\/30\/2020\/10\/cbh.jpg","contentUrl":"https:\/\/www.cbh-cyprus.com\/app\/uploads\/sites\/30\/2020\/10\/cbh.jpg","width":1013,"height":419,"caption":"Constantinou Bros Hotels"},"image":{"@id":"https:\/\/www.cbh-cyprus.com\/pl\/#\/schema\/logo\/image\/"}}]}},"_links":{"self":[{"href":"https:\/\/www.cbh-cyprus.com\/pl\/wp-json\/wp\/v2\/pages\/37274","targetHints":{"allow":["GET"]}}],"collection":[{"href":"https:\/\/www.cbh-cyprus.com\/pl\/wp-json\/wp\/v2\/pages"}],"about":[{"href":"https:\/\/www.cbh-cyprus.com\/pl\/wp-json\/wp\/v2\/types\/page"}],"author":[{"embeddable":true,"href":"https:\/\/www.cbh-cyprus.com\/pl\/wp-json\/wp\/v2\/users\/100"}],"replies":[{"embeddable":true,"href":"https:\/\/www.cbh-cyprus.com\/pl\/wp-json\/wp\/v2\/comments?post=37274"}],"version-history":[{"count":0,"href":"https:\/\/www.cbh-cyprus.com\/pl\/wp-json\/wp\/v2\/pages\/37274\/revisions"}],"wp:attachment":[{"href":"https:\/\/www.cbh-cyprus.com\/pl\/wp-json\/wp\/v2\/media?parent=37274"}],"curies":[{"name":"wp","href":"https:\/\/api.w.org\/{rel}","templated":true}]}}