{"id":37285,"date":"2024-07-23T12:18:02","date_gmt":"2024-07-23T09:18:02","guid":{"rendered":"https:\/\/www.cbh-cyprus.com\/grupa\/wiadomosci\/constantinou-bros-oglasza-otwarcie-wszystkich-hoteli\/"},"modified":"2024-09-13T12:48:36","modified_gmt":"2024-09-13T09:48:36","slug":"constantinou-bros-oglasza-otwarcie-wszystkich-hoteli","status":"publish","type":"page","link":"https:\/\/www.cbh-cyprus.com\/pl\/constantinou-bros-oglasza-otwarcie-wszystkich-hoteli\/","title":{"rendered":"Constantinou Bros og\u0142asza ponowne otwarcie wszystkich hoteli"},"content":{"rendered":"<p>W Constantinou Bros Hotels mamy przyjemno\u015b\u0107 og\u0142osi\u0107 ponowne otwarcie wszystkich naszych hoteli.<br \/>\nNiew\u0105tpliwie by\u0142a to trudna sytuacja dla ca\u0142ej planety, jednak rygorystyczne \u015brodki, kt\u00f3re zosta\u0142y natychmiast podj\u0119te przez rz\u0105d Cypru i wk\u0142ad wszystkich w ich przestrzeganie, szybko przynios\u0142y efekty.<br \/>\n\u015awiatowa Organizacja Zdrowia oficjalnie og\u0142osi\u0142a Cypr &#8220;najbezpieczniejszym krajem \u015br\u00f3dziemnomorskim i pi\u0105tym najbezpieczniejszym krajem na \u015bwiecie&#8221;.<br \/>\nPo przej\u015bciu przez trzy fazy stopniowego rozlu\u017aniania \u015brodk\u00f3w ograniczaj\u0105cych, Cypr znajduje si\u0119 obecnie w uprzywilejowanej sytuacji i mo\u017ce pochwali\u0107 si\u0119 otwarciem i funkcjonowaniem swoich lotnisk, hoteli, transportu publicznego, taks\u00f3wek, stanowisk archeologicznych, muze\u00f3w, restauracji, bar\u00f3w i centr\u00f3w handlowych.    W naszych hotelach naszym priorytetem zawsze by\u0142o bezpiecze\u0144stwo, zdrowie i dobre samopoczucie naszych cennych go\u015bci. Wraz z pojawieniem si\u0119 pandemii Covid-19, w procesach, kt\u00f3rych zawsze przestrzegali\u015bmy, zmieni\u0142o si\u0119 to, \u017ce ulepszyli\u015bmy i zmaksymalizowali\u015bmy \u015brodki higieny i bezpiecze\u0144stwa, w oparciu o protoko\u0142y przedstawione nam przez oficjalne organy poni\u017cej, a tak\u017ce przez konsultant\u00f3w, kt\u00f3rym powierzyli\u015bmy opracowanie nowych proces\u00f3w operacyjnych i szkolenie naszych pracownik\u00f3w:  <\/p>\n<ul>\n<li>Cypryjskie Ministerstwo Zdrowia<\/li>\n<li>Europejskie Centrum Zapobiegania i Kontroli Chor\u00f3b (ECDC)<\/li>\n<li>\u015awiatowa Organizacja Zdrowia<\/li>\n<\/ul>\n<p>  Rozumiemy, \u017ce higiena i \u015brodki dystansu spo\u0142ecznego dotycz\u0105 ka\u017cdego podr\u00f3\u017cnego, ale chcemy Pa\u0144stwa zapewni\u0107, \u017ce podj\u0119li\u015bmy i b\u0119dziemy nadal podejmowa\u0107 wszelkie niezb\u0119dne \u015brodki w celu ochrony naszych go\u015bci i personelu, a najwa\u017cniejsze z nich wymieniamy tutaj:  <\/p>\n<ul>\n<li>Utrzymanie ob\u0142o\u017cenia hoteli na bezpiecznym poziomie<\/li>\n<li>Tabliczki informuj\u0105ce o maksymalnej dozwolonej liczbie os\u00f3b przy wej\u015bciach do wszystkich pomieszcze\u0144 og\u00f3lnodost\u0119pnych, restauracji, bar\u00f3w i wind.<\/li>\n<li>Stacje dezynfekcji r\u0105k we wszystkich obszarach dla go\u015bci i personelu<\/li>\n<li>Przejrzyste panele podzia\u0142u mi\u0119dzy pracownikami i go\u015b\u0107mi w recepcji i mini-marketach<\/li>\n<li>Sta\u0142e noszenie \u015brodk\u00f3w ochrony osobistej przez ca\u0142y personel (maska na twarz, r\u0119kawiczki) i we wszystkich punktach obs\u0142ugi.<\/li>\n<li>Zach\u0119camy do zameldowania online za po\u015brednictwem naszej strony internetowej lub aplikacji mobilnej Constantinou Bros Hotels)<\/li>\n<li>Wszystkie punkty sprzeda\u017cy dzia\u0142aj\u0105 bezgot\u00f3wkowo (tylko op\u0142ata za pok\u00f3j lub p\u0142atno\u015b\u0107 kart\u0105 kredytow\u0105).<\/li>\n<li>Dezynfekcja i przenoszenie baga\u017cu go\u015bci przez nasz personel poza pokojem, chyba \u017ce go\u015b\u0107 za\u017c\u0105da inaczej.<\/li>\n<li>Po wyje\u017adzie wszystkie pokoje s\u0105 dok\u0142adnie sprz\u0105tane, wietrzone i dezynfekowane oraz udost\u0119pniane nowym osobom po up\u0142ywie co najmniej dw\u00f3ch godzin.<\/li>\n<li>Narzuty, menu, czasopisma i karty informacyjne usuni\u0119te z pokoi (dost\u0119pne na \u017cyczenie)<\/li>\n<li>Dodatkowe poduszki i koce pozostaj\u0105 w pokoju zapakowane i zaklejone ta\u015bm\u0105 dezynfekuj\u0105c\u0105.<\/li>\n<li>Us\u0142uga wy\u0142\u0105czania jest tymczasowo zawieszona<\/li>\n<li>Wszystkie obszary, sto\u0142y, krzes\u0142a, le\u017caki i powierzchnie dotykowe (klamki, przyciski windy, uchwyty, krany) s\u0105 stale dezynfekowane i odka\u017cane.<\/li>\n<li>W restauracjach i barach \u015bci\u015ble przestrzegana jest bezpieczna odleg\u0142o\u015b\u0107 mi\u0119dzy stolikami, a posi\u0142ki oferowane s\u0105 zar\u00f3wno w restauracjach, jak i &#8211; przy sprzyjaj\u0105cej pogodzie &#8211; na \u015bwie\u017cym powietrzu.<\/li>\n<li>Posi\u0142ki sk\u0142adaj\u0105 si\u0119 z bufetu i serwowanych da\u0144 oraz w jak najwi\u0119kszym stopniu wykorzystuj\u0105 przedmioty jednorazowego u\u017cytku (menu, obrusy itp.), a tak\u017ce drugie posi\u0142ki, je\u015bli uznaj\u0105 to Pa\u0144stwo za konieczne.<\/li>\n<li>Na pla\u017cy i przy basenach prosimy \u015bci\u015ble przestrzega\u0107 bezpiecznych odleg\u0142o\u015bci mi\u0119dzy parasolami.<\/li>\n<li>Sport, si\u0142ownie, salony fryzjerskie, spa &#8211; dzia\u0142aj\u0105ce wy\u0142\u0105cznie w oparciu o protoko\u0142y<\/li>\n<li>Ci\u0105g\u0142e rygorystyczne kontrole przeprowadzane przez nasze wyspecjalizowane zespo\u0142y w zakresie zgodno\u015bci i wdra\u017cania wszystkich \u015brodk\u00f3w i protoko\u0142\u00f3w dotycz\u0105cych Pa\u0144stwa higieny i bezpiecze\u0144stwa.<\/li>\n<\/ul>\n<p>&nbsp;<\/p>\n<p><strong>Nasze hotele zostan\u0105 ponownie otwarte w nast\u0119puj\u0105cych terminach:<\/strong> TUI BLUE PIONEER BEACH HOTEL 28\/06\/2020 CONSTANTINOU BROS ATHENA BEACH HOTEL 19\/08\/2020 CONSTANTINOU BROS ATHENA ROYAL BEACH HOTEL 31\/10\/2020 CONSTANTINOU BROS ASIMINA SUITES HOTEL 02\/07\/2020 &nbsp; Uprzejmie prosimy o kontakt z Pa\u0144stwa doradc\u0105 turystycznym w celu uzyskania informacji o naszych ofertach specjalnych lub odwiedzenie naszej strony internetowej <a href=\"http:\/\/www.cbh-cyprus.com\">www.cbh-cyprus.com<\/a>&nbsp; Z niecierpliwo\u015bci\u0105 czekamy na Pa\u0144stwa powr\u00f3t i zaoferowanie niezapomnianych wakacji na poziomie go\u015bcinno\u015bci, do kt\u00f3rego s\u0105 Pa\u0144stwo przyzwyczajeni i kt\u00f3ry docenili przez te wszystkie lata, wzbogacony o jeszcze wi\u0119ksz\u0105 trosk\u0119 o Pa\u0144stwa i Pa\u0144stwa bliskich.<\/p>\n","protected":false},"excerpt":{"rendered":"<p>W Constantinou Bros Hotels mamy przyjemno\u015b\u0107 og\u0142osi\u0107 ponowne otwarcie wszystkich naszych hoteli. Niew\u0105tpliwie by\u0142a to trudna sytuacja dla ca\u0142ej planety, jednak rygorystyczne \u015brodki, kt\u00f3re zosta\u0142y natychmiast podj\u0119te przez rz\u0105d Cypru i wk\u0142ad wszystkich w ich przestrzeganie, szybko przynios\u0142y efekty. \u015awiatowa Organizacja Zdrowia oficjalnie og\u0142osi\u0142a Cypr &#8220;najbezpieczniejszym krajem \u015br\u00f3dziemnomorskim i pi\u0105tym najbezpieczniejszym krajem na \u015bwiecie&#8221;. Po<\/p>\n","protected":false},"author":100,"featured_media":37287,"parent":0,"menu_order":0,"comment_status":"closed","ping_status":"closed","template":"","meta":{"_acf_changed":false,"footnotes":""},"class_list":["post-37285","page","type-page","status-publish","has-post-thumbnail","hentry"],"acf":[],"yoast_head":"<!-- This site is optimized with the Yoast SEO plugin v27.3 - https:\/\/yoast.com\/product\/yoast-seo-wordpress\/ -->\n<title>Constantinou Bros og\u0142asza ponowne otwarcie wszystkich hoteli - Constantinou Bros Hotels<\/title>\n<meta name=\"robots\" content=\"index, follow, max-snippet:-1, max-image-preview:large, max-video-preview:-1\" \/>\n<link rel=\"canonical\" href=\"https:\/\/www.cbh-cyprus.com\/pl\/constantinou-bros-oglasza-otwarcie-wszystkich-hoteli\/\" \/>\n<meta property=\"og:locale\" content=\"pl_PL\" \/>\n<meta property=\"og:type\" content=\"article\" \/>\n<meta property=\"og:title\" content=\"Constantinou Bros og\u0142asza ponowne otwarcie wszystkich hoteli - Constantinou Bros Hotels\" \/>\n<meta property=\"og:description\" content=\"W Constantinou Bros Hotels mamy przyjemno\u015b\u0107 og\u0142osi\u0107 ponowne otwarcie wszystkich naszych hoteli. Niew\u0105tpliwie by\u0142a to trudna sytuacja dla ca\u0142ej planety, jednak rygorystyczne \u015brodki, kt\u00f3re zosta\u0142y natychmiast podj\u0119te przez rz\u0105d Cypru i wk\u0142ad wszystkich w ich przestrzeganie, szybko przynios\u0142y efekty. \u015awiatowa Organizacja Zdrowia oficjalnie og\u0142osi\u0142a Cypr &#8220;najbezpieczniejszym krajem \u015br\u00f3dziemnomorskim i pi\u0105tym najbezpieczniejszym krajem na \u015bwiecie&#8221;. Po\" \/>\n<meta property=\"og:url\" content=\"https:\/\/www.cbh-cyprus.com\/pl\/constantinou-bros-oglasza-otwarcie-wszystkich-hoteli\/\" \/>\n<meta property=\"og:site_name\" content=\"Constantinou Bros Hotels\" \/>\n<meta property=\"article:modified_time\" content=\"2024-09-13T09:48:36+00:00\" \/>\n<meta property=\"og:image\" content=\"https:\/\/www.cbh-cyprus.com\/app\/uploads\/sites\/30\/2020\/06\/7-ATHENA-BEACH-HOTEL-OUTDOOR-POOL.jpg\" \/>\n\t<meta property=\"og:image:width\" content=\"8186\" \/>\n\t<meta property=\"og:image:height\" content=\"5457\" \/>\n\t<meta property=\"og:image:type\" content=\"image\/jpeg\" \/>\n<meta name=\"twitter:card\" content=\"summary_large_image\" \/>\n<meta name=\"twitter:label1\" content=\"Est. reading time\" \/>\n\t<meta name=\"twitter:data1\" content=\"4 minutes\" \/>\n<script type=\"application\/ld+json\" class=\"yoast-schema-graph\">{\"@context\":\"https:\\\/\\\/schema.org\",\"@graph\":[{\"@type\":\"WebPage\",\"@id\":\"https:\\\/\\\/www.cbh-cyprus.com\\\/pl\\\/constantinou-bros-oglasza-otwarcie-wszystkich-hoteli\\\/\",\"url\":\"https:\\\/\\\/www.cbh-cyprus.com\\\/pl\\\/constantinou-bros-oglasza-otwarcie-wszystkich-hoteli\\\/\",\"name\":\"Constantinou Bros og\u0142asza ponowne otwarcie wszystkich hoteli - Constantinou Bros Hotels\",\"isPartOf\":{\"@id\":\"https:\\\/\\\/www.cbh-cyprus.com\\\/pl\\\/#website\"},\"primaryImageOfPage\":{\"@id\":\"https:\\\/\\\/www.cbh-cyprus.com\\\/pl\\\/constantinou-bros-oglasza-otwarcie-wszystkich-hoteli\\\/#primaryimage\"},\"image\":{\"@id\":\"https:\\\/\\\/www.cbh-cyprus.com\\\/pl\\\/constantinou-bros-oglasza-otwarcie-wszystkich-hoteli\\\/#primaryimage\"},\"thumbnailUrl\":\"https:\\\/\\\/www.cbh-cyprus.com\\\/app\\\/uploads\\\/sites\\\/30\\\/2020\\\/06\\\/7-ATHENA-BEACH-HOTEL-OUTDOOR-POOL.jpg\",\"datePublished\":\"2024-07-23T09:18:02+00:00\",\"dateModified\":\"2024-09-13T09:48:36+00:00\",\"breadcrumb\":{\"@id\":\"https:\\\/\\\/www.cbh-cyprus.com\\\/pl\\\/constantinou-bros-oglasza-otwarcie-wszystkich-hoteli\\\/#breadcrumb\"},\"inLanguage\":\"pl-PL\",\"potentialAction\":[{\"@type\":\"ReadAction\",\"target\":[\"https:\\\/\\\/www.cbh-cyprus.com\\\/pl\\\/constantinou-bros-oglasza-otwarcie-wszystkich-hoteli\\\/\"]}]},{\"@type\":\"ImageObject\",\"inLanguage\":\"pl-PL\",\"@id\":\"https:\\\/\\\/www.cbh-cyprus.com\\\/pl\\\/constantinou-bros-oglasza-otwarcie-wszystkich-hoteli\\\/#primaryimage\",\"url\":\"https:\\\/\\\/www.cbh-cyprus.com\\\/app\\\/uploads\\\/sites\\\/30\\\/2020\\\/06\\\/7-ATHENA-BEACH-HOTEL-OUTDOOR-POOL.jpg\",\"contentUrl\":\"https:\\\/\\\/www.cbh-cyprus.com\\\/app\\\/uploads\\\/sites\\\/30\\\/2020\\\/06\\\/7-ATHENA-BEACH-HOTEL-OUTDOOR-POOL.jpg\",\"width\":8186,\"height\":5457},{\"@type\":\"BreadcrumbList\",\"@id\":\"https:\\\/\\\/www.cbh-cyprus.com\\\/pl\\\/constantinou-bros-oglasza-otwarcie-wszystkich-hoteli\\\/#breadcrumb\",\"itemListElement\":[{\"@type\":\"ListItem\",\"position\":1,\"name\":\"Home\",\"item\":\"https:\\\/\\\/www.cbh-cyprus.com\\\/pl\\\/welcome-to-constantinou-bros-hotels\\\/\"},{\"@type\":\"ListItem\",\"position\":2,\"name\":\"Grupa\",\"item\":\"https:\\\/\\\/www.cbh-cyprus.com\\\/pl\\\/grupa\\\/\"},{\"@type\":\"ListItem\",\"position\":3,\"name\":\"Aktualno\u015bci\",\"item\":\"https:\\\/\\\/www.cbh-cyprus.com\\\/pl\\\/?page_id=37214\"},{\"@type\":\"ListItem\",\"position\":4,\"name\":\"Constantinou Bros og\u0142asza ponowne otwarcie wszystkich hoteli\"}]},{\"@type\":\"WebSite\",\"@id\":\"https:\\\/\\\/www.cbh-cyprus.com\\\/pl\\\/#website\",\"url\":\"https:\\\/\\\/www.cbh-cyprus.com\\\/pl\\\/\",\"name\":\"Constantinou Bros Hotels\",\"description\":\"Constantinou Bros Hotels\",\"publisher\":{\"@id\":\"https:\\\/\\\/www.cbh-cyprus.com\\\/pl\\\/#organization\"},\"potentialAction\":[{\"@type\":\"SearchAction\",\"target\":{\"@type\":\"EntryPoint\",\"urlTemplate\":\"https:\\\/\\\/www.cbh-cyprus.com\\\/pl\\\/?s={search_term_string}\"},\"query-input\":{\"@type\":\"PropertyValueSpecification\",\"valueRequired\":true,\"valueName\":\"search_term_string\"}}],\"inLanguage\":\"pl-PL\"},{\"@type\":\"Organization\",\"@id\":\"https:\\\/\\\/www.cbh-cyprus.com\\\/pl\\\/#organization\",\"name\":\"Constantinou Bros Hotels\",\"url\":\"https:\\\/\\\/www.cbh-cyprus.com\\\/pl\\\/\",\"logo\":{\"@type\":\"ImageObject\",\"inLanguage\":\"pl-PL\",\"@id\":\"https:\\\/\\\/www.cbh-cyprus.com\\\/pl\\\/#\\\/schema\\\/logo\\\/image\\\/\",\"url\":\"https:\\\/\\\/www.cbh-cyprus.com\\\/app\\\/uploads\\\/sites\\\/30\\\/2020\\\/10\\\/cbh.jpg\",\"contentUrl\":\"https:\\\/\\\/www.cbh-cyprus.com\\\/app\\\/uploads\\\/sites\\\/30\\\/2020\\\/10\\\/cbh.jpg\",\"width\":1013,\"height\":419,\"caption\":\"Constantinou Bros Hotels\"},\"image\":{\"@id\":\"https:\\\/\\\/www.cbh-cyprus.com\\\/pl\\\/#\\\/schema\\\/logo\\\/image\\\/\"}}]}<\/script>\n<!-- \/ Yoast SEO plugin. -->","yoast_head_json":{"title":"Constantinou Bros og\u0142asza ponowne otwarcie wszystkich hoteli - Constantinou Bros Hotels","robots":{"index":"index","follow":"follow","max-snippet":"max-snippet:-1","max-image-preview":"max-image-preview:large","max-video-preview":"max-video-preview:-1"},"canonical":"https:\/\/www.cbh-cyprus.com\/pl\/constantinou-bros-oglasza-otwarcie-wszystkich-hoteli\/","og_locale":"pl_PL","og_type":"article","og_title":"Constantinou Bros og\u0142asza ponowne otwarcie wszystkich hoteli - Constantinou Bros Hotels","og_description":"W Constantinou Bros Hotels mamy przyjemno\u015b\u0107 og\u0142osi\u0107 ponowne otwarcie wszystkich naszych hoteli. Niew\u0105tpliwie by\u0142a to trudna sytuacja dla ca\u0142ej planety, jednak rygorystyczne \u015brodki, kt\u00f3re zosta\u0142y natychmiast podj\u0119te przez rz\u0105d Cypru i wk\u0142ad wszystkich w ich przestrzeganie, szybko przynios\u0142y efekty. \u015awiatowa Organizacja Zdrowia oficjalnie og\u0142osi\u0142a Cypr &#8220;najbezpieczniejszym krajem \u015br\u00f3dziemnomorskim i pi\u0105tym najbezpieczniejszym krajem na \u015bwiecie&#8221;. Po","og_url":"https:\/\/www.cbh-cyprus.com\/pl\/constantinou-bros-oglasza-otwarcie-wszystkich-hoteli\/","og_site_name":"Constantinou Bros Hotels","article_modified_time":"2024-09-13T09:48:36+00:00","og_image":[{"width":8186,"height":5457,"url":"https:\/\/www.cbh-cyprus.com\/app\/uploads\/sites\/30\/2020\/06\/7-ATHENA-BEACH-HOTEL-OUTDOOR-POOL.jpg","type":"image\/jpeg"}],"twitter_card":"summary_large_image","twitter_misc":{"Est. reading time":"4 minutes"},"schema":{"@context":"https:\/\/schema.org","@graph":[{"@type":"WebPage","@id":"https:\/\/www.cbh-cyprus.com\/pl\/constantinou-bros-oglasza-otwarcie-wszystkich-hoteli\/","url":"https:\/\/www.cbh-cyprus.com\/pl\/constantinou-bros-oglasza-otwarcie-wszystkich-hoteli\/","name":"Constantinou Bros og\u0142asza ponowne otwarcie wszystkich hoteli - Constantinou Bros Hotels","isPartOf":{"@id":"https:\/\/www.cbh-cyprus.com\/pl\/#website"},"primaryImageOfPage":{"@id":"https:\/\/www.cbh-cyprus.com\/pl\/constantinou-bros-oglasza-otwarcie-wszystkich-hoteli\/#primaryimage"},"image":{"@id":"https:\/\/www.cbh-cyprus.com\/pl\/constantinou-bros-oglasza-otwarcie-wszystkich-hoteli\/#primaryimage"},"thumbnailUrl":"https:\/\/www.cbh-cyprus.com\/app\/uploads\/sites\/30\/2020\/06\/7-ATHENA-BEACH-HOTEL-OUTDOOR-POOL.jpg","datePublished":"2024-07-23T09:18:02+00:00","dateModified":"2024-09-13T09:48:36+00:00","breadcrumb":{"@id":"https:\/\/www.cbh-cyprus.com\/pl\/constantinou-bros-oglasza-otwarcie-wszystkich-hoteli\/#breadcrumb"},"inLanguage":"pl-PL","potentialAction":[{"@type":"ReadAction","target":["https:\/\/www.cbh-cyprus.com\/pl\/constantinou-bros-oglasza-otwarcie-wszystkich-hoteli\/"]}]},{"@type":"ImageObject","inLanguage":"pl-PL","@id":"https:\/\/www.cbh-cyprus.com\/pl\/constantinou-bros-oglasza-otwarcie-wszystkich-hoteli\/#primaryimage","url":"https:\/\/www.cbh-cyprus.com\/app\/uploads\/sites\/30\/2020\/06\/7-ATHENA-BEACH-HOTEL-OUTDOOR-POOL.jpg","contentUrl":"https:\/\/www.cbh-cyprus.com\/app\/uploads\/sites\/30\/2020\/06\/7-ATHENA-BEACH-HOTEL-OUTDOOR-POOL.jpg","width":8186,"height":5457},{"@type":"BreadcrumbList","@id":"https:\/\/www.cbh-cyprus.com\/pl\/constantinou-bros-oglasza-otwarcie-wszystkich-hoteli\/#breadcrumb","itemListElement":[{"@type":"ListItem","position":1,"name":"Home","item":"https:\/\/www.cbh-cyprus.com\/pl\/welcome-to-constantinou-bros-hotels\/"},{"@type":"ListItem","position":2,"name":"Grupa","item":"https:\/\/www.cbh-cyprus.com\/pl\/grupa\/"},{"@type":"ListItem","position":3,"name":"Aktualno\u015bci","item":"https:\/\/www.cbh-cyprus.com\/pl\/?page_id=37214"},{"@type":"ListItem","position":4,"name":"Constantinou Bros og\u0142asza ponowne otwarcie wszystkich hoteli"}]},{"@type":"WebSite","@id":"https:\/\/www.cbh-cyprus.com\/pl\/#website","url":"https:\/\/www.cbh-cyprus.com\/pl\/","name":"Constantinou Bros Hotels","description":"Constantinou Bros Hotels","publisher":{"@id":"https:\/\/www.cbh-cyprus.com\/pl\/#organization"},"potentialAction":[{"@type":"SearchAction","target":{"@type":"EntryPoint","urlTemplate":"https:\/\/www.cbh-cyprus.com\/pl\/?s={search_term_string}"},"query-input":{"@type":"PropertyValueSpecification","valueRequired":true,"valueName":"search_term_string"}}],"inLanguage":"pl-PL"},{"@type":"Organization","@id":"https:\/\/www.cbh-cyprus.com\/pl\/#organization","name":"Constantinou Bros Hotels","url":"https:\/\/www.cbh-cyprus.com\/pl\/","logo":{"@type":"ImageObject","inLanguage":"pl-PL","@id":"https:\/\/www.cbh-cyprus.com\/pl\/#\/schema\/logo\/image\/","url":"https:\/\/www.cbh-cyprus.com\/app\/uploads\/sites\/30\/2020\/10\/cbh.jpg","contentUrl":"https:\/\/www.cbh-cyprus.com\/app\/uploads\/sites\/30\/2020\/10\/cbh.jpg","width":1013,"height":419,"caption":"Constantinou Bros Hotels"},"image":{"@id":"https:\/\/www.cbh-cyprus.com\/pl\/#\/schema\/logo\/image\/"}}]}},"_links":{"self":[{"href":"https:\/\/www.cbh-cyprus.com\/pl\/wp-json\/wp\/v2\/pages\/37285","targetHints":{"allow":["GET"]}}],"collection":[{"href":"https:\/\/www.cbh-cyprus.com\/pl\/wp-json\/wp\/v2\/pages"}],"about":[{"href":"https:\/\/www.cbh-cyprus.com\/pl\/wp-json\/wp\/v2\/types\/page"}],"author":[{"embeddable":true,"href":"https:\/\/www.cbh-cyprus.com\/pl\/wp-json\/wp\/v2\/users\/100"}],"replies":[{"embeddable":true,"href":"https:\/\/www.cbh-cyprus.com\/pl\/wp-json\/wp\/v2\/comments?post=37285"}],"version-history":[{"count":1,"href":"https:\/\/www.cbh-cyprus.com\/pl\/wp-json\/wp\/v2\/pages\/37285\/revisions"}],"predecessor-version":[{"id":41398,"href":"https:\/\/www.cbh-cyprus.com\/pl\/wp-json\/wp\/v2\/pages\/37285\/revisions\/41398"}],"wp:featuredmedia":[{"embeddable":true,"href":"https:\/\/www.cbh-cyprus.com\/pl\/wp-json\/wp\/v2\/media\/37287"}],"wp:attachment":[{"href":"https:\/\/www.cbh-cyprus.com\/pl\/wp-json\/wp\/v2\/media?parent=37285"}],"curies":[{"name":"wp","href":"https:\/\/api.w.org\/{rel}","templated":true}]}}