{"id":37296,"date":"2024-07-23T12:18:08","date_gmt":"2024-07-23T09:18:08","guid":{"rendered":"https:\/\/www.cbh-cyprus.com\/dzialania\/rowerowe-wakacje\/"},"modified":"2024-09-13T11:37:41","modified_gmt":"2024-09-13T08:37:41","slug":"rowerowe-wakacje","status":"publish","type":"page","link":"https:\/\/www.cbh-cyprus.com\/pl\/dzialania\/rowerowe-wakacje\/","title":{"rendered":"Wakacje na rowerze"},"content":{"rendered":"<p>Cypr oferuje przepis na doskona\u0142e warunki pogodowe, kt\u00f3re razem sprawiaj\u0105, \u017ce wyspa jest idealnym miejscem do jazdy na rowerze przez ca\u0142y rok.<br \/>\nWakacje na rowerze to doskona\u0142y spos\u00f3b na ciekaw\u0105 i satysfakcjonuj\u0105c\u0105 rozrywk\u0119.<br \/>\nZar\u00f3wno zawodowi, jak i amatorscy rowerzy\u015bci z ca\u0142ego \u015bwiata przyje\u017cd\u017caj\u0105, aby w pe\u0142ni wykorzysta\u0107 doskona\u0142\u0105 pogod\u0119 przez ca\u0142y rok, osza\u0142amiaj\u0105ce krajobrazy, kr\u00f3tkie i \u0142atwe do pokonania odleg\u0142o\u015bci.<br \/>\nMog\u0105 Pa\u0144stwo wybra\u0107 w\u0142asn\u0105 tras\u0119, pod\u0105\u017caj\u0105c wiejskimi lub g\u00f3rskimi \u015bcie\u017ckami, a tak\u017ce \u015bcie\u017ckami rowerowymi wzd\u0142u\u017c niekt\u00f3rych bardziej ruchliwych dr\u00f3g w miastach.<br \/>\nSzczeg\u00f3lnie w Pafos jest niewiarygodne, jak mo\u017cna by\u0107 w g\u00f3rach i lasach rano, a po po\u0142udniu z powrotem nad kobaltowym morzem.<br \/>\nCo wi\u0119cej, go\u015bcie Constantinou Bros Hotels mog\u0105 korzysta\u0107 z bezpiecznej, zorganizowanej i przestronnej przechowalni rower\u00f3w, oferowanej bezp\u0142atnie i wy\u0142\u0105cznie dla go\u015bci Constantinou Bros Hotels.       <strong>Dost\u0119pne udogodnienia<\/strong><\/p>\n<ul>\n<li>Dost\u0119pna dedykowana przechowalnia rower\u00f3w<\/li>\n<li>Przechowalnia rower\u00f3w w hotelu Athena Beach &#8211; pomie\u015bci do 140 rower\u00f3w<\/li>\n<li>Przechowalnia rower\u00f3w Pioneer Beach Hotel &#8211; pomie\u015bci do 98 rower\u00f3w<\/li>\n<li>Elektroniczny zamek wej\u015bciowy dost\u0119pny za pomoc\u0105 spersonalizowanego kodu podanego podczas zameldowania.<\/li>\n<li>Dost\u0119p do bezpiecznych, indywidualnych szafek na buty i kaski z osobistym kluczem u\u017cytkownika<\/li>\n<li>Bezpieczny magazyn z telewizj\u0105 przemys\u0142ow\u0105<\/li>\n<li>Urz\u0105dzenia do naprawy i konserwacji na miejscu oraz pompa powietrza<\/li>\n<li>Urz\u0105dzenia do czyszczenia rower\u00f3w<\/li>\n<li>Oba obiekty umo\u017cliwiaj\u0105 przechowywanie rower\u00f3w na stojakach pionowych i pod\u0142ogowych<\/li>\n<li>Wsp\u00f3\u0142praca z centrum rowerowym<\/li>\n<\/ul>\n<p>  *Przechowalnia rower\u00f3w w hotelu Athena Beach jest wsp\u00f3lna dla hotelu Athena Royal Beach, a przechowalnia rower\u00f3w w hotelu Pioneer Beach jest wsp\u00f3lna dla go\u015bci zatrzymuj\u0105cych si\u0119 w hotelu Asimina Suites.<\/p>\n","protected":false},"excerpt":{"rendered":"<p>Cypr oferuje przepis na doskona\u0142e warunki pogodowe, kt\u00f3re razem sprawiaj\u0105, \u017ce wyspa jest idealnym miejscem do jazdy na rowerze przez ca\u0142y rok. Wakacje na rowerze to doskona\u0142y spos\u00f3b na ciekaw\u0105 i satysfakcjonuj\u0105c\u0105 rozrywk\u0119. Zar\u00f3wno zawodowi, jak i amatorscy rowerzy\u015bci z ca\u0142ego \u015bwiata przyje\u017cd\u017caj\u0105, aby w pe\u0142ni wykorzysta\u0107 doskona\u0142\u0105 pogod\u0119 przez ca\u0142y rok, osza\u0142amiaj\u0105ce krajobrazy, kr\u00f3tkie<\/p>\n","protected":false},"author":100,"featured_media":38138,"parent":37218,"menu_order":0,"comment_status":"closed","ping_status":"closed","template":"","meta":{"_acf_changed":false,"footnotes":""},"class_list":["post-37296","page","type-page","status-publish","has-post-thumbnail","hentry"],"acf":[],"yoast_head":"<!-- This site is optimized with the Yoast SEO plugin v27.3 - https:\/\/yoast.com\/product\/yoast-seo-wordpress\/ -->\n<title>Cypr Wakacje na rowerze w Pafos || Hotele Constantinou<\/title>\n<meta name=\"description\" content=\"Wzywaj\u0105c wszystkich entuzjast\u00f3w kolarstwa, w Constantinou Bros Hotels zapewniamy udogodnienia na najbardziej ekscytuj\u0105ce cypryjskie wakacje rowerowe wzd\u0142u\u017c pla\u017cy w Pafos.\" \/>\n<meta name=\"robots\" content=\"index, follow, max-snippet:-1, max-image-preview:large, max-video-preview:-1\" \/>\n<link rel=\"canonical\" href=\"https:\/\/www.cbh-cyprus.com\/pl\/dzialania\/rowerowe-wakacje\/\" \/>\n<meta property=\"og:locale\" content=\"pl_PL\" \/>\n<meta property=\"og:type\" content=\"article\" \/>\n<meta property=\"og:title\" content=\"Cypr Wakacje na rowerze w Pafos || Hotele Constantinou\" \/>\n<meta property=\"og:description\" content=\"Wzywaj\u0105c wszystkich entuzjast\u00f3w kolarstwa, w Constantinou Bros Hotels zapewniamy udogodnienia na najbardziej ekscytuj\u0105ce cypryjskie wakacje rowerowe wzd\u0142u\u017c pla\u017cy w Pafos.\" \/>\n<meta property=\"og:url\" content=\"https:\/\/www.cbh-cyprus.com\/pl\/dzialania\/rowerowe-wakacje\/\" \/>\n<meta property=\"og:site_name\" content=\"Constantinou Bros Hotels\" \/>\n<meta property=\"article:modified_time\" content=\"2024-09-13T08:37:41+00:00\" \/>\n<meta property=\"og:image\" content=\"https:\/\/www.cbh-cyprus.com\/app\/uploads\/sites\/30\/2020\/10\/56-ATHENA-BEACH-HOTEL-BIKE-ROOM.jpg\" \/>\n\t<meta property=\"og:image:width\" content=\"5760\" \/>\n\t<meta property=\"og:image:height\" content=\"3840\" \/>\n\t<meta property=\"og:image:type\" content=\"image\/jpeg\" \/>\n<meta name=\"twitter:card\" content=\"summary_large_image\" \/>\n<meta name=\"twitter:label1\" content=\"Est. reading time\" \/>\n\t<meta name=\"twitter:data1\" content=\"2 minutes\" \/>\n<script type=\"application\/ld+json\" class=\"yoast-schema-graph\">{\"@context\":\"https:\\\/\\\/schema.org\",\"@graph\":[{\"@type\":\"WebPage\",\"@id\":\"https:\\\/\\\/www.cbh-cyprus.com\\\/pl\\\/dzialania\\\/rowerowe-wakacje\\\/\",\"url\":\"https:\\\/\\\/www.cbh-cyprus.com\\\/pl\\\/dzialania\\\/rowerowe-wakacje\\\/\",\"name\":\"Cypr Wakacje na rowerze w Pafos || Hotele Constantinou\",\"isPartOf\":{\"@id\":\"https:\\\/\\\/www.cbh-cyprus.com\\\/pl\\\/#website\"},\"primaryImageOfPage\":{\"@id\":\"https:\\\/\\\/www.cbh-cyprus.com\\\/pl\\\/dzialania\\\/rowerowe-wakacje\\\/#primaryimage\"},\"image\":{\"@id\":\"https:\\\/\\\/www.cbh-cyprus.com\\\/pl\\\/dzialania\\\/rowerowe-wakacje\\\/#primaryimage\"},\"thumbnailUrl\":\"https:\\\/\\\/www.cbh-cyprus.com\\\/app\\\/uploads\\\/sites\\\/30\\\/2020\\\/10\\\/56-ATHENA-BEACH-HOTEL-BIKE-ROOM.jpg\",\"datePublished\":\"2024-07-23T09:18:08+00:00\",\"dateModified\":\"2024-09-13T08:37:41+00:00\",\"description\":\"Wzywaj\u0105c wszystkich entuzjast\u00f3w kolarstwa, w Constantinou Bros Hotels zapewniamy udogodnienia na najbardziej ekscytuj\u0105ce cypryjskie wakacje rowerowe wzd\u0142u\u017c pla\u017cy w Pafos.\",\"breadcrumb\":{\"@id\":\"https:\\\/\\\/www.cbh-cyprus.com\\\/pl\\\/dzialania\\\/rowerowe-wakacje\\\/#breadcrumb\"},\"inLanguage\":\"pl-PL\",\"potentialAction\":[{\"@type\":\"ReadAction\",\"target\":[\"https:\\\/\\\/www.cbh-cyprus.com\\\/pl\\\/dzialania\\\/rowerowe-wakacje\\\/\"]}]},{\"@type\":\"ImageObject\",\"inLanguage\":\"pl-PL\",\"@id\":\"https:\\\/\\\/www.cbh-cyprus.com\\\/pl\\\/dzialania\\\/rowerowe-wakacje\\\/#primaryimage\",\"url\":\"https:\\\/\\\/www.cbh-cyprus.com\\\/app\\\/uploads\\\/sites\\\/30\\\/2020\\\/10\\\/56-ATHENA-BEACH-HOTEL-BIKE-ROOM.jpg\",\"contentUrl\":\"https:\\\/\\\/www.cbh-cyprus.com\\\/app\\\/uploads\\\/sites\\\/30\\\/2020\\\/10\\\/56-ATHENA-BEACH-HOTEL-BIKE-ROOM.jpg\",\"width\":5760,\"height\":3840},{\"@type\":\"BreadcrumbList\",\"@id\":\"https:\\\/\\\/www.cbh-cyprus.com\\\/pl\\\/dzialania\\\/rowerowe-wakacje\\\/#breadcrumb\",\"itemListElement\":[{\"@type\":\"ListItem\",\"position\":1,\"name\":\"Home\",\"item\":\"https:\\\/\\\/www.cbh-cyprus.com\\\/pl\\\/welcome-to-constantinou-bros-hotels\\\/\"},{\"@type\":\"ListItem\",\"position\":2,\"name\":\"Dzia\u0142ania\",\"item\":\"https:\\\/\\\/www.cbh-cyprus.com\\\/pl\\\/dzialania\\\/\"},{\"@type\":\"ListItem\",\"position\":3,\"name\":\"Wakacje na rowerze\"}]},{\"@type\":\"WebSite\",\"@id\":\"https:\\\/\\\/www.cbh-cyprus.com\\\/pl\\\/#website\",\"url\":\"https:\\\/\\\/www.cbh-cyprus.com\\\/pl\\\/\",\"name\":\"Constantinou Bros Hotels\",\"description\":\"Constantinou Bros Hotels\",\"publisher\":{\"@id\":\"https:\\\/\\\/www.cbh-cyprus.com\\\/pl\\\/#organization\"},\"potentialAction\":[{\"@type\":\"SearchAction\",\"target\":{\"@type\":\"EntryPoint\",\"urlTemplate\":\"https:\\\/\\\/www.cbh-cyprus.com\\\/pl\\\/?s={search_term_string}\"},\"query-input\":{\"@type\":\"PropertyValueSpecification\",\"valueRequired\":true,\"valueName\":\"search_term_string\"}}],\"inLanguage\":\"pl-PL\"},{\"@type\":\"Organization\",\"@id\":\"https:\\\/\\\/www.cbh-cyprus.com\\\/pl\\\/#organization\",\"name\":\"Constantinou Bros Hotels\",\"url\":\"https:\\\/\\\/www.cbh-cyprus.com\\\/pl\\\/\",\"logo\":{\"@type\":\"ImageObject\",\"inLanguage\":\"pl-PL\",\"@id\":\"https:\\\/\\\/www.cbh-cyprus.com\\\/pl\\\/#\\\/schema\\\/logo\\\/image\\\/\",\"url\":\"https:\\\/\\\/www.cbh-cyprus.com\\\/app\\\/uploads\\\/sites\\\/30\\\/2020\\\/10\\\/cbh.jpg\",\"contentUrl\":\"https:\\\/\\\/www.cbh-cyprus.com\\\/app\\\/uploads\\\/sites\\\/30\\\/2020\\\/10\\\/cbh.jpg\",\"width\":1013,\"height\":419,\"caption\":\"Constantinou Bros Hotels\"},\"image\":{\"@id\":\"https:\\\/\\\/www.cbh-cyprus.com\\\/pl\\\/#\\\/schema\\\/logo\\\/image\\\/\"}}]}<\/script>\n<!-- \/ Yoast SEO plugin. -->","yoast_head_json":{"title":"Cypr Wakacje na rowerze w Pafos || Hotele Constantinou","description":"Wzywaj\u0105c wszystkich entuzjast\u00f3w kolarstwa, w Constantinou Bros Hotels zapewniamy udogodnienia na najbardziej ekscytuj\u0105ce cypryjskie wakacje rowerowe wzd\u0142u\u017c pla\u017cy w Pafos.","robots":{"index":"index","follow":"follow","max-snippet":"max-snippet:-1","max-image-preview":"max-image-preview:large","max-video-preview":"max-video-preview:-1"},"canonical":"https:\/\/www.cbh-cyprus.com\/pl\/dzialania\/rowerowe-wakacje\/","og_locale":"pl_PL","og_type":"article","og_title":"Cypr Wakacje na rowerze w Pafos || Hotele Constantinou","og_description":"Wzywaj\u0105c wszystkich entuzjast\u00f3w kolarstwa, w Constantinou Bros Hotels zapewniamy udogodnienia na najbardziej ekscytuj\u0105ce cypryjskie wakacje rowerowe wzd\u0142u\u017c pla\u017cy w Pafos.","og_url":"https:\/\/www.cbh-cyprus.com\/pl\/dzialania\/rowerowe-wakacje\/","og_site_name":"Constantinou Bros Hotels","article_modified_time":"2024-09-13T08:37:41+00:00","og_image":[{"width":5760,"height":3840,"url":"https:\/\/www.cbh-cyprus.com\/app\/uploads\/sites\/30\/2020\/10\/56-ATHENA-BEACH-HOTEL-BIKE-ROOM.jpg","type":"image\/jpeg"}],"twitter_card":"summary_large_image","twitter_misc":{"Est. reading time":"2 minutes"},"schema":{"@context":"https:\/\/schema.org","@graph":[{"@type":"WebPage","@id":"https:\/\/www.cbh-cyprus.com\/pl\/dzialania\/rowerowe-wakacje\/","url":"https:\/\/www.cbh-cyprus.com\/pl\/dzialania\/rowerowe-wakacje\/","name":"Cypr Wakacje na rowerze w Pafos || Hotele Constantinou","isPartOf":{"@id":"https:\/\/www.cbh-cyprus.com\/pl\/#website"},"primaryImageOfPage":{"@id":"https:\/\/www.cbh-cyprus.com\/pl\/dzialania\/rowerowe-wakacje\/#primaryimage"},"image":{"@id":"https:\/\/www.cbh-cyprus.com\/pl\/dzialania\/rowerowe-wakacje\/#primaryimage"},"thumbnailUrl":"https:\/\/www.cbh-cyprus.com\/app\/uploads\/sites\/30\/2020\/10\/56-ATHENA-BEACH-HOTEL-BIKE-ROOM.jpg","datePublished":"2024-07-23T09:18:08+00:00","dateModified":"2024-09-13T08:37:41+00:00","description":"Wzywaj\u0105c wszystkich entuzjast\u00f3w kolarstwa, w Constantinou Bros Hotels zapewniamy udogodnienia na najbardziej ekscytuj\u0105ce cypryjskie wakacje rowerowe wzd\u0142u\u017c pla\u017cy w Pafos.","breadcrumb":{"@id":"https:\/\/www.cbh-cyprus.com\/pl\/dzialania\/rowerowe-wakacje\/#breadcrumb"},"inLanguage":"pl-PL","potentialAction":[{"@type":"ReadAction","target":["https:\/\/www.cbh-cyprus.com\/pl\/dzialania\/rowerowe-wakacje\/"]}]},{"@type":"ImageObject","inLanguage":"pl-PL","@id":"https:\/\/www.cbh-cyprus.com\/pl\/dzialania\/rowerowe-wakacje\/#primaryimage","url":"https:\/\/www.cbh-cyprus.com\/app\/uploads\/sites\/30\/2020\/10\/56-ATHENA-BEACH-HOTEL-BIKE-ROOM.jpg","contentUrl":"https:\/\/www.cbh-cyprus.com\/app\/uploads\/sites\/30\/2020\/10\/56-ATHENA-BEACH-HOTEL-BIKE-ROOM.jpg","width":5760,"height":3840},{"@type":"BreadcrumbList","@id":"https:\/\/www.cbh-cyprus.com\/pl\/dzialania\/rowerowe-wakacje\/#breadcrumb","itemListElement":[{"@type":"ListItem","position":1,"name":"Home","item":"https:\/\/www.cbh-cyprus.com\/pl\/welcome-to-constantinou-bros-hotels\/"},{"@type":"ListItem","position":2,"name":"Dzia\u0142ania","item":"https:\/\/www.cbh-cyprus.com\/pl\/dzialania\/"},{"@type":"ListItem","position":3,"name":"Wakacje na rowerze"}]},{"@type":"WebSite","@id":"https:\/\/www.cbh-cyprus.com\/pl\/#website","url":"https:\/\/www.cbh-cyprus.com\/pl\/","name":"Constantinou Bros Hotels","description":"Constantinou Bros Hotels","publisher":{"@id":"https:\/\/www.cbh-cyprus.com\/pl\/#organization"},"potentialAction":[{"@type":"SearchAction","target":{"@type":"EntryPoint","urlTemplate":"https:\/\/www.cbh-cyprus.com\/pl\/?s={search_term_string}"},"query-input":{"@type":"PropertyValueSpecification","valueRequired":true,"valueName":"search_term_string"}}],"inLanguage":"pl-PL"},{"@type":"Organization","@id":"https:\/\/www.cbh-cyprus.com\/pl\/#organization","name":"Constantinou Bros Hotels","url":"https:\/\/www.cbh-cyprus.com\/pl\/","logo":{"@type":"ImageObject","inLanguage":"pl-PL","@id":"https:\/\/www.cbh-cyprus.com\/pl\/#\/schema\/logo\/image\/","url":"https:\/\/www.cbh-cyprus.com\/app\/uploads\/sites\/30\/2020\/10\/cbh.jpg","contentUrl":"https:\/\/www.cbh-cyprus.com\/app\/uploads\/sites\/30\/2020\/10\/cbh.jpg","width":1013,"height":419,"caption":"Constantinou Bros Hotels"},"image":{"@id":"https:\/\/www.cbh-cyprus.com\/pl\/#\/schema\/logo\/image\/"}}]}},"_links":{"self":[{"href":"https:\/\/www.cbh-cyprus.com\/pl\/wp-json\/wp\/v2\/pages\/37296","targetHints":{"allow":["GET"]}}],"collection":[{"href":"https:\/\/www.cbh-cyprus.com\/pl\/wp-json\/wp\/v2\/pages"}],"about":[{"href":"https:\/\/www.cbh-cyprus.com\/pl\/wp-json\/wp\/v2\/types\/page"}],"author":[{"embeddable":true,"href":"https:\/\/www.cbh-cyprus.com\/pl\/wp-json\/wp\/v2\/users\/100"}],"replies":[{"embeddable":true,"href":"https:\/\/www.cbh-cyprus.com\/pl\/wp-json\/wp\/v2\/comments?post=37296"}],"version-history":[{"count":1,"href":"https:\/\/www.cbh-cyprus.com\/pl\/wp-json\/wp\/v2\/pages\/37296\/revisions"}],"predecessor-version":[{"id":41227,"href":"https:\/\/www.cbh-cyprus.com\/pl\/wp-json\/wp\/v2\/pages\/37296\/revisions\/41227"}],"up":[{"embeddable":true,"href":"https:\/\/www.cbh-cyprus.com\/pl\/wp-json\/wp\/v2\/pages\/37218"}],"wp:featuredmedia":[{"embeddable":true,"href":"https:\/\/www.cbh-cyprus.com\/pl\/wp-json\/wp\/v2\/media\/38138"}],"wp:attachment":[{"href":"https:\/\/www.cbh-cyprus.com\/pl\/wp-json\/wp\/v2\/media?parent=37296"}],"curies":[{"name":"wp","href":"https:\/\/api.w.org\/{rel}","templated":true}]}}