{"id":42855,"date":"2024-12-02T14:50:41","date_gmt":"2024-12-02T12:50:41","guid":{"rendered":"https:\/\/www.cbh-cyprus.com\/?page_id=42855"},"modified":"2025-07-29T15:34:03","modified_gmt":"2025-07-29T12:34:03","slug":"christmas-events","status":"publish","type":"page","link":"https:\/\/www.cbh-cyprus.com\/pl\/christmas-events\/","title":{"rendered":"Wydarzenia \u015bwi\u0105teczne"},"content":{"rendered":"<p style=\"text-align: center;\">Constantinou Bros Athena Beach Hotel oferuje Pa\u0144stwu mo\u017cliwo\u015b\u0107<br \/>\ncieszenia si\u0119 \u015awi\u0119tami Bo\u017cego Narodzenia w inny spos\u00f3b na Cyprze dzi\u0119ki atrakcyjnemu i<br \/>\nwyj\u0105tkowemu programowi zaj\u0119\u0107, w kt\u00f3rych mo\u017ce wzi\u0105\u0107 udzia\u0142 ca\u0142a rodzina.<br \/>\nCiesz si\u0119 naszym wspania\u0142ym klimatem, sp\u0119dzaj\u0105c \u015awi\u0119ta Bo\u017cego Narodzenia w s\u0142o\u0144cu,<br \/>\nzrelaksuj si\u0119 w luksusowym hotelu z pi\u0119knym otoczeniem, rozkoszuj si\u0119<br \/>\njednymi z najlepszych da\u0144 kuchni cypryjskiej i spraw, aby te \u015awi\u0119ta<br \/>\nna zawsze pozosta\u0142y w Pa\u0144stwa pami\u0119ci.<\/p>\n<p style=\"text-align: center;\">Program hotelowy na ten wyj\u0105tkowy sezon \u015bwi\u0105teczny rozpoczyna si\u0119<br \/>\n22 grudnia 2024 roku i trwa do 1 stycznia<br \/>\n2025 roku. Opr\u00f3cz korzystania ze zwyk\u0142ych us\u0142ug, kt\u00f3re okre\u015blaj\u0105 hotel jako<br \/>\nwyj\u0105tkowy w Pafos, program wype\u0142ni Pa\u0144stwa \u015bwi\u0105tecznym duchem, aby<br \/>\ncieszy\u0107 si\u0119 nim w wolnym czasie i zapewni, \u017ce te \u015awi\u0119ta Bo\u017cego Narodzenia i<br \/>\nNowy Rok b\u0119d\u0105 niezapomniane. <\/p>\n<p style=\"text-align: center;\">Mamy nadziej\u0119, \u017ce program ten sprawi, \u017ce wezm\u0105 Pa\u0144stwo w nim udzia\u0142 i sp\u0119dz\u0105 wyj\u0105tkowy<br \/>\nokres \u015bwi\u0105teczny w hotelu Constantinou Bros<br \/>\nAthena Beach.<\/p>\n","protected":false},"excerpt":{"rendered":"<p>Constantinou Bros Athena Beach Hotel oferuje Pa\u0144stwu mo\u017cliwo\u015b\u0107 cieszenia si\u0119 \u015awi\u0119tami Bo\u017cego Narodzenia w inny spos\u00f3b na Cyprze dzi\u0119ki atrakcyjnemu i wyj\u0105tkowemu programowi zaj\u0119\u0107, w kt\u00f3rych mo\u017ce wzi\u0105\u0107 udzia\u0142 ca\u0142a rodzina. Ciesz si\u0119 naszym wspania\u0142ym klimatem, sp\u0119dzaj\u0105c \u015awi\u0119ta Bo\u017cego Narodzenia w s\u0142o\u0144cu, zrelaksuj si\u0119 w luksusowym hotelu z pi\u0119knym otoczeniem, rozkoszuj si\u0119 jednymi z najlepszych<\/p>\n","protected":false},"author":758,"featured_media":42638,"parent":0,"menu_order":0,"comment_status":"closed","ping_status":"closed","template":"page-templates\/christmas-events.php","meta":{"_acf_changed":false,"footnotes":""},"class_list":["post-42855","page","type-page","status-publish","has-post-thumbnail","hentry"],"acf":[],"yoast_head":"<!-- This site is optimized with the Yoast SEO plugin v27.3 - https:\/\/yoast.com\/product\/yoast-seo-wordpress\/ -->\n<title>Wydarzenia \u015bwi\u0105teczne - Constantinou Bros Hotels<\/title>\n<meta name=\"robots\" content=\"index, follow, max-snippet:-1, max-image-preview:large, max-video-preview:-1\" \/>\n<link rel=\"canonical\" href=\"https:\/\/www.cbh-cyprus.com\/pl\/christmas-events\/\" \/>\n<meta property=\"og:locale\" content=\"pl_PL\" \/>\n<meta property=\"og:type\" content=\"article\" \/>\n<meta property=\"og:title\" content=\"Wydarzenia \u015bwi\u0105teczne - Constantinou Bros Hotels\" \/>\n<meta property=\"og:description\" content=\"Constantinou Bros Athena Beach Hotel oferuje Pa\u0144stwu mo\u017cliwo\u015b\u0107 cieszenia si\u0119 \u015awi\u0119tami Bo\u017cego Narodzenia w inny spos\u00f3b na Cyprze dzi\u0119ki atrakcyjnemu i wyj\u0105tkowemu programowi zaj\u0119\u0107, w kt\u00f3rych mo\u017ce wzi\u0105\u0107 udzia\u0142 ca\u0142a rodzina. Ciesz si\u0119 naszym wspania\u0142ym klimatem, sp\u0119dzaj\u0105c \u015awi\u0119ta Bo\u017cego Narodzenia w s\u0142o\u0144cu, zrelaksuj si\u0119 w luksusowym hotelu z pi\u0119knym otoczeniem, rozkoszuj si\u0119 jednymi z najlepszych\" \/>\n<meta property=\"og:url\" content=\"https:\/\/www.cbh-cyprus.com\/pl\/christmas-events\/\" \/>\n<meta property=\"og:site_name\" content=\"Constantinou Bros Hotels\" \/>\n<meta property=\"article:modified_time\" content=\"2025-07-29T12:34:03+00:00\" \/>\n<meta property=\"og:image\" content=\"https:\/\/www.cbh-cyprus.com\/app\/uploads\/sites\/30\/2024\/11\/christmas-events.jpg\" \/>\n\t<meta property=\"og:image:width\" content=\"1902\" \/>\n\t<meta property=\"og:image:height\" content=\"782\" \/>\n\t<meta property=\"og:image:type\" content=\"image\/jpeg\" \/>\n<meta name=\"twitter:card\" content=\"summary_large_image\" \/>\n<meta name=\"twitter:label1\" content=\"Est. reading time\" \/>\n\t<meta name=\"twitter:data1\" content=\"1 minute\" \/>\n<script type=\"application\/ld+json\" class=\"yoast-schema-graph\">{\"@context\":\"https:\\\/\\\/schema.org\",\"@graph\":[{\"@type\":\"WebPage\",\"@id\":\"https:\\\/\\\/www.cbh-cyprus.com\\\/pl\\\/christmas-events\\\/\",\"url\":\"https:\\\/\\\/www.cbh-cyprus.com\\\/pl\\\/christmas-events\\\/\",\"name\":\"Wydarzenia \u015bwi\u0105teczne - Constantinou Bros Hotels\",\"isPartOf\":{\"@id\":\"https:\\\/\\\/www.cbh-cyprus.com\\\/pl\\\/#website\"},\"primaryImageOfPage\":{\"@id\":\"https:\\\/\\\/www.cbh-cyprus.com\\\/pl\\\/christmas-events\\\/#primaryimage\"},\"image\":{\"@id\":\"https:\\\/\\\/www.cbh-cyprus.com\\\/pl\\\/christmas-events\\\/#primaryimage\"},\"thumbnailUrl\":\"https:\\\/\\\/www.cbh-cyprus.com\\\/app\\\/uploads\\\/sites\\\/30\\\/2024\\\/11\\\/christmas-events.jpg\",\"datePublished\":\"2024-12-02T12:50:41+00:00\",\"dateModified\":\"2025-07-29T12:34:03+00:00\",\"breadcrumb\":{\"@id\":\"https:\\\/\\\/www.cbh-cyprus.com\\\/pl\\\/christmas-events\\\/#breadcrumb\"},\"inLanguage\":\"pl-PL\",\"potentialAction\":[{\"@type\":\"ReadAction\",\"target\":[\"https:\\\/\\\/www.cbh-cyprus.com\\\/pl\\\/christmas-events\\\/\"]}]},{\"@type\":\"ImageObject\",\"inLanguage\":\"pl-PL\",\"@id\":\"https:\\\/\\\/www.cbh-cyprus.com\\\/pl\\\/christmas-events\\\/#primaryimage\",\"url\":\"https:\\\/\\\/www.cbh-cyprus.com\\\/app\\\/uploads\\\/sites\\\/30\\\/2024\\\/11\\\/christmas-events.jpg\",\"contentUrl\":\"https:\\\/\\\/www.cbh-cyprus.com\\\/app\\\/uploads\\\/sites\\\/30\\\/2024\\\/11\\\/christmas-events.jpg\",\"width\":1902,\"height\":782},{\"@type\":\"BreadcrumbList\",\"@id\":\"https:\\\/\\\/www.cbh-cyprus.com\\\/pl\\\/christmas-events\\\/#breadcrumb\",\"itemListElement\":[{\"@type\":\"ListItem\",\"position\":1,\"name\":\"Home\",\"item\":\"https:\\\/\\\/www.cbh-cyprus.com\\\/pl\\\/welcome-to-constantinou-bros-hotels\\\/\"},{\"@type\":\"ListItem\",\"position\":2,\"name\":\"Wydarzenia \u015bwi\u0105teczne\"}]},{\"@type\":\"WebSite\",\"@id\":\"https:\\\/\\\/www.cbh-cyprus.com\\\/pl\\\/#website\",\"url\":\"https:\\\/\\\/www.cbh-cyprus.com\\\/pl\\\/\",\"name\":\"Constantinou Bros Hotels\",\"description\":\"Constantinou Bros Hotels\",\"publisher\":{\"@id\":\"https:\\\/\\\/www.cbh-cyprus.com\\\/pl\\\/#organization\"},\"potentialAction\":[{\"@type\":\"SearchAction\",\"target\":{\"@type\":\"EntryPoint\",\"urlTemplate\":\"https:\\\/\\\/www.cbh-cyprus.com\\\/pl\\\/?s={search_term_string}\"},\"query-input\":{\"@type\":\"PropertyValueSpecification\",\"valueRequired\":true,\"valueName\":\"search_term_string\"}}],\"inLanguage\":\"pl-PL\"},{\"@type\":\"Organization\",\"@id\":\"https:\\\/\\\/www.cbh-cyprus.com\\\/pl\\\/#organization\",\"name\":\"Constantinou Bros Hotels\",\"url\":\"https:\\\/\\\/www.cbh-cyprus.com\\\/pl\\\/\",\"logo\":{\"@type\":\"ImageObject\",\"inLanguage\":\"pl-PL\",\"@id\":\"https:\\\/\\\/www.cbh-cyprus.com\\\/pl\\\/#\\\/schema\\\/logo\\\/image\\\/\",\"url\":\"https:\\\/\\\/www.cbh-cyprus.com\\\/app\\\/uploads\\\/sites\\\/30\\\/2020\\\/10\\\/cbh.jpg\",\"contentUrl\":\"https:\\\/\\\/www.cbh-cyprus.com\\\/app\\\/uploads\\\/sites\\\/30\\\/2020\\\/10\\\/cbh.jpg\",\"width\":1013,\"height\":419,\"caption\":\"Constantinou Bros Hotels\"},\"image\":{\"@id\":\"https:\\\/\\\/www.cbh-cyprus.com\\\/pl\\\/#\\\/schema\\\/logo\\\/image\\\/\"}}]}<\/script>\n<!-- \/ Yoast SEO plugin. -->","yoast_head_json":{"title":"Wydarzenia \u015bwi\u0105teczne - Constantinou Bros Hotels","robots":{"index":"index","follow":"follow","max-snippet":"max-snippet:-1","max-image-preview":"max-image-preview:large","max-video-preview":"max-video-preview:-1"},"canonical":"https:\/\/www.cbh-cyprus.com\/pl\/christmas-events\/","og_locale":"pl_PL","og_type":"article","og_title":"Wydarzenia \u015bwi\u0105teczne - Constantinou Bros Hotels","og_description":"Constantinou Bros Athena Beach Hotel oferuje Pa\u0144stwu mo\u017cliwo\u015b\u0107 cieszenia si\u0119 \u015awi\u0119tami Bo\u017cego Narodzenia w inny spos\u00f3b na Cyprze dzi\u0119ki atrakcyjnemu i wyj\u0105tkowemu programowi zaj\u0119\u0107, w kt\u00f3rych mo\u017ce wzi\u0105\u0107 udzia\u0142 ca\u0142a rodzina. Ciesz si\u0119 naszym wspania\u0142ym klimatem, sp\u0119dzaj\u0105c \u015awi\u0119ta Bo\u017cego Narodzenia w s\u0142o\u0144cu, zrelaksuj si\u0119 w luksusowym hotelu z pi\u0119knym otoczeniem, rozkoszuj si\u0119 jednymi z najlepszych","og_url":"https:\/\/www.cbh-cyprus.com\/pl\/christmas-events\/","og_site_name":"Constantinou Bros Hotels","article_modified_time":"2025-07-29T12:34:03+00:00","og_image":[{"width":1902,"height":782,"url":"https:\/\/www.cbh-cyprus.com\/app\/uploads\/sites\/30\/2024\/11\/christmas-events.jpg","type":"image\/jpeg"}],"twitter_card":"summary_large_image","twitter_misc":{"Est. reading time":"1 minute"},"schema":{"@context":"https:\/\/schema.org","@graph":[{"@type":"WebPage","@id":"https:\/\/www.cbh-cyprus.com\/pl\/christmas-events\/","url":"https:\/\/www.cbh-cyprus.com\/pl\/christmas-events\/","name":"Wydarzenia \u015bwi\u0105teczne - Constantinou Bros Hotels","isPartOf":{"@id":"https:\/\/www.cbh-cyprus.com\/pl\/#website"},"primaryImageOfPage":{"@id":"https:\/\/www.cbh-cyprus.com\/pl\/christmas-events\/#primaryimage"},"image":{"@id":"https:\/\/www.cbh-cyprus.com\/pl\/christmas-events\/#primaryimage"},"thumbnailUrl":"https:\/\/www.cbh-cyprus.com\/app\/uploads\/sites\/30\/2024\/11\/christmas-events.jpg","datePublished":"2024-12-02T12:50:41+00:00","dateModified":"2025-07-29T12:34:03+00:00","breadcrumb":{"@id":"https:\/\/www.cbh-cyprus.com\/pl\/christmas-events\/#breadcrumb"},"inLanguage":"pl-PL","potentialAction":[{"@type":"ReadAction","target":["https:\/\/www.cbh-cyprus.com\/pl\/christmas-events\/"]}]},{"@type":"ImageObject","inLanguage":"pl-PL","@id":"https:\/\/www.cbh-cyprus.com\/pl\/christmas-events\/#primaryimage","url":"https:\/\/www.cbh-cyprus.com\/app\/uploads\/sites\/30\/2024\/11\/christmas-events.jpg","contentUrl":"https:\/\/www.cbh-cyprus.com\/app\/uploads\/sites\/30\/2024\/11\/christmas-events.jpg","width":1902,"height":782},{"@type":"BreadcrumbList","@id":"https:\/\/www.cbh-cyprus.com\/pl\/christmas-events\/#breadcrumb","itemListElement":[{"@type":"ListItem","position":1,"name":"Home","item":"https:\/\/www.cbh-cyprus.com\/pl\/welcome-to-constantinou-bros-hotels\/"},{"@type":"ListItem","position":2,"name":"Wydarzenia \u015bwi\u0105teczne"}]},{"@type":"WebSite","@id":"https:\/\/www.cbh-cyprus.com\/pl\/#website","url":"https:\/\/www.cbh-cyprus.com\/pl\/","name":"Constantinou Bros Hotels","description":"Constantinou Bros Hotels","publisher":{"@id":"https:\/\/www.cbh-cyprus.com\/pl\/#organization"},"potentialAction":[{"@type":"SearchAction","target":{"@type":"EntryPoint","urlTemplate":"https:\/\/www.cbh-cyprus.com\/pl\/?s={search_term_string}"},"query-input":{"@type":"PropertyValueSpecification","valueRequired":true,"valueName":"search_term_string"}}],"inLanguage":"pl-PL"},{"@type":"Organization","@id":"https:\/\/www.cbh-cyprus.com\/pl\/#organization","name":"Constantinou Bros Hotels","url":"https:\/\/www.cbh-cyprus.com\/pl\/","logo":{"@type":"ImageObject","inLanguage":"pl-PL","@id":"https:\/\/www.cbh-cyprus.com\/pl\/#\/schema\/logo\/image\/","url":"https:\/\/www.cbh-cyprus.com\/app\/uploads\/sites\/30\/2020\/10\/cbh.jpg","contentUrl":"https:\/\/www.cbh-cyprus.com\/app\/uploads\/sites\/30\/2020\/10\/cbh.jpg","width":1013,"height":419,"caption":"Constantinou Bros Hotels"},"image":{"@id":"https:\/\/www.cbh-cyprus.com\/pl\/#\/schema\/logo\/image\/"}}]}},"_links":{"self":[{"href":"https:\/\/www.cbh-cyprus.com\/pl\/wp-json\/wp\/v2\/pages\/42855","targetHints":{"allow":["GET"]}}],"collection":[{"href":"https:\/\/www.cbh-cyprus.com\/pl\/wp-json\/wp\/v2\/pages"}],"about":[{"href":"https:\/\/www.cbh-cyprus.com\/pl\/wp-json\/wp\/v2\/types\/page"}],"author":[{"embeddable":true,"href":"https:\/\/www.cbh-cyprus.com\/pl\/wp-json\/wp\/v2\/users\/758"}],"replies":[{"embeddable":true,"href":"https:\/\/www.cbh-cyprus.com\/pl\/wp-json\/wp\/v2\/comments?post=42855"}],"version-history":[{"count":5,"href":"https:\/\/www.cbh-cyprus.com\/pl\/wp-json\/wp\/v2\/pages\/42855\/revisions"}],"predecessor-version":[{"id":45842,"href":"https:\/\/www.cbh-cyprus.com\/pl\/wp-json\/wp\/v2\/pages\/42855\/revisions\/45842"}],"wp:featuredmedia":[{"embeddable":true,"href":"https:\/\/www.cbh-cyprus.com\/pl\/wp-json\/wp\/v2\/media\/42638"}],"wp:attachment":[{"href":"https:\/\/www.cbh-cyprus.com\/pl\/wp-json\/wp\/v2\/media?parent=42855"}],"curies":[{"name":"wp","href":"https:\/\/api.w.org\/{rel}","templated":true}]}}