{"id":45830,"date":"2025-07-29T15:33:49","date_gmt":"2025-07-29T12:33:49","guid":{"rendered":"https:\/\/www.cbh-cyprus.com\/contact-loyalty\/"},"modified":"2025-07-29T15:33:49","modified_gmt":"2025-07-29T12:33:49","slug":"contact-loyalty","status":"publish","type":"page","link":"https:\/\/www.cbh-cyprus.com\/pl\/contact-loyalty\/","title":{"rendered":"Klub Lojalno\u015bciowy Go\u015bci Constantinou Bros Hotels &#8211; Formularz aktualizacji profilu"},"content":{"rendered":"\n<div class=\"wpcf7 no-js\" id=\"wpcf7-f37057-o1\" lang=\"pl-PL\" dir=\"ltr\" data-wpcf7-id=\"37057\">\n<div class=\"screen-reader-response\"><p role=\"status\" aria-live=\"polite\" aria-atomic=\"true\"><\/p> <ul><\/ul><\/div>\n<form action=\"\/pl\/wp-json\/wp\/v2\/pages\/45830#wpcf7-f37057-o1\" method=\"post\" class=\"wpcf7-form init\" aria-label=\"Contact form\" novalidate=\"novalidate\" data-status=\"init\">\n<fieldset class=\"hidden-fields-container\"><input type=\"hidden\" name=\"_wpcf7\" value=\"37057\" \/><input type=\"hidden\" name=\"_wpcf7_version\" value=\"6.1.5\" \/><input type=\"hidden\" name=\"_wpcf7_locale\" value=\"pl_PL\" \/><input type=\"hidden\" name=\"_wpcf7_unit_tag\" value=\"wpcf7-f37057-o1\" \/><input type=\"hidden\" name=\"_wpcf7_container_post\" value=\"0\" \/><input type=\"hidden\" name=\"_wpcf7_posted_data_hash\" value=\"\" \/><input type=\"hidden\" name=\"_wpcf7cf_hidden_group_fields\" value=\"[]\" \/><input type=\"hidden\" name=\"_wpcf7cf_hidden_groups\" value=\"[]\" \/><input type=\"hidden\" name=\"_wpcf7cf_visible_groups\" value=\"[]\" \/><input type=\"hidden\" name=\"_wpcf7cf_repeaters\" value=\"[]\" \/><input type=\"hidden\" name=\"_wpcf7cf_steps\" value=\"{}\" \/><input type=\"hidden\" name=\"_wpcf7cf_options\" value=\"{&quot;form_id&quot;:37057,&quot;conditions&quot;:[],&quot;settings&quot;:{&quot;animation&quot;:&quot;yes&quot;,&quot;animation_intime&quot;:200,&quot;animation_outtime&quot;:200,&quot;conditions_ui&quot;:&quot;normal&quot;,&quot;notice_dismissed&quot;:false,&quot;notice_dismissed_rollback-cf7-5.3.2&quot;:true}}\" \/>\n<\/fieldset>\n<div class=\"wpcf7-turnstile cf-turnstile\" data-sitekey=\"0x4AAAAAACrpyB9aZcWC2-Lp\" data-response-field-name=\"_wpcf7_turnstile_response\"><\/div>\n\n<p class=\"contact-form-title medium-size py-3 mt-3\">Wype\u0142nij poni\u017cszy formularz, aby zaktualizowa\u0107 dane swojego profilu w Klubie Lojalno\u015bciowym Go\u015bci.<\/p>\n<div class=\"form-row mt-7\">\n    <div class=\"form-group col-12 col-md-2\">\n        <label for=\"your-title\" class=\"text-uppercase mb-0\">Tw\u00f3j tytu\u0142:<\/label>\n        <p><\/p>\n        <span class=\"wpcf7-form-control-wrap\" data-name=\"your-hotel\"><select class=\"wpcf7-form-control wpcf7-select wpcf7-validates-as-required form-control form-control-lg required\" aria-required=\"true\" aria-invalid=\"false\" name=\"your-hotel\"><option value=\"\">-- Wybierz tytu\u0142 --<\/option><option value=\"Pan\">Pan<\/option><option value=\"Pani\">Pani<\/option><option value=\"Panna\">Panna<\/option><option value=\"Profesor\">Profesor<\/option><option value=\"Dr\">Dr<\/option><\/select><\/span>\n    <\/div>\n\n    <div class=\"form-group col-12 col-md-5\">\n        <label for=\"name\" class=\"text-uppercase mb-0\"> Nazwa *<\/label><p><\/p>\n        <span class=\"wpcf7-form-control-wrap\" data-name=\"firstname\"><input size=\"40\" maxlength=\"400\" class=\"wpcf7-form-control wpcf7-text wpcf7-validates-as-required name form-control form-control-lg required\" id=\"name\" aria-required=\"true\" aria-invalid=\"false\" placeholder=\"Nazwa\" value=\"\" type=\"text\" name=\"firstname\" \/><\/span>\n    <\/div>\n\n    <div class=\"form-group col-12 col-md-5\">\n        <label for=\"lastname\" class=\"text-uppercase mb-0\"> Nazwisko *<\/label><p><\/p>\n        <span class=\"wpcf7-form-control-wrap\" data-name=\"lastname\"><input size=\"40\" maxlength=\"400\" class=\"wpcf7-form-control wpcf7-text wpcf7-validates-as-required form-control form-control-lg required\" id=\"lastname\" aria-required=\"true\" aria-invalid=\"false\" placeholder=\"Nazwisko\" value=\"\" type=\"text\" name=\"lastname\" \/><\/span>\n    <\/div>\n<div>\n\n \n\n                \n            <\/div>\n      \n \n <div class=\"form-row mt-7\">\n        <div class=\"form-group col-12 col-md-6 pr-md-3\">\n            <label for=\"date\" class=\"text-uppercase\">Data urodzenia *<\/label>\n            <span class=\"wpcf7-form-control-wrap\" data-name=\"date-of-birth\"><input class=\"wpcf7-form-control wpcf7-date wpcf7-validates-as-required wpcf7-validates-as-date form-control form-control-lg required\" id=\"date-of-birth\" aria-required=\"true\" aria-invalid=\"false\" placeholder=\"Data urodzenia\" value=\"\" type=\"date\" name=\"date-of-birth\" \/><\/span>\n        <\/div>\n        <div class=\"form-group col-12 col-md-6 pl-md-3\">\n            <label for=\"passport-id\">PASZPORT \/ DOW\u00d3D OSOBOWY *<\/label>\n            <span class=\"wpcf7-form-control-wrap\" data-name=\"Passport-ID\"><input size=\"40\" maxlength=\"400\" class=\"wpcf7-form-control wpcf7-text wpcf7-validates-as-required form-control form-control-lg required\" id=\"Passport-ID\" aria-required=\"true\" aria-invalid=\"false\" placeholder=\"PASZPORT \/ DOW\u00d3D OSOBOWY\" value=\"\" type=\"text\" name=\"Passport-ID\" \/><\/span>\n        <\/div>\n              \n                <div class=\"form-group col-12 col-md-6 pr-md-3 pl-md-1\">\n                    <span class=\"wpcf7-form-control-wrap\" data-name=\"email\"><input size=\"40\" maxlength=\"400\" class=\"wpcf7-form-control wpcf7-email wpcf7-validates-as-required wpcf7-text wpcf7-validates-as-email form-control form-control-lg\" aria-required=\"true\" aria-invalid=\"false\" placeholder=\"Adres e-mail\" value=\"\" type=\"email\" name=\"email\" \/><\/span>\n                <\/div>\n                <div class=\"form-group col-12 col-md-6 pl-md-3 pr-md-1\">\n                    <span class=\"wpcf7-form-control-wrap\" data-name=\"Phone\"><input size=\"40\" maxlength=\"400\" class=\"wpcf7-form-control wpcf7-text form-control form-control-lg\" aria-invalid=\"false\" placeholder=\"Numer telefonu\" value=\"\" type=\"text\" name=\"Phone\" \/><\/span>\n                <\/div>\n                <p><\/p>\n                <div class=\"form-group col-12 col-md-6 pr-md-3 pl-md-1\">\n                    <span class=\"wpcf7-form-control-wrap\" data-name=\"address\"><input size=\"40\" maxlength=\"400\" class=\"wpcf7-form-control wpcf7-text form-control form-control-lg\" aria-invalid=\"false\" placeholder=\"Adres\" value=\"\" type=\"text\" name=\"address\" \/><\/span>\n                <\/div>\n                <div class=\"form-group col-12 col-md-6 pl-md-3\">\n                    <span class=\"wpcf7-form-control-wrap\" data-name=\"Post\"><input size=\"40\" maxlength=\"400\" class=\"wpcf7-form-control wpcf7-text wpcf7-validates-as-required form-control form-control-lg\" aria-required=\"true\" aria-invalid=\"false\" placeholder=\"Kod pocztowy\" value=\"\" type=\"text\" name=\"Post\" \/><\/span>\n                <\/div>\n                <div class=\"form-group col-12 col-md-6 pr-md-3\">\n                    <span class=\"wpcf7-form-control-wrap\" data-name=\"Country\"><input size=\"40\" maxlength=\"400\" class=\"wpcf7-form-control wpcf7-text wpcf7-validates-as-required form-control form-control-lg\" aria-required=\"true\" aria-invalid=\"false\" placeholder=\"Kraj\" value=\"\" type=\"text\" name=\"Country\" \/><\/span>\n                <\/div>\n            <\/div>\n\n            <p><\/p>\n            <div class=\"form-row mt-6\">\n                <p><\/p>\n                <div class=\"form-group col-12 col-md-12 pr-md-6\">\n                    <div class=\"col-12 col-md-12\">\n                        <p>\n                            Niniejszym wyra\u017cam wyra\u017an\u0105 zgod\u0119 na gromadzenie i wykorzystywanie moich danych osobowych w tym formularzu w celu otrzymywania informacji o r\u00f3\u017cnych wydarzeniach, ofertach i promocjach, kartek urodzinowych i \u015bwi\u0105tecznych oraz innych informacji o towarach i us\u0142ugach oferowanych przez Constantinou Bros Hotels Public Company Limited oraz inne sp\u00f3\u0142ki nale\u017c\u0105ce do tej samej grupy.\n                        <\/p>\n                        <p><span class=\"wpcf7-form-control-wrap\" data-name=\"checkbox-630\"><span class=\"wpcf7-form-control wpcf7-checkbox wpcf7-validates-as-required\"><span class=\"wpcf7-list-item first last\"><label><input type=\"checkbox\" name=\"checkbox-630[]\" value=\"Zgadzam si\u0119 z powy\u017cszymi Warunkami i Postanowieniami\" \/><span class=\"wpcf7-list-item-label\">Zgadzam si\u0119 z powy\u017cszymi Warunkami i Postanowieniami<\/span><\/label><\/span><\/span><\/span><\/p>\n                    <\/div>\n\n                    <div class=\"form-row justify-content-between align-items-end\">\n                        <div class=\"col-12 col-md-8\"><\/div>\n                        <div class=\"col-12 col-md-4 submit-button-wrapper text-right col-md-4\">\n                            <input class=\"wpcf7-form-control wpcf7-submit has-spinner btn btn-submit btn-primary px-5 py-3\" type=\"submit\" value=\"SK\u0141ADA\u0106\" \/>\n                        <\/div>\n                    <\/div>\n                <\/div>\n            <\/div>\n        <\/div>\n    <\/div>\n<\/div><div class=\"wpcf7-response-output\" aria-hidden=\"true\"><\/div>\n<\/form>\n<\/div>\n\n","protected":false},"excerpt":{"rendered":"","protected":false},"author":100,"featured_media":44396,"parent":0,"menu_order":0,"comment_status":"closed","ping_status":"closed","template":"","meta":{"_acf_changed":false,"footnotes":""},"class_list":["post-45830","page","type-page","status-publish","has-post-thumbnail","hentry"],"acf":[],"yoast_head":"<!-- This site is optimized with the Yoast SEO plugin v27.3 - https:\/\/yoast.com\/product\/yoast-seo-wordpress\/ -->\n<title>Klub Lojalno\u015bciowy Go\u015bci Constantinou Bros Hotels - Formularz aktualizacji profilu - Constantinou Bros Hotels<\/title>\n<meta name=\"robots\" content=\"index, follow, max-snippet:-1, max-image-preview:large, max-video-preview:-1\" \/>\n<link rel=\"canonical\" href=\"https:\/\/www.cbh-cyprus.com\/pl\/contact-loyalty\/\" \/>\n<meta property=\"og:locale\" content=\"pl_PL\" \/>\n<meta property=\"og:type\" content=\"article\" \/>\n<meta property=\"og:title\" content=\"Klub Lojalno\u015bciowy Go\u015bci Constantinou Bros Hotels - Formularz aktualizacji profilu - Constantinou Bros Hotels\" \/>\n<meta property=\"og:url\" content=\"https:\/\/www.cbh-cyprus.com\/pl\/contact-loyalty\/\" \/>\n<meta property=\"og:site_name\" content=\"Constantinou Bros Hotels\" \/>\n<meta name=\"twitter:card\" content=\"summary_large_image\" \/>\n<script type=\"application\/ld+json\" class=\"yoast-schema-graph\">{\"@context\":\"https:\\\/\\\/schema.org\",\"@graph\":[{\"@type\":\"WebPage\",\"@id\":\"https:\\\/\\\/www.cbh-cyprus.com\\\/pl\\\/contact-loyalty\\\/\",\"url\":\"https:\\\/\\\/www.cbh-cyprus.com\\\/pl\\\/contact-loyalty\\\/\",\"name\":\"Klub Lojalno\u015bciowy Go\u015bci Constantinou Bros Hotels - Formularz aktualizacji profilu - Constantinou Bros Hotels\",\"isPartOf\":{\"@id\":\"https:\\\/\\\/www.cbh-cyprus.com\\\/pl\\\/#website\"},\"primaryImageOfPage\":{\"@id\":\"https:\\\/\\\/www.cbh-cyprus.com\\\/pl\\\/contact-loyalty\\\/#primaryimage\"},\"image\":{\"@id\":\"https:\\\/\\\/www.cbh-cyprus.com\\\/pl\\\/contact-loyalty\\\/#primaryimage\"},\"thumbnailUrl\":\"https:\\\/\\\/www.cbh-cyprus.com\\\/app\\\/uploads\\\/sites\\\/30\\\/2025\\\/05\\\/41-ASIMINA-SUITES-HOTEL-KYMATA-RESTAURANT-scaled-1.avif\",\"datePublished\":\"2025-07-29T12:33:49+00:00\",\"breadcrumb\":{\"@id\":\"https:\\\/\\\/www.cbh-cyprus.com\\\/pl\\\/contact-loyalty\\\/#breadcrumb\"},\"inLanguage\":\"pl-PL\",\"potentialAction\":[{\"@type\":\"ReadAction\",\"target\":[\"https:\\\/\\\/www.cbh-cyprus.com\\\/pl\\\/contact-loyalty\\\/\"]}]},{\"@type\":\"ImageObject\",\"inLanguage\":\"pl-PL\",\"@id\":\"https:\\\/\\\/www.cbh-cyprus.com\\\/pl\\\/contact-loyalty\\\/#primaryimage\",\"url\":\"https:\\\/\\\/www.cbh-cyprus.com\\\/app\\\/uploads\\\/sites\\\/30\\\/2025\\\/05\\\/41-ASIMINA-SUITES-HOTEL-KYMATA-RESTAURANT-scaled-1.avif\",\"contentUrl\":\"https:\\\/\\\/www.cbh-cyprus.com\\\/app\\\/uploads\\\/sites\\\/30\\\/2025\\\/05\\\/41-ASIMINA-SUITES-HOTEL-KYMATA-RESTAURANT-scaled-1.avif\",\"width\":2560,\"height\":1707},{\"@type\":\"BreadcrumbList\",\"@id\":\"https:\\\/\\\/www.cbh-cyprus.com\\\/pl\\\/contact-loyalty\\\/#breadcrumb\",\"itemListElement\":[{\"@type\":\"ListItem\",\"position\":1,\"name\":\"Home\",\"item\":\"https:\\\/\\\/www.cbh-cyprus.com\\\/pl\\\/welcome-to-constantinou-bros-hotels\\\/\"},{\"@type\":\"ListItem\",\"position\":2,\"name\":\"Klub Lojalno\u015bciowy Go\u015bci Constantinou Bros Hotels &#8211; Formularz aktualizacji profilu\"}]},{\"@type\":\"WebSite\",\"@id\":\"https:\\\/\\\/www.cbh-cyprus.com\\\/pl\\\/#website\",\"url\":\"https:\\\/\\\/www.cbh-cyprus.com\\\/pl\\\/\",\"name\":\"Constantinou Bros Hotels\",\"description\":\"Constantinou Bros Hotels\",\"publisher\":{\"@id\":\"https:\\\/\\\/www.cbh-cyprus.com\\\/pl\\\/#organization\"},\"potentialAction\":[{\"@type\":\"SearchAction\",\"target\":{\"@type\":\"EntryPoint\",\"urlTemplate\":\"https:\\\/\\\/www.cbh-cyprus.com\\\/pl\\\/?s={search_term_string}\"},\"query-input\":{\"@type\":\"PropertyValueSpecification\",\"valueRequired\":true,\"valueName\":\"search_term_string\"}}],\"inLanguage\":\"pl-PL\"},{\"@type\":\"Organization\",\"@id\":\"https:\\\/\\\/www.cbh-cyprus.com\\\/pl\\\/#organization\",\"name\":\"Constantinou Bros Hotels\",\"url\":\"https:\\\/\\\/www.cbh-cyprus.com\\\/pl\\\/\",\"logo\":{\"@type\":\"ImageObject\",\"inLanguage\":\"pl-PL\",\"@id\":\"https:\\\/\\\/www.cbh-cyprus.com\\\/pl\\\/#\\\/schema\\\/logo\\\/image\\\/\",\"url\":\"https:\\\/\\\/www.cbh-cyprus.com\\\/app\\\/uploads\\\/sites\\\/30\\\/2020\\\/10\\\/cbh.jpg\",\"contentUrl\":\"https:\\\/\\\/www.cbh-cyprus.com\\\/app\\\/uploads\\\/sites\\\/30\\\/2020\\\/10\\\/cbh.jpg\",\"width\":1013,\"height\":419,\"caption\":\"Constantinou Bros Hotels\"},\"image\":{\"@id\":\"https:\\\/\\\/www.cbh-cyprus.com\\\/pl\\\/#\\\/schema\\\/logo\\\/image\\\/\"}}]}<\/script>\n<!-- \/ Yoast SEO plugin. -->","yoast_head_json":{"title":"Klub Lojalno\u015bciowy Go\u015bci Constantinou Bros Hotels - Formularz aktualizacji profilu - Constantinou Bros Hotels","robots":{"index":"index","follow":"follow","max-snippet":"max-snippet:-1","max-image-preview":"max-image-preview:large","max-video-preview":"max-video-preview:-1"},"canonical":"https:\/\/www.cbh-cyprus.com\/pl\/contact-loyalty\/","og_locale":"pl_PL","og_type":"article","og_title":"Klub Lojalno\u015bciowy Go\u015bci Constantinou Bros Hotels - Formularz aktualizacji profilu - Constantinou Bros Hotels","og_url":"https:\/\/www.cbh-cyprus.com\/pl\/contact-loyalty\/","og_site_name":"Constantinou Bros Hotels","twitter_card":"summary_large_image","schema":{"@context":"https:\/\/schema.org","@graph":[{"@type":"WebPage","@id":"https:\/\/www.cbh-cyprus.com\/pl\/contact-loyalty\/","url":"https:\/\/www.cbh-cyprus.com\/pl\/contact-loyalty\/","name":"Klub Lojalno\u015bciowy Go\u015bci Constantinou Bros Hotels - Formularz aktualizacji profilu - Constantinou Bros Hotels","isPartOf":{"@id":"https:\/\/www.cbh-cyprus.com\/pl\/#website"},"primaryImageOfPage":{"@id":"https:\/\/www.cbh-cyprus.com\/pl\/contact-loyalty\/#primaryimage"},"image":{"@id":"https:\/\/www.cbh-cyprus.com\/pl\/contact-loyalty\/#primaryimage"},"thumbnailUrl":"https:\/\/www.cbh-cyprus.com\/app\/uploads\/sites\/30\/2025\/05\/41-ASIMINA-SUITES-HOTEL-KYMATA-RESTAURANT-scaled-1.avif","datePublished":"2025-07-29T12:33:49+00:00","breadcrumb":{"@id":"https:\/\/www.cbh-cyprus.com\/pl\/contact-loyalty\/#breadcrumb"},"inLanguage":"pl-PL","potentialAction":[{"@type":"ReadAction","target":["https:\/\/www.cbh-cyprus.com\/pl\/contact-loyalty\/"]}]},{"@type":"ImageObject","inLanguage":"pl-PL","@id":"https:\/\/www.cbh-cyprus.com\/pl\/contact-loyalty\/#primaryimage","url":"https:\/\/www.cbh-cyprus.com\/app\/uploads\/sites\/30\/2025\/05\/41-ASIMINA-SUITES-HOTEL-KYMATA-RESTAURANT-scaled-1.avif","contentUrl":"https:\/\/www.cbh-cyprus.com\/app\/uploads\/sites\/30\/2025\/05\/41-ASIMINA-SUITES-HOTEL-KYMATA-RESTAURANT-scaled-1.avif","width":2560,"height":1707},{"@type":"BreadcrumbList","@id":"https:\/\/www.cbh-cyprus.com\/pl\/contact-loyalty\/#breadcrumb","itemListElement":[{"@type":"ListItem","position":1,"name":"Home","item":"https:\/\/www.cbh-cyprus.com\/pl\/welcome-to-constantinou-bros-hotels\/"},{"@type":"ListItem","position":2,"name":"Klub Lojalno\u015bciowy Go\u015bci Constantinou Bros Hotels &#8211; Formularz aktualizacji profilu"}]},{"@type":"WebSite","@id":"https:\/\/www.cbh-cyprus.com\/pl\/#website","url":"https:\/\/www.cbh-cyprus.com\/pl\/","name":"Constantinou Bros Hotels","description":"Constantinou Bros Hotels","publisher":{"@id":"https:\/\/www.cbh-cyprus.com\/pl\/#organization"},"potentialAction":[{"@type":"SearchAction","target":{"@type":"EntryPoint","urlTemplate":"https:\/\/www.cbh-cyprus.com\/pl\/?s={search_term_string}"},"query-input":{"@type":"PropertyValueSpecification","valueRequired":true,"valueName":"search_term_string"}}],"inLanguage":"pl-PL"},{"@type":"Organization","@id":"https:\/\/www.cbh-cyprus.com\/pl\/#organization","name":"Constantinou Bros Hotels","url":"https:\/\/www.cbh-cyprus.com\/pl\/","logo":{"@type":"ImageObject","inLanguage":"pl-PL","@id":"https:\/\/www.cbh-cyprus.com\/pl\/#\/schema\/logo\/image\/","url":"https:\/\/www.cbh-cyprus.com\/app\/uploads\/sites\/30\/2020\/10\/cbh.jpg","contentUrl":"https:\/\/www.cbh-cyprus.com\/app\/uploads\/sites\/30\/2020\/10\/cbh.jpg","width":1013,"height":419,"caption":"Constantinou Bros Hotels"},"image":{"@id":"https:\/\/www.cbh-cyprus.com\/pl\/#\/schema\/logo\/image\/"}}]}},"_links":{"self":[{"href":"https:\/\/www.cbh-cyprus.com\/pl\/wp-json\/wp\/v2\/pages\/45830","targetHints":{"allow":["GET"]}}],"collection":[{"href":"https:\/\/www.cbh-cyprus.com\/pl\/wp-json\/wp\/v2\/pages"}],"about":[{"href":"https:\/\/www.cbh-cyprus.com\/pl\/wp-json\/wp\/v2\/types\/page"}],"author":[{"embeddable":true,"href":"https:\/\/www.cbh-cyprus.com\/pl\/wp-json\/wp\/v2\/users\/100"}],"replies":[{"embeddable":true,"href":"https:\/\/www.cbh-cyprus.com\/pl\/wp-json\/wp\/v2\/comments?post=45830"}],"version-history":[{"count":0,"href":"https:\/\/www.cbh-cyprus.com\/pl\/wp-json\/wp\/v2\/pages\/45830\/revisions"}],"wp:featuredmedia":[{"embeddable":true,"href":"https:\/\/www.cbh-cyprus.com\/pl\/wp-json\/wp\/v2\/media\/44396"}],"wp:attachment":[{"href":"https:\/\/www.cbh-cyprus.com\/pl\/wp-json\/wp\/v2\/media?parent=45830"}],"curies":[{"name":"wp","href":"https:\/\/api.w.org\/{rel}","templated":true}]}}